{"id":1867,"date":"2026-04-30T01:46:59","date_gmt":"2026-04-29T17:46:59","guid":{"rendered":"https:\/\/glassouse.com\/?page_id=1867"},"modified":"2026-04-30T01:46:59","modified_gmt":"2026-04-29T17:46:59","slug":"money-back-guarantee","status":"publish","type":"page","link":"https:\/\/glassouse.com\/de\/money-back-guarantee\/","title":{"rendered":"Money Back Guarantee"},"content":{"rendered":"<div class=\"wpb-content-wrapper\"><div data-parent=\"true\" class=\"vc_row vc_custom_1649004907143 row-container\" style=\"padding-bottom: 0px ;\" id=\"row-unique-0\"><div class=\"row limit-width row-parent\"><div class=\"wpb_row row-inner\"><div class=\"wpb_column pos-top pos-center align_left column_parent col-lg-12 single-internal-gutter\"><div class=\"uncol style-light\"  ><div class=\"uncoltable\"><div class=\"uncell  vc_custom_1649004867867 one-block-padding\" style=\"padding-bottom: 0px ;\" ><div class=\"uncont\" ><div class=\"uncode-single-media  text-center\"><div class=\"single-wrapper\" style=\"max-width: 100%;\"><div class=\"tmb tmb-light  tmb-media-first tmb-media-last tmb-content-overlay tmb-no-bg\"><div class=\"t-inside\"><div class=\"t-entry-visual\"><div class=\"t-entry-visual-tc\"><div class=\"uncode-single-media-wrapper\"><img decoding=\"async\" class=\"wp-image-5087\" src=\"https:\/\/glassouse.com\/wp-content\/uploads\/2022\/04\/GlassOuse-banner-scaled.jpg\" width=\"2560\" height=\"844\" alt=\"GlassOuse 15-Days Trial - Return &amp; Refund Policy\" srcset=\"https:\/\/glassouse.com\/wp-content\/uploads\/2022\/04\/GlassOuse-banner-scaled.jpg 2560w, https:\/\/glassouse.com\/wp-content\/uploads\/2022\/04\/GlassOuse-banner-scaled-300x99.jpg 300w, https:\/\/glassouse.com\/wp-content\/uploads\/2022\/04\/GlassOuse-banner-1024x337.jpg 1024w, https:\/\/glassouse.com\/wp-content\/uploads\/2022\/04\/GlassOuse-banner-768x253.jpg 768w, https:\/\/glassouse.com\/wp-content\/uploads\/2022\/04\/GlassOuse-banner-1536x506.jpg 1536w, https:\/\/glassouse.com\/wp-content\/uploads\/2022\/04\/GlassOuse-banner-2048x675.jpg 2048w\" sizes=\"(max-width: 2560px) 100vw, 2560px\" \/><\/div>\n\t\t\t\t\t<\/div>\n\t\t\t\t<\/div><\/div><\/div><\/div><\/div><div class=\"uncode_text_column\" ><\/p>\n<p><img decoding=\"async\" class=\"alignnone size-full wp-image-214 aligncenter\" src=\"https:\/\/glassouse.com\/wp-content\/uploads\/2017\/11\/black.png\" alt=\"\" width=\"100\" height=\"4\" srcset=\"https:\/\/glassouse.com\/wp-content\/uploads\/2017\/11\/black.png 100w, https:\/\/glassouse.com\/wp-content\/uploads\/2017\/11\/black-75x4.png 75w\" sizes=\"(max-width: 100px) 100vw, 100px\" \/><\/p>\n<\/div><div class=\"uncode_text_column\" ><\/p>\n<h4 style=\"text-align: center;\">Alle GlassOuse-Produkte werden mit einer 15-t\u00e4gigen Testversion geliefert<\/h4>\n<p style=\"text-align: center;\">Nach dem Kauf auf der Website k\u00f6nnen Sie, wenn Sie Ihre Meinung \u00e4ndern und das Produkt innerhalb von 15 Tagen (ab Erhalt des Produkts) zur\u00fcckgeben m\u00f6chten, eine R\u00fcckgabe und R\u00fcckerstattung beantragen.<\/p>\n<p>\n<\/div><div class=\"uncode_text_column vc_custom_1650349700527\"  style=\"padding-bottom: 0px ;\"><\/p>\n<h4><strong>So geben Sie etwas zur\u00fcck und erhalten eine R\u00fcckerstattung<\/strong><\/h4>\n<ol>\n<li>Kontaktieren Sie unser Support-Team \u00fcber die Website oder per E-Mail \u2013 <a href=\"mailto:support@glassouse.com\">support@glassouse.com<\/a>. Bitte geben Sie Ihre Bestellnummer und den R\u00fccksendegrund an.<\/li>\n<li>Unser Team wird Ihnen die R\u00fccksendeanweisungen zusenden. Befolgen Sie diese Anweisungen und senden Sie das Produkt mit der Originalverpackung zur\u00fcck. Die Kosten f\u00fcr die R\u00fccksendung tragen Sie.<br \/>\n<strong>Hinweis:<\/strong> Bitte stellen Sie sicher, dass das Produkt unbesch\u00e4digt ist, da besch\u00e4digte Waren nicht erstattet werden.<\/li>\n<li>Sobald die Ware wieder in unserer Zentrale eingegangen ist, werden wir die R\u00fccksendung innerhalb von 7 Tagen einleiten.<\/li>\n<\/ol>\n<p>\n<\/div><\/div><\/div><\/div><\/div><\/div><script id=\"script-row-unique-0\" data-row=\"script-row-unique-0\" type=\"text\/javascript\" class=\"vc_controls\">UNCODE.initRow(document.getElementById(\"row-unique-0\"));<\/script><\/div><\/div><\/div><div data-parent=\"true\" class=\"vc_row vc_custom_1649004922471 row-container\" style=\"padding-top: 10px ;\" id=\"row-unique-1\"><div class=\"row limit-width row-parent\"><div class=\"wpb_row row-inner\"><div class=\"wpb_column pos-top pos-center align_left column_parent col-lg-12 single-internal-gutter\"><div class=\"uncol style-light\"  ><div class=\"uncoltable\"><div class=\"uncell no-block-padding\" ><div class=\"uncont\" ><div class=\"uncode-accordion wpb_accordion wpb_content_element  sign-size-rg w-border\" data-collapsible=\"no\" data-target=\"\" data-active-tab=\"0\" >\n\t\t<div class=\"panel-group wpb_wrapper wpb_accordion_wrapper\" id=\"accordion_711014386\" data-no-toggle=\"\">\n\n<div class=\"panel panel-default wpb_accordion_section group\"><div class=\"panel-heading wpb_accordion_header ui-accordion-header\"><p class=\"panel-title font-weight- text-   icon-size-rg\"><a data-toggle=\"collapse\" data-parent=\"#accordion_711014386\" href=\"#083c16d9-ea7a-6\"><span>Gibt es bei GlassOuse ein R\u00fcckgaberecht?<\/span><\/a><\/p><\/div><div id=\"083c16d9-ea7a-6\" class=\"panel-collapse collapse\"><div class=\"panel-body wpb_accordion_content ui-accordion-content half-internal-gutter single-block-padding\">\n\t\t\t\t\t\t<div class=\"uncode_text_column\" ><p>F\u00fcr alle GlassOuse-Produkte gilt eine 15-t\u00e4gige Probezeit ab dem Lieferdatum. Sollten Sie Ihre Meinung \u00e4ndern, k\u00f6nnen Sie die Ware in dem Zustand, in dem Sie sie erhalten haben, zur\u00fccksenden.<\/p>\n<\/div><\/div><\/div><\/div><div class=\"panel panel-default wpb_accordion_section group\"><div class=\"panel-heading wpb_accordion_header ui-accordion-header\"><p class=\"panel-title font-weight- text-   icon-size-rg\"><a data-toggle=\"collapse\" data-parent=\"#accordion_711014386\" href=\"#ded89cbf-a994-7\"><span>Kann ich einen Artikel zur\u00fcckgeben, wenn ich ihn benutzt habe?<\/span><\/a><\/p><\/div><div id=\"ded89cbf-a994-7\" class=\"panel-collapse collapse\"><div class=\"panel-body wpb_accordion_content ui-accordion-content half-internal-gutter single-block-padding\">\n\t\t\t\t\t\t<div class=\"uncode_text_column\" ><p>Absolut. Aber alle zur\u00fcckgegebenen Ger\u00e4te sollten ohne Fehlfunktionen und M\u00e4ngel f\u00fcr eine vollst\u00e4ndige R\u00fcckerstattung sein.<\/p>\n<\/div><\/div><\/div><\/div><div class=\"panel panel-default wpb_accordion_section group\"><div class=\"panel-heading wpb_accordion_header ui-accordion-header\"><p class=\"panel-title font-weight- text-   icon-size-rg\"><a data-toggle=\"collapse\" data-parent=\"#accordion_711014386\" href=\"#0928a723-1730-7\"><span>Wer bezahlt den R\u00fcckversand?<\/span><\/a><\/p><\/div><div id=\"0928a723-1730-7\" class=\"panel-collapse collapse\"><div class=\"panel-body wpb_accordion_content ui-accordion-content half-internal-gutter single-block-padding\">\n\t\t\t\t\t\t<div class=\"uncode_text_column\" ><p>Auch wenn GlassOuse eine vollst\u00e4ndige R\u00fcckerstattung f\u00fcr die Artikel anbietet, gehen die Kosten f\u00fcr den R\u00fcckversand zu Lasten des K\u00e4ufers.<\/p>\n<\/div><\/div><\/div><\/div><div class=\"panel panel-default wpb_accordion_section group\"><div class=\"panel-heading wpb_accordion_header ui-accordion-header\"><p class=\"panel-title font-weight- text-   icon-size-rg\"><a data-toggle=\"collapse\" data-parent=\"#accordion_711014386\" href=\"#db439506-05f3-2\"><span>Wann erhalte ich meine R\u00fcckerstattung?<\/span><\/a><\/p><\/div><div id=\"db439506-05f3-2\" class=\"panel-collapse collapse\"><div class=\"panel-body wpb_accordion_content ui-accordion-content half-internal-gutter single-block-padding\">\n\t\t\t\t\t\t<div class=\"uncode_text_column\" ><p>Ihre R\u00fcckerstattung wird 7 (sieben) Werktage nach Erhalt des zur\u00fcckgesandten Ger\u00e4ts in dem Zustand, in dem es empfangen wurde \u2013 ohne Fehlfunktionen und M\u00e4ngel \u2013 bearbeitet. Hinweis: Der R\u00fcckerstattungsbetrag umfasst nur die Ger\u00e4tekosten und nicht die Versandkosten.<\/p>\n<\/div><\/div><\/div><\/div><div class=\"panel panel-default wpb_accordion_section group\"><div class=\"panel-heading wpb_accordion_header ui-accordion-header\"><p class=\"panel-title font-weight- text-   icon-size-rg\"><a data-toggle=\"collapse\" data-parent=\"#accordion_711014386\" href=\"#1650406264098-5-3\"><span>Gibt es eine R\u00fcckerstattungsgeb\u00fchr?<\/span><\/a><\/p><\/div><div id=\"1650406264098-5-3\" class=\"panel-collapse collapse\"><div class=\"panel-body wpb_accordion_content ui-accordion-content half-internal-gutter single-block-padding\">\n\t\t\t\t\t\t<div class=\"uncode_text_column\" ><p>Wir werden eine R\u00fcckerstattung des gesamten von Ihnen gezahlten Betrags veranlassen. Allerdings werden von den Zahlungssystemen etwa 3,6\u20134,1 % des Gesamtbetrags als Geb\u00fchr einbehalten. Wenn Sie beispielsweise beim Kauf 100 \u20ac bezahlt haben, erhalten Sie etwa 96 \u20ac zur\u00fcck.<\/p>\n<\/div><\/div><\/div><\/div>\n\t\t<\/div><\/div><\/div><\/div><\/div><\/div><\/div><script id=\"script-row-unique-1\" data-row=\"script-row-unique-1\" type=\"text\/javascript\" class=\"vc_controls\">UNCODE.initRow(document.getElementById(\"row-unique-1\"));<\/script><\/div><\/div><\/div>\n<\/div>","protected":false},"excerpt":{"rendered":"All GlassOuse products come with a 15-days trial After purchasing from the website, if you change your mind and decide [...]","protected":false},"author":1,"featured_media":0,"parent":0,"menu_order":24,"comment_status":"closed","ping_status":"closed","template":"","meta":{"_acf_changed":false,"footnotes":""},"class_list":["post-1867","page","type-page","status-publish","hentry"],"acf":[],"yoast_head":"<!-- This site is optimized with the Yoast SEO plugin v27.6 - https:\/\/yoast.com\/product\/yoast-seo-wordpress\/ -->\n<title>Money Back Guarantee - Glassouse Assistive Device<\/title>\n<meta name=\"description\" content=\"Try GlassOuse &amp; G-Switch Series for 15 days now with Money Back Guarantee program. Order your demo assistive device now within minutes.\" \/>\n<meta name=\"robots\" content=\"index, follow, max-snippet:-1, max-image-preview:large, max-video-preview:-1\" \/>\n<link rel=\"canonical\" href=\"https:\/\/glassouse.com\/de\/money-back-guarantee\/\" \/>\n<meta property=\"og:locale\" content=\"de_DE\" \/>\n<meta property=\"og:type\" content=\"article\" \/>\n<meta property=\"og:title\" content=\"Money Back Guarantee - Glassouse Assistive Device\" \/>\n<meta property=\"og:description\" content=\"Try GlassOuse &amp; G-Switch Series for 15 days now with Money Back Guarantee program. Order your demo assistive device now within minutes.\" \/>\n<meta property=\"og:url\" content=\"https:\/\/glassouse.com\/de\/money-back-guarantee\/\" \/>\n<meta property=\"og:site_name\" content=\"Glassouse Assistive Device\" \/>\n<meta property=\"article:publisher\" content=\"https:\/\/www.facebook.com\/glassouse\/\" \/>\n<meta property=\"og:image\" content=\"https:\/\/glassouse.com\/wp-content\/uploads\/2017\/11\/black.png\" \/>\n\t<meta property=\"og:image:width\" content=\"100\" \/>\n\t<meta property=\"og:image:height\" content=\"4\" \/>\n\t<meta property=\"og:image:type\" content=\"image\/png\" \/>\n<meta name=\"twitter:card\" content=\"summary_large_image\" \/>\n<meta name=\"twitter:site\" content=\"@glassouse\" \/>\n<meta name=\"twitter:label1\" content=\"Gesch\u00e4tzte Lesezeit\" \/>\n\t<meta name=\"twitter:data1\" content=\"2\u00a0Minuten\" \/>\n<script type=\"application\/ld+json\" class=\"yoast-schema-graph\">{\"@context\":\"https:\\\/\\\/schema.org\",\"@graph\":[{\"@type\":\"WebPage\",\"@id\":\"https:\\\/\\\/glassouse.com\\\/money-back-guarantee\\\/\",\"url\":\"https:\\\/\\\/glassouse.com\\\/money-back-guarantee\\\/\",\"name\":\"Money Back Guarantee - Glassouse Assistive Device\",\"isPartOf\":{\"@id\":\"https:\\\/\\\/glassouse.com\\\/#website\"},\"primaryImageOfPage\":{\"@id\":\"https:\\\/\\\/glassouse.com\\\/money-back-guarantee\\\/#primaryimage\"},\"image\":{\"@id\":\"https:\\\/\\\/glassouse.com\\\/money-back-guarantee\\\/#primaryimage\"},\"thumbnailUrl\":\"https:\\\/\\\/glassouse.com\\\/wp-content\\\/uploads\\\/2017\\\/11\\\/black.png\",\"datePublished\":\"2026-04-29T17:46:59+00:00\",\"description\":\"Try GlassOuse & G-Switch Series for 15 days now with Money Back Guarantee program. Order your demo assistive device now within minutes.\",\"breadcrumb\":{\"@id\":\"https:\\\/\\\/glassouse.com\\\/money-back-guarantee\\\/#breadcrumb\"},\"inLanguage\":\"de\",\"potentialAction\":[{\"@type\":\"ReadAction\",\"target\":[\"https:\\\/\\\/glassouse.com\\\/money-back-guarantee\\\/\"]}]},{\"@type\":\"ImageObject\",\"inLanguage\":\"de\",\"@id\":\"https:\\\/\\\/glassouse.com\\\/money-back-guarantee\\\/#primaryimage\",\"url\":\"https:\\\/\\\/glassouse.com\\\/wp-content\\\/uploads\\\/2017\\\/11\\\/black.png\",\"contentUrl\":\"https:\\\/\\\/glassouse.com\\\/wp-content\\\/uploads\\\/2017\\\/11\\\/black.png\"},{\"@type\":\"BreadcrumbList\",\"@id\":\"https:\\\/\\\/glassouse.com\\\/money-back-guarantee\\\/#breadcrumb\",\"itemListElement\":[{\"@type\":\"ListItem\",\"position\":1,\"name\":\"Home\",\"item\":\"https:\\\/\\\/glassouse.com\\\/\"},{\"@type\":\"ListItem\",\"position\":2,\"name\":\"Money Back Guarantee\"}]},{\"@type\":\"WebSite\",\"@id\":\"https:\\\/\\\/glassouse.com\\\/#website\",\"url\":\"https:\\\/\\\/glassouse.com\\\/\",\"name\":\"Glassouse Assistive Device\",\"description\":\"Assistive Device and Switches for Disabled\",\"publisher\":{\"@id\":\"https:\\\/\\\/glassouse.com\\\/#organization\"},\"potentialAction\":[{\"@type\":\"SearchAction\",\"target\":{\"@type\":\"EntryPoint\",\"urlTemplate\":\"https:\\\/\\\/glassouse.com\\\/?s={search_term_string}\"},\"query-input\":{\"@type\":\"PropertyValueSpecification\",\"valueRequired\":true,\"valueName\":\"search_term_string\"}}],\"inLanguage\":\"de\"},{\"@type\":\"Organization\",\"@id\":\"https:\\\/\\\/glassouse.com\\\/#organization\",\"name\":\"GlassOuse Assistive Device\",\"url\":\"https:\\\/\\\/glassouse.com\\\/\",\"logo\":{\"@type\":\"ImageObject\",\"inLanguage\":\"de\",\"@id\":\"https:\\\/\\\/glassouse.com\\\/#\\\/schema\\\/logo\\\/image\\\/\",\"url\":\"https:\\\/\\\/glassouse.com\\\/wp-content\\\/uploads\\\/2017\\\/11\\\/logo.jpg\",\"contentUrl\":\"https:\\\/\\\/glassouse.com\\\/wp-content\\\/uploads\\\/2017\\\/11\\\/logo.jpg\",\"width\":500,\"height\":500,\"caption\":\"GlassOuse Assistive Device\"},\"image\":{\"@id\":\"https:\\\/\\\/glassouse.com\\\/#\\\/schema\\\/logo\\\/image\\\/\"},\"sameAs\":[\"https:\\\/\\\/www.facebook.com\\\/glassouse\\\/\",\"https:\\\/\\\/x.com\\\/glassouse\",\"https:\\\/\\\/www.instagram.com\\\/glassouseassistivedevice\\\/\",\"https:\\\/\\\/www.linkedin.com\\\/company\\\/glassouse\\\/\",\"https:\\\/\\\/www.youtube.com\\\/channel\\\/UCM5pebcmVXbu00QYd91_Gyw\"]}]}<\/script>\n<!-- \/ Yoast SEO plugin. -->","yoast_head_json":{"title":"Money Back Guarantee - Glassouse Assistive Device","description":"Try GlassOuse & G-Switch Series for 15 days now with Money Back Guarantee program. Order your demo assistive device now within minutes.","robots":{"index":"index","follow":"follow","max-snippet":"max-snippet:-1","max-image-preview":"max-image-preview:large","max-video-preview":"max-video-preview:-1"},"canonical":"https:\/\/glassouse.com\/de\/money-back-guarantee\/","og_locale":"de_DE","og_type":"article","og_title":"Money Back Guarantee - Glassouse Assistive Device","og_description":"Try GlassOuse & G-Switch Series for 15 days now with Money Back Guarantee program. Order your demo assistive device now within minutes.","og_url":"https:\/\/glassouse.com\/de\/money-back-guarantee\/","og_site_name":"Glassouse Assistive Device","article_publisher":"https:\/\/www.facebook.com\/glassouse\/","og_image":[{"width":100,"height":4,"url":"https:\/\/glassouse.com\/wp-content\/uploads\/2017\/11\/black.png","type":"image\/png"}],"twitter_card":"summary_large_image","twitter_site":"@glassouse","twitter_misc":{"Gesch\u00e4tzte Lesezeit":"2\u00a0Minuten"},"schema":{"@context":"https:\/\/schema.org","@graph":[{"@type":"WebPage","@id":"https:\/\/glassouse.com\/money-back-guarantee\/","url":"https:\/\/glassouse.com\/money-back-guarantee\/","name":"Money Back Guarantee - Glassouse Assistive Device","isPartOf":{"@id":"https:\/\/glassouse.com\/#website"},"primaryImageOfPage":{"@id":"https:\/\/glassouse.com\/money-back-guarantee\/#primaryimage"},"image":{"@id":"https:\/\/glassouse.com\/money-back-guarantee\/#primaryimage"},"thumbnailUrl":"https:\/\/glassouse.com\/wp-content\/uploads\/2017\/11\/black.png","datePublished":"2026-04-29T17:46:59+00:00","description":"Try GlassOuse & G-Switch Series for 15 days now with Money Back Guarantee program. Order your demo assistive device now within minutes.","breadcrumb":{"@id":"https:\/\/glassouse.com\/money-back-guarantee\/#breadcrumb"},"inLanguage":"de","potentialAction":[{"@type":"ReadAction","target":["https:\/\/glassouse.com\/money-back-guarantee\/"]}]},{"@type":"ImageObject","inLanguage":"de","@id":"https:\/\/glassouse.com\/money-back-guarantee\/#primaryimage","url":"https:\/\/glassouse.com\/wp-content\/uploads\/2017\/11\/black.png","contentUrl":"https:\/\/glassouse.com\/wp-content\/uploads\/2017\/11\/black.png"},{"@type":"BreadcrumbList","@id":"https:\/\/glassouse.com\/money-back-guarantee\/#breadcrumb","itemListElement":[{"@type":"ListItem","position":1,"name":"Home","item":"https:\/\/glassouse.com\/"},{"@type":"ListItem","position":2,"name":"Money Back Guarantee"}]},{"@type":"WebSite","@id":"https:\/\/glassouse.com\/#website","url":"https:\/\/glassouse.com\/","name":"Glassouse Hilfsmittels","description":"Hilfsmittel und Schalter f\u00fcr Behinderte","publisher":{"@id":"https:\/\/glassouse.com\/#organization"},"potentialAction":[{"@type":"SearchAction","target":{"@type":"EntryPoint","urlTemplate":"https:\/\/glassouse.com\/?s={search_term_string}"},"query-input":{"@type":"PropertyValueSpecification","valueRequired":true,"valueName":"search_term_string"}}],"inLanguage":"de"},{"@type":"Organization","@id":"https:\/\/glassouse.com\/#organization","name":"GlassOuse Hilfsmittel","url":"https:\/\/glassouse.com\/","logo":{"@type":"ImageObject","inLanguage":"de","@id":"https:\/\/glassouse.com\/#\/schema\/logo\/image\/","url":"https:\/\/glassouse.com\/wp-content\/uploads\/2017\/11\/logo.jpg","contentUrl":"https:\/\/glassouse.com\/wp-content\/uploads\/2017\/11\/logo.jpg","width":500,"height":500,"caption":"GlassOuse Assistive Device"},"image":{"@id":"https:\/\/glassouse.com\/#\/schema\/logo\/image\/"},"sameAs":["https:\/\/www.facebook.com\/glassouse\/","https:\/\/x.com\/glassouse","https:\/\/www.instagram.com\/glassouseassistivedevice\/","https:\/\/www.linkedin.com\/company\/glassouse\/","https:\/\/www.youtube.com\/channel\/UCM5pebcmVXbu00QYd91_Gyw"]}]}},"_links":{"self":[{"href":"https:\/\/glassouse.com\/de\/wp-json\/wp\/v2\/pages\/1867","targetHints":{"allow":["GET"]}}],"collection":[{"href":"https:\/\/glassouse.com\/de\/wp-json\/wp\/v2\/pages"}],"about":[{"href":"https:\/\/glassouse.com\/de\/wp-json\/wp\/v2\/types\/page"}],"author":[{"embeddable":true,"href":"https:\/\/glassouse.com\/de\/wp-json\/wp\/v2\/users\/1"}],"replies":[{"embeddable":true,"href":"https:\/\/glassouse.com\/de\/wp-json\/wp\/v2\/comments?post=1867"}],"version-history":[{"count":1,"href":"https:\/\/glassouse.com\/de\/wp-json\/wp\/v2\/pages\/1867\/revisions"}],"predecessor-version":[{"id":43021,"href":"https:\/\/glassouse.com\/de\/wp-json\/wp\/v2\/pages\/1867\/revisions\/43021"}],"wp:attachment":[{"href":"https:\/\/glassouse.com\/de\/wp-json\/wp\/v2\/media?parent=1867"}],"curies":[{"name":"wp","href":"https:\/\/api.w.org\/{rel}","templated":true}]}}