{"id":26867,"date":"2018-04-09T12:47:45","date_gmt":"2018-04-09T04:47:45","guid":{"rendered":"https:\/\/glassouse.com\/geld-zurueck-garantie\/"},"modified":"2026-04-27T16:55:13","modified_gmt":"2026-04-27T08:55:13","slug":"geld-zurueck-garantie","status":"publish","type":"page","link":"https:\/\/glassouse.com\/de\/geld-zurueck-garantie\/","title":{"rendered":"Geld-zur\u00fcck-Garantie"},"content":{"rendered":"<div class=\"wpb-content-wrapper\"><p>[vc_row row_height_percent=&#8220;0&#8243; overlay_alpha=&#8220;50&#8243; gutter_size=&#8220;3&#8243; column_width_percent=&#8220;100&#8243; shift_y=&#8220;0&#8243; z_index=&#8220;0&#8243; uncode_shortcode_id=&#8220;144508&#8243; css=&#8220;.vc_custom_1649004907143{padding-bottom: 0px !important;}&#8220;][vc_column column_width_percent=&#8220;100&#8243; gutter_size=&#8220;3&#8243; override_padding=&#8220;yes&#8220; column_padding=&#8220;1&#8243; overlay_alpha=&#8220;50&#8243; shift_x=&#8220;0&#8243; shift_y=&#8220;0&#8243; shift_y_down=&#8220;0&#8243; z_index=&#8220;0&#8243; medium_width=&#8220;0&#8243; mobile_width=&#8220;0&#8243; width=&#8220;1\/1&#8243; uncode_shortcode_id=&#8220;167546&#8243; css=&#8220;.vc_custom_1649004867867{padding-bottom: 0px !important;}&#8220;][vc_single_image media=&#8220;26869&#8243; media_width_percent=&#8220;100&#8243; alignment=&#8220;center&#8220; uncode_shortcode_id=&#8220;168334&#8243;][vc_column_text uncode_shortcode_id=&#8220;998297&#8243;]<\/p>\n<p><img decoding=\"async\" class=\"alignnone size-full wp-image-214 aligncenter\" src=\"https:\/\/glassouse.com\/wp-content\/uploads\/2017\/11\/black.png\" alt=\"\" width=\"100\" height=\"4\" srcset=\"https:\/\/glassouse.com\/wp-content\/uploads\/2017\/11\/black.png 100w, https:\/\/glassouse.com\/wp-content\/uploads\/2017\/11\/black-75x4.png 75w\" sizes=\"(max-width: 100px) 100vw, 100px\" \/>[\/vc_column_text][vc_column_text uncode_shortcode_id=&#8220;579978&#8243;]<\/p>\n<h4 style=\"text-align: center;\">Alle GlassOuse Produkte werden mit einer 15-t\u00e4gigen Testversion geliefert.<\/h4>\n<p style=\"text-align: center;\">Wenn Sie nach dem Kauf auf der Website Ihre Meinung \u00e4ndern und das Produkt innerhalb von 15 Tagen (ab dem Tag, an dem Sie das Produkt erhalten haben) zur\u00fcckgeben m\u00f6chten, k\u00f6nnen Sie eine R\u00fcckgabe und R\u00fcckerstattung beantragen.<\/p>\n<p>[\/vc_column_text][vc_column_text uncode_shortcode_id=&#8220;195375&#8243; css=&#8220;.vc_custom_1650349700527{padding-bottom: 0px !important;}&#8220;]<\/p>\n<h4><strong>R\u00fcckgabe und R\u00fcckerstattung<\/strong><\/h4>\n<ol>\n<li>Kontaktieren Sie unser Support-Team \u00fcber die Website oder per E-Mail &#8211; <a href=\"mailto:support@glassouse.com\">support@glassouse.com.<\/a> Bitte geben Sie Ihre Bestellnummer und den Grund f\u00fcr die R\u00fcckgabe an. <\/li>\n<li>Unser Team wird Ihnen die R\u00fcckgabeanweisungen zusenden. Befolgen Sie diese Anweisungen und senden Sie das Produkt in der Originalverpackung zur\u00fcck. Die Kosten f\u00fcr die R\u00fccksendung werden von Ihnen getragen.<br \/>\n<strong>Hinweis:<\/strong> Bitte vergewissern Sie sich, dass das Produkt nicht besch\u00e4digt ist, da f\u00fcr besch\u00e4digte Waren keine R\u00fcckerstattung gew\u00e4hrt wird.<\/li>\n<li>Sobald die Ware in unserer Zentrale eingetroffen ist, leiten wir die R\u00fcckgabe innerhalb von 7 Tagen ein.<\/li>\n<\/ol>\n<p>[\/vc_column_text][\/vc_column][\/vc_row][vc_row row_height_percent=&#8220;0&#8243; overlay_alpha=&#8220;50&#8243; gutter_size=&#8220;3&#8243; column_width_percent=&#8220;100&#8243; shift_y=&#8220;0&#8243; z_index=&#8220;0&#8243; uncode_shortcode_id=&#8220;420806&#8243; css=&#8220;.vc_custom_1649004922471{padding-top: 10px !important;}&#8220;][vc_column width=&#8220;1\/1&#8243;][vc_accordion active_tab=&#8220;0&#8243;][vc_accordion_tab title=&#8220;Hat GlassOuse ein R\u00fcckgaberecht?&#8220; tab_id=&#8220;083c16d9-ea7a-6&#8243;][vc_column_text]F\u00fcr alle GlassOuse-Produkte gilt eine 15-t\u00e4gige Probezeit ab dem Lieferdatum. Sie k\u00f6nnen einen Artikel in dem Zustand zur\u00fcckgeben, in dem Sie ihn erhalten haben, wenn Sie Ihre Meinung \u00e4ndern.[\/vc_column_text][\/vc_accordion_tab][vc_accordion_tab title=&#8220;Kann ich einen Artikel zur\u00fcckgeben, wenn ich ihn benutzt habe?&#8220; tab_id=&#8220;ded89cbf-a994-7&#8243;][vc_column_text]Ja, nat\u00fcrlich. Aber alle zur\u00fcckgegebenen Ger\u00e4te sollten ohne Fehlfunktion und Defekte sein, um eine volle R\u00fcckerstattung zu erhalten.[\/vc_column_text][\/vc_accordion_tab][vc_accordion_tab title=&#8220;Wer bezahlt den R\u00fcckversand?&#8220; tab_id=&#8220;0928a723-1730-7&#8243;][vc_column_text]Auch wenn GlassOuse eine volle R\u00fcckerstattung f\u00fcr die Artikel anbietet, gehen die Kosten f\u00fcr die R\u00fccksendung zu Lasten des K\u00e4ufers.[\/vc_column_text][\/vc_accordion_tab][vc_accordion_tab title=&#8220;Wann erhalte ich meine R\u00fcckerstattung?&#8220; tab_id=&#8220;db439506-05f3-2&#8243;][vc_column_text]Die Auszahlung der R\u00fcckerstattung erfolgt innerhalb von 7 (sieben) Werktagen, nachdem das zur\u00fcckgegebene Ger\u00e4t in dem Zustand geliefert wurde, in dem Sie es erhalten haben &#8211; ohne Fehlfunktionen und Defekte. Hinweis &#8211; Der Erstattungsbetrag umfasst nur die Kosten f\u00fcr das Ger\u00e4t und nicht die Versandkosten.[\/vc_column_text][\/vc_accordion_tab][vc_accordion_tab gutter_size=&#8220;2&#8243; column_padding=&#8220;2&#8243; title=&#8220;Gibt es eine R\u00fcckerstattungsgeb\u00fchr?&#8220; tab_id=&#8220;1650406264098-5-3&#8243;][vc_column_text uncode_shortcode_id=&#8220;142636&#8243;]Wir veranlassen die R\u00fcckerstattung des gesamten von Ihnen gezahlten Betrags. Allerdings werden etwa 3,6-4% der Gesamtzahlung \u00fcber die Zahlungssysteme als Geb\u00fchr abgezogen. Wenn Sie z.B. beim Kauf $100 bezahlt haben, erhalten Sie etwa $96 zur\u00fcck.[\/vc_column_text][\/vc_accordion_tab][\/vc_accordion][\/vc_column][\/vc_row]<\/p>\n<\/div>","protected":false},"excerpt":{"rendered":"<p>[vc_row row_height_percent=&#8220;0&#8243; overlay_alpha=&#8220;50&#8243; gutter_size=&#8220;3&#8243; column_width_percent=&#8220;100&#8243; shift_y=&#8220;0&#8243; z_index=&#8220;0&#8243; uncode_shortcode_id=&#8220;144508&#8243; css=&#8220;.vc_custom_1649004907143{padding-bottom: 0px !important;}&#8220;][vc_column column_width_percent=&#8220;100&#8243; gutter_size=&#8220;3&#8243; override_padding=&#8220;yes&#8220; column_padding=&#8220;1&#8243; overlay_alpha=&#8220;50&#8243; shift_x=&#8220;0&#8243; shift_y=&#8220;0&#8243; shift_y_down=&#8220;0&#8243; z_index=&#8220;0&#8243; [&hellip;]<\/p>\n","protected":false},"author":1,"featured_media":0,"parent":0,"menu_order":24,"comment_status":"closed","ping_status":"closed","template":"","meta":{"_acf_changed":false,"footnotes":""},"class_list":["post-26867","page","type-page","status-publish","hentry"],"acf":[],"yoast_head":"<!-- This site is optimized with the Yoast SEO plugin v27.4 - https:\/\/yoast.com\/product\/yoast-seo-wordpress\/ -->\n<title>Geld-zur\u00fcck-Garantie - Glassouse Assistive Device<\/title>\n<meta name=\"description\" content=\"Testen Sie GlassOuse &amp; G-Switch Series jetzt 15 Tage lang mit Geld-zur\u00fcck-Garantie. Bestellen Sie Ihr Demo-Hilfsmittel jetzt innerhalb weniger Minuten.\" \/>\n<meta name=\"robots\" content=\"index, follow, max-snippet:-1, max-image-preview:large, max-video-preview:-1\" \/>\n<link rel=\"canonical\" href=\"https:\/\/glassouse.com\/de\/geld-zurueck-garantie\/\" \/>\n<meta property=\"og:locale\" content=\"de_DE\" \/>\n<meta property=\"og:type\" content=\"article\" \/>\n<meta property=\"og:title\" content=\"Geld-zur\u00fcck-Garantie - Glassouse Assistive Device\" \/>\n<meta property=\"og:description\" content=\"Testen Sie GlassOuse &amp; G-Switch Series jetzt 15 Tage lang mit Geld-zur\u00fcck-Garantie. Bestellen Sie Ihr Demo-Hilfsmittel jetzt innerhalb weniger Minuten.\" \/>\n<meta property=\"og:url\" content=\"https:\/\/glassouse.com\/de\/geld-zurueck-garantie\/\" \/>\n<meta property=\"og:site_name\" content=\"Glassouse Assistive Device\" \/>\n<meta property=\"article:publisher\" content=\"https:\/\/www.facebook.com\/glassouse\/\" \/>\n<meta property=\"article:modified_time\" content=\"2026-04-27T08:55:13+00:00\" \/>\n<meta property=\"og:image\" content=\"https:\/\/glassouse.com\/wp-content\/uploads\/2017\/11\/black.png\" \/>\n\t<meta property=\"og:image:width\" content=\"100\" \/>\n\t<meta property=\"og:image:height\" content=\"4\" \/>\n\t<meta property=\"og:image:type\" content=\"image\/png\" \/>\n<meta name=\"twitter:card\" content=\"summary_large_image\" \/>\n<meta name=\"twitter:site\" content=\"@glassouse\" \/>\n<meta name=\"twitter:label1\" content=\"Gesch\u00e4tzte Lesezeit\" \/>\n\t<meta name=\"twitter:data1\" content=\"3\u00a0Minuten\" \/>\n<script type=\"application\/ld+json\" class=\"yoast-schema-graph\">{\"@context\":\"https:\\\/\\\/schema.org\",\"@graph\":[{\"@type\":\"WebPage\",\"@id\":\"https:\\\/\\\/glassouse.com\\\/de\\\/geld-zurueck-garantie\\\/\",\"url\":\"https:\\\/\\\/glassouse.com\\\/de\\\/geld-zurueck-garantie\\\/\",\"name\":\"Geld-zur\u00fcck-Garantie - Glassouse Assistive Device\",\"isPartOf\":{\"@id\":\"https:\\\/\\\/glassouse.com\\\/de\\\/#website\"},\"primaryImageOfPage\":{\"@id\":\"https:\\\/\\\/glassouse.com\\\/de\\\/geld-zurueck-garantie\\\/#primaryimage\"},\"image\":{\"@id\":\"https:\\\/\\\/glassouse.com\\\/de\\\/geld-zurueck-garantie\\\/#primaryimage\"},\"thumbnailUrl\":\"https:\\\/\\\/glassouse.com\\\/wp-content\\\/uploads\\\/2017\\\/11\\\/black.png\",\"datePublished\":\"2018-04-09T04:47:45+00:00\",\"dateModified\":\"2026-04-27T08:55:13+00:00\",\"description\":\"Testen Sie GlassOuse & G-Switch Series jetzt 15 Tage lang mit Geld-zur\u00fcck-Garantie. Bestellen Sie Ihr Demo-Hilfsmittel jetzt innerhalb weniger Minuten.\",\"breadcrumb\":{\"@id\":\"https:\\\/\\\/glassouse.com\\\/de\\\/geld-zurueck-garantie\\\/#breadcrumb\"},\"inLanguage\":\"de\",\"potentialAction\":[{\"@type\":\"ReadAction\",\"target\":[\"https:\\\/\\\/glassouse.com\\\/de\\\/geld-zurueck-garantie\\\/\"]}]},{\"@type\":\"ImageObject\",\"inLanguage\":\"de\",\"@id\":\"https:\\\/\\\/glassouse.com\\\/de\\\/geld-zurueck-garantie\\\/#primaryimage\",\"url\":\"https:\\\/\\\/glassouse.com\\\/wp-content\\\/uploads\\\/2017\\\/11\\\/black.png\",\"contentUrl\":\"https:\\\/\\\/glassouse.com\\\/wp-content\\\/uploads\\\/2017\\\/11\\\/black.png\"},{\"@type\":\"BreadcrumbList\",\"@id\":\"https:\\\/\\\/glassouse.com\\\/de\\\/geld-zurueck-garantie\\\/#breadcrumb\",\"itemListElement\":[{\"@type\":\"ListItem\",\"position\":1,\"name\":\"Home\",\"item\":\"https:\\\/\\\/glassouse.com\\\/de\\\/startseite\\\/\"},{\"@type\":\"ListItem\",\"position\":2,\"name\":\"Geld-zur\u00fcck-Garantie\"}]},{\"@type\":\"WebSite\",\"@id\":\"https:\\\/\\\/glassouse.com\\\/de\\\/#website\",\"url\":\"https:\\\/\\\/glassouse.com\\\/de\\\/\",\"name\":\"Glassouse Assistive Device\",\"description\":\"Assistive Device and Switches for Disabled\",\"publisher\":{\"@id\":\"https:\\\/\\\/glassouse.com\\\/de\\\/#organization\"},\"potentialAction\":[{\"@type\":\"SearchAction\",\"target\":{\"@type\":\"EntryPoint\",\"urlTemplate\":\"https:\\\/\\\/glassouse.com\\\/de\\\/?s={search_term_string}\"},\"query-input\":{\"@type\":\"PropertyValueSpecification\",\"valueRequired\":true,\"valueName\":\"search_term_string\"}}],\"inLanguage\":\"de\"},{\"@type\":\"Organization\",\"@id\":\"https:\\\/\\\/glassouse.com\\\/de\\\/#organization\",\"name\":\"GlassOuse Assistive Device\",\"url\":\"https:\\\/\\\/glassouse.com\\\/de\\\/\",\"logo\":{\"@type\":\"ImageObject\",\"inLanguage\":\"de\",\"@id\":\"https:\\\/\\\/glassouse.com\\\/de\\\/#\\\/schema\\\/logo\\\/image\\\/\",\"url\":\"https:\\\/\\\/glassouse.com\\\/wp-content\\\/uploads\\\/2017\\\/11\\\/logo.jpg\",\"contentUrl\":\"https:\\\/\\\/glassouse.com\\\/wp-content\\\/uploads\\\/2017\\\/11\\\/logo.jpg\",\"width\":500,\"height\":500,\"caption\":\"GlassOuse Assistive Device\"},\"image\":{\"@id\":\"https:\\\/\\\/glassouse.com\\\/de\\\/#\\\/schema\\\/logo\\\/image\\\/\"},\"sameAs\":[\"https:\\\/\\\/www.facebook.com\\\/glassouse\\\/\",\"https:\\\/\\\/x.com\\\/glassouse\",\"https:\\\/\\\/www.instagram.com\\\/glassouseassistivedevice\\\/\",\"https:\\\/\\\/www.linkedin.com\\\/company\\\/glassouse\\\/\",\"https:\\\/\\\/www.youtube.com\\\/channel\\\/UCM5pebcmVXbu00QYd91_Gyw\"]}]}<\/script>\n<!-- \/ Yoast SEO plugin. -->","yoast_head_json":{"title":"Geld-zur\u00fcck-Garantie - Glassouse Assistive Device","description":"Testen Sie GlassOuse & G-Switch Series jetzt 15 Tage lang mit Geld-zur\u00fcck-Garantie. Bestellen Sie Ihr Demo-Hilfsmittel jetzt innerhalb weniger Minuten.","robots":{"index":"index","follow":"follow","max-snippet":"max-snippet:-1","max-image-preview":"max-image-preview:large","max-video-preview":"max-video-preview:-1"},"canonical":"https:\/\/glassouse.com\/de\/geld-zurueck-garantie\/","og_locale":"de_DE","og_type":"article","og_title":"Geld-zur\u00fcck-Garantie - Glassouse Assistive Device","og_description":"Testen Sie GlassOuse & G-Switch Series jetzt 15 Tage lang mit Geld-zur\u00fcck-Garantie. Bestellen Sie Ihr Demo-Hilfsmittel jetzt innerhalb weniger Minuten.","og_url":"https:\/\/glassouse.com\/de\/geld-zurueck-garantie\/","og_site_name":"Glassouse Assistive Device","article_publisher":"https:\/\/www.facebook.com\/glassouse\/","article_modified_time":"2026-04-27T08:55:13+00:00","og_image":[{"width":100,"height":4,"url":"https:\/\/glassouse.com\/wp-content\/uploads\/2017\/11\/black.png","type":"image\/png"}],"twitter_card":"summary_large_image","twitter_site":"@glassouse","twitter_misc":{"Gesch\u00e4tzte Lesezeit":"3\u00a0Minuten"},"schema":{"@context":"https:\/\/schema.org","@graph":[{"@type":"WebPage","@id":"https:\/\/glassouse.com\/de\/geld-zurueck-garantie\/","url":"https:\/\/glassouse.com\/de\/geld-zurueck-garantie\/","name":"Geld-zur\u00fcck-Garantie - Glassouse Assistive Device","isPartOf":{"@id":"https:\/\/glassouse.com\/de\/#website"},"primaryImageOfPage":{"@id":"https:\/\/glassouse.com\/de\/geld-zurueck-garantie\/#primaryimage"},"image":{"@id":"https:\/\/glassouse.com\/de\/geld-zurueck-garantie\/#primaryimage"},"thumbnailUrl":"https:\/\/glassouse.com\/wp-content\/uploads\/2017\/11\/black.png","datePublished":"2018-04-09T04:47:45+00:00","dateModified":"2026-04-27T08:55:13+00:00","description":"Testen Sie GlassOuse & G-Switch Series jetzt 15 Tage lang mit Geld-zur\u00fcck-Garantie. Bestellen Sie Ihr Demo-Hilfsmittel jetzt innerhalb weniger Minuten.","breadcrumb":{"@id":"https:\/\/glassouse.com\/de\/geld-zurueck-garantie\/#breadcrumb"},"inLanguage":"de","potentialAction":[{"@type":"ReadAction","target":["https:\/\/glassouse.com\/de\/geld-zurueck-garantie\/"]}]},{"@type":"ImageObject","inLanguage":"de","@id":"https:\/\/glassouse.com\/de\/geld-zurueck-garantie\/#primaryimage","url":"https:\/\/glassouse.com\/wp-content\/uploads\/2017\/11\/black.png","contentUrl":"https:\/\/glassouse.com\/wp-content\/uploads\/2017\/11\/black.png"},{"@type":"BreadcrumbList","@id":"https:\/\/glassouse.com\/de\/geld-zurueck-garantie\/#breadcrumb","itemListElement":[{"@type":"ListItem","position":1,"name":"Home","item":"https:\/\/glassouse.com\/de\/startseite\/"},{"@type":"ListItem","position":2,"name":"Geld-zur\u00fcck-Garantie"}]},{"@type":"WebSite","@id":"https:\/\/glassouse.com\/de\/#website","url":"https:\/\/glassouse.com\/de\/","name":"Glassouse Assistive Device","description":"Assistive Device and Switches for Disabled","publisher":{"@id":"https:\/\/glassouse.com\/de\/#organization"},"potentialAction":[{"@type":"SearchAction","target":{"@type":"EntryPoint","urlTemplate":"https:\/\/glassouse.com\/de\/?s={search_term_string}"},"query-input":{"@type":"PropertyValueSpecification","valueRequired":true,"valueName":"search_term_string"}}],"inLanguage":"de"},{"@type":"Organization","@id":"https:\/\/glassouse.com\/de\/#organization","name":"GlassOuse Assistive Device","url":"https:\/\/glassouse.com\/de\/","logo":{"@type":"ImageObject","inLanguage":"de","@id":"https:\/\/glassouse.com\/de\/#\/schema\/logo\/image\/","url":"https:\/\/glassouse.com\/wp-content\/uploads\/2017\/11\/logo.jpg","contentUrl":"https:\/\/glassouse.com\/wp-content\/uploads\/2017\/11\/logo.jpg","width":500,"height":500,"caption":"GlassOuse Assistive Device"},"image":{"@id":"https:\/\/glassouse.com\/de\/#\/schema\/logo\/image\/"},"sameAs":["https:\/\/www.facebook.com\/glassouse\/","https:\/\/x.com\/glassouse","https:\/\/www.instagram.com\/glassouseassistivedevice\/","https:\/\/www.linkedin.com\/company\/glassouse\/","https:\/\/www.youtube.com\/channel\/UCM5pebcmVXbu00QYd91_Gyw"]}]}},"_links":{"self":[{"href":"https:\/\/glassouse.com\/de\/wp-json\/wp\/v2\/pages\/26867","targetHints":{"allow":["GET"]}}],"collection":[{"href":"https:\/\/glassouse.com\/de\/wp-json\/wp\/v2\/pages"}],"about":[{"href":"https:\/\/glassouse.com\/de\/wp-json\/wp\/v2\/types\/page"}],"author":[{"embeddable":true,"href":"https:\/\/glassouse.com\/de\/wp-json\/wp\/v2\/users\/1"}],"replies":[{"embeddable":true,"href":"https:\/\/glassouse.com\/de\/wp-json\/wp\/v2\/comments?post=26867"}],"version-history":[{"count":9,"href":"https:\/\/glassouse.com\/de\/wp-json\/wp\/v2\/pages\/26867\/revisions"}],"predecessor-version":[{"id":26939,"href":"https:\/\/glassouse.com\/de\/wp-json\/wp\/v2\/pages\/26867\/revisions\/26939"}],"wp:attachment":[{"href":"https:\/\/glassouse.com\/de\/wp-json\/wp\/v2\/media?parent=26867"}],"curies":[{"name":"wp","href":"https:\/\/api.w.org\/{rel}","templated":true}]}}