{"id":29359,"date":"2022-06-07T11:14:18","date_gmt":"2022-06-07T03:14:18","guid":{"rendered":"https:\/\/glassouse.com\/ueber-uns\/"},"modified":"2026-04-27T16:56:18","modified_gmt":"2026-04-27T08:56:18","slug":"ueber-uns","status":"publish","type":"page","link":"https:\/\/glassouse.com\/de\/ueber-uns\/","title":{"rendered":"\u00dcber uns"},"content":{"rendered":"<div class=\"wpb-content-wrapper\"><p>[vc_row unlock_row_content=&#8220;yes&#8220; row_height_percent=&#8220;0&#8243; override_padding=&#8220;yes&#8220; h_padding=&#8220;0&#8243; top_padding=&#8220;0&#8243; bottom_padding=&#8220;0&#8243; overlay_alpha=&#8220;50&#8243; gutter_size=&#8220;0&#8243; column_width_percent=&#8220;100&#8243; shift_y=&#8220;0&#8243; z_index=&#8220;0&#8243; uncode_shortcode_id=&#8220;113570&#8243; row_height_pixel=&#8220;500&#8243; css=&#8220;.vc_custom_1657234076761{padding-right: 0px !important;padding-left: 0px !important;}&#8220;][vc_column column_width_percent=&#8220;100&#8243; position_vertical=&#8220;middle&#8220; align_horizontal=&#8220;align_center&#8220; gutter_size=&#8220;3&#8243; overlay_alpha=&#8220;50&#8243; shift_x=&#8220;0&#8243; shift_y=&#8220;0&#8243; shift_y_down=&#8220;0&#8243; z_index=&#8220;0&#8243; medium_width=&#8220;0&#8243; mobile_width=&#8220;0&#8243; width=&#8220;1\/1&#8243; uncode_shortcode_id=&#8220;109151&#8243;][vc_single_image media=&#8220;29363&#8243; media_width_use_pixel=&#8220;yes&#8220; alignment=&#8220;center&#8220; uncode_shortcode_id=&#8220;736981&#8243; el_class=&#8220;w-auto about_us_banenr&#8220;][\/vc_column][\/vc_row][vc_row row_height_percent=&#8220;0&#8243; override_padding=&#8220;yes&#8220; h_padding=&#8220;0&#8243; top_padding=&#8220;3&#8243; bottom_padding=&#8220;3&#8243; overlay_alpha=&#8220;50&#8243; gutter_size=&#8220;3&#8243; column_width_percent=&#8220;100&#8243; shift_y=&#8220;0&#8243; z_index=&#8220;0&#8243; uncode_shortcode_id=&#8220;183118&#8243;][vc_column][vc_custom_heading heading_semantic=&#8220;h1&#8243; text_weight=&#8220;700&#8243; uncode_shortcode_id=&#8220;122096&#8243;]<span style=\"color: #43b8db;\">\u00dcber <\/span>GlassOuse Assistive Device[\/vc_custom_heading][vc_separator sep_color=&#8220;color-vyce&#8220; icon_position=&#8220;left&#8220; el_height=&#8220;5px&#8220; uncode_shortcode_id=&#8220;727187&#8243; sep_color_type=&#8220;uncode-palette&#8220; el_width=&#8220;50px&#8220; el_class=&#8220;c-divider&#8220;][vc_column_text text_lead=&#8220;yes&#8220; uncode_shortcode_id=&#8220;157375&#8243;]Das 2016 gegr\u00fcndete Unternehmen GlassOuse Assistive Device entwirft und entwickelt Technologien, die Menschen mit k\u00f6rperlichen Behinderungen und eingeschr\u00e4nkter Mobilit\u00e4t den Zugang zu grundlegenden Technologien erm\u00f6glichen, wie jeder andere auch.<\/p>\n<p>&#8222;Wie kann eine behinderte Person ohne Gliedma\u00dfen oder Mobilit\u00e4tsprobleme ihre Smartphones, Tablets und Computer bedienen?&#8220; &#8211; mit dieser Frage sah sich unser Gr\u00fcnder und CEO Mehmet Turker Anfang 2016 konfrontiert, als er mit diesem Dilemma konfrontiert wurde. Nemos enger Freund Caner Cem Marti, ein 20-j\u00e4hriger Abenteurer, hatte sich beim Tiefseetauchen eine schwere Verletzung zugezogen, die zu einer L\u00e4hmung des gesamten K\u00f6rpers unterhalb des Kopfes f\u00fchrte. Dieser Unfall sollte Cem Martis Leben f\u00fcr immer ver\u00e4ndern. Also wollte Nemo ein Ger\u00e4t f\u00fcr seinen Freund entwickeln, das es ihm erm\u00f6glicht, sein Telefon und seinen Computer wie jeder andere zu benutzen.   <\/p>\n<p>Daraufhin entwickelte er GlassOuse V1.1 &#8211; eine kabellose Kopfmaus, mit der Caner Mobiltelefone und Computer einfach durch Kopfbewegungen und Bissklicks bedienen konnte. Dieses Ger\u00e4t wurde sp\u00e4ter auf Indiegogo vorgestellt, wo es weltweit gelobt und gesch\u00e4tzt wurde. <\/p>\n<p>Seitdem hat unser Expertenteam mit dem hilfreichen Feedback unserer weltweiten Nutzergemeinschaft verschiedene Hilfsmittel wie <strong>GlassOuse V1.4, GlassOuse PRO, G-Switches, Adaptive Toys<\/strong> und mehr entwickelt, um jedem Menschen einen unabh\u00e4ngigeren Zugang zur Technologie zu erm\u00f6glichen.<\/p>\n<p><strong style=\"color: #43b8db;\">#Inklusion<\/strong> <strong style=\"color: #43b8db;\">#technologie4all<\/strong><\/p>\n<p>GlassOuse Assistive Device (Marke) ist vollst\u00e4ndig im Besitz der<strong> Ennopro Group Limited<\/strong> (Muttergesellschaft) und wird von dieser betrieben.[\/vc_column_text][\/vc_column][\/vc_row]<\/p>\n<\/div>","protected":false},"excerpt":{"rendered":"<p>[vc_row unlock_row_content=&#8220;yes&#8220; row_height_percent=&#8220;0&#8243; override_padding=&#8220;yes&#8220; h_padding=&#8220;0&#8243; top_padding=&#8220;0&#8243; bottom_padding=&#8220;0&#8243; overlay_alpha=&#8220;50&#8243; gutter_size=&#8220;0&#8243; column_width_percent=&#8220;100&#8243; shift_y=&#8220;0&#8243; z_index=&#8220;0&#8243; uncode_shortcode_id=&#8220;113570&#8243; row_height_pixel=&#8220;500&#8243; css=&#8220;.vc_custom_1657234076761{padding-right: 0px !important;padding-left: 0px !important;}&#8220;][vc_column column_width_percent=&#8220;100&#8243; [&hellip;]<\/p>\n","protected":false},"author":1,"featured_media":0,"parent":0,"menu_order":6,"comment_status":"closed","ping_status":"closed","template":"","meta":{"_acf_changed":false,"footnotes":""},"class_list":["post-29359","page","type-page","status-publish","hentry"],"acf":[],"yoast_head":"<!-- This site is optimized with the Yoast SEO plugin v27.4 - https:\/\/yoast.com\/product\/yoast-seo-wordpress\/ -->\n<title>\u00dcber uns - GlassOuse Assistive Device<\/title>\n<meta name=\"description\" content=\"Das 2016 gegr\u00fcndete Unternehmen GlassOuse Assistive Device entwirft und entwickelt Technologien, die Menschen mit k\u00f6rperlichen Behinderungen und eingeschr\u00e4nkter Mobilit\u00e4t den Zugang zu grundlegender Technologie wie allen anderen erm\u00f6glichen.\" \/>\n<meta name=\"robots\" content=\"index, follow, max-snippet:-1, max-image-preview:large, max-video-preview:-1\" \/>\n<link rel=\"canonical\" href=\"https:\/\/glassouse.com\/de\/ueber-uns\/\" \/>\n<meta property=\"og:locale\" content=\"de_DE\" \/>\n<meta property=\"og:type\" content=\"article\" \/>\n<meta property=\"og:title\" content=\"\u00dcber uns - GlassOuse Assistive Device\" \/>\n<meta property=\"og:description\" content=\"Das 2016 gegr\u00fcndete Unternehmen GlassOuse Assistive Device entwirft und entwickelt Technologien, die Menschen mit k\u00f6rperlichen Behinderungen und eingeschr\u00e4nkter Mobilit\u00e4t den Zugang zu grundlegender Technologie wie allen anderen erm\u00f6glichen.\" \/>\n<meta property=\"og:url\" content=\"https:\/\/glassouse.com\/de\/ueber-uns\/\" \/>\n<meta property=\"og:site_name\" content=\"Glassouse Assistive Device\" \/>\n<meta property=\"article:publisher\" content=\"https:\/\/www.facebook.com\/glassouse\/\" \/>\n<meta property=\"article:modified_time\" content=\"2026-04-27T08:56:18+00:00\" \/>\n<meta name=\"twitter:card\" content=\"summary_large_image\" \/>\n<meta name=\"twitter:site\" content=\"@glassouse\" \/>\n<meta name=\"twitter:label1\" content=\"Gesch\u00e4tzte Lesezeit\" \/>\n\t<meta name=\"twitter:data1\" content=\"2\u00a0Minuten\" \/>\n<script type=\"application\/ld+json\" class=\"yoast-schema-graph\">{\"@context\":\"https:\\\/\\\/schema.org\",\"@graph\":[{\"@type\":\"WebPage\",\"@id\":\"https:\\\/\\\/glassouse.com\\\/de\\\/ueber-uns\\\/\",\"url\":\"https:\\\/\\\/glassouse.com\\\/de\\\/ueber-uns\\\/\",\"name\":\"\u00dcber uns - GlassOuse Assistive Device\",\"isPartOf\":{\"@id\":\"https:\\\/\\\/glassouse.com\\\/de\\\/#website\"},\"datePublished\":\"2022-06-07T03:14:18+00:00\",\"dateModified\":\"2026-04-27T08:56:18+00:00\",\"description\":\"Das 2016 gegr\u00fcndete Unternehmen GlassOuse Assistive Device entwirft und entwickelt Technologien, die Menschen mit k\u00f6rperlichen Behinderungen und eingeschr\u00e4nkter Mobilit\u00e4t den Zugang zu grundlegender Technologie wie allen anderen erm\u00f6glichen.\",\"breadcrumb\":{\"@id\":\"https:\\\/\\\/glassouse.com\\\/de\\\/ueber-uns\\\/#breadcrumb\"},\"inLanguage\":\"de\",\"potentialAction\":[{\"@type\":\"ReadAction\",\"target\":[\"https:\\\/\\\/glassouse.com\\\/de\\\/ueber-uns\\\/\"]}]},{\"@type\":\"BreadcrumbList\",\"@id\":\"https:\\\/\\\/glassouse.com\\\/de\\\/ueber-uns\\\/#breadcrumb\",\"itemListElement\":[{\"@type\":\"ListItem\",\"position\":1,\"name\":\"Home\",\"item\":\"https:\\\/\\\/glassouse.com\\\/de\\\/startseite\\\/\"},{\"@type\":\"ListItem\",\"position\":2,\"name\":\"\u00dcber uns\"}]},{\"@type\":\"WebSite\",\"@id\":\"https:\\\/\\\/glassouse.com\\\/de\\\/#website\",\"url\":\"https:\\\/\\\/glassouse.com\\\/de\\\/\",\"name\":\"Glassouse Assistive Device\",\"description\":\"Assistive Device and Switches for Disabled\",\"publisher\":{\"@id\":\"https:\\\/\\\/glassouse.com\\\/de\\\/#organization\"},\"potentialAction\":[{\"@type\":\"SearchAction\",\"target\":{\"@type\":\"EntryPoint\",\"urlTemplate\":\"https:\\\/\\\/glassouse.com\\\/de\\\/?s={search_term_string}\"},\"query-input\":{\"@type\":\"PropertyValueSpecification\",\"valueRequired\":true,\"valueName\":\"search_term_string\"}}],\"inLanguage\":\"de\"},{\"@type\":\"Organization\",\"@id\":\"https:\\\/\\\/glassouse.com\\\/de\\\/#organization\",\"name\":\"GlassOuse Assistive Device\",\"url\":\"https:\\\/\\\/glassouse.com\\\/de\\\/\",\"logo\":{\"@type\":\"ImageObject\",\"inLanguage\":\"de\",\"@id\":\"https:\\\/\\\/glassouse.com\\\/de\\\/#\\\/schema\\\/logo\\\/image\\\/\",\"url\":\"https:\\\/\\\/glassouse.com\\\/wp-content\\\/uploads\\\/2017\\\/11\\\/logo.jpg\",\"contentUrl\":\"https:\\\/\\\/glassouse.com\\\/wp-content\\\/uploads\\\/2017\\\/11\\\/logo.jpg\",\"width\":500,\"height\":500,\"caption\":\"GlassOuse Assistive Device\"},\"image\":{\"@id\":\"https:\\\/\\\/glassouse.com\\\/de\\\/#\\\/schema\\\/logo\\\/image\\\/\"},\"sameAs\":[\"https:\\\/\\\/www.facebook.com\\\/glassouse\\\/\",\"https:\\\/\\\/x.com\\\/glassouse\",\"https:\\\/\\\/www.instagram.com\\\/glassouseassistivedevice\\\/\",\"https:\\\/\\\/www.linkedin.com\\\/company\\\/glassouse\\\/\",\"https:\\\/\\\/www.youtube.com\\\/channel\\\/UCM5pebcmVXbu00QYd91_Gyw\"]}]}<\/script>\n<!-- \/ Yoast SEO plugin. -->","yoast_head_json":{"title":"\u00dcber uns - GlassOuse Assistive Device","description":"Das 2016 gegr\u00fcndete Unternehmen GlassOuse Assistive Device entwirft und entwickelt Technologien, die Menschen mit k\u00f6rperlichen Behinderungen und eingeschr\u00e4nkter Mobilit\u00e4t den Zugang zu grundlegender Technologie wie allen anderen erm\u00f6glichen.","robots":{"index":"index","follow":"follow","max-snippet":"max-snippet:-1","max-image-preview":"max-image-preview:large","max-video-preview":"max-video-preview:-1"},"canonical":"https:\/\/glassouse.com\/de\/ueber-uns\/","og_locale":"de_DE","og_type":"article","og_title":"\u00dcber uns - GlassOuse Assistive Device","og_description":"Das 2016 gegr\u00fcndete Unternehmen GlassOuse Assistive Device entwirft und entwickelt Technologien, die Menschen mit k\u00f6rperlichen Behinderungen und eingeschr\u00e4nkter Mobilit\u00e4t den Zugang zu grundlegender Technologie wie allen anderen erm\u00f6glichen.","og_url":"https:\/\/glassouse.com\/de\/ueber-uns\/","og_site_name":"Glassouse Assistive Device","article_publisher":"https:\/\/www.facebook.com\/glassouse\/","article_modified_time":"2026-04-27T08:56:18+00:00","twitter_card":"summary_large_image","twitter_site":"@glassouse","twitter_misc":{"Gesch\u00e4tzte Lesezeit":"2\u00a0Minuten"},"schema":{"@context":"https:\/\/schema.org","@graph":[{"@type":"WebPage","@id":"https:\/\/glassouse.com\/de\/ueber-uns\/","url":"https:\/\/glassouse.com\/de\/ueber-uns\/","name":"\u00dcber uns - GlassOuse Assistive Device","isPartOf":{"@id":"https:\/\/glassouse.com\/de\/#website"},"datePublished":"2022-06-07T03:14:18+00:00","dateModified":"2026-04-27T08:56:18+00:00","description":"Das 2016 gegr\u00fcndete Unternehmen GlassOuse Assistive Device entwirft und entwickelt Technologien, die Menschen mit k\u00f6rperlichen Behinderungen und eingeschr\u00e4nkter Mobilit\u00e4t den Zugang zu grundlegender Technologie wie allen anderen erm\u00f6glichen.","breadcrumb":{"@id":"https:\/\/glassouse.com\/de\/ueber-uns\/#breadcrumb"},"inLanguage":"de","potentialAction":[{"@type":"ReadAction","target":["https:\/\/glassouse.com\/de\/ueber-uns\/"]}]},{"@type":"BreadcrumbList","@id":"https:\/\/glassouse.com\/de\/ueber-uns\/#breadcrumb","itemListElement":[{"@type":"ListItem","position":1,"name":"Home","item":"https:\/\/glassouse.com\/de\/startseite\/"},{"@type":"ListItem","position":2,"name":"\u00dcber uns"}]},{"@type":"WebSite","@id":"https:\/\/glassouse.com\/de\/#website","url":"https:\/\/glassouse.com\/de\/","name":"Glassouse Assistive Device","description":"Assistive Device and Switches for Disabled","publisher":{"@id":"https:\/\/glassouse.com\/de\/#organization"},"potentialAction":[{"@type":"SearchAction","target":{"@type":"EntryPoint","urlTemplate":"https:\/\/glassouse.com\/de\/?s={search_term_string}"},"query-input":{"@type":"PropertyValueSpecification","valueRequired":true,"valueName":"search_term_string"}}],"inLanguage":"de"},{"@type":"Organization","@id":"https:\/\/glassouse.com\/de\/#organization","name":"GlassOuse Assistive Device","url":"https:\/\/glassouse.com\/de\/","logo":{"@type":"ImageObject","inLanguage":"de","@id":"https:\/\/glassouse.com\/de\/#\/schema\/logo\/image\/","url":"https:\/\/glassouse.com\/wp-content\/uploads\/2017\/11\/logo.jpg","contentUrl":"https:\/\/glassouse.com\/wp-content\/uploads\/2017\/11\/logo.jpg","width":500,"height":500,"caption":"GlassOuse Assistive Device"},"image":{"@id":"https:\/\/glassouse.com\/de\/#\/schema\/logo\/image\/"},"sameAs":["https:\/\/www.facebook.com\/glassouse\/","https:\/\/x.com\/glassouse","https:\/\/www.instagram.com\/glassouseassistivedevice\/","https:\/\/www.linkedin.com\/company\/glassouse\/","https:\/\/www.youtube.com\/channel\/UCM5pebcmVXbu00QYd91_Gyw"]}]}},"_links":{"self":[{"href":"https:\/\/glassouse.com\/de\/wp-json\/wp\/v2\/pages\/29359","targetHints":{"allow":["GET"]}}],"collection":[{"href":"https:\/\/glassouse.com\/de\/wp-json\/wp\/v2\/pages"}],"about":[{"href":"https:\/\/glassouse.com\/de\/wp-json\/wp\/v2\/types\/page"}],"author":[{"embeddable":true,"href":"https:\/\/glassouse.com\/de\/wp-json\/wp\/v2\/users\/1"}],"replies":[{"embeddable":true,"href":"https:\/\/glassouse.com\/de\/wp-json\/wp\/v2\/comments?post=29359"}],"version-history":[{"count":9,"href":"https:\/\/glassouse.com\/de\/wp-json\/wp\/v2\/pages\/29359\/revisions"}],"predecessor-version":[{"id":29444,"href":"https:\/\/glassouse.com\/de\/wp-json\/wp\/v2\/pages\/29359\/revisions\/29444"}],"wp:attachment":[{"href":"https:\/\/glassouse.com\/de\/wp-json\/wp\/v2\/media?parent=29359"}],"curies":[{"name":"wp","href":"https:\/\/api.w.org\/{rel}","templated":true}]}}