{"id":29470,"date":"2022-09-21T06:51:05","date_gmt":"2022-09-20T22:51:05","guid":{"rendered":"https:\/\/glassouse.com\/technische-unterstuetzung-download\/"},"modified":"2026-04-27T16:56:24","modified_gmt":"2026-04-27T08:56:24","slug":"technische-unterstuetzung-download","status":"publish","type":"page","link":"https:\/\/glassouse.com\/de\/technische-unterstuetzung-download\/","title":{"rendered":"Technische Unterst\u00fctzung &amp; Download"},"content":{"rendered":"<div class=\"wpb-content-wrapper\"><p>[vc_row row_height_percent=&#8220;0&#8243; overlay_alpha=&#8220;50&#8243; gutter_size=&#8220;3&#8243; column_width_percent=&#8220;100&#8243; shift_y=&#8220;0&#8243; z_index=&#8220;0&#8243; uncode_shortcode_id=&#8220;159416&#8243; css=&#8220;.vc_custom_1663458725535{padding-top: 80px !important;}&#8220;][vc_column width=&#8220;1\/1&#8243;][vc_custom_heading text_color=&#8220;color-jevc&#8220; text_weight=&#8220;700&#8243; text_transform=&#8220;uppercase&#8220; uncode_shortcode_id=&#8220;131305&#8243; text_color_type=&#8220;uncode-palette&#8220;]GlassOuse Handb\u00fccher[\/vc_custom_heading][vc_separator sep_color=&#8220;&#8220; icon_position=&#8220;left&#8220; el_height=&#8220;5px&#8220; uncode_shortcode_id=&#8220;194863&#8243; sep_color_type=&#8220;uncode-solid&#8220; el_width=&#8220;82px&#8220; sep_color_solid=&#8220;#43b8db&#8220; el_class=&#8220;c-divider&#8220;][\/vc_column][\/vc_row][vc_row row_height_percent=&#8220;0&#8243; overlay_alpha=&#8220;50&#8243; gutter_size=&#8220;3&#8243; column_width_percent=&#8220;100&#8243; shift_y=&#8220;0&#8243; z_index=&#8220;0&#8243; uncode_shortcode_id=&#8220;141961&#8243; css=&#8220;.vc_custom_1664228627181{padding-bottom: 40px !important;}&#8220; el_class=&#8220;manual_pro_wrap&#8220;][vc_column column_width_percent=&#8220;100&#8243; align_horizontal=&#8220;align_center&#8220; gutter_size=&#8220;3&#8243; overlay_alpha=&#8220;50&#8243; shift_x=&#8220;0&#8243; shift_y=&#8220;0&#8243; shift_y_down=&#8220;0&#8243; z_index=&#8220;0&#8243; align_medium=&#8220;align_center_tablet&#8220; medium_width=&#8220;0&#8243; mobile_width=&#8220;0&#8243; width=&#8220;1\/3&#8243; uncode_shortcode_id=&#8220;975146&#8243; link_to=&#8220;url:https%3A%2F%2Fglassouse.com%2Fglassouse-assistive-device-tech-support%2Fglassouse-pro-user-manuals%2F|title:GlassOuse%20PRO%20Manual|&#8220;][vc_single_image media=&#8220;29477&#8243; media_width_percent=&#8220;100&#8243; uncode_shortcode_id=&#8220;181718&#8243; media_link=&#8220;url:%2Fglassouse-assistive-device-tech-support%2Fglassouse-pro-user-manuals%2F|title:GlassOuse%20PRO%20Manual&#8220; el_class=&#8220;product_img&#8220;][vc_custom_heading heading_semantic=&#8220;h3&#8243; text_size=&#8220;&#8220; text_weight=&#8220;600&#8243; sub_lead=&#8220;yes&#8220; sub_reduced=&#8220;yes&#8220; uncode_shortcode_id=&#8220;143977&#8243; subheading=&#8220;Benutzer Maunal&#8220;]GlassOuse PRO[\/vc_custom_heading][\/vc_column][vc_column column_width_percent=&#8220;100&#8243; position_vertical=&#8220;middle&#8220; align_horizontal=&#8220;align_center&#8220; gutter_size=&#8220;3&#8243; overlay_alpha=&#8220;50&#8243; shift_x=&#8220;0&#8243; shift_y=&#8220;0&#8243; shift_y_down=&#8220;0&#8243; z_index=&#8220;0&#8243; medium_width=&#8220;0&#8243; mobile_width=&#8220;0&#8243; width=&#8220;1\/3&#8243; uncode_shortcode_id=&#8220;193224&#8243; link_to=&#8220;url:https%3A%2F%2Fglassouse.com%2Fglassouse-assistive-device-tech-support%2Fglassouse-link-user-manuals%2F|title:GlassOuse%20Link%20User%20Manuals|&#8220;][vc_single_image media=&#8220;29478&#8243; media_width_percent=&#8220;100&#8243; uncode_shortcode_id=&#8220;312067&#8243; media_link=&#8220;url:%2Fglassouse-assistive-device-tech-support%2Fglassouse-link-user-manuals%2F|title:GlassOuse%20Link%20User%20Manual&#8220; el_class=&#8220;product_img&#8220;][vc_custom_heading heading_semantic=&#8220;h3&#8243; text_size=&#8220;&#8220; text_weight=&#8220;600&#8243; sub_lead=&#8220;yes&#8220; sub_reduced=&#8220;yes&#8220; uncode_shortcode_id=&#8220;200845&#8243; subheading=&#8220;Benutzer Maunal&#8220;]GlassOuse Link[\/vc_custom_heading][\/vc_column][vc_column column_width_percent=&#8220;100&#8243; align_horizontal=&#8220;align_center&#8220; gutter_size=&#8220;3&#8243; overlay_alpha=&#8220;50&#8243; shift_x=&#8220;0&#8243; shift_y=&#8220;0&#8243; shift_y_down=&#8220;0&#8243; z_index=&#8220;0&#8243; medium_width=&#8220;0&#8243; mobile_width=&#8220;0&#8243; width=&#8220;1\/3&#8243; uncode_shortcode_id=&#8220;175002&#8243; link_to=&#8220;url:https%3A%2F%2Fglassouse.com%2Fglassouse-assistive-device-tech-support%2Fglassouse-v1-4-user-manuals%2F|title:GlassOuse%20V1.4%20User%20Manuals|&#8220;][vc_single_image media=&#8220;29479&#8243; media_width_percent=&#8220;100&#8243; uncode_shortcode_id=&#8220;200338&#8243; media_link=&#8220;url:%2Fglassouse-assistive-device-tech-support%2Fglassouse-v1-4-user-manuals%2F|title:GlassOuse%20V1.4%20User%20Manuals&#8220; el_class=&#8220;product_img&#8220;][vc_custom_heading heading_semantic=&#8220;h3&#8243; text_size=&#8220;&#8220; text_weight=&#8220;600&#8243; sub_lead=&#8220;yes&#8220; sub_reduced=&#8220;yes&#8220; uncode_shortcode_id=&#8220;648067&#8243; subheading=&#8220;Benutzer Maunal&#8220;]GlassOuse V1.4[\/vc_custom_heading][\/vc_column][\/vc_row][vc_row row_height_percent=&#8220;0&#8243; overlay_alpha=&#8220;50&#8243; gutter_size=&#8220;3&#8243; column_width_percent=&#8220;100&#8243; shift_y=&#8220;0&#8243; z_index=&#8220;0&#8243; uncode_shortcode_id=&#8220;221041&#8243; back_color_type=&#8220;uncode-solid&#8220; back_color_solid=&#8220;#f6f7fb&#8220; css=&#8220;.vc_custom_1663458593709{padding-top: 40px !important;}&#8220;][vc_column width=&#8220;1\/1&#8243;][vc_custom_heading text_color=&#8220;color-jevc&#8220; text_weight=&#8220;700&#8243; text_transform=&#8220;uppercase&#8220; uncode_shortcode_id=&#8220;171874&#8243; text_color_type=&#8220;uncode-palette&#8220;]Kompatibilit\u00e4t[\/vc_custom_heading][vc_separator sep_color=&#8220;&#8220; icon_position=&#8220;left&#8220; el_height=&#8220;5px&#8220; uncode_shortcode_id=&#8220;194863&#8243; sep_color_type=&#8220;uncode-solid&#8220; el_width=&#8220;82px&#8220; sep_color_solid=&#8220;#43b8db&#8220; el_class=&#8220;c-divider&#8220;][\/vc_column][\/vc_row][vc_row row_height_percent=&#8220;0&#8243; override_padding=&#8220;yes&#8220; h_padding=&#8220;2&#8243; top_padding=&#8220;2&#8243; bottom_padding=&#8220;3&#8243; overlay_alpha=&#8220;50&#8243; gutter_size=&#8220;3&#8243; column_width_percent=&#8220;100&#8243; shift_y=&#8220;0&#8243; z_index=&#8220;0&#8243; uncode_shortcode_id=&#8220;972897&#8243; back_color_type=&#8220;uncode-solid&#8220; back_color_solid=&#8220;#f6f7fb&#8220;][vc_column column_width_percent=&#8220;100&#8243; align_horizontal=&#8220;align_center&#8220; gutter_size=&#8220;4&#8243; overlay_alpha=&#8220;50&#8243; shift_x=&#8220;0&#8243; shift_y=&#8220;0&#8243; shift_y_down=&#8220;0&#8243; z_index=&#8220;0&#8243; medium_width=&#8220;0&#8243; mobile_width=&#8220;0&#8243; css_animation=&#8220;bottom-t-top&#8220; animation_delay=&#8220;200&#8243; width=&#8220;1\/1&#8243;][vc_icon position=&#8220;left&#8220; display=&#8220;inline&#8220; icon_image=&#8220;7064&#8243; media_size=&#8220;247&#8243; heading_semantic=&#8220;p&#8220; text_size=&#8220;&#8220; text_weight=&#8220;500&#8243; uncode_shortcode_id=&#8220;135084&#8243; el_class=&#8220;lh-n compatible_devices&#8220;]Computer<br \/>\nMobiltelefon<br \/>\nTablet<br \/>\nSmart TV[\/vc_icon][vc_separator sep_color=&#8220;color-jevc&#8220; uncode_shortcode_id=&#8220;396242&#8243; sep_color_type=&#8220;uncode-palette&#8220; el_height=&#8220;1px&#8220; el_class=&#8220;c-divider&#8220;][vc_custom_heading heading_semantic=&#8220;div&#8220; text_size=&#8220;fontsize-377164&#8243; text_weight=&#8220;500&#8243; uncode_shortcode_id=&#8220;117676&#8243; el_class=&#8220;os_heading mt-35&#8243;]<\/p>\n<p>Funktioniert perfekt mit allen g\u00e4ngigen Betriebssystemen<\/p>\n<p>[\/vc_custom_heading][vc_row_inner row_inner_height_percent=&#8220;0&#8243; overlay_alpha=&#8220;50&#8243; gutter_size=&#8220;3&#8243; shift_y=&#8220;0&#8243; z_index=&#8220;0&#8243; uncode_shortcode_id=&#8220;202873&#8243; css=&#8220;.vc_custom_1652560345497{margin-top: 40px !important;}&#8220; limit_content=&#8220;&#8220;][vc_column_inner column_width_percent=&#8220;100&#8243; gutter_size=&#8220;3&#8243; overlay_alpha=&#8220;50&#8243; shift_x=&#8220;0&#8243; shift_y=&#8220;0&#8243; shift_y_down=&#8220;0&#8243; z_index=&#8220;0&#8243; medium_width=&#8220;0&#8243; mobile_width=&#8220;0&#8243; width=&#8220;1\/1&#8243; uncode_shortcode_id=&#8220;206588&#8243; el_class=&#8220;compatibility_items_rows&#8220;][vc_icon icon_image=&#8220;5176&#8243; heading_semantic=&#8220;p&#8220; text_size=&#8220;&#8220; uncode_shortcode_id=&#8220;376674&#8243; title=&#8220;Windows&#8220;][\/vc_icon][vc_icon icon_image=&#8220;5178&#8243; heading_semantic=&#8220;p&#8220; text_size=&#8220;&#8220; uncode_shortcode_id=&#8220;721292&#8243; title=&#8220;iOS&#8220;][\/vc_icon][vc_icon icon_image=&#8220;5183&#8243; heading_semantic=&#8220;p&#8220; text_size=&#8220;&#8220; uncode_shortcode_id=&#8220;818793&#8243; title=&#8220;Linux&#8220;][\/vc_icon][vc_icon icon_image=&#8220;5177&#8243; heading_semantic=&#8220;p&#8220; text_size=&#8220;&#8220; uncode_shortcode_id=&#8220;212565&#8243; title=&#8220;Android&#8220;][\/vc_icon][vc_icon icon_image=&#8220;5179&#8243; heading_semantic=&#8220;p&#8220; text_size=&#8220;&#8220; uncode_shortcode_id=&#8220;373965&#8243; title=&#8220;Chrom&#8220;][\/vc_icon][vc_icon icon_image=&#8220;5182&#8243; heading_semantic=&#8220;p&#8220; text_size=&#8220;&#8220; uncode_shortcode_id=&#8220;130974&#8243; title=&#8220;Harmony OS&#8220;][\/vc_icon][\/vc_column_inner][\/vc_row_inner][\/vc_column][\/vc_row][vc_row row_height_percent=&#8220;0&#8243; overlay_alpha=&#8220;50&#8243; gutter_size=&#8220;3&#8243; column_width_percent=&#8220;100&#8243; shift_y=&#8220;0&#8243; z_index=&#8220;0&#8243; uncode_shortcode_id=&#8220;306062&#8243; css=&#8220;.vc_custom_1663459102541{padding-top: 80px !important;}&#8220;][vc_column width=&#8220;1\/1&#8243;][vc_custom_heading text_color=&#8220;color-jevc&#8220; heading_semantic=&#8220;div&#8220; text_size=&#8220;h4&#8243; text_weight=&#8220;600&#8243; text_transform=&#8220;uppercase&#8220; uncode_shortcode_id=&#8220;876714&#8243; text_color_type=&#8220;uncode-palette&#8220;]Zus\u00e4tzlicher Leitfaden:[\/vc_custom_heading][vc_separator sep_color=&#8220;color-jevc&#8220; uncode_shortcode_id=&#8220;396242&#8243; sep_color_type=&#8220;uncode-palette&#8220; el_height=&#8220;1px&#8220; el_class=&#8220;c-divider&#8220;][vc_row_inner][vc_column_inner column_width_percent=&#8220;100&#8243; position_vertical=&#8220;middle&#8220; gutter_size=&#8220;3&#8243; overlay_alpha=&#8220;50&#8243; shift_x=&#8220;0&#8243; shift_y=&#8220;0&#8243; shift_y_down=&#8220;0&#8243; z_index=&#8220;0&#8243; medium_width=&#8220;0&#8243; mobile_width=&#8220;0&#8243; width=&#8220;1\/2&#8243; uncode_shortcode_id=&#8220;188356&#8243; css=&#8220;.vc_custom_1669021131412{padding-right: 155px !important;}&#8220; link_to=&#8220;url:https%3A%2F%2Fglassouse.com%2Fwp-content%2Fuploads%2F2017%2F11%2FSteps-to-connect-GlassOuse-with-iPads-iPadOS-13.pdf|title:iPadOS|target:_blank&#8220;][vc_icon position=&#8220;left&#8220; icon_image=&#8220;5828&#8243; media_size=&#8220;95&#8243; text_lead=&#8220;yes&#8220; uncode_shortcode_id=&#8220;134551&#8243;]Klicken Sie hier, um die iPadoS-Mausverbindungseinstellungen f\u00fcr GlassOuse zu sehen[\/vc_icon][\/vc_column_inner][vc_column_inner column_width_percent=&#8220;100&#8243; gutter_size=&#8220;3&#8243; overlay_alpha=&#8220;50&#8243; shift_x=&#8220;0&#8243; shift_y=&#8220;0&#8243; shift_y_down=&#8220;0&#8243; z_index=&#8220;0&#8243; medium_width=&#8220;0&#8243; mobile_width=&#8220;0&#8243; width=&#8220;1\/2&#8243; uncode_shortcode_id=&#8220;194103&#8243; css=&#8220;.vc_custom_1669021186799{padding-right: 155px !important;}&#8220; link_to=&#8220;url:https%3A%2F%2Fglassouse.com%2Fwp-content%2Fuploads%2F2017%2F11%2FSteps-to-connect-GlassOuse-with-iPhone-iOS13-1.pdf|title:iOS|target:_blank&#8220;][vc_icon position=&#8220;left&#8220; icon_image=&#8220;5832&#8243; media_size=&#8220;95&#8243; text_lead=&#8220;yes&#8220; uncode_shortcode_id=&#8220;612224&#8243;]Klicken Sie hier, um die Einstellung der iPhone-Mausverbindung f\u00fcr GlassOuse zu sehen[\/vc_icon][\/vc_column_inner][\/vc_row_inner][\/vc_column][\/vc_row][vc_row row_height_percent=&#8220;0&#8243; overlay_alpha=&#8220;50&#8243; gutter_size=&#8220;3&#8243; column_width_percent=&#8220;100&#8243; shift_y=&#8220;0&#8243; z_index=&#8220;0&#8243; uncode_shortcode_id=&#8220;573441&#8243; css=&#8220;.vc_custom_1663458756649{margin-bottom: 100px !important;}&#8220;][vc_column width=&#8220;1\/1&#8243;][vc_custom_heading text_color=&#8220;color-jevc&#8220; heading_semantic=&#8220;div&#8220; text_size=&#8220;h4&#8243; text_weight=&#8220;600&#8243; text_transform=&#8220;uppercase&#8220; uncode_shortcode_id=&#8220;737528&#8243; text_color_type=&#8220;uncode-palette&#8220;]Zus\u00e4tzliche Support-Apps:[\/vc_custom_heading][vc_separator sep_color=&#8220;color-jevc&#8220; uncode_shortcode_id=&#8220;396242&#8243; sep_color_type=&#8220;uncode-palette&#8220; el_height=&#8220;1px&#8220; el_class=&#8220;c-divider&#8220;][vc_row_inner][vc_column_inner column_width_percent=&#8220;100&#8243; position_vertical=&#8220;middle&#8220; gutter_size=&#8220;3&#8243; overlay_alpha=&#8220;50&#8243; shift_x=&#8220;0&#8243; shift_y=&#8220;0&#8243; shift_y_down=&#8220;0&#8243; z_index=&#8220;0&#8243; medium_width=&#8220;0&#8243; mobile_width=&#8220;0&#8243; width=&#8220;1\/2&#8243; uncode_shortcode_id=&#8220;213350&#8243; css=&#8220;.vc_custom_1669021807915{padding-right: 155px !important;}&#8220; link_to=&#8220;url:https%3A%2F%2Fglassouse.com%2Fwp-content%2Fuploads%2F2017%2F11%2FGlassOuse_Scroll-Control-App-Setup-Guide.pdf|title:Easy%20Scroll|target:_blank&#8220;][vc_icon position=&#8220;left&#8220; icon_image=&#8220;5830&#8243; media_size=&#8220;95&#8243; heading_semantic=&#8220;div&#8220; text_size=&#8220;h4&#8243; text_weight=&#8220;500&#8243; text_lead=&#8220;yes&#8220; uncode_shortcode_id=&#8220;780321&#8243; title=&#8220;Einfaches Bl\u00e4ttern&#8220;]Eine Android-App zum einfachen Scrollen auf Ihrem Telefon oder Tablet.[\/vc_icon][\/vc_column_inner][vc_column_inner column_width_percent=&#8220;100&#8243; gutter_size=&#8220;3&#8243; overlay_alpha=&#8220;50&#8243; shift_x=&#8220;0&#8243; shift_y=&#8220;0&#8243; shift_y_down=&#8220;0&#8243; z_index=&#8220;0&#8243; medium_width=&#8220;0&#8243; mobile_width=&#8220;0&#8243; width=&#8220;1\/2&#8243; uncode_shortcode_id=&#8220;159051&#8243; css=&#8220;.vc_custom_1669021709326{padding-right: 150px !important;}&#8220; link_to=&#8220;url:https%3A%2F%2Fglassouse.com%2Fwp-content%2Fuploads%2F2017%2F11%2FGlassOuse_Hackers-Keyboard_Set-Up.pdf|title:Hacker%20Keyboard|target:_blank&#8220;][vc_icon position=&#8220;left&#8220; icon_image=&#8220;5831&#8243; media_size=&#8220;95&#8243; heading_semantic=&#8220;div&#8220; text_size=&#8220;h4&#8243; text_weight=&#8220;500&#8243; text_lead=&#8220;yes&#8220; uncode_shortcode_id=&#8220;204755&#8243; title=&#8220;Hacker Tastatur&#8220;]Eine Android-App-Alternative &#8211; wenn Ihr Ger\u00e4t nicht automatisch auf dem Bildschirm auftaucht[\/vc_icon][\/vc_column_inner][\/vc_row_inner][vc_row_inner][vc_column_inner column_width_percent=&#8220;100&#8243; position_vertical=&#8220;middle&#8220; gutter_size=&#8220;3&#8243; overlay_alpha=&#8220;50&#8243; shift_x=&#8220;0&#8243; shift_y=&#8220;0&#8243; shift_y_down=&#8220;0&#8243; z_index=&#8220;0&#8243; medium_width=&#8220;0&#8243; mobile_width=&#8220;0&#8243; width=&#8220;1\/2&#8243; uncode_shortcode_id=&#8220;332228&#8243; css=&#8220;.vc_custom_1669021773705{padding-right: 155px !important;}&#8220; link_to=&#8220;url:https%3A%2F%2Fglassouse.com%2Fwp-content%2Fuploads%2F2017%2F11%2FGlassOuse_EasyTouch_Set-up.pdf|title:Assistive%20Touch%20for%20Android|target:_blank&#8220;][vc_icon position=&#8220;left&#8220; icon_image=&#8220;5829&#8243; media_size=&#8220;95&#8243; heading_semantic=&#8220;div&#8220; text_size=&#8220;h4&#8243; text_weight=&#8220;500&#8243; text_lead=&#8220;yes&#8220; uncode_shortcode_id=&#8220;849284&#8243; title=&#8220;Assistive Touch f\u00fcr Android&#8220;]Eine Android-App, die ein schwebendes Panel anzeigt, mit dem Sie bequem auf viele g\u00e4ngige Funktionen und Apps auf einem einzigen Bildschirm zugreifen k\u00f6nnen.[\/vc_icon][\/vc_column_inner][vc_column_inner column_width_percent=&#8220;100&#8243; gutter_size=&#8220;3&#8243; overlay_alpha=&#8220;50&#8243; shift_x=&#8220;0&#8243; shift_y=&#8220;0&#8243; shift_y_down=&#8220;0&#8243; z_index=&#8220;0&#8243; medium_width=&#8220;0&#8243; mobile_width=&#8220;0&#8243; width=&#8220;1\/2&#8243; uncode_shortcode_id=&#8220;857666&#8243; css=&#8220;.vc_custom_1663457813248{padding-right: 150px !important;}&#8220;][\/vc_column_inner][\/vc_row_inner][\/vc_column][\/vc_row]<\/p>\n<\/div>","protected":false},"excerpt":{"rendered":"<p>[vc_row row_height_percent=&#8220;0&#8243; overlay_alpha=&#8220;50&#8243; gutter_size=&#8220;3&#8243; column_width_percent=&#8220;100&#8243; shift_y=&#8220;0&#8243; z_index=&#8220;0&#8243; uncode_shortcode_id=&#8220;159416&#8243; css=&#8220;.vc_custom_1663458725535{padding-top: 80px !important;}&#8220;][vc_column width=&#8220;1\/1&#8243;][vc_custom_heading text_color=&#8220;color-jevc&#8220; text_weight=&#8220;700&#8243; text_transform=&#8220;uppercase&#8220; uncode_shortcode_id=&#8220;131305&#8243; text_color_type=&#8220;uncode-palette&#8220;]GlassOuse Handb\u00fccher[\/vc_custom_heading][vc_separator sep_color=&#8220;&#8220; icon_position=&#8220;left&#8220; [&hellip;]<\/p>\n","protected":false},"author":1,"featured_media":0,"parent":0,"menu_order":0,"comment_status":"closed","ping_status":"closed","template":"","meta":{"_acf_changed":false,"footnotes":""},"class_list":["post-29470","page","type-page","status-publish","hentry"],"acf":[],"yoast_head":"<!-- This site is optimized with the Yoast SEO plugin v27.4 - https:\/\/yoast.com\/product\/yoast-seo-wordpress\/ -->\n<title>Technische Unterst\u00fctzung &amp; Download - Glassouse Assistive Device<\/title>\n<meta name=\"description\" content=\"GlassOuse-Hilfsger\u00e4te bieten eine hohe Kompatibilit\u00e4t und verbinden sich nahtlos \u00fcber Bluetooth mit Ihren Gadgets. Laden Sie Bedienungsanleitungen f\u00fcr GlassOuse-Hilfsger\u00e4te herunter.\" \/>\n<meta name=\"robots\" content=\"index, follow, max-snippet:-1, max-image-preview:large, max-video-preview:-1\" \/>\n<link rel=\"canonical\" href=\"https:\/\/glassouse.com\/de\/technische-unterstuetzung-download\/\" \/>\n<meta property=\"og:locale\" content=\"de_DE\" \/>\n<meta property=\"og:type\" content=\"article\" \/>\n<meta property=\"og:title\" content=\"Technische Unterst\u00fctzung &amp; Download - Glassouse Assistive Device\" \/>\n<meta property=\"og:description\" content=\"GlassOuse-Hilfsger\u00e4te bieten eine hohe Kompatibilit\u00e4t und verbinden sich nahtlos \u00fcber Bluetooth mit Ihren Gadgets. Laden Sie Bedienungsanleitungen f\u00fcr GlassOuse-Hilfsger\u00e4te herunter.\" \/>\n<meta property=\"og:url\" content=\"https:\/\/glassouse.com\/de\/technische-unterstuetzung-download\/\" \/>\n<meta property=\"og:site_name\" content=\"Glassouse Assistive Device\" \/>\n<meta property=\"article:publisher\" content=\"https:\/\/www.facebook.com\/glassouse\/\" \/>\n<meta property=\"article:modified_time\" content=\"2026-04-27T08:56:24+00:00\" \/>\n<meta name=\"twitter:card\" content=\"summary_large_image\" \/>\n<meta name=\"twitter:site\" content=\"@glassouse\" \/>\n<meta name=\"twitter:label1\" content=\"Gesch\u00e4tzte Lesezeit\" \/>\n\t<meta name=\"twitter:data1\" content=\"8\u00a0Minuten\" \/>\n<script type=\"application\/ld+json\" class=\"yoast-schema-graph\">{\"@context\":\"https:\\\/\\\/schema.org\",\"@graph\":[{\"@type\":\"WebPage\",\"@id\":\"https:\\\/\\\/glassouse.com\\\/de\\\/technische-unterstuetzung-download\\\/\",\"url\":\"https:\\\/\\\/glassouse.com\\\/de\\\/technische-unterstuetzung-download\\\/\",\"name\":\"Technische Unterst\u00fctzung &amp; Download - Glassouse Assistive Device\",\"isPartOf\":{\"@id\":\"https:\\\/\\\/glassouse.com\\\/de\\\/#website\"},\"datePublished\":\"2022-09-20T22:51:05+00:00\",\"dateModified\":\"2026-04-27T08:56:24+00:00\",\"description\":\"GlassOuse-Hilfsger\u00e4te bieten eine hohe Kompatibilit\u00e4t und verbinden sich nahtlos \u00fcber Bluetooth mit Ihren Gadgets. Laden Sie Bedienungsanleitungen f\u00fcr GlassOuse-Hilfsger\u00e4te herunter.\",\"breadcrumb\":{\"@id\":\"https:\\\/\\\/glassouse.com\\\/de\\\/technische-unterstuetzung-download\\\/#breadcrumb\"},\"inLanguage\":\"de\",\"potentialAction\":[{\"@type\":\"ReadAction\",\"target\":[\"https:\\\/\\\/glassouse.com\\\/de\\\/technische-unterstuetzung-download\\\/\"]}]},{\"@type\":\"BreadcrumbList\",\"@id\":\"https:\\\/\\\/glassouse.com\\\/de\\\/technische-unterstuetzung-download\\\/#breadcrumb\",\"itemListElement\":[{\"@type\":\"ListItem\",\"position\":1,\"name\":\"Home\",\"item\":\"https:\\\/\\\/glassouse.com\\\/de\\\/startseite\\\/\"},{\"@type\":\"ListItem\",\"position\":2,\"name\":\"Technische Unterst\u00fctzung &amp; Download\"}]},{\"@type\":\"WebSite\",\"@id\":\"https:\\\/\\\/glassouse.com\\\/de\\\/#website\",\"url\":\"https:\\\/\\\/glassouse.com\\\/de\\\/\",\"name\":\"Glassouse Assistive Device\",\"description\":\"Assistive Device and Switches for Disabled\",\"publisher\":{\"@id\":\"https:\\\/\\\/glassouse.com\\\/de\\\/#organization\"},\"potentialAction\":[{\"@type\":\"SearchAction\",\"target\":{\"@type\":\"EntryPoint\",\"urlTemplate\":\"https:\\\/\\\/glassouse.com\\\/de\\\/?s={search_term_string}\"},\"query-input\":{\"@type\":\"PropertyValueSpecification\",\"valueRequired\":true,\"valueName\":\"search_term_string\"}}],\"inLanguage\":\"de\"},{\"@type\":\"Organization\",\"@id\":\"https:\\\/\\\/glassouse.com\\\/de\\\/#organization\",\"name\":\"GlassOuse Assistive Device\",\"url\":\"https:\\\/\\\/glassouse.com\\\/de\\\/\",\"logo\":{\"@type\":\"ImageObject\",\"inLanguage\":\"de\",\"@id\":\"https:\\\/\\\/glassouse.com\\\/de\\\/#\\\/schema\\\/logo\\\/image\\\/\",\"url\":\"https:\\\/\\\/glassouse.com\\\/wp-content\\\/uploads\\\/2017\\\/11\\\/logo.jpg\",\"contentUrl\":\"https:\\\/\\\/glassouse.com\\\/wp-content\\\/uploads\\\/2017\\\/11\\\/logo.jpg\",\"width\":500,\"height\":500,\"caption\":\"GlassOuse Assistive Device\"},\"image\":{\"@id\":\"https:\\\/\\\/glassouse.com\\\/de\\\/#\\\/schema\\\/logo\\\/image\\\/\"},\"sameAs\":[\"https:\\\/\\\/www.facebook.com\\\/glassouse\\\/\",\"https:\\\/\\\/x.com\\\/glassouse\",\"https:\\\/\\\/www.instagram.com\\\/glassouseassistivedevice\\\/\",\"https:\\\/\\\/www.linkedin.com\\\/company\\\/glassouse\\\/\",\"https:\\\/\\\/www.youtube.com\\\/channel\\\/UCM5pebcmVXbu00QYd91_Gyw\"]}]}<\/script>\n<!-- \/ Yoast SEO plugin. -->","yoast_head_json":{"title":"Technische Unterst\u00fctzung &amp; Download - Glassouse Assistive Device","description":"GlassOuse-Hilfsger\u00e4te bieten eine hohe Kompatibilit\u00e4t und verbinden sich nahtlos \u00fcber Bluetooth mit Ihren Gadgets. Laden Sie Bedienungsanleitungen f\u00fcr GlassOuse-Hilfsger\u00e4te herunter.","robots":{"index":"index","follow":"follow","max-snippet":"max-snippet:-1","max-image-preview":"max-image-preview:large","max-video-preview":"max-video-preview:-1"},"canonical":"https:\/\/glassouse.com\/de\/technische-unterstuetzung-download\/","og_locale":"de_DE","og_type":"article","og_title":"Technische Unterst\u00fctzung &amp; Download - Glassouse Assistive Device","og_description":"GlassOuse-Hilfsger\u00e4te bieten eine hohe Kompatibilit\u00e4t und verbinden sich nahtlos \u00fcber Bluetooth mit Ihren Gadgets. Laden Sie Bedienungsanleitungen f\u00fcr GlassOuse-Hilfsger\u00e4te herunter.","og_url":"https:\/\/glassouse.com\/de\/technische-unterstuetzung-download\/","og_site_name":"Glassouse Assistive Device","article_publisher":"https:\/\/www.facebook.com\/glassouse\/","article_modified_time":"2026-04-27T08:56:24+00:00","twitter_card":"summary_large_image","twitter_site":"@glassouse","twitter_misc":{"Gesch\u00e4tzte Lesezeit":"8\u00a0Minuten"},"schema":{"@context":"https:\/\/schema.org","@graph":[{"@type":"WebPage","@id":"https:\/\/glassouse.com\/de\/technische-unterstuetzung-download\/","url":"https:\/\/glassouse.com\/de\/technische-unterstuetzung-download\/","name":"Technische Unterst\u00fctzung &amp; Download - Glassouse Assistive Device","isPartOf":{"@id":"https:\/\/glassouse.com\/de\/#website"},"datePublished":"2022-09-20T22:51:05+00:00","dateModified":"2026-04-27T08:56:24+00:00","description":"GlassOuse-Hilfsger\u00e4te bieten eine hohe Kompatibilit\u00e4t und verbinden sich nahtlos \u00fcber Bluetooth mit Ihren Gadgets. Laden Sie Bedienungsanleitungen f\u00fcr GlassOuse-Hilfsger\u00e4te herunter.","breadcrumb":{"@id":"https:\/\/glassouse.com\/de\/technische-unterstuetzung-download\/#breadcrumb"},"inLanguage":"de","potentialAction":[{"@type":"ReadAction","target":["https:\/\/glassouse.com\/de\/technische-unterstuetzung-download\/"]}]},{"@type":"BreadcrumbList","@id":"https:\/\/glassouse.com\/de\/technische-unterstuetzung-download\/#breadcrumb","itemListElement":[{"@type":"ListItem","position":1,"name":"Home","item":"https:\/\/glassouse.com\/de\/startseite\/"},{"@type":"ListItem","position":2,"name":"Technische Unterst\u00fctzung &amp; Download"}]},{"@type":"WebSite","@id":"https:\/\/glassouse.com\/de\/#website","url":"https:\/\/glassouse.com\/de\/","name":"Glassouse Assistive Device","description":"Assistive Device and Switches for Disabled","publisher":{"@id":"https:\/\/glassouse.com\/de\/#organization"},"potentialAction":[{"@type":"SearchAction","target":{"@type":"EntryPoint","urlTemplate":"https:\/\/glassouse.com\/de\/?s={search_term_string}"},"query-input":{"@type":"PropertyValueSpecification","valueRequired":true,"valueName":"search_term_string"}}],"inLanguage":"de"},{"@type":"Organization","@id":"https:\/\/glassouse.com\/de\/#organization","name":"GlassOuse Assistive Device","url":"https:\/\/glassouse.com\/de\/","logo":{"@type":"ImageObject","inLanguage":"de","@id":"https:\/\/glassouse.com\/de\/#\/schema\/logo\/image\/","url":"https:\/\/glassouse.com\/wp-content\/uploads\/2017\/11\/logo.jpg","contentUrl":"https:\/\/glassouse.com\/wp-content\/uploads\/2017\/11\/logo.jpg","width":500,"height":500,"caption":"GlassOuse Assistive Device"},"image":{"@id":"https:\/\/glassouse.com\/de\/#\/schema\/logo\/image\/"},"sameAs":["https:\/\/www.facebook.com\/glassouse\/","https:\/\/x.com\/glassouse","https:\/\/www.instagram.com\/glassouseassistivedevice\/","https:\/\/www.linkedin.com\/company\/glassouse\/","https:\/\/www.youtube.com\/channel\/UCM5pebcmVXbu00QYd91_Gyw"]}]}},"_links":{"self":[{"href":"https:\/\/glassouse.com\/de\/wp-json\/wp\/v2\/pages\/29470","targetHints":{"allow":["GET"]}}],"collection":[{"href":"https:\/\/glassouse.com\/de\/wp-json\/wp\/v2\/pages"}],"about":[{"href":"https:\/\/glassouse.com\/de\/wp-json\/wp\/v2\/types\/page"}],"author":[{"embeddable":true,"href":"https:\/\/glassouse.com\/de\/wp-json\/wp\/v2\/users\/1"}],"replies":[{"embeddable":true,"href":"https:\/\/glassouse.com\/de\/wp-json\/wp\/v2\/comments?post=29470"}],"version-history":[{"count":9,"href":"https:\/\/glassouse.com\/de\/wp-json\/wp\/v2\/pages\/29470\/revisions"}],"predecessor-version":[{"id":29599,"href":"https:\/\/glassouse.com\/de\/wp-json\/wp\/v2\/pages\/29470\/revisions\/29599"}],"wp:attachment":[{"href":"https:\/\/glassouse.com\/de\/wp-json\/wp\/v2\/media?parent=29470"}],"curies":[{"name":"wp","href":"https:\/\/api.w.org\/{rel}","templated":true}]}}