{"id":22217,"date":"2026-04-30T02:22:44","date_gmt":"2026-04-29T18:22:44","guid":{"rendered":"https:\/\/glassouse.com\/?post_type=product&#038;p=22217"},"modified":"2026-04-30T02:22:45","modified_gmt":"2026-04-29T18:22:45","slug":"glassouse-puff-switch-r","status":"publish","type":"product","link":"https:\/\/glassouse.com\/de\/produkt\/glassouse-puff-switch-r\/","title":{"rendered":"GlassOuse-Pufferschalter (R)"},"content":{"rendered":"<div class=\"wpb-content-wrapper\"><div data-parent=\"true\" class=\"vc_row compact_section vc_custom_1699886063694 row-container\" style=\"padding-top: 15px ;padding-right: 0px ;padding-left: 0px ;\" id=\"row-unique-0\"><div class=\"row unequal col-no-gutter no-top-padding no-bottom-padding no-h-padding full-width row-parent\"><div class=\"wpb_row row-inner\"><div class=\"wpb_column pos-middle pos-left align_left column_parent col-lg-12 content_column bg_right_top no-internal-gutter\"><div class=\"uncol style-light\"  ><div class=\"uncoltable\"><div class=\"uncell  vc_custom_1716503962579 no-block-padding\" style=\"padding-top: 160px ;padding-right: 0px ;padding-bottom: 160px ;padding-left: 50px ;\" ><div class=\"column-background background-element\">\n\t\t\t\t\t\t\t\t\t\t\t<div class=\"background-wrapper\">\n\t\t\t\t\t\t\t\t\t\t\t\t<div class=\"background-inner\" style=\"background-image: url(https:\/\/glassouse.com\/wp-content\/uploads\/2018\/03\/gs02-banner-img-scaled.jpg);background-repeat: no-repeat;background-position: center center;background-size: cover;\" data-o_src=\"https:\/\/glassouse.com\/wp-content\/uploads\/2018\/03\/gs02-banner-img-scaled.jpg\"><\/div>\n\t\t\t\t\t\t\t\t\t\t\t\t\n\t\t\t\t\t\t\t\t\t\t\t<\/div>\n\t\t\t\t\t\t\t\t\t\t<\/div><div class=\"uncont\" ><div class=\"vc_row limit-width vc_custom_1699885489765 row-internal row-container\" style=\"padding-right: 0px ;padding-left: 0px ;\"><div class=\"row col-no-gutter row-child\"><div class=\"wpb_row row-inner row-inner-force\"><div class=\"wpb_column pos-middle pos-left align_left column_child col-lg-6 no-internal-gutter\"><div class=\"uncol style-light\" ><div class=\"uncoltable\"><div class=\"uncell  vc_custom_1699830045690 no-block-padding\" style=\"padding-right: 2% ;padding-left: 0px ;\" ><div class=\"uncont\" ><div class=\"vc_custom_heading_wrap lh-1\"><div class=\"heading-text el-text\" ><h2 class=\"h3 font-weight-600 text-color-jevc-color\" ><span>Keine Schlucke mehr<br \/><\/span><span>Voll elektronisches System<\/span><\/h2><\/div><div class=\"clear\"><\/div><\/div><div class=\"divider-wrapper c-divider\"  >\n    <hr class=\"unseparator border-sep_color-162390-color separator-no-padding\"  style=\"width: 40px;border-top-width: 5px;\" \/>\n<\/div>\n<\/div><\/div><\/div><\/div><\/div><div class=\"wpb_column pos-top pos-center align_left column_child col-lg-6 single-internal-gutter\"><div class=\"uncol style-light\" ><div class=\"uncoltable\"><div class=\"uncell no-block-padding\" ><div class=\"uncont\" ><\/div><\/div><\/div><\/div><\/div><\/div><\/div><\/div><\/div><\/div><\/div><\/div><\/div><script id=\"script-row-unique-0\" data-row=\"script-row-unique-0\" type=\"text\/javascript\" class=\"vc_controls\">UNCODE.initRow(document.getElementById(\"row-unique-0\"));<\/script><\/div><\/div><\/div><div data-parent=\"true\" class=\"vc_row vc_custom_1699887163315 row-container\" style=\"padding-top: 50px ;\" id=\"row-unique-1\"><div class=\"row limit-width row-parent\"><div class=\"wpb_row row-inner\"><div class=\"wpb_column pos-top pos-center align_center column_parent col-lg-12 single-internal-gutter\"><div class=\"uncol style-light\"  ><div class=\"uncoltable\"><div class=\"uncell no-block-padding\" ><div class=\"uncont\" ><div class=\"vc_custom_heading_wrap\"><div class=\"heading-text el-text\" ><h2 class=\"h3 lh-n font-weight-700 text-color-jevc-color\" ><span>Bl\u00e4tterteig-Schalter<\/span><\/h2><\/div><div class=\"clear\"><\/div><\/div><div class=\"vc_custom_heading_wrap mt-0 pt-10\"><div class=\"heading-text el-text\" ><p class=\"lh-n font-weight-500 text-color-jevc-color\" ><span>Kompatibel mit<\/span><\/p><\/div><div class=\"clear\"><\/div><\/div><div class=\"vc_row icon_boxs_wrap vc_custom_1699887284713 row-internal row-container\" style=\"margin-top: 50px ;padding-bottom: 0px ;\"><div class=\"row row-child\"><div class=\"wpb_row row-inner\"><div class=\"wpb_column pos-top pos-center align_center column_child col-lg-12 half-internal-gutter\"><div class=\"uncol style-light\" ><div class=\"uncoltable\"><div class=\"uncell no-block-padding\" ><div class=\"uncont\" ><div class=\"icon-box icon-box-top  icon-inline icon-media-image\" ><div class=\"icon-box-icon fa-container\" style=\"width:300px;\" ><span class=\"text-default-color btn-disable-hover\"><img decoding=\"async\" class=\"\" src=\"https:\/\/glassouse.com\/wp-content\/uploads\/2024\/05\/GlassOuse-PRO-Link-support-img.png\" width=\"1000\" height=\"1000\" alt=\"GlassOuse-PRO-Link-support-img\"  \/><\/span><\/div><div class=\"icon-box-content\"><div class=\"icon-box-heading icon-box-fa-1x\"><h3 class=\"h4 font-weight-500 lh-n\">GlassOuse PRO\/Link<\/h3><\/div><\/div><\/div><div class=\"icon-box icon-box-top  icon-inline icon-media-image\" ><div class=\"icon-box-icon fa-container\" style=\"width:300px;\" ><span class=\"text-default-color btn-disable-hover\"><img decoding=\"async\" class=\"\" src=\"https:\/\/glassouse.com\/wp-content\/uploads\/2024\/05\/GlassOuse-v.14-img.png\" width=\"1000\" height=\"1000\" alt=\"GlassOuse-v.14\"  \/><\/span><\/div><div class=\"icon-box-content\"><div class=\"icon-box-heading icon-box-fa-1x\"><h3 class=\"h4 font-weight-500 lh-n\">GlassOuse 1.4<\/h3><\/div><\/div><\/div><\/div><\/div><\/div><\/div><\/div><\/div><\/div><\/div><\/div><\/div><\/div><\/div><\/div><script id=\"script-row-unique-1\" data-row=\"script-row-unique-1\" type=\"text\/javascript\" class=\"vc_controls\">UNCODE.initRow(document.getElementById(\"row-unique-1\"));<\/script><\/div><\/div><\/div><div data-parent=\"true\" class=\"vc_row vc_custom_1699889376802 row-container\" style=\"padding-top: 10px ;\" id=\"row-unique-2\"><div class=\"row no-top-padding double-bottom-padding no-h-padding limit-width row-parent\"><div class=\"wpb_row row-inner\"><div class=\"wpb_column pos-top pos-center align_left column_parent col-lg-12 single-internal-gutter\"><div class=\"uncol style-light\"  ><div class=\"uncoltable\"><div class=\"uncell\" ><div class=\"uncont no-block-padding col-custom-width\" style=\" max-width:65%;\" ><div class=\"icon-box icon-box-left  video_box icon-media-image\" ><div class=\"icon-box-icon fa-container\" style=\"width:50px;margin-bottom: 0px;\" ><a role=\"button\" href=\"https:\/\/glassouse.com\/wp-content\/uploads\/2018\/03\/GS02-Puff-Switch-intro-1.mp4\" data-lbox=\"ilightbox_single-212644\" data-options=\"width:1920,height:1080,html5video:{preload:&#039;true&#039;,},\" data-active=\"1\" class=\"text-color-xsdn-color custom-link\"><img decoding=\"async\" class=\"\" src=\"https:\/\/glassouse.com\/wp-content\/uploads\/2018\/03\/puff-switch-video-cover.png\" width=\"1067\" height=\"598\" alt=\"puff-switch-video-cover\"  \/><\/a><\/div><\/div><div class=\"uncode_text_column\" ><p><strong>Der Puff Switch wurde speziell f\u00fcr GlassOuse V1.2 entwickelt,<\/strong> Obwohl Sie es an jedes Art angepasstes Ger\u00e4t anschlie\u00dfen k\u00f6nnen, das einen 3,5-mm-Klinkenanschluss (m\u00e4nnlich zu weiblich) f\u00fcr externe Schaltersteuerungen bietet. Im Gegensatz zu herk\u00f6mmlichen Sip-and-Puff-Systemen verwendet der Puff Switch ein elektronisches Modul, um die Klicks durch Blasen zu erzeugen. Blasen Sie einfach in Richtung des Schalters, und der eingebaute Blasentrigger wandelt die Blasenfrequenzen in Signale um, um die Klicks auszuf\u00fchren.<\/p>\n<p><strong>Der Schalter funktioniert mit einer m\u00fcnzgro\u00dfen Batterie \u2013 extrem einfach zu wechseln \u2013 und die Batterielaufzeit kann bis zu zwei Monate betragen.<\/strong> Der intelligente Akku des Puff Switch schaltet das Ger\u00e4t nach einer Stunde Nichtbenutzung automatisch ab, um die Akkulaufzeit zu verl\u00e4ngern. Der Switch kann auch manuell durch Dr\u00fccken des kleinen Knopfes am Modul ausgeschaltet werden.<\/p>\n<\/div><div id=\"gallery-469288\" class=\"un-media-gallery isotope-system isotope-general-light grid-general-light  c_gallery two_column_gallery\">\n\t\t\t\t\t\n\t\n\t<div class=\"isotope-wrapper grid-wrapper half-gutter\" >\n\t\t\t\t\t\t\t\t\t<div class=\"isotope-container isotope-layout style-masonry\" data-type=\"masonry\" data-layout=\"fitRows\" data-lg=\"1000\" data-md=\"600\" data-sm=\"480\">\n<div class=\"tmb tmb-iso-w4 tmb-iso-h4 tmb-light tmb-overlay-text-anim tmb-overlay-anim tmb-overlay-middle tmb-overlay-text-center tmb-image-anim-magnetic tmb-bordered tmb-id-21625  tmb-media-first tmb-media-last tmb-content-overlay tmb-no-bg tmb-lightbox\" ><div class=\"t-inside no-anim\" ><div class=\"t-entry-visual\"><div class=\"t-entry-visual-tc\"><div class=\"t-entry-visual-cont\"><div class=\"dummy\" style=\"padding-top: 66.7%;\"><\/div><a href=\"https:\/\/glassouse.com\/wp-content\/uploads\/2018\/03\/gs02-gallery-img-1.jpg\"  class=\"pushed\" data-active=\"1\" data-lbox=\"ilightbox_gallery-469288\" data-options=\"width:642,height:428,thumbnail: 'https:\/\/glassouse.com\/wp-content\/uploads\/2018\/03\/gs02-gallery-img-1-300x200.jpg'\" data-lb-index=\"0\"><div class=\"t-entry-visual-overlay\"><div class=\"t-entry-visual-overlay-in style-dark-bg\" style=\"opacity: 0.5;\"><\/div><\/div><img decoding=\"async\" class=\"wp-image-21625\" src=\"https:\/\/glassouse.com\/wp-content\/uploads\/2018\/03\/gs02-gallery-img-1.jpg\" width=\"642\" height=\"428\" alt=\"\" srcset=\"https:\/\/glassouse.com\/wp-content\/uploads\/2018\/03\/gs02-gallery-img-1.jpg 642w, https:\/\/glassouse.com\/wp-content\/uploads\/2018\/03\/gs02-gallery-img-1-300x200.jpg 300w, https:\/\/glassouse.com\/wp-content\/uploads\/2018\/03\/gs02-gallery-img-1-350x233.jpg 350w\" sizes=\"(max-width: 642px) 100vw, 642px\" \/><\/a><\/div>\n\t\t\t\t\t<\/div>\n\t\t\t\t<\/div><\/div><\/div><div class=\"tmb tmb-iso-w4 tmb-iso-h4 tmb-light tmb-overlay-text-anim tmb-overlay-anim tmb-overlay-middle tmb-overlay-text-center tmb-image-anim-magnetic tmb-bordered tmb-id-21633  tmb-media-first tmb-media-last tmb-content-overlay tmb-no-bg tmb-lightbox\" ><div class=\"t-inside no-anim\" ><div class=\"t-entry-visual\"><div class=\"t-entry-visual-tc\"><div class=\"t-entry-visual-cont\"><div class=\"dummy\" style=\"padding-top: 61.8%;\"><\/div><a href=\"https:\/\/glassouse.com\/wp-content\/uploads\/2018\/03\/gs02-gallery-img-2.jpg\"  class=\"pushed\" data-active=\"1\" data-lbox=\"ilightbox_gallery-469288\" data-options=\"width:524,height:324,thumbnail: 'https:\/\/glassouse.com\/wp-content\/uploads\/2018\/03\/gs02-gallery-img-2-300x185.jpg'\" data-lb-index=\"1\"><div class=\"t-entry-visual-overlay\"><div class=\"t-entry-visual-overlay-in style-dark-bg\" style=\"opacity: 0.5;\"><\/div><\/div><img decoding=\"async\" class=\"wp-image-21633\" src=\"https:\/\/glassouse.com\/wp-content\/uploads\/2018\/03\/gs02-gallery-img-2.jpg\" width=\"524\" height=\"324\" alt=\"\" srcset=\"https:\/\/glassouse.com\/wp-content\/uploads\/2018\/03\/gs02-gallery-img-2.jpg 524w, https:\/\/glassouse.com\/wp-content\/uploads\/2018\/03\/gs02-gallery-img-2-300x185.jpg 300w, https:\/\/glassouse.com\/wp-content\/uploads\/2018\/03\/gs02-gallery-img-2-350x216.jpg 350w\" sizes=\"(max-width: 524px) 100vw, 524px\" \/><\/a><\/div>\n\t\t\t\t\t<\/div>\n\t\t\t\t<\/div><\/div><\/div>\t\t\t<\/div>\n\t\t\t\t\t<\/div>\n\n\t\n\t\n\t\n<\/div>\n\n<div id=\"gallery-469288\" class=\"un-media-gallery isotope-system isotope-general-light grid-general-light  c_gallery mt-0 pt-20\">\n\t\t\t\t\t\n\t\n\t<div class=\"isotope-wrapper grid-wrapper single-gutter\" >\n\t\t\t\t\t\t\t\t\t<div class=\"isotope-container isotope-layout style-masonry\" data-type=\"masonry\" data-layout=\"masonry\" data-lg=\"1000\" data-md=\"600\" data-sm=\"480\">\n<div class=\"tmb tmb-iso-w12 tmb-iso-h4 tmb-light tmb-overlay-text-anim tmb-overlay-anim tmb-overlay-middle tmb-overlay-text-left tmb-image-anim tmb-bordered tmb-id-21641  tmb-media-first tmb-media-last tmb-content-overlay tmb-no-bg tmb-lightbox\" ><div class=\"t-inside no-anim\" ><div class=\"t-entry-visual\"><div class=\"t-entry-visual-tc\"><div class=\"t-entry-visual-cont\"><div class=\"dummy\" style=\"padding-top: 30.4%;\"><\/div><a href=\"https:\/\/glassouse.com\/wp-content\/uploads\/2018\/03\/gs02-gallery-img-3.jpg\"  class=\"pushed\" data-active=\"1\" data-lbox=\"ilightbox_gallery-469288\" data-options=\"width:1074,height:326,thumbnail: 'https:\/\/glassouse.com\/wp-content\/uploads\/2018\/03\/gs02-gallery-img-3-300x91.jpg'\" data-lb-index=\"0\"><div class=\"t-entry-visual-overlay\"><div class=\"t-entry-visual-overlay-in style-dark-bg\" style=\"opacity: 0.5;\"><\/div><\/div><img decoding=\"async\" class=\"wp-image-21641\" src=\"https:\/\/glassouse.com\/wp-content\/uploads\/2018\/03\/gs02-gallery-img-3.jpg\" width=\"1074\" height=\"326\" alt=\"gs02-gallery-img-3\" srcset=\"https:\/\/glassouse.com\/wp-content\/uploads\/2018\/03\/gs02-gallery-img-3.jpg 1074w, https:\/\/glassouse.com\/wp-content\/uploads\/2018\/03\/gs02-gallery-img-3-300x91.jpg 300w, https:\/\/glassouse.com\/wp-content\/uploads\/2018\/03\/gs02-gallery-img-3-1024x311.jpg 1024w, https:\/\/glassouse.com\/wp-content\/uploads\/2018\/03\/gs02-gallery-img-3-768x233.jpg 768w, https:\/\/glassouse.com\/wp-content\/uploads\/2018\/03\/gs02-gallery-img-3-350x106.jpg 350w\" sizes=\"(max-width: 1074px) 100vw, 1074px\" \/><\/a><\/div>\n\t\t\t\t\t<\/div>\n\t\t\t\t<\/div><\/div><\/div>\t\t\t<\/div>\n\t\t\t\t\t<\/div>\n\n\t\n\t\n\t\n<\/div>\n\n<\/div><\/div><\/div><\/div><\/div><script id=\"script-row-unique-2\" data-row=\"script-row-unique-2\" type=\"text\/javascript\" class=\"vc_controls\">UNCODE.initRow(document.getElementById(\"row-unique-2\"));<\/script><\/div><\/div><\/div>\n<\/div>","protected":false},"excerpt":{"rendered":"No More SipsFully Electronic System Puff SwitchCompatible WithGlassOuse PRO\/LinkGlassOuse 1.4Puff Switch is genuinely designed for GlassOuse V1.2, yet you can [...]","protected":false},"featured_media":4572,"template":"","meta":{"_acf_changed":false},"product_brand":[],"product_cat":[25],"product_tag":[],"class_list":{"0":"post-22217","1":"product","2":"type-product","3":"status-publish","4":"has-post-thumbnail","6":"product_cat-g-switches_adaptive-switches","8":"first","9":"instock","10":"shipping-taxable","11":"purchasable","12":"product-type-simple"},"acf":[],"yoast_head":"<!-- This site is optimized with the Yoast SEO plugin v27.6 - https:\/\/yoast.com\/product\/yoast-seo-wordpress\/ -->\n<title>GlassOuse Puff Switch for Sale - Assistive Device for Disabilities<\/title>\n<meta name=\"description\" content=\"Buy Puff switch from GlassOuse, uses fully electronic system, compatible with GlassOuse V1.2 and other devices with 3.5mm Jack. Shipping worldwide.\" \/>\n<meta name=\"robots\" content=\"index, follow, max-snippet:-1, max-image-preview:large, max-video-preview:-1\" \/>\n<link rel=\"canonical\" href=\"https:\/\/glassouse.com\/de\/produkt\/glassouse-puff-switch-r\/\" \/>\n<meta property=\"og:locale\" content=\"de_DE\" \/>\n<meta property=\"og:type\" content=\"article\" \/>\n<meta property=\"og:title\" content=\"GlassOuse Puff Switch for Sale - Assistive Device for Disabilities\" \/>\n<meta property=\"og:description\" content=\"Buy Puff switch from GlassOuse, uses fully electronic system, compatible with GlassOuse V1.2 and other devices with 3.5mm Jack. Shipping worldwide.\" \/>\n<meta property=\"og:url\" content=\"https:\/\/glassouse.com\/de\/produkt\/glassouse-puff-switch-r\/\" \/>\n<meta property=\"og:site_name\" content=\"Glassouse Assistive Device\" \/>\n<meta property=\"article:publisher\" content=\"https:\/\/www.facebook.com\/glassouse\/\" \/>\n<meta property=\"article:modified_time\" content=\"2026-04-29T18:22:45+00:00\" \/>\n<meta property=\"og:image\" content=\"https:\/\/glassouse.com\/wp-content\/uploads\/2018\/03\/GS02-image-2.jpg\" \/>\n\t<meta property=\"og:image:width\" content=\"1000\" \/>\n\t<meta property=\"og:image:height\" content=\"1000\" \/>\n\t<meta property=\"og:image:type\" content=\"image\/jpeg\" \/>\n<meta name=\"twitter:card\" content=\"summary_large_image\" \/>\n<meta name=\"twitter:site\" content=\"@glassouse\" \/>\n<meta name=\"twitter:label1\" content=\"Gesch\u00e4tzte Lesezeit\" \/>\n\t<meta name=\"twitter:data1\" content=\"2\u00a0Minuten\" \/>\n<script type=\"application\/ld+json\" class=\"yoast-schema-graph\">{\"@context\":\"https:\\\/\\\/schema.org\",\"@graph\":[{\"@type\":\"WebPage\",\"@id\":\"https:\\\/\\\/glassouse.com\\\/product\\\/glassouse-puff-switch-r\\\/\",\"url\":\"https:\\\/\\\/glassouse.com\\\/product\\\/glassouse-puff-switch-r\\\/\",\"name\":\"GlassOuse Puff Switch for Sale - Assistive Device for Disabilities\",\"isPartOf\":{\"@id\":\"https:\\\/\\\/glassouse.com\\\/#website\"},\"primaryImageOfPage\":{\"@id\":\"https:\\\/\\\/glassouse.com\\\/product\\\/glassouse-puff-switch-r\\\/#primaryimage\"},\"image\":{\"@id\":\"https:\\\/\\\/glassouse.com\\\/product\\\/glassouse-puff-switch-r\\\/#primaryimage\"},\"thumbnailUrl\":\"https:\\\/\\\/glassouse.com\\\/wp-content\\\/uploads\\\/2018\\\/03\\\/GS02-image-2.jpg\",\"datePublished\":\"2026-04-29T18:22:44+00:00\",\"dateModified\":\"2026-04-29T18:22:45+00:00\",\"description\":\"Buy Puff switch from GlassOuse, uses fully electronic system, compatible with GlassOuse V1.2 and other devices with 3.5mm Jack. Shipping worldwide.\",\"breadcrumb\":{\"@id\":\"https:\\\/\\\/glassouse.com\\\/product\\\/glassouse-puff-switch-r\\\/#breadcrumb\"},\"inLanguage\":\"de\",\"potentialAction\":[{\"@type\":\"ReadAction\",\"target\":[\"https:\\\/\\\/glassouse.com\\\/product\\\/glassouse-puff-switch-r\\\/\"]}]},{\"@type\":\"ImageObject\",\"inLanguage\":\"de\",\"@id\":\"https:\\\/\\\/glassouse.com\\\/product\\\/glassouse-puff-switch-r\\\/#primaryimage\",\"url\":\"https:\\\/\\\/glassouse.com\\\/wp-content\\\/uploads\\\/2018\\\/03\\\/GS02-image-2.jpg\",\"contentUrl\":\"https:\\\/\\\/glassouse.com\\\/wp-content\\\/uploads\\\/2018\\\/03\\\/GS02-image-2.jpg\",\"width\":1000,\"height\":1000,\"caption\":\"GS02\"},{\"@type\":\"BreadcrumbList\",\"@id\":\"https:\\\/\\\/glassouse.com\\\/product\\\/glassouse-puff-switch-r\\\/#breadcrumb\",\"itemListElement\":[{\"@type\":\"ListItem\",\"position\":1,\"name\":\"Home\",\"item\":\"https:\\\/\\\/glassouse.com\\\/\"},{\"@type\":\"ListItem\",\"position\":2,\"name\":\"Shop\",\"item\":\"https:\\\/\\\/glassouse.com\\\/assistive-device_shop\\\/\"},{\"@type\":\"ListItem\",\"position\":3,\"name\":\"GlassOuse Puff Switch (R)\"}]},{\"@type\":\"WebSite\",\"@id\":\"https:\\\/\\\/glassouse.com\\\/#website\",\"url\":\"https:\\\/\\\/glassouse.com\\\/\",\"name\":\"Glassouse Assistive Device\",\"description\":\"Assistive Device and Switches for Disabled\",\"publisher\":{\"@id\":\"https:\\\/\\\/glassouse.com\\\/#organization\"},\"potentialAction\":[{\"@type\":\"SearchAction\",\"target\":{\"@type\":\"EntryPoint\",\"urlTemplate\":\"https:\\\/\\\/glassouse.com\\\/?s={search_term_string}\"},\"query-input\":{\"@type\":\"PropertyValueSpecification\",\"valueRequired\":true,\"valueName\":\"search_term_string\"}}],\"inLanguage\":\"de\"},{\"@type\":\"Organization\",\"@id\":\"https:\\\/\\\/glassouse.com\\\/#organization\",\"name\":\"GlassOuse Assistive Device\",\"url\":\"https:\\\/\\\/glassouse.com\\\/\",\"logo\":{\"@type\":\"ImageObject\",\"inLanguage\":\"de\",\"@id\":\"https:\\\/\\\/glassouse.com\\\/#\\\/schema\\\/logo\\\/image\\\/\",\"url\":\"https:\\\/\\\/glassouse.com\\\/wp-content\\\/uploads\\\/2017\\\/11\\\/logo.jpg\",\"contentUrl\":\"https:\\\/\\\/glassouse.com\\\/wp-content\\\/uploads\\\/2017\\\/11\\\/logo.jpg\",\"width\":500,\"height\":500,\"caption\":\"GlassOuse Assistive Device\"},\"image\":{\"@id\":\"https:\\\/\\\/glassouse.com\\\/#\\\/schema\\\/logo\\\/image\\\/\"},\"sameAs\":[\"https:\\\/\\\/www.facebook.com\\\/glassouse\\\/\",\"https:\\\/\\\/x.com\\\/glassouse\",\"https:\\\/\\\/www.instagram.com\\\/glassouseassistivedevice\\\/\",\"https:\\\/\\\/www.linkedin.com\\\/company\\\/glassouse\\\/\",\"https:\\\/\\\/www.youtube.com\\\/channel\\\/UCM5pebcmVXbu00QYd91_Gyw\"]}]}<\/script>\n<!-- \/ Yoast SEO plugin. -->","yoast_head_json":{"title":"GlassOuse Puff Switch for Sale - Assistive Device for Disabilities","description":"Buy Puff switch from GlassOuse, uses fully electronic system, compatible with GlassOuse V1.2 and other devices with 3.5mm Jack. Shipping worldwide.","robots":{"index":"index","follow":"follow","max-snippet":"max-snippet:-1","max-image-preview":"max-image-preview:large","max-video-preview":"max-video-preview:-1"},"canonical":"https:\/\/glassouse.com\/de\/produkt\/glassouse-puff-switch-r\/","og_locale":"de_DE","og_type":"article","og_title":"GlassOuse Puff Switch for Sale - Assistive Device for Disabilities","og_description":"Buy Puff switch from GlassOuse, uses fully electronic system, compatible with GlassOuse V1.2 and other devices with 3.5mm Jack. Shipping worldwide.","og_url":"https:\/\/glassouse.com\/de\/produkt\/glassouse-puff-switch-r\/","og_site_name":"Glassouse Assistive Device","article_publisher":"https:\/\/www.facebook.com\/glassouse\/","article_modified_time":"2026-04-29T18:22:45+00:00","og_image":[{"width":1000,"height":1000,"url":"https:\/\/glassouse.com\/wp-content\/uploads\/2018\/03\/GS02-image-2.jpg","type":"image\/jpeg"}],"twitter_card":"summary_large_image","twitter_site":"@glassouse","twitter_misc":{"Gesch\u00e4tzte Lesezeit":"2\u00a0Minuten"},"schema":{"@context":"https:\/\/schema.org","@graph":[{"@type":"WebPage","@id":"https:\/\/glassouse.com\/product\/glassouse-puff-switch-r\/","url":"https:\/\/glassouse.com\/product\/glassouse-puff-switch-r\/","name":"GlassOuse Puff Switch for Sale - Assistive Device for Disabilities","isPartOf":{"@id":"https:\/\/glassouse.com\/#website"},"primaryImageOfPage":{"@id":"https:\/\/glassouse.com\/product\/glassouse-puff-switch-r\/#primaryimage"},"image":{"@id":"https:\/\/glassouse.com\/product\/glassouse-puff-switch-r\/#primaryimage"},"thumbnailUrl":"https:\/\/glassouse.com\/wp-content\/uploads\/2018\/03\/GS02-image-2.jpg","datePublished":"2026-04-29T18:22:44+00:00","dateModified":"2026-04-29T18:22:45+00:00","description":"Buy Puff switch from GlassOuse, uses fully electronic system, compatible with GlassOuse V1.2 and other devices with 3.5mm Jack. Shipping worldwide.","breadcrumb":{"@id":"https:\/\/glassouse.com\/product\/glassouse-puff-switch-r\/#breadcrumb"},"inLanguage":"de","potentialAction":[{"@type":"ReadAction","target":["https:\/\/glassouse.com\/product\/glassouse-puff-switch-r\/"]}]},{"@type":"ImageObject","inLanguage":"de","@id":"https:\/\/glassouse.com\/product\/glassouse-puff-switch-r\/#primaryimage","url":"https:\/\/glassouse.com\/wp-content\/uploads\/2018\/03\/GS02-image-2.jpg","contentUrl":"https:\/\/glassouse.com\/wp-content\/uploads\/2018\/03\/GS02-image-2.jpg","width":1000,"height":1000,"caption":"GS02"},{"@type":"BreadcrumbList","@id":"https:\/\/glassouse.com\/product\/glassouse-puff-switch-r\/#breadcrumb","itemListElement":[{"@type":"ListItem","position":1,"name":"Home","item":"https:\/\/glassouse.com\/"},{"@type":"ListItem","position":2,"name":"Shop","item":"https:\/\/glassouse.com\/assistive-device_shop\/"},{"@type":"ListItem","position":3,"name":"GlassOuse Puff Switch (R)"}]},{"@type":"WebSite","@id":"https:\/\/glassouse.com\/#website","url":"https:\/\/glassouse.com\/","name":"Glassouse Hilfsmittels","description":"Hilfsmittel und Schalter f\u00fcr Behinderte","publisher":{"@id":"https:\/\/glassouse.com\/#organization"},"potentialAction":[{"@type":"SearchAction","target":{"@type":"EntryPoint","urlTemplate":"https:\/\/glassouse.com\/?s={search_term_string}"},"query-input":{"@type":"PropertyValueSpecification","valueRequired":true,"valueName":"search_term_string"}}],"inLanguage":"de"},{"@type":"Organization","@id":"https:\/\/glassouse.com\/#organization","name":"GlassOuse Hilfsmittel","url":"https:\/\/glassouse.com\/","logo":{"@type":"ImageObject","inLanguage":"de","@id":"https:\/\/glassouse.com\/#\/schema\/logo\/image\/","url":"https:\/\/glassouse.com\/wp-content\/uploads\/2017\/11\/logo.jpg","contentUrl":"https:\/\/glassouse.com\/wp-content\/uploads\/2017\/11\/logo.jpg","width":500,"height":500,"caption":"GlassOuse Assistive Device"},"image":{"@id":"https:\/\/glassouse.com\/#\/schema\/logo\/image\/"},"sameAs":["https:\/\/www.facebook.com\/glassouse\/","https:\/\/x.com\/glassouse","https:\/\/www.instagram.com\/glassouseassistivedevice\/","https:\/\/www.linkedin.com\/company\/glassouse\/","https:\/\/www.youtube.com\/channel\/UCM5pebcmVXbu00QYd91_Gyw"]}]}},"_links":{"self":[{"href":"https:\/\/glassouse.com\/de\/wp-json\/wp\/v2\/product\/22217","targetHints":{"allow":["GET"]}}],"collection":[{"href":"https:\/\/glassouse.com\/de\/wp-json\/wp\/v2\/product"}],"about":[{"href":"https:\/\/glassouse.com\/de\/wp-json\/wp\/v2\/types\/product"}],"wp:featuredmedia":[{"embeddable":true,"href":"https:\/\/glassouse.com\/de\/wp-json\/wp\/v2\/media\/4572"}],"wp:attachment":[{"href":"https:\/\/glassouse.com\/de\/wp-json\/wp\/v2\/media?parent=22217"}],"wp:term":[{"taxonomy":"product_brand","embeddable":true,"href":"https:\/\/glassouse.com\/de\/wp-json\/wp\/v2\/product_brand?post=22217"},{"taxonomy":"product_cat","embeddable":true,"href":"https:\/\/glassouse.com\/de\/wp-json\/wp\/v2\/product_cat?post=22217"},{"taxonomy":"product_tag","embeddable":true,"href":"https:\/\/glassouse.com\/de\/wp-json\/wp\/v2\/product_tag?post=22217"}],"curies":[{"name":"wp","href":"https:\/\/api.w.org\/{rel}","templated":true}]}}