{"id":25672,"date":"2026-04-30T02:22:41","date_gmt":"2026-04-29T18:22:41","guid":{"rendered":"https:\/\/glassouse.com\/?post_type=product&#038;p=25672"},"modified":"2026-05-01T06:13:48","modified_gmt":"2026-04-30T22:13:48","slug":"gm01-g-mount-multi-mount","status":"publish","type":"product","link":"https:\/\/glassouse.com\/de\/produkt\/gm01-g-mount-multi-mount\/","title":{"rendered":"GM01 G-Halterung Multi-Halterung"},"content":{"rendered":"<div class=\"wpb-content-wrapper\"><div data-parent=\"true\" class=\"vc_row compact_section vc_custom_1699886063694 row-container\" style=\"padding-top: 15px ;padding-right: 0px ;padding-left: 0px ;\" id=\"row-unique-0\"><div class=\"row unequal col-no-gutter no-top-padding no-bottom-padding no-h-padding full-width row-parent\"><div class=\"wpb_row row-inner\"><div class=\"wpb_column pos-middle pos-left align_left column_parent col-lg-12 content_column bg_right_top no-internal-gutter\"><div class=\"uncol style-light\"  ><div class=\"uncoltable\"><div class=\"uncell  vc_custom_1775821956544 no-block-padding\" style=\"padding-top: 180px ;padding-right: 0px ;padding-bottom: 180px ;padding-left: 50px ;\" ><div class=\"column-background background-element\">\n\t\t\t\t\t\t\t\t\t\t\t<div class=\"background-wrapper\">\n\t\t\t\t\t\t\t\t\t\t\t\t<div class=\"background-inner\" style=\"background-image: url(https:\/\/glassouse.com\/wp-content\/uploads\/2026\/04\/GM01-G-Mount-scene-img-01-scaled.webp);background-repeat: no-repeat;background-position: center center;background-size: cover;\" data-o_src=\"https:\/\/glassouse.com\/wp-content\/uploads\/2026\/04\/GM01-G-Mount-scene-img-01-scaled.webp\"><\/div>\n\t\t\t\t\t\t\t\t\t\t\t\t\n\t\t\t\t\t\t\t\t\t\t\t<\/div>\n\t\t\t\t\t\t\t\t\t\t<\/div><div class=\"uncont\" ><div class=\"vc_row limit-width vc_custom_1699885489765 row-internal row-container\" style=\"padding-right: 0px ;padding-left: 0px ;\"><div class=\"row col-no-gutter row-child\"><div class=\"wpb_row row-inner row-inner-force\"><div class=\"wpb_column pos-middle pos-left align_left column_child col-lg-6 no-internal-gutter\"><div class=\"uncol style-light\" ><div class=\"uncoltable\"><div class=\"uncell  vc_custom_1699830045690 no-block-padding\" style=\"padding-right: 2% ;padding-left: 0px ;\" ><div class=\"uncont\" ><div class=\"vc_custom_heading_wrap lh-1\"><div class=\"heading-text el-text\" ><h2 class=\"h3 font-weight-600 text-color-jevc-color\" ><span><strong style=\"font-weight: bold;\">GlassOuse G-Mount<\/strong><br \/><\/span><span>Verstellbare Halterung f\u00fcr Ihr Ger\u00e4t<\/span><\/h2><\/div><div class=\"clear\"><\/div><\/div><div class=\"divider-wrapper c-divider\"  >\n    <hr class=\"unseparator border-sep_color-162390-color separator-no-padding\"  style=\"width: 40px;border-top-width: 5px;\" \/>\n<\/div>\n<\/div><\/div><\/div><\/div><\/div><div class=\"wpb_column pos-top pos-center align_left column_child col-lg-6 single-internal-gutter\"><div class=\"uncol style-light\" ><div class=\"uncoltable\"><div class=\"uncell no-block-padding\" ><div class=\"uncont\" ><\/div><\/div><\/div><\/div><\/div><\/div><\/div><\/div><\/div><\/div><\/div><\/div><\/div><script id=\"script-row-unique-0\" data-row=\"script-row-unique-0\" type=\"text\/javascript\" class=\"vc_controls\">UNCODE.initRow(document.getElementById(\"row-unique-0\"));<\/script><\/div><\/div><\/div><div data-parent=\"true\" class=\"vc_row vc_custom_1737329138718 row-container\" style=\"padding-top: 10px ;\" id=\"row-unique-1\"><div class=\"row double-top-padding single-bottom-padding no-h-padding limit-width row-parent\"><div class=\"wpb_row row-inner\"><div class=\"wpb_column pos-top pos-center align_center column_parent col-lg-12 single-internal-gutter\"><div class=\"uncol style-light\"  ><div class=\"uncoltable\"><div class=\"uncell\" ><div class=\"uncont no-block-padding col-custom-width\" style=\" max-width:65%;\" ><div class=\"vc_custom_heading_wrap\"><div class=\"heading-text el-text\" ><h2 class=\"h2 lh-n font-weight-700 text-color-jevc-color\" ><span>GM01 G-Halterung Multi-Halterung<br \/><\/span><span>Verstellbarer Magic Arm Tablet- &amp; Handyhalter<\/span><\/h2><\/div><div class=\"clear\"><\/div><\/div><div class=\"divider-wrapper c-divider\"  >\n    <hr class=\"unseparator border-sep_color-132173-color separator-no-padding\"  style=\"width: 82px;border-top-width: 5px;\" \/>\n<\/div>\n<div class=\"uncode_text_column\" ><\/p>\n<p style=\"text-align: center;\">Die GlassOuse G-Mount Multi-Mount (GM01) ist eine vielseitige und langlebige Montage-L\u00f6sung f\u00fcr stabile, freih\u00e4ndige Ger\u00e4tepositionierung. Gebaut mit einer hochwertigen Aluminiumlegierungsstruktur, verf\u00fcgt sie \u00fcber einen flexiblen Zauberarm, einen Kugelkopf f\u00fcr pr\u00e4zise Einstellung und eine starke Klemme f\u00fcr sichere Befestigung. Sie h\u00e4lt Smartphones und Tablets mit flexibler Winkeleinstellung f\u00fcr bequemes Ansehen und Steuerung. Ideal f\u00fcr den Einsatz auf Schreibtischen, Nachttischen, Rollst\u00fchlen und anderen stabilen Oberfl\u00e4chen, verbessert sie Komfort, Zug\u00e4nglichkeit und Unabh\u00e4ngigkeit im t\u00e4glichen Gebrauch.<\/p>\n<p>\n<\/div><\/div><\/div><\/div><\/div><\/div><script id=\"script-row-unique-1\" data-row=\"script-row-unique-1\" type=\"text\/javascript\" class=\"vc_controls\">UNCODE.initRow(document.getElementById(\"row-unique-1\"));<\/script><\/div><\/div><\/div><div data-parent=\"true\" class=\"vc_row two_columns_section vc_custom_1653518473187 row-container\" style=\"padding-right: 0px ;padding-left: 0px ;\" id=\"row-unique-2\"><div class=\"row unequal col-no-gutter no-top-padding no-bottom-padding no-h-padding full-width row-parent\"><div class=\"wpb_row row-inner\"><div class=\"wpb_column pos-middle pos-center align_left column_parent col-lg-6 image_column single-internal-gutter\"><div class=\"uncol style-light\"  ><div class=\"uncoltable\"><div class=\"uncell no-block-padding\" ><div class=\"uncont\" ><div class=\"uncode-single-media  text-center\"><div class=\"single-wrapper\" style=\"max-width: 80%;\"><div class=\"tmb tmb-light  tmb-media-first tmb-media-last tmb-content-overlay tmb-no-bg\"><div class=\"t-inside\"><div class=\"t-entry-visual\"><div class=\"t-entry-visual-tc\"><div class=\"uncode-single-media-wrapper\"><img decoding=\"async\" class=\"wp-image-25694\" src=\"https:\/\/glassouse.com\/wp-content\/uploads\/2026\/04\/GM01-G-Mount-scene-img-03-scaled.webp\" width=\"2560\" height=\"1698\" alt=\"GM01-G-Mount-scene-img\" srcset=\"https:\/\/glassouse.com\/wp-content\/uploads\/2026\/04\/GM01-G-Mount-scene-img-03-scaled.webp 2560w, https:\/\/glassouse.com\/wp-content\/uploads\/2026\/04\/GM01-G-Mount-scene-img-03-300x199.webp 300w, https:\/\/glassouse.com\/wp-content\/uploads\/2026\/04\/GM01-G-Mount-scene-img-03-1024x679.webp 1024w, https:\/\/glassouse.com\/wp-content\/uploads\/2026\/04\/GM01-G-Mount-scene-img-03-768x509.webp 768w, https:\/\/glassouse.com\/wp-content\/uploads\/2026\/04\/GM01-G-Mount-scene-img-03-1536x1019.webp 1536w, https:\/\/glassouse.com\/wp-content\/uploads\/2026\/04\/GM01-G-Mount-scene-img-03-2048x1359.webp 2048w, https:\/\/glassouse.com\/wp-content\/uploads\/2026\/04\/GM01-G-Mount-scene-img-03-350x232.webp 350w\" sizes=\"(max-width: 2560px) 100vw, 2560px\" \/><\/div>\n\t\t\t\t\t<\/div>\n\t\t\t\t<\/div><\/div><\/div><\/div><\/div><\/div><\/div><\/div><\/div><\/div><div class=\"wpb_column pos-middle pos-right align_right column_parent col-lg-6 content_column single-internal-gutter\"><div class=\"uncol style-light\"  ><div class=\"uncoltable\"><div class=\"uncell  vc_custom_1653518516622 no-block-padding\" style=\"padding-right: 180px ;padding-left: 30% ;\" ><div class=\"uncont\" ><div class=\"vc_custom_heading_wrap\"><div class=\"heading-text el-text\" ><p class=\"fs-50 lh-n font-weight-700 text-color-jevc-color\" ><span>Starker Griff f\u00fcr Stabilit\u00e4t<\/span><\/p><\/div><div class=\"clear\"><\/div><\/div><div class=\"divider-wrapper c-divider\"  >\n    <hr class=\"unseparator border-sep_color-255087-color separator-no-padding\"  style=\"width: 82px;border-top-width: 5px;\" \/>\n<\/div>\n<div class=\"uncode_text_column\" ><p>Ein flexibler Magic Arm in Kombination mit einer starken Klemme sorgt f\u00fcr eine stabile Befestigung an Schreibtischen, Bettrahmen, Stangen und anderen Oberfl\u00e4chen mit einer Dicke von bis zu 5 cm.<\/p>\n<\/div><\/div><\/div><\/div><\/div><\/div><script id=\"script-row-unique-2\" data-row=\"script-row-unique-2\" type=\"text\/javascript\" class=\"vc_controls\">UNCODE.initRow(document.getElementById(\"row-unique-2\"));<\/script><\/div><\/div><\/div><div data-parent=\"true\" class=\"vc_row two_columns_section vc_custom_1653518473187 row-container\" style=\"padding-right: 0px ;padding-left: 0px ;\" id=\"row-unique-3\"><div class=\"row unequal col-no-gutter no-top-padding no-bottom-padding no-h-padding full-width row-parent\"><div class=\"wpb_row row-inner\"><div class=\"wpb_column pos-middle pos-right align_right column_parent col-lg-6 content_column single-internal-gutter\"><div class=\"uncol style-light\"  ><div class=\"uncoltable\"><div class=\"uncell  vc_custom_1653518516622 no-block-padding\" style=\"padding-right: 180px ;padding-left: 30% ;\" ><div class=\"uncont\" ><div class=\"vc_custom_heading_wrap\"><div class=\"heading-text el-text\" ><p class=\"fs-50 lh-n font-weight-700 text-color-jevc-color\" ><span>Breite Kompatibilit\u00e4t<\/span><\/p><\/div><div class=\"clear\"><\/div><\/div><div class=\"divider-wrapper c-divider\"  >\n    <hr class=\"unseparator border-sep_color-255087-color separator-no-padding\"  style=\"width: 82px;border-top-width: 5px;\" \/>\n<\/div>\n<div class=\"uncode_text_column\" ><p>Passt f\u00fcr Smartphones und Tablets von 10 \u2013 33 cm (4 \u2013 13 Zoll) (innerhalb einer Tragf\u00e4higkeit von 800 g), unterst\u00fctzt sowohl Hoch- als auch Querformat.<\/p>\n<\/div><\/div><\/div><\/div><\/div><\/div><div class=\"wpb_column pos-middle pos-center align_left column_parent col-lg-6 image_column single-internal-gutter\"><div class=\"uncol style-light\"  ><div class=\"uncoltable\"><div class=\"uncell no-block-padding\" ><div class=\"uncont\" ><div class=\"uncode-single-media  text-center\"><div class=\"single-wrapper\" style=\"max-width: 80%;\"><div class=\"tmb tmb-light  tmb-media-first tmb-media-last tmb-content-overlay tmb-no-bg\"><div class=\"t-inside\"><div class=\"t-entry-visual\"><div class=\"t-entry-visual-tc\"><div class=\"uncode-single-media-wrapper\"><img decoding=\"async\" class=\"wp-image-25693\" src=\"https:\/\/glassouse.com\/wp-content\/uploads\/2026\/04\/GM01-G-Mount-scene-img-02-scaled.webp\" width=\"2560\" height=\"1698\" alt=\"GM01-G-Mount-scene-img\" srcset=\"https:\/\/glassouse.com\/wp-content\/uploads\/2026\/04\/GM01-G-Mount-scene-img-02-scaled.webp 2560w, https:\/\/glassouse.com\/wp-content\/uploads\/2026\/04\/GM01-G-Mount-scene-img-02-300x199.webp 300w, https:\/\/glassouse.com\/wp-content\/uploads\/2026\/04\/GM01-G-Mount-scene-img-02-1024x679.webp 1024w, https:\/\/glassouse.com\/wp-content\/uploads\/2026\/04\/GM01-G-Mount-scene-img-02-768x509.webp 768w, https:\/\/glassouse.com\/wp-content\/uploads\/2026\/04\/GM01-G-Mount-scene-img-02-1536x1019.webp 1536w, https:\/\/glassouse.com\/wp-content\/uploads\/2026\/04\/GM01-G-Mount-scene-img-02-2048x1359.webp 2048w, https:\/\/glassouse.com\/wp-content\/uploads\/2026\/04\/GM01-G-Mount-scene-img-02-350x232.webp 350w\" sizes=\"(max-width: 2560px) 100vw, 2560px\" \/><\/div>\n\t\t\t\t\t<\/div>\n\t\t\t\t<\/div><\/div><\/div><\/div><\/div><\/div><\/div><\/div><\/div><\/div><script id=\"script-row-unique-3\" data-row=\"script-row-unique-3\" type=\"text\/javascript\" class=\"vc_controls\">UNCODE.initRow(document.getElementById(\"row-unique-3\"));<\/script><\/div><\/div><\/div><div data-parent=\"true\" class=\"vc_row two_columns_section vc_custom_1775823433023 row-container\" style=\"padding-right: 0px ;padding-bottom: 80px ;padding-left: 0px ;\" id=\"row-unique-4\"><div class=\"row unequal col-no-gutter no-top-padding no-bottom-padding no-h-padding full-width row-parent\"><div class=\"wpb_row row-inner\"><div class=\"wpb_column pos-middle pos-center align_left column_parent col-lg-6 image_column single-internal-gutter\"><div class=\"uncol style-light\"  ><div class=\"uncoltable\"><div class=\"uncell no-block-padding\" ><div class=\"uncont\" ><div class=\"uncode-single-media  text-center\"><div class=\"single-wrapper\" style=\"max-width: 80%;\"><div class=\"tmb tmb-light  tmb-media-first tmb-media-last tmb-content-overlay tmb-no-bg\"><div class=\"t-inside\"><div class=\"t-entry-visual\"><div class=\"t-entry-visual-tc\"><div class=\"uncode-single-media-wrapper\"><img decoding=\"async\" class=\"wp-image-25695\" src=\"https:\/\/glassouse.com\/wp-content\/uploads\/2026\/04\/GM01-G-Mount-scene-img-04-scaled.webp\" width=\"2560\" height=\"1698\" alt=\"GM01-G-Mount-scene-img\" srcset=\"https:\/\/glassouse.com\/wp-content\/uploads\/2026\/04\/GM01-G-Mount-scene-img-04-scaled.webp 2560w, https:\/\/glassouse.com\/wp-content\/uploads\/2026\/04\/GM01-G-Mount-scene-img-04-300x199.webp 300w, https:\/\/glassouse.com\/wp-content\/uploads\/2026\/04\/GM01-G-Mount-scene-img-04-1024x679.webp 1024w, https:\/\/glassouse.com\/wp-content\/uploads\/2026\/04\/GM01-G-Mount-scene-img-04-768x509.webp 768w, https:\/\/glassouse.com\/wp-content\/uploads\/2026\/04\/GM01-G-Mount-scene-img-04-1536x1019.webp 1536w, https:\/\/glassouse.com\/wp-content\/uploads\/2026\/04\/GM01-G-Mount-scene-img-04-2048x1359.webp 2048w, https:\/\/glassouse.com\/wp-content\/uploads\/2026\/04\/GM01-G-Mount-scene-img-04-350x232.webp 350w\" sizes=\"(max-width: 2560px) 100vw, 2560px\" \/><\/div>\n\t\t\t\t\t<\/div>\n\t\t\t\t<\/div><\/div><\/div><\/div><\/div><\/div><\/div><\/div><\/div><\/div><div class=\"wpb_column pos-middle pos-right align_right column_parent col-lg-6 content_column single-internal-gutter\"><div class=\"uncol style-light\"  ><div class=\"uncoltable\"><div class=\"uncell  vc_custom_1653518516622 no-block-padding\" style=\"padding-right: 180px ;padding-left: 30% ;\" ><div class=\"uncont\" ><div class=\"vc_custom_heading_wrap\"><div class=\"heading-text el-text\" ><p class=\"fs-50 lh-n font-weight-700 text-color-jevc-color\" ><span>Haltbar und einfach zu bedienen<\/span><\/p><\/div><div class=\"clear\"><\/div><\/div><div class=\"divider-wrapper c-divider\"  >\n    <hr class=\"unseparator border-sep_color-255087-color separator-no-padding\"  style=\"width: 82px;border-top-width: 5px;\" \/>\n<\/div>\n<div class=\"uncode_text_column\" ><p>Hergestellt aus Aluminiumlegierung, ABS und EVA f\u00fcr langfristige Haltbarkeit und Stabilit\u00e4t, mit schneller und werkzeugloser Montage.<\/p>\n<\/div><\/div><\/div><\/div><\/div><\/div><script id=\"script-row-unique-4\" data-row=\"script-row-unique-4\" type=\"text\/javascript\" class=\"vc_controls\">UNCODE.initRow(document.getElementById(\"row-unique-4\"));<\/script><\/div><\/div><\/div>\n<\/div>","protected":false},"excerpt":{"rendered":"GlassOuse G-MountAdjustable holder for your device GM01 G-Mount Multi-MountAdjustable Magic Arm Tablet &amp; Phone Holder The GlassOuse G-Mount Multi-Mount (GM01) [...]","protected":false},"featured_media":25683,"template":"","meta":{"_acf_changed":false},"product_brand":[],"product_cat":[169],"product_tag":[],"class_list":{"0":"post-25672","1":"product","2":"type-product","3":"status-publish","4":"has-post-thumbnail","6":"product_cat-gm-series","8":"first","9":"instock","10":"sale","11":"shipping-taxable","12":"purchasable","13":"product-type-simple"},"acf":[],"yoast_head":"<!-- This site is optimized with the Yoast SEO plugin v27.5 - https:\/\/yoast.com\/product\/yoast-seo-wordpress\/ -->\n<title>GM01 G-Mount Multi-Mount \u2014 GlassOuse<\/title>\n<meta name=\"description\" content=\"GlassOuse G-Mount \u2014 Adjustable holder for your device\" \/>\n<meta name=\"robots\" content=\"index, follow, max-snippet:-1, max-image-preview:large, max-video-preview:-1\" \/>\n<link rel=\"canonical\" href=\"https:\/\/glassouse.com\/de\/produkt\/gm01-g-mount-multi-mount\/\" \/>\n<meta property=\"og:locale\" content=\"de_DE\" \/>\n<meta property=\"og:type\" content=\"article\" \/>\n<meta property=\"og:title\" content=\"GM01 G-Mount Multi-Mount \u2014 GlassOuse\" \/>\n<meta property=\"og:description\" content=\"GlassOuse G-Mount \u2014 Adjustable holder for your device\" \/>\n<meta property=\"og:url\" content=\"https:\/\/glassouse.com\/de\/produkt\/gm01-g-mount-multi-mount\/\" \/>\n<meta property=\"og:site_name\" content=\"Glassouse Assistive Device\" \/>\n<meta property=\"article:publisher\" content=\"https:\/\/www.facebook.com\/glassouse\/\" \/>\n<meta property=\"article:modified_time\" content=\"2026-04-30T22:13:48+00:00\" \/>\n<meta property=\"og:image\" content=\"https:\/\/glassouse.com\/wp-content\/uploads\/2026\/04\/GM01-G-Mount-img-01.webp\" \/>\n\t<meta property=\"og:image:width\" content=\"1024\" \/>\n\t<meta property=\"og:image:height\" content=\"1024\" \/>\n\t<meta property=\"og:image:type\" content=\"image\/webp\" \/>\n<meta name=\"twitter:card\" content=\"summary_large_image\" \/>\n<meta name=\"twitter:site\" content=\"@glassouse\" \/>\n<meta name=\"twitter:label1\" content=\"Gesch\u00e4tzte Lesezeit\" \/>\n\t<meta name=\"twitter:data1\" content=\"3\u00a0Minuten\" \/>\n<script type=\"application\/ld+json\" class=\"yoast-schema-graph\">{\"@context\":\"https:\\\/\\\/schema.org\",\"@graph\":[{\"@type\":\"WebPage\",\"@id\":\"https:\\\/\\\/glassouse.com\\\/product\\\/gm01-g-mount-multi-mount\\\/\",\"url\":\"https:\\\/\\\/glassouse.com\\\/product\\\/gm01-g-mount-multi-mount\\\/\",\"name\":\"GM01 G-Mount Multi-Mount \u2014 GlassOuse\",\"isPartOf\":{\"@id\":\"https:\\\/\\\/glassouse.com\\\/#website\"},\"primaryImageOfPage\":{\"@id\":\"https:\\\/\\\/glassouse.com\\\/product\\\/gm01-g-mount-multi-mount\\\/#primaryimage\"},\"image\":{\"@id\":\"https:\\\/\\\/glassouse.com\\\/product\\\/gm01-g-mount-multi-mount\\\/#primaryimage\"},\"thumbnailUrl\":\"https:\\\/\\\/glassouse.com\\\/wp-content\\\/uploads\\\/2026\\\/04\\\/GM01-G-Mount-img-01.webp\",\"datePublished\":\"2026-04-29T18:22:41+00:00\",\"dateModified\":\"2026-04-30T22:13:48+00:00\",\"description\":\"GlassOuse G-Mount \u2014 Adjustable holder for your device\",\"breadcrumb\":{\"@id\":\"https:\\\/\\\/glassouse.com\\\/product\\\/gm01-g-mount-multi-mount\\\/#breadcrumb\"},\"inLanguage\":\"de\",\"potentialAction\":[{\"@type\":\"ReadAction\",\"target\":[\"https:\\\/\\\/glassouse.com\\\/product\\\/gm01-g-mount-multi-mount\\\/\"]}]},{\"@type\":\"ImageObject\",\"inLanguage\":\"de\",\"@id\":\"https:\\\/\\\/glassouse.com\\\/product\\\/gm01-g-mount-multi-mount\\\/#primaryimage\",\"url\":\"https:\\\/\\\/glassouse.com\\\/wp-content\\\/uploads\\\/2026\\\/04\\\/GM01-G-Mount-img-01.webp\",\"contentUrl\":\"https:\\\/\\\/glassouse.com\\\/wp-content\\\/uploads\\\/2026\\\/04\\\/GM01-G-Mount-img-01.webp\",\"width\":1024,\"height\":1024,\"caption\":\"GM01-G-Mount-img\"},{\"@type\":\"BreadcrumbList\",\"@id\":\"https:\\\/\\\/glassouse.com\\\/product\\\/gm01-g-mount-multi-mount\\\/#breadcrumb\",\"itemListElement\":[{\"@type\":\"ListItem\",\"position\":1,\"name\":\"Home\",\"item\":\"https:\\\/\\\/glassouse.com\\\/\"},{\"@type\":\"ListItem\",\"position\":2,\"name\":\"Shop\",\"item\":\"https:\\\/\\\/glassouse.com\\\/assistive-device_shop\\\/\"},{\"@type\":\"ListItem\",\"position\":3,\"name\":\"GM01 G-Mount Multi-Mount\"}]},{\"@type\":\"WebSite\",\"@id\":\"https:\\\/\\\/glassouse.com\\\/#website\",\"url\":\"https:\\\/\\\/glassouse.com\\\/\",\"name\":\"Glassouse Assistive Device\",\"description\":\"Assistive Device and Switches for Disabled\",\"publisher\":{\"@id\":\"https:\\\/\\\/glassouse.com\\\/#organization\"},\"potentialAction\":[{\"@type\":\"SearchAction\",\"target\":{\"@type\":\"EntryPoint\",\"urlTemplate\":\"https:\\\/\\\/glassouse.com\\\/?s={search_term_string}\"},\"query-input\":{\"@type\":\"PropertyValueSpecification\",\"valueRequired\":true,\"valueName\":\"search_term_string\"}}],\"inLanguage\":\"de\"},{\"@type\":\"Organization\",\"@id\":\"https:\\\/\\\/glassouse.com\\\/#organization\",\"name\":\"GlassOuse Assistive Device\",\"url\":\"https:\\\/\\\/glassouse.com\\\/\",\"logo\":{\"@type\":\"ImageObject\",\"inLanguage\":\"de\",\"@id\":\"https:\\\/\\\/glassouse.com\\\/#\\\/schema\\\/logo\\\/image\\\/\",\"url\":\"https:\\\/\\\/glassouse.com\\\/wp-content\\\/uploads\\\/2017\\\/11\\\/logo.jpg\",\"contentUrl\":\"https:\\\/\\\/glassouse.com\\\/wp-content\\\/uploads\\\/2017\\\/11\\\/logo.jpg\",\"width\":500,\"height\":500,\"caption\":\"GlassOuse Assistive Device\"},\"image\":{\"@id\":\"https:\\\/\\\/glassouse.com\\\/#\\\/schema\\\/logo\\\/image\\\/\"},\"sameAs\":[\"https:\\\/\\\/www.facebook.com\\\/glassouse\\\/\",\"https:\\\/\\\/x.com\\\/glassouse\",\"https:\\\/\\\/www.instagram.com\\\/glassouseassistivedevice\\\/\",\"https:\\\/\\\/www.linkedin.com\\\/company\\\/glassouse\\\/\",\"https:\\\/\\\/www.youtube.com\\\/channel\\\/UCM5pebcmVXbu00QYd91_Gyw\"]}]}<\/script>\n<!-- \/ Yoast SEO plugin. -->","yoast_head_json":{"title":"GM01 G-Mount Multi-Mount \u2014 GlassOuse","description":"GlassOuse G-Mount \u2014 Adjustable holder for your device","robots":{"index":"index","follow":"follow","max-snippet":"max-snippet:-1","max-image-preview":"max-image-preview:large","max-video-preview":"max-video-preview:-1"},"canonical":"https:\/\/glassouse.com\/de\/produkt\/gm01-g-mount-multi-mount\/","og_locale":"de_DE","og_type":"article","og_title":"GM01 G-Mount Multi-Mount \u2014 GlassOuse","og_description":"GlassOuse G-Mount \u2014 Adjustable holder for your device","og_url":"https:\/\/glassouse.com\/de\/produkt\/gm01-g-mount-multi-mount\/","og_site_name":"Glassouse Assistive Device","article_publisher":"https:\/\/www.facebook.com\/glassouse\/","article_modified_time":"2026-04-30T22:13:48+00:00","og_image":[{"width":1024,"height":1024,"url":"https:\/\/glassouse.com\/wp-content\/uploads\/2026\/04\/GM01-G-Mount-img-01.webp","type":"image\/webp"}],"twitter_card":"summary_large_image","twitter_site":"@glassouse","twitter_misc":{"Gesch\u00e4tzte Lesezeit":"3\u00a0Minuten"},"schema":{"@context":"https:\/\/schema.org","@graph":[{"@type":"WebPage","@id":"https:\/\/glassouse.com\/product\/gm01-g-mount-multi-mount\/","url":"https:\/\/glassouse.com\/product\/gm01-g-mount-multi-mount\/","name":"GM01 G-Mount Multi-Mount \u2014 GlassOuse","isPartOf":{"@id":"https:\/\/glassouse.com\/#website"},"primaryImageOfPage":{"@id":"https:\/\/glassouse.com\/product\/gm01-g-mount-multi-mount\/#primaryimage"},"image":{"@id":"https:\/\/glassouse.com\/product\/gm01-g-mount-multi-mount\/#primaryimage"},"thumbnailUrl":"https:\/\/glassouse.com\/wp-content\/uploads\/2026\/04\/GM01-G-Mount-img-01.webp","datePublished":"2026-04-29T18:22:41+00:00","dateModified":"2026-04-30T22:13:48+00:00","description":"GlassOuse G-Mount \u2014 Adjustable holder for your device","breadcrumb":{"@id":"https:\/\/glassouse.com\/product\/gm01-g-mount-multi-mount\/#breadcrumb"},"inLanguage":"de","potentialAction":[{"@type":"ReadAction","target":["https:\/\/glassouse.com\/product\/gm01-g-mount-multi-mount\/"]}]},{"@type":"ImageObject","inLanguage":"de","@id":"https:\/\/glassouse.com\/product\/gm01-g-mount-multi-mount\/#primaryimage","url":"https:\/\/glassouse.com\/wp-content\/uploads\/2026\/04\/GM01-G-Mount-img-01.webp","contentUrl":"https:\/\/glassouse.com\/wp-content\/uploads\/2026\/04\/GM01-G-Mount-img-01.webp","width":1024,"height":1024,"caption":"GM01-G-Mount-img"},{"@type":"BreadcrumbList","@id":"https:\/\/glassouse.com\/product\/gm01-g-mount-multi-mount\/#breadcrumb","itemListElement":[{"@type":"ListItem","position":1,"name":"Home","item":"https:\/\/glassouse.com\/"},{"@type":"ListItem","position":2,"name":"Shop","item":"https:\/\/glassouse.com\/assistive-device_shop\/"},{"@type":"ListItem","position":3,"name":"GM01 G-Mount Multi-Mount"}]},{"@type":"WebSite","@id":"https:\/\/glassouse.com\/#website","url":"https:\/\/glassouse.com\/","name":"Glassouse Hilfsmittels","description":"Assistive Device and Switches for Disabled","publisher":{"@id":"https:\/\/glassouse.com\/#organization"},"potentialAction":[{"@type":"SearchAction","target":{"@type":"EntryPoint","urlTemplate":"https:\/\/glassouse.com\/?s={search_term_string}"},"query-input":{"@type":"PropertyValueSpecification","valueRequired":true,"valueName":"search_term_string"}}],"inLanguage":"de"},{"@type":"Organization","@id":"https:\/\/glassouse.com\/#organization","name":"GlassOuse Hilfsmittel","url":"https:\/\/glassouse.com\/","logo":{"@type":"ImageObject","inLanguage":"de","@id":"https:\/\/glassouse.com\/#\/schema\/logo\/image\/","url":"https:\/\/glassouse.com\/wp-content\/uploads\/2017\/11\/logo.jpg","contentUrl":"https:\/\/glassouse.com\/wp-content\/uploads\/2017\/11\/logo.jpg","width":500,"height":500,"caption":"GlassOuse Assistive Device"},"image":{"@id":"https:\/\/glassouse.com\/#\/schema\/logo\/image\/"},"sameAs":["https:\/\/www.facebook.com\/glassouse\/","https:\/\/x.com\/glassouse","https:\/\/www.instagram.com\/glassouseassistivedevice\/","https:\/\/www.linkedin.com\/company\/glassouse\/","https:\/\/www.youtube.com\/channel\/UCM5pebcmVXbu00QYd91_Gyw"]}]}},"_links":{"self":[{"href":"https:\/\/glassouse.com\/de\/wp-json\/wp\/v2\/product\/25672","targetHints":{"allow":["GET"]}}],"collection":[{"href":"https:\/\/glassouse.com\/de\/wp-json\/wp\/v2\/product"}],"about":[{"href":"https:\/\/glassouse.com\/de\/wp-json\/wp\/v2\/types\/product"}],"wp:featuredmedia":[{"embeddable":true,"href":"https:\/\/glassouse.com\/de\/wp-json\/wp\/v2\/media\/25683"}],"wp:attachment":[{"href":"https:\/\/glassouse.com\/de\/wp-json\/wp\/v2\/media?parent=25672"}],"wp:term":[{"taxonomy":"product_brand","embeddable":true,"href":"https:\/\/glassouse.com\/de\/wp-json\/wp\/v2\/product_brand?post=25672"},{"taxonomy":"product_cat","embeddable":true,"href":"https:\/\/glassouse.com\/de\/wp-json\/wp\/v2\/product_cat?post=25672"},{"taxonomy":"product_tag","embeddable":true,"href":"https:\/\/glassouse.com\/de\/wp-json\/wp\/v2\/product_tag?post=25672"}],"curies":[{"name":"wp","href":"https:\/\/api.w.org\/{rel}","templated":true}]}}