{"id":30630,"date":"2020-09-30T15:34:41","date_gmt":"2020-09-30T07:34:41","guid":{"rendered":"https:\/\/glassouse.com\/product\/glassouse-v1-3\/"},"modified":"2020-09-30T15:34:41","modified_gmt":"2020-09-30T07:34:41","slug":"glassouse-v1-3","status":"publish","type":"product","link":"https:\/\/glassouse.com\/de\/product\/glassouse-v1-3\/","title":{"rendered":"GlassOuse V1.3"},"content":{"rendered":"<p>Preisgekr\u00f6ntes Hilfsger\u00e4t f\u00fcr Behinderte &#8211; GlassOuse V1.3 kann sich problemlos mit Computern, Mobiltelefonen, Tablets und Smart-TVs \u00fcber Bluetooth 4.0 und darunter verbinden und ist ein Hilfsger\u00e4t, das mit Windows, iOS14, iPadOS13, macOS, Linux, Android und Chrome OS kompatibel ist. GlassOuse V1.3 verf\u00fcgt \u00fcber einen kleinen Akku mit hoher Kapazit\u00e4t, der es dem Benutzer erm\u00f6glicht, GlassOuse V1.3 mit einer einzigen Ladung mehr als 150 Stunden aktiv zu nutzen. <\/p>\n<p>Sie k\u00f6nnen GlassOuse v1.3 mit Ihrer eigenen Brille tragen und sie wie eine normale Brille falten. Mit seiner verbesserten 9-Achsen-Gyroskop-Funktion erkennt GlassOuse die kleinsten Kopfbewegungen, um den Cursor auf Ihrem Bildschirm zu bewegen. Schlie\u00dfen Sie GlassOuse einfach an Ihr Ger\u00e4t an, f\u00fchren Sie den kurzen Kalibrierungsprozess durch, um 100%ige Genauigkeit zu erreichen, und schon k\u00f6nnen Sie Ihre Ger\u00e4te freih\u00e4ndig nutzen.  <\/p>\n<p>GlassOuse kann mit jedem der neun verschiedenen Schalter aus der G-Switch-Serie und jedem anderen adaptiven Schalter mit 3,5-mm-Klinkenanschluss verbunden werden, um zu klicken.<\/p>\n","protected":false},"excerpt":{"rendered":"<hr>\n<p><strong>Das neue GlassOuse V1.3 ist eine aktualisierte Version seines Vorg\u00e4ngers V1.2 und ist jetzt besser als je zuvor!<\/strong><\/p>\n<p><strong><span style=\"text-decoration: underline;\">Was ist neu<\/span>:<\/strong><\/p>\n<ul>\n<li><strong>Unterst\u00fctzt Bluetooth 4.0<\/strong> &#8211;<em> Schnellere und bessere Konnektivit\u00e4t mit geringer Latenz<\/em>.<\/li>\n<li><strong>Verbesserte Akkulaufzeit<\/strong> &#8211; <em>10x l\u00e4ngere Akkulaufzeit als bei der Vorg\u00e4ngerversion<\/em><\/li>\n<li><strong>Verbesserte Empfindlichkeitseinstellung<\/strong> &#8211;<em> Passen Sie die Empfindlichkeit Ihres Ger\u00e4ts mit gr\u00f6\u00dferer Genauigkeit an<\/em><\/li>\n<li><strong>St\u00e4rkerer Materialaufbau<\/strong> &#8211; <em>F\u00fcr eine l\u00e4ngere Lebensdauer des Produkts<\/em><\/li>\n<\/ul>\n<p><a href=\"https:\/\/glassouse.com\/wp-content\/uploads\/2020\/11\/GLASSOUSE-V1.3_USER-MANUAL.pdf\"><img decoding=\"async\" class=\"alignnone wp-image-2116\" src=\"https:\/\/glassouse.com\/wp-content\/uploads\/2018\/03\/download_user_manual.png\" alt=\"\" width=\"96\" height=\"96\" srcset=\"https:\/\/glassouse.com\/wp-content\/uploads\/2018\/03\/download_user_manual.png 149w, https:\/\/glassouse.com\/wp-content\/uploads\/2018\/03\/download_user_manual-100x100.png 100w, https:\/\/glassouse.com\/wp-content\/uploads\/2018\/03\/download_user_manual-75x75.png 75w\" sizes=\"(max-width: 96px) 100vw, 96px\" \/><\/a>  <a href=\"https:\/\/glassouse.com\/de\/geld-zurueck-garantie\/\"><img decoding=\"async\" class=\"alignnone wp-image-1817\" src=\"https:\/\/glassouse.com\/wp-content\/uploads\/2017\/11\/15_Day_Money_Back_47882ccb-f31c-4b58-ab77-9b78929009ef_grande.png\" alt=\"\" width=\"95\" height=\"95\" srcset=\"https:\/\/glassouse.com\/wp-content\/uploads\/2017\/11\/15_Day_Money_Back_47882ccb-f31c-4b58-ab77-9b78929009ef_grande.png 150w, https:\/\/glassouse.com\/wp-content\/uploads\/2017\/11\/15_Day_Money_Back_47882ccb-f31c-4b58-ab77-9b78929009ef_grande-100x100.png 100w, https:\/\/glassouse.com\/wp-content\/uploads\/2017\/11\/15_Day_Money_Back_47882ccb-f31c-4b58-ab77-9b78929009ef_grande-75x75.png 75w\" sizes=\"(max-width: 95px) 100vw, 95px\" \/><\/a>  <img decoding=\"async\" class=\"alignnone wp-image-3424\" src=\"https:\/\/glassouse.com\/wp-content\/uploads\/2020\/08\/A4.png\" alt=\"GlassOuse-Garantie\" width=\"95\" height=\"95\" srcset=\"https:\/\/glassouse.com\/wp-content\/uploads\/2020\/08\/A4.png 345w, https:\/\/glassouse.com\/wp-content\/uploads\/2020\/08\/A4-300x299.png 300w, https:\/\/glassouse.com\/wp-content\/uploads\/2020\/08\/A4-100x100.png 100w, https:\/\/glassouse.com\/wp-content\/uploads\/2020\/08\/A4-150x150.png 150w\" sizes=\"(max-width: 95px) 100vw, 95px\" \/><\/p>\n<p>GlassOuse V1.3 wurde so konzipiert, dass es flexibler und funktioneller ist, um die Bed\u00fcrfnisse von Menschen mit eingeschr\u00e4nkten Bewegungsf\u00e4higkeiten beim Anschluss von Technologie zu erf\u00fcllen. GlassOuse V1.3 kann \u00fcber Bluetooth 4.0 und darunter problemlos mit Computern, Mobiltelefonen, Tablets und Smart-TVs verbunden werden und ist ein Hilfsger\u00e4t, das mit Windows, iOS14, iPadOS13, macOS, Linux, Android und Chrome OS kompatibel ist. GlassOuse kann je nach Bedarf mit den neuen Optionen der G-Switch Serie oder direkt mit der Dwell Software gekoppelt werden.  <\/p>\n<p>GlassOuse V1.3 verf\u00fcgt \u00fcber einen kompakten Akku mit hoher Kapazit\u00e4t, der es dem Benutzer erm\u00f6glicht, GlassOuse V1.3 mit einer einzigen Ladung mehr als 150 Stunden lang aktiv zu nutzen.<\/p>\n<p>Sie k\u00f6nnen GlassOuse v1.3 mit Ihrer eigenen Brille tragen und sie wie eine normale Brille falten. Mit seiner verbesserten 9-Achsen-Gyroskop-Funktion erkennt GlassOuse die kleinsten Kopfbewegungen, um den Cursor auf Ihrem Bildschirm zu bewegen. Schlie\u00dfen Sie GlassOuse einfach an Ihr Ger\u00e4t an, f\u00fchren Sie den kurzen Kalibrierungsprozess durch, um 100%ige Genauigkeit zu erreichen, und schon k\u00f6nnen Sie Ihre Ger\u00e4te freih\u00e4ndig nutzen.  <\/p>\n<p><strong>In der Box<\/strong>:<br \/>\n1x GlassOuse V1.3;<br \/>\n1x Ladekabel;<br \/>\n2x Ohrst\u00f6psel<br \/>\n1x Benutzerhandbuch<\/p>\n","protected":false},"featured_media":30634,"template":"","meta":{"_acf_changed":false},"product_brand":[],"product_cat":[288],"product_tag":[],"class_list":{"0":"post-30630","1":"product","2":"type-product","3":"status-publish","4":"has-post-thumbnail","6":"product_cat-glassouse-bundel","8":"first","9":"outofstock","10":"downloadable","11":"shipping-taxable","12":"purchasable","13":"product-type-simple"},"acf":[],"yoast_head":"<!-- This site is optimized with the Yoast SEO plugin v27.4 - https:\/\/yoast.com\/product\/yoast-seo-wordpress\/ -->\n<title>GlassOuse V1.3 - Hilfsmittel f\u00fcr Behinderte. Ger\u00e4t freih\u00e4ndig steuern<\/title>\n<meta name=\"description\" content=\"Preisgekr\u00f6ntes GlassOuse Hilfsmittel - Eine kabellose Kopfmaus f\u00fcr Behinderte, mit der Sie Technik freih\u00e4ndig steuern k\u00f6nnen. Internationaler Versand.\" \/>\n<meta name=\"robots\" content=\"index, follow, max-snippet:-1, max-image-preview:large, max-video-preview:-1\" \/>\n<link rel=\"canonical\" href=\"https:\/\/glassouse.com\/de\/product\/glassouse-v1-3\/\" \/>\n<meta property=\"og:locale\" content=\"de_DE\" \/>\n<meta property=\"og:type\" content=\"article\" \/>\n<meta property=\"og:title\" content=\"GlassOuse V1.3 - Hilfsmittel f\u00fcr Behinderte. Ger\u00e4t freih\u00e4ndig steuern\" \/>\n<meta property=\"og:description\" content=\"Preisgekr\u00f6ntes GlassOuse Hilfsmittel - Eine kabellose Kopfmaus f\u00fcr Behinderte, mit der Sie Technik freih\u00e4ndig steuern k\u00f6nnen. Internationaler Versand.\" \/>\n<meta property=\"og:url\" content=\"https:\/\/glassouse.com\/de\/product\/glassouse-v1-3\/\" \/>\n<meta property=\"og:site_name\" content=\"Glassouse Assistive Device\" \/>\n<meta property=\"article:publisher\" content=\"https:\/\/www.facebook.com\/glassouse\/\" \/>\n<meta property=\"og:image\" content=\"https:\/\/glassouse.com\/wp-content\/uploads\/2020\/09\/002.jpg\" \/>\n\t<meta property=\"og:image:width\" content=\"1000\" \/>\n\t<meta property=\"og:image:height\" content=\"1000\" \/>\n\t<meta property=\"og:image:type\" content=\"image\/jpeg\" \/>\n<meta name=\"twitter:card\" content=\"summary_large_image\" \/>\n<meta name=\"twitter:site\" content=\"@glassouse\" \/>\n<meta name=\"twitter:label1\" content=\"Gesch\u00e4tzte Lesezeit\" \/>\n\t<meta name=\"twitter:data1\" content=\"1\u00a0Minute\" \/>\n<script type=\"application\/ld+json\" class=\"yoast-schema-graph\">{\"@context\":\"https:\\\/\\\/schema.org\",\"@graph\":[{\"@type\":\"WebPage\",\"@id\":\"https:\\\/\\\/glassouse.com\\\/de\\\/product\\\/glassouse-v1-3\\\/\",\"url\":\"https:\\\/\\\/glassouse.com\\\/de\\\/product\\\/glassouse-v1-3\\\/\",\"name\":\"GlassOuse V1.3 - Hilfsmittel f\u00fcr Behinderte. Ger\u00e4t freih\u00e4ndig steuern\",\"isPartOf\":{\"@id\":\"https:\\\/\\\/glassouse.com\\\/de\\\/#website\"},\"primaryImageOfPage\":{\"@id\":\"https:\\\/\\\/glassouse.com\\\/de\\\/product\\\/glassouse-v1-3\\\/#primaryimage\"},\"image\":{\"@id\":\"https:\\\/\\\/glassouse.com\\\/de\\\/product\\\/glassouse-v1-3\\\/#primaryimage\"},\"thumbnailUrl\":\"https:\\\/\\\/glassouse.com\\\/wp-content\\\/uploads\\\/2020\\\/09\\\/002.jpg\",\"datePublished\":\"2020-09-30T07:34:41+00:00\",\"description\":\"Preisgekr\u00f6ntes GlassOuse Hilfsmittel - Eine kabellose Kopfmaus f\u00fcr Behinderte, mit der Sie Technik freih\u00e4ndig steuern k\u00f6nnen. Internationaler Versand.\",\"breadcrumb\":{\"@id\":\"https:\\\/\\\/glassouse.com\\\/de\\\/product\\\/glassouse-v1-3\\\/#breadcrumb\"},\"inLanguage\":\"de\",\"potentialAction\":[{\"@type\":\"ReadAction\",\"target\":[\"https:\\\/\\\/glassouse.com\\\/de\\\/product\\\/glassouse-v1-3\\\/\"]}]},{\"@type\":\"ImageObject\",\"inLanguage\":\"de\",\"@id\":\"https:\\\/\\\/glassouse.com\\\/de\\\/product\\\/glassouse-v1-3\\\/#primaryimage\",\"url\":\"https:\\\/\\\/glassouse.com\\\/wp-content\\\/uploads\\\/2020\\\/09\\\/002.jpg\",\"contentUrl\":\"https:\\\/\\\/glassouse.com\\\/wp-content\\\/uploads\\\/2020\\\/09\\\/002.jpg\",\"width\":1000,\"height\":1000,\"caption\":\"GlassOuse Hilfsmittel f\u00fcr Behinderte\"},{\"@type\":\"BreadcrumbList\",\"@id\":\"https:\\\/\\\/glassouse.com\\\/de\\\/product\\\/glassouse-v1-3\\\/#breadcrumb\",\"itemListElement\":[{\"@type\":\"ListItem\",\"position\":1,\"name\":\"Home\",\"item\":\"https:\\\/\\\/glassouse.com\\\/de\\\/startseite\\\/\"},{\"@type\":\"ListItem\",\"position\":2,\"name\":\"Shop\",\"item\":\"https:\\\/\\\/glassouse.com\\\/de\\\/shop\\\/\"},{\"@type\":\"ListItem\",\"position\":3,\"name\":\"Private: GlassOuse V1.3\"}]},{\"@type\":\"WebSite\",\"@id\":\"https:\\\/\\\/glassouse.com\\\/de\\\/#website\",\"url\":\"https:\\\/\\\/glassouse.com\\\/de\\\/\",\"name\":\"Glassouse Assistive Device\",\"description\":\"Assistive Device and Switches for Disabled\",\"publisher\":{\"@id\":\"https:\\\/\\\/glassouse.com\\\/de\\\/#organization\"},\"potentialAction\":[{\"@type\":\"SearchAction\",\"target\":{\"@type\":\"EntryPoint\",\"urlTemplate\":\"https:\\\/\\\/glassouse.com\\\/de\\\/?s={search_term_string}\"},\"query-input\":{\"@type\":\"PropertyValueSpecification\",\"valueRequired\":true,\"valueName\":\"search_term_string\"}}],\"inLanguage\":\"de\"},{\"@type\":\"Organization\",\"@id\":\"https:\\\/\\\/glassouse.com\\\/de\\\/#organization\",\"name\":\"GlassOuse Assistive Device\",\"url\":\"https:\\\/\\\/glassouse.com\\\/de\\\/\",\"logo\":{\"@type\":\"ImageObject\",\"inLanguage\":\"de\",\"@id\":\"https:\\\/\\\/glassouse.com\\\/de\\\/#\\\/schema\\\/logo\\\/image\\\/\",\"url\":\"https:\\\/\\\/glassouse.com\\\/wp-content\\\/uploads\\\/2017\\\/11\\\/logo.jpg\",\"contentUrl\":\"https:\\\/\\\/glassouse.com\\\/wp-content\\\/uploads\\\/2017\\\/11\\\/logo.jpg\",\"width\":500,\"height\":500,\"caption\":\"GlassOuse Assistive Device\"},\"image\":{\"@id\":\"https:\\\/\\\/glassouse.com\\\/de\\\/#\\\/schema\\\/logo\\\/image\\\/\"},\"sameAs\":[\"https:\\\/\\\/www.facebook.com\\\/glassouse\\\/\",\"https:\\\/\\\/x.com\\\/glassouse\",\"https:\\\/\\\/www.instagram.com\\\/glassouseassistivedevice\\\/\",\"https:\\\/\\\/www.linkedin.com\\\/company\\\/glassouse\\\/\",\"https:\\\/\\\/www.youtube.com\\\/channel\\\/UCM5pebcmVXbu00QYd91_Gyw\"]}]}<\/script>\n<!-- \/ Yoast SEO plugin. -->","yoast_head_json":{"title":"GlassOuse V1.3 - Hilfsmittel f\u00fcr Behinderte. Ger\u00e4t freih\u00e4ndig steuern","description":"Preisgekr\u00f6ntes GlassOuse Hilfsmittel - Eine kabellose Kopfmaus f\u00fcr Behinderte, mit der Sie Technik freih\u00e4ndig steuern k\u00f6nnen. Internationaler Versand.","robots":{"index":"index","follow":"follow","max-snippet":"max-snippet:-1","max-image-preview":"max-image-preview:large","max-video-preview":"max-video-preview:-1"},"canonical":"https:\/\/glassouse.com\/de\/product\/glassouse-v1-3\/","og_locale":"de_DE","og_type":"article","og_title":"GlassOuse V1.3 - Hilfsmittel f\u00fcr Behinderte. Ger\u00e4t freih\u00e4ndig steuern","og_description":"Preisgekr\u00f6ntes GlassOuse Hilfsmittel - Eine kabellose Kopfmaus f\u00fcr Behinderte, mit der Sie Technik freih\u00e4ndig steuern k\u00f6nnen. Internationaler Versand.","og_url":"https:\/\/glassouse.com\/de\/product\/glassouse-v1-3\/","og_site_name":"Glassouse Assistive Device","article_publisher":"https:\/\/www.facebook.com\/glassouse\/","og_image":[{"width":1000,"height":1000,"url":"https:\/\/glassouse.com\/wp-content\/uploads\/2020\/09\/002.jpg","type":"image\/jpeg"}],"twitter_card":"summary_large_image","twitter_site":"@glassouse","twitter_misc":{"Gesch\u00e4tzte Lesezeit":"1\u00a0Minute"},"schema":{"@context":"https:\/\/schema.org","@graph":[{"@type":"WebPage","@id":"https:\/\/glassouse.com\/de\/product\/glassouse-v1-3\/","url":"https:\/\/glassouse.com\/de\/product\/glassouse-v1-3\/","name":"GlassOuse V1.3 - Hilfsmittel f\u00fcr Behinderte. Ger\u00e4t freih\u00e4ndig steuern","isPartOf":{"@id":"https:\/\/glassouse.com\/de\/#website"},"primaryImageOfPage":{"@id":"https:\/\/glassouse.com\/de\/product\/glassouse-v1-3\/#primaryimage"},"image":{"@id":"https:\/\/glassouse.com\/de\/product\/glassouse-v1-3\/#primaryimage"},"thumbnailUrl":"https:\/\/glassouse.com\/wp-content\/uploads\/2020\/09\/002.jpg","datePublished":"2020-09-30T07:34:41+00:00","description":"Preisgekr\u00f6ntes GlassOuse Hilfsmittel - Eine kabellose Kopfmaus f\u00fcr Behinderte, mit der Sie Technik freih\u00e4ndig steuern k\u00f6nnen. Internationaler Versand.","breadcrumb":{"@id":"https:\/\/glassouse.com\/de\/product\/glassouse-v1-3\/#breadcrumb"},"inLanguage":"de","potentialAction":[{"@type":"ReadAction","target":["https:\/\/glassouse.com\/de\/product\/glassouse-v1-3\/"]}]},{"@type":"ImageObject","inLanguage":"de","@id":"https:\/\/glassouse.com\/de\/product\/glassouse-v1-3\/#primaryimage","url":"https:\/\/glassouse.com\/wp-content\/uploads\/2020\/09\/002.jpg","contentUrl":"https:\/\/glassouse.com\/wp-content\/uploads\/2020\/09\/002.jpg","width":1000,"height":1000,"caption":"GlassOuse Hilfsmittel f\u00fcr Behinderte"},{"@type":"BreadcrumbList","@id":"https:\/\/glassouse.com\/de\/product\/glassouse-v1-3\/#breadcrumb","itemListElement":[{"@type":"ListItem","position":1,"name":"Home","item":"https:\/\/glassouse.com\/de\/startseite\/"},{"@type":"ListItem","position":2,"name":"Shop","item":"https:\/\/glassouse.com\/de\/shop\/"},{"@type":"ListItem","position":3,"name":"Private: GlassOuse V1.3"}]},{"@type":"WebSite","@id":"https:\/\/glassouse.com\/de\/#website","url":"https:\/\/glassouse.com\/de\/","name":"Glassouse Assistive Device","description":"Assistive Device and Switches for Disabled","publisher":{"@id":"https:\/\/glassouse.com\/de\/#organization"},"potentialAction":[{"@type":"SearchAction","target":{"@type":"EntryPoint","urlTemplate":"https:\/\/glassouse.com\/de\/?s={search_term_string}"},"query-input":{"@type":"PropertyValueSpecification","valueRequired":true,"valueName":"search_term_string"}}],"inLanguage":"de"},{"@type":"Organization","@id":"https:\/\/glassouse.com\/de\/#organization","name":"GlassOuse Assistive Device","url":"https:\/\/glassouse.com\/de\/","logo":{"@type":"ImageObject","inLanguage":"de","@id":"https:\/\/glassouse.com\/de\/#\/schema\/logo\/image\/","url":"https:\/\/glassouse.com\/wp-content\/uploads\/2017\/11\/logo.jpg","contentUrl":"https:\/\/glassouse.com\/wp-content\/uploads\/2017\/11\/logo.jpg","width":500,"height":500,"caption":"GlassOuse Assistive Device"},"image":{"@id":"https:\/\/glassouse.com\/de\/#\/schema\/logo\/image\/"},"sameAs":["https:\/\/www.facebook.com\/glassouse\/","https:\/\/x.com\/glassouse","https:\/\/www.instagram.com\/glassouseassistivedevice\/","https:\/\/www.linkedin.com\/company\/glassouse\/","https:\/\/www.youtube.com\/channel\/UCM5pebcmVXbu00QYd91_Gyw"]}]}},"_links":{"self":[{"href":"https:\/\/glassouse.com\/de\/wp-json\/wp\/v2\/product\/30630","targetHints":{"allow":["GET"]}}],"collection":[{"href":"https:\/\/glassouse.com\/de\/wp-json\/wp\/v2\/product"}],"about":[{"href":"https:\/\/glassouse.com\/de\/wp-json\/wp\/v2\/types\/product"}],"wp:featuredmedia":[{"embeddable":true,"href":"https:\/\/glassouse.com\/de\/wp-json\/wp\/v2\/media\/30634"}],"wp:attachment":[{"href":"https:\/\/glassouse.com\/de\/wp-json\/wp\/v2\/media?parent=30630"}],"wp:term":[{"taxonomy":"product_brand","embeddable":true,"href":"https:\/\/glassouse.com\/de\/wp-json\/wp\/v2\/product_brand?post=30630"},{"taxonomy":"product_cat","embeddable":true,"href":"https:\/\/glassouse.com\/de\/wp-json\/wp\/v2\/product_cat?post=30630"},{"taxonomy":"product_tag","embeddable":true,"href":"https:\/\/glassouse.com\/de\/wp-json\/wp\/v2\/product_tag?post=30630"}],"curies":[{"name":"wp","href":"https:\/\/api.w.org\/{rel}","templated":true}]}}