{"id":31874,"date":"2022-06-29T03:18:16","date_gmt":"2022-06-28T19:18:16","guid":{"rendered":"https:\/\/glassouse.com\/product\/gw04-g-beanie-hut\/"},"modified":"2022-06-29T03:18:16","modified_gmt":"2022-06-28T19:18:16","slug":"gw04-g-beanie-hut","status":"publish","type":"product","link":"https:\/\/glassouse.com\/de\/product\/gw04-g-beanie-hut\/","title":{"rendered":"GW04 G-Beanie Hut"},"content":{"rendered":"<h3><strong>Produkt\u00fcbersicht<\/strong><\/h3>\n<p>Die wollige und bequeme G-Beanie M\u00fctze ist der perfekte Begleiter Ihrer GlassOuse f\u00fcr den Winter und kaltes Wetter. H\u00e4ngen Sie Ihre GlassOuse einfach an den Verschluss und schon k\u00f6nnen Sie loslegen. <\/p>\n<h3><strong>Wie zu verwenden<\/strong><\/h3>\n<ol>\n<li>Befestigen Sie die GlassOuse an der G-Cap, indem Sie sie in den Verschluss schieben, bis sie fest und stabil ist.<\/li>\n<li>Tragen Sie die G-Beanie M\u00fctze \u00fcber Ihrem Kopf. Sie k\u00f6nnen den Umfang wie bei einer normalen M\u00fctze einstellen. <\/li>\n<li>Um GlassOuse zu entfernen, dr\u00fccken Sie auf den Entriegelungsknopf am Verschluss und ziehen Sie GlassOuse heraus.<\/li>\n<\/ol>\n","protected":false},"excerpt":{"rendered":"<p>Produkt\u00fcbersicht Die wollige und bequeme G-Beanie M\u00fctze ist der perfekte Begleiter Ihrer GlassOuse f\u00fcr den Winter und kaltes Wetter. H\u00e4ngen [&hellip;]<\/p>\n","protected":false},"featured_media":31892,"template":"","meta":{"_acf_changed":false},"product_brand":[],"product_cat":[241],"product_tag":[],"class_list":{"0":"post-31874","1":"product","2":"type-product","3":"status-publish","4":"has-post-thumbnail","6":"product_cat-glassouse-g-wear","8":"first","9":"instock","10":"shipping-taxable","11":"purchasable","12":"product-type-simple"},"acf":[],"yoast_head":"<!-- This site is optimized with the Yoast SEO plugin v27.5 - https:\/\/yoast.com\/product\/yoast-seo-wordpress\/ -->\n<title>GW04 G-Beanie Hut - Glassouse Assistive Device<\/title>\n<meta name=\"robots\" content=\"index, follow, max-snippet:-1, max-image-preview:large, max-video-preview:-1\" \/>\n<link rel=\"canonical\" href=\"https:\/\/glassouse.com\/de\/product\/gw04-g-beanie-hut\/\" \/>\n<meta property=\"og:locale\" content=\"de_DE\" \/>\n<meta property=\"og:type\" content=\"article\" \/>\n<meta property=\"og:title\" content=\"GW04 G-Beanie Hut - Glassouse Assistive Device\" \/>\n<meta property=\"og:description\" content=\"Produkt\u00fcbersicht Die wollige und bequeme G-Beanie M\u00fctze ist der perfekte Begleiter Ihrer GlassOuse f\u00fcr den Winter und kaltes Wetter. H\u00e4ngen [&hellip;]\" \/>\n<meta property=\"og:url\" content=\"https:\/\/glassouse.com\/de\/product\/gw04-g-beanie-hut\/\" \/>\n<meta property=\"og:site_name\" content=\"Glassouse Assistive Device\" \/>\n<meta property=\"article:publisher\" content=\"https:\/\/www.facebook.com\/glassouse\/\" \/>\n<meta property=\"og:image\" content=\"https:\/\/glassouse.com\/wp-content\/uploads\/2022\/06\/GW04-Beanie-Hat-7.jpg\" \/>\n\t<meta property=\"og:image:width\" content=\"1000\" \/>\n\t<meta property=\"og:image:height\" content=\"1000\" \/>\n\t<meta property=\"og:image:type\" content=\"image\/jpeg\" \/>\n<meta name=\"twitter:card\" content=\"summary_large_image\" \/>\n<meta name=\"twitter:site\" content=\"@glassouse\" \/>\n<script type=\"application\/ld+json\" class=\"yoast-schema-graph\">{\"@context\":\"https:\\\/\\\/schema.org\",\"@graph\":[{\"@type\":\"WebPage\",\"@id\":\"https:\\\/\\\/glassouse.com\\\/de\\\/product\\\/gw04-g-beanie-hut\\\/\",\"url\":\"https:\\\/\\\/glassouse.com\\\/de\\\/product\\\/gw04-g-beanie-hut\\\/\",\"name\":\"GW04 G-Beanie Hut - Glassouse Assistive Device\",\"isPartOf\":{\"@id\":\"https:\\\/\\\/glassouse.com\\\/de\\\/#website\"},\"primaryImageOfPage\":{\"@id\":\"https:\\\/\\\/glassouse.com\\\/de\\\/product\\\/gw04-g-beanie-hut\\\/#primaryimage\"},\"image\":{\"@id\":\"https:\\\/\\\/glassouse.com\\\/de\\\/product\\\/gw04-g-beanie-hut\\\/#primaryimage\"},\"thumbnailUrl\":\"https:\\\/\\\/glassouse.com\\\/wp-content\\\/uploads\\\/2022\\\/06\\\/GW04-Beanie-Hat-7.jpg\",\"datePublished\":\"2022-06-28T19:18:16+00:00\",\"breadcrumb\":{\"@id\":\"https:\\\/\\\/glassouse.com\\\/de\\\/product\\\/gw04-g-beanie-hut\\\/#breadcrumb\"},\"inLanguage\":\"de\",\"potentialAction\":[{\"@type\":\"ReadAction\",\"target\":[\"https:\\\/\\\/glassouse.com\\\/de\\\/product\\\/gw04-g-beanie-hut\\\/\"]}]},{\"@type\":\"ImageObject\",\"inLanguage\":\"de\",\"@id\":\"https:\\\/\\\/glassouse.com\\\/de\\\/product\\\/gw04-g-beanie-hut\\\/#primaryimage\",\"url\":\"https:\\\/\\\/glassouse.com\\\/wp-content\\\/uploads\\\/2022\\\/06\\\/GW04-Beanie-Hat-7.jpg\",\"contentUrl\":\"https:\\\/\\\/glassouse.com\\\/wp-content\\\/uploads\\\/2022\\\/06\\\/GW04-Beanie-Hat-7.jpg\",\"width\":1000,\"height\":1000,\"caption\":\"Beanie-M\u00fctze\"},{\"@type\":\"BreadcrumbList\",\"@id\":\"https:\\\/\\\/glassouse.com\\\/de\\\/product\\\/gw04-g-beanie-hut\\\/#breadcrumb\",\"itemListElement\":[{\"@type\":\"ListItem\",\"position\":1,\"name\":\"Home\",\"item\":\"https:\\\/\\\/glassouse.com\\\/de\\\/\"},{\"@type\":\"ListItem\",\"position\":2,\"name\":\"Shop\",\"item\":\"https:\\\/\\\/glassouse.com\\\/de\\\/shop\\\/\"},{\"@type\":\"ListItem\",\"position\":3,\"name\":\"GW04 G-Beanie Hut\"}]},{\"@type\":\"WebSite\",\"@id\":\"https:\\\/\\\/glassouse.com\\\/de\\\/#website\",\"url\":\"https:\\\/\\\/glassouse.com\\\/de\\\/\",\"name\":\"Glassouse Assistive Device\",\"description\":\"Assistive Device and Switches for Disabled\",\"publisher\":{\"@id\":\"https:\\\/\\\/glassouse.com\\\/de\\\/#organization\"},\"potentialAction\":[{\"@type\":\"SearchAction\",\"target\":{\"@type\":\"EntryPoint\",\"urlTemplate\":\"https:\\\/\\\/glassouse.com\\\/de\\\/?s={search_term_string}\"},\"query-input\":{\"@type\":\"PropertyValueSpecification\",\"valueRequired\":true,\"valueName\":\"search_term_string\"}}],\"inLanguage\":\"de\"},{\"@type\":\"Organization\",\"@id\":\"https:\\\/\\\/glassouse.com\\\/de\\\/#organization\",\"name\":\"GlassOuse Assistive Device\",\"url\":\"https:\\\/\\\/glassouse.com\\\/de\\\/\",\"logo\":{\"@type\":\"ImageObject\",\"inLanguage\":\"de\",\"@id\":\"https:\\\/\\\/glassouse.com\\\/de\\\/#\\\/schema\\\/logo\\\/image\\\/\",\"url\":\"https:\\\/\\\/glassouse.com\\\/wp-content\\\/uploads\\\/2017\\\/11\\\/logo.jpg\",\"contentUrl\":\"https:\\\/\\\/glassouse.com\\\/wp-content\\\/uploads\\\/2017\\\/11\\\/logo.jpg\",\"width\":500,\"height\":500,\"caption\":\"GlassOuse Assistive Device\"},\"image\":{\"@id\":\"https:\\\/\\\/glassouse.com\\\/de\\\/#\\\/schema\\\/logo\\\/image\\\/\"},\"sameAs\":[\"https:\\\/\\\/www.facebook.com\\\/glassouse\\\/\",\"https:\\\/\\\/x.com\\\/glassouse\",\"https:\\\/\\\/www.instagram.com\\\/glassouseassistivedevice\\\/\",\"https:\\\/\\\/www.linkedin.com\\\/company\\\/glassouse\\\/\",\"https:\\\/\\\/www.youtube.com\\\/channel\\\/UCM5pebcmVXbu00QYd91_Gyw\"]}]}<\/script>\n<!-- \/ Yoast SEO plugin. -->","yoast_head_json":{"title":"GW04 G-Beanie Hut - Glassouse Assistive Device","robots":{"index":"index","follow":"follow","max-snippet":"max-snippet:-1","max-image-preview":"max-image-preview:large","max-video-preview":"max-video-preview:-1"},"canonical":"https:\/\/glassouse.com\/de\/product\/gw04-g-beanie-hut\/","og_locale":"de_DE","og_type":"article","og_title":"GW04 G-Beanie Hut - Glassouse Assistive Device","og_description":"Produkt\u00fcbersicht Die wollige und bequeme G-Beanie M\u00fctze ist der perfekte Begleiter Ihrer GlassOuse f\u00fcr den Winter und kaltes Wetter. H\u00e4ngen [&hellip;]","og_url":"https:\/\/glassouse.com\/de\/product\/gw04-g-beanie-hut\/","og_site_name":"Glassouse Assistive Device","article_publisher":"https:\/\/www.facebook.com\/glassouse\/","og_image":[{"width":1000,"height":1000,"url":"https:\/\/glassouse.com\/wp-content\/uploads\/2022\/06\/GW04-Beanie-Hat-7.jpg","type":"image\/jpeg"}],"twitter_card":"summary_large_image","twitter_site":"@glassouse","schema":{"@context":"https:\/\/schema.org","@graph":[{"@type":"WebPage","@id":"https:\/\/glassouse.com\/de\/product\/gw04-g-beanie-hut\/","url":"https:\/\/glassouse.com\/de\/product\/gw04-g-beanie-hut\/","name":"GW04 G-Beanie Hut - Glassouse Assistive Device","isPartOf":{"@id":"https:\/\/glassouse.com\/de\/#website"},"primaryImageOfPage":{"@id":"https:\/\/glassouse.com\/de\/product\/gw04-g-beanie-hut\/#primaryimage"},"image":{"@id":"https:\/\/glassouse.com\/de\/product\/gw04-g-beanie-hut\/#primaryimage"},"thumbnailUrl":"https:\/\/glassouse.com\/wp-content\/uploads\/2022\/06\/GW04-Beanie-Hat-7.jpg","datePublished":"2022-06-28T19:18:16+00:00","breadcrumb":{"@id":"https:\/\/glassouse.com\/de\/product\/gw04-g-beanie-hut\/#breadcrumb"},"inLanguage":"de","potentialAction":[{"@type":"ReadAction","target":["https:\/\/glassouse.com\/de\/product\/gw04-g-beanie-hut\/"]}]},{"@type":"ImageObject","inLanguage":"de","@id":"https:\/\/glassouse.com\/de\/product\/gw04-g-beanie-hut\/#primaryimage","url":"https:\/\/glassouse.com\/wp-content\/uploads\/2022\/06\/GW04-Beanie-Hat-7.jpg","contentUrl":"https:\/\/glassouse.com\/wp-content\/uploads\/2022\/06\/GW04-Beanie-Hat-7.jpg","width":1000,"height":1000,"caption":"Beanie-M\u00fctze"},{"@type":"BreadcrumbList","@id":"https:\/\/glassouse.com\/de\/product\/gw04-g-beanie-hut\/#breadcrumb","itemListElement":[{"@type":"ListItem","position":1,"name":"Home","item":"https:\/\/glassouse.com\/de\/"},{"@type":"ListItem","position":2,"name":"Shop","item":"https:\/\/glassouse.com\/de\/shop\/"},{"@type":"ListItem","position":3,"name":"GW04 G-Beanie Hut"}]},{"@type":"WebSite","@id":"https:\/\/glassouse.com\/de\/#website","url":"https:\/\/glassouse.com\/de\/","name":"Glassouse Assistive Device","description":"Assistive Device and Switches for Disabled","publisher":{"@id":"https:\/\/glassouse.com\/de\/#organization"},"potentialAction":[{"@type":"SearchAction","target":{"@type":"EntryPoint","urlTemplate":"https:\/\/glassouse.com\/de\/?s={search_term_string}"},"query-input":{"@type":"PropertyValueSpecification","valueRequired":true,"valueName":"search_term_string"}}],"inLanguage":"de"},{"@type":"Organization","@id":"https:\/\/glassouse.com\/de\/#organization","name":"GlassOuse Assistive Device","url":"https:\/\/glassouse.com\/de\/","logo":{"@type":"ImageObject","inLanguage":"de","@id":"https:\/\/glassouse.com\/de\/#\/schema\/logo\/image\/","url":"https:\/\/glassouse.com\/wp-content\/uploads\/2017\/11\/logo.jpg","contentUrl":"https:\/\/glassouse.com\/wp-content\/uploads\/2017\/11\/logo.jpg","width":500,"height":500,"caption":"GlassOuse Assistive Device"},"image":{"@id":"https:\/\/glassouse.com\/de\/#\/schema\/logo\/image\/"},"sameAs":["https:\/\/www.facebook.com\/glassouse\/","https:\/\/x.com\/glassouse","https:\/\/www.instagram.com\/glassouseassistivedevice\/","https:\/\/www.linkedin.com\/company\/glassouse\/","https:\/\/www.youtube.com\/channel\/UCM5pebcmVXbu00QYd91_Gyw"]}]}},"_links":{"self":[{"href":"https:\/\/glassouse.com\/de\/wp-json\/wp\/v2\/product\/31874","targetHints":{"allow":["GET"]}}],"collection":[{"href":"https:\/\/glassouse.com\/de\/wp-json\/wp\/v2\/product"}],"about":[{"href":"https:\/\/glassouse.com\/de\/wp-json\/wp\/v2\/types\/product"}],"wp:featuredmedia":[{"embeddable":true,"href":"https:\/\/glassouse.com\/de\/wp-json\/wp\/v2\/media\/31892"}],"wp:attachment":[{"href":"https:\/\/glassouse.com\/de\/wp-json\/wp\/v2\/media?parent=31874"}],"wp:term":[{"taxonomy":"product_brand","embeddable":true,"href":"https:\/\/glassouse.com\/de\/wp-json\/wp\/v2\/product_brand?post=31874"},{"taxonomy":"product_cat","embeddable":true,"href":"https:\/\/glassouse.com\/de\/wp-json\/wp\/v2\/product_cat?post=31874"},{"taxonomy":"product_tag","embeddable":true,"href":"https:\/\/glassouse.com\/de\/wp-json\/wp\/v2\/product_tag?post=31874"}],"curies":[{"name":"wp","href":"https:\/\/api.w.org\/{rel}","templated":true}]}}