{"id":32209,"date":"2022-07-16T02:31:59","date_gmt":"2022-07-15T18:31:59","guid":{"rendered":"https:\/\/glassouse.com\/product\/ac06-3-5mm-klinke-y-splitter\/"},"modified":"2022-07-16T02:31:59","modified_gmt":"2022-07-15T18:31:59","slug":"ac06-3-5mm-klinke-y-splitter","status":"publish","type":"product","link":"https:\/\/glassouse.com\/de\/product\/ac06-3-5mm-klinke-y-splitter\/","title":{"rendered":"AC06 3.5mm Klinke Y-Splitter"},"content":{"rendered":"","protected":false},"excerpt":{"rendered":"<p><strong>Unterst\u00fctzt: <\/strong>GlassOuse PRO\/Link.<\/p>\n<p><strong>1X St\u00fcck 3,5 mm Klinke Y-Splitter<\/strong><\/p>\n<p>Ein 3,5 mm Klinkenstecker-Splitter, der es dem Benutzer erm\u00f6glicht, zwei Hilfsschalter (3,5 mm Klinkenstecker) an einen einzigen Port von GlassOuse PRO und GlassOuse Link anzuschlie\u00dfen. Die Funktionen der beiden angeschlossenen Schalter k\u00f6nnen \u00fcber die GlassOuse APP zugewiesen oder ge\u00e4ndert werden. <\/p>\n<p><strong>HINWEIS:<\/strong> Dieses Produkt unterst\u00fctzt nicht GlassOuse V1.4<\/p>\n<div id=\"gtx-trans\" style=\"position: absolute; left: 218px; top: 36.3333px;\">\n<div class=\"gtx-trans-icon\"><\/div>\n<\/div>\n","protected":false},"featured_media":32222,"template":"","meta":{"_acf_changed":false},"product_brand":[],"product_cat":[370],"product_tag":[],"class_list":{"0":"post-32209","1":"product","2":"type-product","3":"status-publish","4":"has-post-thumbnail","6":"product_cat-glassouse-zubehor","7":"product_shipping_class-zubehor","9":"first","10":"instock","11":"shipping-taxable","12":"purchasable","13":"product-type-simple"},"acf":[],"yoast_head":"<!-- This site is optimized with the Yoast SEO plugin v27.4 - https:\/\/yoast.com\/product\/yoast-seo-wordpress\/ -->\n<title>GlassOuse Bite Switch Silikonh\u00fclle zu verkaufen - Design for Disabilities<\/title>\n<meta name=\"description\" content=\"Silikonh\u00fclle f\u00fcr GlassOuse Bei\u00dfschalter f\u00fcr Hilfsmittel. Entwickelt f\u00fcr Menschen mit Behinderungen, hergestellt aus langlebigen und soliden Materialien. Versand weltweit.\" \/>\n<meta name=\"robots\" content=\"index, follow, max-snippet:-1, max-image-preview:large, max-video-preview:-1\" \/>\n<link rel=\"canonical\" href=\"https:\/\/glassouse.com\/de\/product\/ac06-3-5mm-klinke-y-splitter\/\" \/>\n<meta property=\"og:locale\" content=\"de_DE\" \/>\n<meta property=\"og:type\" content=\"article\" \/>\n<meta property=\"og:title\" content=\"GlassOuse Bite Switch Silikonh\u00fclle zu verkaufen - Design for Disabilities\" \/>\n<meta property=\"og:description\" content=\"Silikonh\u00fclle f\u00fcr GlassOuse Bei\u00dfschalter f\u00fcr Hilfsmittel. Entwickelt f\u00fcr Menschen mit Behinderungen, hergestellt aus langlebigen und soliden Materialien. Versand weltweit.\" \/>\n<meta property=\"og:url\" content=\"https:\/\/glassouse.com\/de\/product\/ac06-3-5mm-klinke-y-splitter\/\" \/>\n<meta property=\"og:site_name\" content=\"Glassouse Assistive Device\" \/>\n<meta property=\"article:publisher\" content=\"https:\/\/www.facebook.com\/glassouse\/\" \/>\n<meta property=\"og:image\" content=\"https:\/\/glassouse.com\/wp-content\/uploads\/2022\/07\/ac06-featured-img.png\" \/>\n\t<meta property=\"og:image:width\" content=\"1000\" \/>\n\t<meta property=\"og:image:height\" content=\"1000\" \/>\n\t<meta property=\"og:image:type\" content=\"image\/png\" \/>\n<meta name=\"twitter:card\" content=\"summary_large_image\" \/>\n<meta name=\"twitter:site\" content=\"@glassouse\" \/>\n<script type=\"application\/ld+json\" class=\"yoast-schema-graph\">{\"@context\":\"https:\\\/\\\/schema.org\",\"@graph\":[{\"@type\":\"WebPage\",\"@id\":\"https:\\\/\\\/glassouse.com\\\/de\\\/product\\\/ac06-3-5mm-klinke-y-splitter\\\/\",\"url\":\"https:\\\/\\\/glassouse.com\\\/de\\\/product\\\/ac06-3-5mm-klinke-y-splitter\\\/\",\"name\":\"GlassOuse Bite Switch Silikonh\u00fclle zu verkaufen - Design for Disabilities\",\"isPartOf\":{\"@id\":\"https:\\\/\\\/glassouse.com\\\/de\\\/#website\"},\"primaryImageOfPage\":{\"@id\":\"https:\\\/\\\/glassouse.com\\\/de\\\/product\\\/ac06-3-5mm-klinke-y-splitter\\\/#primaryimage\"},\"image\":{\"@id\":\"https:\\\/\\\/glassouse.com\\\/de\\\/product\\\/ac06-3-5mm-klinke-y-splitter\\\/#primaryimage\"},\"thumbnailUrl\":\"https:\\\/\\\/glassouse.com\\\/wp-content\\\/uploads\\\/2022\\\/07\\\/ac06-featured-img.png\",\"datePublished\":\"2022-07-15T18:31:59+00:00\",\"description\":\"Silikonh\u00fclle f\u00fcr GlassOuse Bei\u00dfschalter f\u00fcr Hilfsmittel. Entwickelt f\u00fcr Menschen mit Behinderungen, hergestellt aus langlebigen und soliden Materialien. Versand weltweit.\",\"breadcrumb\":{\"@id\":\"https:\\\/\\\/glassouse.com\\\/de\\\/product\\\/ac06-3-5mm-klinke-y-splitter\\\/#breadcrumb\"},\"inLanguage\":\"de\",\"potentialAction\":[{\"@type\":\"ReadAction\",\"target\":[\"https:\\\/\\\/glassouse.com\\\/de\\\/product\\\/ac06-3-5mm-klinke-y-splitter\\\/\"]}]},{\"@type\":\"ImageObject\",\"inLanguage\":\"de\",\"@id\":\"https:\\\/\\\/glassouse.com\\\/de\\\/product\\\/ac06-3-5mm-klinke-y-splitter\\\/#primaryimage\",\"url\":\"https:\\\/\\\/glassouse.com\\\/wp-content\\\/uploads\\\/2022\\\/07\\\/ac06-featured-img.png\",\"contentUrl\":\"https:\\\/\\\/glassouse.com\\\/wp-content\\\/uploads\\\/2022\\\/07\\\/ac06-featured-img.png\",\"width\":1000,\"height\":1000,\"caption\":\"Ac06\"},{\"@type\":\"BreadcrumbList\",\"@id\":\"https:\\\/\\\/glassouse.com\\\/de\\\/product\\\/ac06-3-5mm-klinke-y-splitter\\\/#breadcrumb\",\"itemListElement\":[{\"@type\":\"ListItem\",\"position\":1,\"name\":\"Home\",\"item\":\"https:\\\/\\\/glassouse.com\\\/de\\\/startseite\\\/\"},{\"@type\":\"ListItem\",\"position\":2,\"name\":\"Shop\",\"item\":\"https:\\\/\\\/glassouse.com\\\/de\\\/shop\\\/\"},{\"@type\":\"ListItem\",\"position\":3,\"name\":\"AC06 3.5mm Klinke Y-Splitter\"}]},{\"@type\":\"WebSite\",\"@id\":\"https:\\\/\\\/glassouse.com\\\/de\\\/#website\",\"url\":\"https:\\\/\\\/glassouse.com\\\/de\\\/\",\"name\":\"Glassouse Assistive Device\",\"description\":\"Assistive Device and Switches for Disabled\",\"publisher\":{\"@id\":\"https:\\\/\\\/glassouse.com\\\/de\\\/#organization\"},\"potentialAction\":[{\"@type\":\"SearchAction\",\"target\":{\"@type\":\"EntryPoint\",\"urlTemplate\":\"https:\\\/\\\/glassouse.com\\\/de\\\/?s={search_term_string}\"},\"query-input\":{\"@type\":\"PropertyValueSpecification\",\"valueRequired\":true,\"valueName\":\"search_term_string\"}}],\"inLanguage\":\"de\"},{\"@type\":\"Organization\",\"@id\":\"https:\\\/\\\/glassouse.com\\\/de\\\/#organization\",\"name\":\"GlassOuse Assistive Device\",\"url\":\"https:\\\/\\\/glassouse.com\\\/de\\\/\",\"logo\":{\"@type\":\"ImageObject\",\"inLanguage\":\"de\",\"@id\":\"https:\\\/\\\/glassouse.com\\\/de\\\/#\\\/schema\\\/logo\\\/image\\\/\",\"url\":\"https:\\\/\\\/glassouse.com\\\/wp-content\\\/uploads\\\/2017\\\/11\\\/logo.jpg\",\"contentUrl\":\"https:\\\/\\\/glassouse.com\\\/wp-content\\\/uploads\\\/2017\\\/11\\\/logo.jpg\",\"width\":500,\"height\":500,\"caption\":\"GlassOuse Assistive Device\"},\"image\":{\"@id\":\"https:\\\/\\\/glassouse.com\\\/de\\\/#\\\/schema\\\/logo\\\/image\\\/\"},\"sameAs\":[\"https:\\\/\\\/www.facebook.com\\\/glassouse\\\/\",\"https:\\\/\\\/x.com\\\/glassouse\",\"https:\\\/\\\/www.instagram.com\\\/glassouseassistivedevice\\\/\",\"https:\\\/\\\/www.linkedin.com\\\/company\\\/glassouse\\\/\",\"https:\\\/\\\/www.youtube.com\\\/channel\\\/UCM5pebcmVXbu00QYd91_Gyw\"]}]}<\/script>\n<!-- \/ Yoast SEO plugin. -->","yoast_head_json":{"title":"GlassOuse Bite Switch Silikonh\u00fclle zu verkaufen - Design for Disabilities","description":"Silikonh\u00fclle f\u00fcr GlassOuse Bei\u00dfschalter f\u00fcr Hilfsmittel. Entwickelt f\u00fcr Menschen mit Behinderungen, hergestellt aus langlebigen und soliden Materialien. Versand weltweit.","robots":{"index":"index","follow":"follow","max-snippet":"max-snippet:-1","max-image-preview":"max-image-preview:large","max-video-preview":"max-video-preview:-1"},"canonical":"https:\/\/glassouse.com\/de\/product\/ac06-3-5mm-klinke-y-splitter\/","og_locale":"de_DE","og_type":"article","og_title":"GlassOuse Bite Switch Silikonh\u00fclle zu verkaufen - Design for Disabilities","og_description":"Silikonh\u00fclle f\u00fcr GlassOuse Bei\u00dfschalter f\u00fcr Hilfsmittel. Entwickelt f\u00fcr Menschen mit Behinderungen, hergestellt aus langlebigen und soliden Materialien. Versand weltweit.","og_url":"https:\/\/glassouse.com\/de\/product\/ac06-3-5mm-klinke-y-splitter\/","og_site_name":"Glassouse Assistive Device","article_publisher":"https:\/\/www.facebook.com\/glassouse\/","og_image":[{"width":1000,"height":1000,"url":"https:\/\/glassouse.com\/wp-content\/uploads\/2022\/07\/ac06-featured-img.png","type":"image\/png"}],"twitter_card":"summary_large_image","twitter_site":"@glassouse","schema":{"@context":"https:\/\/schema.org","@graph":[{"@type":"WebPage","@id":"https:\/\/glassouse.com\/de\/product\/ac06-3-5mm-klinke-y-splitter\/","url":"https:\/\/glassouse.com\/de\/product\/ac06-3-5mm-klinke-y-splitter\/","name":"GlassOuse Bite Switch Silikonh\u00fclle zu verkaufen - Design for Disabilities","isPartOf":{"@id":"https:\/\/glassouse.com\/de\/#website"},"primaryImageOfPage":{"@id":"https:\/\/glassouse.com\/de\/product\/ac06-3-5mm-klinke-y-splitter\/#primaryimage"},"image":{"@id":"https:\/\/glassouse.com\/de\/product\/ac06-3-5mm-klinke-y-splitter\/#primaryimage"},"thumbnailUrl":"https:\/\/glassouse.com\/wp-content\/uploads\/2022\/07\/ac06-featured-img.png","datePublished":"2022-07-15T18:31:59+00:00","description":"Silikonh\u00fclle f\u00fcr GlassOuse Bei\u00dfschalter f\u00fcr Hilfsmittel. Entwickelt f\u00fcr Menschen mit Behinderungen, hergestellt aus langlebigen und soliden Materialien. Versand weltweit.","breadcrumb":{"@id":"https:\/\/glassouse.com\/de\/product\/ac06-3-5mm-klinke-y-splitter\/#breadcrumb"},"inLanguage":"de","potentialAction":[{"@type":"ReadAction","target":["https:\/\/glassouse.com\/de\/product\/ac06-3-5mm-klinke-y-splitter\/"]}]},{"@type":"ImageObject","inLanguage":"de","@id":"https:\/\/glassouse.com\/de\/product\/ac06-3-5mm-klinke-y-splitter\/#primaryimage","url":"https:\/\/glassouse.com\/wp-content\/uploads\/2022\/07\/ac06-featured-img.png","contentUrl":"https:\/\/glassouse.com\/wp-content\/uploads\/2022\/07\/ac06-featured-img.png","width":1000,"height":1000,"caption":"Ac06"},{"@type":"BreadcrumbList","@id":"https:\/\/glassouse.com\/de\/product\/ac06-3-5mm-klinke-y-splitter\/#breadcrumb","itemListElement":[{"@type":"ListItem","position":1,"name":"Home","item":"https:\/\/glassouse.com\/de\/startseite\/"},{"@type":"ListItem","position":2,"name":"Shop","item":"https:\/\/glassouse.com\/de\/shop\/"},{"@type":"ListItem","position":3,"name":"AC06 3.5mm Klinke Y-Splitter"}]},{"@type":"WebSite","@id":"https:\/\/glassouse.com\/de\/#website","url":"https:\/\/glassouse.com\/de\/","name":"Glassouse Assistive Device","description":"Assistive Device and Switches for Disabled","publisher":{"@id":"https:\/\/glassouse.com\/de\/#organization"},"potentialAction":[{"@type":"SearchAction","target":{"@type":"EntryPoint","urlTemplate":"https:\/\/glassouse.com\/de\/?s={search_term_string}"},"query-input":{"@type":"PropertyValueSpecification","valueRequired":true,"valueName":"search_term_string"}}],"inLanguage":"de"},{"@type":"Organization","@id":"https:\/\/glassouse.com\/de\/#organization","name":"GlassOuse Assistive Device","url":"https:\/\/glassouse.com\/de\/","logo":{"@type":"ImageObject","inLanguage":"de","@id":"https:\/\/glassouse.com\/de\/#\/schema\/logo\/image\/","url":"https:\/\/glassouse.com\/wp-content\/uploads\/2017\/11\/logo.jpg","contentUrl":"https:\/\/glassouse.com\/wp-content\/uploads\/2017\/11\/logo.jpg","width":500,"height":500,"caption":"GlassOuse Assistive Device"},"image":{"@id":"https:\/\/glassouse.com\/de\/#\/schema\/logo\/image\/"},"sameAs":["https:\/\/www.facebook.com\/glassouse\/","https:\/\/x.com\/glassouse","https:\/\/www.instagram.com\/glassouseassistivedevice\/","https:\/\/www.linkedin.com\/company\/glassouse\/","https:\/\/www.youtube.com\/channel\/UCM5pebcmVXbu00QYd91_Gyw"]}]}},"_links":{"self":[{"href":"https:\/\/glassouse.com\/de\/wp-json\/wp\/v2\/product\/32209","targetHints":{"allow":["GET"]}}],"collection":[{"href":"https:\/\/glassouse.com\/de\/wp-json\/wp\/v2\/product"}],"about":[{"href":"https:\/\/glassouse.com\/de\/wp-json\/wp\/v2\/types\/product"}],"wp:featuredmedia":[{"embeddable":true,"href":"https:\/\/glassouse.com\/de\/wp-json\/wp\/v2\/media\/32222"}],"wp:attachment":[{"href":"https:\/\/glassouse.com\/de\/wp-json\/wp\/v2\/media?parent=32209"}],"wp:term":[{"taxonomy":"product_brand","embeddable":true,"href":"https:\/\/glassouse.com\/de\/wp-json\/wp\/v2\/product_brand?post=32209"},{"taxonomy":"product_cat","embeddable":true,"href":"https:\/\/glassouse.com\/de\/wp-json\/wp\/v2\/product_cat?post=32209"},{"taxonomy":"product_tag","embeddable":true,"href":"https:\/\/glassouse.com\/de\/wp-json\/wp\/v2\/product_tag?post=32209"}],"curies":[{"name":"wp","href":"https:\/\/api.w.org\/{rel}","templated":true}]}}