{"id":32563,"date":"2023-11-13T06:33:26","date_gmt":"2023-11-12T22:33:26","guid":{"rendered":"https:\/\/glassouse.com\/product\/gs12-glassouse-blinkschalter\/"},"modified":"2026-04-27T17:13:25","modified_gmt":"2026-04-27T09:13:25","slug":"gs12-glassouse-blinkschalter","status":"publish","type":"product","link":"https:\/\/glassouse.com\/de\/product\/gs12-glassouse-blinkschalter\/","title":{"rendered":"GS12 GlassOuse Blinkschalter"},"content":{"rendered":"<div class=\"wpb-content-wrapper\"><p>[vc_row unlock_row_content=&#8220;yes&#8220; row_height_percent=&#8220;0&#8243; override_padding=&#8220;yes&#8220; h_padding=&#8220;0&#8243; top_padding=&#8220;0&#8243; bottom_padding=&#8220;0&#8243; overlay_alpha=&#8220;50&#8243; equal_height=&#8220;yes&#8220; gutter_size=&#8220;0&#8243; column_width_percent=&#8220;100&#8243; shift_y=&#8220;0&#8243; z_index=&#8220;0&#8243; el_class=&#8220;compact_section&#8220; uncode_shortcode_id=&#8220;854311&#8243; css=&#8220;.vc_custom_1699893539827{padding-top: 15px !important;padding-right: 0px !important;padding-left: 0px !important;}&#8220;][vc_column column_width_percent=&#8220;100&#8243; position_horizontal=&#8220;left&#8220; position_vertical=&#8220;middle&#8220; gutter_size=&#8220;0&#8243; override_padding=&#8220;yes&#8220; column_padding=&#8220;0&#8243; back_image=&#8220;32588&#8243; back_repeat=&#8220;no-repeat&#8220; back_position=&#8220;right top&#8220; overlay_alpha=&#8220;50&#8243; shift_x=&#8220;0&#8243; shift_y=&#8220;0&#8243; shift_y_down=&#8220;0&#8243; z_index=&#8220;0&#8243; medium_width=&#8220;0&#8243; mobile_width=&#8220;0&#8243; width=&#8220;1\/1&#8243; uncode_shortcode_id=&#8220;591427&#8243; css=&#8220;.vc_custom_1699909269674{padding-top: 160px !important;padding-right: 0px !important;padding-bottom: 160px !important;padding-left: 50px !important;}&#8220; el_class=&#8220;content_column bg_right_top&#8220;][vc_row_inner row_inner_height_percent=&#8220;0&#8243; force_width_grid=&#8220;yes&#8220; overlay_alpha=&#8220;50&#8243; gutter_size=&#8220;0&#8243; shift_y=&#8220;0&#8243; z_index=&#8220;0&#8243; uncode_shortcode_id=&#8220;192230&#8243; css=&#8220;.vc_custom_1699893524371{padding-right: 0px !important;padding-left: 0px !important;}&#8220; el_class=&#8220;limit-width&#8220;][vc_column_inner column_width_percent=&#8220;70&#8243; position_horizontal=&#8220;left&#8220; position_vertical=&#8220;middle&#8220; gutter_size=&#8220;0&#8243; override_padding=&#8220;yes&#8220; column_padding=&#8220;0&#8243; overlay_alpha=&#8220;50&#8243; shift_x=&#8220;0&#8243; shift_y=&#8220;0&#8243; shift_y_down=&#8220;0&#8243; z_index=&#8220;0&#8243; medium_width=&#8220;0&#8243; mobile_width=&#8220;0&#8243; width=&#8220;1\/2&#8243; uncode_shortcode_id=&#8220;579793&#8243; css=&#8220;.vc_custom_1699893618145{padding-right: 2% !important;padding-left: 0px !important;}&#8220;][vc_custom_heading text_color=&#8220;color-jevc&#8220; text_size=&#8220;h3&#8243; text_weight=&#8220;600&#8243; uncode_shortcode_id=&#8220;545502&#8243; text_color_type=&#8220;uncode-palette&#8220; el_class=&#8220;lh-1&#8243;]Blinzeln &amp; Klicken: M\u00fchelose Interaktion mit einem Augenzwinkern[\/vc_custom_heading][vc_separator sep_color=&#8220;&#8220; icon_position=&#8220;left&#8220; el_height=&#8220;5px&#8220; uncode_shortcode_id=&#8220;255087&#8243; sep_color_type=&#8220;uncode-solid&#8220; el_width=&#8220;82px&#8220; sep_color_solid=&#8220;#43b8db&#8220; el_class=&#8220;c-divider&#8220;][\/vc_column_inner][vc_column_inner width=&#8220;1\/2&#8243;][\/vc_column_inner][\/vc_row_inner][\/vc_column][\/vc_row][vc_row row_height_percent=&#8220;0&#8243; override_padding=&#8220;yes&#8220; h_padding=&#8220;0&#8243; top_padding=&#8220;0&#8243; bottom_padding=&#8220;0&#8243; overlay_alpha=&#8220;50&#8243; gutter_size=&#8220;3&#8243; column_width_percent=&#8220;100&#8243; shift_y=&#8220;0&#8243; z_index=&#8220;0&#8243; uncode_shortcode_id=&#8220;151199&#8243; css=&#8220;.vc_custom_1699894033019{padding-top: 50px !important;}&#8220;][vc_column column_width_percent=&#8220;100&#8243; align_horizontal=&#8220;align_center&#8220; gutter_size=&#8220;3&#8243; overlay_alpha=&#8220;50&#8243; shift_x=&#8220;0&#8243; shift_y=&#8220;0&#8243; shift_y_down=&#8220;0&#8243; z_index=&#8220;0&#8243; medium_width=&#8220;0&#8243; mobile_width=&#8220;0&#8243; width=&#8220;1\/1&#8243; uncode_shortcode_id=&#8220;798976&#8243;][vc_custom_heading text_color=&#8220;color-jevc&#8220; text_size=&#8220;h3&#8243; text_weight=&#8220;700&#8243; text_height=&#8220;lh-n&#8220; uncode_shortcode_id=&#8220;750658&#8243; text_color_type=&#8220;uncode-palette&#8220;]Blinkschalter[\/vc_custom_heading][vc_row_inner row_inner_height_percent=&#8220;0&#8243; overlay_alpha=&#8220;50&#8243; gutter_size=&#8220;3&#8243; shift_y=&#8220;0&#8243; z_index=&#8220;0&#8243; uncode_shortcode_id=&#8220;146835&#8243; el_class=&#8220;icon_boxs_wrap&#8220;][vc_column_inner column_width_percent=&#8220;100&#8243; align_horizontal=&#8220;align_center&#8220; gutter_size=&#8220;2&#8243; overlay_alpha=&#8220;50&#8243; shift_x=&#8220;0&#8243; shift_y=&#8220;0&#8243; shift_y_down=&#8220;0&#8243; z_index=&#8220;0&#8243; medium_width=&#8220;0&#8243; mobile_width=&#8220;0&#8243; width=&#8220;1\/1&#8243; uncode_shortcode_id=&#8220;168717&#8243;][vc_icon display=&#8220;inline&#8220; icon_image=&#8220;19737&#8243; media_size=&#8220;300&#8243; text_size=&#8220;h4&#8243; text_weight=&#8220;500&#8243; text_height=&#8220;lh-n&#8220; uncode_shortcode_id=&#8220;827076&#8243; title=&#8220;GlassOuse PRO\/Link&#8220;][\/vc_icon][vc_icon display=&#8220;inline&#8220; icon_image=&#8220;19745&#8243; media_size=&#8220;300&#8243; text_size=&#8220;h4&#8243; text_weight=&#8220;500&#8243; text_height=&#8220;lh-n&#8220; uncode_shortcode_id=&#8220;866711&#8243; title=&#8220;GlassOuse 1.4 (und niedriger)&#8220;][\/vc_icon][\/vc_column_inner][\/vc_row_inner][\/vc_column][\/vc_row][vc_row row_height_percent=&#8220;0&#8243; override_padding=&#8220;yes&#8220; h_padding=&#8220;2&#8243; top_padding=&#8220;2&#8243; bottom_padding=&#8220;3&#8243; overlay_alpha=&#8220;50&#8243; gutter_size=&#8220;3&#8243; column_width_percent=&#8220;100&#8243; shift_y=&#8220;0&#8243; z_index=&#8220;0&#8243; uncode_shortcode_id=&#8220;210438&#8243;][vc_column column_width_percent=&#8220;65&#8243; gutter_size=&#8220;3&#8243; overlay_alpha=&#8220;50&#8243; shift_x=&#8220;0&#8243; shift_y=&#8220;0&#8243; shift_y_down=&#8220;0&#8243; z_index=&#8220;0&#8243; medium_width=&#8220;0&#8243; mobile_width=&#8220;0&#8243; width=&#8220;1\/1&#8243; uncode_shortcode_id=&#8220;213419&#8243;][vc_row_inner row_inner_height_percent=&#8220;0&#8243; overlay_alpha=&#8220;50&#8243; gutter_size=&#8220;3&#8243; shift_y=&#8220;0&#8243; z_index=&#8220;0&#8243; uncode_shortcode_id=&#8220;137139&#8243; el_class=&#8220;inline_small_icon_wrap&#8220; back_color_type=&#8220;uncode-solid&#8220; back_color_solid=&#8220;#f3f3f3&#8243; css=&#8220;.vc_custom_1699999910392{padding-top: 30px !important;padding-right: 33px !important;padding-bottom: 30px !important;padding-left: 3px !important;}&#8220;][vc_column_inner column_width_percent=&#8220;100&#8243; position_vertical=&#8220;middle&#8220; align_horizontal=&#8220;align_center&#8220; gutter_size=&#8220;2&#8243; override_padding=&#8220;yes&#8220; column_padding=&#8220;0&#8243; overlay_alpha=&#8220;50&#8243; shift_x=&#8220;0&#8243; shift_y=&#8220;0&#8243; shift_y_down=&#8220;0&#8243; z_index=&#8220;0&#8243; medium_width=&#8220;0&#8243; mobile_width=&#8220;0&#8243; width=&#8220;1\/1&#8243; uncode_shortcode_id=&#8220;970061&#8243; css=&#8220;.vc_custom_1699999777376{padding-right: 0px !important;padding-left: 0px !important;}&#8220;][vc_icon position=&#8220;right&#8220; space_reduced=&#8220;yes&#8220; display=&#8220;inline&#8220; icon_image=&#8220;19900&#8243; media_size=&#8220;50&#8243; text_size=&#8220;h4&#8243; text_weight=&#8220;500&#8243; text_height=&#8220;lh-n&#8220; text_lead=&#8220;small&#8220; uncode_shortcode_id=&#8220;602312&#8243;]<span style=\"color: #ff0000;\">*Bei der<\/span>Verwendung mit GlassOuse PRO\/Link kann der Blink-Schalter nur an der <span style=\"color: #000000;\">GW01 Framewear<\/span> befestigt werden <span style=\"color: #000000;\">.<\/span>[\/vc_icon][vc_icon position=&#8220;left&#8220; space_reduced=&#8220;yes&#8220; display=&#8220;inline&#8220; icon_image=&#8220;19908&#8243; media_size=&#8220;50&#8243; text_size=&#8220;h4&#8243; text_weight=&#8220;500&#8243; text_height=&#8220;lh-n&#8220; text_lead=&#8220;small&#8220; uncode_shortcode_id=&#8220;817823&#8243;]Hinweis: Es wird empfohlen, Blink Switch <span style=\"color: #000000;\">nicht<\/span> zu verwenden, w\u00e4hrend Sie <span style=\"color: #000000;\">Ihre normale Brille <\/span> tragen <span style=\"color: #000000;\">. <\/span>[\/vc_icon][\/vc_column_inner][\/vc_row_inner][vc_icon position=&#8220;left&#8220; icon=&#8220;fa fa-play&#8220; icon_image=&#8220;20250&#8243; icon_color=&#8220;color-xsdn&#8220; uncode_shortcode_id=&#8220;727097&#8243; icon_color_type=&#8220;uncode-palette&#8220; media_lightbox=&#8220;20267&#8243; el_class=&#8220;video_box&#8220;][\/vc_icon][vc_column_text uncode_shortcode_id=&#8220;167172&#8243;]<\/p>\n<p style=\"text-align: justify;\"><strong>Wir stellen den GlassOuse Blink Switch vor, einen<\/strong> praktischen Schalter, mit dem Personen mit eingeschr\u00e4nkter Mobilit\u00e4t digitale Ger\u00e4te durch einfaches Blinzeln mit den Augen steuern k\u00f6nnen. Der Blink Switch verf\u00fcgt \u00fcber einen Augensensor, der das absichtliche Blinzeln* genau erkennt und einen pr\u00e4zisen Klick auf Ihrem Computer, Mobiltelefon oder Tablet ausl\u00f6st. <\/p>\n<p>Der Blinkschalter verf\u00fcgt \u00fcber einen 3,5-mm-Klinkenanschluss und l\u00e4sst sich perfekt mit GlassOuse PRO\/Link* oder GlassOuse V1.4 (oder niedriger) kombinieren.<\/p>\n<p><strong>Personalisierung ist wichtig, und der Blink Switch verf\u00fcgt \u00fcber eine einstellbare Blinkempfindlichkeitseinstellung.<\/strong>  Dies macht ihn f\u00fcr eine Vielzahl von Personen geeignet, da die Benutzer den Schalter an ihre Bed\u00fcrfnisse anpassen k\u00f6nnen.<\/p>\n<p><strong>Der GlassOuse Blinkschalter bietet viele Vorteile.<\/strong>  Mit diesem innovativen Hilfsschalter k\u00f6nnen Benutzer m\u00fchelos durch Anwendungen navigieren, im Internet surfen und mit Software arbeiten &#8211; und das alles durch einfaches Blinzeln der Augen. Er erm\u00f6glicht Menschen mit eingeschr\u00e4nkter Mobilit\u00e4t mehr Unabh\u00e4ngigkeit und Komfort in ihrem t\u00e4glichen Leben. <\/p>\n<p><strong>Unsere Website bietet umfassende Informationen und Unterst\u00fctzung f\u00fcr den GlassOuse Blink Switch.<\/strong>  Entdecken Sie, wie dieser bahnbrechende Hilfsschalter die Zug\u00e4nglichkeit f\u00fcr Sie oder Ihre Angeh\u00f6rigen verbessern kann.[\/vc_column_text][vc_gallery el_id=&#8220;gallery-146860&#8243; medias=&#8220;32594&#8243; gutter_size=&#8220;3&#8243; screen_lg=&#8220;1000&#8243; screen_md=&#8220;600&#8243; screen_sm=&#8220;480&#8243; single_width=&#8220;12&#8243; single_overlay_opacity=&#8220;50&#8243; single_padding=&#8220;2&#8243; uncode_shortcode_id=&#8220;709740&#8243; el_class=&#8220;c_gallery&#8220;][vc_gallery el_id=&#8220;gallery-146860&#8243; isotope_mode=&#8220;fitRows&#8220; medias=&#8220;32586,32584&#8243; gutter_size=&#8220;2&#8243; screen_lg=&#8220;1000&#8243; screen_md=&#8220;600&#8243; screen_sm=&#8220;480&#8243; single_overlay_opacity=&#8220;50&#8243; single_h_align=&#8220;center&#8220; single_padding=&#8220;2&#8243; uncode_shortcode_id=&#8220;200321&#8243; items=&#8220;eyIxMjIwNF9pIjp7InNpbmdsZV90ZXh0Ijoib3ZlcmxheSJ9fQ==&#8220; el_class=&#8220;c_gallery two_column_gallery mt-0 pt-20&#8243;][\/vc_column][\/vc_row]<\/p>\n<\/div>","protected":false},"excerpt":{"rendered":"<p>[vc_row unlock_row_content=&#8220;yes&#8220; row_height_percent=&#8220;0&#8243; override_padding=&#8220;yes&#8220; h_padding=&#8220;0&#8243; top_padding=&#8220;0&#8243; bottom_padding=&#8220;0&#8243; overlay_alpha=&#8220;50&#8243; equal_height=&#8220;yes&#8220; gutter_size=&#8220;0&#8243; column_width_percent=&#8220;100&#8243; shift_y=&#8220;0&#8243; z_index=&#8220;0&#8243; el_class=&#8220;compact_section&#8220; uncode_shortcode_id=&#8220;854311&#8243; css=&#8220;.vc_custom_1699893539827{padding-top: 15px !important;padding-right: 0px !important;padding-left: [&hellip;]<\/p>\n","protected":false},"featured_media":32364,"template":"","meta":{"_acf_changed":false},"product_brand":[],"product_cat":[421],"product_tag":[],"class_list":{"0":"post-32563","1":"product","2":"type-product","3":"status-publish","4":"has-post-thumbnail","6":"product_cat-g-switches","8":"first","9":"instock","10":"shipping-taxable","11":"purchasable","12":"product-type-simple"},"acf":[],"yoast_head":"<!-- This site is optimized with the Yoast SEO plugin v27.4 - https:\/\/yoast.com\/product\/yoast-seo-wordpress\/ -->\n<title>Blinkschalter : GlassOuse Assistive Switch<\/title>\n<meta name=\"description\" content=\"GlassOuse Blink Switch - Ein Hilfsmittel, das durch ein einfaches Blinzeln Ihres Auges aktiviert wird. Ausgestattet mit einem 3,5-mm-Klinkenanschluss. Funktioniert gut mit GlassOuse PRO, Link, V1.4 und anderen Ger\u00e4ten.\" \/>\n<meta name=\"robots\" content=\"index, follow, max-snippet:-1, max-image-preview:large, max-video-preview:-1\" \/>\n<link rel=\"canonical\" href=\"https:\/\/glassouse.com\/de\/product\/gs12-glassouse-blinkschalter\/\" \/>\n<meta property=\"og:locale\" content=\"de_DE\" \/>\n<meta property=\"og:type\" content=\"article\" \/>\n<meta property=\"og:title\" content=\"Blinkschalter : GlassOuse Assistive Switch\" \/>\n<meta property=\"og:description\" content=\"GlassOuse Blink Switch - Ein Hilfsmittel, das durch ein einfaches Blinzeln Ihres Auges aktiviert wird. Ausgestattet mit einem 3,5-mm-Klinkenanschluss. Funktioniert gut mit GlassOuse PRO, Link, V1.4 und anderen Ger\u00e4ten.\" \/>\n<meta property=\"og:url\" content=\"https:\/\/glassouse.com\/de\/product\/gs12-glassouse-blinkschalter\/\" \/>\n<meta property=\"og:site_name\" content=\"Glassouse Assistive Device\" \/>\n<meta property=\"article:publisher\" content=\"https:\/\/www.facebook.com\/glassouse\/\" \/>\n<meta property=\"article:modified_time\" content=\"2026-04-27T09:13:25+00:00\" \/>\n<meta property=\"og:image\" content=\"https:\/\/glassouse.com\/wp-content\/uploads\/2023\/11\/blink-switch-featured-img.jpg\" \/>\n\t<meta property=\"og:image:width\" content=\"1000\" \/>\n\t<meta property=\"og:image:height\" content=\"1000\" \/>\n\t<meta property=\"og:image:type\" content=\"image\/jpeg\" \/>\n<meta name=\"twitter:card\" content=\"summary_large_image\" \/>\n<meta name=\"twitter:site\" content=\"@glassouse\" \/>\n<meta name=\"twitter:label1\" content=\"Gesch\u00e4tzte Lesezeit\" \/>\n\t<meta name=\"twitter:data1\" content=\"5\u00a0Minuten\" \/>\n<script type=\"application\/ld+json\" class=\"yoast-schema-graph\">{\"@context\":\"https:\\\/\\\/schema.org\",\"@graph\":[{\"@type\":\"WebPage\",\"@id\":\"https:\\\/\\\/glassouse.com\\\/de\\\/product\\\/gs12-glassouse-blinkschalter\\\/\",\"url\":\"https:\\\/\\\/glassouse.com\\\/de\\\/product\\\/gs12-glassouse-blinkschalter\\\/\",\"name\":\"Blinkschalter : GlassOuse Assistive Switch\",\"isPartOf\":{\"@id\":\"https:\\\/\\\/glassouse.com\\\/de\\\/#website\"},\"primaryImageOfPage\":{\"@id\":\"https:\\\/\\\/glassouse.com\\\/de\\\/product\\\/gs12-glassouse-blinkschalter\\\/#primaryimage\"},\"image\":{\"@id\":\"https:\\\/\\\/glassouse.com\\\/de\\\/product\\\/gs12-glassouse-blinkschalter\\\/#primaryimage\"},\"thumbnailUrl\":\"https:\\\/\\\/glassouse.com\\\/wp-content\\\/uploads\\\/2023\\\/11\\\/blink-switch-featured-img.jpg\",\"datePublished\":\"2023-11-12T22:33:26+00:00\",\"dateModified\":\"2026-04-27T09:13:25+00:00\",\"description\":\"GlassOuse Blink Switch - Ein Hilfsmittel, das durch ein einfaches Blinzeln Ihres Auges aktiviert wird. Ausgestattet mit einem 3,5-mm-Klinkenanschluss. Funktioniert gut mit GlassOuse PRO, Link, V1.4 und anderen Ger\u00e4ten.\",\"breadcrumb\":{\"@id\":\"https:\\\/\\\/glassouse.com\\\/de\\\/product\\\/gs12-glassouse-blinkschalter\\\/#breadcrumb\"},\"inLanguage\":\"de\",\"potentialAction\":[{\"@type\":\"ReadAction\",\"target\":[\"https:\\\/\\\/glassouse.com\\\/de\\\/product\\\/gs12-glassouse-blinkschalter\\\/\"]}]},{\"@type\":\"ImageObject\",\"inLanguage\":\"de\",\"@id\":\"https:\\\/\\\/glassouse.com\\\/de\\\/product\\\/gs12-glassouse-blinkschalter\\\/#primaryimage\",\"url\":\"https:\\\/\\\/glassouse.com\\\/wp-content\\\/uploads\\\/2023\\\/11\\\/blink-switch-featured-img.jpg\",\"contentUrl\":\"https:\\\/\\\/glassouse.com\\\/wp-content\\\/uploads\\\/2023\\\/11\\\/blink-switch-featured-img.jpg\",\"width\":1000,\"height\":1000,\"caption\":\"Glashaus Blinzelschalter\"},{\"@type\":\"BreadcrumbList\",\"@id\":\"https:\\\/\\\/glassouse.com\\\/de\\\/product\\\/gs12-glassouse-blinkschalter\\\/#breadcrumb\",\"itemListElement\":[{\"@type\":\"ListItem\",\"position\":1,\"name\":\"Home\",\"item\":\"https:\\\/\\\/glassouse.com\\\/de\\\/startseite\\\/\"},{\"@type\":\"ListItem\",\"position\":2,\"name\":\"Shop\",\"item\":\"https:\\\/\\\/glassouse.com\\\/de\\\/shop\\\/\"},{\"@type\":\"ListItem\",\"position\":3,\"name\":\"GS12 GlassOuse Blinkschalter\"}]},{\"@type\":\"WebSite\",\"@id\":\"https:\\\/\\\/glassouse.com\\\/de\\\/#website\",\"url\":\"https:\\\/\\\/glassouse.com\\\/de\\\/\",\"name\":\"Glassouse Assistive Device\",\"description\":\"Assistive Device and Switches for Disabled\",\"publisher\":{\"@id\":\"https:\\\/\\\/glassouse.com\\\/de\\\/#organization\"},\"potentialAction\":[{\"@type\":\"SearchAction\",\"target\":{\"@type\":\"EntryPoint\",\"urlTemplate\":\"https:\\\/\\\/glassouse.com\\\/de\\\/?s={search_term_string}\"},\"query-input\":{\"@type\":\"PropertyValueSpecification\",\"valueRequired\":true,\"valueName\":\"search_term_string\"}}],\"inLanguage\":\"de\"},{\"@type\":\"Organization\",\"@id\":\"https:\\\/\\\/glassouse.com\\\/de\\\/#organization\",\"name\":\"GlassOuse Assistive Device\",\"url\":\"https:\\\/\\\/glassouse.com\\\/de\\\/\",\"logo\":{\"@type\":\"ImageObject\",\"inLanguage\":\"de\",\"@id\":\"https:\\\/\\\/glassouse.com\\\/de\\\/#\\\/schema\\\/logo\\\/image\\\/\",\"url\":\"https:\\\/\\\/glassouse.com\\\/wp-content\\\/uploads\\\/2017\\\/11\\\/logo.jpg\",\"contentUrl\":\"https:\\\/\\\/glassouse.com\\\/wp-content\\\/uploads\\\/2017\\\/11\\\/logo.jpg\",\"width\":500,\"height\":500,\"caption\":\"GlassOuse Assistive Device\"},\"image\":{\"@id\":\"https:\\\/\\\/glassouse.com\\\/de\\\/#\\\/schema\\\/logo\\\/image\\\/\"},\"sameAs\":[\"https:\\\/\\\/www.facebook.com\\\/glassouse\\\/\",\"https:\\\/\\\/x.com\\\/glassouse\",\"https:\\\/\\\/www.instagram.com\\\/glassouseassistivedevice\\\/\",\"https:\\\/\\\/www.linkedin.com\\\/company\\\/glassouse\\\/\",\"https:\\\/\\\/www.youtube.com\\\/channel\\\/UCM5pebcmVXbu00QYd91_Gyw\"]}]}<\/script>\n<!-- \/ Yoast SEO plugin. -->","yoast_head_json":{"title":"Blinkschalter : GlassOuse Assistive Switch","description":"GlassOuse Blink Switch - Ein Hilfsmittel, das durch ein einfaches Blinzeln Ihres Auges aktiviert wird. Ausgestattet mit einem 3,5-mm-Klinkenanschluss. Funktioniert gut mit GlassOuse PRO, Link, V1.4 und anderen Ger\u00e4ten.","robots":{"index":"index","follow":"follow","max-snippet":"max-snippet:-1","max-image-preview":"max-image-preview:large","max-video-preview":"max-video-preview:-1"},"canonical":"https:\/\/glassouse.com\/de\/product\/gs12-glassouse-blinkschalter\/","og_locale":"de_DE","og_type":"article","og_title":"Blinkschalter : GlassOuse Assistive Switch","og_description":"GlassOuse Blink Switch - Ein Hilfsmittel, das durch ein einfaches Blinzeln Ihres Auges aktiviert wird. Ausgestattet mit einem 3,5-mm-Klinkenanschluss. Funktioniert gut mit GlassOuse PRO, Link, V1.4 und anderen Ger\u00e4ten.","og_url":"https:\/\/glassouse.com\/de\/product\/gs12-glassouse-blinkschalter\/","og_site_name":"Glassouse Assistive Device","article_publisher":"https:\/\/www.facebook.com\/glassouse\/","article_modified_time":"2026-04-27T09:13:25+00:00","og_image":[{"width":1000,"height":1000,"url":"https:\/\/glassouse.com\/wp-content\/uploads\/2023\/11\/blink-switch-featured-img.jpg","type":"image\/jpeg"}],"twitter_card":"summary_large_image","twitter_site":"@glassouse","twitter_misc":{"Gesch\u00e4tzte Lesezeit":"5\u00a0Minuten"},"schema":{"@context":"https:\/\/schema.org","@graph":[{"@type":"WebPage","@id":"https:\/\/glassouse.com\/de\/product\/gs12-glassouse-blinkschalter\/","url":"https:\/\/glassouse.com\/de\/product\/gs12-glassouse-blinkschalter\/","name":"Blinkschalter : GlassOuse Assistive Switch","isPartOf":{"@id":"https:\/\/glassouse.com\/de\/#website"},"primaryImageOfPage":{"@id":"https:\/\/glassouse.com\/de\/product\/gs12-glassouse-blinkschalter\/#primaryimage"},"image":{"@id":"https:\/\/glassouse.com\/de\/product\/gs12-glassouse-blinkschalter\/#primaryimage"},"thumbnailUrl":"https:\/\/glassouse.com\/wp-content\/uploads\/2023\/11\/blink-switch-featured-img.jpg","datePublished":"2023-11-12T22:33:26+00:00","dateModified":"2026-04-27T09:13:25+00:00","description":"GlassOuse Blink Switch - Ein Hilfsmittel, das durch ein einfaches Blinzeln Ihres Auges aktiviert wird. Ausgestattet mit einem 3,5-mm-Klinkenanschluss. Funktioniert gut mit GlassOuse PRO, Link, V1.4 und anderen Ger\u00e4ten.","breadcrumb":{"@id":"https:\/\/glassouse.com\/de\/product\/gs12-glassouse-blinkschalter\/#breadcrumb"},"inLanguage":"de","potentialAction":[{"@type":"ReadAction","target":["https:\/\/glassouse.com\/de\/product\/gs12-glassouse-blinkschalter\/"]}]},{"@type":"ImageObject","inLanguage":"de","@id":"https:\/\/glassouse.com\/de\/product\/gs12-glassouse-blinkschalter\/#primaryimage","url":"https:\/\/glassouse.com\/wp-content\/uploads\/2023\/11\/blink-switch-featured-img.jpg","contentUrl":"https:\/\/glassouse.com\/wp-content\/uploads\/2023\/11\/blink-switch-featured-img.jpg","width":1000,"height":1000,"caption":"Glashaus Blinzelschalter"},{"@type":"BreadcrumbList","@id":"https:\/\/glassouse.com\/de\/product\/gs12-glassouse-blinkschalter\/#breadcrumb","itemListElement":[{"@type":"ListItem","position":1,"name":"Home","item":"https:\/\/glassouse.com\/de\/startseite\/"},{"@type":"ListItem","position":2,"name":"Shop","item":"https:\/\/glassouse.com\/de\/shop\/"},{"@type":"ListItem","position":3,"name":"GS12 GlassOuse Blinkschalter"}]},{"@type":"WebSite","@id":"https:\/\/glassouse.com\/de\/#website","url":"https:\/\/glassouse.com\/de\/","name":"Glassouse Assistive Device","description":"Assistive Device and Switches for Disabled","publisher":{"@id":"https:\/\/glassouse.com\/de\/#organization"},"potentialAction":[{"@type":"SearchAction","target":{"@type":"EntryPoint","urlTemplate":"https:\/\/glassouse.com\/de\/?s={search_term_string}"},"query-input":{"@type":"PropertyValueSpecification","valueRequired":true,"valueName":"search_term_string"}}],"inLanguage":"de"},{"@type":"Organization","@id":"https:\/\/glassouse.com\/de\/#organization","name":"GlassOuse Assistive Device","url":"https:\/\/glassouse.com\/de\/","logo":{"@type":"ImageObject","inLanguage":"de","@id":"https:\/\/glassouse.com\/de\/#\/schema\/logo\/image\/","url":"https:\/\/glassouse.com\/wp-content\/uploads\/2017\/11\/logo.jpg","contentUrl":"https:\/\/glassouse.com\/wp-content\/uploads\/2017\/11\/logo.jpg","width":500,"height":500,"caption":"GlassOuse Assistive Device"},"image":{"@id":"https:\/\/glassouse.com\/de\/#\/schema\/logo\/image\/"},"sameAs":["https:\/\/www.facebook.com\/glassouse\/","https:\/\/x.com\/glassouse","https:\/\/www.instagram.com\/glassouseassistivedevice\/","https:\/\/www.linkedin.com\/company\/glassouse\/","https:\/\/www.youtube.com\/channel\/UCM5pebcmVXbu00QYd91_Gyw"]}]}},"_links":{"self":[{"href":"https:\/\/glassouse.com\/de\/wp-json\/wp\/v2\/product\/32563","targetHints":{"allow":["GET"]}}],"collection":[{"href":"https:\/\/glassouse.com\/de\/wp-json\/wp\/v2\/product"}],"about":[{"href":"https:\/\/glassouse.com\/de\/wp-json\/wp\/v2\/types\/product"}],"wp:featuredmedia":[{"embeddable":true,"href":"https:\/\/glassouse.com\/de\/wp-json\/wp\/v2\/media\/32364"}],"wp:attachment":[{"href":"https:\/\/glassouse.com\/de\/wp-json\/wp\/v2\/media?parent=32563"}],"wp:term":[{"taxonomy":"product_brand","embeddable":true,"href":"https:\/\/glassouse.com\/de\/wp-json\/wp\/v2\/product_brand?post=32563"},{"taxonomy":"product_cat","embeddable":true,"href":"https:\/\/glassouse.com\/de\/wp-json\/wp\/v2\/product_cat?post=32563"},{"taxonomy":"product_tag","embeddable":true,"href":"https:\/\/glassouse.com\/de\/wp-json\/wp\/v2\/product_tag?post=32563"}],"curies":[{"name":"wp","href":"https:\/\/api.w.org\/{rel}","templated":true}]}}