{"id":34581,"date":"2017-11-23T09:27:47","date_gmt":"2017-11-23T09:27:47","guid":{"rendered":"https:\/\/glassouse.com\/product\/ac01-silikonabdeckung-fuer-bissanzeiger-360-bissanzeiger\/"},"modified":"2017-11-23T09:27:47","modified_gmt":"2017-11-23T01:27:47","slug":"ac01-silikonabdeckung-fuer-bissanzeiger-360-bissanzeiger","status":"publish","type":"product","link":"https:\/\/glassouse.com\/de\/product\/ac01-silikonabdeckung-fuer-bissanzeiger-360-bissanzeiger\/","title":{"rendered":"AC01 Silikonabdeckung f\u00fcr Bissanzeiger\/360 Bissanzeiger"},"content":{"rendered":"","protected":false},"excerpt":{"rendered":"<p><strong>1x St\u00fcck Silikonh\u00fclle f\u00fcr Bissanzeiger\/360 Bissanzeiger<\/strong><\/p>\n<p>Zus\u00e4tzliche Silikonschalterabdeckung f\u00fcr GlassOuse V1.4 &amp; Link &amp; Pro&#8217;s Bite Switch und 360 Bite Switch Produkte. Die Abdeckung ist aus nicht krebserregendem Material hergestellt und l\u00e4sst sich leicht auswechseln und reinigen. Nehmen Sie sie einfach vom Schaltermodul ab und waschen Sie sie, oder reinigen Sie sie mit einem feuchten Tuch.  <\/p>\n","protected":false},"featured_media":34586,"template":"","meta":{"_acf_changed":false},"product_brand":[],"product_cat":[370],"product_tag":[],"class_list":{"0":"post-34581","1":"product","2":"type-product","3":"status-publish","4":"has-post-thumbnail","6":"product_cat-glassouse-zubehor","7":"product_shipping_class-zubehor","9":"first","10":"instock","11":"shipping-taxable","12":"purchasable","13":"product-type-variable","14":"has-default-attributes"},"acf":[],"yoast_head":"<!-- This site is optimized with the Yoast SEO plugin v27.4 - https:\/\/yoast.com\/product\/yoast-seo-wordpress\/ -->\n<title>GlassOuse Silikonh\u00fclle f\u00fcr Bite Switch\/360 Bite Switch zu verkaufen - Design for Disabilities<\/title>\n<meta name=\"description\" content=\"Silikonh\u00fclle f\u00fcr das GlassOuse Hilfsmittel Bite Switch\/360 Bite Switch. Entwickelt f\u00fcr Menschen mit Behinderungen, aus haltbaren und soliden Materialien. Versand weltweit.\" \/>\n<meta name=\"robots\" content=\"index, follow, max-snippet:-1, max-image-preview:large, max-video-preview:-1\" \/>\n<link rel=\"canonical\" href=\"https:\/\/glassouse.com\/de\/product\/ac01-silikonabdeckung-fuer-bissanzeiger-360-bissanzeiger\/\" \/>\n<meta property=\"og:locale\" content=\"de_DE\" \/>\n<meta property=\"og:type\" content=\"article\" \/>\n<meta property=\"og:title\" content=\"GlassOuse Silikonh\u00fclle f\u00fcr Bite Switch\/360 Bite Switch zu verkaufen - Design for Disabilities\" \/>\n<meta property=\"og:description\" content=\"Silikonh\u00fclle f\u00fcr das GlassOuse Hilfsmittel Bite Switch\/360 Bite Switch. Entwickelt f\u00fcr Menschen mit Behinderungen, aus haltbaren und soliden Materialien. Versand weltweit.\" \/>\n<meta property=\"og:url\" content=\"https:\/\/glassouse.com\/de\/product\/ac01-silikonabdeckung-fuer-bissanzeiger-360-bissanzeiger\/\" \/>\n<meta property=\"og:site_name\" content=\"Glassouse Assistive Device\" \/>\n<meta property=\"article:publisher\" content=\"https:\/\/www.facebook.com\/glassouse\/\" \/>\n<meta property=\"og:image\" content=\"https:\/\/glassouse.com\/wp-content\/uploads\/2017\/11\/Bite-Switch-Silicone-Cover-img.jpg\" \/>\n\t<meta property=\"og:image:width\" content=\"516\" \/>\n\t<meta property=\"og:image:height\" content=\"516\" \/>\n\t<meta property=\"og:image:type\" content=\"image\/jpeg\" \/>\n<meta name=\"twitter:card\" content=\"summary_large_image\" \/>\n<meta name=\"twitter:site\" content=\"@glassouse\" \/>\n<script type=\"application\/ld+json\" class=\"yoast-schema-graph\">{\"@context\":\"https:\\\/\\\/schema.org\",\"@graph\":[{\"@type\":\"WebPage\",\"@id\":\"https:\\\/\\\/glassouse.com\\\/de\\\/product\\\/ac01-silikonabdeckung-fuer-bissanzeiger-360-bissanzeiger\\\/\",\"url\":\"https:\\\/\\\/glassouse.com\\\/de\\\/product\\\/ac01-silikonabdeckung-fuer-bissanzeiger-360-bissanzeiger\\\/\",\"name\":\"GlassOuse Silikonh\u00fclle f\u00fcr Bite Switch\\\/360 Bite Switch zu verkaufen - Design for Disabilities\",\"isPartOf\":{\"@id\":\"https:\\\/\\\/glassouse.com\\\/de\\\/#website\"},\"primaryImageOfPage\":{\"@id\":\"https:\\\/\\\/glassouse.com\\\/de\\\/product\\\/ac01-silikonabdeckung-fuer-bissanzeiger-360-bissanzeiger\\\/#primaryimage\"},\"image\":{\"@id\":\"https:\\\/\\\/glassouse.com\\\/de\\\/product\\\/ac01-silikonabdeckung-fuer-bissanzeiger-360-bissanzeiger\\\/#primaryimage\"},\"thumbnailUrl\":\"https:\\\/\\\/glassouse.com\\\/wp-content\\\/uploads\\\/2017\\\/11\\\/Bite-Switch-Silicone-Cover-img.jpg\",\"datePublished\":\"2017-11-23T09:27:47+00:00\",\"description\":\"Silikonh\u00fclle f\u00fcr das GlassOuse Hilfsmittel Bite Switch\\\/360 Bite Switch. Entwickelt f\u00fcr Menschen mit Behinderungen, aus haltbaren und soliden Materialien. Versand weltweit.\",\"breadcrumb\":{\"@id\":\"https:\\\/\\\/glassouse.com\\\/de\\\/product\\\/ac01-silikonabdeckung-fuer-bissanzeiger-360-bissanzeiger\\\/#breadcrumb\"},\"inLanguage\":\"de\",\"potentialAction\":[{\"@type\":\"ReadAction\",\"target\":[\"https:\\\/\\\/glassouse.com\\\/de\\\/product\\\/ac01-silikonabdeckung-fuer-bissanzeiger-360-bissanzeiger\\\/\"]}]},{\"@type\":\"ImageObject\",\"inLanguage\":\"de\",\"@id\":\"https:\\\/\\\/glassouse.com\\\/de\\\/product\\\/ac01-silikonabdeckung-fuer-bissanzeiger-360-bissanzeiger\\\/#primaryimage\",\"url\":\"https:\\\/\\\/glassouse.com\\\/wp-content\\\/uploads\\\/2017\\\/11\\\/Bite-Switch-Silicone-Cover-img.jpg\",\"contentUrl\":\"https:\\\/\\\/glassouse.com\\\/wp-content\\\/uploads\\\/2017\\\/11\\\/Bite-Switch-Silicone-Cover-img.jpg\",\"width\":516,\"height\":516,\"caption\":\"Bite-Switch-Silikon-Cover-img\"},{\"@type\":\"BreadcrumbList\",\"@id\":\"https:\\\/\\\/glassouse.com\\\/de\\\/product\\\/ac01-silikonabdeckung-fuer-bissanzeiger-360-bissanzeiger\\\/#breadcrumb\",\"itemListElement\":[{\"@type\":\"ListItem\",\"position\":1,\"name\":\"Home\",\"item\":\"https:\\\/\\\/glassouse.com\\\/de\\\/startseite\\\/\"},{\"@type\":\"ListItem\",\"position\":2,\"name\":\"Shop\",\"item\":\"https:\\\/\\\/glassouse.com\\\/de\\\/shop\\\/\"},{\"@type\":\"ListItem\",\"position\":3,\"name\":\"AC01 Silikonabdeckung f\u00fcr Bissanzeiger\\\/360 Bissanzeiger\"}]},{\"@type\":\"WebSite\",\"@id\":\"https:\\\/\\\/glassouse.com\\\/de\\\/#website\",\"url\":\"https:\\\/\\\/glassouse.com\\\/de\\\/\",\"name\":\"Glassouse Assistive Device\",\"description\":\"Assistive Device and Switches for Disabled\",\"publisher\":{\"@id\":\"https:\\\/\\\/glassouse.com\\\/de\\\/#organization\"},\"potentialAction\":[{\"@type\":\"SearchAction\",\"target\":{\"@type\":\"EntryPoint\",\"urlTemplate\":\"https:\\\/\\\/glassouse.com\\\/de\\\/?s={search_term_string}\"},\"query-input\":{\"@type\":\"PropertyValueSpecification\",\"valueRequired\":true,\"valueName\":\"search_term_string\"}}],\"inLanguage\":\"de\"},{\"@type\":\"Organization\",\"@id\":\"https:\\\/\\\/glassouse.com\\\/de\\\/#organization\",\"name\":\"GlassOuse Assistive Device\",\"url\":\"https:\\\/\\\/glassouse.com\\\/de\\\/\",\"logo\":{\"@type\":\"ImageObject\",\"inLanguage\":\"de\",\"@id\":\"https:\\\/\\\/glassouse.com\\\/de\\\/#\\\/schema\\\/logo\\\/image\\\/\",\"url\":\"https:\\\/\\\/glassouse.com\\\/wp-content\\\/uploads\\\/2017\\\/11\\\/logo.jpg\",\"contentUrl\":\"https:\\\/\\\/glassouse.com\\\/wp-content\\\/uploads\\\/2017\\\/11\\\/logo.jpg\",\"width\":500,\"height\":500,\"caption\":\"GlassOuse Assistive Device\"},\"image\":{\"@id\":\"https:\\\/\\\/glassouse.com\\\/de\\\/#\\\/schema\\\/logo\\\/image\\\/\"},\"sameAs\":[\"https:\\\/\\\/www.facebook.com\\\/glassouse\\\/\",\"https:\\\/\\\/x.com\\\/glassouse\",\"https:\\\/\\\/www.instagram.com\\\/glassouseassistivedevice\\\/\",\"https:\\\/\\\/www.linkedin.com\\\/company\\\/glassouse\\\/\",\"https:\\\/\\\/www.youtube.com\\\/channel\\\/UCM5pebcmVXbu00QYd91_Gyw\"]}]}<\/script>\n<!-- \/ Yoast SEO plugin. -->","yoast_head_json":{"title":"GlassOuse Silikonh\u00fclle f\u00fcr Bite Switch\/360 Bite Switch zu verkaufen - Design for Disabilities","description":"Silikonh\u00fclle f\u00fcr das GlassOuse Hilfsmittel Bite Switch\/360 Bite Switch. Entwickelt f\u00fcr Menschen mit Behinderungen, aus haltbaren und soliden Materialien. Versand weltweit.","robots":{"index":"index","follow":"follow","max-snippet":"max-snippet:-1","max-image-preview":"max-image-preview:large","max-video-preview":"max-video-preview:-1"},"canonical":"https:\/\/glassouse.com\/de\/product\/ac01-silikonabdeckung-fuer-bissanzeiger-360-bissanzeiger\/","og_locale":"de_DE","og_type":"article","og_title":"GlassOuse Silikonh\u00fclle f\u00fcr Bite Switch\/360 Bite Switch zu verkaufen - Design for Disabilities","og_description":"Silikonh\u00fclle f\u00fcr das GlassOuse Hilfsmittel Bite Switch\/360 Bite Switch. Entwickelt f\u00fcr Menschen mit Behinderungen, aus haltbaren und soliden Materialien. Versand weltweit.","og_url":"https:\/\/glassouse.com\/de\/product\/ac01-silikonabdeckung-fuer-bissanzeiger-360-bissanzeiger\/","og_site_name":"Glassouse Assistive Device","article_publisher":"https:\/\/www.facebook.com\/glassouse\/","og_image":[{"width":516,"height":516,"url":"https:\/\/glassouse.com\/wp-content\/uploads\/2017\/11\/Bite-Switch-Silicone-Cover-img.jpg","type":"image\/jpeg"}],"twitter_card":"summary_large_image","twitter_site":"@glassouse","schema":{"@context":"https:\/\/schema.org","@graph":[{"@type":"WebPage","@id":"https:\/\/glassouse.com\/de\/product\/ac01-silikonabdeckung-fuer-bissanzeiger-360-bissanzeiger\/","url":"https:\/\/glassouse.com\/de\/product\/ac01-silikonabdeckung-fuer-bissanzeiger-360-bissanzeiger\/","name":"GlassOuse Silikonh\u00fclle f\u00fcr Bite Switch\/360 Bite Switch zu verkaufen - Design for Disabilities","isPartOf":{"@id":"https:\/\/glassouse.com\/de\/#website"},"primaryImageOfPage":{"@id":"https:\/\/glassouse.com\/de\/product\/ac01-silikonabdeckung-fuer-bissanzeiger-360-bissanzeiger\/#primaryimage"},"image":{"@id":"https:\/\/glassouse.com\/de\/product\/ac01-silikonabdeckung-fuer-bissanzeiger-360-bissanzeiger\/#primaryimage"},"thumbnailUrl":"https:\/\/glassouse.com\/wp-content\/uploads\/2017\/11\/Bite-Switch-Silicone-Cover-img.jpg","datePublished":"2017-11-23T09:27:47+00:00","description":"Silikonh\u00fclle f\u00fcr das GlassOuse Hilfsmittel Bite Switch\/360 Bite Switch. Entwickelt f\u00fcr Menschen mit Behinderungen, aus haltbaren und soliden Materialien. Versand weltweit.","breadcrumb":{"@id":"https:\/\/glassouse.com\/de\/product\/ac01-silikonabdeckung-fuer-bissanzeiger-360-bissanzeiger\/#breadcrumb"},"inLanguage":"de","potentialAction":[{"@type":"ReadAction","target":["https:\/\/glassouse.com\/de\/product\/ac01-silikonabdeckung-fuer-bissanzeiger-360-bissanzeiger\/"]}]},{"@type":"ImageObject","inLanguage":"de","@id":"https:\/\/glassouse.com\/de\/product\/ac01-silikonabdeckung-fuer-bissanzeiger-360-bissanzeiger\/#primaryimage","url":"https:\/\/glassouse.com\/wp-content\/uploads\/2017\/11\/Bite-Switch-Silicone-Cover-img.jpg","contentUrl":"https:\/\/glassouse.com\/wp-content\/uploads\/2017\/11\/Bite-Switch-Silicone-Cover-img.jpg","width":516,"height":516,"caption":"Bite-Switch-Silikon-Cover-img"},{"@type":"BreadcrumbList","@id":"https:\/\/glassouse.com\/de\/product\/ac01-silikonabdeckung-fuer-bissanzeiger-360-bissanzeiger\/#breadcrumb","itemListElement":[{"@type":"ListItem","position":1,"name":"Home","item":"https:\/\/glassouse.com\/de\/startseite\/"},{"@type":"ListItem","position":2,"name":"Shop","item":"https:\/\/glassouse.com\/de\/shop\/"},{"@type":"ListItem","position":3,"name":"AC01 Silikonabdeckung f\u00fcr Bissanzeiger\/360 Bissanzeiger"}]},{"@type":"WebSite","@id":"https:\/\/glassouse.com\/de\/#website","url":"https:\/\/glassouse.com\/de\/","name":"Glassouse Assistive Device","description":"Assistive Device and Switches for Disabled","publisher":{"@id":"https:\/\/glassouse.com\/de\/#organization"},"potentialAction":[{"@type":"SearchAction","target":{"@type":"EntryPoint","urlTemplate":"https:\/\/glassouse.com\/de\/?s={search_term_string}"},"query-input":{"@type":"PropertyValueSpecification","valueRequired":true,"valueName":"search_term_string"}}],"inLanguage":"de"},{"@type":"Organization","@id":"https:\/\/glassouse.com\/de\/#organization","name":"GlassOuse Assistive Device","url":"https:\/\/glassouse.com\/de\/","logo":{"@type":"ImageObject","inLanguage":"de","@id":"https:\/\/glassouse.com\/de\/#\/schema\/logo\/image\/","url":"https:\/\/glassouse.com\/wp-content\/uploads\/2017\/11\/logo.jpg","contentUrl":"https:\/\/glassouse.com\/wp-content\/uploads\/2017\/11\/logo.jpg","width":500,"height":500,"caption":"GlassOuse Assistive Device"},"image":{"@id":"https:\/\/glassouse.com\/de\/#\/schema\/logo\/image\/"},"sameAs":["https:\/\/www.facebook.com\/glassouse\/","https:\/\/x.com\/glassouse","https:\/\/www.instagram.com\/glassouseassistivedevice\/","https:\/\/www.linkedin.com\/company\/glassouse\/","https:\/\/www.youtube.com\/channel\/UCM5pebcmVXbu00QYd91_Gyw"]}]}},"_links":{"self":[{"href":"https:\/\/glassouse.com\/de\/wp-json\/wp\/v2\/product\/34581","targetHints":{"allow":["GET"]}}],"collection":[{"href":"https:\/\/glassouse.com\/de\/wp-json\/wp\/v2\/product"}],"about":[{"href":"https:\/\/glassouse.com\/de\/wp-json\/wp\/v2\/types\/product"}],"wp:featuredmedia":[{"embeddable":true,"href":"https:\/\/glassouse.com\/de\/wp-json\/wp\/v2\/media\/34586"}],"wp:attachment":[{"href":"https:\/\/glassouse.com\/de\/wp-json\/wp\/v2\/media?parent=34581"}],"wp:term":[{"taxonomy":"product_brand","embeddable":true,"href":"https:\/\/glassouse.com\/de\/wp-json\/wp\/v2\/product_brand?post=34581"},{"taxonomy":"product_cat","embeddable":true,"href":"https:\/\/glassouse.com\/de\/wp-json\/wp\/v2\/product_cat?post=34581"},{"taxonomy":"product_tag","embeddable":true,"href":"https:\/\/glassouse.com\/de\/wp-json\/wp\/v2\/product_tag?post=34581"}],"curies":[{"name":"wp","href":"https:\/\/api.w.org\/{rel}","templated":true}]}}