{"id":35161,"date":"2018-03-01T11:53:21","date_gmt":"2018-03-01T03:53:21","guid":{"rendered":"https:\/\/glassouse.com\/product\/gs02-glassouse-puff-schalter\/"},"modified":"2026-04-27T17:50:43","modified_gmt":"2026-04-27T09:50:43","slug":"gs02-glassouse-puff-schalter","status":"publish","type":"product","link":"https:\/\/glassouse.com\/de\/product\/gs02-glassouse-puff-schalter\/","title":{"rendered":"GS02 GlassOuse Puff Schalter"},"content":{"rendered":"<div class=\"wpb-content-wrapper\"><p>[vc_row unlock_row_content=&#8220;yes&#8220; row_height_percent=&#8220;0&#8243; override_padding=&#8220;yes&#8220; h_padding=&#8220;0&#8243; top_padding=&#8220;0&#8243; bottom_padding=&#8220;0&#8243; overlay_alpha=&#8220;50&#8243; equal_height=&#8220;yes&#8220; gutter_size=&#8220;0&#8243; column_width_percent=&#8220;100&#8243; shift_y=&#8220;0&#8243; z_index=&#8220;0&#8243; el_class=&#8220;compact_section&#8220; uncode_shortcode_id=&#8220;152351&#8243; css=&#8220;.vc_custom_1699886063694{padding-top: 15px !important;padding-right: 0px !important;padding-left: 0px !important;}&#8220;][vc_column column_width_percent=&#8220;100&#8243; position_horizontal=&#8220;left&#8220; position_vertical=&#8220;middle&#8220; gutter_size=&#8220;0&#8243; override_padding=&#8220;yes&#8220; column_padding=&#8220;0&#8243; back_image=&#8220;35178&#8243; back_repeat=&#8220;no-repeat&#8220; overlay_alpha=&#8220;50&#8243; shift_x=&#8220;0&#8243; shift_y=&#8220;0&#8243; shift_y_down=&#8220;0&#8243; z_index=&#8220;0&#8243; medium_width=&#8220;0&#8243; mobile_width=&#8220;0&#8243; width=&#8220;1\/1&#8243; uncode_shortcode_id=&#8220;206917&#8243; css=&#8220;.vc_custom_1716503962579{padding-top: 160px !important;padding-right: 0px !important;padding-bottom: 160px !important;padding-left: 50px !important;}&#8220; el_class=&#8220;content_column bg_right_top&#8220;][vc_row_inner row_inner_height_percent=&#8220;0&#8243; force_width_grid=&#8220;yes&#8220; overlay_alpha=&#8220;50&#8243; gutter_size=&#8220;0&#8243; shift_y=&#8220;0&#8243; z_index=&#8220;0&#8243; uncode_shortcode_id=&#8220;101637&#8243; css=&#8220;.vc_custom_1699885489765{padding-right: 0px !important;padding-left: 0px !important;}&#8220; el_class=&#8220;limit-width&#8220;][vc_column_inner column_width_percent=&#8220;100&#8243; position_horizontal=&#8220;left&#8220; position_vertical=&#8220;middle&#8220; gutter_size=&#8220;0&#8243; override_padding=&#8220;yes&#8220; column_padding=&#8220;0&#8243; overlay_alpha=&#8220;50&#8243; shift_x=&#8220;0&#8243; shift_y=&#8220;0&#8243; shift_y_down=&#8220;0&#8243; z_index=&#8220;0&#8243; medium_width=&#8220;0&#8243; mobile_width=&#8220;0&#8243; width=&#8220;1\/2&#8243; uncode_shortcode_id=&#8220;160996&#8243; css=&#8220;.vc_custom_1699830045690{padding-right: 2% !important;padding-left: 0px !important;}&#8220;][vc_custom_heading text_color=&#8220;color-jevc&#8220; text_size=&#8220;h3&#8243; text_weight=&#8220;600&#8243; uncode_shortcode_id=&#8220;204153&#8243; text_color_type=&#8220;uncode-palette&#8220; el_class=&#8220;lh-1&#8243;]Keine Schlucke mehr<br \/>\nVollelektronisches System[\/vc_custom_heading][vc_separator sep_color=&#8220;&#8220; icon_position=&#8220;left&#8220; el_height=&#8220;5px&#8220; uncode_shortcode_id=&#8220;162390&#8243; sep_color_type=&#8220;uncode-solid&#8220; el_width=&#8220;40px&#8220; sep_color_solid=&#8220;#43b8db&#8220; el_class=&#8220;c-divider&#8220;][\/vc_column_inner][vc_column_inner width=&#8220;1\/2&#8243;][\/vc_column_inner][\/vc_row_inner][\/vc_column][\/vc_row][vc_row row_height_percent=&#8220;0&#8243; overlay_alpha=&#8220;50&#8243; gutter_size=&#8220;3&#8243; column_width_percent=&#8220;100&#8243; shift_y=&#8220;0&#8243; z_index=&#8220;0&#8243; uncode_shortcode_id=&#8220;167275&#8243; css=&#8220;.vc_custom_1699887163315{padding-top: 50px !important;}&#8220;][vc_column column_width_percent=&#8220;100&#8243; align_horizontal=&#8220;align_center&#8220; gutter_size=&#8220;3&#8243; overlay_alpha=&#8220;50&#8243; shift_x=&#8220;0&#8243; shift_y=&#8220;0&#8243; shift_y_down=&#8220;0&#8243; z_index=&#8220;0&#8243; medium_width=&#8220;0&#8243; mobile_width=&#8220;0&#8243; width=&#8220;1\/1&#8243; uncode_shortcode_id=&#8220;798976&#8243;][vc_custom_heading text_color=&#8220;color-jevc&#8220; text_size=&#8220;h3&#8243; text_weight=&#8220;700&#8243; text_height=&#8220;lh-n&#8220; uncode_shortcode_id=&#8220;215301&#8243; text_color_type=&#8220;uncode-palette&#8220;]Puff Schalter[\/vc_custom_heading][vc_custom_heading text_color=&#8220;color-jevc&#8220; heading_semantic=&#8220;p&#8220; text_size=&#8220;&#8220; text_weight=&#8220;500&#8243; text_height=&#8220;lh-n&#8220; uncode_shortcode_id=&#8220;246135&#8243; text_color_type=&#8220;uncode-palette&#8220; el_class=&#8220;mt-0 pt-10&#8243;]Kompatibel mit[\/vc_custom_heading][vc_row_inner row_inner_height_percent=&#8220;0&#8243; overlay_alpha=&#8220;50&#8243; gutter_size=&#8220;3&#8243; shift_y=&#8220;0&#8243; z_index=&#8220;0&#8243; uncode_shortcode_id=&#8220;190634&#8243; el_class=&#8220;icon_boxs_wrap&#8220; css=&#8220;.vc_custom_1699887284713{margin-top: 50px !important;padding-bottom: 0px !important;}&#8220;][vc_column_inner column_width_percent=&#8220;100&#8243; align_horizontal=&#8220;align_center&#8220; gutter_size=&#8220;2&#8243; overlay_alpha=&#8220;50&#8243; shift_x=&#8220;0&#8243; shift_y=&#8220;0&#8243; shift_y_down=&#8220;0&#8243; z_index=&#8220;0&#8243; medium_width=&#8220;0&#8243; mobile_width=&#8220;0&#8243; width=&#8220;1\/1&#8243; uncode_shortcode_id=&#8220;168717&#8243;][vc_icon display=&#8220;inline&#8220; icon_image=&#8220;21103&#8243; media_size=&#8220;300&#8243; text_size=&#8220;h4&#8243; text_weight=&#8220;500&#8243; text_height=&#8220;lh-n&#8220; uncode_shortcode_id=&#8220;846250&#8243; title=&#8220;GlassOuse PRO\/Link&#8220;][\/vc_icon][vc_icon display=&#8220;inline&#8220; icon_image=&#8220;21111&#8243; media_size=&#8220;300&#8243; text_size=&#8220;h4&#8243; text_weight=&#8220;500&#8243; text_height=&#8220;lh-n&#8220; uncode_shortcode_id=&#8220;125397&#8243; title=&#8220;GlassOuse 1.4&#8243;][\/vc_icon][\/vc_column_inner][\/vc_row_inner][\/vc_column][\/vc_row][vc_row row_height_percent=&#8220;0&#8243; override_padding=&#8220;yes&#8220; h_padding=&#8220;0&#8243; top_padding=&#8220;0&#8243; bottom_padding=&#8220;3&#8243; overlay_alpha=&#8220;50&#8243; gutter_size=&#8220;3&#8243; column_width_percent=&#8220;100&#8243; shift_y=&#8220;0&#8243; z_index=&#8220;0&#8243; uncode_shortcode_id=&#8220;337339&#8243; css=&#8220;.vc_custom_1699889376802{padding-top: 10px !important;}&#8220;][vc_column column_width_percent=&#8220;65&#8243; gutter_size=&#8220;3&#8243; overlay_alpha=&#8220;50&#8243; shift_x=&#8220;0&#8243; shift_y=&#8220;0&#8243; shift_y_down=&#8220;0&#8243; z_index=&#8220;0&#8243; medium_width=&#8220;0&#8243; mobile_width=&#8220;0&#8243; width=&#8220;1\/1&#8243; uncode_shortcode_id=&#8220;668692&#8243;][vc_icon position=&#8220;left&#8220; icon=&#8220;fa fa-play&#8220; icon_image=&#8220;21982&#8243; icon_color=&#8220;color-xsdn&#8220; uncode_shortcode_id=&#8220;949815&#8243; icon_color_type=&#8220;uncode-palette&#8220; el_class=&#8220;video_box&#8220; media_lightbox=&#8220;21990&#8243;][\/vc_icon][vc_column_text uncode_shortcode_id=&#8220;102984&#8243;]<strong>Puff Switch wurde eigentlich f\u00fcr GlassOuse V1.2 entwickelt,<\/strong> aber Sie k\u00f6nnen es an jedes angepasste Ger\u00e4t anschlie\u00dfen, das einen 3,5-mm-Klinkenstecker f\u00fcr externe Schaltersteuerung bietet. Im Gegensatz zu herk\u00f6mmlichen Sip-and-Puff-Systemen verwendet Puff Switch ein elektronisches Modul, das die Klicks \u00fcber Puffs ausf\u00fchrt. Pusten Sie einfach in Richtung des Schalters und der eingebaute Puff-Trigger wandelt die Puff-Frequenzen in Signale um, um die Klicks auszuf\u00fchren.  <\/p>\n<p><strong>Der Schalter funktioniert mit einer M\u00fcnzbatterie, die extrem leicht zu wechseln ist, und die Lebensdauer der Batterie kann bis zu zwei Monate betragen.<\/strong>  Die intelligente Batterie des Puff Switch schaltet den Schalter automatisch nach einer Stunde aus, wenn er nicht benutzt wird, um die Lebensdauer der Batterie zu verl\u00e4ngern. Der Schalter kann auch manuell ausgeschaltet werden, indem Sie den kleinen Knopf auf dem Modul dr\u00fccken.[\/vc_column_text][vc_gallery el_id=&#8220;gallery-469288&#8243; isotope_mode=&#8220;fitRows&#8220; medias=&#8220;35179,35181&#8243; gutter_size=&#8220;2&#8243; screen_lg=&#8220;1000&#8243; screen_md=&#8220;600&#8243; screen_sm=&#8220;480&#8243; single_overlay_opacity=&#8220;50&#8243; single_image_magnetic=&#8220;yes&#8220; single_h_align=&#8220;center&#8220; single_padding=&#8220;2&#8243; uncode_shortcode_id=&#8220;270648&#8243; items=&#8220;eyIxMjIwNF9pIjp7InNpbmdsZV90ZXh0Ijoib3ZlcmxheSJ9fQ==&#8220; el_class=&#8220;c_gallery two_column_gallery&#8220;][vc_gallery el_id=&#8220;gallery-469288&#8243; medias=&#8220;35183&#8243; gutter_size=&#8220;3&#8243; screen_lg=&#8220;1000&#8243; screen_md=&#8220;600&#8243; screen_sm=&#8220;480&#8243; single_width=&#8220;12&#8243; single_overlay_opacity=&#8220;50&#8243; single_padding=&#8220;2&#8243; uncode_shortcode_id=&#8220;124254&#8243; el_class=&#8220;c_gallery mt-0 pt-20&#8243;][\/vc_column][\/vc_row]<\/p>\n<\/div>","protected":false},"excerpt":{"rendered":"<p>[vc_row unlock_row_content=&#8220;yes&#8220; row_height_percent=&#8220;0&#8243; override_padding=&#8220;yes&#8220; h_padding=&#8220;0&#8243; top_padding=&#8220;0&#8243; bottom_padding=&#8220;0&#8243; overlay_alpha=&#8220;50&#8243; equal_height=&#8220;yes&#8220; gutter_size=&#8220;0&#8243; column_width_percent=&#8220;100&#8243; shift_y=&#8220;0&#8243; z_index=&#8220;0&#8243; el_class=&#8220;compact_section&#8220; uncode_shortcode_id=&#8220;152351&#8243; css=&#8220;.vc_custom_1699886063694{padding-top: 15px !important;padding-right: 0px !important;padding-left: [&hellip;]<\/p>\n","protected":false},"featured_media":32356,"template":"","meta":{"_acf_changed":false},"product_brand":[],"product_cat":[421],"product_tag":[],"class_list":{"0":"post-35161","1":"product","2":"type-product","3":"status-publish","4":"has-post-thumbnail","6":"product_cat-g-switches","8":"first","9":"instock","10":"shipping-taxable","11":"purchasable","12":"product-type-variable","13":"has-default-attributes"},"acf":[],"yoast_head":"<!-- This site is optimized with the Yoast SEO plugin v27.4 - https:\/\/yoast.com\/product\/yoast-seo-wordpress\/ -->\n<title>GlassOuse Puff Switch zu verkaufen - Hilfsmittel f\u00fcr Behinderte<\/title>\n<meta name=\"description\" content=\"Kaufen Sie den Puff-Schalter von GlassOuse, mit vollelektronischem System, kompatibel mit GlassOuse V1.2 und anderen Ger\u00e4ten mit 3,5 mm Klinke. Versand weltweit.\" \/>\n<meta name=\"robots\" content=\"index, follow, max-snippet:-1, max-image-preview:large, max-video-preview:-1\" \/>\n<link rel=\"canonical\" href=\"https:\/\/glassouse.com\/de\/product\/gs02-glassouse-puff-schalter\/\" \/>\n<meta property=\"og:locale\" content=\"de_DE\" \/>\n<meta property=\"og:type\" content=\"article\" \/>\n<meta property=\"og:title\" content=\"GlassOuse Puff Switch zu verkaufen - Hilfsmittel f\u00fcr Behinderte\" \/>\n<meta property=\"og:description\" content=\"Kaufen Sie den Puff-Schalter von GlassOuse, mit vollelektronischem System, kompatibel mit GlassOuse V1.2 und anderen Ger\u00e4ten mit 3,5 mm Klinke. Versand weltweit.\" \/>\n<meta property=\"og:url\" content=\"https:\/\/glassouse.com\/de\/product\/gs02-glassouse-puff-schalter\/\" \/>\n<meta property=\"og:site_name\" content=\"Glassouse Assistive Device\" \/>\n<meta property=\"article:publisher\" content=\"https:\/\/www.facebook.com\/glassouse\/\" \/>\n<meta property=\"article:modified_time\" content=\"2026-04-27T09:50:43+00:00\" \/>\n<meta property=\"og:image\" content=\"https:\/\/glassouse.com\/wp-content\/uploads\/2018\/03\/GS02-image-2.jpg\" \/>\n\t<meta property=\"og:image:width\" content=\"1000\" \/>\n\t<meta property=\"og:image:height\" content=\"1000\" \/>\n\t<meta property=\"og:image:type\" content=\"image\/jpeg\" \/>\n<meta name=\"twitter:card\" content=\"summary_large_image\" \/>\n<meta name=\"twitter:site\" content=\"@glassouse\" \/>\n<meta name=\"twitter:label1\" content=\"Gesch\u00e4tzte Lesezeit\" \/>\n\t<meta name=\"twitter:data1\" content=\"4\u00a0Minuten\" \/>\n<script type=\"application\/ld+json\" class=\"yoast-schema-graph\">{\"@context\":\"https:\\\/\\\/schema.org\",\"@graph\":[{\"@type\":\"WebPage\",\"@id\":\"https:\\\/\\\/glassouse.com\\\/de\\\/product\\\/gs02-glassouse-puff-schalter\\\/\",\"url\":\"https:\\\/\\\/glassouse.com\\\/de\\\/product\\\/gs02-glassouse-puff-schalter\\\/\",\"name\":\"GlassOuse Puff Switch zu verkaufen - Hilfsmittel f\u00fcr Behinderte\",\"isPartOf\":{\"@id\":\"https:\\\/\\\/glassouse.com\\\/de\\\/#website\"},\"primaryImageOfPage\":{\"@id\":\"https:\\\/\\\/glassouse.com\\\/de\\\/product\\\/gs02-glassouse-puff-schalter\\\/#primaryimage\"},\"image\":{\"@id\":\"https:\\\/\\\/glassouse.com\\\/de\\\/product\\\/gs02-glassouse-puff-schalter\\\/#primaryimage\"},\"thumbnailUrl\":\"https:\\\/\\\/glassouse.com\\\/wp-content\\\/uploads\\\/2018\\\/03\\\/GS02-image-2.jpg\",\"datePublished\":\"2018-03-01T03:53:21+00:00\",\"dateModified\":\"2026-04-27T09:50:43+00:00\",\"description\":\"Kaufen Sie den Puff-Schalter von GlassOuse, mit vollelektronischem System, kompatibel mit GlassOuse V1.2 und anderen Ger\u00e4ten mit 3,5 mm Klinke. Versand weltweit.\",\"breadcrumb\":{\"@id\":\"https:\\\/\\\/glassouse.com\\\/de\\\/product\\\/gs02-glassouse-puff-schalter\\\/#breadcrumb\"},\"inLanguage\":\"de\",\"potentialAction\":[{\"@type\":\"ReadAction\",\"target\":[\"https:\\\/\\\/glassouse.com\\\/de\\\/product\\\/gs02-glassouse-puff-schalter\\\/\"]}]},{\"@type\":\"ImageObject\",\"inLanguage\":\"de\",\"@id\":\"https:\\\/\\\/glassouse.com\\\/de\\\/product\\\/gs02-glassouse-puff-schalter\\\/#primaryimage\",\"url\":\"https:\\\/\\\/glassouse.com\\\/wp-content\\\/uploads\\\/2018\\\/03\\\/GS02-image-2.jpg\",\"contentUrl\":\"https:\\\/\\\/glassouse.com\\\/wp-content\\\/uploads\\\/2018\\\/03\\\/GS02-image-2.jpg\",\"width\":1000,\"height\":1000,\"caption\":\"GS02\"},{\"@type\":\"BreadcrumbList\",\"@id\":\"https:\\\/\\\/glassouse.com\\\/de\\\/product\\\/gs02-glassouse-puff-schalter\\\/#breadcrumb\",\"itemListElement\":[{\"@type\":\"ListItem\",\"position\":1,\"name\":\"Home\",\"item\":\"https:\\\/\\\/glassouse.com\\\/de\\\/startseite\\\/\"},{\"@type\":\"ListItem\",\"position\":2,\"name\":\"Shop\",\"item\":\"https:\\\/\\\/glassouse.com\\\/de\\\/shop\\\/\"},{\"@type\":\"ListItem\",\"position\":3,\"name\":\"GS02 GlassOuse Puff Schalter\"}]},{\"@type\":\"WebSite\",\"@id\":\"https:\\\/\\\/glassouse.com\\\/de\\\/#website\",\"url\":\"https:\\\/\\\/glassouse.com\\\/de\\\/\",\"name\":\"Glassouse Assistive Device\",\"description\":\"Assistive Device and Switches for Disabled\",\"publisher\":{\"@id\":\"https:\\\/\\\/glassouse.com\\\/de\\\/#organization\"},\"potentialAction\":[{\"@type\":\"SearchAction\",\"target\":{\"@type\":\"EntryPoint\",\"urlTemplate\":\"https:\\\/\\\/glassouse.com\\\/de\\\/?s={search_term_string}\"},\"query-input\":{\"@type\":\"PropertyValueSpecification\",\"valueRequired\":true,\"valueName\":\"search_term_string\"}}],\"inLanguage\":\"de\"},{\"@type\":\"Organization\",\"@id\":\"https:\\\/\\\/glassouse.com\\\/de\\\/#organization\",\"name\":\"GlassOuse Assistive Device\",\"url\":\"https:\\\/\\\/glassouse.com\\\/de\\\/\",\"logo\":{\"@type\":\"ImageObject\",\"inLanguage\":\"de\",\"@id\":\"https:\\\/\\\/glassouse.com\\\/de\\\/#\\\/schema\\\/logo\\\/image\\\/\",\"url\":\"https:\\\/\\\/glassouse.com\\\/wp-content\\\/uploads\\\/2017\\\/11\\\/logo.jpg\",\"contentUrl\":\"https:\\\/\\\/glassouse.com\\\/wp-content\\\/uploads\\\/2017\\\/11\\\/logo.jpg\",\"width\":500,\"height\":500,\"caption\":\"GlassOuse Assistive Device\"},\"image\":{\"@id\":\"https:\\\/\\\/glassouse.com\\\/de\\\/#\\\/schema\\\/logo\\\/image\\\/\"},\"sameAs\":[\"https:\\\/\\\/www.facebook.com\\\/glassouse\\\/\",\"https:\\\/\\\/x.com\\\/glassouse\",\"https:\\\/\\\/www.instagram.com\\\/glassouseassistivedevice\\\/\",\"https:\\\/\\\/www.linkedin.com\\\/company\\\/glassouse\\\/\",\"https:\\\/\\\/www.youtube.com\\\/channel\\\/UCM5pebcmVXbu00QYd91_Gyw\"]}]}<\/script>\n<!-- \/ Yoast SEO plugin. -->","yoast_head_json":{"title":"GlassOuse Puff Switch zu verkaufen - Hilfsmittel f\u00fcr Behinderte","description":"Kaufen Sie den Puff-Schalter von GlassOuse, mit vollelektronischem System, kompatibel mit GlassOuse V1.2 und anderen Ger\u00e4ten mit 3,5 mm Klinke. Versand weltweit.","robots":{"index":"index","follow":"follow","max-snippet":"max-snippet:-1","max-image-preview":"max-image-preview:large","max-video-preview":"max-video-preview:-1"},"canonical":"https:\/\/glassouse.com\/de\/product\/gs02-glassouse-puff-schalter\/","og_locale":"de_DE","og_type":"article","og_title":"GlassOuse Puff Switch zu verkaufen - Hilfsmittel f\u00fcr Behinderte","og_description":"Kaufen Sie den Puff-Schalter von GlassOuse, mit vollelektronischem System, kompatibel mit GlassOuse V1.2 und anderen Ger\u00e4ten mit 3,5 mm Klinke. Versand weltweit.","og_url":"https:\/\/glassouse.com\/de\/product\/gs02-glassouse-puff-schalter\/","og_site_name":"Glassouse Assistive Device","article_publisher":"https:\/\/www.facebook.com\/glassouse\/","article_modified_time":"2026-04-27T09:50:43+00:00","og_image":[{"width":1000,"height":1000,"url":"https:\/\/glassouse.com\/wp-content\/uploads\/2018\/03\/GS02-image-2.jpg","type":"image\/jpeg"}],"twitter_card":"summary_large_image","twitter_site":"@glassouse","twitter_misc":{"Gesch\u00e4tzte Lesezeit":"4\u00a0Minuten"},"schema":{"@context":"https:\/\/schema.org","@graph":[{"@type":"WebPage","@id":"https:\/\/glassouse.com\/de\/product\/gs02-glassouse-puff-schalter\/","url":"https:\/\/glassouse.com\/de\/product\/gs02-glassouse-puff-schalter\/","name":"GlassOuse Puff Switch zu verkaufen - Hilfsmittel f\u00fcr Behinderte","isPartOf":{"@id":"https:\/\/glassouse.com\/de\/#website"},"primaryImageOfPage":{"@id":"https:\/\/glassouse.com\/de\/product\/gs02-glassouse-puff-schalter\/#primaryimage"},"image":{"@id":"https:\/\/glassouse.com\/de\/product\/gs02-glassouse-puff-schalter\/#primaryimage"},"thumbnailUrl":"https:\/\/glassouse.com\/wp-content\/uploads\/2018\/03\/GS02-image-2.jpg","datePublished":"2018-03-01T03:53:21+00:00","dateModified":"2026-04-27T09:50:43+00:00","description":"Kaufen Sie den Puff-Schalter von GlassOuse, mit vollelektronischem System, kompatibel mit GlassOuse V1.2 und anderen Ger\u00e4ten mit 3,5 mm Klinke. Versand weltweit.","breadcrumb":{"@id":"https:\/\/glassouse.com\/de\/product\/gs02-glassouse-puff-schalter\/#breadcrumb"},"inLanguage":"de","potentialAction":[{"@type":"ReadAction","target":["https:\/\/glassouse.com\/de\/product\/gs02-glassouse-puff-schalter\/"]}]},{"@type":"ImageObject","inLanguage":"de","@id":"https:\/\/glassouse.com\/de\/product\/gs02-glassouse-puff-schalter\/#primaryimage","url":"https:\/\/glassouse.com\/wp-content\/uploads\/2018\/03\/GS02-image-2.jpg","contentUrl":"https:\/\/glassouse.com\/wp-content\/uploads\/2018\/03\/GS02-image-2.jpg","width":1000,"height":1000,"caption":"GS02"},{"@type":"BreadcrumbList","@id":"https:\/\/glassouse.com\/de\/product\/gs02-glassouse-puff-schalter\/#breadcrumb","itemListElement":[{"@type":"ListItem","position":1,"name":"Home","item":"https:\/\/glassouse.com\/de\/startseite\/"},{"@type":"ListItem","position":2,"name":"Shop","item":"https:\/\/glassouse.com\/de\/shop\/"},{"@type":"ListItem","position":3,"name":"GS02 GlassOuse Puff Schalter"}]},{"@type":"WebSite","@id":"https:\/\/glassouse.com\/de\/#website","url":"https:\/\/glassouse.com\/de\/","name":"Glassouse Assistive Device","description":"Assistive Device and Switches for Disabled","publisher":{"@id":"https:\/\/glassouse.com\/de\/#organization"},"potentialAction":[{"@type":"SearchAction","target":{"@type":"EntryPoint","urlTemplate":"https:\/\/glassouse.com\/de\/?s={search_term_string}"},"query-input":{"@type":"PropertyValueSpecification","valueRequired":true,"valueName":"search_term_string"}}],"inLanguage":"de"},{"@type":"Organization","@id":"https:\/\/glassouse.com\/de\/#organization","name":"GlassOuse Assistive Device","url":"https:\/\/glassouse.com\/de\/","logo":{"@type":"ImageObject","inLanguage":"de","@id":"https:\/\/glassouse.com\/de\/#\/schema\/logo\/image\/","url":"https:\/\/glassouse.com\/wp-content\/uploads\/2017\/11\/logo.jpg","contentUrl":"https:\/\/glassouse.com\/wp-content\/uploads\/2017\/11\/logo.jpg","width":500,"height":500,"caption":"GlassOuse Assistive Device"},"image":{"@id":"https:\/\/glassouse.com\/de\/#\/schema\/logo\/image\/"},"sameAs":["https:\/\/www.facebook.com\/glassouse\/","https:\/\/x.com\/glassouse","https:\/\/www.instagram.com\/glassouseassistivedevice\/","https:\/\/www.linkedin.com\/company\/glassouse\/","https:\/\/www.youtube.com\/channel\/UCM5pebcmVXbu00QYd91_Gyw"]}]}},"_links":{"self":[{"href":"https:\/\/glassouse.com\/de\/wp-json\/wp\/v2\/product\/35161","targetHints":{"allow":["GET"]}}],"collection":[{"href":"https:\/\/glassouse.com\/de\/wp-json\/wp\/v2\/product"}],"about":[{"href":"https:\/\/glassouse.com\/de\/wp-json\/wp\/v2\/types\/product"}],"wp:featuredmedia":[{"embeddable":true,"href":"https:\/\/glassouse.com\/de\/wp-json\/wp\/v2\/media\/32356"}],"wp:attachment":[{"href":"https:\/\/glassouse.com\/de\/wp-json\/wp\/v2\/media?parent=35161"}],"wp:term":[{"taxonomy":"product_brand","embeddable":true,"href":"https:\/\/glassouse.com\/de\/wp-json\/wp\/v2\/product_brand?post=35161"},{"taxonomy":"product_cat","embeddable":true,"href":"https:\/\/glassouse.com\/de\/wp-json\/wp\/v2\/product_cat?post=35161"},{"taxonomy":"product_tag","embeddable":true,"href":"https:\/\/glassouse.com\/de\/wp-json\/wp\/v2\/product_tag?post=35161"}],"curies":[{"name":"wp","href":"https:\/\/api.w.org\/{rel}","templated":true}]}}