{"id":36344,"date":"2019-06-20T15:10:42","date_gmt":"2019-06-20T07:10:42","guid":{"rendered":"https:\/\/glassouse.com\/product\/gs09-glassouse-naeherungsschalter\/"},"modified":"2026-04-27T17:51:43","modified_gmt":"2026-04-27T09:51:43","slug":"gs09-glassouse-naeherungsschalter","status":"publish","type":"product","link":"https:\/\/glassouse.com\/de\/product\/gs09-glassouse-naeherungsschalter\/","title":{"rendered":"GS09 GlassOuse N\u00e4herungsschalter"},"content":{"rendered":"<div class=\"wpb-content-wrapper\"><p>[vc_row unlock_row_content=&#8220;yes&#8220; row_height_percent=&#8220;0&#8243; override_padding=&#8220;yes&#8220; h_padding=&#8220;0&#8243; top_padding=&#8220;0&#8243; bottom_padding=&#8220;0&#8243; overlay_alpha=&#8220;50&#8243; equal_height=&#8220;yes&#8220; gutter_size=&#8220;0&#8243; column_width_percent=&#8220;100&#8243; shift_y=&#8220;0&#8243; z_index=&#8220;0&#8243; el_class=&#8220;compact_section&#8220; uncode_shortcode_id=&#8220;152351&#8243; css=&#8220;.vc_custom_1699886063694{padding-top: 15px !important;padding-right: 0px !important;padding-left: 0px !important;}&#8220;][vc_column column_width_percent=&#8220;100&#8243; position_horizontal=&#8220;right&#8220; position_vertical=&#8220;middle&#8220; gutter_size=&#8220;0&#8243; override_padding=&#8220;yes&#8220; column_padding=&#8220;0&#8243; back_image=&#8220;36361&#8243; back_repeat=&#8220;no-repeat&#8220; overlay_alpha=&#8220;50&#8243; shift_x=&#8220;0&#8243; shift_y=&#8220;0&#8243; shift_y_down=&#8220;0&#8243; z_index=&#8220;0&#8243; medium_width=&#8220;0&#8243; mobile_width=&#8220;0&#8243; width=&#8220;1\/1&#8243; uncode_shortcode_id=&#8220;106249&#8243; css=&#8220;.vc_custom_1717460715675{padding-top: 160px !important;padding-right: 50px !important;padding-bottom: 160px !important;padding-left: 0px !important;}&#8220; el_class=&#8220;content_column bg_left_top right_content_column&#8220;][vc_row_inner row_inner_height_percent=&#8220;0&#8243; force_width_grid=&#8220;yes&#8220; overlay_alpha=&#8220;50&#8243; gutter_size=&#8220;0&#8243; shift_y=&#8220;0&#8243; z_index=&#8220;0&#8243; uncode_shortcode_id=&#8220;101637&#8243; css=&#8220;.vc_custom_1699885489765{padding-right: 0px !important;padding-left: 0px !important;}&#8220; el_class=&#8220;limit-width&#8220;][vc_column_inner width=&#8220;1\/2&#8243;][\/vc_column_inner][vc_column_inner column_width_use_pixel=&#8220;yes&#8220; position_horizontal=&#8220;right&#8220; position_vertical=&#8220;middle&#8220; gutter_size=&#8220;0&#8243; override_padding=&#8220;yes&#8220; column_padding=&#8220;0&#8243; overlay_alpha=&#8220;50&#8243; shift_x=&#8220;0&#8243; shift_y=&#8220;0&#8243; shift_y_down=&#8220;0&#8243; z_index=&#8220;0&#8243; medium_width=&#8220;0&#8243; mobile_width=&#8220;0&#8243; width=&#8220;1\/2&#8243; uncode_shortcode_id=&#8220;457584&#8243; css=&#8220;.vc_custom_1717457153605{padding-right: 2% !important;padding-left: 0px !important;}&#8220; column_width_pixel=&#8220;290&#8243;][vc_custom_heading text_color=&#8220;color-jevc&#8220; text_size=&#8220;h3&#8243; text_weight=&#8220;600&#8243; uncode_shortcode_id=&#8220;856072&#8243; text_color_type=&#8220;uncode-palette&#8220; el_class=&#8220;lh-1&#8243;]Ein pr\u00e4ziser<br \/>\nund empfindlicher Schalter[\/vc_custom_heading][vc_separator sep_color=&#8220;&#8220; icon_position=&#8220;left&#8220; el_height=&#8220;5px&#8220; uncode_shortcode_id=&#8220;162390&#8243; sep_color_type=&#8220;uncode-solid&#8220; el_width=&#8220;40px&#8220; sep_color_solid=&#8220;#43b8db&#8220; el_class=&#8220;c-divider&#8220;][\/vc_column_inner][\/vc_row_inner][\/vc_column][\/vc_row][vc_row row_height_percent=&#8220;0&#8243; overlay_alpha=&#8220;50&#8243; gutter_size=&#8220;3&#8243; column_width_percent=&#8220;100&#8243; shift_y=&#8220;0&#8243; z_index=&#8220;0&#8243; uncode_shortcode_id=&#8220;167275&#8243; css=&#8220;.vc_custom_1699887163315{padding-top: 50px !important;}&#8220;][vc_column column_width_percent=&#8220;100&#8243; align_horizontal=&#8220;align_center&#8220; gutter_size=&#8220;3&#8243; overlay_alpha=&#8220;50&#8243; shift_x=&#8220;0&#8243; shift_y=&#8220;0&#8243; shift_y_down=&#8220;0&#8243; z_index=&#8220;0&#8243; medium_width=&#8220;0&#8243; mobile_width=&#8220;0&#8243; width=&#8220;1\/1&#8243; uncode_shortcode_id=&#8220;798976&#8243;][vc_custom_heading text_color=&#8220;color-jevc&#8220; text_size=&#8220;h3&#8243; text_weight=&#8220;700&#8243; text_height=&#8220;lh-n&#8220; uncode_shortcode_id=&#8220;122902&#8243; text_color_type=&#8220;uncode-palette&#8220;]N\u00e4herungsschalter\/ Mini-N\u00e4herungsschalter[\/vc_custom_heading][vc_custom_heading text_color=&#8220;color-jevc&#8220; heading_semantic=&#8220;p&#8220; text_size=&#8220;&#8220; text_weight=&#8220;500&#8243; text_height=&#8220;lh-n&#8220; uncode_shortcode_id=&#8220;246135&#8243; text_color_type=&#8220;uncode-palette&#8220; el_class=&#8220;mt-0 pt-10&#8243;]Kompatibel mit[\/vc_custom_heading][vc_row_inner row_inner_height_percent=&#8220;0&#8243; overlay_alpha=&#8220;50&#8243; gutter_size=&#8220;3&#8243; shift_y=&#8220;0&#8243; z_index=&#8220;0&#8243; uncode_shortcode_id=&#8220;190634&#8243; el_class=&#8220;icon_boxs_wrap&#8220; css=&#8220;.vc_custom_1699887284713{margin-top: 50px !important;padding-bottom: 0px !important;}&#8220;][vc_column_inner column_width_percent=&#8220;100&#8243; align_horizontal=&#8220;align_center&#8220; gutter_size=&#8220;2&#8243; overlay_alpha=&#8220;50&#8243; shift_x=&#8220;0&#8243; shift_y=&#8220;0&#8243; shift_y_down=&#8220;0&#8243; z_index=&#8220;0&#8243; medium_width=&#8220;0&#8243; mobile_width=&#8220;0&#8243; width=&#8220;1\/1&#8243; uncode_shortcode_id=&#8220;168717&#8243;][vc_icon display=&#8220;inline&#8220; icon_image=&#8220;21103&#8243; media_size=&#8220;300&#8243; text_size=&#8220;h4&#8243; text_weight=&#8220;500&#8243; text_height=&#8220;lh-n&#8220; uncode_shortcode_id=&#8220;697144&#8243; title=&#8220;GlassOuse PRO\/Link&#8220; link=&#8220;url:https%3A%2F%2Fglassouse.com%2Fde%2Fproduct%2Fglassouse-pro-2%2F|title:GlassOuse%20PRO|target:_blank|&#8220;][\/vc_icon][vc_icon display=&#8220;inline&#8220; icon_image=&#8220;21111&#8243; media_size=&#8220;300&#8243; text_size=&#8220;h4&#8243; text_weight=&#8220;500&#8243; text_height=&#8220;lh-n&#8220; uncode_shortcode_id=&#8220;869660&#8243; title=&#8220;GlassOuse 1.4&#8243; link=&#8220;url:https%3A%2F%2Fglassouse.com%2Fproduct%2Fglassouse-v1-4-assistive-device-buy%2F|title:GlassOuse%20V1.4|target:_blank|&#8220;][\/vc_icon][\/vc_column_inner][\/vc_row_inner][\/vc_column][\/vc_row][vc_row row_height_percent=&#8220;0&#8243; override_padding=&#8220;yes&#8220; h_padding=&#8220;0&#8243; top_padding=&#8220;0&#8243; bottom_padding=&#8220;3&#8243; overlay_alpha=&#8220;50&#8243; gutter_size=&#8220;3&#8243; column_width_percent=&#8220;100&#8243; shift_y=&#8220;0&#8243; z_index=&#8220;0&#8243; uncode_shortcode_id=&#8220;337339&#8243; css=&#8220;.vc_custom_1699889376802{padding-top: 10px !important;}&#8220;][vc_column column_width_percent=&#8220;65&#8243; gutter_size=&#8220;3&#8243; overlay_alpha=&#8220;50&#8243; shift_x=&#8220;0&#8243; shift_y=&#8220;0&#8243; shift_y_down=&#8220;0&#8243; z_index=&#8220;0&#8243; medium_width=&#8220;0&#8243; mobile_width=&#8220;0&#8243; width=&#8220;1\/1&#8243; uncode_shortcode_id=&#8220;668692&#8243;][vc_icon position=&#8220;left&#8220; icon=&#8220;fa fa-play&#8220; icon_image=&#8220;22062&#8243; icon_color=&#8220;color-xsdn&#8220; uncode_shortcode_id=&#8220;182652&#8243; icon_color_type=&#8220;uncode-palette&#8220; media_lightbox=&#8220;22070&#8243; el_class=&#8220;video_box&#8220;][\/vc_icon][vc_column_text uncode_shortcode_id=&#8220;159267&#8243;]<strong>Mit einer Aktivierungsfl\u00e4che von 8,63 cm<\/strong> ist der Proximity Switch hochsensibel, um verschiedene Entfernungen von der Aktivierungsfl\u00e4che zu erkennen und Ihre Klicks auszuf\u00fchren. Sie k\u00f6nnen den Schalter mit einem beliebigen K\u00f6rperteil aktivieren, indem Sie \u00fcber der Oberfl\u00e4che schweben. Der Proximity Switch wird mit einem 3,5 mm Mono-Klinkenstecker geliefert und ist mit jeder Art von angepassten Ger\u00e4ten au\u00dfer GlassOuse kompatibel.  <\/p>\n<p><strong>Der Proximity Switch funktioniert mit 3x AAA-Trockenbatterien oder Ni-MH-Batterien und sein intelligentes Batteriesystem schaltet das Ger\u00e4t nach einer Stunde ab, wenn es nicht benutzt wird.<\/strong>  Akustisches und visuelles Feedback kann je nach den Bed\u00fcrfnissen des Benutzers einfach ausgew\u00e4hlt oder auf Wunsch auch ausgeschaltet werden.[\/vc_column_text][vc_single_image media=&#8220;36360&#8243; media_lightbox=&#8220;yes&#8220; media_width_percent=&#8220;100&#8243; alignment=&#8220;center&#8220; uncode_shortcode_id=&#8220;212570&#8243; el_class=&#8220;c_gallery&#8220;][vc_column_text uncode_shortcode_id=&#8220;213675&#8243;]Jetzt haben wir auch eine Mini-Version verf\u00fcgbar.<\/p>\n<p><strong>Der Mini Proximity Switch verf\u00fcgt \u00fcber eine 4 cm gro\u00dfe Aktivierungsfl\u00e4che <\/strong>und erkennt unterschiedliche Entfernungen zur Aktivierungsfl\u00e4che, so dass Sie Klicks ausf\u00fchren k\u00f6nnen, indem Sie einen beliebigen Teil Ihres K\u00f6rpers dar\u00fcber halten.<\/p>\n<p>Ausgestattet mit einem 3,5-mm-Mono-Klinkenstecker ist der Mini-Proximity Switch kompatibel mit GlassOuse und einer Vielzahl anderer Hilfsmittel.<\/p>\n<p>Es wird mit 3x AAA-Trockenbatterien oder Ni-MH-Batterien betrieben, und sein intelligentes Batteriesystem schaltet das Ger\u00e4t nach einer Stunde Inaktivit\u00e4t automatisch ab. Sie k\u00f6nnen die akustische und visuelle R\u00fcckmeldung ganz einfach an Ihre Vorlieben anpassen oder auf Wunsch auch ganz deaktivieren.[\/vc_column_text][vc_gallery el_id=&#8220;gallery-102570&#8243; medias=&#8220;36365,36366&#8243; gutter_size=&#8220;3&#8243; screen_lg=&#8220;1000&#8243; screen_md=&#8220;600&#8243; screen_sm=&#8220;480&#8243; single_overlay_opacity=&#8220;50&#8243; single_padding=&#8220;2&#8243; uncode_shortcode_id=&#8220;738028&#8243;][\/vc_column][\/vc_row]<\/p>\n<\/div>","protected":false},"excerpt":{"rendered":"<p>[vc_row unlock_row_content=&#8220;yes&#8220; row_height_percent=&#8220;0&#8243; override_padding=&#8220;yes&#8220; h_padding=&#8220;0&#8243; top_padding=&#8220;0&#8243; bottom_padding=&#8220;0&#8243; overlay_alpha=&#8220;50&#8243; equal_height=&#8220;yes&#8220; gutter_size=&#8220;0&#8243; column_width_percent=&#8220;100&#8243; shift_y=&#8220;0&#8243; z_index=&#8220;0&#8243; el_class=&#8220;compact_section&#8220; uncode_shortcode_id=&#8220;152351&#8243; css=&#8220;.vc_custom_1699886063694{padding-top: 15px !important;padding-right: 0px !important;padding-left: [&hellip;]<\/p>\n","protected":false},"featured_media":36367,"template":"","meta":{"_acf_changed":false},"product_brand":[],"product_cat":[421],"product_tag":[],"class_list":{"0":"post-36344","1":"product","2":"type-product","3":"status-publish","4":"has-post-thumbnail","6":"product_cat-g-switches","8":"first","9":"instock","10":"shipping-taxable","11":"purchasable","12":"product-type-variable"},"acf":[],"yoast_head":"<!-- This site is optimized with the Yoast SEO plugin v27.5 - https:\/\/yoast.com\/product\/yoast-seo-wordpress\/ -->\n<title>N\u00e4herungsschalter f\u00fcr Behinderte - Angepasster Schalter f\u00fcr Hilfsmittel<\/title>\n<meta name=\"description\" content=\"Proximity Switch f\u00fcr Menschen mit Behinderung kaufen. Kompatibel mit GlassOuse V1.2 und allen anderen angepassten Ger\u00e4ten und Spielzeugen mit 3,5 mm Klinke. Internationaler Versand.\" \/>\n<meta name=\"robots\" content=\"index, follow, max-snippet:-1, max-image-preview:large, max-video-preview:-1\" \/>\n<link rel=\"canonical\" href=\"https:\/\/glassouse.com\/de\/product\/gs09-glassouse-naeherungsschalter\/\" \/>\n<meta property=\"og:locale\" content=\"de_DE\" \/>\n<meta property=\"og:type\" content=\"article\" \/>\n<meta property=\"og:title\" content=\"N\u00e4herungsschalter f\u00fcr Behinderte - Angepasster Schalter f\u00fcr Hilfsmittel\" \/>\n<meta property=\"og:description\" content=\"Proximity Switch f\u00fcr Menschen mit Behinderung kaufen. Kompatibel mit GlassOuse V1.2 und allen anderen angepassten Ger\u00e4ten und Spielzeugen mit 3,5 mm Klinke. Internationaler Versand.\" \/>\n<meta property=\"og:url\" content=\"https:\/\/glassouse.com\/de\/product\/gs09-glassouse-naeherungsschalter\/\" \/>\n<meta property=\"og:site_name\" content=\"Glassouse Assistive Device\" \/>\n<meta property=\"article:publisher\" content=\"https:\/\/www.facebook.com\/glassouse\/\" \/>\n<meta property=\"article:modified_time\" content=\"2026-04-27T09:51:43+00:00\" \/>\n<meta property=\"og:image\" content=\"https:\/\/glassouse.com\/wp-content\/uploads\/2019\/04\/00.png\" \/>\n\t<meta property=\"og:image:width\" content=\"1773\" \/>\n\t<meta property=\"og:image:height\" content=\"1773\" \/>\n\t<meta property=\"og:image:type\" content=\"image\/png\" \/>\n<meta name=\"twitter:card\" content=\"summary_large_image\" \/>\n<meta name=\"twitter:site\" content=\"@glassouse\" \/>\n<meta name=\"twitter:label1\" content=\"Gesch\u00e4tzte Lesezeit\" \/>\n\t<meta name=\"twitter:data1\" content=\"5\u00a0Minuten\" \/>\n<script type=\"application\/ld+json\" class=\"yoast-schema-graph\">{\"@context\":\"https:\\\/\\\/schema.org\",\"@graph\":[{\"@type\":\"WebPage\",\"@id\":\"https:\\\/\\\/glassouse.com\\\/de\\\/product\\\/gs09-glassouse-naeherungsschalter\\\/\",\"url\":\"https:\\\/\\\/glassouse.com\\\/de\\\/product\\\/gs09-glassouse-naeherungsschalter\\\/\",\"name\":\"N\u00e4herungsschalter f\u00fcr Behinderte - Angepasster Schalter f\u00fcr Hilfsmittel\",\"isPartOf\":{\"@id\":\"https:\\\/\\\/glassouse.com\\\/de\\\/#website\"},\"primaryImageOfPage\":{\"@id\":\"https:\\\/\\\/glassouse.com\\\/de\\\/product\\\/gs09-glassouse-naeherungsschalter\\\/#primaryimage\"},\"image\":{\"@id\":\"https:\\\/\\\/glassouse.com\\\/de\\\/product\\\/gs09-glassouse-naeherungsschalter\\\/#primaryimage\"},\"thumbnailUrl\":\"https:\\\/\\\/glassouse.com\\\/wp-content\\\/uploads\\\/2019\\\/04\\\/00.png\",\"datePublished\":\"2019-06-20T07:10:42+00:00\",\"dateModified\":\"2026-04-27T09:51:43+00:00\",\"description\":\"Proximity Switch f\u00fcr Menschen mit Behinderung kaufen. Kompatibel mit GlassOuse V1.2 und allen anderen angepassten Ger\u00e4ten und Spielzeugen mit 3,5 mm Klinke. Internationaler Versand.\",\"breadcrumb\":{\"@id\":\"https:\\\/\\\/glassouse.com\\\/de\\\/product\\\/gs09-glassouse-naeherungsschalter\\\/#breadcrumb\"},\"inLanguage\":\"de\",\"potentialAction\":[{\"@type\":\"ReadAction\",\"target\":[\"https:\\\/\\\/glassouse.com\\\/de\\\/product\\\/gs09-glassouse-naeherungsschalter\\\/\"]}]},{\"@type\":\"ImageObject\",\"inLanguage\":\"de\",\"@id\":\"https:\\\/\\\/glassouse.com\\\/de\\\/product\\\/gs09-glassouse-naeherungsschalter\\\/#primaryimage\",\"url\":\"https:\\\/\\\/glassouse.com\\\/wp-content\\\/uploads\\\/2019\\\/04\\\/00.png\",\"contentUrl\":\"https:\\\/\\\/glassouse.com\\\/wp-content\\\/uploads\\\/2019\\\/04\\\/00.png\",\"width\":1773,\"height\":1773,\"caption\":\"GlassOuse N\u00e4herungsschalter - Mini und Regular\"},{\"@type\":\"BreadcrumbList\",\"@id\":\"https:\\\/\\\/glassouse.com\\\/de\\\/product\\\/gs09-glassouse-naeherungsschalter\\\/#breadcrumb\",\"itemListElement\":[{\"@type\":\"ListItem\",\"position\":1,\"name\":\"Home\",\"item\":\"https:\\\/\\\/glassouse.com\\\/de\\\/\"},{\"@type\":\"ListItem\",\"position\":2,\"name\":\"Shop\",\"item\":\"https:\\\/\\\/glassouse.com\\\/de\\\/shop\\\/\"},{\"@type\":\"ListItem\",\"position\":3,\"name\":\"GS09 GlassOuse N\u00e4herungsschalter\"}]},{\"@type\":\"WebSite\",\"@id\":\"https:\\\/\\\/glassouse.com\\\/de\\\/#website\",\"url\":\"https:\\\/\\\/glassouse.com\\\/de\\\/\",\"name\":\"Glassouse Assistive Device\",\"description\":\"Assistive Device and Switches for Disabled\",\"publisher\":{\"@id\":\"https:\\\/\\\/glassouse.com\\\/de\\\/#organization\"},\"potentialAction\":[{\"@type\":\"SearchAction\",\"target\":{\"@type\":\"EntryPoint\",\"urlTemplate\":\"https:\\\/\\\/glassouse.com\\\/de\\\/?s={search_term_string}\"},\"query-input\":{\"@type\":\"PropertyValueSpecification\",\"valueRequired\":true,\"valueName\":\"search_term_string\"}}],\"inLanguage\":\"de\"},{\"@type\":\"Organization\",\"@id\":\"https:\\\/\\\/glassouse.com\\\/de\\\/#organization\",\"name\":\"GlassOuse Assistive Device\",\"url\":\"https:\\\/\\\/glassouse.com\\\/de\\\/\",\"logo\":{\"@type\":\"ImageObject\",\"inLanguage\":\"de\",\"@id\":\"https:\\\/\\\/glassouse.com\\\/de\\\/#\\\/schema\\\/logo\\\/image\\\/\",\"url\":\"https:\\\/\\\/glassouse.com\\\/wp-content\\\/uploads\\\/2017\\\/11\\\/logo.jpg\",\"contentUrl\":\"https:\\\/\\\/glassouse.com\\\/wp-content\\\/uploads\\\/2017\\\/11\\\/logo.jpg\",\"width\":500,\"height\":500,\"caption\":\"GlassOuse Assistive Device\"},\"image\":{\"@id\":\"https:\\\/\\\/glassouse.com\\\/de\\\/#\\\/schema\\\/logo\\\/image\\\/\"},\"sameAs\":[\"https:\\\/\\\/www.facebook.com\\\/glassouse\\\/\",\"https:\\\/\\\/x.com\\\/glassouse\",\"https:\\\/\\\/www.instagram.com\\\/glassouseassistivedevice\\\/\",\"https:\\\/\\\/www.linkedin.com\\\/company\\\/glassouse\\\/\",\"https:\\\/\\\/www.youtube.com\\\/channel\\\/UCM5pebcmVXbu00QYd91_Gyw\"]}]}<\/script>\n<!-- \/ Yoast SEO plugin. -->","yoast_head_json":{"title":"N\u00e4herungsschalter f\u00fcr Behinderte - Angepasster Schalter f\u00fcr Hilfsmittel","description":"Proximity Switch f\u00fcr Menschen mit Behinderung kaufen. Kompatibel mit GlassOuse V1.2 und allen anderen angepassten Ger\u00e4ten und Spielzeugen mit 3,5 mm Klinke. Internationaler Versand.","robots":{"index":"index","follow":"follow","max-snippet":"max-snippet:-1","max-image-preview":"max-image-preview:large","max-video-preview":"max-video-preview:-1"},"canonical":"https:\/\/glassouse.com\/de\/product\/gs09-glassouse-naeherungsschalter\/","og_locale":"de_DE","og_type":"article","og_title":"N\u00e4herungsschalter f\u00fcr Behinderte - Angepasster Schalter f\u00fcr Hilfsmittel","og_description":"Proximity Switch f\u00fcr Menschen mit Behinderung kaufen. Kompatibel mit GlassOuse V1.2 und allen anderen angepassten Ger\u00e4ten und Spielzeugen mit 3,5 mm Klinke. Internationaler Versand.","og_url":"https:\/\/glassouse.com\/de\/product\/gs09-glassouse-naeherungsschalter\/","og_site_name":"Glassouse Assistive Device","article_publisher":"https:\/\/www.facebook.com\/glassouse\/","article_modified_time":"2026-04-27T09:51:43+00:00","og_image":[{"width":1773,"height":1773,"url":"https:\/\/glassouse.com\/wp-content\/uploads\/2019\/04\/00.png","type":"image\/png"}],"twitter_card":"summary_large_image","twitter_site":"@glassouse","twitter_misc":{"Gesch\u00e4tzte Lesezeit":"5\u00a0Minuten"},"schema":{"@context":"https:\/\/schema.org","@graph":[{"@type":"WebPage","@id":"https:\/\/glassouse.com\/de\/product\/gs09-glassouse-naeherungsschalter\/","url":"https:\/\/glassouse.com\/de\/product\/gs09-glassouse-naeherungsschalter\/","name":"N\u00e4herungsschalter f\u00fcr Behinderte - Angepasster Schalter f\u00fcr Hilfsmittel","isPartOf":{"@id":"https:\/\/glassouse.com\/de\/#website"},"primaryImageOfPage":{"@id":"https:\/\/glassouse.com\/de\/product\/gs09-glassouse-naeherungsschalter\/#primaryimage"},"image":{"@id":"https:\/\/glassouse.com\/de\/product\/gs09-glassouse-naeherungsschalter\/#primaryimage"},"thumbnailUrl":"https:\/\/glassouse.com\/wp-content\/uploads\/2019\/04\/00.png","datePublished":"2019-06-20T07:10:42+00:00","dateModified":"2026-04-27T09:51:43+00:00","description":"Proximity Switch f\u00fcr Menschen mit Behinderung kaufen. Kompatibel mit GlassOuse V1.2 und allen anderen angepassten Ger\u00e4ten und Spielzeugen mit 3,5 mm Klinke. Internationaler Versand.","breadcrumb":{"@id":"https:\/\/glassouse.com\/de\/product\/gs09-glassouse-naeherungsschalter\/#breadcrumb"},"inLanguage":"de","potentialAction":[{"@type":"ReadAction","target":["https:\/\/glassouse.com\/de\/product\/gs09-glassouse-naeherungsschalter\/"]}]},{"@type":"ImageObject","inLanguage":"de","@id":"https:\/\/glassouse.com\/de\/product\/gs09-glassouse-naeherungsschalter\/#primaryimage","url":"https:\/\/glassouse.com\/wp-content\/uploads\/2019\/04\/00.png","contentUrl":"https:\/\/glassouse.com\/wp-content\/uploads\/2019\/04\/00.png","width":1773,"height":1773,"caption":"GlassOuse N\u00e4herungsschalter - Mini und Regular"},{"@type":"BreadcrumbList","@id":"https:\/\/glassouse.com\/de\/product\/gs09-glassouse-naeherungsschalter\/#breadcrumb","itemListElement":[{"@type":"ListItem","position":1,"name":"Home","item":"https:\/\/glassouse.com\/de\/"},{"@type":"ListItem","position":2,"name":"Shop","item":"https:\/\/glassouse.com\/de\/shop\/"},{"@type":"ListItem","position":3,"name":"GS09 GlassOuse N\u00e4herungsschalter"}]},{"@type":"WebSite","@id":"https:\/\/glassouse.com\/de\/#website","url":"https:\/\/glassouse.com\/de\/","name":"Glassouse Assistive Device","description":"Assistive Device and Switches for Disabled","publisher":{"@id":"https:\/\/glassouse.com\/de\/#organization"},"potentialAction":[{"@type":"SearchAction","target":{"@type":"EntryPoint","urlTemplate":"https:\/\/glassouse.com\/de\/?s={search_term_string}"},"query-input":{"@type":"PropertyValueSpecification","valueRequired":true,"valueName":"search_term_string"}}],"inLanguage":"de"},{"@type":"Organization","@id":"https:\/\/glassouse.com\/de\/#organization","name":"GlassOuse Assistive Device","url":"https:\/\/glassouse.com\/de\/","logo":{"@type":"ImageObject","inLanguage":"de","@id":"https:\/\/glassouse.com\/de\/#\/schema\/logo\/image\/","url":"https:\/\/glassouse.com\/wp-content\/uploads\/2017\/11\/logo.jpg","contentUrl":"https:\/\/glassouse.com\/wp-content\/uploads\/2017\/11\/logo.jpg","width":500,"height":500,"caption":"GlassOuse Assistive Device"},"image":{"@id":"https:\/\/glassouse.com\/de\/#\/schema\/logo\/image\/"},"sameAs":["https:\/\/www.facebook.com\/glassouse\/","https:\/\/x.com\/glassouse","https:\/\/www.instagram.com\/glassouseassistivedevice\/","https:\/\/www.linkedin.com\/company\/glassouse\/","https:\/\/www.youtube.com\/channel\/UCM5pebcmVXbu00QYd91_Gyw"]}]}},"_links":{"self":[{"href":"https:\/\/glassouse.com\/de\/wp-json\/wp\/v2\/product\/36344","targetHints":{"allow":["GET"]}}],"collection":[{"href":"https:\/\/glassouse.com\/de\/wp-json\/wp\/v2\/product"}],"about":[{"href":"https:\/\/glassouse.com\/de\/wp-json\/wp\/v2\/types\/product"}],"wp:featuredmedia":[{"embeddable":true,"href":"https:\/\/glassouse.com\/de\/wp-json\/wp\/v2\/media\/36367"}],"wp:attachment":[{"href":"https:\/\/glassouse.com\/de\/wp-json\/wp\/v2\/media?parent=36344"}],"wp:term":[{"taxonomy":"product_brand","embeddable":true,"href":"https:\/\/glassouse.com\/de\/wp-json\/wp\/v2\/product_brand?post=36344"},{"taxonomy":"product_cat","embeddable":true,"href":"https:\/\/glassouse.com\/de\/wp-json\/wp\/v2\/product_cat?post=36344"},{"taxonomy":"product_tag","embeddable":true,"href":"https:\/\/glassouse.com\/de\/wp-json\/wp\/v2\/product_tag?post=36344"}],"curies":[{"name":"wp","href":"https:\/\/api.w.org\/{rel}","templated":true}]}}