{"id":36461,"date":"2019-06-28T16:20:06","date_gmt":"2019-06-28T08:20:06","guid":{"rendered":"https:\/\/glassouse.com\/product\/glassouse-v1-4-paket\/"},"modified":"2019-06-28T16:20:06","modified_gmt":"2019-06-28T08:20:06","slug":"glassouse-v1-4-paket","status":"publish","type":"product","link":"https:\/\/glassouse.com\/de\/product\/glassouse-v1-4-paket\/","title":{"rendered":"GlassOuse V1.4-Paket"},"content":{"rendered":"","protected":false},"excerpt":{"rendered":"<h4>GLASSOUSE V1.4 &amp; G-SWITCH SERIE<\/h4>\n<p><strong>1x<\/strong> GlassOuse V1.4<\/p>\n<p><strong>1x <\/strong>G-Speech<\/p>\n<p><strong>17x <\/strong>G-Schalter: GS01 Biss-Schalter, GS02 Puff-Schalter, GS03 Finger-Schalter, GS04 Fu\u00df-Schalter, GS05 Druck-Schalter 100gr(+MINI), GS06 Druck-Schalter 150gr(+MINI), GS07 Kissen-Schalter(+MINI), GS08 Ber\u00fchrungs-Schalter(+MINI), GS09 N\u00e4herungs-Schalter(+MINI), GS11 Wangen-Schalter, GS12 Blinzel-Schalter, GS13 Muskel-Schalter.<\/p>\n<p><b>4x<\/b> AC01 Silikonschalterabdeckung; AC02 3,5 mm Verl\u00e4ngerungskabel; AC03 Reiseetui f\u00fcr GlassOuse V1.4; AC04 Kissenschalterabdeckung<\/p>\n<p><strong>1x <\/strong>GM01 G-Mount f\u00fcr Telefone und Tablets<\/p>\n<p>*Alles zugeh\u00f6rige Zubeh\u00f6r ist enthalten<\/p>\n<p><a href=\"https:\/\/glassouse.com\/de\/geld-zurueck-garantie\/\"><img decoding=\"async\" class=\"alignnone wp-image-1817\" src=\"https:\/\/glassouse.com\/wp-content\/uploads\/2017\/11\/15_Day_Money_Back_47882ccb-f31c-4b58-ab77-9b78929009ef_grande.png\" alt=\"\" width=\"120\" height=\"120\" srcset=\"https:\/\/glassouse.com\/wp-content\/uploads\/2017\/11\/15_Day_Money_Back_47882ccb-f31c-4b58-ab77-9b78929009ef_grande.png 150w, https:\/\/glassouse.com\/wp-content\/uploads\/2017\/11\/15_Day_Money_Back_47882ccb-f31c-4b58-ab77-9b78929009ef_grande-100x100.png 100w, https:\/\/glassouse.com\/wp-content\/uploads\/2017\/11\/15_Day_Money_Back_47882ccb-f31c-4b58-ab77-9b78929009ef_grande-75x75.png 75w\" sizes=\"(max-width: 120px) 100vw, 120px\" \/><\/a> <img decoding=\"async\" class=\"alignnone wp-image-3424\" src=\"https:\/\/glassouse.com\/wp-content\/uploads\/2020\/08\/A4.png\" alt=\"GlassOuse-Garantie\" width=\"120\" height=\"120\" srcset=\"https:\/\/glassouse.com\/wp-content\/uploads\/2020\/08\/A4.png 345w, https:\/\/glassouse.com\/wp-content\/uploads\/2020\/08\/A4-300x299.png 300w, https:\/\/glassouse.com\/wp-content\/uploads\/2020\/08\/A4-100x100.png 100w, https:\/\/glassouse.com\/wp-content\/uploads\/2020\/08\/A4-150x150.png 150w\" sizes=\"(max-width: 120px) 100vw, 120px\" \/><\/p>\n<p>Alles bestellen, Kosten sparen! Komplettes Set von GlassOuse V1.4, G-Switch Series mit allem Zubeh\u00f6r. Es ist ideal f\u00fcr Schulen, Reha-Zentren und Krankenh\u00e4user, um alle Bibliotheksartikel hinzuzuf\u00fcgen. Jeder Artikel wird mit seiner Schachtel, dem Zubeh\u00f6r und den Benutzerhandb\u00fcchern geliefert.  <\/p>\n","protected":false},"featured_media":36464,"template":"","meta":{"_acf_changed":false},"product_brand":[],"product_cat":[288],"product_tag":[],"class_list":{"0":"post-36461","1":"product","2":"type-product","3":"status-publish","4":"has-post-thumbnail","6":"product_cat-glassouse-bundel","7":"product_shipping_class-glashaus","9":"first","10":"instock","11":"sale","12":"shipping-taxable","13":"purchasable","14":"product-type-simple"},"acf":[],"yoast_head":"<!-- This site is optimized with the Yoast SEO plugin v27.4 - https:\/\/yoast.com\/product\/yoast-seo-wordpress\/ -->\n<title>GlassOuse V1.4 Assistive Bundle mit adaptiven Schaltern<\/title>\n<meta name=\"description\" content=\"Kaufen Sie das GlassOuse V1.4 Bundle Set, das alle G-Schalter mit der Kopfmaus enth\u00e4lt und mit anderen Ger\u00e4ten oder Spielzeugen mit 3,5 mm Klinke kompatibel ist. Versand weltweit.\" \/>\n<meta name=\"robots\" content=\"index, follow, max-snippet:-1, max-image-preview:large, max-video-preview:-1\" \/>\n<link rel=\"canonical\" href=\"https:\/\/glassouse.com\/de\/product\/glassouse-v1-4-paket\/\" \/>\n<meta property=\"og:locale\" content=\"de_DE\" \/>\n<meta property=\"og:type\" content=\"article\" \/>\n<meta property=\"og:title\" content=\"GlassOuse V1.4 Assistive Bundle mit adaptiven Schaltern\" \/>\n<meta property=\"og:description\" content=\"Kaufen Sie das GlassOuse V1.4 Bundle Set, das alle G-Schalter mit der Kopfmaus enth\u00e4lt und mit anderen Ger\u00e4ten oder Spielzeugen mit 3,5 mm Klinke kompatibel ist. Versand weltweit.\" \/>\n<meta property=\"og:url\" content=\"https:\/\/glassouse.com\/de\/product\/glassouse-v1-4-paket\/\" \/>\n<meta property=\"og:site_name\" content=\"Glassouse Assistive Device\" \/>\n<meta property=\"article:publisher\" content=\"https:\/\/www.facebook.com\/glassouse\/\" \/>\n<meta property=\"og:image\" content=\"https:\/\/glassouse.com\/wp-content\/uploads\/2019\/06\/GlassOuse-V1.4-bundle.jpg\" \/>\n\t<meta property=\"og:image:width\" content=\"1000\" \/>\n\t<meta property=\"og:image:height\" content=\"1000\" \/>\n\t<meta property=\"og:image:type\" content=\"image\/jpeg\" \/>\n<meta name=\"twitter:card\" content=\"summary_large_image\" \/>\n<meta name=\"twitter:site\" content=\"@glassouse\" \/>\n<script type=\"application\/ld+json\" class=\"yoast-schema-graph\">{\"@context\":\"https:\\\/\\\/schema.org\",\"@graph\":[{\"@type\":\"WebPage\",\"@id\":\"https:\\\/\\\/glassouse.com\\\/de\\\/product\\\/glassouse-v1-4-paket\\\/\",\"url\":\"https:\\\/\\\/glassouse.com\\\/de\\\/product\\\/glassouse-v1-4-paket\\\/\",\"name\":\"GlassOuse V1.4 Assistive Bundle mit adaptiven Schaltern\",\"isPartOf\":{\"@id\":\"https:\\\/\\\/glassouse.com\\\/de\\\/#website\"},\"primaryImageOfPage\":{\"@id\":\"https:\\\/\\\/glassouse.com\\\/de\\\/product\\\/glassouse-v1-4-paket\\\/#primaryimage\"},\"image\":{\"@id\":\"https:\\\/\\\/glassouse.com\\\/de\\\/product\\\/glassouse-v1-4-paket\\\/#primaryimage\"},\"thumbnailUrl\":\"https:\\\/\\\/glassouse.com\\\/wp-content\\\/uploads\\\/2019\\\/06\\\/GlassOuse-V1.4-bundle.jpg\",\"datePublished\":\"2019-06-28T08:20:06+00:00\",\"description\":\"Kaufen Sie das GlassOuse V1.4 Bundle Set, das alle G-Schalter mit der Kopfmaus enth\u00e4lt und mit anderen Ger\u00e4ten oder Spielzeugen mit 3,5 mm Klinke kompatibel ist. Versand weltweit.\",\"breadcrumb\":{\"@id\":\"https:\\\/\\\/glassouse.com\\\/de\\\/product\\\/glassouse-v1-4-paket\\\/#breadcrumb\"},\"inLanguage\":\"de\",\"potentialAction\":[{\"@type\":\"ReadAction\",\"target\":[\"https:\\\/\\\/glassouse.com\\\/de\\\/product\\\/glassouse-v1-4-paket\\\/\"]}]},{\"@type\":\"ImageObject\",\"inLanguage\":\"de\",\"@id\":\"https:\\\/\\\/glassouse.com\\\/de\\\/product\\\/glassouse-v1-4-paket\\\/#primaryimage\",\"url\":\"https:\\\/\\\/glassouse.com\\\/wp-content\\\/uploads\\\/2019\\\/06\\\/GlassOuse-V1.4-bundle.jpg\",\"contentUrl\":\"https:\\\/\\\/glassouse.com\\\/wp-content\\\/uploads\\\/2019\\\/06\\\/GlassOuse-V1.4-bundle.jpg\",\"width\":1000,\"height\":1000,\"caption\":\"GlassOuse-V1.4-Bundle\"},{\"@type\":\"BreadcrumbList\",\"@id\":\"https:\\\/\\\/glassouse.com\\\/de\\\/product\\\/glassouse-v1-4-paket\\\/#breadcrumb\",\"itemListElement\":[{\"@type\":\"ListItem\",\"position\":1,\"name\":\"Home\",\"item\":\"https:\\\/\\\/glassouse.com\\\/de\\\/startseite\\\/\"},{\"@type\":\"ListItem\",\"position\":2,\"name\":\"Shop\",\"item\":\"https:\\\/\\\/glassouse.com\\\/de\\\/shop\\\/\"},{\"@type\":\"ListItem\",\"position\":3,\"name\":\"GlassOuse V1.4-Paket\"}]},{\"@type\":\"WebSite\",\"@id\":\"https:\\\/\\\/glassouse.com\\\/de\\\/#website\",\"url\":\"https:\\\/\\\/glassouse.com\\\/de\\\/\",\"name\":\"Glassouse Assistive Device\",\"description\":\"Assistive Device and Switches for Disabled\",\"publisher\":{\"@id\":\"https:\\\/\\\/glassouse.com\\\/de\\\/#organization\"},\"potentialAction\":[{\"@type\":\"SearchAction\",\"target\":{\"@type\":\"EntryPoint\",\"urlTemplate\":\"https:\\\/\\\/glassouse.com\\\/de\\\/?s={search_term_string}\"},\"query-input\":{\"@type\":\"PropertyValueSpecification\",\"valueRequired\":true,\"valueName\":\"search_term_string\"}}],\"inLanguage\":\"de\"},{\"@type\":\"Organization\",\"@id\":\"https:\\\/\\\/glassouse.com\\\/de\\\/#organization\",\"name\":\"GlassOuse Assistive Device\",\"url\":\"https:\\\/\\\/glassouse.com\\\/de\\\/\",\"logo\":{\"@type\":\"ImageObject\",\"inLanguage\":\"de\",\"@id\":\"https:\\\/\\\/glassouse.com\\\/de\\\/#\\\/schema\\\/logo\\\/image\\\/\",\"url\":\"https:\\\/\\\/glassouse.com\\\/wp-content\\\/uploads\\\/2017\\\/11\\\/logo.jpg\",\"contentUrl\":\"https:\\\/\\\/glassouse.com\\\/wp-content\\\/uploads\\\/2017\\\/11\\\/logo.jpg\",\"width\":500,\"height\":500,\"caption\":\"GlassOuse Assistive Device\"},\"image\":{\"@id\":\"https:\\\/\\\/glassouse.com\\\/de\\\/#\\\/schema\\\/logo\\\/image\\\/\"},\"sameAs\":[\"https:\\\/\\\/www.facebook.com\\\/glassouse\\\/\",\"https:\\\/\\\/x.com\\\/glassouse\",\"https:\\\/\\\/www.instagram.com\\\/glassouseassistivedevice\\\/\",\"https:\\\/\\\/www.linkedin.com\\\/company\\\/glassouse\\\/\",\"https:\\\/\\\/www.youtube.com\\\/channel\\\/UCM5pebcmVXbu00QYd91_Gyw\"]}]}<\/script>\n<!-- \/ Yoast SEO plugin. -->","yoast_head_json":{"title":"GlassOuse V1.4 Assistive Bundle mit adaptiven Schaltern","description":"Kaufen Sie das GlassOuse V1.4 Bundle Set, das alle G-Schalter mit der Kopfmaus enth\u00e4lt und mit anderen Ger\u00e4ten oder Spielzeugen mit 3,5 mm Klinke kompatibel ist. Versand weltweit.","robots":{"index":"index","follow":"follow","max-snippet":"max-snippet:-1","max-image-preview":"max-image-preview:large","max-video-preview":"max-video-preview:-1"},"canonical":"https:\/\/glassouse.com\/de\/product\/glassouse-v1-4-paket\/","og_locale":"de_DE","og_type":"article","og_title":"GlassOuse V1.4 Assistive Bundle mit adaptiven Schaltern","og_description":"Kaufen Sie das GlassOuse V1.4 Bundle Set, das alle G-Schalter mit der Kopfmaus enth\u00e4lt und mit anderen Ger\u00e4ten oder Spielzeugen mit 3,5 mm Klinke kompatibel ist. Versand weltweit.","og_url":"https:\/\/glassouse.com\/de\/product\/glassouse-v1-4-paket\/","og_site_name":"Glassouse Assistive Device","article_publisher":"https:\/\/www.facebook.com\/glassouse\/","og_image":[{"width":1000,"height":1000,"url":"https:\/\/glassouse.com\/wp-content\/uploads\/2019\/06\/GlassOuse-V1.4-bundle.jpg","type":"image\/jpeg"}],"twitter_card":"summary_large_image","twitter_site":"@glassouse","schema":{"@context":"https:\/\/schema.org","@graph":[{"@type":"WebPage","@id":"https:\/\/glassouse.com\/de\/product\/glassouse-v1-4-paket\/","url":"https:\/\/glassouse.com\/de\/product\/glassouse-v1-4-paket\/","name":"GlassOuse V1.4 Assistive Bundle mit adaptiven Schaltern","isPartOf":{"@id":"https:\/\/glassouse.com\/de\/#website"},"primaryImageOfPage":{"@id":"https:\/\/glassouse.com\/de\/product\/glassouse-v1-4-paket\/#primaryimage"},"image":{"@id":"https:\/\/glassouse.com\/de\/product\/glassouse-v1-4-paket\/#primaryimage"},"thumbnailUrl":"https:\/\/glassouse.com\/wp-content\/uploads\/2019\/06\/GlassOuse-V1.4-bundle.jpg","datePublished":"2019-06-28T08:20:06+00:00","description":"Kaufen Sie das GlassOuse V1.4 Bundle Set, das alle G-Schalter mit der Kopfmaus enth\u00e4lt und mit anderen Ger\u00e4ten oder Spielzeugen mit 3,5 mm Klinke kompatibel ist. Versand weltweit.","breadcrumb":{"@id":"https:\/\/glassouse.com\/de\/product\/glassouse-v1-4-paket\/#breadcrumb"},"inLanguage":"de","potentialAction":[{"@type":"ReadAction","target":["https:\/\/glassouse.com\/de\/product\/glassouse-v1-4-paket\/"]}]},{"@type":"ImageObject","inLanguage":"de","@id":"https:\/\/glassouse.com\/de\/product\/glassouse-v1-4-paket\/#primaryimage","url":"https:\/\/glassouse.com\/wp-content\/uploads\/2019\/06\/GlassOuse-V1.4-bundle.jpg","contentUrl":"https:\/\/glassouse.com\/wp-content\/uploads\/2019\/06\/GlassOuse-V1.4-bundle.jpg","width":1000,"height":1000,"caption":"GlassOuse-V1.4-Bundle"},{"@type":"BreadcrumbList","@id":"https:\/\/glassouse.com\/de\/product\/glassouse-v1-4-paket\/#breadcrumb","itemListElement":[{"@type":"ListItem","position":1,"name":"Home","item":"https:\/\/glassouse.com\/de\/startseite\/"},{"@type":"ListItem","position":2,"name":"Shop","item":"https:\/\/glassouse.com\/de\/shop\/"},{"@type":"ListItem","position":3,"name":"GlassOuse V1.4-Paket"}]},{"@type":"WebSite","@id":"https:\/\/glassouse.com\/de\/#website","url":"https:\/\/glassouse.com\/de\/","name":"Glassouse Assistive Device","description":"Assistive Device and Switches for Disabled","publisher":{"@id":"https:\/\/glassouse.com\/de\/#organization"},"potentialAction":[{"@type":"SearchAction","target":{"@type":"EntryPoint","urlTemplate":"https:\/\/glassouse.com\/de\/?s={search_term_string}"},"query-input":{"@type":"PropertyValueSpecification","valueRequired":true,"valueName":"search_term_string"}}],"inLanguage":"de"},{"@type":"Organization","@id":"https:\/\/glassouse.com\/de\/#organization","name":"GlassOuse Assistive Device","url":"https:\/\/glassouse.com\/de\/","logo":{"@type":"ImageObject","inLanguage":"de","@id":"https:\/\/glassouse.com\/de\/#\/schema\/logo\/image\/","url":"https:\/\/glassouse.com\/wp-content\/uploads\/2017\/11\/logo.jpg","contentUrl":"https:\/\/glassouse.com\/wp-content\/uploads\/2017\/11\/logo.jpg","width":500,"height":500,"caption":"GlassOuse Assistive Device"},"image":{"@id":"https:\/\/glassouse.com\/de\/#\/schema\/logo\/image\/"},"sameAs":["https:\/\/www.facebook.com\/glassouse\/","https:\/\/x.com\/glassouse","https:\/\/www.instagram.com\/glassouseassistivedevice\/","https:\/\/www.linkedin.com\/company\/glassouse\/","https:\/\/www.youtube.com\/channel\/UCM5pebcmVXbu00QYd91_Gyw"]}]}},"_links":{"self":[{"href":"https:\/\/glassouse.com\/de\/wp-json\/wp\/v2\/product\/36461","targetHints":{"allow":["GET"]}}],"collection":[{"href":"https:\/\/glassouse.com\/de\/wp-json\/wp\/v2\/product"}],"about":[{"href":"https:\/\/glassouse.com\/de\/wp-json\/wp\/v2\/types\/product"}],"wp:featuredmedia":[{"embeddable":true,"href":"https:\/\/glassouse.com\/de\/wp-json\/wp\/v2\/media\/36464"}],"wp:attachment":[{"href":"https:\/\/glassouse.com\/de\/wp-json\/wp\/v2\/media?parent=36461"}],"wp:term":[{"taxonomy":"product_brand","embeddable":true,"href":"https:\/\/glassouse.com\/de\/wp-json\/wp\/v2\/product_brand?post=36461"},{"taxonomy":"product_cat","embeddable":true,"href":"https:\/\/glassouse.com\/de\/wp-json\/wp\/v2\/product_cat?post=36461"},{"taxonomy":"product_tag","embeddable":true,"href":"https:\/\/glassouse.com\/de\/wp-json\/wp\/v2\/product_tag?post=36461"}],"curies":[{"name":"wp","href":"https:\/\/api.w.org\/{rel}","templated":true}]}}