{"id":36587,"date":"2020-08-14T17:50:51","date_gmt":"2020-08-14T09:50:51","guid":{"rendered":"https:\/\/glassouse.com\/product\/gat03-aufnahme-spiel-dinosaurier\/"},"modified":"2020-08-14T17:50:51","modified_gmt":"2020-08-14T09:50:51","slug":"gat03-aufnahme-spiel-dinosaurier","status":"publish","type":"product","link":"https:\/\/glassouse.com\/de\/product\/gat03-aufnahme-spiel-dinosaurier\/","title":{"rendered":"GAT03 Aufnahme &amp; Spiel Dinosaurier"},"content":{"rendered":"","protected":false},"excerpt":{"rendered":"<h4>AUFNEHMEN &amp; SPIELEN DINOSAURIER- GAT03<\/h4>\n<p>1x Record &amp; Play Dinosaurier Spielzeug mit 3,5 mm Klinkenanschluss<br \/>\n1x Benutzerhandbuch<\/p>\n<p><a href=\"https:\/\/glassouse.com\/de\/geld-zurueck-garantie\/\"><img decoding=\"async\" class=\"alignnone wp-image-1817\" src=\"https:\/\/glassouse.com\/wp-content\/uploads\/2017\/11\/15_Day_Money_Back_47882ccb-f31c-4b58-ab77-9b78929009ef_grande.png\" alt=\"\" width=\"95\" height=\"95\" srcset=\"https:\/\/glassouse.com\/wp-content\/uploads\/2017\/11\/15_Day_Money_Back_47882ccb-f31c-4b58-ab77-9b78929009ef_grande.png 150w, https:\/\/glassouse.com\/wp-content\/uploads\/2017\/11\/15_Day_Money_Back_47882ccb-f31c-4b58-ab77-9b78929009ef_grande-100x100.png 100w, https:\/\/glassouse.com\/wp-content\/uploads\/2017\/11\/15_Day_Money_Back_47882ccb-f31c-4b58-ab77-9b78929009ef_grande-75x75.png 75w\" sizes=\"(max-width: 95px) 100vw, 95px\" \/><\/a>   <img decoding=\"async\" class=\"alignnone wp-image-3424\" src=\"https:\/\/glassouse.com\/wp-content\/uploads\/2020\/08\/A4.png\" alt=\"GlassOuse-Garantie\" width=\"95\" height=\"95\" srcset=\"https:\/\/glassouse.com\/wp-content\/uploads\/2020\/08\/A4.png 345w, https:\/\/glassouse.com\/wp-content\/uploads\/2020\/08\/A4-300x299.png 300w, https:\/\/glassouse.com\/wp-content\/uploads\/2020\/08\/A4-100x100.png 100w, https:\/\/glassouse.com\/wp-content\/uploads\/2020\/08\/A4-150x150.png 150w\" sizes=\"(max-width: 95px) 100vw, 95px\" \/><\/p>\n<p><strong>FUNKTION: <\/strong> Ein Dinosaurier zum Aufnehmen und Abspielen, der Ihre Stimme bis zu 5 Minuten lang aufnehmen und mehrfach wiedergeben kann. Ein perfektes Spielzeug f\u00fcr Kinder, die sprechen lernen oder einfach nur singen\/sprechen und zuh\u00f6ren wollen. <\/p>\n<p><strong>SPEZIFIKATION:<\/strong><br \/>\n<strong>L\u00e4nge:<\/strong> 36cm<br \/>\n<strong>Gewicht:<\/strong> 0.34kg \/ 0.75 Pfund<br \/>\n<strong>Material:<\/strong> Superweicher Pl\u00fcsch<br \/>\n<strong>F\u00fcllung:<\/strong> Umweltfreundliche 3D PP-Baumwolle<br \/>\n<strong>Stromversorgung:<\/strong> 3x AA Batterie<\/p>\n<p><strong>ANLEITUNG:<\/strong><\/p>\n<ol>\n<li>Schlie\u00dfen Sie die 3,5-mm-Klinkenadapter Ihrer Wahl an jeden der beiden 3,5-mm-Klinkeneing\u00e4nge des Spielzeugs an.<\/li>\n<li>Zum <strong>Aufnehmen <\/strong>dr\u00fccken Sie den Schalter auf der rechten Seite. Sie h\u00f6ren 1x einen Piepton und sehen ein rotes Licht, das anzeigt, dass das Spielzeug aufnimmt. Sprechen Sie in den Bauch des Spielzeugs. Nach der Aufnahme dr\u00fccken Sie den rechten Schalter ein weiteres Mal, Sie h\u00f6ren 2x einen Piepton, der anzeigt, dass die Aufnahme beendet ist.  <\/li>\n<li>Um die Aufnahme <strong>abzuspielen<\/strong>, dr\u00fccken Sie den Schalter auf der linken Seite. Sie k\u00f6nnen dieselbe Aufnahme (N) beliebig oft abspielen. <\/li>\n<\/ol>\n<p><strong><em>*Schalter separat erh\u00e4ltlich<\/em><\/strong><\/p>\n<p>____________________________________________________________________________________________________________<\/p>\n","protected":false},"featured_media":36627,"template":"","meta":{"_acf_changed":false},"product_brand":[],"product_cat":[334],"product_tag":[336,493,494,495],"class_list":{"0":"post-36587","1":"product","2":"type-product","3":"status-publish","4":"has-post-thumbnail","6":"product_cat-glassouse-spielzeug","7":"product_tag-schalter-angepasstes-spielzeug","8":"product_tag-anpassungsfahiges-spielzeug","9":"product_tag-spielzeug-fur-besondere-bedurfnisse-2","10":"product_tag-spielzeug-fur-behinderte","11":"product_shipping_class-spielzeug","13":"first","14":"instock","15":"shipping-taxable","16":"purchasable","17":"product-type-simple"},"acf":[],"yoast_head":"<!-- This site is optimized with the Yoast SEO plugin v27.4 - https:\/\/yoast.com\/product\/yoast-seo-wordpress\/ -->\n<title>Record &amp; Play Dinosaurier - Switch Adapted Toy | GlassOuse<\/title>\n<meta name=\"description\" content=\"Kaufen Sie diesen anpassungsf\u00e4higen, durch Schalter aktivierten Aufnahme- und Spiel-Dinosaurier. Schlie\u00dfen Sie einen beliebigen 3,5-mm-Klinkenschalter an und spielen Sie mit dem Spielzeug. Geeignet f\u00fcr Kinder mit Behinderungen.\" \/>\n<meta name=\"robots\" content=\"index, follow, max-snippet:-1, max-image-preview:large, max-video-preview:-1\" \/>\n<link rel=\"canonical\" href=\"https:\/\/glassouse.com\/de\/product\/gat03-aufnahme-spiel-dinosaurier\/\" \/>\n<meta property=\"og:locale\" content=\"de_DE\" \/>\n<meta property=\"og:type\" content=\"article\" \/>\n<meta property=\"og:title\" content=\"Record &amp; Play Dinosaurier - Switch Adapted Toy | GlassOuse\" \/>\n<meta property=\"og:description\" content=\"Kaufen Sie diesen anpassungsf\u00e4higen, durch Schalter aktivierten Aufnahme- und Spiel-Dinosaurier. Schlie\u00dfen Sie einen beliebigen 3,5-mm-Klinkenschalter an und spielen Sie mit dem Spielzeug. Geeignet f\u00fcr Kinder mit Behinderungen.\" \/>\n<meta property=\"og:url\" content=\"https:\/\/glassouse.com\/de\/product\/gat03-aufnahme-spiel-dinosaurier\/\" \/>\n<meta property=\"og:site_name\" content=\"Glassouse Assistive Device\" \/>\n<meta property=\"article:publisher\" content=\"https:\/\/www.facebook.com\/glassouse\/\" \/>\n<meta property=\"og:image\" content=\"https:\/\/glassouse.com\/wp-content\/uploads\/2020\/08\/Record-and-Play-Dinosaur-2.jpg\" \/>\n\t<meta property=\"og:image:width\" content=\"1000\" \/>\n\t<meta property=\"og:image:height\" content=\"1000\" \/>\n\t<meta property=\"og:image:type\" content=\"image\/jpeg\" \/>\n<meta name=\"twitter:card\" content=\"summary_large_image\" \/>\n<meta name=\"twitter:site\" content=\"@glassouse\" \/>\n<script type=\"application\/ld+json\" class=\"yoast-schema-graph\">{\"@context\":\"https:\\\/\\\/schema.org\",\"@graph\":[{\"@type\":\"WebPage\",\"@id\":\"https:\\\/\\\/glassouse.com\\\/de\\\/product\\\/gat03-aufnahme-spiel-dinosaurier\\\/\",\"url\":\"https:\\\/\\\/glassouse.com\\\/de\\\/product\\\/gat03-aufnahme-spiel-dinosaurier\\\/\",\"name\":\"Record & Play Dinosaurier - Switch Adapted Toy | GlassOuse\",\"isPartOf\":{\"@id\":\"https:\\\/\\\/glassouse.com\\\/de\\\/#website\"},\"primaryImageOfPage\":{\"@id\":\"https:\\\/\\\/glassouse.com\\\/de\\\/product\\\/gat03-aufnahme-spiel-dinosaurier\\\/#primaryimage\"},\"image\":{\"@id\":\"https:\\\/\\\/glassouse.com\\\/de\\\/product\\\/gat03-aufnahme-spiel-dinosaurier\\\/#primaryimage\"},\"thumbnailUrl\":\"https:\\\/\\\/glassouse.com\\\/wp-content\\\/uploads\\\/2020\\\/08\\\/Record-and-Play-Dinosaur-2.jpg\",\"datePublished\":\"2020-08-14T09:50:51+00:00\",\"description\":\"Kaufen Sie diesen anpassungsf\u00e4higen, durch Schalter aktivierten Aufnahme- und Spiel-Dinosaurier. Schlie\u00dfen Sie einen beliebigen 3,5-mm-Klinkenschalter an und spielen Sie mit dem Spielzeug. Geeignet f\u00fcr Kinder mit Behinderungen.\",\"breadcrumb\":{\"@id\":\"https:\\\/\\\/glassouse.com\\\/de\\\/product\\\/gat03-aufnahme-spiel-dinosaurier\\\/#breadcrumb\"},\"inLanguage\":\"de\",\"potentialAction\":[{\"@type\":\"ReadAction\",\"target\":[\"https:\\\/\\\/glassouse.com\\\/de\\\/product\\\/gat03-aufnahme-spiel-dinosaurier\\\/\"]}]},{\"@type\":\"ImageObject\",\"inLanguage\":\"de\",\"@id\":\"https:\\\/\\\/glassouse.com\\\/de\\\/product\\\/gat03-aufnahme-spiel-dinosaurier\\\/#primaryimage\",\"url\":\"https:\\\/\\\/glassouse.com\\\/wp-content\\\/uploads\\\/2020\\\/08\\\/Record-and-Play-Dinosaur-2.jpg\",\"contentUrl\":\"https:\\\/\\\/glassouse.com\\\/wp-content\\\/uploads\\\/2020\\\/08\\\/Record-and-Play-Dinosaur-2.jpg\",\"width\":1000,\"height\":1000,\"caption\":\"Dinosaurier aufnehmen und spielen\"},{\"@type\":\"BreadcrumbList\",\"@id\":\"https:\\\/\\\/glassouse.com\\\/de\\\/product\\\/gat03-aufnahme-spiel-dinosaurier\\\/#breadcrumb\",\"itemListElement\":[{\"@type\":\"ListItem\",\"position\":1,\"name\":\"Home\",\"item\":\"https:\\\/\\\/glassouse.com\\\/de\\\/startseite\\\/\"},{\"@type\":\"ListItem\",\"position\":2,\"name\":\"Shop\",\"item\":\"https:\\\/\\\/glassouse.com\\\/de\\\/shop\\\/\"},{\"@type\":\"ListItem\",\"position\":3,\"name\":\"GAT03 Aufnahme &amp; Spiel Dinosaurier\"}]},{\"@type\":\"WebSite\",\"@id\":\"https:\\\/\\\/glassouse.com\\\/de\\\/#website\",\"url\":\"https:\\\/\\\/glassouse.com\\\/de\\\/\",\"name\":\"Glassouse Assistive Device\",\"description\":\"Assistive Device and Switches for Disabled\",\"publisher\":{\"@id\":\"https:\\\/\\\/glassouse.com\\\/de\\\/#organization\"},\"potentialAction\":[{\"@type\":\"SearchAction\",\"target\":{\"@type\":\"EntryPoint\",\"urlTemplate\":\"https:\\\/\\\/glassouse.com\\\/de\\\/?s={search_term_string}\"},\"query-input\":{\"@type\":\"PropertyValueSpecification\",\"valueRequired\":true,\"valueName\":\"search_term_string\"}}],\"inLanguage\":\"de\"},{\"@type\":\"Organization\",\"@id\":\"https:\\\/\\\/glassouse.com\\\/de\\\/#organization\",\"name\":\"GlassOuse Assistive Device\",\"url\":\"https:\\\/\\\/glassouse.com\\\/de\\\/\",\"logo\":{\"@type\":\"ImageObject\",\"inLanguage\":\"de\",\"@id\":\"https:\\\/\\\/glassouse.com\\\/de\\\/#\\\/schema\\\/logo\\\/image\\\/\",\"url\":\"https:\\\/\\\/glassouse.com\\\/wp-content\\\/uploads\\\/2017\\\/11\\\/logo.jpg\",\"contentUrl\":\"https:\\\/\\\/glassouse.com\\\/wp-content\\\/uploads\\\/2017\\\/11\\\/logo.jpg\",\"width\":500,\"height\":500,\"caption\":\"GlassOuse Assistive Device\"},\"image\":{\"@id\":\"https:\\\/\\\/glassouse.com\\\/de\\\/#\\\/schema\\\/logo\\\/image\\\/\"},\"sameAs\":[\"https:\\\/\\\/www.facebook.com\\\/glassouse\\\/\",\"https:\\\/\\\/x.com\\\/glassouse\",\"https:\\\/\\\/www.instagram.com\\\/glassouseassistivedevice\\\/\",\"https:\\\/\\\/www.linkedin.com\\\/company\\\/glassouse\\\/\",\"https:\\\/\\\/www.youtube.com\\\/channel\\\/UCM5pebcmVXbu00QYd91_Gyw\"]}]}<\/script>\n<!-- \/ Yoast SEO plugin. -->","yoast_head_json":{"title":"Record & Play Dinosaurier - Switch Adapted Toy | GlassOuse","description":"Kaufen Sie diesen anpassungsf\u00e4higen, durch Schalter aktivierten Aufnahme- und Spiel-Dinosaurier. Schlie\u00dfen Sie einen beliebigen 3,5-mm-Klinkenschalter an und spielen Sie mit dem Spielzeug. Geeignet f\u00fcr Kinder mit Behinderungen.","robots":{"index":"index","follow":"follow","max-snippet":"max-snippet:-1","max-image-preview":"max-image-preview:large","max-video-preview":"max-video-preview:-1"},"canonical":"https:\/\/glassouse.com\/de\/product\/gat03-aufnahme-spiel-dinosaurier\/","og_locale":"de_DE","og_type":"article","og_title":"Record & Play Dinosaurier - Switch Adapted Toy | GlassOuse","og_description":"Kaufen Sie diesen anpassungsf\u00e4higen, durch Schalter aktivierten Aufnahme- und Spiel-Dinosaurier. Schlie\u00dfen Sie einen beliebigen 3,5-mm-Klinkenschalter an und spielen Sie mit dem Spielzeug. Geeignet f\u00fcr Kinder mit Behinderungen.","og_url":"https:\/\/glassouse.com\/de\/product\/gat03-aufnahme-spiel-dinosaurier\/","og_site_name":"Glassouse Assistive Device","article_publisher":"https:\/\/www.facebook.com\/glassouse\/","og_image":[{"width":1000,"height":1000,"url":"https:\/\/glassouse.com\/wp-content\/uploads\/2020\/08\/Record-and-Play-Dinosaur-2.jpg","type":"image\/jpeg"}],"twitter_card":"summary_large_image","twitter_site":"@glassouse","schema":{"@context":"https:\/\/schema.org","@graph":[{"@type":"WebPage","@id":"https:\/\/glassouse.com\/de\/product\/gat03-aufnahme-spiel-dinosaurier\/","url":"https:\/\/glassouse.com\/de\/product\/gat03-aufnahme-spiel-dinosaurier\/","name":"Record & Play Dinosaurier - Switch Adapted Toy | GlassOuse","isPartOf":{"@id":"https:\/\/glassouse.com\/de\/#website"},"primaryImageOfPage":{"@id":"https:\/\/glassouse.com\/de\/product\/gat03-aufnahme-spiel-dinosaurier\/#primaryimage"},"image":{"@id":"https:\/\/glassouse.com\/de\/product\/gat03-aufnahme-spiel-dinosaurier\/#primaryimage"},"thumbnailUrl":"https:\/\/glassouse.com\/wp-content\/uploads\/2020\/08\/Record-and-Play-Dinosaur-2.jpg","datePublished":"2020-08-14T09:50:51+00:00","description":"Kaufen Sie diesen anpassungsf\u00e4higen, durch Schalter aktivierten Aufnahme- und Spiel-Dinosaurier. Schlie\u00dfen Sie einen beliebigen 3,5-mm-Klinkenschalter an und spielen Sie mit dem Spielzeug. Geeignet f\u00fcr Kinder mit Behinderungen.","breadcrumb":{"@id":"https:\/\/glassouse.com\/de\/product\/gat03-aufnahme-spiel-dinosaurier\/#breadcrumb"},"inLanguage":"de","potentialAction":[{"@type":"ReadAction","target":["https:\/\/glassouse.com\/de\/product\/gat03-aufnahme-spiel-dinosaurier\/"]}]},{"@type":"ImageObject","inLanguage":"de","@id":"https:\/\/glassouse.com\/de\/product\/gat03-aufnahme-spiel-dinosaurier\/#primaryimage","url":"https:\/\/glassouse.com\/wp-content\/uploads\/2020\/08\/Record-and-Play-Dinosaur-2.jpg","contentUrl":"https:\/\/glassouse.com\/wp-content\/uploads\/2020\/08\/Record-and-Play-Dinosaur-2.jpg","width":1000,"height":1000,"caption":"Dinosaurier aufnehmen und spielen"},{"@type":"BreadcrumbList","@id":"https:\/\/glassouse.com\/de\/product\/gat03-aufnahme-spiel-dinosaurier\/#breadcrumb","itemListElement":[{"@type":"ListItem","position":1,"name":"Home","item":"https:\/\/glassouse.com\/de\/startseite\/"},{"@type":"ListItem","position":2,"name":"Shop","item":"https:\/\/glassouse.com\/de\/shop\/"},{"@type":"ListItem","position":3,"name":"GAT03 Aufnahme &amp; Spiel Dinosaurier"}]},{"@type":"WebSite","@id":"https:\/\/glassouse.com\/de\/#website","url":"https:\/\/glassouse.com\/de\/","name":"Glassouse Assistive Device","description":"Assistive Device and Switches for Disabled","publisher":{"@id":"https:\/\/glassouse.com\/de\/#organization"},"potentialAction":[{"@type":"SearchAction","target":{"@type":"EntryPoint","urlTemplate":"https:\/\/glassouse.com\/de\/?s={search_term_string}"},"query-input":{"@type":"PropertyValueSpecification","valueRequired":true,"valueName":"search_term_string"}}],"inLanguage":"de"},{"@type":"Organization","@id":"https:\/\/glassouse.com\/de\/#organization","name":"GlassOuse Assistive Device","url":"https:\/\/glassouse.com\/de\/","logo":{"@type":"ImageObject","inLanguage":"de","@id":"https:\/\/glassouse.com\/de\/#\/schema\/logo\/image\/","url":"https:\/\/glassouse.com\/wp-content\/uploads\/2017\/11\/logo.jpg","contentUrl":"https:\/\/glassouse.com\/wp-content\/uploads\/2017\/11\/logo.jpg","width":500,"height":500,"caption":"GlassOuse Assistive Device"},"image":{"@id":"https:\/\/glassouse.com\/de\/#\/schema\/logo\/image\/"},"sameAs":["https:\/\/www.facebook.com\/glassouse\/","https:\/\/x.com\/glassouse","https:\/\/www.instagram.com\/glassouseassistivedevice\/","https:\/\/www.linkedin.com\/company\/glassouse\/","https:\/\/www.youtube.com\/channel\/UCM5pebcmVXbu00QYd91_Gyw"]}]}},"_links":{"self":[{"href":"https:\/\/glassouse.com\/de\/wp-json\/wp\/v2\/product\/36587","targetHints":{"allow":["GET"]}}],"collection":[{"href":"https:\/\/glassouse.com\/de\/wp-json\/wp\/v2\/product"}],"about":[{"href":"https:\/\/glassouse.com\/de\/wp-json\/wp\/v2\/types\/product"}],"wp:featuredmedia":[{"embeddable":true,"href":"https:\/\/glassouse.com\/de\/wp-json\/wp\/v2\/media\/36627"}],"wp:attachment":[{"href":"https:\/\/glassouse.com\/de\/wp-json\/wp\/v2\/media?parent=36587"}],"wp:term":[{"taxonomy":"product_brand","embeddable":true,"href":"https:\/\/glassouse.com\/de\/wp-json\/wp\/v2\/product_brand?post=36587"},{"taxonomy":"product_cat","embeddable":true,"href":"https:\/\/glassouse.com\/de\/wp-json\/wp\/v2\/product_cat?post=36587"},{"taxonomy":"product_tag","embeddable":true,"href":"https:\/\/glassouse.com\/de\/wp-json\/wp\/v2\/product_tag?post=36587"}],"curies":[{"name":"wp","href":"https:\/\/api.w.org\/{rel}","templated":true}]}}