{"id":36795,"date":"2020-08-14T17:57:59","date_gmt":"2020-08-14T09:57:59","guid":{"rendered":"https:\/\/glassouse.com\/product\/gat01-sing-tanz-sonnenblume\/"},"modified":"2020-08-14T17:57:59","modified_gmt":"2020-08-14T09:57:59","slug":"gat01-sing-tanz-sonnenblume","status":"publish","type":"product","link":"https:\/\/glassouse.com\/de\/product\/gat01-sing-tanz-sonnenblume\/","title":{"rendered":"GAT01 Sing &amp; Tanz Sonnenblume"},"content":{"rendered":"","protected":false},"excerpt":{"rendered":"<h4>SINGENDE SONNENBLUME &#8211; GAT01<\/h4>\n<p>1x Dance &amp; Sing Sunflower Toy mit 3,5 mm Klinkenanschluss<br \/>\n1x Benutzerhandbuch<\/p>\n<p><a href=\"https:\/\/glassouse.com\/de\/geld-zurueck-garantie\/\"><img decoding=\"async\" class=\"alignnone wp-image-1817\" src=\"https:\/\/glassouse.com\/wp-content\/uploads\/2017\/11\/15_Day_Money_Back_47882ccb-f31c-4b58-ab77-9b78929009ef_grande.png\" alt=\"\" width=\"95\" height=\"95\" srcset=\"https:\/\/glassouse.com\/wp-content\/uploads\/2017\/11\/15_Day_Money_Back_47882ccb-f31c-4b58-ab77-9b78929009ef_grande.png 150w, https:\/\/glassouse.com\/wp-content\/uploads\/2017\/11\/15_Day_Money_Back_47882ccb-f31c-4b58-ab77-9b78929009ef_grande-100x100.png 100w, https:\/\/glassouse.com\/wp-content\/uploads\/2017\/11\/15_Day_Money_Back_47882ccb-f31c-4b58-ab77-9b78929009ef_grande-75x75.png 75w\" sizes=\"(max-width: 95px) 100vw, 95px\" \/><\/a>   <img decoding=\"async\" class=\"alignnone wp-image-3424\" src=\"https:\/\/glassouse.com\/wp-content\/uploads\/2020\/08\/A4.png\" alt=\"GlassOuse-Garantie\" width=\"95\" height=\"95\" srcset=\"https:\/\/glassouse.com\/wp-content\/uploads\/2020\/08\/A4.png 345w, https:\/\/glassouse.com\/wp-content\/uploads\/2020\/08\/A4-300x299.png 300w, https:\/\/glassouse.com\/wp-content\/uploads\/2020\/08\/A4-100x100.png 100w, https:\/\/glassouse.com\/wp-content\/uploads\/2020\/08\/A4-150x150.png 150w\" sizes=\"(max-width: 95px) 100vw, 95px\" \/><\/p>\n<p><strong>FUNKTION: <\/strong>Er spielt und tanzt zu 24 verschiedenen Musikst\u00fccken, die \u00fcber einen angeschlossenen Schalter gesteuert werden k\u00f6nnen.<\/p>\n<p><strong>SPEZIFIKATION:<\/strong><br \/>\n<strong>L\u00e4nge:<\/strong> 30cm<br \/>\n<strong>Material:<\/strong> Superweicher Pl\u00fcsch<br \/>\n<strong>F\u00fcllung:<\/strong> Umweltfreundliche 3D PP-Baumwolle<br \/>\n<strong>Stromversorgung:<\/strong> 3x AA Batterie<\/p>\n<p><strong>ANLEITUNG:<\/strong><\/p>\n<ol>\n<li>Verbinden Sie den 3,5-mm-Klinkenadapter Ihrer Wahl mit dem Spielzeug.<\/li>\n<li>Um zu SPIELEN, dr\u00fccken Sie den Schalter und das Spielzeug beginnt zu tanzen und zu singen.<\/li>\n<li>Um die Musik zu wechseln, aktivieren Sie den Schalter erneut.<\/li>\n<li>Um zu STOPPEN, dr\u00fccken Sie den Schalter erneut.<\/li>\n<\/ol>\n<p><strong><em>*Schalter separat erh\u00e4ltlich<\/em><\/strong><\/p>\n<p>_________________________________________________________________________________________________________<\/p>\n","protected":false},"featured_media":36815,"template":"","meta":{"_acf_changed":false},"product_brand":[],"product_cat":[334],"product_tag":[336,337,338,339],"class_list":{"0":"post-36795","1":"product","2":"type-product","3":"status-publish","4":"has-post-thumbnail","6":"product_cat-glassouse-spielzeug","7":"product_tag-schalter-angepasstes-spielzeug","8":"product_tag-angepasstes-spielzeug","9":"product_tag-spielzeug-fur-besondere-bedurfnisse","10":"product_tag-spielzeug-fur-behinderte-kinder","11":"product_shipping_class-spielzeug","13":"first","14":"instock","15":"shipping-taxable","16":"purchasable","17":"product-type-simple"},"acf":[],"yoast_head":"<!-- This site is optimized with the Yoast SEO plugin v27.4 - https:\/\/yoast.com\/product\/yoast-seo-wordpress\/ -->\n<title>GAT01 Sing &amp; Tanz Sonnenblume - Glassouse Assistive Device<\/title>\n<meta name=\"robots\" content=\"index, follow, max-snippet:-1, max-image-preview:large, max-video-preview:-1\" \/>\n<link rel=\"canonical\" href=\"https:\/\/glassouse.com\/de\/product\/gat01-sing-tanz-sonnenblume\/\" \/>\n<meta property=\"og:locale\" content=\"de_DE\" \/>\n<meta property=\"og:type\" content=\"article\" \/>\n<meta property=\"og:title\" content=\"GAT01 Sing &amp; Tanz Sonnenblume - Glassouse Assistive Device\" \/>\n<meta property=\"og:description\" content=\"SINGENDE SONNENBLUME - GAT01 1x Dance &amp; Sing Sunflower Toy mit 3,5 mm Klinkenanschluss 1x Benutzerhandbuch    FUNKTION: Er spielt und tanzt zu 24 verschiedenen Musikst\u00fccken, die \u00fcber einen angeschlossenen Schalter gesteuert werden k\u00f6nnen. SPEZIFIKATION: L\u00e4nge: 30cm Material: Superweicher Pl\u00fcsch F\u00fcllung: Umweltfreundliche 3D PP-Baumwolle Stromversorgung: 3x AA Batterie ANLEITUNG:  Verbinden Sie den 3,5-mm-Klinkenadapter Ihrer Wahl mit dem Spielzeug.  Um zu SPIELEN, dr\u00fccken Sie den Schalter und das Spielzeug beginnt zu tanzen und zu singen.  Um die Musik zu wechseln, aktivieren Sie den Schalter erneut.  Um zu STOPPEN, dr\u00fccken Sie den Schalter erneut. *Schalter separat erh\u00e4ltlich _________________________________________________________________________________________________________\" \/>\n<meta property=\"og:url\" content=\"https:\/\/glassouse.com\/de\/product\/gat01-sing-tanz-sonnenblume\/\" \/>\n<meta property=\"og:site_name\" content=\"Glassouse Assistive Device\" \/>\n<meta property=\"article:publisher\" content=\"https:\/\/www.facebook.com\/glassouse\/\" \/>\n<meta property=\"og:image\" content=\"https:\/\/glassouse.com\/wp-content\/uploads\/2020\/08\/GlassOuse-Toy-Sing-Dance-Sunflower-.jpg\" \/>\n\t<meta property=\"og:image:width\" content=\"2000\" \/>\n\t<meta property=\"og:image:height\" content=\"2000\" \/>\n\t<meta property=\"og:image:type\" content=\"image\/jpeg\" \/>\n<meta name=\"twitter:card\" content=\"summary_large_image\" \/>\n<meta name=\"twitter:site\" content=\"@glassouse\" \/>\n<script type=\"application\/ld+json\" class=\"yoast-schema-graph\">{\"@context\":\"https:\\\/\\\/schema.org\",\"@graph\":[{\"@type\":\"WebPage\",\"@id\":\"https:\\\/\\\/glassouse.com\\\/de\\\/product\\\/gat01-sing-tanz-sonnenblume\\\/\",\"url\":\"https:\\\/\\\/glassouse.com\\\/de\\\/product\\\/gat01-sing-tanz-sonnenblume\\\/\",\"name\":\"GAT01 Sing &amp; Tanz Sonnenblume - Glassouse Assistive Device\",\"isPartOf\":{\"@id\":\"https:\\\/\\\/glassouse.com\\\/de\\\/#website\"},\"primaryImageOfPage\":{\"@id\":\"https:\\\/\\\/glassouse.com\\\/de\\\/product\\\/gat01-sing-tanz-sonnenblume\\\/#primaryimage\"},\"image\":{\"@id\":\"https:\\\/\\\/glassouse.com\\\/de\\\/product\\\/gat01-sing-tanz-sonnenblume\\\/#primaryimage\"},\"thumbnailUrl\":\"https:\\\/\\\/glassouse.com\\\/wp-content\\\/uploads\\\/2020\\\/08\\\/GlassOuse-Toy-Sing-Dance-Sunflower-.jpg\",\"datePublished\":\"2020-08-14T09:57:59+00:00\",\"breadcrumb\":{\"@id\":\"https:\\\/\\\/glassouse.com\\\/de\\\/product\\\/gat01-sing-tanz-sonnenblume\\\/#breadcrumb\"},\"inLanguage\":\"de\",\"potentialAction\":[{\"@type\":\"ReadAction\",\"target\":[\"https:\\\/\\\/glassouse.com\\\/de\\\/product\\\/gat01-sing-tanz-sonnenblume\\\/\"]}]},{\"@type\":\"ImageObject\",\"inLanguage\":\"de\",\"@id\":\"https:\\\/\\\/glassouse.com\\\/de\\\/product\\\/gat01-sing-tanz-sonnenblume\\\/#primaryimage\",\"url\":\"https:\\\/\\\/glassouse.com\\\/wp-content\\\/uploads\\\/2020\\\/08\\\/GlassOuse-Toy-Sing-Dance-Sunflower-.jpg\",\"contentUrl\":\"https:\\\/\\\/glassouse.com\\\/wp-content\\\/uploads\\\/2020\\\/08\\\/GlassOuse-Toy-Sing-Dance-Sunflower-.jpg\",\"width\":2000,\"height\":2000,\"caption\":\"GlassOuse Toy - Sing &amp; Tanz Sonnenblume\"},{\"@type\":\"BreadcrumbList\",\"@id\":\"https:\\\/\\\/glassouse.com\\\/de\\\/product\\\/gat01-sing-tanz-sonnenblume\\\/#breadcrumb\",\"itemListElement\":[{\"@type\":\"ListItem\",\"position\":1,\"name\":\"Home\",\"item\":\"https:\\\/\\\/glassouse.com\\\/de\\\/startseite\\\/\"},{\"@type\":\"ListItem\",\"position\":2,\"name\":\"Shop\",\"item\":\"https:\\\/\\\/glassouse.com\\\/de\\\/shop\\\/\"},{\"@type\":\"ListItem\",\"position\":3,\"name\":\"GAT01 Sing &amp; Tanz Sonnenblume\"}]},{\"@type\":\"WebSite\",\"@id\":\"https:\\\/\\\/glassouse.com\\\/de\\\/#website\",\"url\":\"https:\\\/\\\/glassouse.com\\\/de\\\/\",\"name\":\"Glassouse Assistive Device\",\"description\":\"Assistive Device and Switches for Disabled\",\"publisher\":{\"@id\":\"https:\\\/\\\/glassouse.com\\\/de\\\/#organization\"},\"potentialAction\":[{\"@type\":\"SearchAction\",\"target\":{\"@type\":\"EntryPoint\",\"urlTemplate\":\"https:\\\/\\\/glassouse.com\\\/de\\\/?s={search_term_string}\"},\"query-input\":{\"@type\":\"PropertyValueSpecification\",\"valueRequired\":true,\"valueName\":\"search_term_string\"}}],\"inLanguage\":\"de\"},{\"@type\":\"Organization\",\"@id\":\"https:\\\/\\\/glassouse.com\\\/de\\\/#organization\",\"name\":\"GlassOuse Assistive Device\",\"url\":\"https:\\\/\\\/glassouse.com\\\/de\\\/\",\"logo\":{\"@type\":\"ImageObject\",\"inLanguage\":\"de\",\"@id\":\"https:\\\/\\\/glassouse.com\\\/de\\\/#\\\/schema\\\/logo\\\/image\\\/\",\"url\":\"https:\\\/\\\/glassouse.com\\\/wp-content\\\/uploads\\\/2017\\\/11\\\/logo.jpg\",\"contentUrl\":\"https:\\\/\\\/glassouse.com\\\/wp-content\\\/uploads\\\/2017\\\/11\\\/logo.jpg\",\"width\":500,\"height\":500,\"caption\":\"GlassOuse Assistive Device\"},\"image\":{\"@id\":\"https:\\\/\\\/glassouse.com\\\/de\\\/#\\\/schema\\\/logo\\\/image\\\/\"},\"sameAs\":[\"https:\\\/\\\/www.facebook.com\\\/glassouse\\\/\",\"https:\\\/\\\/x.com\\\/glassouse\",\"https:\\\/\\\/www.instagram.com\\\/glassouseassistivedevice\\\/\",\"https:\\\/\\\/www.linkedin.com\\\/company\\\/glassouse\\\/\",\"https:\\\/\\\/www.youtube.com\\\/channel\\\/UCM5pebcmVXbu00QYd91_Gyw\"]}]}<\/script>\n<!-- \/ Yoast SEO plugin. -->","yoast_head_json":{"title":"GAT01 Sing &amp; Tanz Sonnenblume - Glassouse Assistive Device","robots":{"index":"index","follow":"follow","max-snippet":"max-snippet:-1","max-image-preview":"max-image-preview:large","max-video-preview":"max-video-preview:-1"},"canonical":"https:\/\/glassouse.com\/de\/product\/gat01-sing-tanz-sonnenblume\/","og_locale":"de_DE","og_type":"article","og_title":"GAT01 Sing &amp; Tanz Sonnenblume - Glassouse Assistive Device","og_description":"SINGENDE SONNENBLUME - GAT01 1x Dance &amp; Sing Sunflower Toy mit 3,5 mm Klinkenanschluss 1x Benutzerhandbuch    FUNKTION: Er spielt und tanzt zu 24 verschiedenen Musikst\u00fccken, die \u00fcber einen angeschlossenen Schalter gesteuert werden k\u00f6nnen. SPEZIFIKATION: L\u00e4nge: 30cm Material: Superweicher Pl\u00fcsch F\u00fcllung: Umweltfreundliche 3D PP-Baumwolle Stromversorgung: 3x AA Batterie ANLEITUNG:  Verbinden Sie den 3,5-mm-Klinkenadapter Ihrer Wahl mit dem Spielzeug.  Um zu SPIELEN, dr\u00fccken Sie den Schalter und das Spielzeug beginnt zu tanzen und zu singen.  Um die Musik zu wechseln, aktivieren Sie den Schalter erneut.  Um zu STOPPEN, dr\u00fccken Sie den Schalter erneut. *Schalter separat erh\u00e4ltlich _________________________________________________________________________________________________________","og_url":"https:\/\/glassouse.com\/de\/product\/gat01-sing-tanz-sonnenblume\/","og_site_name":"Glassouse Assistive Device","article_publisher":"https:\/\/www.facebook.com\/glassouse\/","og_image":[{"width":2000,"height":2000,"url":"https:\/\/glassouse.com\/wp-content\/uploads\/2020\/08\/GlassOuse-Toy-Sing-Dance-Sunflower-.jpg","type":"image\/jpeg"}],"twitter_card":"summary_large_image","twitter_site":"@glassouse","schema":{"@context":"https:\/\/schema.org","@graph":[{"@type":"WebPage","@id":"https:\/\/glassouse.com\/de\/product\/gat01-sing-tanz-sonnenblume\/","url":"https:\/\/glassouse.com\/de\/product\/gat01-sing-tanz-sonnenblume\/","name":"GAT01 Sing &amp; Tanz Sonnenblume - Glassouse Assistive Device","isPartOf":{"@id":"https:\/\/glassouse.com\/de\/#website"},"primaryImageOfPage":{"@id":"https:\/\/glassouse.com\/de\/product\/gat01-sing-tanz-sonnenblume\/#primaryimage"},"image":{"@id":"https:\/\/glassouse.com\/de\/product\/gat01-sing-tanz-sonnenblume\/#primaryimage"},"thumbnailUrl":"https:\/\/glassouse.com\/wp-content\/uploads\/2020\/08\/GlassOuse-Toy-Sing-Dance-Sunflower-.jpg","datePublished":"2020-08-14T09:57:59+00:00","breadcrumb":{"@id":"https:\/\/glassouse.com\/de\/product\/gat01-sing-tanz-sonnenblume\/#breadcrumb"},"inLanguage":"de","potentialAction":[{"@type":"ReadAction","target":["https:\/\/glassouse.com\/de\/product\/gat01-sing-tanz-sonnenblume\/"]}]},{"@type":"ImageObject","inLanguage":"de","@id":"https:\/\/glassouse.com\/de\/product\/gat01-sing-tanz-sonnenblume\/#primaryimage","url":"https:\/\/glassouse.com\/wp-content\/uploads\/2020\/08\/GlassOuse-Toy-Sing-Dance-Sunflower-.jpg","contentUrl":"https:\/\/glassouse.com\/wp-content\/uploads\/2020\/08\/GlassOuse-Toy-Sing-Dance-Sunflower-.jpg","width":2000,"height":2000,"caption":"GlassOuse Toy - Sing &amp; Tanz Sonnenblume"},{"@type":"BreadcrumbList","@id":"https:\/\/glassouse.com\/de\/product\/gat01-sing-tanz-sonnenblume\/#breadcrumb","itemListElement":[{"@type":"ListItem","position":1,"name":"Home","item":"https:\/\/glassouse.com\/de\/startseite\/"},{"@type":"ListItem","position":2,"name":"Shop","item":"https:\/\/glassouse.com\/de\/shop\/"},{"@type":"ListItem","position":3,"name":"GAT01 Sing &amp; Tanz Sonnenblume"}]},{"@type":"WebSite","@id":"https:\/\/glassouse.com\/de\/#website","url":"https:\/\/glassouse.com\/de\/","name":"Glassouse Assistive Device","description":"Assistive Device and Switches for Disabled","publisher":{"@id":"https:\/\/glassouse.com\/de\/#organization"},"potentialAction":[{"@type":"SearchAction","target":{"@type":"EntryPoint","urlTemplate":"https:\/\/glassouse.com\/de\/?s={search_term_string}"},"query-input":{"@type":"PropertyValueSpecification","valueRequired":true,"valueName":"search_term_string"}}],"inLanguage":"de"},{"@type":"Organization","@id":"https:\/\/glassouse.com\/de\/#organization","name":"GlassOuse Assistive Device","url":"https:\/\/glassouse.com\/de\/","logo":{"@type":"ImageObject","inLanguage":"de","@id":"https:\/\/glassouse.com\/de\/#\/schema\/logo\/image\/","url":"https:\/\/glassouse.com\/wp-content\/uploads\/2017\/11\/logo.jpg","contentUrl":"https:\/\/glassouse.com\/wp-content\/uploads\/2017\/11\/logo.jpg","width":500,"height":500,"caption":"GlassOuse Assistive Device"},"image":{"@id":"https:\/\/glassouse.com\/de\/#\/schema\/logo\/image\/"},"sameAs":["https:\/\/www.facebook.com\/glassouse\/","https:\/\/x.com\/glassouse","https:\/\/www.instagram.com\/glassouseassistivedevice\/","https:\/\/www.linkedin.com\/company\/glassouse\/","https:\/\/www.youtube.com\/channel\/UCM5pebcmVXbu00QYd91_Gyw"]}]}},"_links":{"self":[{"href":"https:\/\/glassouse.com\/de\/wp-json\/wp\/v2\/product\/36795","targetHints":{"allow":["GET"]}}],"collection":[{"href":"https:\/\/glassouse.com\/de\/wp-json\/wp\/v2\/product"}],"about":[{"href":"https:\/\/glassouse.com\/de\/wp-json\/wp\/v2\/types\/product"}],"wp:featuredmedia":[{"embeddable":true,"href":"https:\/\/glassouse.com\/de\/wp-json\/wp\/v2\/media\/36815"}],"wp:attachment":[{"href":"https:\/\/glassouse.com\/de\/wp-json\/wp\/v2\/media?parent=36795"}],"wp:term":[{"taxonomy":"product_brand","embeddable":true,"href":"https:\/\/glassouse.com\/de\/wp-json\/wp\/v2\/product_brand?post=36795"},{"taxonomy":"product_cat","embeddable":true,"href":"https:\/\/glassouse.com\/de\/wp-json\/wp\/v2\/product_cat?post=36795"},{"taxonomy":"product_tag","embeddable":true,"href":"https:\/\/glassouse.com\/de\/wp-json\/wp\/v2\/product_tag?post=36795"}],"curies":[{"name":"wp","href":"https:\/\/api.w.org\/{rel}","templated":true}]}}