{"id":26858,"date":"2018-04-09T12:47:45","date_gmt":"2018-04-09T04:47:45","guid":{"rendered":"https:\/\/glassouse.com\/garantia-de-devolucion-del-dinero\/"},"modified":"2026-04-27T16:55:13","modified_gmt":"2026-04-27T08:55:13","slug":"garantia-de-devolucion-del-dinero","status":"publish","type":"page","link":"https:\/\/glassouse.com\/es\/garantia-de-devolucion-del-dinero\/","title":{"rendered":"Garant\u00eda de devoluci\u00f3n del dinero"},"content":{"rendered":"<div class=\"wpb-content-wrapper\"><p>[vc_row row_height_percent=\u00bb0&#8243; overlay_alpha=\u00bb50&#8243; gutter_size=\u00bb3&#8243; column_width_percent=\u00bb100&#8243; shift_y=\u00bb0&#8243; z_index=\u00bb0&#8243; uncode_shortcode_id=\u00bb144508&#8243; css=\u00bb.vc_custom_1649004907143{padding-bottom: 0px !important;}\u00bb][vc_column column_width_percent=\u00bb100&#8243; gutter_size=\u00bb3&#8243; override_padding=\u00bbyes\u00bb column_padding=\u00bb1&#8243; overlay_alpha=\u00bb50&#8243; shift_x=\u00bb0&#8243; shift_y=\u00bb0&#8243; shift_y_down=\u00bb0&#8243; z_index=\u00bb0&#8243; medium_width=\u00bb0&#8243; mobile_width=\u00bb0&#8243; width=\u00bb1\/1&#8243; uncode_shortcode_id=\u00bb167546&#8243; css=\u00bb.vc_custom_1649004867867{padding-bottom: 0px !important;}\u00bb][vc_single_image media=\u00bb26860&#8243; media_width_percent=\u00bb100&#8243; alignment=\u00bbcenter\u00bb uncode_shortcode_id=\u00bb168334&#8243;][vc_column_text uncode_shortcode_id=\u00bb998297&#8243;]<\/p>\n<p><img decoding=\"async\" class=\"alignnone size-full wp-image-214 aligncenter\" src=\"https:\/\/glassouse.com\/wp-content\/uploads\/2017\/11\/black.png\" alt=\"\" width=\"100\" height=\"4\" srcset=\"https:\/\/glassouse.com\/wp-content\/uploads\/2017\/11\/black.png 100w, https:\/\/glassouse.com\/wp-content\/uploads\/2017\/11\/black-75x4.png 75w\" sizes=\"(max-width: 100px) 100vw, 100px\" \/>[\/vc_column_text][vc_column_text uncode_shortcode_id=\u00bb579978&#8243;]<\/p>\n<h4 style=\"text-align: center;\">Todos los productos GlassOuse incluyen 15 d\u00edas de prueba<\/h4>\n<p style=\"text-align: center;\">Despu\u00e9s de comprar en el sitio web, si cambias de opini\u00f3n y decides devolver el producto en un plazo de 15 d\u00edas (a partir del d\u00eda en que recibes el producto), puedes solicitar la devoluci\u00f3n y el reembolso.<\/p>\n<p>[\/vc_column_text][vc_column_text uncode_shortcode_id=\u00bb195375&#8243; css=\u00bb.vc_custom_1650349700527{padding-bottom: 0px !important;}\u00bb]<\/p>\n<h4><strong>C\u00f3mo devolver y obtener un reembolso<\/strong><\/h4>\n<ol>\n<li>Ponte en contacto con nuestro equipo de asistencia a trav\u00e9s del sitio web o por correo electr\u00f3nico &#8211; <a href=\"mailto:support@glassouse.com\">support@glassouse.com.<\/a> Indica tu n\u00famero de pedido y el motivo de la devoluci\u00f3n. <\/li>\n<li>Nuestro equipo te enviar\u00e1 las instrucciones de devoluci\u00f3n. Sigue esas instrucciones y env\u00eda de vuelta el producto con el embalaje original. Los gastos de env\u00edo de la devoluci\u00f3n correr\u00e1n de tu cuenta.<br \/>\n<strong>Nota:<\/strong> Aseg\u00farate de que el producto no est\u00e1 da\u00f1ado, ya que no se reembolsar\u00e1n los productos da\u00f1ados.<\/li>\n<li>Una vez recibida la mercanc\u00eda en nuestra sede, iniciaremos la devoluci\u00f3n en 7 d\u00edas.<\/li>\n<\/ol>\n<p>[\/vc_column_text][\/vc_column][\/vc_row][vc_row row_height_percent=\u00bb0&#8243; overlay_alpha=\u00bb50&#8243; gutter_size=\u00bb3&#8243; column_width_percent=\u00bb100&#8243; shift_y=\u00bb0&#8243; z_index=\u00bb0&#8243; uncode_shortcode_id=\u00bb420806&#8243; css=\u00bb.vc_custom_1649004922471{padding-top: 10px !important;}\u00bb][vc_column width=\u00bb1\/1&#8243;][vc_accordion active_tab=\u00bb0&#8243;][vc_accordion_tab title=\u00bb\u00bfTiene GlassOuse una pol\u00edtica de devoluciones?\u00bb tab_id=\u00bb083c16d9-ea7a-6&#8243;][vc_column_text]Todos los productos GlassOuse ofrecen un periodo de prueba de 15 d\u00edas a partir de la fecha de entrega. Puedes solicitar la devoluci\u00f3n de un art\u00edculo en el estado en que lo recibiste si cambias de opini\u00f3n.[\/vc_column_text][\/vc_accordion_tab][vc_accordion_tab title=\u00bb\u00bfPuedo devolver un art\u00edculo si lo he usado?\u00bb tab_id=\u00bbded89cbf-a994-7&#8243;][vc_column_text]Por supuesto. Pero todos los aparatos que se devuelvan deben carecer de fallos y defectos para obtener un reembolso completo.[\/vc_column_text][\/vc_accordion_tab][vc_accordion_tab title=\u00bb\u00bfQui\u00e9n paga los gastos de devoluci\u00f3n?\u00bb tab_id=\u00bb0928a723-1730-7&#8243;][vc_column_text]Aunque GlassOuse ofrece el reembolso \u00edntegro de los art\u00edculos, los gastos de env\u00edo de la devoluci\u00f3n corren a cargo del comprador.[\/vc_column_text][\/vc_accordion_tab][vc_accordion_tab title=\u00bb\u00bfCu\u00e1ndo recibir\u00e9 el reembolso?\u00bb tab_id=\u00bbdb439506-05f3-2&#8243;][vc_column_text]El pago del reembolso se realiza en 7 (siete) d\u00edas laborables despu\u00e9s de que el aparato devuelto se entregue en las condiciones en que se recibi\u00f3, es decir, sin fallos ni defectos. Nota: el importe del reembolso s\u00f3lo incluye el coste del aparato, pero no los gastos de env\u00edo.[\/vc_column_text][\/vc_accordion_tab][vc_accordion_tab gutter_size=\u00bb2&#8243; column_padding=\u00bb2&#8243; title=\u00bb\u00bfExiste una tasa de reembolso?\u00bb tab_id=\u00bb1650406264098-5-3&#8243;][vc_column_text uncode_shortcode_id=\u00bb142636&#8243;]Iniciaremos el reembolso de la totalidad del dinero que pagaste. Sin embargo, alrededor del 3,6-4% del pago total se deduce a trav\u00e9s de los sistemas de pago como comisi\u00f3n. Por ejemplo, si pagaste 100 $ durante la compra, te devolveremos unos 96 $.[\/vc_column_text][\/vc_accordion_tab][\/vc_accordion][\/vc_column][\/vc_row]<\/p>\n<\/div>","protected":false},"excerpt":{"rendered":"<p>[vc_row row_height_percent=\u00bb0&#8243; overlay_alpha=\u00bb50&#8243; gutter_size=\u00bb3&#8243; column_width_percent=\u00bb100&#8243; shift_y=\u00bb0&#8243; z_index=\u00bb0&#8243; uncode_shortcode_id=\u00bb144508&#8243; css=\u00bb.vc_custom_1649004907143{padding-bottom: 0px !important;}\u00bb][vc_column column_width_percent=\u00bb100&#8243; gutter_size=\u00bb3&#8243; override_padding=\u00bbyes\u00bb column_padding=\u00bb1&#8243; overlay_alpha=\u00bb50&#8243; shift_x=\u00bb0&#8243; shift_y=\u00bb0&#8243; shift_y_down=\u00bb0&#8243; z_index=\u00bb0&#8243; [&hellip;]<\/p>\n","protected":false},"author":1,"featured_media":0,"parent":0,"menu_order":24,"comment_status":"closed","ping_status":"closed","template":"","meta":{"_acf_changed":false,"footnotes":""},"class_list":["post-26858","page","type-page","status-publish","hentry"],"acf":[],"yoast_head":"<!-- This site is optimized with the Yoast SEO plugin v27.4 - https:\/\/yoast.com\/product\/yoast-seo-wordpress\/ -->\n<title>Garant\u00eda de devoluci\u00f3n del dinero - Glassouse Assistive Device<\/title>\n<meta name=\"description\" content=\"Prueba GlassOuse y la serie G-Switch durante 15 d\u00edas con el programa de Garant\u00eda de Devoluci\u00f3n del Dinero. Pide ahora tu dispositivo de asistencia de demostraci\u00f3n en cuesti\u00f3n de minutos.\" \/>\n<meta name=\"robots\" content=\"index, follow, max-snippet:-1, max-image-preview:large, max-video-preview:-1\" \/>\n<link rel=\"canonical\" href=\"https:\/\/glassouse.com\/es\/garantia-de-devolucion-del-dinero\/\" \/>\n<meta property=\"og:locale\" content=\"es_ES\" \/>\n<meta property=\"og:type\" content=\"article\" \/>\n<meta property=\"og:title\" content=\"Garant\u00eda de devoluci\u00f3n del dinero - Glassouse Assistive Device\" \/>\n<meta property=\"og:description\" content=\"Prueba GlassOuse y la serie G-Switch durante 15 d\u00edas con el programa de Garant\u00eda de Devoluci\u00f3n del Dinero. Pide ahora tu dispositivo de asistencia de demostraci\u00f3n en cuesti\u00f3n de minutos.\" \/>\n<meta property=\"og:url\" content=\"https:\/\/glassouse.com\/es\/garantia-de-devolucion-del-dinero\/\" \/>\n<meta property=\"og:site_name\" content=\"Glassouse Assistive Device\" \/>\n<meta property=\"article:publisher\" content=\"https:\/\/www.facebook.com\/glassouse\/\" \/>\n<meta property=\"article:modified_time\" content=\"2026-04-27T08:55:13+00:00\" \/>\n<meta property=\"og:image\" content=\"https:\/\/glassouse.com\/wp-content\/uploads\/2017\/11\/black.png\" \/>\n\t<meta property=\"og:image:width\" content=\"100\" \/>\n\t<meta property=\"og:image:height\" content=\"4\" \/>\n\t<meta property=\"og:image:type\" content=\"image\/png\" \/>\n<meta name=\"twitter:card\" content=\"summary_large_image\" \/>\n<meta name=\"twitter:site\" content=\"@glassouse\" \/>\n<meta name=\"twitter:label1\" content=\"Tiempo de lectura\" \/>\n\t<meta name=\"twitter:data1\" content=\"3 minutos\" \/>\n<script type=\"application\/ld+json\" class=\"yoast-schema-graph\">{\"@context\":\"https:\\\/\\\/schema.org\",\"@graph\":[{\"@type\":\"WebPage\",\"@id\":\"https:\\\/\\\/glassouse.com\\\/es\\\/garantia-de-devolucion-del-dinero\\\/\",\"url\":\"https:\\\/\\\/glassouse.com\\\/es\\\/garantia-de-devolucion-del-dinero\\\/\",\"name\":\"Garant\u00eda de devoluci\u00f3n del dinero - Glassouse Assistive Device\",\"isPartOf\":{\"@id\":\"https:\\\/\\\/glassouse.com\\\/es\\\/#website\"},\"primaryImageOfPage\":{\"@id\":\"https:\\\/\\\/glassouse.com\\\/es\\\/garantia-de-devolucion-del-dinero\\\/#primaryimage\"},\"image\":{\"@id\":\"https:\\\/\\\/glassouse.com\\\/es\\\/garantia-de-devolucion-del-dinero\\\/#primaryimage\"},\"thumbnailUrl\":\"https:\\\/\\\/glassouse.com\\\/wp-content\\\/uploads\\\/2017\\\/11\\\/black.png\",\"datePublished\":\"2018-04-09T04:47:45+00:00\",\"dateModified\":\"2026-04-27T08:55:13+00:00\",\"description\":\"Prueba GlassOuse y la serie G-Switch durante 15 d\u00edas con el programa de Garant\u00eda de Devoluci\u00f3n del Dinero. Pide ahora tu dispositivo de asistencia de demostraci\u00f3n en cuesti\u00f3n de minutos.\",\"breadcrumb\":{\"@id\":\"https:\\\/\\\/glassouse.com\\\/es\\\/garantia-de-devolucion-del-dinero\\\/#breadcrumb\"},\"inLanguage\":\"es\",\"potentialAction\":[{\"@type\":\"ReadAction\",\"target\":[\"https:\\\/\\\/glassouse.com\\\/es\\\/garantia-de-devolucion-del-dinero\\\/\"]}]},{\"@type\":\"ImageObject\",\"inLanguage\":\"es\",\"@id\":\"https:\\\/\\\/glassouse.com\\\/es\\\/garantia-de-devolucion-del-dinero\\\/#primaryimage\",\"url\":\"https:\\\/\\\/glassouse.com\\\/wp-content\\\/uploads\\\/2017\\\/11\\\/black.png\",\"contentUrl\":\"https:\\\/\\\/glassouse.com\\\/wp-content\\\/uploads\\\/2017\\\/11\\\/black.png\"},{\"@type\":\"BreadcrumbList\",\"@id\":\"https:\\\/\\\/glassouse.com\\\/es\\\/garantia-de-devolucion-del-dinero\\\/#breadcrumb\",\"itemListElement\":[{\"@type\":\"ListItem\",\"position\":1,\"name\":\"Home\",\"item\":\"https:\\\/\\\/glassouse.com\\\/es\\\/inicio\\\/\"},{\"@type\":\"ListItem\",\"position\":2,\"name\":\"Garant\u00eda de devoluci\u00f3n del dinero\"}]},{\"@type\":\"WebSite\",\"@id\":\"https:\\\/\\\/glassouse.com\\\/es\\\/#website\",\"url\":\"https:\\\/\\\/glassouse.com\\\/es\\\/\",\"name\":\"Glassouse Assistive Device\",\"description\":\"Assistive Device and Switches for Disabled\",\"publisher\":{\"@id\":\"https:\\\/\\\/glassouse.com\\\/es\\\/#organization\"},\"potentialAction\":[{\"@type\":\"SearchAction\",\"target\":{\"@type\":\"EntryPoint\",\"urlTemplate\":\"https:\\\/\\\/glassouse.com\\\/es\\\/?s={search_term_string}\"},\"query-input\":{\"@type\":\"PropertyValueSpecification\",\"valueRequired\":true,\"valueName\":\"search_term_string\"}}],\"inLanguage\":\"es\"},{\"@type\":\"Organization\",\"@id\":\"https:\\\/\\\/glassouse.com\\\/es\\\/#organization\",\"name\":\"GlassOuse Assistive Device\",\"url\":\"https:\\\/\\\/glassouse.com\\\/es\\\/\",\"logo\":{\"@type\":\"ImageObject\",\"inLanguage\":\"es\",\"@id\":\"https:\\\/\\\/glassouse.com\\\/es\\\/#\\\/schema\\\/logo\\\/image\\\/\",\"url\":\"https:\\\/\\\/glassouse.com\\\/wp-content\\\/uploads\\\/2017\\\/11\\\/logo.jpg\",\"contentUrl\":\"https:\\\/\\\/glassouse.com\\\/wp-content\\\/uploads\\\/2017\\\/11\\\/logo.jpg\",\"width\":500,\"height\":500,\"caption\":\"GlassOuse Assistive Device\"},\"image\":{\"@id\":\"https:\\\/\\\/glassouse.com\\\/es\\\/#\\\/schema\\\/logo\\\/image\\\/\"},\"sameAs\":[\"https:\\\/\\\/www.facebook.com\\\/glassouse\\\/\",\"https:\\\/\\\/x.com\\\/glassouse\",\"https:\\\/\\\/www.instagram.com\\\/glassouseassistivedevice\\\/\",\"https:\\\/\\\/www.linkedin.com\\\/company\\\/glassouse\\\/\",\"https:\\\/\\\/www.youtube.com\\\/channel\\\/UCM5pebcmVXbu00QYd91_Gyw\"]}]}<\/script>\n<!-- \/ Yoast SEO plugin. -->","yoast_head_json":{"title":"Garant\u00eda de devoluci\u00f3n del dinero - Glassouse Assistive Device","description":"Prueba GlassOuse y la serie G-Switch durante 15 d\u00edas con el programa de Garant\u00eda de Devoluci\u00f3n del Dinero. Pide ahora tu dispositivo de asistencia de demostraci\u00f3n en cuesti\u00f3n de minutos.","robots":{"index":"index","follow":"follow","max-snippet":"max-snippet:-1","max-image-preview":"max-image-preview:large","max-video-preview":"max-video-preview:-1"},"canonical":"https:\/\/glassouse.com\/es\/garantia-de-devolucion-del-dinero\/","og_locale":"es_ES","og_type":"article","og_title":"Garant\u00eda de devoluci\u00f3n del dinero - Glassouse Assistive Device","og_description":"Prueba GlassOuse y la serie G-Switch durante 15 d\u00edas con el programa de Garant\u00eda de Devoluci\u00f3n del Dinero. Pide ahora tu dispositivo de asistencia de demostraci\u00f3n en cuesti\u00f3n de minutos.","og_url":"https:\/\/glassouse.com\/es\/garantia-de-devolucion-del-dinero\/","og_site_name":"Glassouse Assistive Device","article_publisher":"https:\/\/www.facebook.com\/glassouse\/","article_modified_time":"2026-04-27T08:55:13+00:00","og_image":[{"width":100,"height":4,"url":"https:\/\/glassouse.com\/wp-content\/uploads\/2017\/11\/black.png","type":"image\/png"}],"twitter_card":"summary_large_image","twitter_site":"@glassouse","twitter_misc":{"Tiempo de lectura":"3 minutos"},"schema":{"@context":"https:\/\/schema.org","@graph":[{"@type":"WebPage","@id":"https:\/\/glassouse.com\/es\/garantia-de-devolucion-del-dinero\/","url":"https:\/\/glassouse.com\/es\/garantia-de-devolucion-del-dinero\/","name":"Garant\u00eda de devoluci\u00f3n del dinero - Glassouse Assistive Device","isPartOf":{"@id":"https:\/\/glassouse.com\/es\/#website"},"primaryImageOfPage":{"@id":"https:\/\/glassouse.com\/es\/garantia-de-devolucion-del-dinero\/#primaryimage"},"image":{"@id":"https:\/\/glassouse.com\/es\/garantia-de-devolucion-del-dinero\/#primaryimage"},"thumbnailUrl":"https:\/\/glassouse.com\/wp-content\/uploads\/2017\/11\/black.png","datePublished":"2018-04-09T04:47:45+00:00","dateModified":"2026-04-27T08:55:13+00:00","description":"Prueba GlassOuse y la serie G-Switch durante 15 d\u00edas con el programa de Garant\u00eda de Devoluci\u00f3n del Dinero. Pide ahora tu dispositivo de asistencia de demostraci\u00f3n en cuesti\u00f3n de minutos.","breadcrumb":{"@id":"https:\/\/glassouse.com\/es\/garantia-de-devolucion-del-dinero\/#breadcrumb"},"inLanguage":"es","potentialAction":[{"@type":"ReadAction","target":["https:\/\/glassouse.com\/es\/garantia-de-devolucion-del-dinero\/"]}]},{"@type":"ImageObject","inLanguage":"es","@id":"https:\/\/glassouse.com\/es\/garantia-de-devolucion-del-dinero\/#primaryimage","url":"https:\/\/glassouse.com\/wp-content\/uploads\/2017\/11\/black.png","contentUrl":"https:\/\/glassouse.com\/wp-content\/uploads\/2017\/11\/black.png"},{"@type":"BreadcrumbList","@id":"https:\/\/glassouse.com\/es\/garantia-de-devolucion-del-dinero\/#breadcrumb","itemListElement":[{"@type":"ListItem","position":1,"name":"Home","item":"https:\/\/glassouse.com\/es\/inicio\/"},{"@type":"ListItem","position":2,"name":"Garant\u00eda de devoluci\u00f3n del dinero"}]},{"@type":"WebSite","@id":"https:\/\/glassouse.com\/es\/#website","url":"https:\/\/glassouse.com\/es\/","name":"Glassouse Assistive Device","description":"Assistive Device and Switches for Disabled","publisher":{"@id":"https:\/\/glassouse.com\/es\/#organization"},"potentialAction":[{"@type":"SearchAction","target":{"@type":"EntryPoint","urlTemplate":"https:\/\/glassouse.com\/es\/?s={search_term_string}"},"query-input":{"@type":"PropertyValueSpecification","valueRequired":true,"valueName":"search_term_string"}}],"inLanguage":"es"},{"@type":"Organization","@id":"https:\/\/glassouse.com\/es\/#organization","name":"GlassOuse Assistive Device","url":"https:\/\/glassouse.com\/es\/","logo":{"@type":"ImageObject","inLanguage":"es","@id":"https:\/\/glassouse.com\/es\/#\/schema\/logo\/image\/","url":"https:\/\/glassouse.com\/wp-content\/uploads\/2017\/11\/logo.jpg","contentUrl":"https:\/\/glassouse.com\/wp-content\/uploads\/2017\/11\/logo.jpg","width":500,"height":500,"caption":"GlassOuse Assistive Device"},"image":{"@id":"https:\/\/glassouse.com\/es\/#\/schema\/logo\/image\/"},"sameAs":["https:\/\/www.facebook.com\/glassouse\/","https:\/\/x.com\/glassouse","https:\/\/www.instagram.com\/glassouseassistivedevice\/","https:\/\/www.linkedin.com\/company\/glassouse\/","https:\/\/www.youtube.com\/channel\/UCM5pebcmVXbu00QYd91_Gyw"]}]}},"_links":{"self":[{"href":"https:\/\/glassouse.com\/es\/wp-json\/wp\/v2\/pages\/26858","targetHints":{"allow":["GET"]}}],"collection":[{"href":"https:\/\/glassouse.com\/es\/wp-json\/wp\/v2\/pages"}],"about":[{"href":"https:\/\/glassouse.com\/es\/wp-json\/wp\/v2\/types\/page"}],"author":[{"embeddable":true,"href":"https:\/\/glassouse.com\/es\/wp-json\/wp\/v2\/users\/1"}],"replies":[{"embeddable":true,"href":"https:\/\/glassouse.com\/es\/wp-json\/wp\/v2\/comments?post=26858"}],"version-history":[{"count":11,"href":"https:\/\/glassouse.com\/es\/wp-json\/wp\/v2\/pages\/26858\/revisions"}],"predecessor-version":[{"id":26943,"href":"https:\/\/glassouse.com\/es\/wp-json\/wp\/v2\/pages\/26858\/revisions\/26943"}],"wp:attachment":[{"href":"https:\/\/glassouse.com\/es\/wp-json\/wp\/v2\/media?parent=26858"}],"curies":[{"name":"wp","href":"https:\/\/api.w.org\/{rel}","templated":true}]}}