{"id":28058,"date":"2022-04-30T06:22:32","date_gmt":"2022-04-29T22:22:32","guid":{"rendered":"https:\/\/glassouse.com\/terminos-y-condiciones\/"},"modified":"2026-04-27T16:55:57","modified_gmt":"2026-04-27T08:55:57","slug":"terminos-y-condiciones","status":"publish","type":"page","link":"https:\/\/glassouse.com\/es\/terminos-y-condiciones\/","title":{"rendered":"T\u00e9rminos y condiciones"},"content":{"rendered":"<div class=\"wpb-content-wrapper\"><p>[vc_row][vc_column width=\u00bb1\/1&#8243;][vc_column_text uncode_shortcode_id=\u00bb202773&#8243;]<\/p>\n<h1>T\u00e9rminos y condiciones<\/h1>\n<p>\u00a1Bienvenido a Glassouse Assistive Device!<\/p>\n<p>Estos t\u00e9rminos y condiciones describen las normas y reglamentos de uso del sitio web de Ennopro Group Limited, ubicado en https:\/\/glassouse.com\/.<\/p>\n<p>Al acceder a este sitio web asumimos que aceptas estos t\u00e9rminos y condiciones. No sigas utilizando Glassouse Assistive Device si no est\u00e1s de acuerdo en aceptar todos los t\u00e9rminos y condiciones expuestos en esta p\u00e1gina. <\/p>\n<p>La siguiente terminolog\u00eda se aplica a estos T\u00e9rminos y Condiciones, Declaraci\u00f3n de Privacidad y Aviso de Exenci\u00f3n de Responsabilidad y a todos los Acuerdos: \u00abCliente\u00bb, \u00abT\u00fa\u00bb y \u00abTu\u00bb se refieren a ti, la persona que se registra en este sitio web y cumple los t\u00e9rminos y condiciones de la Empresa. \u00abLa Empresa\u00bb, \u00abNosotros\u00bb, \u00abNuestro\u00bb y \u00abNos\u00bb, se refiere a nuestra Empresa. \u00abParte\u00bb, \u00abPartes\u00bb o \u00abNosotros\u00bb, se refiere tanto al Cliente como a nosotros mismos. Todos los t\u00e9rminos se refieren a la oferta, aceptaci\u00f3n y contraprestaci\u00f3n de pago necesarias para llevar a cabo el proceso de nuestra asistencia al Cliente de la forma m\u00e1s adecuada con el fin expreso de satisfacer las necesidades del Cliente respecto a la prestaci\u00f3n de los servicios indicados de la Empresa, de conformidad con la legislaci\u00f3n vigente de los Pa\u00edses Bajos y con sujeci\u00f3n a la misma. Cualquier uso de la terminolog\u00eda anterior u otras palabras en singular, plural, may\u00fasculas y\/o \u00e9l\/ella o ellos, se consideran intercambiables y, por tanto, se refieren a lo mismo.    <\/p>\n<h3><strong>Cookies<\/strong><\/h3>\n<p>Empleamos el uso de cookies. Al acceder al Dispositivo de asistencia Glassouse, aceptas el uso de cookies de acuerdo con la Pol\u00edtica de privacidad de Ennopro Group Limited. <\/p>\n<p>La mayor\u00eda de los sitios web interactivos utilizan cookies para permitirnos recuperar los datos del usuario en cada visita. Nuestro sitio web utiliza cookies para permitir la funcionalidad de determinadas \u00e1reas y facilitar as\u00ed la visita a nuestro sitio web. Algunos de nuestros socios afiliados\/publicitarios tambi\u00e9n pueden utilizar cookies.  <\/p>\n<h3><strong>Licencia<\/strong><\/h3>\n<p>A menos que se indique lo contrario, Ennopro Group Limited y\/o sus licenciantes poseen los derechos de propiedad intelectual de todo el material del Dispositivo de Asistencia Glassouse. Todos los derechos de propiedad intelectual est\u00e1n reservados. Puedes acceder a \u00e9l desde el Dispositivo de Ayuda de Glassouse para tu uso personal sujeto a las restricciones establecidas en estos t\u00e9rminos y condiciones.  <\/p>\n<p>No debes hacerlo:<\/p>\n<ul>\n<li>Volver a publicar material de Dispositivo de asistencia Glassouse<\/li>\n<li>Vender, alquilar o sublicenciar material del Dispositivo de Asistencia Glassouse<\/li>\n<li>Reproducir, duplicar o copiar material del Dispositivo de Ayuda de Glassouse<\/li>\n<li>Redistribuir contenidos del Dispositivo de Ayuda Glassouse<\/li>\n<\/ul>\n<p>El presente Acuerdo comenzar\u00e1 en la fecha del mismo. Nuestros T\u00e9rminos y Condiciones fueron creados con la ayuda de la <a href=\"https:\/\/www.privacypolicies.com\/blog\/sample-terms-conditions-template\/\">Plantilla de T\u00e9rminos y Condiciones<\/a>. <\/p>\n<p>Algunas partes de este sitio web ofrecen a los usuarios la oportunidad de publicar e intercambiar opiniones e informaci\u00f3n en determinadas \u00e1reas del sitio web. Ennopro Group Limited no filtra, edita, publica ni revisa los Comentarios antes de su presencia en el sitio web. Los Comentarios no reflejan los puntos de vista y opiniones de Ennopro Group Limited, sus agentes y\/o afiliados. Los Comentarios reflejan los puntos de vista y opiniones de la persona que los publica. En la medida en que lo permitan las leyes aplicables, Ennopro Group Limited no ser\u00e1 responsable de los Comentarios ni de ninguna responsabilidad, da\u00f1os o gastos causados y\/o sufridos como resultado de cualquier uso y\/o publicaci\u00f3n y\/o aparici\u00f3n de los Comentarios en este sitio web.    <\/p>\n<p>Ennopro Group Limited se reserva el derecho a supervisar todos los Comentarios y a eliminar cualquier Comentario que pueda considerarse inapropiado, ofensivo o que suponga un incumplimiento de estos T\u00e9rminos y Condiciones.<\/p>\n<p>Garantizas y declaras que<\/p>\n<ul>\n<li>Tienes derecho a publicar los Comentarios en nuestro sitio web y dispones de todas las licencias y consentimientos necesarios para hacerlo;<\/li>\n<li>Los Comentarios no invaden ning\u00fan derecho de propiedad intelectual, incluyendo, sin limitaci\u00f3n, derechos de autor, patentes o marcas registradas de terceros;<\/li>\n<li>Los Comentarios no contienen ning\u00fan material difamatorio, calumnioso, ofensivo, indecente o ilegal que suponga una invasi\u00f3n de la intimidad<\/li>\n<li>Los Comentarios no se utilizar\u00e1n para solicitar o promocionar negocios o costumbres ni para presentar actividades comerciales o il\u00edcitas.<\/li>\n<\/ul>\n<p>Por la presente, concedes a Ennopro Group Limited una licencia no exclusiva para utilizar, reproducir, editar y autorizar a otros a utilizar, reproducir y editar cualquiera de tus Comentarios en todas y cada una de las formas, formatos o medios.<\/p>\n<h3><strong>Hiperv\u00ednculos a nuestro contenido<\/strong><\/h3>\n<p>Las siguientes organizaciones pueden enlazar con nuestro Sitio Web sin aprobaci\u00f3n previa por escrito:<\/p>\n<ul>\n<li>Agencias gubernamentales;<\/li>\n<li>Motores de b\u00fasqueda;<\/li>\n<li>Organizaciones de noticias;<\/li>\n<li>Los distribuidores de directorios en l\u00ednea pueden enlazar con nuestro Sitio Web del mismo modo que hiperenlazan con los Sitios Web de otras empresas incluidas en la lista; y<\/li>\n<li>Empresas acreditadas en todo el sistema, excepto organizaciones sin \u00e1nimo de lucro, centros comerciales ben\u00e9ficos y grupos de recaudaci\u00f3n de fondos ben\u00e9ficos que no pueden establecer hiperv\u00ednculos con nuestro sitio Web.<\/li>\n<\/ul>\n<p>Estas organizaciones pueden enlazar a nuestra p\u00e1gina de inicio, a publicaciones o a otra informaci\u00f3n del Sitio Web siempre que el enlace (a) no sea en modo alguno enga\u00f1oso; (b) no implique falsamente el patrocinio, respaldo o aprobaci\u00f3n de la parte enlazante y sus productos y\/o servicios; y (c) encaje en el contexto del sitio de la parte enlazante.   <\/p>\n<p>Podemos considerar y aprobar otras solicitudes de enlace de los siguientes tipos de organizaciones:<\/p>\n<ul>\n<li>fuentes de informaci\u00f3n de consumidores y\/o empresas com\u00fanmente conocidas;<\/li>\n<li>sitios de la comunidad punto.com;<\/li>\n<li>asociaciones u otros grupos que representen a organizaciones ben\u00e9ficas;<\/li>\n<li>distribuidores de directorios online;<\/li>\n<li>portales de internet;<\/li>\n<li>empresas de contabilidad, abogac\u00eda y consultor\u00eda<\/li>\n<li>instituciones educativas y asociaciones profesionales.<\/li>\n<\/ul>\n<p>Aprobaremos las solicitudes de enlace de estas organizaciones si decidimos que (a) el enlace no nos har\u00e1 quedar mal con nosotros mismos o con nuestras empresas acreditadas; (b) la organizaci\u00f3n no tiene ning\u00fan historial negativo con nosotros; (c) el beneficio para nosotros de la visibilidad del hiperenlace compensa la ausencia de Ennopro Group Limited; y (d) el enlace est\u00e1 en el contexto de la informaci\u00f3n general sobre recursos.    <\/p>\n<p>Estas organizaciones pueden enlazar con nuestra p\u00e1gina de inicio siempre que el enlace (a) no sea en modo alguno enga\u00f1oso; (b) no implique falsamente el patrocinio, respaldo o aprobaci\u00f3n de la parte enlazante y sus productos o servicios; y (c) se ajuste al contexto del sitio de la parte enlazante.   <\/p>\n<p>Si eres una de las organizaciones enumeradas en el apartado 2 anterior y est\u00e1s interesado en establecer un enlace con nuestro sitio Web, debes informarnos enviando un correo electr\u00f3nico a Ennopro Group Limited. Por favor, incluye tu nombre, el nombre de tu organizaci\u00f3n, informaci\u00f3n de contacto, as\u00ed como la URL de tu sitio, una lista de las URL desde las que pretendes enlazar a nuestro sitio Web y una lista de las URL de nuestro sitio a las que te gustar\u00eda enlazar. Espera 2-3 semanas a recibir una respuesta.  <\/p>\n<p>Las organizaciones autorizadas pueden establecer hiperenlaces con nuestro Sitio Web de la siguiente manera:<\/p>\n<ul>\n<li>Mediante el uso de nuestro nombre corporativo; o<\/li>\n<li>Mediante el uso del localizador uniforme de recursos al que se enlaza; o<\/li>\n<li>Mediante el uso de cualquier otra descripci\u00f3n de nuestro Sitio Web enlazado que tenga sentido dentro del contexto y el formato del contenido del sitio de la parte enlazadora.<\/li>\n<\/ul>\n<p>No se permitir\u00e1 el uso del logotipo u otras ilustraciones de Ennopro Group Limited para enlazar sin un acuerdo de licencia de marca comercial.<\/p>\n<h3><strong>iFrames<\/strong><\/h3>\n<p>Sin aprobaci\u00f3n previa y permiso por escrito, no puedes crear marcos alrededor de nuestras P\u00e1ginas Web que alteren en modo alguno la presentaci\u00f3n visual o la apariencia de nuestro Sitio Web.<\/p>\n<h3><strong>Responsabilidad por contenidos<\/strong><\/h3>\n<p>No seremos responsables de ning\u00fan contenido que aparezca en tu Sitio Web. Te comprometes a protegernos y defendernos frente a cualquier reclamaci\u00f3n que se plantee en tu Sitio Web. No deben aparecer enlaces en ning\u00fan Sitio Web que puedan interpretarse como difamatorios, obscenos o delictivos, o que infrinjan, violen de otro modo o propugnen la infracci\u00f3n u otra violaci\u00f3n de los derechos de terceros.  <\/p>\n<h3><strong>Tu intimidad<\/strong><\/h3>\n<p>Lee la Pol\u00edtica de privacidad<\/p>\n<h3><strong>Reserva de derechos<\/strong><\/h3>\n<p>Nos reservamos el derecho a solicitar que elimines todos los enlaces o cualquier enlace concreto a nuestro Sitio Web. Aceptas eliminar inmediatamente todos los enlaces a nuestro Sitio Web si as\u00ed se te solicita. Tambi\u00e9n nos reservamos el derecho a modificar estas condiciones y su pol\u00edtica de enlaces en cualquier momento. Al enlazar continuamente a nuestro Sitio Web, aceptas regirte por estos t\u00e9rminos y condiciones de enlace.   <\/p>\n<h3><strong>Eliminaci\u00f3n de enlaces de nuestro sitio web<\/strong><\/h3>\n<p>Si encuentras alg\u00fan enlace en nuestro Sitio Web que sea ofensivo por cualquier motivo, puedes ponerte en contacto con nosotros e informarnos en cualquier momento. Tendremos en cuenta las solicitudes de eliminaci\u00f3n de enlaces, pero no estamos obligados a ello ni a responderte directamente. <\/p>\n<p>No aseguramos que la informaci\u00f3n de este sitio web sea correcta, no garantizamos que est\u00e9 completa ni que sea exacta; tampoco prometemos que el sitio web siga estando disponible ni que el material del sitio web se mantenga actualizado.<\/p>\n<h3><strong>Descargo de responsabilidad<\/strong><\/h3>\n<p>En la medida m\u00e1xima permitida por la legislaci\u00f3n aplicable, excluimos todas las declaraciones, garant\u00edas y condiciones relativas a nuestro sitio web y al uso del mismo. Nada de lo contenido en esta cl\u00e1usula de exenci\u00f3n de responsabilidad <\/p>\n<ul>\n<li>limitar o excluir nuestra o tu responsabilidad por muerte o lesiones personales;<\/li>\n<li>limitar o excluir nuestra responsabilidad o la tuya por fraude o tergiversaci\u00f3n fraudulenta;<\/li>\n<li>limitar cualquiera de nuestras responsabilidades o las tuyas de cualquier forma que no est\u00e9 permitida por la legislaci\u00f3n aplicable; o<\/li>\n<li>excluir cualquiera de nuestras responsabilidades o de las tuyas que no puedan excluirse en virtud de la legislaci\u00f3n aplicable.<\/li>\n<\/ul>\n<p>Las limitaciones y prohibiciones de responsabilidad establecidas en esta Secci\u00f3n y en otras partes de esta cl\u00e1usula de exenci\u00f3n de responsabilidad: (a) est\u00e1n sujetas al p\u00e1rrafo anterior; y (b) rigen todas las responsabilidades derivadas de la cl\u00e1usula de exenci\u00f3n de responsabilidad, incluidas las responsabilidades contractuales, extracontractuales y por incumplimiento de obligaciones legales.  <\/p>\n<p>Mientras el sitio web y la informaci\u00f3n y los servicios del sitio web se proporcionen de forma gratuita, no seremos responsables de ninguna p\u00e9rdida o da\u00f1o de cualquier naturaleza.[\/vc_column_text][\/vc_column][\/vc_row]<\/p>\n<\/div>","protected":false},"excerpt":{"rendered":"<p>[vc_row][vc_column width=\u00bb1\/1&#8243;][vc_column_text uncode_shortcode_id=\u00bb202773&#8243;] T\u00e9rminos y condiciones \u00a1Bienvenido a Glassouse Assistive Device! Estos t\u00e9rminos y condiciones describen las normas y reglamentos [&hellip;]<\/p>\n","protected":false},"author":1,"featured_media":0,"parent":0,"menu_order":10,"comment_status":"closed","ping_status":"closed","template":"","meta":{"_acf_changed":false,"footnotes":""},"class_list":["post-28058","page","type-page","status-publish","hentry"],"acf":[],"yoast_head":"<!-- This site is optimized with the Yoast SEO plugin v27.4 - https:\/\/yoast.com\/product\/yoast-seo-wordpress\/ -->\n<title>T\u00e9rminos y condiciones - Glassouse Assistive Device<\/title>\n<meta name=\"robots\" content=\"index, follow, max-snippet:-1, max-image-preview:large, max-video-preview:-1\" \/>\n<link rel=\"canonical\" href=\"https:\/\/glassouse.com\/es\/terminos-y-condiciones\/\" \/>\n<meta property=\"og:locale\" content=\"es_ES\" \/>\n<meta property=\"og:type\" content=\"article\" \/>\n<meta property=\"og:title\" content=\"T\u00e9rminos y condiciones - Glassouse Assistive Device\" \/>\n<meta property=\"og:description\" content=\"[vc_row][vc_column width=\u00bb1\/1&#8243;][vc_column_text uncode_shortcode_id=\u00bb202773&#8243;] T\u00e9rminos y condiciones \u00a1Bienvenido a Glassouse Assistive Device! Estos t\u00e9rminos y condiciones describen las normas y reglamentos [&hellip;]\" \/>\n<meta property=\"og:url\" content=\"https:\/\/glassouse.com\/es\/terminos-y-condiciones\/\" \/>\n<meta property=\"og:site_name\" content=\"Glassouse Assistive Device\" \/>\n<meta property=\"article:publisher\" content=\"https:\/\/www.facebook.com\/glassouse\/\" \/>\n<meta property=\"article:modified_time\" content=\"2026-04-27T08:55:57+00:00\" \/>\n<meta name=\"twitter:card\" content=\"summary_large_image\" \/>\n<meta name=\"twitter:site\" content=\"@glassouse\" \/>\n<meta name=\"twitter:label1\" content=\"Tiempo de lectura\" \/>\n\t<meta name=\"twitter:data1\" content=\"9 minutos\" \/>\n<script type=\"application\/ld+json\" class=\"yoast-schema-graph\">{\"@context\":\"https:\\\/\\\/schema.org\",\"@graph\":[{\"@type\":\"WebPage\",\"@id\":\"https:\\\/\\\/glassouse.com\\\/es\\\/terminos-y-condiciones\\\/\",\"url\":\"https:\\\/\\\/glassouse.com\\\/es\\\/terminos-y-condiciones\\\/\",\"name\":\"T\u00e9rminos y condiciones - Glassouse Assistive Device\",\"isPartOf\":{\"@id\":\"https:\\\/\\\/glassouse.com\\\/es\\\/#website\"},\"datePublished\":\"2022-04-29T22:22:32+00:00\",\"dateModified\":\"2026-04-27T08:55:57+00:00\",\"breadcrumb\":{\"@id\":\"https:\\\/\\\/glassouse.com\\\/es\\\/terminos-y-condiciones\\\/#breadcrumb\"},\"inLanguage\":\"es\",\"potentialAction\":[{\"@type\":\"ReadAction\",\"target\":[\"https:\\\/\\\/glassouse.com\\\/es\\\/terminos-y-condiciones\\\/\"]}]},{\"@type\":\"BreadcrumbList\",\"@id\":\"https:\\\/\\\/glassouse.com\\\/es\\\/terminos-y-condiciones\\\/#breadcrumb\",\"itemListElement\":[{\"@type\":\"ListItem\",\"position\":1,\"name\":\"Home\",\"item\":\"https:\\\/\\\/glassouse.com\\\/es\\\/inicio\\\/\"},{\"@type\":\"ListItem\",\"position\":2,\"name\":\"T\u00e9rminos y condiciones\"}]},{\"@type\":\"WebSite\",\"@id\":\"https:\\\/\\\/glassouse.com\\\/es\\\/#website\",\"url\":\"https:\\\/\\\/glassouse.com\\\/es\\\/\",\"name\":\"Glassouse Assistive Device\",\"description\":\"Assistive Device and Switches for Disabled\",\"publisher\":{\"@id\":\"https:\\\/\\\/glassouse.com\\\/es\\\/#organization\"},\"potentialAction\":[{\"@type\":\"SearchAction\",\"target\":{\"@type\":\"EntryPoint\",\"urlTemplate\":\"https:\\\/\\\/glassouse.com\\\/es\\\/?s={search_term_string}\"},\"query-input\":{\"@type\":\"PropertyValueSpecification\",\"valueRequired\":true,\"valueName\":\"search_term_string\"}}],\"inLanguage\":\"es\"},{\"@type\":\"Organization\",\"@id\":\"https:\\\/\\\/glassouse.com\\\/es\\\/#organization\",\"name\":\"GlassOuse Assistive Device\",\"url\":\"https:\\\/\\\/glassouse.com\\\/es\\\/\",\"logo\":{\"@type\":\"ImageObject\",\"inLanguage\":\"es\",\"@id\":\"https:\\\/\\\/glassouse.com\\\/es\\\/#\\\/schema\\\/logo\\\/image\\\/\",\"url\":\"https:\\\/\\\/glassouse.com\\\/wp-content\\\/uploads\\\/2017\\\/11\\\/logo.jpg\",\"contentUrl\":\"https:\\\/\\\/glassouse.com\\\/wp-content\\\/uploads\\\/2017\\\/11\\\/logo.jpg\",\"width\":500,\"height\":500,\"caption\":\"GlassOuse Assistive Device\"},\"image\":{\"@id\":\"https:\\\/\\\/glassouse.com\\\/es\\\/#\\\/schema\\\/logo\\\/image\\\/\"},\"sameAs\":[\"https:\\\/\\\/www.facebook.com\\\/glassouse\\\/\",\"https:\\\/\\\/x.com\\\/glassouse\",\"https:\\\/\\\/www.instagram.com\\\/glassouseassistivedevice\\\/\",\"https:\\\/\\\/www.linkedin.com\\\/company\\\/glassouse\\\/\",\"https:\\\/\\\/www.youtube.com\\\/channel\\\/UCM5pebcmVXbu00QYd91_Gyw\"]}]}<\/script>\n<!-- \/ Yoast SEO plugin. -->","yoast_head_json":{"title":"T\u00e9rminos y condiciones - Glassouse Assistive Device","robots":{"index":"index","follow":"follow","max-snippet":"max-snippet:-1","max-image-preview":"max-image-preview:large","max-video-preview":"max-video-preview:-1"},"canonical":"https:\/\/glassouse.com\/es\/terminos-y-condiciones\/","og_locale":"es_ES","og_type":"article","og_title":"T\u00e9rminos y condiciones - Glassouse Assistive Device","og_description":"[vc_row][vc_column width=\u00bb1\/1&#8243;][vc_column_text uncode_shortcode_id=\u00bb202773&#8243;] T\u00e9rminos y condiciones \u00a1Bienvenido a Glassouse Assistive Device! Estos t\u00e9rminos y condiciones describen las normas y reglamentos [&hellip;]","og_url":"https:\/\/glassouse.com\/es\/terminos-y-condiciones\/","og_site_name":"Glassouse Assistive Device","article_publisher":"https:\/\/www.facebook.com\/glassouse\/","article_modified_time":"2026-04-27T08:55:57+00:00","twitter_card":"summary_large_image","twitter_site":"@glassouse","twitter_misc":{"Tiempo de lectura":"9 minutos"},"schema":{"@context":"https:\/\/schema.org","@graph":[{"@type":"WebPage","@id":"https:\/\/glassouse.com\/es\/terminos-y-condiciones\/","url":"https:\/\/glassouse.com\/es\/terminos-y-condiciones\/","name":"T\u00e9rminos y condiciones - Glassouse Assistive Device","isPartOf":{"@id":"https:\/\/glassouse.com\/es\/#website"},"datePublished":"2022-04-29T22:22:32+00:00","dateModified":"2026-04-27T08:55:57+00:00","breadcrumb":{"@id":"https:\/\/glassouse.com\/es\/terminos-y-condiciones\/#breadcrumb"},"inLanguage":"es","potentialAction":[{"@type":"ReadAction","target":["https:\/\/glassouse.com\/es\/terminos-y-condiciones\/"]}]},{"@type":"BreadcrumbList","@id":"https:\/\/glassouse.com\/es\/terminos-y-condiciones\/#breadcrumb","itemListElement":[{"@type":"ListItem","position":1,"name":"Home","item":"https:\/\/glassouse.com\/es\/inicio\/"},{"@type":"ListItem","position":2,"name":"T\u00e9rminos y condiciones"}]},{"@type":"WebSite","@id":"https:\/\/glassouse.com\/es\/#website","url":"https:\/\/glassouse.com\/es\/","name":"Glassouse Assistive Device","description":"Assistive Device and Switches for Disabled","publisher":{"@id":"https:\/\/glassouse.com\/es\/#organization"},"potentialAction":[{"@type":"SearchAction","target":{"@type":"EntryPoint","urlTemplate":"https:\/\/glassouse.com\/es\/?s={search_term_string}"},"query-input":{"@type":"PropertyValueSpecification","valueRequired":true,"valueName":"search_term_string"}}],"inLanguage":"es"},{"@type":"Organization","@id":"https:\/\/glassouse.com\/es\/#organization","name":"GlassOuse Assistive Device","url":"https:\/\/glassouse.com\/es\/","logo":{"@type":"ImageObject","inLanguage":"es","@id":"https:\/\/glassouse.com\/es\/#\/schema\/logo\/image\/","url":"https:\/\/glassouse.com\/wp-content\/uploads\/2017\/11\/logo.jpg","contentUrl":"https:\/\/glassouse.com\/wp-content\/uploads\/2017\/11\/logo.jpg","width":500,"height":500,"caption":"GlassOuse Assistive Device"},"image":{"@id":"https:\/\/glassouse.com\/es\/#\/schema\/logo\/image\/"},"sameAs":["https:\/\/www.facebook.com\/glassouse\/","https:\/\/x.com\/glassouse","https:\/\/www.instagram.com\/glassouseassistivedevice\/","https:\/\/www.linkedin.com\/company\/glassouse\/","https:\/\/www.youtube.com\/channel\/UCM5pebcmVXbu00QYd91_Gyw"]}]}},"_links":{"self":[{"href":"https:\/\/glassouse.com\/es\/wp-json\/wp\/v2\/pages\/28058","targetHints":{"allow":["GET"]}}],"collection":[{"href":"https:\/\/glassouse.com\/es\/wp-json\/wp\/v2\/pages"}],"about":[{"href":"https:\/\/glassouse.com\/es\/wp-json\/wp\/v2\/types\/page"}],"author":[{"embeddable":true,"href":"https:\/\/glassouse.com\/es\/wp-json\/wp\/v2\/users\/1"}],"replies":[{"embeddable":true,"href":"https:\/\/glassouse.com\/es\/wp-json\/wp\/v2\/comments?post=28058"}],"version-history":[{"count":10,"href":"https:\/\/glassouse.com\/es\/wp-json\/wp\/v2\/pages\/28058\/revisions"}],"predecessor-version":[{"id":28116,"href":"https:\/\/glassouse.com\/es\/wp-json\/wp\/v2\/pages\/28058\/revisions\/28116"}],"wp:attachment":[{"href":"https:\/\/glassouse.com\/es\/wp-json\/wp\/v2\/media?parent=28058"}],"curies":[{"name":"wp","href":"https:\/\/api.w.org\/{rel}","templated":true}]}}