{"id":29348,"date":"2022-06-07T11:14:18","date_gmt":"2022-06-07T03:14:18","guid":{"rendered":"https:\/\/glassouse.com\/quienes-somos\/"},"modified":"2026-04-27T16:56:17","modified_gmt":"2026-04-27T08:56:17","slug":"quienes-somos","status":"publish","type":"page","link":"https:\/\/glassouse.com\/es\/quienes-somos\/","title":{"rendered":"Qui\u00e9nes somos"},"content":{"rendered":"<div class=\"wpb-content-wrapper\"><p>[vc_row unlock_row_content=\u00bbyes\u00bb row_height_percent=\u00bb0&#8243; override_padding=\u00bbyes\u00bb h_padding=\u00bb0&#8243; top_padding=\u00bb0&#8243; bottom_padding=\u00bb0&#8243; overlay_alpha=\u00bb50&#8243; gutter_size=\u00bb0&#8243; column_width_percent=\u00bb100&#8243; shift_y=\u00bb0&#8243; z_index=\u00bb0&#8243; uncode_shortcode_id=\u00bb113570&#8243; row_height_pixel=\u00bb500&#8243; css=\u00bb.vc_custom_1657234076761{padding-right: 0px !important;padding-left: 0px !important;}\u00bb][vc_column column_width_percent=\u00bb100&#8243; position_vertical=\u00bbmiddle\u00bb align_horizontal=\u00bbalign_center\u00bb gutter_size=\u00bb3&#8243; overlay_alpha=\u00bb50&#8243; shift_x=\u00bb0&#8243; shift_y=\u00bb0&#8243; shift_y_down=\u00bb0&#8243; z_index=\u00bb0&#8243; medium_width=\u00bb0&#8243; mobile_width=\u00bb0&#8243; width=\u00bb1\/1&#8243; uncode_shortcode_id=\u00bb109151&#8243;][vc_single_image media=\u00bb29352&#8243; media_width_use_pixel=\u00bbyes\u00bb alignment=\u00bbcenter\u00bb uncode_shortcode_id=\u00bb736981&#8243; el_class=\u00bbw-auto about_us_banenr\u00bb][\/vc_column][\/vc_row][vc_row row_height_percent=\u00bb0&#8243; override_padding=\u00bbyes\u00bb h_padding=\u00bb0&#8243; top_padding=\u00bb3&#8243; bottom_padding=\u00bb3&#8243; overlay_alpha=\u00bb50&#8243; gutter_size=\u00bb3&#8243; column_width_percent=\u00bb100&#8243; shift_y=\u00bb0&#8243; z_index=\u00bb0&#8243; uncode_shortcode_id=\u00bb183118&#8243;][vc_column][vc_custom_heading heading_semantic=\u00bbh1&#8243; text_weight=\u00bb700&#8243; uncode_shortcode_id=\u00bb122096&#8243;]<span style=\"color: #43b8db;\">Acerca <\/span>del Dispositivo de Ayuda GlassOuse[\/vc_custom_heading][vc_separator sep_color=\u00bbcolor-vyce\u00bb icon_position=\u00bbleft\u00bb el_height=\u00bb5px\u00bb uncode_shortcode_id=\u00bb727187&#8243; sep_color_type=\u00bbuncode-palette\u00bb el_width=\u00bb50px\u00bb el_class=\u00bbc-divider\u00bb][vc_column_text text_lead=\u00bbyes\u00bb uncode_shortcode_id=\u00bb157375&#8243;]Fundada en 2016, GlassOuse Assistive Device ha estado dise\u00f1ando y desarrollando tecnolog\u00edas para ayudar a las personas con discapacidades f\u00edsicas y movilidad limitada a acceder a la tecnolog\u00eda b\u00e1sica como cualquier otra persona.<\/p>\n<p>\u00ab\u00bfC\u00f3mo maneja sus tel\u00e9fonos inteligentes, tabletas y ordenadores una persona discapacitada sin extremidades ni problemas de movilidad?\u00bb. &#8211; \u00e9sta fue una de las preguntas a las que se enfrent\u00f3 nuestro Fundador y Director General, Mehmet Turker, a principios de 2016, cuando se encontr\u00f3 con este dilema. El amigo \u00edntimo de Nemo, Caner Cem Marti, un aventurero de 20 a\u00f1os, sufri\u00f3 una grave lesi\u00f3n mientras buceaba en aguas profundas que le provoc\u00f3 una par\u00e1lisis de todo el cuerpo por debajo de la cabeza. Este accidente cambiar\u00eda la vida de Caner para siempre. Por eso, Nemo quiso crear un dispositivo para su amigo que le permitiera utilizar el tel\u00e9fono y el ordenador como cualquier otra persona.   <\/p>\n<p>Pas\u00f3 a dise\u00f1ar GlassOuse V1.1, un rat\u00f3n inal\u00e1mbrico para la cabeza que permitir\u00eda a Caner utilizar tel\u00e9fonos m\u00f3viles y ordenadores simplemente moviendo la cabeza y haciendo clic. Este dispositivo se lanz\u00f3 posteriormente en Indiegogo, donde fue elogiado y apreciado en todo el mundo. <\/p>\n<p>Desde entonces, nuestro equipo de expertos, con los \u00fatiles comentarios de nuestra comunidad mundial de usuarios, ha desarrollado varios dispositivos de asistencia como <strong>GlassOuse V1.4, GlassOuse PRO, G-Switches, Juguetes Adaptativos<\/strong> y otros para que todo el mundo pueda acceder a la tecnolog\u00eda de forma m\u00e1s independiente.<\/p>\n<p><strong style=\"color: #43b8db;\">#inclusi\u00f3n<\/strong> <strong style=\"color: #43b8db;\">#technology4all<\/strong><\/p>\n<p>GlassOuse Assistive Device (Marca) es propiedad y est\u00e1 gestionada en su totalidad por<strong> Ennopro Group Limited<\/strong> (Organizaci\u00f3n matriz).[\/vc_column_text][\/vc_column][\/vc_row]<\/p>\n<\/div>","protected":false},"excerpt":{"rendered":"<p>[vc_row unlock_row_content=\u00bbyes\u00bb row_height_percent=\u00bb0&#8243; override_padding=\u00bbyes\u00bb h_padding=\u00bb0&#8243; top_padding=\u00bb0&#8243; bottom_padding=\u00bb0&#8243; overlay_alpha=\u00bb50&#8243; gutter_size=\u00bb0&#8243; column_width_percent=\u00bb100&#8243; shift_y=\u00bb0&#8243; z_index=\u00bb0&#8243; uncode_shortcode_id=\u00bb113570&#8243; row_height_pixel=\u00bb500&#8243; css=\u00bb.vc_custom_1657234076761{padding-right: 0px !important;padding-left: 0px !important;}\u00bb][vc_column column_width_percent=\u00bb100&#8243; [&hellip;]<\/p>\n","protected":false},"author":1,"featured_media":0,"parent":0,"menu_order":6,"comment_status":"closed","ping_status":"closed","template":"","meta":{"_acf_changed":false,"footnotes":""},"class_list":["post-29348","page","type-page","status-publish","hentry"],"acf":[],"yoast_head":"<!-- This site is optimized with the Yoast SEO plugin v27.4 - https:\/\/yoast.com\/product\/yoast-seo-wordpress\/ -->\n<title>Acerca de nosotros - Dispositivo de asistencia GlassOuse<\/title>\n<meta name=\"description\" content=\"Fundada en 2016, GlassOuse Assistive Device ha estado dise\u00f1ando y desarrollando tecnolog\u00edas para ayudar a las personas con discapacidades f\u00edsicas y movilidad limitada a acceder a la tecnolog\u00eda b\u00e1sica como cualquier otra persona.\" \/>\n<meta name=\"robots\" content=\"index, follow, max-snippet:-1, max-image-preview:large, max-video-preview:-1\" \/>\n<link rel=\"canonical\" href=\"https:\/\/glassouse.com\/es\/quienes-somos\/\" \/>\n<meta property=\"og:locale\" content=\"es_ES\" \/>\n<meta property=\"og:type\" content=\"article\" \/>\n<meta property=\"og:title\" content=\"Acerca de nosotros - Dispositivo de asistencia GlassOuse\" \/>\n<meta property=\"og:description\" content=\"Fundada en 2016, GlassOuse Assistive Device ha estado dise\u00f1ando y desarrollando tecnolog\u00edas para ayudar a las personas con discapacidades f\u00edsicas y movilidad limitada a acceder a la tecnolog\u00eda b\u00e1sica como cualquier otra persona.\" \/>\n<meta property=\"og:url\" content=\"https:\/\/glassouse.com\/es\/quienes-somos\/\" \/>\n<meta property=\"og:site_name\" content=\"Glassouse Assistive Device\" \/>\n<meta property=\"article:publisher\" content=\"https:\/\/www.facebook.com\/glassouse\/\" \/>\n<meta property=\"article:modified_time\" content=\"2026-04-27T08:56:17+00:00\" \/>\n<meta name=\"twitter:card\" content=\"summary_large_image\" \/>\n<meta name=\"twitter:site\" content=\"@glassouse\" \/>\n<meta name=\"twitter:label1\" content=\"Tiempo de lectura\" \/>\n\t<meta name=\"twitter:data1\" content=\"2 minutos\" \/>\n<script type=\"application\/ld+json\" class=\"yoast-schema-graph\">{\"@context\":\"https:\\\/\\\/schema.org\",\"@graph\":[{\"@type\":\"WebPage\",\"@id\":\"https:\\\/\\\/glassouse.com\\\/es\\\/quienes-somos\\\/\",\"url\":\"https:\\\/\\\/glassouse.com\\\/es\\\/quienes-somos\\\/\",\"name\":\"Acerca de nosotros - Dispositivo de asistencia GlassOuse\",\"isPartOf\":{\"@id\":\"https:\\\/\\\/glassouse.com\\\/es\\\/#website\"},\"datePublished\":\"2022-06-07T03:14:18+00:00\",\"dateModified\":\"2026-04-27T08:56:17+00:00\",\"description\":\"Fundada en 2016, GlassOuse Assistive Device ha estado dise\u00f1ando y desarrollando tecnolog\u00edas para ayudar a las personas con discapacidades f\u00edsicas y movilidad limitada a acceder a la tecnolog\u00eda b\u00e1sica como cualquier otra persona.\",\"breadcrumb\":{\"@id\":\"https:\\\/\\\/glassouse.com\\\/es\\\/quienes-somos\\\/#breadcrumb\"},\"inLanguage\":\"es\",\"potentialAction\":[{\"@type\":\"ReadAction\",\"target\":[\"https:\\\/\\\/glassouse.com\\\/es\\\/quienes-somos\\\/\"]}]},{\"@type\":\"BreadcrumbList\",\"@id\":\"https:\\\/\\\/glassouse.com\\\/es\\\/quienes-somos\\\/#breadcrumb\",\"itemListElement\":[{\"@type\":\"ListItem\",\"position\":1,\"name\":\"Home\",\"item\":\"https:\\\/\\\/glassouse.com\\\/es\\\/inicio\\\/\"},{\"@type\":\"ListItem\",\"position\":2,\"name\":\"Qui\u00e9nes somos\"}]},{\"@type\":\"WebSite\",\"@id\":\"https:\\\/\\\/glassouse.com\\\/es\\\/#website\",\"url\":\"https:\\\/\\\/glassouse.com\\\/es\\\/\",\"name\":\"Glassouse Assistive Device\",\"description\":\"Assistive Device and Switches for Disabled\",\"publisher\":{\"@id\":\"https:\\\/\\\/glassouse.com\\\/es\\\/#organization\"},\"potentialAction\":[{\"@type\":\"SearchAction\",\"target\":{\"@type\":\"EntryPoint\",\"urlTemplate\":\"https:\\\/\\\/glassouse.com\\\/es\\\/?s={search_term_string}\"},\"query-input\":{\"@type\":\"PropertyValueSpecification\",\"valueRequired\":true,\"valueName\":\"search_term_string\"}}],\"inLanguage\":\"es\"},{\"@type\":\"Organization\",\"@id\":\"https:\\\/\\\/glassouse.com\\\/es\\\/#organization\",\"name\":\"GlassOuse Assistive Device\",\"url\":\"https:\\\/\\\/glassouse.com\\\/es\\\/\",\"logo\":{\"@type\":\"ImageObject\",\"inLanguage\":\"es\",\"@id\":\"https:\\\/\\\/glassouse.com\\\/es\\\/#\\\/schema\\\/logo\\\/image\\\/\",\"url\":\"https:\\\/\\\/glassouse.com\\\/wp-content\\\/uploads\\\/2017\\\/11\\\/logo.jpg\",\"contentUrl\":\"https:\\\/\\\/glassouse.com\\\/wp-content\\\/uploads\\\/2017\\\/11\\\/logo.jpg\",\"width\":500,\"height\":500,\"caption\":\"GlassOuse Assistive Device\"},\"image\":{\"@id\":\"https:\\\/\\\/glassouse.com\\\/es\\\/#\\\/schema\\\/logo\\\/image\\\/\"},\"sameAs\":[\"https:\\\/\\\/www.facebook.com\\\/glassouse\\\/\",\"https:\\\/\\\/x.com\\\/glassouse\",\"https:\\\/\\\/www.instagram.com\\\/glassouseassistivedevice\\\/\",\"https:\\\/\\\/www.linkedin.com\\\/company\\\/glassouse\\\/\",\"https:\\\/\\\/www.youtube.com\\\/channel\\\/UCM5pebcmVXbu00QYd91_Gyw\"]}]}<\/script>\n<!-- \/ Yoast SEO plugin. -->","yoast_head_json":{"title":"Acerca de nosotros - Dispositivo de asistencia GlassOuse","description":"Fundada en 2016, GlassOuse Assistive Device ha estado dise\u00f1ando y desarrollando tecnolog\u00edas para ayudar a las personas con discapacidades f\u00edsicas y movilidad limitada a acceder a la tecnolog\u00eda b\u00e1sica como cualquier otra persona.","robots":{"index":"index","follow":"follow","max-snippet":"max-snippet:-1","max-image-preview":"max-image-preview:large","max-video-preview":"max-video-preview:-1"},"canonical":"https:\/\/glassouse.com\/es\/quienes-somos\/","og_locale":"es_ES","og_type":"article","og_title":"Acerca de nosotros - Dispositivo de asistencia GlassOuse","og_description":"Fundada en 2016, GlassOuse Assistive Device ha estado dise\u00f1ando y desarrollando tecnolog\u00edas para ayudar a las personas con discapacidades f\u00edsicas y movilidad limitada a acceder a la tecnolog\u00eda b\u00e1sica como cualquier otra persona.","og_url":"https:\/\/glassouse.com\/es\/quienes-somos\/","og_site_name":"Glassouse Assistive Device","article_publisher":"https:\/\/www.facebook.com\/glassouse\/","article_modified_time":"2026-04-27T08:56:17+00:00","twitter_card":"summary_large_image","twitter_site":"@glassouse","twitter_misc":{"Tiempo de lectura":"2 minutos"},"schema":{"@context":"https:\/\/schema.org","@graph":[{"@type":"WebPage","@id":"https:\/\/glassouse.com\/es\/quienes-somos\/","url":"https:\/\/glassouse.com\/es\/quienes-somos\/","name":"Acerca de nosotros - Dispositivo de asistencia GlassOuse","isPartOf":{"@id":"https:\/\/glassouse.com\/es\/#website"},"datePublished":"2022-06-07T03:14:18+00:00","dateModified":"2026-04-27T08:56:17+00:00","description":"Fundada en 2016, GlassOuse Assistive Device ha estado dise\u00f1ando y desarrollando tecnolog\u00edas para ayudar a las personas con discapacidades f\u00edsicas y movilidad limitada a acceder a la tecnolog\u00eda b\u00e1sica como cualquier otra persona.","breadcrumb":{"@id":"https:\/\/glassouse.com\/es\/quienes-somos\/#breadcrumb"},"inLanguage":"es","potentialAction":[{"@type":"ReadAction","target":["https:\/\/glassouse.com\/es\/quienes-somos\/"]}]},{"@type":"BreadcrumbList","@id":"https:\/\/glassouse.com\/es\/quienes-somos\/#breadcrumb","itemListElement":[{"@type":"ListItem","position":1,"name":"Home","item":"https:\/\/glassouse.com\/es\/inicio\/"},{"@type":"ListItem","position":2,"name":"Qui\u00e9nes somos"}]},{"@type":"WebSite","@id":"https:\/\/glassouse.com\/es\/#website","url":"https:\/\/glassouse.com\/es\/","name":"Glassouse Assistive Device","description":"Assistive Device and Switches for Disabled","publisher":{"@id":"https:\/\/glassouse.com\/es\/#organization"},"potentialAction":[{"@type":"SearchAction","target":{"@type":"EntryPoint","urlTemplate":"https:\/\/glassouse.com\/es\/?s={search_term_string}"},"query-input":{"@type":"PropertyValueSpecification","valueRequired":true,"valueName":"search_term_string"}}],"inLanguage":"es"},{"@type":"Organization","@id":"https:\/\/glassouse.com\/es\/#organization","name":"GlassOuse Assistive Device","url":"https:\/\/glassouse.com\/es\/","logo":{"@type":"ImageObject","inLanguage":"es","@id":"https:\/\/glassouse.com\/es\/#\/schema\/logo\/image\/","url":"https:\/\/glassouse.com\/wp-content\/uploads\/2017\/11\/logo.jpg","contentUrl":"https:\/\/glassouse.com\/wp-content\/uploads\/2017\/11\/logo.jpg","width":500,"height":500,"caption":"GlassOuse Assistive Device"},"image":{"@id":"https:\/\/glassouse.com\/es\/#\/schema\/logo\/image\/"},"sameAs":["https:\/\/www.facebook.com\/glassouse\/","https:\/\/x.com\/glassouse","https:\/\/www.instagram.com\/glassouseassistivedevice\/","https:\/\/www.linkedin.com\/company\/glassouse\/","https:\/\/www.youtube.com\/channel\/UCM5pebcmVXbu00QYd91_Gyw"]}]}},"_links":{"self":[{"href":"https:\/\/glassouse.com\/es\/wp-json\/wp\/v2\/pages\/29348","targetHints":{"allow":["GET"]}}],"collection":[{"href":"https:\/\/glassouse.com\/es\/wp-json\/wp\/v2\/pages"}],"about":[{"href":"https:\/\/glassouse.com\/es\/wp-json\/wp\/v2\/types\/page"}],"author":[{"embeddable":true,"href":"https:\/\/glassouse.com\/es\/wp-json\/wp\/v2\/users\/1"}],"replies":[{"embeddable":true,"href":"https:\/\/glassouse.com\/es\/wp-json\/wp\/v2\/comments?post=29348"}],"version-history":[{"count":11,"href":"https:\/\/glassouse.com\/es\/wp-json\/wp\/v2\/pages\/29348\/revisions"}],"predecessor-version":[{"id":29438,"href":"https:\/\/glassouse.com\/es\/wp-json\/wp\/v2\/pages\/29348\/revisions\/29438"}],"wp:attachment":[{"href":"https:\/\/glassouse.com\/es\/wp-json\/wp\/v2\/media?parent=29348"}],"curies":[{"name":"wp","href":"https:\/\/api.w.org\/{rel}","templated":true}]}}