{"id":29448,"date":"2022-09-21T06:51:05","date_gmt":"2022-09-20T22:51:05","guid":{"rendered":"https:\/\/glassouse.com\/soporte-tecnico-y-descargas\/"},"modified":"2026-04-27T16:56:24","modified_gmt":"2026-04-27T08:56:24","slug":"soporte-tecnico-y-descargas","status":"publish","type":"page","link":"https:\/\/glassouse.com\/es\/soporte-tecnico-y-descargas\/","title":{"rendered":"Soporte t\u00e9cnico y descargas"},"content":{"rendered":"<div class=\"wpb-content-wrapper\"><p>[vc_row row_height_percent=\u00bb0&#8243; overlay_alpha=\u00bb50&#8243; gutter_size=\u00bb3&#8243; column_width_percent=\u00bb100&#8243; shift_y=\u00bb0&#8243; z_index=\u00bb0&#8243; uncode_shortcode_id=\u00bb159416&#8243; css=\u00bb.vc_custom_1663458725535{padding-top: 80px !important;}\u00bb][vc_column width=\u00bb1\/1&#8243;][vc_custom_heading text_color=\u00bbcolor-jevc\u00bb text_weight=\u00bb700&#8243; text_transform=\u00bbuppercase\u00bb uncode_shortcode_id=\u00bb131305&#8243; text_color_type=\u00bbuncode-palette\u00bb]Manuales de GlassOuse[\/vc_custom_heading][vc_separator sep_color=\u00bb\u00bb icon_position=\u00bbleft\u00bb el_height=\u00bb5px\u00bb uncode_shortcode_id=\u00bb194863&#8243; sep_color_type=\u00bbuncode-solid\u00bb el_width=\u00bb82px\u00bb sep_color_solid=\u00bb#43b8db\u00bb el_class=\u00bbc-divider\u00bb][\/vc_column][\/vc_row][vc_row row_height_percent=\u00bb0&#8243; overlay_alpha=\u00bb50&#8243; gutter_size=\u00bb3&#8243; column_width_percent=\u00bb100&#8243; shift_y=\u00bb0&#8243; z_index=\u00bb0&#8243; uncode_shortcode_id=\u00bb141961&#8243; css=\u00bb.vc_custom_1664228627181{padding-bottom: 40px !important;}\u00bb el_class=\u00bbmanual_pro_wrap\u00bb][vc_column column_width_percent=\u00bb100&#8243; align_horizontal=\u00bbalign_center\u00bb gutter_size=\u00bb3&#8243; overlay_alpha=\u00bb50&#8243; shift_x=\u00bb0&#8243; shift_y=\u00bb0&#8243; shift_y_down=\u00bb0&#8243; z_index=\u00bb0&#8243; align_medium=\u00bbalign_center_tablet\u00bb medium_width=\u00bb0&#8243; mobile_width=\u00bb0&#8243; width=\u00bb1\/3&#8243; uncode_shortcode_id=\u00bb975146&#8243; link_to=\u00bburl:https%3A%2F%2Fglassouse.com%2Fglassouse-assistive-device-tech-support%2Fglassouse-pro-user-manuals%2F|title:GlassOuse%20PRO%20Manual|\u00bb][vc_single_image media=\u00bb29460&#8243; media_width_percent=\u00bb100&#8243; uncode_shortcode_id=\u00bb181718&#8243; media_link=\u00bburl:%2Fglassouse-assistive-device-tech-support%2Fglassouse-pro-user-manuals%2F|title:GlassOuse%20PRO%20Manual\u00bb el_class=\u00bbproduct_img\u00bb][vc_custom_heading heading_semantic=\u00bbh3&#8243; text_size=\u00bb\u00bb text_weight=\u00bb600&#8243; sub_lead=\u00bbyes\u00bb sub_reduced=\u00bbyes\u00bb uncode_shortcode_id=\u00bb143977&#8243; subheading=\u00bbUsuario Maunal\u00bb]GlassOuse PRO[\/vc_custom_heading][\/vc_column][vc_column column_width_percent=\u00bb100&#8243; position_vertical=\u00bbmiddle\u00bb align_horizontal=\u00bbalign_center\u00bb gutter_size=\u00bb3&#8243; overlay_alpha=\u00bb50&#8243; shift_x=\u00bb0&#8243; shift_y=\u00bb0&#8243; shift_y_down=\u00bb0&#8243; z_index=\u00bb0&#8243; medium_width=\u00bb0&#8243; mobile_width=\u00bb0&#8243; width=\u00bb1\/3&#8243; uncode_shortcode_id=\u00bb193224&#8243; link_to=\u00bburl:https%3A%2F%2Fglassouse.com%2Fglassouse-assistive-device-tech-support%2Fglassouse-link-user-manuals%2F|title:GlassOuse%20Link%20User%20Manuals|\u00bb][vc_single_image media=\u00bb29462&#8243; media_width_percent=\u00bb100&#8243; uncode_shortcode_id=\u00bb312067&#8243; media_link=\u00bburl:%2Fglassouse-assistive-device-tech-support%2Fglassouse-link-user-manuals%2F|title:GlassOuse%20Link%20User%20Manual\u00bb el_class=\u00bbproduct_img\u00bb][vc_custom_heading heading_semantic=\u00bbh3&#8243; text_size=\u00bb\u00bb text_weight=\u00bb600&#8243; sub_lead=\u00bbyes\u00bb sub_reduced=\u00bbyes\u00bb uncode_shortcode_id=\u00bb200845&#8243; subheading=\u00bbUsuario Maunal\u00bb]Enlace GlassOuse[\/vc_custom_heading][\/vc_column][vc_column column_width_percent=\u00bb100&#8243; align_horizontal=\u00bbalign_center\u00bb gutter_size=\u00bb3&#8243; overlay_alpha=\u00bb50&#8243; shift_x=\u00bb0&#8243; shift_y=\u00bb0&#8243; shift_y_down=\u00bb0&#8243; z_index=\u00bb0&#8243; medium_width=\u00bb0&#8243; mobile_width=\u00bb0&#8243; width=\u00bb1\/3&#8243; uncode_shortcode_id=\u00bb175002&#8243; link_to=\u00bburl:https%3A%2F%2Fglassouse.com%2Fglassouse-assistive-device-tech-support%2Fglassouse-v1-4-user-manuals%2F|title:GlassOuse%20V1.4%20User%20Manuals|\u00bb][vc_single_image media=\u00bb29464&#8243; media_width_percent=\u00bb100&#8243; uncode_shortcode_id=\u00bb200338&#8243; media_link=\u00bburl:%2Fglassouse-assistive-device-tech-support%2Fglassouse-v1-4-user-manuals%2F|title:GlassOuse%20V1.4%20User%20Manuals\u00bb el_class=\u00bbproduct_img\u00bb][vc_custom_heading heading_semantic=\u00bbh3&#8243; text_size=\u00bb\u00bb text_weight=\u00bb600&#8243; sub_lead=\u00bbyes\u00bb sub_reduced=\u00bbyes\u00bb uncode_shortcode_id=\u00bb648067&#8243; subheading=\u00bbUsuario Maunal\u00bb]GlassOuse V1.4[\/vc_custom_heading][\/vc_column][\/vc_row][vc_row row_height_percent=\u00bb0&#8243; overlay_alpha=\u00bb50&#8243; gutter_size=\u00bb3&#8243; column_width_percent=\u00bb100&#8243; shift_y=\u00bb0&#8243; z_index=\u00bb0&#8243; uncode_shortcode_id=\u00bb221041&#8243; back_color_type=\u00bbuncode-solid\u00bb back_color_solid=\u00bb#f6f7fb\u00bb css=\u00bb.vc_custom_1663458593709{padding-top: 40px !important;}\u00bb][vc_column width=\u00bb1\/1&#8243;][vc_custom_heading text_color=\u00bbcolor-jevc\u00bb text_weight=\u00bb700&#8243; text_transform=\u00bbuppercase\u00bb uncode_shortcode_id=\u00bb171874&#8243; text_color_type=\u00bbuncode-palette\u00bb]Compatibilidad[\/vc_custom_heading][vc_separator sep_color=\u00bb\u00bb icon_position=\u00bbleft\u00bb el_height=\u00bb5px\u00bb uncode_shortcode_id=\u00bb194863&#8243; sep_color_type=\u00bbuncode-solid\u00bb el_width=\u00bb82px\u00bb sep_color_solid=\u00bb#43b8db\u00bb el_class=\u00bbc-divider\u00bb][\/vc_column][\/vc_row][vc_row row_height_percent=\u00bb0&#8243; override_padding=\u00bbyes\u00bb h_padding=\u00bb2&#8243; top_padding=\u00bb2&#8243; bottom_padding=\u00bb3&#8243; overlay_alpha=\u00bb50&#8243; gutter_size=\u00bb3&#8243; column_width_percent=\u00bb100&#8243; shift_y=\u00bb0&#8243; z_index=\u00bb0&#8243; uncode_shortcode_id=\u00bb972897&#8243; back_color_type=\u00bbuncode-solid\u00bb back_color_solid=\u00bb#f6f7fb\u00bb][vc_column column_width_percent=\u00bb100&#8243; align_horizontal=\u00bbalign_center\u00bb gutter_size=\u00bb4&#8243; overlay_alpha=\u00bb50&#8243; shift_x=\u00bb0&#8243; shift_y=\u00bb0&#8243; shift_y_down=\u00bb0&#8243; z_index=\u00bb0&#8243; medium_width=\u00bb0&#8243; mobile_width=\u00bb0&#8243; css_animation=\u00bbbottom-t-top\u00bb animation_delay=\u00bb200&#8243; width=\u00bb1\/1&#8243;][vc_icon position=\u00bbleft\u00bb display=\u00bbinline\u00bb icon_image=\u00bb7064&#8243; media_size=\u00bb247&#8243; heading_semantic=\u00bbp\u00bb text_size=\u00bb\u00bb text_weight=\u00bb500&#8243; uncode_shortcode_id=\u00bb135084&#8243; el_class=\u00bblh-n compatible_devices\u00bb]Ordenador<br \/>\nTel\u00e9fono m\u00f3vil<br \/>\nTablet<br \/>\nSmart TV[\/vc_icon][vc_separator sep_color=\u00bbcolor-jevc\u00bb uncode_shortcode_id=\u00bb396242&#8243; sep_color_type=\u00bbuncode-palette\u00bb el_height=\u00bb1px\u00bb el_class=\u00bbc-divider\u00bb][vc_custom_heading heading_semantic=\u00bbdiv\u00bb text_size=\u00bbfontsize-377164&#8243; text_weight=\u00bb500&#8243; uncode_shortcode_id=\u00bb117676&#8243; el_class=\u00bbos_heading mt-35&#8243;]<\/p>\n<p>Funciona perfectamente con los sistemas operativos m\u00e1s comunes<\/p>\n<p>[\/vc_custom_heading][vc_row_inner row_inner_height_percent=\u00bb0&#8243; overlay_alpha=\u00bb50&#8243; gutter_size=\u00bb3&#8243; shift_y=\u00bb0&#8243; z_index=\u00bb0&#8243; uncode_shortcode_id=\u00bb202873&#8243; css=\u00bb.vc_custom_1652560345497{margin-top: 40px !important;}\u00bb limit_content=\u00bb\u00bb][vc_column_inner column_width_percent=\u00bb100&#8243; gutter_size=\u00bb3&#8243; overlay_alpha=\u00bb50&#8243; shift_x=\u00bb0&#8243; shift_y=\u00bb0&#8243; shift_y_down=\u00bb0&#8243; z_index=\u00bb0&#8243; medium_width=\u00bb0&#8243; mobile_width=\u00bb0&#8243; width=\u00bb1\/1&#8243; uncode_shortcode_id=\u00bb206588&#8243; el_class=\u00bbcompatibility_items_rows\u00bb][vc_icon icon_image=\u00bb5176&#8243; heading_semantic=\u00bbp\u00bb text_size=\u00bb\u00bb uncode_shortcode_id=\u00bb376674&#8243; title=\u00bbWindows\u00bb][\/vc_icon][vc_icon icon_image=\u00bb5178&#8243; heading_semantic=\u00bbp\u00bb text_size=\u00bb\u00bb uncode_shortcode_id=\u00bb721292&#8243; title=\u00bbiOS\u00bb][\/vc_icon][vc_icon icon_image=\u00bb5183&#8243; heading_semantic=\u00bbp\u00bb text_size=\u00bb\u00bb uncode_shortcode_id=\u00bb818793&#8243; title=\u00bbLinux\u00bb][\/vc_icon][vc_icon icon_image=\u00bb5177&#8243; heading_semantic=\u00bbp\u00bb text_size=\u00bb\u00bb uncode_shortcode_id=\u00bb212565&#8243; title=\u00bbAndroid\u00bb][\/vc_icon][vc_icon icon_image=\u00bb5179&#8243; heading_semantic=\u00bbp\u00bb text_size=\u00bb\u00bb uncode_shortcode_id=\u00bb373965&#8243; title=\u00bbCromo\u00bb][\/vc_icon][vc_icon icon_image=\u00bb5182&#8243; heading_semantic=\u00bbp\u00bb text_size=\u00bb\u00bb uncode_shortcode_id=\u00bb130974&#8243; title=\u00bbSistema operativo Harmony\u00bb][\/vc_icon][\/vc_column_inner][\/vc_row_inner][\/vc_column][\/vc_row][vc_row row_height_percent=\u00bb0&#8243; overlay_alpha=\u00bb50&#8243; gutter_size=\u00bb3&#8243; column_width_percent=\u00bb100&#8243; shift_y=\u00bb0&#8243; z_index=\u00bb0&#8243; uncode_shortcode_id=\u00bb306062&#8243; css=\u00bb.vc_custom_1663459102541{padding-top: 80px !important;}\u00bb][vc_column width=\u00bb1\/1&#8243;][vc_custom_heading text_color=\u00bbcolor-jevc\u00bb heading_semantic=\u00bbdiv\u00bb text_size=\u00bbh4&#8243; text_weight=\u00bb600&#8243; text_transform=\u00bbuppercase\u00bb uncode_shortcode_id=\u00bb876714&#8243; text_color_type=\u00bbuncode-palette\u00bb]Gu\u00eda adicional:[\/vc_custom_heading][vc_separator sep_color=\u00bbcolor-jevc\u00bb uncode_shortcode_id=\u00bb396242&#8243; sep_color_type=\u00bbuncode-palette\u00bb el_height=\u00bb1px\u00bb el_class=\u00bbc-divider\u00bb][vc_row_inner][vc_column_inner column_width_percent=\u00bb100&#8243; position_vertical=\u00bbmiddle\u00bb gutter_size=\u00bb3&#8243; overlay_alpha=\u00bb50&#8243; shift_x=\u00bb0&#8243; shift_y=\u00bb0&#8243; shift_y_down=\u00bb0&#8243; z_index=\u00bb0&#8243; medium_width=\u00bb0&#8243; mobile_width=\u00bb0&#8243; width=\u00bb1\/2&#8243; uncode_shortcode_id=\u00bb188356&#8243; css=\u00bb.vc_custom_1669021131412{padding-right: 155px !important;}\u00bb link_to=\u00bburl:https%3A%2F%2Fglassouse.com%2Fwp-content%2Fuploads%2F2017%2F11%2FSteps-to-connect-GlassOuse-with-iPads-iPadOS-13.pdf|title:iPadOS|target:_blank\u00bb][vc_icon position=\u00bbleft\u00bb icon_image=\u00bb5828&#8243; media_size=\u00bb95&#8243; text_lead=\u00bbyes\u00bb uncode_shortcode_id=\u00bb134551&#8243;]Haz clic para ver los ajustes de conexi\u00f3n del rat\u00f3n iPadoS para GlassOuse[\/vc_icon][\/vc_column_inner][vc_column_inner column_width_percent=\u00bb100&#8243; gutter_size=\u00bb3&#8243; overlay_alpha=\u00bb50&#8243; shift_x=\u00bb0&#8243; shift_y=\u00bb0&#8243; shift_y_down=\u00bb0&#8243; z_index=\u00bb0&#8243; medium_width=\u00bb0&#8243; mobile_width=\u00bb0&#8243; width=\u00bb1\/2&#8243; uncode_shortcode_id=\u00bb194103&#8243; css=\u00bb.vc_custom_1669021186799{padding-right: 155px !important;}\u00bb link_to=\u00bburl:https%3A%2F%2Fglassouse.com%2Fwp-content%2Fuploads%2F2017%2F11%2FSteps-to-connect-GlassOuse-with-iPhone-iOS13-1.pdf|title:iOS|target:_blank\u00bb][vc_icon position=\u00bbleft\u00bb icon_image=\u00bb5832&#8243; media_size=\u00bb95&#8243; text_lead=\u00bbyes\u00bb uncode_shortcode_id=\u00bb612224&#8243;]Haz clic para ver la configuraci\u00f3n de conexi\u00f3n del rat\u00f3n del iPhone para GlassOuse[\/vc_icon][\/vc_column_inner][\/vc_row_inner][\/vc_column][\/vc_row][vc_row row_height_percent=\u00bb0&#8243; overlay_alpha=\u00bb50&#8243; gutter_size=\u00bb3&#8243; column_width_percent=\u00bb100&#8243; shift_y=\u00bb0&#8243; z_index=\u00bb0&#8243; uncode_shortcode_id=\u00bb573441&#8243; css=\u00bb.vc_custom_1663458756649{margin-bottom: 100px !important;}\u00bb][vc_column width=\u00bb1\/1&#8243;][vc_custom_heading text_color=\u00bbcolor-jevc\u00bb heading_semantic=\u00bbdiv\u00bb text_size=\u00bbh4&#8243; text_weight=\u00bb600&#8243; text_transform=\u00bbuppercase\u00bb uncode_shortcode_id=\u00bb737528&#8243; text_color_type=\u00bbuncode-palette\u00bb]Apps de apoyo adicionales:[\/vc_custom_heading][vc_separator sep_color=\u00bbcolor-jevc\u00bb uncode_shortcode_id=\u00bb396242&#8243; sep_color_type=\u00bbuncode-palette\u00bb el_height=\u00bb1px\u00bb el_class=\u00bbc-divider\u00bb][vc_row_inner][vc_column_inner column_width_percent=\u00bb100&#8243; position_vertical=\u00bbmiddle\u00bb gutter_size=\u00bb3&#8243; overlay_alpha=\u00bb50&#8243; shift_x=\u00bb0&#8243; shift_y=\u00bb0&#8243; shift_y_down=\u00bb0&#8243; z_index=\u00bb0&#8243; medium_width=\u00bb0&#8243; mobile_width=\u00bb0&#8243; width=\u00bb1\/2&#8243; uncode_shortcode_id=\u00bb213350&#8243; css=\u00bb.vc_custom_1669021807915{padding-right: 155px !important;}\u00bb link_to=\u00bburl:https%3A%2F%2Fglassouse.com%2Fwp-content%2Fuploads%2F2017%2F11%2FGlassOuse_Scroll-Control-App-Setup-Guide.pdf|title:Easy%20Scroll|target:_blank\u00bb][vc_icon position=\u00bbleft\u00bb icon_image=\u00bb5830&#8243; media_size=\u00bb95&#8243; heading_semantic=\u00bbdiv\u00bb text_size=\u00bbh4&#8243; text_weight=\u00bb500&#8243; text_lead=\u00bbyes\u00bb uncode_shortcode_id=\u00bb780321&#8243; title=\u00bbDesplazamiento f\u00e1cil\u00bb]Una aplicaci\u00f3n android para desplazarte f\u00e1cilmente en tu tel\u00e9fono o tableta.[\/vc_icon][\/vc_column_inner][vc_column_inner column_width_percent=\u00bb100&#8243; gutter_size=\u00bb3&#8243; overlay_alpha=\u00bb50&#8243; shift_x=\u00bb0&#8243; shift_y=\u00bb0&#8243; shift_y_down=\u00bb0&#8243; z_index=\u00bb0&#8243; medium_width=\u00bb0&#8243; mobile_width=\u00bb0&#8243; width=\u00bb1\/2&#8243; uncode_shortcode_id=\u00bb159051&#8243; css=\u00bb.vc_custom_1669021709326{padding-right: 150px !important;}\u00bb link_to=\u00bburl:https%3A%2F%2Fglassouse.com%2Fwp-content%2Fuploads%2F2017%2F11%2FGlassOuse_Hackers-Keyboard_Set-Up.pdf|title:Hacker%20Keyboard|target:_blank\u00bb][vc_icon position=\u00bbleft\u00bb icon_image=\u00bb5831&#8243; media_size=\u00bb95&#8243; heading_semantic=\u00bbdiv\u00bb text_size=\u00bbh4&#8243; text_weight=\u00bb500&#8243; text_lead=\u00bbyes\u00bb uncode_shortcode_id=\u00bb204755&#8243; title=\u00bbTeclado Hacker\u00bb]Una alternativa a la aplicaci\u00f3n android &#8211; si tu dispositivo no aparece autom\u00e1ticamente en la pantalla[\/vc_icon][\/vc_column_inner][\/vc_row_inner][vc_row_inner][vc_column_inner column_width_percent=\u00bb100&#8243; position_vertical=\u00bbmiddle\u00bb gutter_size=\u00bb3&#8243; overlay_alpha=\u00bb50&#8243; shift_x=\u00bb0&#8243; shift_y=\u00bb0&#8243; shift_y_down=\u00bb0&#8243; z_index=\u00bb0&#8243; medium_width=\u00bb0&#8243; mobile_width=\u00bb0&#8243; width=\u00bb1\/2&#8243; uncode_shortcode_id=\u00bb332228&#8243; css=\u00bb.vc_custom_1669021773705{padding-right: 155px !important;}\u00bb link_to=\u00bburl:https%3A%2F%2Fglassouse.com%2Fwp-content%2Fuploads%2F2017%2F11%2FGlassOuse_EasyTouch_Set-up.pdf|title:Assistive%20Touch%20for%20Android|target:_blank\u00bb][vc_icon position=\u00bbleft\u00bb icon_image=\u00bb5829&#8243; media_size=\u00bb95&#8243; heading_semantic=\u00bbdiv\u00bb text_size=\u00bbh4&#8243; text_weight=\u00bb500&#8243; text_lead=\u00bbyes\u00bb uncode_shortcode_id=\u00bb849284&#8243; title=\u00bbToque asistivo para Android\u00bb]Una aplicaci\u00f3n android que muestra un panel flotante para acceder c\u00f3modamente a muchas funciones y aplicaciones comunes en una sola pantalla.[\/vc_icon][\/vc_column_inner][vc_column_inner column_width_percent=\u00bb100&#8243; gutter_size=\u00bb3&#8243; overlay_alpha=\u00bb50&#8243; shift_x=\u00bb0&#8243; shift_y=\u00bb0&#8243; shift_y_down=\u00bb0&#8243; z_index=\u00bb0&#8243; medium_width=\u00bb0&#8243; mobile_width=\u00bb0&#8243; width=\u00bb1\/2&#8243; uncode_shortcode_id=\u00bb857666&#8243; css=\u00bb.vc_custom_1663457813248{padding-right: 150px !important;}\u00bb][\/vc_column_inner][\/vc_row_inner][\/vc_column][\/vc_row]<\/p>\n<\/div>","protected":false},"excerpt":{"rendered":"<p>[vc_row row_height_percent=\u00bb0&#8243; overlay_alpha=\u00bb50&#8243; gutter_size=\u00bb3&#8243; column_width_percent=\u00bb100&#8243; shift_y=\u00bb0&#8243; z_index=\u00bb0&#8243; uncode_shortcode_id=\u00bb159416&#8243; css=\u00bb.vc_custom_1663458725535{padding-top: 80px !important;}\u00bb][vc_column width=\u00bb1\/1&#8243;][vc_custom_heading text_color=\u00bbcolor-jevc\u00bb text_weight=\u00bb700&#8243; text_transform=\u00bbuppercase\u00bb uncode_shortcode_id=\u00bb131305&#8243; text_color_type=\u00bbuncode-palette\u00bb]Manuales de GlassOuse[\/vc_custom_heading][vc_separator sep_color=\u00bb\u00bb [&hellip;]<\/p>\n","protected":false},"author":1,"featured_media":0,"parent":0,"menu_order":0,"comment_status":"closed","ping_status":"closed","template":"","meta":{"_acf_changed":false,"footnotes":""},"class_list":["post-29448","page","type-page","status-publish","hentry"],"acf":[],"yoast_head":"<!-- This site is optimized with the Yoast SEO plugin v27.5 - https:\/\/yoast.com\/product\/yoast-seo-wordpress\/ -->\n<title>Soporte t\u00e9cnico y descargas - Glassouse Assistive Device<\/title>\n<meta name=\"description\" content=\"Los dispositivos de asistencia GlassOuse ofrecen una gran compatibilidad y se conectan a tus aparatos sin problemas mediante Bluetooth. Descarga los manuales de usuario de los dispositivos de asistencia GlassOuse.\" \/>\n<meta name=\"robots\" content=\"index, follow, max-snippet:-1, max-image-preview:large, max-video-preview:-1\" \/>\n<link rel=\"canonical\" href=\"https:\/\/glassouse.com\/es\/soporte-tecnico-y-descargas\/\" \/>\n<meta property=\"og:locale\" content=\"es_ES\" \/>\n<meta property=\"og:type\" content=\"article\" \/>\n<meta property=\"og:title\" content=\"Soporte t\u00e9cnico y descargas - Glassouse Assistive Device\" \/>\n<meta property=\"og:description\" content=\"Los dispositivos de asistencia GlassOuse ofrecen una gran compatibilidad y se conectan a tus aparatos sin problemas mediante Bluetooth. Descarga los manuales de usuario de los dispositivos de asistencia GlassOuse.\" \/>\n<meta property=\"og:url\" content=\"https:\/\/glassouse.com\/es\/soporte-tecnico-y-descargas\/\" \/>\n<meta property=\"og:site_name\" content=\"Glassouse Assistive Device\" \/>\n<meta property=\"article:publisher\" content=\"https:\/\/www.facebook.com\/glassouse\/\" \/>\n<meta property=\"article:modified_time\" content=\"2026-04-27T08:56:24+00:00\" \/>\n<meta name=\"twitter:card\" content=\"summary_large_image\" \/>\n<meta name=\"twitter:site\" content=\"@glassouse\" \/>\n<meta name=\"twitter:label1\" content=\"Tiempo de lectura\" \/>\n\t<meta name=\"twitter:data1\" content=\"8 minutos\" \/>\n<script type=\"application\/ld+json\" class=\"yoast-schema-graph\">{\"@context\":\"https:\\\/\\\/schema.org\",\"@graph\":[{\"@type\":\"WebPage\",\"@id\":\"https:\\\/\\\/glassouse.com\\\/es\\\/soporte-tecnico-y-descargas\\\/\",\"url\":\"https:\\\/\\\/glassouse.com\\\/es\\\/soporte-tecnico-y-descargas\\\/\",\"name\":\"Soporte t\u00e9cnico y descargas - Glassouse Assistive Device\",\"isPartOf\":{\"@id\":\"https:\\\/\\\/glassouse.com\\\/es\\\/#website\"},\"datePublished\":\"2022-09-20T22:51:05+00:00\",\"dateModified\":\"2026-04-27T08:56:24+00:00\",\"description\":\"Los dispositivos de asistencia GlassOuse ofrecen una gran compatibilidad y se conectan a tus aparatos sin problemas mediante Bluetooth. Descarga los manuales de usuario de los dispositivos de asistencia GlassOuse.\",\"breadcrumb\":{\"@id\":\"https:\\\/\\\/glassouse.com\\\/es\\\/soporte-tecnico-y-descargas\\\/#breadcrumb\"},\"inLanguage\":\"es\",\"potentialAction\":[{\"@type\":\"ReadAction\",\"target\":[\"https:\\\/\\\/glassouse.com\\\/es\\\/soporte-tecnico-y-descargas\\\/\"]}]},{\"@type\":\"BreadcrumbList\",\"@id\":\"https:\\\/\\\/glassouse.com\\\/es\\\/soporte-tecnico-y-descargas\\\/#breadcrumb\",\"itemListElement\":[{\"@type\":\"ListItem\",\"position\":1,\"name\":\"Home\",\"item\":\"https:\\\/\\\/glassouse.com\\\/es\\\/\"},{\"@type\":\"ListItem\",\"position\":2,\"name\":\"Soporte t\u00e9cnico y descargas\"}]},{\"@type\":\"WebSite\",\"@id\":\"https:\\\/\\\/glassouse.com\\\/es\\\/#website\",\"url\":\"https:\\\/\\\/glassouse.com\\\/es\\\/\",\"name\":\"Glassouse Assistive Device\",\"description\":\"Assistive Device and Switches for Disabled\",\"publisher\":{\"@id\":\"https:\\\/\\\/glassouse.com\\\/es\\\/#organization\"},\"potentialAction\":[{\"@type\":\"SearchAction\",\"target\":{\"@type\":\"EntryPoint\",\"urlTemplate\":\"https:\\\/\\\/glassouse.com\\\/es\\\/?s={search_term_string}\"},\"query-input\":{\"@type\":\"PropertyValueSpecification\",\"valueRequired\":true,\"valueName\":\"search_term_string\"}}],\"inLanguage\":\"es\"},{\"@type\":\"Organization\",\"@id\":\"https:\\\/\\\/glassouse.com\\\/es\\\/#organization\",\"name\":\"GlassOuse Assistive Device\",\"url\":\"https:\\\/\\\/glassouse.com\\\/es\\\/\",\"logo\":{\"@type\":\"ImageObject\",\"inLanguage\":\"es\",\"@id\":\"https:\\\/\\\/glassouse.com\\\/es\\\/#\\\/schema\\\/logo\\\/image\\\/\",\"url\":\"https:\\\/\\\/glassouse.com\\\/wp-content\\\/uploads\\\/2017\\\/11\\\/logo.jpg\",\"contentUrl\":\"https:\\\/\\\/glassouse.com\\\/wp-content\\\/uploads\\\/2017\\\/11\\\/logo.jpg\",\"width\":500,\"height\":500,\"caption\":\"GlassOuse Assistive Device\"},\"image\":{\"@id\":\"https:\\\/\\\/glassouse.com\\\/es\\\/#\\\/schema\\\/logo\\\/image\\\/\"},\"sameAs\":[\"https:\\\/\\\/www.facebook.com\\\/glassouse\\\/\",\"https:\\\/\\\/x.com\\\/glassouse\",\"https:\\\/\\\/www.instagram.com\\\/glassouseassistivedevice\\\/\",\"https:\\\/\\\/www.linkedin.com\\\/company\\\/glassouse\\\/\",\"https:\\\/\\\/www.youtube.com\\\/channel\\\/UCM5pebcmVXbu00QYd91_Gyw\"]}]}<\/script>\n<!-- \/ Yoast SEO plugin. -->","yoast_head_json":{"title":"Soporte t\u00e9cnico y descargas - Glassouse Assistive Device","description":"Los dispositivos de asistencia GlassOuse ofrecen una gran compatibilidad y se conectan a tus aparatos sin problemas mediante Bluetooth. Descarga los manuales de usuario de los dispositivos de asistencia GlassOuse.","robots":{"index":"index","follow":"follow","max-snippet":"max-snippet:-1","max-image-preview":"max-image-preview:large","max-video-preview":"max-video-preview:-1"},"canonical":"https:\/\/glassouse.com\/es\/soporte-tecnico-y-descargas\/","og_locale":"es_ES","og_type":"article","og_title":"Soporte t\u00e9cnico y descargas - Glassouse Assistive Device","og_description":"Los dispositivos de asistencia GlassOuse ofrecen una gran compatibilidad y se conectan a tus aparatos sin problemas mediante Bluetooth. Descarga los manuales de usuario de los dispositivos de asistencia GlassOuse.","og_url":"https:\/\/glassouse.com\/es\/soporte-tecnico-y-descargas\/","og_site_name":"Glassouse Assistive Device","article_publisher":"https:\/\/www.facebook.com\/glassouse\/","article_modified_time":"2026-04-27T08:56:24+00:00","twitter_card":"summary_large_image","twitter_site":"@glassouse","twitter_misc":{"Tiempo de lectura":"8 minutos"},"schema":{"@context":"https:\/\/schema.org","@graph":[{"@type":"WebPage","@id":"https:\/\/glassouse.com\/es\/soporte-tecnico-y-descargas\/","url":"https:\/\/glassouse.com\/es\/soporte-tecnico-y-descargas\/","name":"Soporte t\u00e9cnico y descargas - Glassouse Assistive Device","isPartOf":{"@id":"https:\/\/glassouse.com\/es\/#website"},"datePublished":"2022-09-20T22:51:05+00:00","dateModified":"2026-04-27T08:56:24+00:00","description":"Los dispositivos de asistencia GlassOuse ofrecen una gran compatibilidad y se conectan a tus aparatos sin problemas mediante Bluetooth. Descarga los manuales de usuario de los dispositivos de asistencia GlassOuse.","breadcrumb":{"@id":"https:\/\/glassouse.com\/es\/soporte-tecnico-y-descargas\/#breadcrumb"},"inLanguage":"es","potentialAction":[{"@type":"ReadAction","target":["https:\/\/glassouse.com\/es\/soporte-tecnico-y-descargas\/"]}]},{"@type":"BreadcrumbList","@id":"https:\/\/glassouse.com\/es\/soporte-tecnico-y-descargas\/#breadcrumb","itemListElement":[{"@type":"ListItem","position":1,"name":"Home","item":"https:\/\/glassouse.com\/es\/"},{"@type":"ListItem","position":2,"name":"Soporte t\u00e9cnico y descargas"}]},{"@type":"WebSite","@id":"https:\/\/glassouse.com\/es\/#website","url":"https:\/\/glassouse.com\/es\/","name":"Glassouse Assistive Device","description":"Assistive Device and Switches for Disabled","publisher":{"@id":"https:\/\/glassouse.com\/es\/#organization"},"potentialAction":[{"@type":"SearchAction","target":{"@type":"EntryPoint","urlTemplate":"https:\/\/glassouse.com\/es\/?s={search_term_string}"},"query-input":{"@type":"PropertyValueSpecification","valueRequired":true,"valueName":"search_term_string"}}],"inLanguage":"es"},{"@type":"Organization","@id":"https:\/\/glassouse.com\/es\/#organization","name":"GlassOuse Assistive Device","url":"https:\/\/glassouse.com\/es\/","logo":{"@type":"ImageObject","inLanguage":"es","@id":"https:\/\/glassouse.com\/es\/#\/schema\/logo\/image\/","url":"https:\/\/glassouse.com\/wp-content\/uploads\/2017\/11\/logo.jpg","contentUrl":"https:\/\/glassouse.com\/wp-content\/uploads\/2017\/11\/logo.jpg","width":500,"height":500,"caption":"GlassOuse Assistive Device"},"image":{"@id":"https:\/\/glassouse.com\/es\/#\/schema\/logo\/image\/"},"sameAs":["https:\/\/www.facebook.com\/glassouse\/","https:\/\/x.com\/glassouse","https:\/\/www.instagram.com\/glassouseassistivedevice\/","https:\/\/www.linkedin.com\/company\/glassouse\/","https:\/\/www.youtube.com\/channel\/UCM5pebcmVXbu00QYd91_Gyw"]}]}},"_links":{"self":[{"href":"https:\/\/glassouse.com\/es\/wp-json\/wp\/v2\/pages\/29448","targetHints":{"allow":["GET"]}}],"collection":[{"href":"https:\/\/glassouse.com\/es\/wp-json\/wp\/v2\/pages"}],"about":[{"href":"https:\/\/glassouse.com\/es\/wp-json\/wp\/v2\/types\/page"}],"author":[{"embeddable":true,"href":"https:\/\/glassouse.com\/es\/wp-json\/wp\/v2\/users\/1"}],"replies":[{"embeddable":true,"href":"https:\/\/glassouse.com\/es\/wp-json\/wp\/v2\/comments?post=29448"}],"version-history":[{"count":11,"href":"https:\/\/glassouse.com\/es\/wp-json\/wp\/v2\/pages\/29448\/revisions"}],"predecessor-version":[{"id":29602,"href":"https:\/\/glassouse.com\/es\/wp-json\/wp\/v2\/pages\/29448\/revisions\/29602"}],"wp:attachment":[{"href":"https:\/\/glassouse.com\/es\/wp-json\/wp\/v2\/media?parent=29448"}],"curies":[{"name":"wp","href":"https:\/\/api.w.org\/{rel}","templated":true}]}}