{"id":30553,"date":"2020-09-30T15:34:41","date_gmt":"2020-09-30T07:34:41","guid":{"rendered":"https:\/\/glassouse.com\/product\/glassouse-v1-3\/"},"modified":"2020-09-30T15:34:41","modified_gmt":"2020-09-30T07:34:41","slug":"glassouse-v1-3","status":"publish","type":"product","link":"https:\/\/glassouse.com\/es\/product\/glassouse-v1-3\/","title":{"rendered":"GlassOuse V1.3"},"content":{"rendered":"<p>Dispositivo de asistencia para discapacitados galardonado: GlassOuse V1.3 puede conectarse a ordenadores, tel\u00e9fonos m\u00f3viles, tabletas y televisores inteligentes mediante Bluetooth 4.0 o inferior sin problemas y es un dispositivo de asistencia compatible con Windows, iOS14, iPadOS13, macOS, Linux, Android y Chrome OS. GlassOuse V1.3 potencia su bater\u00eda de alta densidad y peque\u00f1o tama\u00f1o, que permite al usuario utilizar GlassOuse V1.3 durante m\u00e1s de 150 horas activas con una sola carga. <\/p>\n<p>Puedes llevar GlassOuse v1.3 con tus propias gafas, y plegarlo como las normales. Con su funci\u00f3n mejorada de giroscopio de 9 ejes, GlassOuse detecta los m\u00e1s m\u00ednimos movimientos de cabeza para mover el cursor en tu pantalla. S\u00f3lo tienes que conectar tu GlassOuse a tu dispositivo, completar el breve proceso de calibraci\u00f3n para obtener una precisi\u00f3n del 100%, y empezar a utilizar tus gadgets con las manos libres.  <\/p>\n<p>GlassOuse puede conectarse con cualquiera de los nueve interruptores diferentes de la serie G-Switch y con cualquier otro interruptor adaptativo compatible con clavija de 3,5 mm para hacer clic.<\/p>\n","protected":false},"excerpt":{"rendered":"<hr>\n<p><strong>El nuevo GlassOuse V1.3 es una versi\u00f3n mejorada de su predecesor V1.2 y \u00a1ahora es mejor que nunca!<\/strong><\/p>\n<p><strong><span style=\"text-decoration: underline;\">Novedades<\/span>:<\/strong><\/p>\n<ul>\n<li><strong>Soporta Bluetooth 4.0<\/strong> &#8211;<em> Conectividad m\u00e1s r\u00e1pida y mejor con baja latencia<\/em>.<\/li>\n<li><strong>Duraci\u00f3n de la bater\u00eda mejorada<\/strong>: <em>10 veces m\u00e1s que la versi\u00f3n anterior<\/em><\/li>\n<li><strong>Ajuste de sensibilidad mejorado<\/strong>:<em> ajusta la sensibilidad de tu dispositivo con m\u00e1s precisi\u00f3n<\/em><\/li>\n<li><strong>Construcci\u00f3n de material m\u00e1s resistente<\/strong> &#8211; <em>Para una vida m\u00e1s larga del producto<\/em><\/li>\n<\/ul>\n<p><a href=\"https:\/\/glassouse.com\/wp-content\/uploads\/2020\/11\/GLASSOUSE-V1.3_USER-MANUAL.pdf\"><img decoding=\"async\" class=\"alignnone wp-image-2116\" src=\"https:\/\/glassouse.com\/wp-content\/uploads\/2018\/03\/download_user_manual.png\" alt=\"\" width=\"96\" height=\"96\" srcset=\"https:\/\/glassouse.com\/wp-content\/uploads\/2018\/03\/download_user_manual.png 149w, https:\/\/glassouse.com\/wp-content\/uploads\/2018\/03\/download_user_manual-100x100.png 100w, https:\/\/glassouse.com\/wp-content\/uploads\/2018\/03\/download_user_manual-75x75.png 75w\" sizes=\"(max-width: 96px) 100vw, 96px\" \/><\/a>  <a href=\"https:\/\/glassouse.com\/es\/garantia-de-devolucion-del-dinero\/\"><img decoding=\"async\" class=\"alignnone wp-image-1817\" src=\"https:\/\/glassouse.com\/wp-content\/uploads\/2017\/11\/15_Day_Money_Back_47882ccb-f31c-4b58-ab77-9b78929009ef_grande.png\" alt=\"\" width=\"95\" height=\"95\" srcset=\"https:\/\/glassouse.com\/wp-content\/uploads\/2017\/11\/15_Day_Money_Back_47882ccb-f31c-4b58-ab77-9b78929009ef_grande.png 150w, https:\/\/glassouse.com\/wp-content\/uploads\/2017\/11\/15_Day_Money_Back_47882ccb-f31c-4b58-ab77-9b78929009ef_grande-100x100.png 100w, https:\/\/glassouse.com\/wp-content\/uploads\/2017\/11\/15_Day_Money_Back_47882ccb-f31c-4b58-ab77-9b78929009ef_grande-75x75.png 75w\" sizes=\"(max-width: 95px) 100vw, 95px\" \/><\/a>  <img decoding=\"async\" class=\"alignnone wp-image-3424\" src=\"https:\/\/glassouse.com\/wp-content\/uploads\/2020\/08\/A4.png\" alt=\"Garant\u00eda GlassOuse\" width=\"95\" height=\"95\" srcset=\"https:\/\/glassouse.com\/wp-content\/uploads\/2020\/08\/A4.png 345w, https:\/\/glassouse.com\/wp-content\/uploads\/2020\/08\/A4-300x299.png 300w, https:\/\/glassouse.com\/wp-content\/uploads\/2020\/08\/A4-100x100.png 100w, https:\/\/glassouse.com\/wp-content\/uploads\/2020\/08\/A4-150x150.png 150w\" sizes=\"(max-width: 95px) 100vw, 95px\" \/><\/p>\n<p>GlassOuse V1.3 est\u00e1 dise\u00f1ado para ser m\u00e1s flexible y funcional y satisfacer las necesidades de las personas con capacidades de movimiento limitadas a la hora de conectarse a la tecnolog\u00eda. GlassOuse V1.3 puede conectarse a ordenadores, tel\u00e9fonos m\u00f3viles, tabletas y televisores inteligentes mediante Bluetooth 4.0 e inferior sin problemas, y es un dispositivo de asistencia compatible con Windows, iOS14, iPadOS13, macOS, Linux, Android y Chrome OS. GlassOuse puede emparejarse con las nuevas opciones de la serie G-Switch seg\u00fan las necesidades, o con el software Dwell directamente.  <\/p>\n<p>GlassOuse V1.3 impulsa su bater\u00eda de alta densidad y peque\u00f1o tama\u00f1o permitiendo al usuario utilizar GlassOuse V1.3 durante m\u00e1s de 150 horas activas con una sola carga.<\/p>\n<p>Puedes llevar GlassOuse v1.3 con tus propias gafas, y plegarlo como las normales. Con su funci\u00f3n mejorada de giroscopio de 9 ejes, GlassOuse detecta los m\u00e1s m\u00ednimos movimientos de cabeza para mover el cursor en tu pantalla. S\u00f3lo tienes que conectar tu GlassOuse a tu dispositivo, completar el breve proceso de calibraci\u00f3n para obtener una precisi\u00f3n del 100%, y empezar a utilizar tus gadgets con las manos libres.  <\/p>\n<p><strong>Dentro de la caja<\/strong>:<br \/>\n1x GlassOuse V1.3;<br \/>\n1x Cable de carga;<br \/>\n2x Soporte para las orejas<br \/>\n1x Manual del usuario<\/p>\n","protected":false},"featured_media":30567,"template":"","meta":{"_acf_changed":false},"product_brand":[],"product_cat":[283],"product_tag":[],"class_list":{"0":"post-30553","1":"product","2":"type-product","3":"status-publish","4":"has-post-thumbnail","6":"product_cat-paquete-glassouse","8":"first","9":"outofstock","10":"downloadable","11":"shipping-taxable","12":"purchasable","13":"product-type-simple"},"acf":[],"yoast_head":"<!-- This site is optimized with the Yoast SEO plugin v27.4 - https:\/\/yoast.com\/product\/yoast-seo-wordpress\/ -->\n<title>GlassOuse V1.3 - Dispositivo de ayuda para discapacitados. Dispositivo de Control Manos Libres<\/title>\n<meta name=\"description\" content=\"Premiado dispositivo de asistencia GlassOuse: un rat\u00f3n inal\u00e1mbrico para que los discapacitados controlen la tecnolog\u00eda con las manos libres. Env\u00edo internacional.\" \/>\n<meta name=\"robots\" content=\"index, follow, max-snippet:-1, max-image-preview:large, max-video-preview:-1\" \/>\n<link rel=\"canonical\" href=\"https:\/\/glassouse.com\/es\/product\/glassouse-v1-3\/\" \/>\n<meta property=\"og:locale\" content=\"es_ES\" \/>\n<meta property=\"og:type\" content=\"article\" \/>\n<meta property=\"og:title\" content=\"GlassOuse V1.3 - Dispositivo de ayuda para discapacitados. Dispositivo de Control Manos Libres\" \/>\n<meta property=\"og:description\" content=\"Premiado dispositivo de asistencia GlassOuse: un rat\u00f3n inal\u00e1mbrico para que los discapacitados controlen la tecnolog\u00eda con las manos libres. Env\u00edo internacional.\" \/>\n<meta property=\"og:url\" content=\"https:\/\/glassouse.com\/es\/product\/glassouse-v1-3\/\" \/>\n<meta property=\"og:site_name\" content=\"Glassouse Assistive Device\" \/>\n<meta property=\"article:publisher\" content=\"https:\/\/www.facebook.com\/glassouse\/\" \/>\n<meta property=\"og:image\" content=\"https:\/\/glassouse.com\/wp-content\/uploads\/2020\/09\/002.jpg\" \/>\n\t<meta property=\"og:image:width\" content=\"1000\" \/>\n\t<meta property=\"og:image:height\" content=\"1000\" \/>\n\t<meta property=\"og:image:type\" content=\"image\/jpeg\" \/>\n<meta name=\"twitter:card\" content=\"summary_large_image\" \/>\n<meta name=\"twitter:site\" content=\"@glassouse\" \/>\n<meta name=\"twitter:label1\" content=\"Tiempo de lectura\" \/>\n\t<meta name=\"twitter:data1\" content=\"1 minuto\" \/>\n<script type=\"application\/ld+json\" class=\"yoast-schema-graph\">{\"@context\":\"https:\\\/\\\/schema.org\",\"@graph\":[{\"@type\":\"WebPage\",\"@id\":\"https:\\\/\\\/glassouse.com\\\/es\\\/product\\\/glassouse-v1-3\\\/\",\"url\":\"https:\\\/\\\/glassouse.com\\\/es\\\/product\\\/glassouse-v1-3\\\/\",\"name\":\"GlassOuse V1.3 - Dispositivo de ayuda para discapacitados. Dispositivo de Control Manos Libres\",\"isPartOf\":{\"@id\":\"https:\\\/\\\/glassouse.com\\\/es\\\/#website\"},\"primaryImageOfPage\":{\"@id\":\"https:\\\/\\\/glassouse.com\\\/es\\\/product\\\/glassouse-v1-3\\\/#primaryimage\"},\"image\":{\"@id\":\"https:\\\/\\\/glassouse.com\\\/es\\\/product\\\/glassouse-v1-3\\\/#primaryimage\"},\"thumbnailUrl\":\"https:\\\/\\\/glassouse.com\\\/wp-content\\\/uploads\\\/2020\\\/09\\\/002.jpg\",\"datePublished\":\"2020-09-30T07:34:41+00:00\",\"description\":\"Premiado dispositivo de asistencia GlassOuse: un rat\u00f3n inal\u00e1mbrico para que los discapacitados controlen la tecnolog\u00eda con las manos libres. Env\u00edo internacional.\",\"breadcrumb\":{\"@id\":\"https:\\\/\\\/glassouse.com\\\/es\\\/product\\\/glassouse-v1-3\\\/#breadcrumb\"},\"inLanguage\":\"es\",\"potentialAction\":[{\"@type\":\"ReadAction\",\"target\":[\"https:\\\/\\\/glassouse.com\\\/es\\\/product\\\/glassouse-v1-3\\\/\"]}]},{\"@type\":\"ImageObject\",\"inLanguage\":\"es\",\"@id\":\"https:\\\/\\\/glassouse.com\\\/es\\\/product\\\/glassouse-v1-3\\\/#primaryimage\",\"url\":\"https:\\\/\\\/glassouse.com\\\/wp-content\\\/uploads\\\/2020\\\/09\\\/002.jpg\",\"contentUrl\":\"https:\\\/\\\/glassouse.com\\\/wp-content\\\/uploads\\\/2020\\\/09\\\/002.jpg\",\"width\":1000,\"height\":1000,\"caption\":\"Dispositivo de ayuda para discapacitados GlassOuse\"},{\"@type\":\"BreadcrumbList\",\"@id\":\"https:\\\/\\\/glassouse.com\\\/es\\\/product\\\/glassouse-v1-3\\\/#breadcrumb\",\"itemListElement\":[{\"@type\":\"ListItem\",\"position\":1,\"name\":\"Home\",\"item\":\"https:\\\/\\\/glassouse.com\\\/es\\\/inicio\\\/\"},{\"@type\":\"ListItem\",\"position\":2,\"name\":\"Tienda\",\"item\":\"https:\\\/\\\/glassouse.com\\\/es\\\/tienda\\\/\"},{\"@type\":\"ListItem\",\"position\":3,\"name\":\"Private: GlassOuse V1.3\"}]},{\"@type\":\"WebSite\",\"@id\":\"https:\\\/\\\/glassouse.com\\\/es\\\/#website\",\"url\":\"https:\\\/\\\/glassouse.com\\\/es\\\/\",\"name\":\"Glassouse Assistive Device\",\"description\":\"Assistive Device and Switches for Disabled\",\"publisher\":{\"@id\":\"https:\\\/\\\/glassouse.com\\\/es\\\/#organization\"},\"potentialAction\":[{\"@type\":\"SearchAction\",\"target\":{\"@type\":\"EntryPoint\",\"urlTemplate\":\"https:\\\/\\\/glassouse.com\\\/es\\\/?s={search_term_string}\"},\"query-input\":{\"@type\":\"PropertyValueSpecification\",\"valueRequired\":true,\"valueName\":\"search_term_string\"}}],\"inLanguage\":\"es\"},{\"@type\":\"Organization\",\"@id\":\"https:\\\/\\\/glassouse.com\\\/es\\\/#organization\",\"name\":\"GlassOuse Assistive Device\",\"url\":\"https:\\\/\\\/glassouse.com\\\/es\\\/\",\"logo\":{\"@type\":\"ImageObject\",\"inLanguage\":\"es\",\"@id\":\"https:\\\/\\\/glassouse.com\\\/es\\\/#\\\/schema\\\/logo\\\/image\\\/\",\"url\":\"https:\\\/\\\/glassouse.com\\\/wp-content\\\/uploads\\\/2017\\\/11\\\/logo.jpg\",\"contentUrl\":\"https:\\\/\\\/glassouse.com\\\/wp-content\\\/uploads\\\/2017\\\/11\\\/logo.jpg\",\"width\":500,\"height\":500,\"caption\":\"GlassOuse Assistive Device\"},\"image\":{\"@id\":\"https:\\\/\\\/glassouse.com\\\/es\\\/#\\\/schema\\\/logo\\\/image\\\/\"},\"sameAs\":[\"https:\\\/\\\/www.facebook.com\\\/glassouse\\\/\",\"https:\\\/\\\/x.com\\\/glassouse\",\"https:\\\/\\\/www.instagram.com\\\/glassouseassistivedevice\\\/\",\"https:\\\/\\\/www.linkedin.com\\\/company\\\/glassouse\\\/\",\"https:\\\/\\\/www.youtube.com\\\/channel\\\/UCM5pebcmVXbu00QYd91_Gyw\"]}]}<\/script>\n<!-- \/ Yoast SEO plugin. -->","yoast_head_json":{"title":"GlassOuse V1.3 - Dispositivo de ayuda para discapacitados. Dispositivo de Control Manos Libres","description":"Premiado dispositivo de asistencia GlassOuse: un rat\u00f3n inal\u00e1mbrico para que los discapacitados controlen la tecnolog\u00eda con las manos libres. Env\u00edo internacional.","robots":{"index":"index","follow":"follow","max-snippet":"max-snippet:-1","max-image-preview":"max-image-preview:large","max-video-preview":"max-video-preview:-1"},"canonical":"https:\/\/glassouse.com\/es\/product\/glassouse-v1-3\/","og_locale":"es_ES","og_type":"article","og_title":"GlassOuse V1.3 - Dispositivo de ayuda para discapacitados. Dispositivo de Control Manos Libres","og_description":"Premiado dispositivo de asistencia GlassOuse: un rat\u00f3n inal\u00e1mbrico para que los discapacitados controlen la tecnolog\u00eda con las manos libres. Env\u00edo internacional.","og_url":"https:\/\/glassouse.com\/es\/product\/glassouse-v1-3\/","og_site_name":"Glassouse Assistive Device","article_publisher":"https:\/\/www.facebook.com\/glassouse\/","og_image":[{"width":1000,"height":1000,"url":"https:\/\/glassouse.com\/wp-content\/uploads\/2020\/09\/002.jpg","type":"image\/jpeg"}],"twitter_card":"summary_large_image","twitter_site":"@glassouse","twitter_misc":{"Tiempo de lectura":"1 minuto"},"schema":{"@context":"https:\/\/schema.org","@graph":[{"@type":"WebPage","@id":"https:\/\/glassouse.com\/es\/product\/glassouse-v1-3\/","url":"https:\/\/glassouse.com\/es\/product\/glassouse-v1-3\/","name":"GlassOuse V1.3 - Dispositivo de ayuda para discapacitados. Dispositivo de Control Manos Libres","isPartOf":{"@id":"https:\/\/glassouse.com\/es\/#website"},"primaryImageOfPage":{"@id":"https:\/\/glassouse.com\/es\/product\/glassouse-v1-3\/#primaryimage"},"image":{"@id":"https:\/\/glassouse.com\/es\/product\/glassouse-v1-3\/#primaryimage"},"thumbnailUrl":"https:\/\/glassouse.com\/wp-content\/uploads\/2020\/09\/002.jpg","datePublished":"2020-09-30T07:34:41+00:00","description":"Premiado dispositivo de asistencia GlassOuse: un rat\u00f3n inal\u00e1mbrico para que los discapacitados controlen la tecnolog\u00eda con las manos libres. Env\u00edo internacional.","breadcrumb":{"@id":"https:\/\/glassouse.com\/es\/product\/glassouse-v1-3\/#breadcrumb"},"inLanguage":"es","potentialAction":[{"@type":"ReadAction","target":["https:\/\/glassouse.com\/es\/product\/glassouse-v1-3\/"]}]},{"@type":"ImageObject","inLanguage":"es","@id":"https:\/\/glassouse.com\/es\/product\/glassouse-v1-3\/#primaryimage","url":"https:\/\/glassouse.com\/wp-content\/uploads\/2020\/09\/002.jpg","contentUrl":"https:\/\/glassouse.com\/wp-content\/uploads\/2020\/09\/002.jpg","width":1000,"height":1000,"caption":"Dispositivo de ayuda para discapacitados GlassOuse"},{"@type":"BreadcrumbList","@id":"https:\/\/glassouse.com\/es\/product\/glassouse-v1-3\/#breadcrumb","itemListElement":[{"@type":"ListItem","position":1,"name":"Home","item":"https:\/\/glassouse.com\/es\/inicio\/"},{"@type":"ListItem","position":2,"name":"Tienda","item":"https:\/\/glassouse.com\/es\/tienda\/"},{"@type":"ListItem","position":3,"name":"Private: GlassOuse V1.3"}]},{"@type":"WebSite","@id":"https:\/\/glassouse.com\/es\/#website","url":"https:\/\/glassouse.com\/es\/","name":"Glassouse Assistive Device","description":"Assistive Device and Switches for Disabled","publisher":{"@id":"https:\/\/glassouse.com\/es\/#organization"},"potentialAction":[{"@type":"SearchAction","target":{"@type":"EntryPoint","urlTemplate":"https:\/\/glassouse.com\/es\/?s={search_term_string}"},"query-input":{"@type":"PropertyValueSpecification","valueRequired":true,"valueName":"search_term_string"}}],"inLanguage":"es"},{"@type":"Organization","@id":"https:\/\/glassouse.com\/es\/#organization","name":"GlassOuse Assistive Device","url":"https:\/\/glassouse.com\/es\/","logo":{"@type":"ImageObject","inLanguage":"es","@id":"https:\/\/glassouse.com\/es\/#\/schema\/logo\/image\/","url":"https:\/\/glassouse.com\/wp-content\/uploads\/2017\/11\/logo.jpg","contentUrl":"https:\/\/glassouse.com\/wp-content\/uploads\/2017\/11\/logo.jpg","width":500,"height":500,"caption":"GlassOuse Assistive Device"},"image":{"@id":"https:\/\/glassouse.com\/es\/#\/schema\/logo\/image\/"},"sameAs":["https:\/\/www.facebook.com\/glassouse\/","https:\/\/x.com\/glassouse","https:\/\/www.instagram.com\/glassouseassistivedevice\/","https:\/\/www.linkedin.com\/company\/glassouse\/","https:\/\/www.youtube.com\/channel\/UCM5pebcmVXbu00QYd91_Gyw"]}]}},"_links":{"self":[{"href":"https:\/\/glassouse.com\/es\/wp-json\/wp\/v2\/product\/30553","targetHints":{"allow":["GET"]}}],"collection":[{"href":"https:\/\/glassouse.com\/es\/wp-json\/wp\/v2\/product"}],"about":[{"href":"https:\/\/glassouse.com\/es\/wp-json\/wp\/v2\/types\/product"}],"wp:featuredmedia":[{"embeddable":true,"href":"https:\/\/glassouse.com\/es\/wp-json\/wp\/v2\/media\/30567"}],"wp:attachment":[{"href":"https:\/\/glassouse.com\/es\/wp-json\/wp\/v2\/media?parent=30553"}],"wp:term":[{"taxonomy":"product_brand","embeddable":true,"href":"https:\/\/glassouse.com\/es\/wp-json\/wp\/v2\/product_brand?post=30553"},{"taxonomy":"product_cat","embeddable":true,"href":"https:\/\/glassouse.com\/es\/wp-json\/wp\/v2\/product_cat?post=30553"},{"taxonomy":"product_tag","embeddable":true,"href":"https:\/\/glassouse.com\/es\/wp-json\/wp\/v2\/product_tag?post=30553"}],"curies":[{"name":"wp","href":"https:\/\/api.w.org\/{rel}","templated":true}]}}