{"id":30745,"date":"2021-07-09T10:29:49","date_gmt":"2021-07-09T02:29:49","guid":{"rendered":"https:\/\/glassouse.com\/product\/glassouse-v1-4\/"},"modified":"2026-04-27T17:11:40","modified_gmt":"2026-04-27T09:11:40","slug":"glassouse-v1-4","status":"publish","type":"product","link":"https:\/\/glassouse.com\/es\/product\/glassouse-v1-4\/","title":{"rendered":"GlassOuse V1.4"},"content":{"rendered":"<div class=\"wpb-content-wrapper\"><p>[vc_row][vc_column width=\u00bb1\/1&#8243;][vc_column_text uncode_shortcode_id=\u00bb620509&#8243;]El dispositivo de asistencia GlassOuse es un rat\u00f3n inal\u00e1mbrico para la cabeza que permite a las personas con discapacidad o movimiento corporal limitado conectarse y controlar dispositivos simplemente mediante el movimiento de la cabeza. GlassOuse puede conectarse a tel\u00e9fonos m\u00f3viles, ordenadores, tabletas o televisores inteligentes compatibles con los principales sistemas operativos a trav\u00e9s de BT4.0. <\/p>\n<p>La nueva GlassOuse V1.4 incorpora todas las funciones de la anterior V1.3 y luce un nuevo dise\u00f1o de la empu\u00f1adura, fabricada con un nuevo material m\u00e1s resistente para mejorar la resistencia y la estabilidad del dispositivo, sin dejar de ser c\u00f3moda durante un uso prolongado.[\/vc_column_text][\/vc_column][\/vc_row][vc_row row_height_percent=\u00bb0&#8243; overlay_alpha=\u00bb50&#8243; equal_height=\u00bbyes\u00bb gutter_size=\u00bb3&#8243; column_width_percent=\u00bb100&#8243; shift_y=\u00bb0&#8243; z_index=\u00bb0&#8243; el_class=\u00bbreverse_col_mob\u00bb][vc_column column_width_percent=\u00bb100&#8243; position_vertical=\u00bbmiddle\u00bb gutter_size=\u00bb3&#8243; overlay_alpha=\u00bb50&#8243; shift_x=\u00bb0&#8243; shift_y=\u00bb0&#8243; shift_y_down=\u00bb0&#8243; z_index=\u00bb0&#8243; medium_width=\u00bb0&#8243; mobile_width=\u00bb0&#8243; width=\u00bb1\/2&#8243;][vc_custom_heading]Haz clics con el Interruptor Adaptativo[\/vc_custom_heading][vc_column_text]Conecta cualquier interruptor adaptable a clavija de 3,5 mm para hacer un clic en la pantalla. Tambi\u00e9n puedes utilizar el software Dwell para hacer un clic. <\/p>\n<p><a href=\"\/?product_cat=g-switch-series\">La serie G-Switch<\/a> incluye 9 interruptores adaptativos diferentes que pueden conectarse a GlassOuse V1.4 y utilizarse para hacer un clic.[\/vc_column_text][\/vc_column][vc_column column_width_percent=\u00bb100&#8243; position_vertical=\u00bbmiddle\u00bb gutter_size=\u00bb3&#8243; overlay_alpha=\u00bb50&#8243; shift_x=\u00bb0&#8243; shift_y=\u00bb0&#8243; shift_y_down=\u00bb0&#8243; z_index=\u00bb0&#8243; medium_width=\u00bb0&#8243; mobile_width=\u00bb0&#8243; width=\u00bb1\/2&#8243;][vc_single_image media=\u00bb30797&#8243; media_width_percent=\u00bb100&#8243;][\/vc_column][\/vc_row][vc_row row_height_percent=\u00bb0&#8243; overlay_alpha=\u00bb50&#8243; equal_height=\u00bbyes\u00bb gutter_size=\u00bb3&#8243; column_width_percent=\u00bb100&#8243; shift_y=\u00bb0&#8243; z_index=\u00bb0&#8243;][vc_column column_width_percent=\u00bb100&#8243; position_vertical=\u00bbmiddle\u00bb gutter_size=\u00bb3&#8243; overlay_alpha=\u00bb50&#8243; shift_x=\u00bb0&#8243; shift_y=\u00bb0&#8243; shift_y_down=\u00bb0&#8243; z_index=\u00bb0&#8243; medium_width=\u00bb0&#8243; mobile_width=\u00bb0&#8243; width=\u00bb1\/2&#8243;][vc_single_image media=\u00bb30813&#8243; media_width_percent=\u00bb100&#8243; uncode_shortcode_id=\u00bb134521&#8243;][\/vc_column][vc_column column_width_percent=\u00bb100&#8243; position_vertical=\u00bbmiddle\u00bb gutter_size=\u00bb3&#8243; overlay_alpha=\u00bb50&#8243; shift_x=\u00bb0&#8243; shift_y=\u00bb0&#8243; shift_y_down=\u00bb0&#8243; z_index=\u00bb0&#8243; medium_width=\u00bb0&#8243; mobile_width=\u00bb0&#8243; width=\u00bb1\/2&#8243;][vc_custom_heading uncode_shortcode_id=\u00bb151430&#8243;]Conexi\u00f3n r\u00e1pida mediante BT4.0[\/vc_custom_heading][vc_column_text uncode_shortcode_id=\u00bb187216&#8243;]GlassOuse V1.4 es compatible con BT4.0 e inferiores para conectar con precisi\u00f3n con dispositivos de alta sensibilidad y baja latencia.[\/vc_column_text][\/vc_column][\/vc_row][vc_row row_height_percent=\u00bb0&#8243; overlay_alpha=\u00bb50&#8243; equal_height=\u00bbyes\u00bb gutter_size=\u00bb3&#8243; column_width_percent=\u00bb100&#8243; shift_y=\u00bb0&#8243; z_index=\u00bb0&#8243;][vc_column column_width_percent=\u00bb100&#8243; position_vertical=\u00bbmiddle\u00bb gutter_size=\u00bb3&#8243; overlay_alpha=\u00bb50&#8243; shift_x=\u00bb0&#8243; shift_y=\u00bb0&#8243; shift_y_down=\u00bb0&#8243; z_index=\u00bb0&#8243; medium_width=\u00bb0&#8243; mobile_width=\u00bb0&#8243; width=\u00bb1\/2&#8243;][vc_custom_heading]Giroscopio de 9 ejes[\/vc_custom_heading][vc_column_text]GlassOuse V1.4 detecta con precisi\u00f3n el movimiento de la cabeza del usuario al desplazarse para mover el cursor en la pantalla en consecuencia, utilizando su giroscopio multilineal.[\/vc_column_text][\/vc_column][vc_column column_width_percent=\u00bb100&#8243; position_vertical=\u00bbmiddle\u00bb gutter_size=\u00bb3&#8243; overlay_alpha=\u00bb50&#8243; shift_x=\u00bb0&#8243; shift_y=\u00bb0&#8243; shift_y_down=\u00bb0&#8243; z_index=\u00bb0&#8243; medium_width=\u00bb0&#8243; mobile_width=\u00bb0&#8243; width=\u00bb1\/2&#8243;][vc_single_image media=\u00bb30801&#8243; media_width_percent=\u00bb100&#8243;][\/vc_column][\/vc_row][vc_row row_height_percent=\u00bb0&#8243; overlay_alpha=\u00bb50&#8243; equal_height=\u00bbyes\u00bb gutter_size=\u00bb3&#8243; column_width_percent=\u00bb100&#8243; shift_y=\u00bb0&#8243; z_index=\u00bb0&#8243;][vc_column column_width_percent=\u00bb100&#8243; position_vertical=\u00bbmiddle\u00bb gutter_size=\u00bb3&#8243; overlay_alpha=\u00bb50&#8243; shift_x=\u00bb0&#8243; shift_y=\u00bb0&#8243; shift_y_down=\u00bb0&#8243; z_index=\u00bb0&#8243; medium_width=\u00bb0&#8243; mobile_width=\u00bb0&#8243; width=\u00bb1\/2&#8243;][vc_single_image media=\u00bb30793&#8243; media_width_percent=\u00bb100&#8243;][\/vc_column][vc_column column_width_percent=\u00bb100&#8243; position_vertical=\u00bbmiddle\u00bb gutter_size=\u00bb3&#8243; overlay_alpha=\u00bb50&#8243; shift_x=\u00bb0&#8243; shift_y=\u00bb0&#8243; shift_y_down=\u00bb0&#8243; z_index=\u00bb0&#8243; medium_width=\u00bb0&#8243; mobile_width=\u00bb0&#8243; width=\u00bb1\/2&#8243;][vc_custom_heading]Calibrar y Sensibilidad[\/vc_custom_heading][vc_column_text]Puedes calibrar f\u00e1cilmente GlassOuse con un dispositivo conectado para obtener un control preciso y ajustar la sensibilidad necesaria del cursor mediante su sensibilidad de tres modos.[\/vc_column_text][\/vc_column][\/vc_row][vc_row row_height_percent=\u00bb0&#8243; overlay_alpha=\u00bb50&#8243; equal_height=\u00bbyes\u00bb gutter_size=\u00bb3&#8243; column_width_percent=\u00bb100&#8243; shift_y=\u00bb0&#8243; z_index=\u00bb0&#8243;][vc_column column_width_percent=\u00bb100&#8243; position_vertical=\u00bbmiddle\u00bb gutter_size=\u00bb3&#8243; overlay_alpha=\u00bb50&#8243; shift_x=\u00bb0&#8243; shift_y=\u00bb0&#8243; shift_y_down=\u00bb0&#8243; z_index=\u00bb0&#8243; medium_width=\u00bb0&#8243; mobile_width=\u00bb0&#8243; width=\u00bb1\/2&#8243;][vc_custom_heading]Bater\u00eda 10 veces m\u00e1s duradera[\/vc_custom_heading][vc_column_text]Con el chipset de bajo consumo optimizado GlassOuse, GlassOuse V1.4 puede funcionar hasta m\u00e1s de 150 horas con una sola carga.[\/vc_column_text][\/vc_column][vc_column column_width_percent=\u00bb100&#8243; position_vertical=\u00bbmiddle\u00bb gutter_size=\u00bb3&#8243; overlay_alpha=\u00bb50&#8243; shift_x=\u00bb0&#8243; shift_y=\u00bb0&#8243; shift_y_down=\u00bb0&#8243; z_index=\u00bb0&#8243; medium_width=\u00bb0&#8243; mobile_width=\u00bb0&#8243; width=\u00bb1\/2&#8243;][vc_single_image media=\u00bb30796&#8243; media_width_percent=\u00bb100&#8243;][\/vc_column][\/vc_row][vc_row row_height_percent=\u00bb0&#8243; overlay_alpha=\u00bb50&#8243; equal_height=\u00bbyes\u00bb gutter_size=\u00bb3&#8243; column_width_percent=\u00bb100&#8243; shift_y=\u00bb0&#8243; z_index=\u00bb0&#8243;][vc_column column_width_percent=\u00bb100&#8243; position_vertical=\u00bbmiddle\u00bb gutter_size=\u00bb3&#8243; overlay_alpha=\u00bb50&#8243; shift_x=\u00bb0&#8243; shift_y=\u00bb0&#8243; shift_y_down=\u00bb0&#8243; z_index=\u00bb0&#8243; medium_width=\u00bb0&#8243; mobile_width=\u00bb0&#8243; width=\u00bb1\/2&#8243;][vc_single_image media=\u00bb30799&#8243; media_width_percent=\u00bb100&#8243;][\/vc_column][vc_column column_width_percent=\u00bb100&#8243; position_vertical=\u00bbmiddle\u00bb gutter_size=\u00bb3&#8243; overlay_alpha=\u00bb50&#8243; shift_x=\u00bb0&#8243; shift_y=\u00bb0&#8243; shift_y_down=\u00bb0&#8243; z_index=\u00bb0&#8243; medium_width=\u00bb0&#8243; mobile_width=\u00bb0&#8243; width=\u00bb1\/2&#8243;][vc_custom_heading]Calidad de construcci\u00f3n s\u00f3lida[\/vc_custom_heading][vc_column_text]Con el nuevo dise\u00f1o y la mejora de la calidad de los materiales, la V1.4 es m\u00e1s resistente incluso para un uso rudo, sin dejar de ser f\u00e1cil de controlar y c\u00f3moda de llevar incluso durante mucho tiempo.[\/vc_column_text][\/vc_column][\/vc_row][vc_row][vc_column width=\u00bb1\/1&#8243;][vc_empty_space empty_h=\u00bb2&#8243;][\/vc_column][\/vc_row]<\/p>\n<\/div>","protected":false},"excerpt":{"rendered":"<hr>\n<p><strong>GlassOuse V1.4 &#8211; Asas plegables de nuevo dise\u00f1o para mayor estabilidad y flexibilidad, para mayor comodidad de uso durante largas horas.<\/strong><\/p>\n<ul>\n<li>Controla el m\u00f3vil, el ordenador, la tableta o la Smart TV de forma inal\u00e1mbrica y con manos libres mediante el movimiento de la cabeza.<\/li>\n<li>Funciona con todos los SO conocidos: Andriod, iOS 13, Windows, macOS, iPadOS, Linux, ChromeOS.<\/li>\n<li>Haz un clic conectando cualquier interruptor adaptable de 3,5 mm o con el software dwell.<\/li>\n<li>Bater\u00eda de larga duraci\u00f3n: m\u00e1s de 150 horas con una sola carga.<\/li>\n<\/ul>\n<p><a href=\"https:\/\/glassouse.com\/es\/garantia-de-devolucion-del-dinero\/\"><img decoding=\"async\" class=\"alignnone wp-image-1817\" src=\"https:\/\/glassouse.com\/wp-content\/uploads\/2017\/11\/15_Day_Money_Back_47882ccb-f31c-4b58-ab77-9b78929009ef_grande.png\" alt=\"\" width=\"83\" height=\"83\" srcset=\"https:\/\/glassouse.com\/wp-content\/uploads\/2017\/11\/15_Day_Money_Back_47882ccb-f31c-4b58-ab77-9b78929009ef_grande.png 150w, https:\/\/glassouse.com\/wp-content\/uploads\/2017\/11\/15_Day_Money_Back_47882ccb-f31c-4b58-ab77-9b78929009ef_grande-100x100.png 100w, https:\/\/glassouse.com\/wp-content\/uploads\/2017\/11\/15_Day_Money_Back_47882ccb-f31c-4b58-ab77-9b78929009ef_grande-75x75.png 75w\" sizes=\"(max-width: 83px) 100vw, 83px\" \/><\/a>  <img decoding=\"async\" class=\"alignnone wp-image-3424\" src=\"https:\/\/glassouse.com\/wp-content\/uploads\/2020\/08\/A4.png\" alt=\"Garant\u00eda GlassOuse\" width=\"83\" height=\"83\" srcset=\"https:\/\/glassouse.com\/wp-content\/uploads\/2020\/08\/A4.png 345w, https:\/\/glassouse.com\/wp-content\/uploads\/2020\/08\/A4-300x299.png 300w, https:\/\/glassouse.com\/wp-content\/uploads\/2020\/08\/A4-100x100.png 100w, https:\/\/glassouse.com\/wp-content\/uploads\/2020\/08\/A4-150x150.png 150w\" sizes=\"(max-width: 83px) 100vw, 83px\" \/><\/p>\n","protected":false},"featured_media":30803,"template":"","meta":{"_acf_changed":false},"product_brand":[],"product_cat":[295],"product_tag":[],"class_list":{"0":"post-30745","1":"product","2":"type-product","3":"status-publish","4":"has-post-thumbnail","6":"product_cat-dispositivos-de-asistencia-glassouse","8":"first","9":"instock","10":"shipping-taxable","11":"purchasable","12":"product-type-simple"},"acf":[],"yoast_head":"<!-- This site is optimized with the Yoast SEO plugin v27.4 - https:\/\/yoast.com\/product\/yoast-seo-wordpress\/ -->\n<title>Nuevo GlassOuse V1.4 : Dispositivo de asistencia para personas con discapacidad<\/title>\n<meta name=\"description\" content=\"GlassOuse V1.4 es un rat\u00f3n inal\u00e1mbrico de cabeza f\u00e1cil de usar para controlar el m\u00f3vil, el ordenador, la tableta o la smart tv simplemente con el movimiento de la cabeza. Con\u00e9ctalo opcionalmente con un interruptor adaptable para hacer clic.\" \/>\n<meta name=\"robots\" content=\"index, follow, max-snippet:-1, max-image-preview:large, max-video-preview:-1\" \/>\n<link rel=\"canonical\" href=\"https:\/\/glassouse.com\/es\/product\/glassouse-v1-4\/\" \/>\n<meta property=\"og:locale\" content=\"es_ES\" \/>\n<meta property=\"og:type\" content=\"article\" \/>\n<meta property=\"og:title\" content=\"Nuevo GlassOuse V1.4 : Dispositivo de asistencia para personas con discapacidad\" \/>\n<meta property=\"og:description\" content=\"GlassOuse V1.4 es un rat\u00f3n inal\u00e1mbrico de cabeza f\u00e1cil de usar para controlar el m\u00f3vil, el ordenador, la tableta o la smart tv simplemente con el movimiento de la cabeza. Con\u00e9ctalo opcionalmente con un interruptor adaptable para hacer clic.\" \/>\n<meta property=\"og:url\" content=\"https:\/\/glassouse.com\/es\/product\/glassouse-v1-4\/\" \/>\n<meta property=\"og:site_name\" content=\"Glassouse Assistive Device\" \/>\n<meta property=\"article:publisher\" content=\"https:\/\/www.facebook.com\/glassouse\/\" \/>\n<meta property=\"article:modified_time\" content=\"2026-04-27T09:11:40+00:00\" \/>\n<meta property=\"og:image\" content=\"https:\/\/glassouse.com\/wp-content\/uploads\/2021\/07\/GlassOuse-V1.4-4.jpg\" \/>\n\t<meta property=\"og:image:width\" content=\"1000\" \/>\n\t<meta property=\"og:image:height\" content=\"1000\" \/>\n\t<meta property=\"og:image:type\" content=\"image\/jpeg\" \/>\n<meta name=\"twitter:card\" content=\"summary_large_image\" \/>\n<meta name=\"twitter:site\" content=\"@glassouse\" \/>\n<meta name=\"twitter:label1\" content=\"Tiempo de lectura\" \/>\n\t<meta name=\"twitter:data1\" content=\"5 minutos\" \/>\n<script type=\"application\/ld+json\" class=\"yoast-schema-graph\">{\"@context\":\"https:\\\/\\\/schema.org\",\"@graph\":[{\"@type\":\"WebPage\",\"@id\":\"https:\\\/\\\/glassouse.com\\\/es\\\/product\\\/glassouse-v1-4\\\/\",\"url\":\"https:\\\/\\\/glassouse.com\\\/es\\\/product\\\/glassouse-v1-4\\\/\",\"name\":\"Nuevo GlassOuse V1.4 : Dispositivo de asistencia para personas con discapacidad\",\"isPartOf\":{\"@id\":\"https:\\\/\\\/glassouse.com\\\/es\\\/#website\"},\"primaryImageOfPage\":{\"@id\":\"https:\\\/\\\/glassouse.com\\\/es\\\/product\\\/glassouse-v1-4\\\/#primaryimage\"},\"image\":{\"@id\":\"https:\\\/\\\/glassouse.com\\\/es\\\/product\\\/glassouse-v1-4\\\/#primaryimage\"},\"thumbnailUrl\":\"https:\\\/\\\/glassouse.com\\\/wp-content\\\/uploads\\\/2021\\\/07\\\/GlassOuse-V1.4-4.jpg\",\"datePublished\":\"2021-07-09T02:29:49+00:00\",\"dateModified\":\"2026-04-27T09:11:40+00:00\",\"description\":\"GlassOuse V1.4 es un rat\u00f3n inal\u00e1mbrico de cabeza f\u00e1cil de usar para controlar el m\u00f3vil, el ordenador, la tableta o la smart tv simplemente con el movimiento de la cabeza. Con\u00e9ctalo opcionalmente con un interruptor adaptable para hacer clic.\",\"breadcrumb\":{\"@id\":\"https:\\\/\\\/glassouse.com\\\/es\\\/product\\\/glassouse-v1-4\\\/#breadcrumb\"},\"inLanguage\":\"es\",\"potentialAction\":[{\"@type\":\"ReadAction\",\"target\":[\"https:\\\/\\\/glassouse.com\\\/es\\\/product\\\/glassouse-v1-4\\\/\"]}]},{\"@type\":\"ImageObject\",\"inLanguage\":\"es\",\"@id\":\"https:\\\/\\\/glassouse.com\\\/es\\\/product\\\/glassouse-v1-4\\\/#primaryimage\",\"url\":\"https:\\\/\\\/glassouse.com\\\/wp-content\\\/uploads\\\/2021\\\/07\\\/GlassOuse-V1.4-4.jpg\",\"contentUrl\":\"https:\\\/\\\/glassouse.com\\\/wp-content\\\/uploads\\\/2021\\\/07\\\/GlassOuse-V1.4-4.jpg\",\"width\":1000,\"height\":1000,\"caption\":\"GlassOuse-V1.4\"},{\"@type\":\"BreadcrumbList\",\"@id\":\"https:\\\/\\\/glassouse.com\\\/es\\\/product\\\/glassouse-v1-4\\\/#breadcrumb\",\"itemListElement\":[{\"@type\":\"ListItem\",\"position\":1,\"name\":\"Home\",\"item\":\"https:\\\/\\\/glassouse.com\\\/es\\\/inicio\\\/\"},{\"@type\":\"ListItem\",\"position\":2,\"name\":\"Tienda\",\"item\":\"https:\\\/\\\/glassouse.com\\\/es\\\/tienda\\\/\"},{\"@type\":\"ListItem\",\"position\":3,\"name\":\"GlassOuse V1.4\"}]},{\"@type\":\"WebSite\",\"@id\":\"https:\\\/\\\/glassouse.com\\\/es\\\/#website\",\"url\":\"https:\\\/\\\/glassouse.com\\\/es\\\/\",\"name\":\"Glassouse Assistive Device\",\"description\":\"Assistive Device and Switches for Disabled\",\"publisher\":{\"@id\":\"https:\\\/\\\/glassouse.com\\\/es\\\/#organization\"},\"potentialAction\":[{\"@type\":\"SearchAction\",\"target\":{\"@type\":\"EntryPoint\",\"urlTemplate\":\"https:\\\/\\\/glassouse.com\\\/es\\\/?s={search_term_string}\"},\"query-input\":{\"@type\":\"PropertyValueSpecification\",\"valueRequired\":true,\"valueName\":\"search_term_string\"}}],\"inLanguage\":\"es\"},{\"@type\":\"Organization\",\"@id\":\"https:\\\/\\\/glassouse.com\\\/es\\\/#organization\",\"name\":\"GlassOuse Assistive Device\",\"url\":\"https:\\\/\\\/glassouse.com\\\/es\\\/\",\"logo\":{\"@type\":\"ImageObject\",\"inLanguage\":\"es\",\"@id\":\"https:\\\/\\\/glassouse.com\\\/es\\\/#\\\/schema\\\/logo\\\/image\\\/\",\"url\":\"https:\\\/\\\/glassouse.com\\\/wp-content\\\/uploads\\\/2017\\\/11\\\/logo.jpg\",\"contentUrl\":\"https:\\\/\\\/glassouse.com\\\/wp-content\\\/uploads\\\/2017\\\/11\\\/logo.jpg\",\"width\":500,\"height\":500,\"caption\":\"GlassOuse Assistive Device\"},\"image\":{\"@id\":\"https:\\\/\\\/glassouse.com\\\/es\\\/#\\\/schema\\\/logo\\\/image\\\/\"},\"sameAs\":[\"https:\\\/\\\/www.facebook.com\\\/glassouse\\\/\",\"https:\\\/\\\/x.com\\\/glassouse\",\"https:\\\/\\\/www.instagram.com\\\/glassouseassistivedevice\\\/\",\"https:\\\/\\\/www.linkedin.com\\\/company\\\/glassouse\\\/\",\"https:\\\/\\\/www.youtube.com\\\/channel\\\/UCM5pebcmVXbu00QYd91_Gyw\"]}]}<\/script>\n<!-- \/ Yoast SEO plugin. -->","yoast_head_json":{"title":"Nuevo GlassOuse V1.4 : Dispositivo de asistencia para personas con discapacidad","description":"GlassOuse V1.4 es un rat\u00f3n inal\u00e1mbrico de cabeza f\u00e1cil de usar para controlar el m\u00f3vil, el ordenador, la tableta o la smart tv simplemente con el movimiento de la cabeza. Con\u00e9ctalo opcionalmente con un interruptor adaptable para hacer clic.","robots":{"index":"index","follow":"follow","max-snippet":"max-snippet:-1","max-image-preview":"max-image-preview:large","max-video-preview":"max-video-preview:-1"},"canonical":"https:\/\/glassouse.com\/es\/product\/glassouse-v1-4\/","og_locale":"es_ES","og_type":"article","og_title":"Nuevo GlassOuse V1.4 : Dispositivo de asistencia para personas con discapacidad","og_description":"GlassOuse V1.4 es un rat\u00f3n inal\u00e1mbrico de cabeza f\u00e1cil de usar para controlar el m\u00f3vil, el ordenador, la tableta o la smart tv simplemente con el movimiento de la cabeza. Con\u00e9ctalo opcionalmente con un interruptor adaptable para hacer clic.","og_url":"https:\/\/glassouse.com\/es\/product\/glassouse-v1-4\/","og_site_name":"Glassouse Assistive Device","article_publisher":"https:\/\/www.facebook.com\/glassouse\/","article_modified_time":"2026-04-27T09:11:40+00:00","og_image":[{"width":1000,"height":1000,"url":"https:\/\/glassouse.com\/wp-content\/uploads\/2021\/07\/GlassOuse-V1.4-4.jpg","type":"image\/jpeg"}],"twitter_card":"summary_large_image","twitter_site":"@glassouse","twitter_misc":{"Tiempo de lectura":"5 minutos"},"schema":{"@context":"https:\/\/schema.org","@graph":[{"@type":"WebPage","@id":"https:\/\/glassouse.com\/es\/product\/glassouse-v1-4\/","url":"https:\/\/glassouse.com\/es\/product\/glassouse-v1-4\/","name":"Nuevo GlassOuse V1.4 : Dispositivo de asistencia para personas con discapacidad","isPartOf":{"@id":"https:\/\/glassouse.com\/es\/#website"},"primaryImageOfPage":{"@id":"https:\/\/glassouse.com\/es\/product\/glassouse-v1-4\/#primaryimage"},"image":{"@id":"https:\/\/glassouse.com\/es\/product\/glassouse-v1-4\/#primaryimage"},"thumbnailUrl":"https:\/\/glassouse.com\/wp-content\/uploads\/2021\/07\/GlassOuse-V1.4-4.jpg","datePublished":"2021-07-09T02:29:49+00:00","dateModified":"2026-04-27T09:11:40+00:00","description":"GlassOuse V1.4 es un rat\u00f3n inal\u00e1mbrico de cabeza f\u00e1cil de usar para controlar el m\u00f3vil, el ordenador, la tableta o la smart tv simplemente con el movimiento de la cabeza. Con\u00e9ctalo opcionalmente con un interruptor adaptable para hacer clic.","breadcrumb":{"@id":"https:\/\/glassouse.com\/es\/product\/glassouse-v1-4\/#breadcrumb"},"inLanguage":"es","potentialAction":[{"@type":"ReadAction","target":["https:\/\/glassouse.com\/es\/product\/glassouse-v1-4\/"]}]},{"@type":"ImageObject","inLanguage":"es","@id":"https:\/\/glassouse.com\/es\/product\/glassouse-v1-4\/#primaryimage","url":"https:\/\/glassouse.com\/wp-content\/uploads\/2021\/07\/GlassOuse-V1.4-4.jpg","contentUrl":"https:\/\/glassouse.com\/wp-content\/uploads\/2021\/07\/GlassOuse-V1.4-4.jpg","width":1000,"height":1000,"caption":"GlassOuse-V1.4"},{"@type":"BreadcrumbList","@id":"https:\/\/glassouse.com\/es\/product\/glassouse-v1-4\/#breadcrumb","itemListElement":[{"@type":"ListItem","position":1,"name":"Home","item":"https:\/\/glassouse.com\/es\/inicio\/"},{"@type":"ListItem","position":2,"name":"Tienda","item":"https:\/\/glassouse.com\/es\/tienda\/"},{"@type":"ListItem","position":3,"name":"GlassOuse V1.4"}]},{"@type":"WebSite","@id":"https:\/\/glassouse.com\/es\/#website","url":"https:\/\/glassouse.com\/es\/","name":"Glassouse Assistive Device","description":"Assistive Device and Switches for Disabled","publisher":{"@id":"https:\/\/glassouse.com\/es\/#organization"},"potentialAction":[{"@type":"SearchAction","target":{"@type":"EntryPoint","urlTemplate":"https:\/\/glassouse.com\/es\/?s={search_term_string}"},"query-input":{"@type":"PropertyValueSpecification","valueRequired":true,"valueName":"search_term_string"}}],"inLanguage":"es"},{"@type":"Organization","@id":"https:\/\/glassouse.com\/es\/#organization","name":"GlassOuse Assistive Device","url":"https:\/\/glassouse.com\/es\/","logo":{"@type":"ImageObject","inLanguage":"es","@id":"https:\/\/glassouse.com\/es\/#\/schema\/logo\/image\/","url":"https:\/\/glassouse.com\/wp-content\/uploads\/2017\/11\/logo.jpg","contentUrl":"https:\/\/glassouse.com\/wp-content\/uploads\/2017\/11\/logo.jpg","width":500,"height":500,"caption":"GlassOuse Assistive Device"},"image":{"@id":"https:\/\/glassouse.com\/es\/#\/schema\/logo\/image\/"},"sameAs":["https:\/\/www.facebook.com\/glassouse\/","https:\/\/x.com\/glassouse","https:\/\/www.instagram.com\/glassouseassistivedevice\/","https:\/\/www.linkedin.com\/company\/glassouse\/","https:\/\/www.youtube.com\/channel\/UCM5pebcmVXbu00QYd91_Gyw"]}]}},"_links":{"self":[{"href":"https:\/\/glassouse.com\/es\/wp-json\/wp\/v2\/product\/30745","targetHints":{"allow":["GET"]}}],"collection":[{"href":"https:\/\/glassouse.com\/es\/wp-json\/wp\/v2\/product"}],"about":[{"href":"https:\/\/glassouse.com\/es\/wp-json\/wp\/v2\/types\/product"}],"wp:featuredmedia":[{"embeddable":true,"href":"https:\/\/glassouse.com\/es\/wp-json\/wp\/v2\/media\/30803"}],"wp:attachment":[{"href":"https:\/\/glassouse.com\/es\/wp-json\/wp\/v2\/media?parent=30745"}],"wp:term":[{"taxonomy":"product_brand","embeddable":true,"href":"https:\/\/glassouse.com\/es\/wp-json\/wp\/v2\/product_brand?post=30745"},{"taxonomy":"product_cat","embeddable":true,"href":"https:\/\/glassouse.com\/es\/wp-json\/wp\/v2\/product_cat?post=30745"},{"taxonomy":"product_tag","embeddable":true,"href":"https:\/\/glassouse.com\/es\/wp-json\/wp\/v2\/product_tag?post=30745"}],"curies":[{"name":"wp","href":"https:\/\/api.w.org\/{rel}","templated":true}]}}