{"id":31544,"date":"2022-06-28T05:48:42","date_gmt":"2022-06-27T21:48:42","guid":{"rendered":"https:\/\/glassouse.com\/product\/gw01-g-framewear\/"},"modified":"2022-06-28T05:48:42","modified_gmt":"2022-06-27T21:48:42","slug":"gw01-g-framewear","status":"publish","type":"product","link":"https:\/\/glassouse.com\/es\/product\/gw01-g-framewear\/","title":{"rendered":"GW01 G-Framewear"},"content":{"rendered":"<h3><strong>Resumen del producto<\/strong><\/h3>\n<p>Como unas gafas normales, puedes ponerte la montura G sobre la frente y enganchar GlassOuse a ambos lados en su cierre. Su longitud frontal puede ajustarse tirando hacia fuera o empujando hacia dentro para hacerla m\u00e1s firme y c\u00f3moda mientras la usas. Tambi\u00e9n se puede llevar f\u00e1cilmente sobre las gafas normales.  <\/p>\n<p>Sus brazos plegables facilitan su transporte y est\u00e1n hechos de ABS endurecido pero el\u00e1stico, lo que le confiere una gran flexibilidad.<\/p>\n<h3><strong>C\u00f3mo utilizarlo<\/strong><\/h3>\n<ol>\n<li>Monta el cierre GlassOuse en la G-Framewear en el lado derecho o izquierdo, seg\u00fan te convenga.<\/li>\n<li>Desliza correctamente el GlassOuse en el cierre hasta que quede firme y estable. Deber\u00edas o\u00edr un \u00abclic\u00bb despu\u00e9s de una fijaci\u00f3n correcta. <\/li>\n<li>Ponte las gafas de montura G sobre la frente. Tambi\u00e9n puedes llevarlas sobre tus gafas normales. <\/li>\n<li>Ajuste de la longitud frontal: Si te aprieta demasiado o te resulta inc\u00f3modo, sujeta ambas asas de la montura por la parte delantera y tira de ellas por igual para ajustar su longitud y viceversa.<\/li>\n<li>Para extraer el GlassOuse, empuja el pestillo de extracci\u00f3n y tira del GlassOuse hacia fuera.<\/li>\n<\/ol>\n","protected":false},"excerpt":{"rendered":"<p>Resumen del producto Como unas gafas normales, puedes ponerte la montura G sobre la frente y enganchar GlassOuse a ambos [&hellip;]<\/p>\n","protected":false},"featured_media":31547,"template":"","meta":{"_acf_changed":false},"product_brand":[],"product_cat":[237],"product_tag":[],"class_list":{"0":"post-31544","1":"product","2":"type-product","3":"status-publish","4":"has-post-thumbnail","6":"product_cat-glassouse-g-wear","8":"first","9":"instock","10":"shipping-taxable","11":"purchasable","12":"product-type-simple"},"acf":[],"yoast_head":"<!-- This site is optimized with the Yoast SEO plugin v27.4 - https:\/\/yoast.com\/product\/yoast-seo-wordpress\/ -->\n<title>GW01 G-Framewear - Glassouse Assistive Device<\/title>\n<meta name=\"robots\" content=\"index, follow, max-snippet:-1, max-image-preview:large, max-video-preview:-1\" \/>\n<link rel=\"canonical\" href=\"https:\/\/glassouse.com\/es\/product\/gw01-g-framewear\/\" \/>\n<meta property=\"og:locale\" content=\"es_ES\" \/>\n<meta property=\"og:type\" content=\"article\" \/>\n<meta property=\"og:title\" content=\"GW01 G-Framewear - Glassouse Assistive Device\" \/>\n<meta property=\"og:description\" content=\"Resumen del producto Como unas gafas normales, puedes ponerte la montura G sobre la frente y enganchar GlassOuse a ambos [&hellip;]\" \/>\n<meta property=\"og:url\" content=\"https:\/\/glassouse.com\/es\/product\/gw01-g-framewear\/\" \/>\n<meta property=\"og:site_name\" content=\"Glassouse Assistive Device\" \/>\n<meta property=\"article:publisher\" content=\"https:\/\/www.facebook.com\/glassouse\/\" \/>\n<meta property=\"og:image\" content=\"https:\/\/glassouse.com\/wp-content\/uploads\/2022\/06\/GW01-G-Framewear-2.jpg\" \/>\n\t<meta property=\"og:image:width\" content=\"1000\" \/>\n\t<meta property=\"og:image:height\" content=\"1000\" \/>\n\t<meta property=\"og:image:type\" content=\"image\/jpeg\" \/>\n<meta name=\"twitter:card\" content=\"summary_large_image\" \/>\n<meta name=\"twitter:site\" content=\"@glassouse\" \/>\n<meta name=\"twitter:label1\" content=\"Tiempo de lectura\" \/>\n\t<meta name=\"twitter:data1\" content=\"1 minuto\" \/>\n<script type=\"application\/ld+json\" class=\"yoast-schema-graph\">{\"@context\":\"https:\\\/\\\/schema.org\",\"@graph\":[{\"@type\":\"WebPage\",\"@id\":\"https:\\\/\\\/glassouse.com\\\/es\\\/product\\\/gw01-g-framewear\\\/\",\"url\":\"https:\\\/\\\/glassouse.com\\\/es\\\/product\\\/gw01-g-framewear\\\/\",\"name\":\"GW01 G-Framewear - Glassouse Assistive Device\",\"isPartOf\":{\"@id\":\"https:\\\/\\\/glassouse.com\\\/es\\\/#website\"},\"primaryImageOfPage\":{\"@id\":\"https:\\\/\\\/glassouse.com\\\/es\\\/product\\\/gw01-g-framewear\\\/#primaryimage\"},\"image\":{\"@id\":\"https:\\\/\\\/glassouse.com\\\/es\\\/product\\\/gw01-g-framewear\\\/#primaryimage\"},\"thumbnailUrl\":\"https:\\\/\\\/glassouse.com\\\/wp-content\\\/uploads\\\/2022\\\/06\\\/GW01-G-Framewear-2.jpg\",\"datePublished\":\"2022-06-27T21:48:42+00:00\",\"breadcrumb\":{\"@id\":\"https:\\\/\\\/glassouse.com\\\/es\\\/product\\\/gw01-g-framewear\\\/#breadcrumb\"},\"inLanguage\":\"es\",\"potentialAction\":[{\"@type\":\"ReadAction\",\"target\":[\"https:\\\/\\\/glassouse.com\\\/es\\\/product\\\/gw01-g-framewear\\\/\"]}]},{\"@type\":\"ImageObject\",\"inLanguage\":\"es\",\"@id\":\"https:\\\/\\\/glassouse.com\\\/es\\\/product\\\/gw01-g-framewear\\\/#primaryimage\",\"url\":\"https:\\\/\\\/glassouse.com\\\/wp-content\\\/uploads\\\/2022\\\/06\\\/GW01-G-Framewear-2.jpg\",\"contentUrl\":\"https:\\\/\\\/glassouse.com\\\/wp-content\\\/uploads\\\/2022\\\/06\\\/GW01-G-Framewear-2.jpg\",\"width\":1000,\"height\":1000,\"caption\":\"G-Framewear\"},{\"@type\":\"BreadcrumbList\",\"@id\":\"https:\\\/\\\/glassouse.com\\\/es\\\/product\\\/gw01-g-framewear\\\/#breadcrumb\",\"itemListElement\":[{\"@type\":\"ListItem\",\"position\":1,\"name\":\"Home\",\"item\":\"https:\\\/\\\/glassouse.com\\\/es\\\/inicio\\\/\"},{\"@type\":\"ListItem\",\"position\":2,\"name\":\"Tienda\",\"item\":\"https:\\\/\\\/glassouse.com\\\/es\\\/tienda\\\/\"},{\"@type\":\"ListItem\",\"position\":3,\"name\":\"GW01 G-Framewear\"}]},{\"@type\":\"WebSite\",\"@id\":\"https:\\\/\\\/glassouse.com\\\/es\\\/#website\",\"url\":\"https:\\\/\\\/glassouse.com\\\/es\\\/\",\"name\":\"Glassouse Assistive Device\",\"description\":\"Assistive Device and Switches for Disabled\",\"publisher\":{\"@id\":\"https:\\\/\\\/glassouse.com\\\/es\\\/#organization\"},\"potentialAction\":[{\"@type\":\"SearchAction\",\"target\":{\"@type\":\"EntryPoint\",\"urlTemplate\":\"https:\\\/\\\/glassouse.com\\\/es\\\/?s={search_term_string}\"},\"query-input\":{\"@type\":\"PropertyValueSpecification\",\"valueRequired\":true,\"valueName\":\"search_term_string\"}}],\"inLanguage\":\"es\"},{\"@type\":\"Organization\",\"@id\":\"https:\\\/\\\/glassouse.com\\\/es\\\/#organization\",\"name\":\"GlassOuse Assistive Device\",\"url\":\"https:\\\/\\\/glassouse.com\\\/es\\\/\",\"logo\":{\"@type\":\"ImageObject\",\"inLanguage\":\"es\",\"@id\":\"https:\\\/\\\/glassouse.com\\\/es\\\/#\\\/schema\\\/logo\\\/image\\\/\",\"url\":\"https:\\\/\\\/glassouse.com\\\/wp-content\\\/uploads\\\/2017\\\/11\\\/logo.jpg\",\"contentUrl\":\"https:\\\/\\\/glassouse.com\\\/wp-content\\\/uploads\\\/2017\\\/11\\\/logo.jpg\",\"width\":500,\"height\":500,\"caption\":\"GlassOuse Assistive Device\"},\"image\":{\"@id\":\"https:\\\/\\\/glassouse.com\\\/es\\\/#\\\/schema\\\/logo\\\/image\\\/\"},\"sameAs\":[\"https:\\\/\\\/www.facebook.com\\\/glassouse\\\/\",\"https:\\\/\\\/x.com\\\/glassouse\",\"https:\\\/\\\/www.instagram.com\\\/glassouseassistivedevice\\\/\",\"https:\\\/\\\/www.linkedin.com\\\/company\\\/glassouse\\\/\",\"https:\\\/\\\/www.youtube.com\\\/channel\\\/UCM5pebcmVXbu00QYd91_Gyw\"]}]}<\/script>\n<!-- \/ Yoast SEO plugin. -->","yoast_head_json":{"title":"GW01 G-Framewear - Glassouse Assistive Device","robots":{"index":"index","follow":"follow","max-snippet":"max-snippet:-1","max-image-preview":"max-image-preview:large","max-video-preview":"max-video-preview:-1"},"canonical":"https:\/\/glassouse.com\/es\/product\/gw01-g-framewear\/","og_locale":"es_ES","og_type":"article","og_title":"GW01 G-Framewear - Glassouse Assistive Device","og_description":"Resumen del producto Como unas gafas normales, puedes ponerte la montura G sobre la frente y enganchar GlassOuse a ambos [&hellip;]","og_url":"https:\/\/glassouse.com\/es\/product\/gw01-g-framewear\/","og_site_name":"Glassouse Assistive Device","article_publisher":"https:\/\/www.facebook.com\/glassouse\/","og_image":[{"width":1000,"height":1000,"url":"https:\/\/glassouse.com\/wp-content\/uploads\/2022\/06\/GW01-G-Framewear-2.jpg","type":"image\/jpeg"}],"twitter_card":"summary_large_image","twitter_site":"@glassouse","twitter_misc":{"Tiempo de lectura":"1 minuto"},"schema":{"@context":"https:\/\/schema.org","@graph":[{"@type":"WebPage","@id":"https:\/\/glassouse.com\/es\/product\/gw01-g-framewear\/","url":"https:\/\/glassouse.com\/es\/product\/gw01-g-framewear\/","name":"GW01 G-Framewear - Glassouse Assistive Device","isPartOf":{"@id":"https:\/\/glassouse.com\/es\/#website"},"primaryImageOfPage":{"@id":"https:\/\/glassouse.com\/es\/product\/gw01-g-framewear\/#primaryimage"},"image":{"@id":"https:\/\/glassouse.com\/es\/product\/gw01-g-framewear\/#primaryimage"},"thumbnailUrl":"https:\/\/glassouse.com\/wp-content\/uploads\/2022\/06\/GW01-G-Framewear-2.jpg","datePublished":"2022-06-27T21:48:42+00:00","breadcrumb":{"@id":"https:\/\/glassouse.com\/es\/product\/gw01-g-framewear\/#breadcrumb"},"inLanguage":"es","potentialAction":[{"@type":"ReadAction","target":["https:\/\/glassouse.com\/es\/product\/gw01-g-framewear\/"]}]},{"@type":"ImageObject","inLanguage":"es","@id":"https:\/\/glassouse.com\/es\/product\/gw01-g-framewear\/#primaryimage","url":"https:\/\/glassouse.com\/wp-content\/uploads\/2022\/06\/GW01-G-Framewear-2.jpg","contentUrl":"https:\/\/glassouse.com\/wp-content\/uploads\/2022\/06\/GW01-G-Framewear-2.jpg","width":1000,"height":1000,"caption":"G-Framewear"},{"@type":"BreadcrumbList","@id":"https:\/\/glassouse.com\/es\/product\/gw01-g-framewear\/#breadcrumb","itemListElement":[{"@type":"ListItem","position":1,"name":"Home","item":"https:\/\/glassouse.com\/es\/inicio\/"},{"@type":"ListItem","position":2,"name":"Tienda","item":"https:\/\/glassouse.com\/es\/tienda\/"},{"@type":"ListItem","position":3,"name":"GW01 G-Framewear"}]},{"@type":"WebSite","@id":"https:\/\/glassouse.com\/es\/#website","url":"https:\/\/glassouse.com\/es\/","name":"Glassouse Assistive Device","description":"Assistive Device and Switches for Disabled","publisher":{"@id":"https:\/\/glassouse.com\/es\/#organization"},"potentialAction":[{"@type":"SearchAction","target":{"@type":"EntryPoint","urlTemplate":"https:\/\/glassouse.com\/es\/?s={search_term_string}"},"query-input":{"@type":"PropertyValueSpecification","valueRequired":true,"valueName":"search_term_string"}}],"inLanguage":"es"},{"@type":"Organization","@id":"https:\/\/glassouse.com\/es\/#organization","name":"GlassOuse Assistive Device","url":"https:\/\/glassouse.com\/es\/","logo":{"@type":"ImageObject","inLanguage":"es","@id":"https:\/\/glassouse.com\/es\/#\/schema\/logo\/image\/","url":"https:\/\/glassouse.com\/wp-content\/uploads\/2017\/11\/logo.jpg","contentUrl":"https:\/\/glassouse.com\/wp-content\/uploads\/2017\/11\/logo.jpg","width":500,"height":500,"caption":"GlassOuse Assistive Device"},"image":{"@id":"https:\/\/glassouse.com\/es\/#\/schema\/logo\/image\/"},"sameAs":["https:\/\/www.facebook.com\/glassouse\/","https:\/\/x.com\/glassouse","https:\/\/www.instagram.com\/glassouseassistivedevice\/","https:\/\/www.linkedin.com\/company\/glassouse\/","https:\/\/www.youtube.com\/channel\/UCM5pebcmVXbu00QYd91_Gyw"]}]}},"_links":{"self":[{"href":"https:\/\/glassouse.com\/es\/wp-json\/wp\/v2\/product\/31544","targetHints":{"allow":["GET"]}}],"collection":[{"href":"https:\/\/glassouse.com\/es\/wp-json\/wp\/v2\/product"}],"about":[{"href":"https:\/\/glassouse.com\/es\/wp-json\/wp\/v2\/types\/product"}],"wp:featuredmedia":[{"embeddable":true,"href":"https:\/\/glassouse.com\/es\/wp-json\/wp\/v2\/media\/31547"}],"wp:attachment":[{"href":"https:\/\/glassouse.com\/es\/wp-json\/wp\/v2\/media?parent=31544"}],"wp:term":[{"taxonomy":"product_brand","embeddable":true,"href":"https:\/\/glassouse.com\/es\/wp-json\/wp\/v2\/product_brand?post=31544"},{"taxonomy":"product_cat","embeddable":true,"href":"https:\/\/glassouse.com\/es\/wp-json\/wp\/v2\/product_cat?post=31544"},{"taxonomy":"product_tag","embeddable":true,"href":"https:\/\/glassouse.com\/es\/wp-json\/wp\/v2\/product_tag?post=31544"}],"curies":[{"name":"wp","href":"https:\/\/api.w.org\/{rel}","templated":true}]}}