{"id":32526,"date":"2023-11-13T06:33:26","date_gmt":"2023-11-12T22:33:26","guid":{"rendered":"https:\/\/glassouse.com\/product\/interruptor-intermitente-gs12-glassouse\/"},"modified":"2026-04-27T17:13:25","modified_gmt":"2026-04-27T09:13:25","slug":"interruptor-intermitente-gs12-glassouse","status":"publish","type":"product","link":"https:\/\/glassouse.com\/es\/product\/interruptor-intermitente-gs12-glassouse\/","title":{"rendered":"Interruptor intermitente GS12 GlassOuse"},"content":{"rendered":"<div class=\"wpb-content-wrapper\"><p>[vc_row unlock_row_content=\u00bbyes\u00bb row_height_percent=\u00bb0&#8243; override_padding=\u00bbyes\u00bb h_padding=\u00bb0&#8243; top_padding=\u00bb0&#8243; bottom_padding=\u00bb0&#8243; overlay_alpha=\u00bb50&#8243; equal_height=\u00bbyes\u00bb gutter_size=\u00bb0&#8243; column_width_percent=\u00bb100&#8243; shift_y=\u00bb0&#8243; z_index=\u00bb0&#8243; el_class=\u00bbcompact_section\u00bb uncode_shortcode_id=\u00bb854311&#8243; css=\u00bb.vc_custom_1699893539827{padding-top: 15px !important;padding-right: 0px !important;padding-left: 0px !important;}\u00bb][vc_column column_width_percent=\u00bb100&#8243; position_horizontal=\u00bbleft\u00bb position_vertical=\u00bbmiddle\u00bb gutter_size=\u00bb0&#8243; override_padding=\u00bbyes\u00bb column_padding=\u00bb0&#8243; back_image=\u00bb32548&#8243; back_repeat=\u00bbno-repeat\u00bb back_position=\u00bbright top\u00bb overlay_alpha=\u00bb50&#8243; shift_x=\u00bb0&#8243; shift_y=\u00bb0&#8243; shift_y_down=\u00bb0&#8243; z_index=\u00bb0&#8243; medium_width=\u00bb0&#8243; mobile_width=\u00bb0&#8243; width=\u00bb1\/1&#8243; uncode_shortcode_id=\u00bb591427&#8243; css=\u00bb.vc_custom_1699909269674{padding-top: 160px !important;padding-right: 0px !important;padding-bottom: 160px !important;padding-left: 50px !important;}\u00bb el_class=\u00bbcontent_column bg_right_top\u00bb][vc_row_inner row_inner_height_percent=\u00bb0&#8243; force_width_grid=\u00bbyes\u00bb overlay_alpha=\u00bb50&#8243; gutter_size=\u00bb0&#8243; shift_y=\u00bb0&#8243; z_index=\u00bb0&#8243; uncode_shortcode_id=\u00bb192230&#8243; css=\u00bb.vc_custom_1699893524371{padding-right: 0px !important;padding-left: 0px !important;}\u00bb el_class=\u00bblimit-width\u00bb][vc_column_inner column_width_percent=\u00bb70&#8243; position_horizontal=\u00bbleft\u00bb position_vertical=\u00bbmiddle\u00bb gutter_size=\u00bb0&#8243; override_padding=\u00bbyes\u00bb column_padding=\u00bb0&#8243; overlay_alpha=\u00bb50&#8243; shift_x=\u00bb0&#8243; shift_y=\u00bb0&#8243; shift_y_down=\u00bb0&#8243; z_index=\u00bb0&#8243; medium_width=\u00bb0&#8243; mobile_width=\u00bb0&#8243; width=\u00bb1\/2&#8243; uncode_shortcode_id=\u00bb579793&#8243; css=\u00bb.vc_custom_1699893618145{padding-right: 2% !important;padding-left: 0px !important;}\u00bb][vc_custom_heading text_color=\u00bbcolor-jevc\u00bb text_size=\u00bbh3&#8243; text_weight=\u00bb600&#8243; uncode_shortcode_id=\u00bb545502&#8243; text_color_type=\u00bbuncode-palette\u00bb el_class=\u00bblh-1&#8243;]Parpadeo y clic: Interacci\u00f3n sin esfuerzo en un abrir y cerrar de ojos[\/vc_custom_heading][vc_separator sep_color=\u00bb\u00bb icon_position=\u00bbleft\u00bb el_height=\u00bb5px\u00bb uncode_shortcode_id=\u00bb255087&#8243; sep_color_type=\u00bbuncode-solid\u00bb el_width=\u00bb82px\u00bb sep_color_solid=\u00bb#43b8db\u00bb el_class=\u00bbc-divider\u00bb][\/vc_column_inner][vc_column_inner width=\u00bb1\/2&#8243;][\/vc_column_inner][\/vc_row_inner][\/vc_column][\/vc_row][vc_row row_height_percent=\u00bb0&#8243; override_padding=\u00bbyes\u00bb h_padding=\u00bb0&#8243; top_padding=\u00bb0&#8243; bottom_padding=\u00bb0&#8243; overlay_alpha=\u00bb50&#8243; gutter_size=\u00bb3&#8243; column_width_percent=\u00bb100&#8243; shift_y=\u00bb0&#8243; z_index=\u00bb0&#8243; uncode_shortcode_id=\u00bb151199&#8243; css=\u00bb.vc_custom_1699894033019{padding-top: 50px !important;}\u00bb][vc_column column_width_percent=\u00bb100&#8243; align_horizontal=\u00bbalign_center\u00bb gutter_size=\u00bb3&#8243; overlay_alpha=\u00bb50&#8243; shift_x=\u00bb0&#8243; shift_y=\u00bb0&#8243; shift_y_down=\u00bb0&#8243; z_index=\u00bb0&#8243; medium_width=\u00bb0&#8243; mobile_width=\u00bb0&#8243; width=\u00bb1\/1&#8243; uncode_shortcode_id=\u00bb798976&#8243;][vc_custom_heading text_color=\u00bbcolor-jevc\u00bb text_size=\u00bbh3&#8243; text_weight=\u00bb700&#8243; text_height=\u00bblh-n\u00bb uncode_shortcode_id=\u00bb750658&#8243; text_color_type=\u00bbuncode-palette\u00bb]Interruptor de parpadeo[\/vc_custom_heading][vc_row_inner row_inner_height_percent=\u00bb0&#8243; overlay_alpha=\u00bb50&#8243; gutter_size=\u00bb3&#8243; shift_y=\u00bb0&#8243; z_index=\u00bb0&#8243; uncode_shortcode_id=\u00bb146835&#8243; el_class=\u00bbicon_boxs_wrap\u00bb][vc_column_inner column_width_percent=\u00bb100&#8243; align_horizontal=\u00bbalign_center\u00bb gutter_size=\u00bb2&#8243; overlay_alpha=\u00bb50&#8243; shift_x=\u00bb0&#8243; shift_y=\u00bb0&#8243; shift_y_down=\u00bb0&#8243; z_index=\u00bb0&#8243; medium_width=\u00bb0&#8243; mobile_width=\u00bb0&#8243; width=\u00bb1\/1&#8243; uncode_shortcode_id=\u00bb168717&#8243;][vc_icon display=\u00bbinline\u00bb icon_image=\u00bb19737&#8243; media_size=\u00bb300&#8243; text_size=\u00bbh4&#8243; text_weight=\u00bb500&#8243; text_height=\u00bblh-n\u00bb uncode_shortcode_id=\u00bb827076&#8243; title=\u00bbGlassOuse PRO\/Enlace\u00bb][\/vc_icon][vc_icon display=\u00bbinline\u00bb icon_image=\u00bb19745&#8243; media_size=\u00bb300&#8243; text_size=\u00bbh4&#8243; text_weight=\u00bb500&#8243; text_height=\u00bblh-n\u00bb uncode_shortcode_id=\u00bb866711&#8243; title=\u00bbGlassOuse 1.4 (e inferior)\u00bb][\/vc_icon][\/vc_column_inner][\/vc_row_inner][\/vc_column][\/vc_row][vc_row row_height_percent=\u00bb0&#8243; override_padding=\u00bbyes\u00bb h_padding=\u00bb2&#8243; top_padding=\u00bb2&#8243; bottom_padding=\u00bb3&#8243; overlay_alpha=\u00bb50&#8243; gutter_size=\u00bb3&#8243; column_width_percent=\u00bb100&#8243; shift_y=\u00bb0&#8243; z_index=\u00bb0&#8243; uncode_shortcode_id=\u00bb210438&#8243;][vc_column column_width_percent=\u00bb65&#8243; gutter_size=\u00bb3&#8243; overlay_alpha=\u00bb50&#8243; shift_x=\u00bb0&#8243; shift_y=\u00bb0&#8243; shift_y_down=\u00bb0&#8243; z_index=\u00bb0&#8243; medium_width=\u00bb0&#8243; mobile_width=\u00bb0&#8243; width=\u00bb1\/1&#8243; uncode_shortcode_id=\u00bb213419&#8243;][vc_row_inner row_inner_height_percent=\u00bb0&#8243; overlay_alpha=\u00bb50&#8243; gutter_size=\u00bb3&#8243; shift_y=\u00bb0&#8243; z_index=\u00bb0&#8243; uncode_shortcode_id=\u00bb137139&#8243; el_class=\u00bbinline_small_icon_wrap\u00bb back_color_type=\u00bbuncode-solid\u00bb back_color_solid=\u00bb#f3f3f3&#8243; css=\u00bb.vc_custom_1699999910392{padding-top: 30px !important;padding-right: 33px !important;padding-bottom: 30px !important;padding-left: 3px !important;}\u00bb][vc_column_inner column_width_percent=\u00bb100&#8243; position_vertical=\u00bbmiddle\u00bb align_horizontal=\u00bbalign_center\u00bb gutter_size=\u00bb2&#8243; override_padding=\u00bbyes\u00bb column_padding=\u00bb0&#8243; overlay_alpha=\u00bb50&#8243; shift_x=\u00bb0&#8243; shift_y=\u00bb0&#8243; shift_y_down=\u00bb0&#8243; z_index=\u00bb0&#8243; medium_width=\u00bb0&#8243; mobile_width=\u00bb0&#8243; width=\u00bb1\/1&#8243; uncode_shortcode_id=\u00bb970061&#8243; css=\u00bb.vc_custom_1699999777376{padding-right: 0px !important;padding-left: 0px !important;}\u00bb][vc_icon position=\u00bbright\u00bb space_reduced=\u00bbyes\u00bb display=\u00bbinline\u00bb icon_image=\u00bb19900&#8243; media_size=\u00bb50&#8243; text_size=\u00bbh4&#8243; text_weight=\u00bb500&#8243; text_height=\u00bblh-n\u00bb text_lead=\u00bbsmall\u00bb uncode_shortcode_id=\u00bb602312&#8243;]<span style=\"color: #ff0000;\">*Cuando<\/span>se utiliza con GlassOuse PRO\/Link, el interruptor Blink s\u00f3lo puede acoplarse a <span style=\"color: #000000;\">la montura GW01.<\/span>[\/vc_icon][vc_icon position=\u00bbleft\u00bb space_reduced=\u00bbyes\u00bb display=\u00bbinline\u00bb icon_image=\u00bb19908&#8243; media_size=\u00bb50&#8243; text_size=\u00bbh4&#8243; text_weight=\u00bb500&#8243; text_height=\u00bblh-n\u00bb text_lead=\u00bbsmall\u00bb uncode_shortcode_id=\u00bb817823&#8243;]Nota: Se recomienda <span style=\"color: #000000;\">no<\/span> utilizar Blink Switch con <span style=\"color: #000000;\">las gafas puestas. <\/span>[\/vc_icon][\/vc_column_inner][\/vc_row_inner][vc_icon position=\u00bbleft\u00bb icon=\u00bbfa fa-play\u00bb icon_image=\u00bb20250&#8243; icon_color=\u00bbcolor-xsdn\u00bb uncode_shortcode_id=\u00bb727097&#8243; icon_color_type=\u00bbuncode-palette\u00bb media_lightbox=\u00bb20267&#8243; el_class=\u00bbvideo_box\u00bb][\/vc_icon][vc_column_text uncode_shortcode_id=\u00bb167172&#8243;]<\/p>\n<p style=\"text-align: justify;\"><strong>Presentamos el Conmutador de Parpadeo GlassOuse<\/strong>, un c\u00f3modo conmutador de asistencia que permite a las personas con movilidad reducida controlar dispositivos digitales con un simple parpadeo. El Interruptor del Parpadeo dispone de un sensor ocular que detecta con precisi\u00f3n los parpadeos intencionados*, provocando un clic exacto y preciso en tu ordenador, tel\u00e9fonos m\u00f3viles o tabletas. <\/p>\n<p>El conmutador de parpadeo dispone de conexi\u00f3n de puerto jack de 3,5 mm y se empareja perfectamente con GlassOuse PRO\/Link* o GlassOuse V1.4 (o inferior)<\/p>\n<p><strong>La personalizaci\u00f3n es importante, y el Interruptor Parpadeante viene con un ajuste de sensibilidad al parpadeo ajustable.<\/strong>  Esto lo hace conveniente para una amplia gama de personas, ya que los usuarios pueden personalizar el interruptor seg\u00fan el nivel de comodidad que necesiten.<\/p>\n<p><strong>El Interruptor Parpadeante GlassOuse ofrece muchas ventajas.<\/strong>  Con este innovador conmutador de asistencia, los usuarios pueden navegar sin esfuerzo por las aplicaciones, navegar por Internet e interactuar con el software, todo ello mediante simples parpadeos. Permite a las personas con movilidad reducida ganar independencia y comodidad en su vida diaria. <\/p>\n<p><strong>Nuestro sitio web proporciona informaci\u00f3n completa y asistencia para el Interruptor Parpadeante GlassOuse.<\/strong>  Descubre c\u00f3mo este innovador interruptor de asistencia puede mejorar tu accesibilidad o la de tus seres queridos.[\/vc_column_text][vc_gallery el_id=\u00bbgallery-146860&#8243; medias=\u00bb32554&#8243; gutter_size=\u00bb3&#8243; screen_lg=\u00bb1000&#8243; screen_md=\u00bb600&#8243; screen_sm=\u00bb480&#8243; single_width=\u00bb12&#8243; single_overlay_opacity=\u00bb50&#8243; single_padding=\u00bb2&#8243; uncode_shortcode_id=\u00bb709740&#8243; el_class=\u00bbc_gallery\u00bb][vc_gallery el_id=\u00bbgallery-146860&#8243; isotope_mode=\u00bbfitRows\u00bb medias=\u00bb32546,32544&#8243; gutter_size=\u00bb2&#8243; screen_lg=\u00bb1000&#8243; screen_md=\u00bb600&#8243; screen_sm=\u00bb480&#8243; single_overlay_opacity=\u00bb50&#8243; single_h_align=\u00bbcenter\u00bb single_padding=\u00bb2&#8243; uncode_shortcode_id=\u00bb200321&#8243; items=\u00bbeyIxMjIwNF9pIjp7InNpbmdsZV90ZXh0Ijoib3ZlcmxheSJ9fQ==\u00bb el_class=\u00bbc_gallery two_column_gallery mt-0 pt-20&#8243;][\/vc_column][\/vc_row]<\/p>\n<\/div>","protected":false},"excerpt":{"rendered":"<p>[vc_row unlock_row_content=\u00bbyes\u00bb row_height_percent=\u00bb0&#8243; override_padding=\u00bbyes\u00bb h_padding=\u00bb0&#8243; top_padding=\u00bb0&#8243; bottom_padding=\u00bb0&#8243; overlay_alpha=\u00bb50&#8243; equal_height=\u00bbyes\u00bb gutter_size=\u00bb0&#8243; column_width_percent=\u00bb100&#8243; shift_y=\u00bb0&#8243; z_index=\u00bb0&#8243; el_class=\u00bbcompact_section\u00bb uncode_shortcode_id=\u00bb854311&#8243; css=\u00bb.vc_custom_1699893539827{padding-top: 15px !important;padding-right: 0px !important;padding-left: [&hellip;]<\/p>\n","protected":false},"featured_media":32324,"template":"","meta":{"_acf_changed":false},"product_brand":[],"product_cat":[419],"product_tag":[],"class_list":{"0":"post-32526","1":"product","2":"type-product","3":"status-publish","4":"has-post-thumbnail","6":"product_cat-interruptores-g","8":"first","9":"instock","10":"shipping-taxable","11":"purchasable","12":"product-type-simple"},"acf":[],"yoast_head":"<!-- This site is optimized with the Yoast SEO plugin v27.4 - https:\/\/yoast.com\/product\/yoast-seo-wordpress\/ -->\n<title>Interruptor parpadeante : Interruptor de asistencia GlassOuse<\/title>\n<meta name=\"description\" content=\"Interruptor de parpadeo GlassOuse - Dispositivo de asistencia que se activa con un simple parpadeo. Equipado con un conector jack de 3,5 mm. Funciona bien con GlassOuse PRO, Link, V1.4 y otros dispositivos.\" \/>\n<meta name=\"robots\" content=\"index, follow, max-snippet:-1, max-image-preview:large, max-video-preview:-1\" \/>\n<link rel=\"canonical\" href=\"https:\/\/glassouse.com\/es\/product\/interruptor-intermitente-gs12-glassouse\/\" \/>\n<meta property=\"og:locale\" content=\"es_ES\" \/>\n<meta property=\"og:type\" content=\"article\" \/>\n<meta property=\"og:title\" content=\"Interruptor parpadeante : Interruptor de asistencia GlassOuse\" \/>\n<meta property=\"og:description\" content=\"Interruptor de parpadeo GlassOuse - Dispositivo de asistencia que se activa con un simple parpadeo. Equipado con un conector jack de 3,5 mm. Funciona bien con GlassOuse PRO, Link, V1.4 y otros dispositivos.\" \/>\n<meta property=\"og:url\" content=\"https:\/\/glassouse.com\/es\/product\/interruptor-intermitente-gs12-glassouse\/\" \/>\n<meta property=\"og:site_name\" content=\"Glassouse Assistive Device\" \/>\n<meta property=\"article:publisher\" content=\"https:\/\/www.facebook.com\/glassouse\/\" \/>\n<meta property=\"article:modified_time\" content=\"2026-04-27T09:13:25+00:00\" \/>\n<meta property=\"og:image\" content=\"https:\/\/glassouse.com\/wp-content\/uploads\/2023\/11\/blink-switch-featured-img.jpg\" \/>\n\t<meta property=\"og:image:width\" content=\"1000\" \/>\n\t<meta property=\"og:image:height\" content=\"1000\" \/>\n\t<meta property=\"og:image:type\" content=\"image\/jpeg\" \/>\n<meta name=\"twitter:card\" content=\"summary_large_image\" \/>\n<meta name=\"twitter:site\" content=\"@glassouse\" \/>\n<meta name=\"twitter:label1\" content=\"Tiempo de lectura\" \/>\n\t<meta name=\"twitter:data1\" content=\"5 minutos\" \/>\n<script type=\"application\/ld+json\" class=\"yoast-schema-graph\">{\"@context\":\"https:\\\/\\\/schema.org\",\"@graph\":[{\"@type\":\"WebPage\",\"@id\":\"https:\\\/\\\/glassouse.com\\\/es\\\/product\\\/interruptor-intermitente-gs12-glassouse\\\/\",\"url\":\"https:\\\/\\\/glassouse.com\\\/es\\\/product\\\/interruptor-intermitente-gs12-glassouse\\\/\",\"name\":\"Interruptor parpadeante : Interruptor de asistencia GlassOuse\",\"isPartOf\":{\"@id\":\"https:\\\/\\\/glassouse.com\\\/es\\\/#website\"},\"primaryImageOfPage\":{\"@id\":\"https:\\\/\\\/glassouse.com\\\/es\\\/product\\\/interruptor-intermitente-gs12-glassouse\\\/#primaryimage\"},\"image\":{\"@id\":\"https:\\\/\\\/glassouse.com\\\/es\\\/product\\\/interruptor-intermitente-gs12-glassouse\\\/#primaryimage\"},\"thumbnailUrl\":\"https:\\\/\\\/glassouse.com\\\/wp-content\\\/uploads\\\/2023\\\/11\\\/blink-switch-featured-img.jpg\",\"datePublished\":\"2023-11-12T22:33:26+00:00\",\"dateModified\":\"2026-04-27T09:13:25+00:00\",\"description\":\"Interruptor de parpadeo GlassOuse - Dispositivo de asistencia que se activa con un simple parpadeo. Equipado con un conector jack de 3,5 mm. Funciona bien con GlassOuse PRO, Link, V1.4 y otros dispositivos.\",\"breadcrumb\":{\"@id\":\"https:\\\/\\\/glassouse.com\\\/es\\\/product\\\/interruptor-intermitente-gs12-glassouse\\\/#breadcrumb\"},\"inLanguage\":\"es\",\"potentialAction\":[{\"@type\":\"ReadAction\",\"target\":[\"https:\\\/\\\/glassouse.com\\\/es\\\/product\\\/interruptor-intermitente-gs12-glassouse\\\/\"]}]},{\"@type\":\"ImageObject\",\"inLanguage\":\"es\",\"@id\":\"https:\\\/\\\/glassouse.com\\\/es\\\/product\\\/interruptor-intermitente-gs12-glassouse\\\/#primaryimage\",\"url\":\"https:\\\/\\\/glassouse.com\\\/wp-content\\\/uploads\\\/2023\\\/11\\\/blink-switch-featured-img.jpg\",\"contentUrl\":\"https:\\\/\\\/glassouse.com\\\/wp-content\\\/uploads\\\/2023\\\/11\\\/blink-switch-featured-img.jpg\",\"width\":1000,\"height\":1000,\"caption\":\"Interruptor de parpadeo de la camisa de cristal\"},{\"@type\":\"BreadcrumbList\",\"@id\":\"https:\\\/\\\/glassouse.com\\\/es\\\/product\\\/interruptor-intermitente-gs12-glassouse\\\/#breadcrumb\",\"itemListElement\":[{\"@type\":\"ListItem\",\"position\":1,\"name\":\"Home\",\"item\":\"https:\\\/\\\/glassouse.com\\\/es\\\/inicio\\\/\"},{\"@type\":\"ListItem\",\"position\":2,\"name\":\"Tienda\",\"item\":\"https:\\\/\\\/glassouse.com\\\/es\\\/tienda\\\/\"},{\"@type\":\"ListItem\",\"position\":3,\"name\":\"Interruptor intermitente GS12 GlassOuse\"}]},{\"@type\":\"WebSite\",\"@id\":\"https:\\\/\\\/glassouse.com\\\/es\\\/#website\",\"url\":\"https:\\\/\\\/glassouse.com\\\/es\\\/\",\"name\":\"Glassouse Assistive Device\",\"description\":\"Assistive Device and Switches for Disabled\",\"publisher\":{\"@id\":\"https:\\\/\\\/glassouse.com\\\/es\\\/#organization\"},\"potentialAction\":[{\"@type\":\"SearchAction\",\"target\":{\"@type\":\"EntryPoint\",\"urlTemplate\":\"https:\\\/\\\/glassouse.com\\\/es\\\/?s={search_term_string}\"},\"query-input\":{\"@type\":\"PropertyValueSpecification\",\"valueRequired\":true,\"valueName\":\"search_term_string\"}}],\"inLanguage\":\"es\"},{\"@type\":\"Organization\",\"@id\":\"https:\\\/\\\/glassouse.com\\\/es\\\/#organization\",\"name\":\"GlassOuse Assistive Device\",\"url\":\"https:\\\/\\\/glassouse.com\\\/es\\\/\",\"logo\":{\"@type\":\"ImageObject\",\"inLanguage\":\"es\",\"@id\":\"https:\\\/\\\/glassouse.com\\\/es\\\/#\\\/schema\\\/logo\\\/image\\\/\",\"url\":\"https:\\\/\\\/glassouse.com\\\/wp-content\\\/uploads\\\/2017\\\/11\\\/logo.jpg\",\"contentUrl\":\"https:\\\/\\\/glassouse.com\\\/wp-content\\\/uploads\\\/2017\\\/11\\\/logo.jpg\",\"width\":500,\"height\":500,\"caption\":\"GlassOuse Assistive Device\"},\"image\":{\"@id\":\"https:\\\/\\\/glassouse.com\\\/es\\\/#\\\/schema\\\/logo\\\/image\\\/\"},\"sameAs\":[\"https:\\\/\\\/www.facebook.com\\\/glassouse\\\/\",\"https:\\\/\\\/x.com\\\/glassouse\",\"https:\\\/\\\/www.instagram.com\\\/glassouseassistivedevice\\\/\",\"https:\\\/\\\/www.linkedin.com\\\/company\\\/glassouse\\\/\",\"https:\\\/\\\/www.youtube.com\\\/channel\\\/UCM5pebcmVXbu00QYd91_Gyw\"]}]}<\/script>\n<!-- \/ Yoast SEO plugin. -->","yoast_head_json":{"title":"Interruptor parpadeante : Interruptor de asistencia GlassOuse","description":"Interruptor de parpadeo GlassOuse - Dispositivo de asistencia que se activa con un simple parpadeo. Equipado con un conector jack de 3,5 mm. Funciona bien con GlassOuse PRO, Link, V1.4 y otros dispositivos.","robots":{"index":"index","follow":"follow","max-snippet":"max-snippet:-1","max-image-preview":"max-image-preview:large","max-video-preview":"max-video-preview:-1"},"canonical":"https:\/\/glassouse.com\/es\/product\/interruptor-intermitente-gs12-glassouse\/","og_locale":"es_ES","og_type":"article","og_title":"Interruptor parpadeante : Interruptor de asistencia GlassOuse","og_description":"Interruptor de parpadeo GlassOuse - Dispositivo de asistencia que se activa con un simple parpadeo. Equipado con un conector jack de 3,5 mm. Funciona bien con GlassOuse PRO, Link, V1.4 y otros dispositivos.","og_url":"https:\/\/glassouse.com\/es\/product\/interruptor-intermitente-gs12-glassouse\/","og_site_name":"Glassouse Assistive Device","article_publisher":"https:\/\/www.facebook.com\/glassouse\/","article_modified_time":"2026-04-27T09:13:25+00:00","og_image":[{"width":1000,"height":1000,"url":"https:\/\/glassouse.com\/wp-content\/uploads\/2023\/11\/blink-switch-featured-img.jpg","type":"image\/jpeg"}],"twitter_card":"summary_large_image","twitter_site":"@glassouse","twitter_misc":{"Tiempo de lectura":"5 minutos"},"schema":{"@context":"https:\/\/schema.org","@graph":[{"@type":"WebPage","@id":"https:\/\/glassouse.com\/es\/product\/interruptor-intermitente-gs12-glassouse\/","url":"https:\/\/glassouse.com\/es\/product\/interruptor-intermitente-gs12-glassouse\/","name":"Interruptor parpadeante : Interruptor de asistencia GlassOuse","isPartOf":{"@id":"https:\/\/glassouse.com\/es\/#website"},"primaryImageOfPage":{"@id":"https:\/\/glassouse.com\/es\/product\/interruptor-intermitente-gs12-glassouse\/#primaryimage"},"image":{"@id":"https:\/\/glassouse.com\/es\/product\/interruptor-intermitente-gs12-glassouse\/#primaryimage"},"thumbnailUrl":"https:\/\/glassouse.com\/wp-content\/uploads\/2023\/11\/blink-switch-featured-img.jpg","datePublished":"2023-11-12T22:33:26+00:00","dateModified":"2026-04-27T09:13:25+00:00","description":"Interruptor de parpadeo GlassOuse - Dispositivo de asistencia que se activa con un simple parpadeo. Equipado con un conector jack de 3,5 mm. Funciona bien con GlassOuse PRO, Link, V1.4 y otros dispositivos.","breadcrumb":{"@id":"https:\/\/glassouse.com\/es\/product\/interruptor-intermitente-gs12-glassouse\/#breadcrumb"},"inLanguage":"es","potentialAction":[{"@type":"ReadAction","target":["https:\/\/glassouse.com\/es\/product\/interruptor-intermitente-gs12-glassouse\/"]}]},{"@type":"ImageObject","inLanguage":"es","@id":"https:\/\/glassouse.com\/es\/product\/interruptor-intermitente-gs12-glassouse\/#primaryimage","url":"https:\/\/glassouse.com\/wp-content\/uploads\/2023\/11\/blink-switch-featured-img.jpg","contentUrl":"https:\/\/glassouse.com\/wp-content\/uploads\/2023\/11\/blink-switch-featured-img.jpg","width":1000,"height":1000,"caption":"Interruptor de parpadeo de la camisa de cristal"},{"@type":"BreadcrumbList","@id":"https:\/\/glassouse.com\/es\/product\/interruptor-intermitente-gs12-glassouse\/#breadcrumb","itemListElement":[{"@type":"ListItem","position":1,"name":"Home","item":"https:\/\/glassouse.com\/es\/inicio\/"},{"@type":"ListItem","position":2,"name":"Tienda","item":"https:\/\/glassouse.com\/es\/tienda\/"},{"@type":"ListItem","position":3,"name":"Interruptor intermitente GS12 GlassOuse"}]},{"@type":"WebSite","@id":"https:\/\/glassouse.com\/es\/#website","url":"https:\/\/glassouse.com\/es\/","name":"Glassouse Assistive Device","description":"Assistive Device and Switches for Disabled","publisher":{"@id":"https:\/\/glassouse.com\/es\/#organization"},"potentialAction":[{"@type":"SearchAction","target":{"@type":"EntryPoint","urlTemplate":"https:\/\/glassouse.com\/es\/?s={search_term_string}"},"query-input":{"@type":"PropertyValueSpecification","valueRequired":true,"valueName":"search_term_string"}}],"inLanguage":"es"},{"@type":"Organization","@id":"https:\/\/glassouse.com\/es\/#organization","name":"GlassOuse Assistive Device","url":"https:\/\/glassouse.com\/es\/","logo":{"@type":"ImageObject","inLanguage":"es","@id":"https:\/\/glassouse.com\/es\/#\/schema\/logo\/image\/","url":"https:\/\/glassouse.com\/wp-content\/uploads\/2017\/11\/logo.jpg","contentUrl":"https:\/\/glassouse.com\/wp-content\/uploads\/2017\/11\/logo.jpg","width":500,"height":500,"caption":"GlassOuse Assistive Device"},"image":{"@id":"https:\/\/glassouse.com\/es\/#\/schema\/logo\/image\/"},"sameAs":["https:\/\/www.facebook.com\/glassouse\/","https:\/\/x.com\/glassouse","https:\/\/www.instagram.com\/glassouseassistivedevice\/","https:\/\/www.linkedin.com\/company\/glassouse\/","https:\/\/www.youtube.com\/channel\/UCM5pebcmVXbu00QYd91_Gyw"]}]}},"_links":{"self":[{"href":"https:\/\/glassouse.com\/es\/wp-json\/wp\/v2\/product\/32526","targetHints":{"allow":["GET"]}}],"collection":[{"href":"https:\/\/glassouse.com\/es\/wp-json\/wp\/v2\/product"}],"about":[{"href":"https:\/\/glassouse.com\/es\/wp-json\/wp\/v2\/types\/product"}],"wp:featuredmedia":[{"embeddable":true,"href":"https:\/\/glassouse.com\/es\/wp-json\/wp\/v2\/media\/32324"}],"wp:attachment":[{"href":"https:\/\/glassouse.com\/es\/wp-json\/wp\/v2\/media?parent=32526"}],"wp:term":[{"taxonomy":"product_brand","embeddable":true,"href":"https:\/\/glassouse.com\/es\/wp-json\/wp\/v2\/product_brand?post=32526"},{"taxonomy":"product_cat","embeddable":true,"href":"https:\/\/glassouse.com\/es\/wp-json\/wp\/v2\/product_cat?post=32526"},{"taxonomy":"product_tag","embeddable":true,"href":"https:\/\/glassouse.com\/es\/wp-json\/wp\/v2\/product_tag?post=32526"}],"curies":[{"name":"wp","href":"https:\/\/api.w.org\/{rel}","templated":true}]}}