{"id":32972,"date":"2024-05-02T22:34:14","date_gmt":"2024-05-02T14:34:14","guid":{"rendered":"https:\/\/glassouse.com\/product\/interruptor-muscular-gs13-glassouse\/"},"modified":"2026-04-27T17:13:43","modified_gmt":"2026-04-27T09:13:43","slug":"interruptor-muscular-gs13-glassouse","status":"publish","type":"product","link":"https:\/\/glassouse.com\/es\/product\/interruptor-muscular-gs13-glassouse\/","title":{"rendered":"Interruptor Muscular GS13 GlassOuse"},"content":{"rendered":"<div class=\"wpb-content-wrapper\"><p>[vc_row unlock_row_content=\u00bbyes\u00bb row_height_percent=\u00bb0&#8243; override_padding=\u00bbyes\u00bb h_padding=\u00bb0&#8243; top_padding=\u00bb0&#8243; bottom_padding=\u00bb0&#8243; overlay_alpha=\u00bb50&#8243; equal_height=\u00bbyes\u00bb gutter_size=\u00bb0&#8243; column_width_percent=\u00bb100&#8243; shift_y=\u00bb0&#8243; z_index=\u00bb0&#8243; el_class=\u00bbcompact_section\u00bb uncode_shortcode_id=\u00bb152351&#8243; css=\u00bb.vc_custom_1699886063694{padding-top: 15px !important;padding-right: 0px !important;padding-left: 0px !important;}\u00bb][vc_column column_width_percent=\u00bb100&#8243; position_horizontal=\u00bbleft\u00bb position_vertical=\u00bbmiddle\u00bb gutter_size=\u00bb0&#8243; override_padding=\u00bbyes\u00bb column_padding=\u00bb0&#8243; back_image=\u00bb32992&#8243; back_repeat=\u00bbno-repeat\u00bb overlay_alpha=\u00bb50&#8243; shift_x=\u00bb0&#8243; shift_y=\u00bb0&#8243; shift_y_down=\u00bb0&#8243; z_index=\u00bb0&#8243; medium_width=\u00bb0&#8243; mobile_width=\u00bb0&#8243; width=\u00bb1\/1&#8243; uncode_shortcode_id=\u00bb164963&#8243; css=\u00bb.vc_custom_1714661650756{padding-top: 160px !important;padding-right: 0px !important;padding-bottom: 160px !important;padding-left: 50px !important;}\u00bb el_class=\u00bbcontent_column bg_right_top\u00bb][vc_row_inner row_inner_height_percent=\u00bb0&#8243; force_width_grid=\u00bbyes\u00bb overlay_alpha=\u00bb50&#8243; gutter_size=\u00bb0&#8243; shift_y=\u00bb0&#8243; z_index=\u00bb0&#8243; uncode_shortcode_id=\u00bb101637&#8243; css=\u00bb.vc_custom_1699885489765{padding-right: 0px !important;padding-left: 0px !important;}\u00bb el_class=\u00bblimit-width\u00bb][vc_column_inner column_width_percent=\u00bb100&#8243; position_horizontal=\u00bbleft\u00bb position_vertical=\u00bbmiddle\u00bb gutter_size=\u00bb0&#8243; override_padding=\u00bbyes\u00bb column_padding=\u00bb0&#8243; overlay_alpha=\u00bb50&#8243; shift_x=\u00bb0&#8243; shift_y=\u00bb0&#8243; shift_y_down=\u00bb0&#8243; z_index=\u00bb0&#8243; medium_width=\u00bb0&#8243; mobile_width=\u00bb0&#8243; width=\u00bb1\/2&#8243; uncode_shortcode_id=\u00bb160996&#8243; css=\u00bb.vc_custom_1699830045690{padding-right: 2% !important;padding-left: 0px !important;}\u00bb][vc_custom_heading text_color=\u00bbcolor-jevc\u00bb text_size=\u00bbh3&#8243; text_weight=\u00bb600&#8243; uncode_shortcode_id=\u00bb846551&#8243; text_color_type=\u00bbuncode-palette\u00bb el_class=\u00bblh-1&#8243;]<strong style=\"font-weight: bold;\">Flex &amp; Click:<br \/>\n<\/strong>Dispositivos de control con facilidad<br \/>\nCon cada flexi\u00f3n muscular[\/vc_custom_heading][vc_separator sep_color=\u00bb\u00bb icon_position=\u00bbleft\u00bb el_height=\u00bb5px\u00bb uncode_shortcode_id=\u00bb162390&#8243; sep_color_type=\u00bbuncode-solid\u00bb el_width=\u00bb40px\u00bb sep_color_solid=\u00bb#43b8db\u00bb el_class=\u00bbc-divider\u00bb][\/vc_column_inner][vc_column_inner width=\u00bb1\/2&#8243;][\/vc_column_inner][\/vc_row_inner][\/vc_column][\/vc_row][vc_row row_height_percent=\u00bb0&#8243; overlay_alpha=\u00bb50&#8243; gutter_size=\u00bb3&#8243; column_width_percent=\u00bb100&#8243; shift_y=\u00bb0&#8243; z_index=\u00bb0&#8243; uncode_shortcode_id=\u00bb167275&#8243; css=\u00bb.vc_custom_1699887163315{padding-top: 50px !important;}\u00bb][vc_column column_width_percent=\u00bb100&#8243; align_horizontal=\u00bbalign_center\u00bb gutter_size=\u00bb3&#8243; overlay_alpha=\u00bb50&#8243; shift_x=\u00bb0&#8243; shift_y=\u00bb0&#8243; shift_y_down=\u00bb0&#8243; z_index=\u00bb0&#8243; medium_width=\u00bb0&#8243; mobile_width=\u00bb0&#8243; width=\u00bb1\/1&#8243; uncode_shortcode_id=\u00bb798976&#8243;][vc_custom_heading text_color=\u00bbcolor-jevc\u00bb text_size=\u00bbh3&#8243; text_weight=\u00bb700&#8243; text_height=\u00bblh-n\u00bb uncode_shortcode_id=\u00bb168990&#8243; text_color_type=\u00bbuncode-palette\u00bb]Interruptor muscular[\/vc_custom_heading][vc_custom_heading text_color=\u00bbcolor-jevc\u00bb heading_semantic=\u00bbp\u00bb text_size=\u00bb\u00bb text_weight=\u00bb500&#8243; text_height=\u00bblh-n\u00bb uncode_shortcode_id=\u00bb246135&#8243; text_color_type=\u00bbuncode-palette\u00bb el_class=\u00bbmt-0 pt-10&#8243;]Compatible con[\/vc_custom_heading][vc_row_inner row_inner_height_percent=\u00bb0&#8243; overlay_alpha=\u00bb50&#8243; gutter_size=\u00bb3&#8243; shift_y=\u00bb0&#8243; z_index=\u00bb0&#8243; uncode_shortcode_id=\u00bb190634&#8243; el_class=\u00bbicon_boxs_wrap\u00bb css=\u00bb.vc_custom_1699887284713{margin-top: 50px !important;padding-bottom: 0px !important;}\u00bb][vc_column_inner column_width_percent=\u00bb100&#8243; align_horizontal=\u00bbalign_center\u00bb gutter_size=\u00bb2&#8243; overlay_alpha=\u00bb50&#8243; shift_x=\u00bb0&#8243; shift_y=\u00bb0&#8243; shift_y_down=\u00bb0&#8243; z_index=\u00bb0&#8243; medium_width=\u00bb0&#8243; mobile_width=\u00bb0&#8243; width=\u00bb1\/1&#8243; uncode_shortcode_id=\u00bb168717&#8243;][vc_icon display=\u00bbinline\u00bb icon_image=\u00bb21103&#8243; media_size=\u00bb300&#8243; text_size=\u00bbh4&#8243; text_weight=\u00bb500&#8243; text_height=\u00bblh-n\u00bb uncode_shortcode_id=\u00bb846250&#8243; title=\u00bbGlassOuse PRO\/Enlace\u00bb][\/vc_icon][vc_icon display=\u00bbinline\u00bb icon_image=\u00bb21111&#8243; media_size=\u00bb300&#8243; text_size=\u00bbh4&#8243; text_weight=\u00bb500&#8243; text_height=\u00bblh-n\u00bb uncode_shortcode_id=\u00bb125397&#8243; title=\u00bbGlassOuse 1.4&#8243;][\/vc_icon][\/vc_column_inner][\/vc_row_inner][\/vc_column][\/vc_row][vc_row row_height_percent=\u00bb0&#8243; override_padding=\u00bbyes\u00bb h_padding=\u00bb0&#8243; top_padding=\u00bb0&#8243; bottom_padding=\u00bb3&#8243; overlay_alpha=\u00bb50&#8243; gutter_size=\u00bb3&#8243; column_width_percent=\u00bb100&#8243; shift_y=\u00bb0&#8243; z_index=\u00bb0&#8243; uncode_shortcode_id=\u00bb337339&#8243; css=\u00bb.vc_custom_1699889376802{padding-top: 10px !important;}\u00bb][vc_column column_width_percent=\u00bb65&#8243; gutter_size=\u00bb3&#8243; overlay_alpha=\u00bb50&#8243; shift_x=\u00bb0&#8243; shift_y=\u00bb0&#8243; shift_y_down=\u00bb0&#8243; z_index=\u00bb0&#8243; medium_width=\u00bb0&#8243; mobile_width=\u00bb0&#8243; width=\u00bb1\/1&#8243; uncode_shortcode_id=\u00bb668692&#8243;][vc_icon position=\u00bbleft\u00bb icon=\u00bbfa fa-play\u00bb icon_image=\u00bb21063&#8243; icon_color=\u00bbcolor-xsdn\u00bb uncode_shortcode_id=\u00bb918999&#8243; icon_color_type=\u00bbuncode-palette\u00bb media_lightbox=\u00bb21148&#8243; el_class=\u00bbvideo_box\u00bb][\/vc_icon][vc_column_text uncode_shortcode_id=\u00bb976784&#8243;]<\/p>\n<p style=\"text-align: justify;\"><strong>Presentamos el Interruptor Muscular GlassOuse,<\/strong> un innovador interruptor de asistencia que revoluciona la interacci\u00f3n digital con movimientos musculares sin esfuerzo.<\/p>\n<p style=\"text-align: justify;\"><strong>El Interruptor Muscular incorpora sensores de \u00faltima generaci\u00f3n que detectan sin esfuerzo los movimientos musculares,<\/strong> traduci\u00e9ndolos en clics fluidos en tus dispositivos digitales. Compacto pero muy sensible, ofrece una precisi\u00f3n sin igual para navegar por el \u00e1mbito digital. <\/p>\n<p style=\"text-align: justify;\"><strong>Con sus vers\u00e1tiles opciones de conectividad, que<\/strong> incluyen tres longitudes de correas, el Interruptor Muscular puede colocarse f\u00e1cilmente en zonas de movimiento muscular importante, como la mu\u00f1eca, la palma de la mano, el antebrazo, el brazo, el tobillo, la pantorrilla, etc.<\/p>\n<p>[\/vc_column_text][vc_single_image media=\u00bb33008&#8243; media_lightbox=\u00bbyes\u00bb media_width_percent=\u00bb100&#8243; alignment=\u00bbcenter\u00bb uncode_shortcode_id=\u00bb904748&#8243; el_class=\u00bbc_gallery\u00bb][vc_column_text uncode_shortcode_id=\u00bb130687&#8243;]<\/p>\n<p style=\"text-align: justify;\"><strong>La personalizaci\u00f3n es clave, y el Interruptor Muscular cuenta con ajustes de sensibilidad regulables,<\/strong> para adaptarse a la amplitud de tus movimientos musculares.<\/p>\n<p style=\"text-align: justify;\"><strong>Experimenta una nueva libertad<\/strong>, ya que el Muscle Switch permite a las personas con movilidad reducida navegar sin esfuerzo por las aplicaciones, navegar por Internet y utilizar el software. Su dise\u00f1o intuitivo y su rendimiento fiable ofrecen una forma fluida y accesible de interactuar con los dispositivos digitales. <\/p>\n<p>Explora nuestro sitio web para obtener informaci\u00f3n completa y asistencia sobre el Interruptor Muscular GlassOuse y descubre c\u00f3mo este revolucionario dispositivo puede mejorar tu accesibilidad o la de tus seres queridos. Desbloquea un mundo de posibilidades con el Interruptor Muscular GlassOuse.[\/vc_column_text][\/vc_column][\/vc_row]<\/p>\n<\/div>","protected":false},"excerpt":{"rendered":"<p>[vc_row unlock_row_content=\u00bbyes\u00bb row_height_percent=\u00bb0&#8243; override_padding=\u00bbyes\u00bb h_padding=\u00bb0&#8243; top_padding=\u00bb0&#8243; bottom_padding=\u00bb0&#8243; overlay_alpha=\u00bb50&#8243; equal_height=\u00bbyes\u00bb gutter_size=\u00bb0&#8243; column_width_percent=\u00bb100&#8243; shift_y=\u00bb0&#8243; z_index=\u00bb0&#8243; el_class=\u00bbcompact_section\u00bb uncode_shortcode_id=\u00bb152351&#8243; css=\u00bb.vc_custom_1699886063694{padding-top: 15px !important;padding-right: 0px !important;padding-left: [&hellip;]<\/p>\n","protected":false},"featured_media":32326,"template":"","meta":{"_acf_changed":false},"product_brand":[],"product_cat":[419],"product_tag":[],"class_list":{"0":"post-32972","1":"product","2":"type-product","3":"status-publish","4":"has-post-thumbnail","6":"product_cat-interruptores-g","8":"first","9":"instock","10":"shipping-taxable","11":"purchasable","12":"product-type-simple"},"acf":[],"yoast_head":"<!-- This site is optimized with the Yoast SEO plugin v27.5 - https:\/\/yoast.com\/product\/yoast-seo-wordpress\/ -->\n<title>Interruptor muscular - Dispositivo de ayuda para la discapacidad f\u00edsica<\/title>\n<meta name=\"description\" content=\"Dispositivo de ayuda para el cambio muscular: compatible con GlassOuse Pro y muchos otros dispositivos. Haz clic con cada movimiento muscular y con\u00e9ctate al mundo.\" \/>\n<meta name=\"robots\" content=\"index, follow, max-snippet:-1, max-image-preview:large, max-video-preview:-1\" \/>\n<link rel=\"canonical\" href=\"https:\/\/glassouse.com\/es\/product\/interruptor-muscular-gs13-glassouse\/\" \/>\n<meta property=\"og:locale\" content=\"es_ES\" \/>\n<meta property=\"og:type\" content=\"article\" \/>\n<meta property=\"og:title\" content=\"Interruptor muscular - Dispositivo de ayuda para la discapacidad f\u00edsica\" \/>\n<meta property=\"og:description\" content=\"Dispositivo de ayuda para el cambio muscular: compatible con GlassOuse Pro y muchos otros dispositivos. Haz clic con cada movimiento muscular y con\u00e9ctate al mundo.\" \/>\n<meta property=\"og:url\" content=\"https:\/\/glassouse.com\/es\/product\/interruptor-muscular-gs13-glassouse\/\" \/>\n<meta property=\"og:site_name\" content=\"Glassouse Assistive Device\" \/>\n<meta property=\"article:publisher\" content=\"https:\/\/www.facebook.com\/glassouse\/\" \/>\n<meta property=\"article:modified_time\" content=\"2026-04-27T09:13:43+00:00\" \/>\n<meta property=\"og:image\" content=\"https:\/\/glassouse.com\/wp-content\/uploads\/2024\/05\/Muscle-Switch-featured-img.jpg\" \/>\n\t<meta property=\"og:image:width\" content=\"1000\" \/>\n\t<meta property=\"og:image:height\" content=\"1000\" \/>\n\t<meta property=\"og:image:type\" content=\"image\/jpeg\" \/>\n<meta name=\"twitter:card\" content=\"summary_large_image\" \/>\n<meta name=\"twitter:site\" content=\"@glassouse\" \/>\n<meta name=\"twitter:label1\" content=\"Tiempo de lectura\" \/>\n\t<meta name=\"twitter:data1\" content=\"4 minutos\" \/>\n<script type=\"application\/ld+json\" class=\"yoast-schema-graph\">{\"@context\":\"https:\\\/\\\/schema.org\",\"@graph\":[{\"@type\":\"WebPage\",\"@id\":\"https:\\\/\\\/glassouse.com\\\/es\\\/product\\\/interruptor-muscular-gs13-glassouse\\\/\",\"url\":\"https:\\\/\\\/glassouse.com\\\/es\\\/product\\\/interruptor-muscular-gs13-glassouse\\\/\",\"name\":\"Interruptor muscular - Dispositivo de ayuda para la discapacidad f\u00edsica\",\"isPartOf\":{\"@id\":\"https:\\\/\\\/glassouse.com\\\/es\\\/#website\"},\"primaryImageOfPage\":{\"@id\":\"https:\\\/\\\/glassouse.com\\\/es\\\/product\\\/interruptor-muscular-gs13-glassouse\\\/#primaryimage\"},\"image\":{\"@id\":\"https:\\\/\\\/glassouse.com\\\/es\\\/product\\\/interruptor-muscular-gs13-glassouse\\\/#primaryimage\"},\"thumbnailUrl\":\"https:\\\/\\\/glassouse.com\\\/wp-content\\\/uploads\\\/2024\\\/05\\\/Muscle-Switch-featured-img.jpg\",\"datePublished\":\"2024-05-02T14:34:14+00:00\",\"dateModified\":\"2026-04-27T09:13:43+00:00\",\"description\":\"Dispositivo de ayuda para el cambio muscular: compatible con GlassOuse Pro y muchos otros dispositivos. Haz clic con cada movimiento muscular y con\u00e9ctate al mundo.\",\"breadcrumb\":{\"@id\":\"https:\\\/\\\/glassouse.com\\\/es\\\/product\\\/interruptor-muscular-gs13-glassouse\\\/#breadcrumb\"},\"inLanguage\":\"es\",\"potentialAction\":[{\"@type\":\"ReadAction\",\"target\":[\"https:\\\/\\\/glassouse.com\\\/es\\\/product\\\/interruptor-muscular-gs13-glassouse\\\/\"]}]},{\"@type\":\"ImageObject\",\"inLanguage\":\"es\",\"@id\":\"https:\\\/\\\/glassouse.com\\\/es\\\/product\\\/interruptor-muscular-gs13-glassouse\\\/#primaryimage\",\"url\":\"https:\\\/\\\/glassouse.com\\\/wp-content\\\/uploads\\\/2024\\\/05\\\/Muscle-Switch-featured-img.jpg\",\"contentUrl\":\"https:\\\/\\\/glassouse.com\\\/wp-content\\\/uploads\\\/2024\\\/05\\\/Muscle-Switch-featured-img.jpg\",\"width\":1000,\"height\":1000,\"caption\":\"Interruptor Muscular de la C\u00fapula\"},{\"@type\":\"BreadcrumbList\",\"@id\":\"https:\\\/\\\/glassouse.com\\\/es\\\/product\\\/interruptor-muscular-gs13-glassouse\\\/#breadcrumb\",\"itemListElement\":[{\"@type\":\"ListItem\",\"position\":1,\"name\":\"Home\",\"item\":\"https:\\\/\\\/glassouse.com\\\/es\\\/\"},{\"@type\":\"ListItem\",\"position\":2,\"name\":\"Tienda\",\"item\":\"https:\\\/\\\/glassouse.com\\\/es\\\/tienda\\\/\"},{\"@type\":\"ListItem\",\"position\":3,\"name\":\"Interruptor Muscular GS13 GlassOuse\"}]},{\"@type\":\"WebSite\",\"@id\":\"https:\\\/\\\/glassouse.com\\\/es\\\/#website\",\"url\":\"https:\\\/\\\/glassouse.com\\\/es\\\/\",\"name\":\"Glassouse Assistive Device\",\"description\":\"Assistive Device and Switches for Disabled\",\"publisher\":{\"@id\":\"https:\\\/\\\/glassouse.com\\\/es\\\/#organization\"},\"potentialAction\":[{\"@type\":\"SearchAction\",\"target\":{\"@type\":\"EntryPoint\",\"urlTemplate\":\"https:\\\/\\\/glassouse.com\\\/es\\\/?s={search_term_string}\"},\"query-input\":{\"@type\":\"PropertyValueSpecification\",\"valueRequired\":true,\"valueName\":\"search_term_string\"}}],\"inLanguage\":\"es\"},{\"@type\":\"Organization\",\"@id\":\"https:\\\/\\\/glassouse.com\\\/es\\\/#organization\",\"name\":\"GlassOuse Assistive Device\",\"url\":\"https:\\\/\\\/glassouse.com\\\/es\\\/\",\"logo\":{\"@type\":\"ImageObject\",\"inLanguage\":\"es\",\"@id\":\"https:\\\/\\\/glassouse.com\\\/es\\\/#\\\/schema\\\/logo\\\/image\\\/\",\"url\":\"https:\\\/\\\/glassouse.com\\\/wp-content\\\/uploads\\\/2017\\\/11\\\/logo.jpg\",\"contentUrl\":\"https:\\\/\\\/glassouse.com\\\/wp-content\\\/uploads\\\/2017\\\/11\\\/logo.jpg\",\"width\":500,\"height\":500,\"caption\":\"GlassOuse Assistive Device\"},\"image\":{\"@id\":\"https:\\\/\\\/glassouse.com\\\/es\\\/#\\\/schema\\\/logo\\\/image\\\/\"},\"sameAs\":[\"https:\\\/\\\/www.facebook.com\\\/glassouse\\\/\",\"https:\\\/\\\/x.com\\\/glassouse\",\"https:\\\/\\\/www.instagram.com\\\/glassouseassistivedevice\\\/\",\"https:\\\/\\\/www.linkedin.com\\\/company\\\/glassouse\\\/\",\"https:\\\/\\\/www.youtube.com\\\/channel\\\/UCM5pebcmVXbu00QYd91_Gyw\"]}]}<\/script>\n<!-- \/ Yoast SEO plugin. -->","yoast_head_json":{"title":"Interruptor muscular - Dispositivo de ayuda para la discapacidad f\u00edsica","description":"Dispositivo de ayuda para el cambio muscular: compatible con GlassOuse Pro y muchos otros dispositivos. Haz clic con cada movimiento muscular y con\u00e9ctate al mundo.","robots":{"index":"index","follow":"follow","max-snippet":"max-snippet:-1","max-image-preview":"max-image-preview:large","max-video-preview":"max-video-preview:-1"},"canonical":"https:\/\/glassouse.com\/es\/product\/interruptor-muscular-gs13-glassouse\/","og_locale":"es_ES","og_type":"article","og_title":"Interruptor muscular - Dispositivo de ayuda para la discapacidad f\u00edsica","og_description":"Dispositivo de ayuda para el cambio muscular: compatible con GlassOuse Pro y muchos otros dispositivos. Haz clic con cada movimiento muscular y con\u00e9ctate al mundo.","og_url":"https:\/\/glassouse.com\/es\/product\/interruptor-muscular-gs13-glassouse\/","og_site_name":"Glassouse Assistive Device","article_publisher":"https:\/\/www.facebook.com\/glassouse\/","article_modified_time":"2026-04-27T09:13:43+00:00","og_image":[{"width":1000,"height":1000,"url":"https:\/\/glassouse.com\/wp-content\/uploads\/2024\/05\/Muscle-Switch-featured-img.jpg","type":"image\/jpeg"}],"twitter_card":"summary_large_image","twitter_site":"@glassouse","twitter_misc":{"Tiempo de lectura":"4 minutos"},"schema":{"@context":"https:\/\/schema.org","@graph":[{"@type":"WebPage","@id":"https:\/\/glassouse.com\/es\/product\/interruptor-muscular-gs13-glassouse\/","url":"https:\/\/glassouse.com\/es\/product\/interruptor-muscular-gs13-glassouse\/","name":"Interruptor muscular - Dispositivo de ayuda para la discapacidad f\u00edsica","isPartOf":{"@id":"https:\/\/glassouse.com\/es\/#website"},"primaryImageOfPage":{"@id":"https:\/\/glassouse.com\/es\/product\/interruptor-muscular-gs13-glassouse\/#primaryimage"},"image":{"@id":"https:\/\/glassouse.com\/es\/product\/interruptor-muscular-gs13-glassouse\/#primaryimage"},"thumbnailUrl":"https:\/\/glassouse.com\/wp-content\/uploads\/2024\/05\/Muscle-Switch-featured-img.jpg","datePublished":"2024-05-02T14:34:14+00:00","dateModified":"2026-04-27T09:13:43+00:00","description":"Dispositivo de ayuda para el cambio muscular: compatible con GlassOuse Pro y muchos otros dispositivos. Haz clic con cada movimiento muscular y con\u00e9ctate al mundo.","breadcrumb":{"@id":"https:\/\/glassouse.com\/es\/product\/interruptor-muscular-gs13-glassouse\/#breadcrumb"},"inLanguage":"es","potentialAction":[{"@type":"ReadAction","target":["https:\/\/glassouse.com\/es\/product\/interruptor-muscular-gs13-glassouse\/"]}]},{"@type":"ImageObject","inLanguage":"es","@id":"https:\/\/glassouse.com\/es\/product\/interruptor-muscular-gs13-glassouse\/#primaryimage","url":"https:\/\/glassouse.com\/wp-content\/uploads\/2024\/05\/Muscle-Switch-featured-img.jpg","contentUrl":"https:\/\/glassouse.com\/wp-content\/uploads\/2024\/05\/Muscle-Switch-featured-img.jpg","width":1000,"height":1000,"caption":"Interruptor Muscular de la C\u00fapula"},{"@type":"BreadcrumbList","@id":"https:\/\/glassouse.com\/es\/product\/interruptor-muscular-gs13-glassouse\/#breadcrumb","itemListElement":[{"@type":"ListItem","position":1,"name":"Home","item":"https:\/\/glassouse.com\/es\/"},{"@type":"ListItem","position":2,"name":"Tienda","item":"https:\/\/glassouse.com\/es\/tienda\/"},{"@type":"ListItem","position":3,"name":"Interruptor Muscular GS13 GlassOuse"}]},{"@type":"WebSite","@id":"https:\/\/glassouse.com\/es\/#website","url":"https:\/\/glassouse.com\/es\/","name":"Glassouse Assistive Device","description":"Assistive Device and Switches for Disabled","publisher":{"@id":"https:\/\/glassouse.com\/es\/#organization"},"potentialAction":[{"@type":"SearchAction","target":{"@type":"EntryPoint","urlTemplate":"https:\/\/glassouse.com\/es\/?s={search_term_string}"},"query-input":{"@type":"PropertyValueSpecification","valueRequired":true,"valueName":"search_term_string"}}],"inLanguage":"es"},{"@type":"Organization","@id":"https:\/\/glassouse.com\/es\/#organization","name":"GlassOuse Assistive Device","url":"https:\/\/glassouse.com\/es\/","logo":{"@type":"ImageObject","inLanguage":"es","@id":"https:\/\/glassouse.com\/es\/#\/schema\/logo\/image\/","url":"https:\/\/glassouse.com\/wp-content\/uploads\/2017\/11\/logo.jpg","contentUrl":"https:\/\/glassouse.com\/wp-content\/uploads\/2017\/11\/logo.jpg","width":500,"height":500,"caption":"GlassOuse Assistive Device"},"image":{"@id":"https:\/\/glassouse.com\/es\/#\/schema\/logo\/image\/"},"sameAs":["https:\/\/www.facebook.com\/glassouse\/","https:\/\/x.com\/glassouse","https:\/\/www.instagram.com\/glassouseassistivedevice\/","https:\/\/www.linkedin.com\/company\/glassouse\/","https:\/\/www.youtube.com\/channel\/UCM5pebcmVXbu00QYd91_Gyw"]}]}},"_links":{"self":[{"href":"https:\/\/glassouse.com\/es\/wp-json\/wp\/v2\/product\/32972","targetHints":{"allow":["GET"]}}],"collection":[{"href":"https:\/\/glassouse.com\/es\/wp-json\/wp\/v2\/product"}],"about":[{"href":"https:\/\/glassouse.com\/es\/wp-json\/wp\/v2\/types\/product"}],"wp:featuredmedia":[{"embeddable":true,"href":"https:\/\/glassouse.com\/es\/wp-json\/wp\/v2\/media\/32326"}],"wp:attachment":[{"href":"https:\/\/glassouse.com\/es\/wp-json\/wp\/v2\/media?parent=32972"}],"wp:term":[{"taxonomy":"product_brand","embeddable":true,"href":"https:\/\/glassouse.com\/es\/wp-json\/wp\/v2\/product_brand?post=32972"},{"taxonomy":"product_cat","embeddable":true,"href":"https:\/\/glassouse.com\/es\/wp-json\/wp\/v2\/product_cat?post=32972"},{"taxonomy":"product_tag","embeddable":true,"href":"https:\/\/glassouse.com\/es\/wp-json\/wp\/v2\/product_tag?post=32972"}],"curies":[{"name":"wp","href":"https:\/\/api.w.org\/{rel}","templated":true}]}}