{"id":34573,"date":"2017-11-23T09:27:47","date_gmt":"2017-11-23T09:27:47","guid":{"rendered":"https:\/\/glassouse.com\/product\/ac01-funda-de-silicona-para-el-interruptor-de-mordida-360-interruptor-de-mordida\/"},"modified":"2017-11-23T09:27:47","modified_gmt":"2017-11-23T01:27:47","slug":"ac01-funda-de-silicona-para-el-interruptor-de-mordida-360-interruptor-de-mordida","status":"publish","type":"product","link":"https:\/\/glassouse.com\/es\/product\/ac01-funda-de-silicona-para-el-interruptor-de-mordida-360-interruptor-de-mordida\/","title":{"rendered":"AC01 Funda de silicona para el Interruptor de Mordida\/360 Interruptor de Mordida"},"content":{"rendered":"","protected":false},"excerpt":{"rendered":"<p><strong>1x funda de silicona para el conmutador de mordida\/360 conmutador de mordida<\/strong><\/p>\n<p>Cubierta de silicona adicional para el Interruptor de Mordida GlassOuse V1.4 y los productos Interruptor de Mordida Link &amp; Pro y Interruptor de Mordida 360. La cubierta est\u00e1 fabricada con material no cancer\u00edgeno y es f\u00e1cil de cambiar y limpiar. S\u00f3lo tienes que retirarla del m\u00f3dulo del conmutador, lavarla o limpiarla con un pa\u00f1o h\u00famedo.  <\/p>\n","protected":false},"featured_media":34577,"template":"","meta":{"_acf_changed":false},"product_brand":[],"product_cat":[364],"product_tag":[],"class_list":{"0":"post-34573","1":"product","2":"type-product","3":"status-publish","4":"has-post-thumbnail","6":"product_cat-accesorios-glassouse","7":"product_shipping_class-accesorios","9":"first","10":"instock","11":"shipping-taxable","12":"purchasable","13":"product-type-variable","14":"has-default-attributes"},"acf":[],"yoast_head":"<!-- This site is optimized with the Yoast SEO plugin v27.4 - https:\/\/yoast.com\/product\/yoast-seo-wordpress\/ -->\n<title>GlassOuse Funda de silicona para Bite Switch\/360 Bite Switch en venta - Dise\u00f1o para discapacitados<\/title>\n<meta name=\"description\" content=\"Funda de silicona para el dispositivo de asistencia GlassOuse Bite Switch\/360 Bite Switch. Dise\u00f1ada para personas discapacitadas, fabricada con materiales duraderos y s\u00f3lidos. Env\u00edo a todo el mundo.\" \/>\n<meta name=\"robots\" content=\"index, follow, max-snippet:-1, max-image-preview:large, max-video-preview:-1\" \/>\n<link rel=\"canonical\" href=\"https:\/\/glassouse.com\/es\/product\/ac01-funda-de-silicona-para-el-interruptor-de-mordida-360-interruptor-de-mordida\/\" \/>\n<meta property=\"og:locale\" content=\"es_ES\" \/>\n<meta property=\"og:type\" content=\"article\" \/>\n<meta property=\"og:title\" content=\"GlassOuse Funda de silicona para Bite Switch\/360 Bite Switch en venta - Dise\u00f1o para discapacitados\" \/>\n<meta property=\"og:description\" content=\"Funda de silicona para el dispositivo de asistencia GlassOuse Bite Switch\/360 Bite Switch. Dise\u00f1ada para personas discapacitadas, fabricada con materiales duraderos y s\u00f3lidos. Env\u00edo a todo el mundo.\" \/>\n<meta property=\"og:url\" content=\"https:\/\/glassouse.com\/es\/product\/ac01-funda-de-silicona-para-el-interruptor-de-mordida-360-interruptor-de-mordida\/\" \/>\n<meta property=\"og:site_name\" content=\"Glassouse Assistive Device\" \/>\n<meta property=\"article:publisher\" content=\"https:\/\/www.facebook.com\/glassouse\/\" \/>\n<meta property=\"og:image\" content=\"https:\/\/glassouse.com\/wp-content\/uploads\/2017\/11\/Bite-Switch-Silicone-Cover-img.jpg\" \/>\n\t<meta property=\"og:image:width\" content=\"516\" \/>\n\t<meta property=\"og:image:height\" content=\"516\" \/>\n\t<meta property=\"og:image:type\" content=\"image\/jpeg\" \/>\n<meta name=\"twitter:card\" content=\"summary_large_image\" \/>\n<meta name=\"twitter:site\" content=\"@glassouse\" \/>\n<script type=\"application\/ld+json\" class=\"yoast-schema-graph\">{\"@context\":\"https:\\\/\\\/schema.org\",\"@graph\":[{\"@type\":\"WebPage\",\"@id\":\"https:\\\/\\\/glassouse.com\\\/es\\\/product\\\/ac01-funda-de-silicona-para-el-interruptor-de-mordida-360-interruptor-de-mordida\\\/\",\"url\":\"https:\\\/\\\/glassouse.com\\\/es\\\/product\\\/ac01-funda-de-silicona-para-el-interruptor-de-mordida-360-interruptor-de-mordida\\\/\",\"name\":\"GlassOuse Funda de silicona para Bite Switch\\\/360 Bite Switch en venta - Dise\u00f1o para discapacitados\",\"isPartOf\":{\"@id\":\"https:\\\/\\\/glassouse.com\\\/es\\\/#website\"},\"primaryImageOfPage\":{\"@id\":\"https:\\\/\\\/glassouse.com\\\/es\\\/product\\\/ac01-funda-de-silicona-para-el-interruptor-de-mordida-360-interruptor-de-mordida\\\/#primaryimage\"},\"image\":{\"@id\":\"https:\\\/\\\/glassouse.com\\\/es\\\/product\\\/ac01-funda-de-silicona-para-el-interruptor-de-mordida-360-interruptor-de-mordida\\\/#primaryimage\"},\"thumbnailUrl\":\"https:\\\/\\\/glassouse.com\\\/wp-content\\\/uploads\\\/2017\\\/11\\\/Bite-Switch-Silicone-Cover-img.jpg\",\"datePublished\":\"2017-11-23T09:27:47+00:00\",\"description\":\"Funda de silicona para el dispositivo de asistencia GlassOuse Bite Switch\\\/360 Bite Switch. Dise\u00f1ada para personas discapacitadas, fabricada con materiales duraderos y s\u00f3lidos. Env\u00edo a todo el mundo.\",\"breadcrumb\":{\"@id\":\"https:\\\/\\\/glassouse.com\\\/es\\\/product\\\/ac01-funda-de-silicona-para-el-interruptor-de-mordida-360-interruptor-de-mordida\\\/#breadcrumb\"},\"inLanguage\":\"es\",\"potentialAction\":[{\"@type\":\"ReadAction\",\"target\":[\"https:\\\/\\\/glassouse.com\\\/es\\\/product\\\/ac01-funda-de-silicona-para-el-interruptor-de-mordida-360-interruptor-de-mordida\\\/\"]}]},{\"@type\":\"ImageObject\",\"inLanguage\":\"es\",\"@id\":\"https:\\\/\\\/glassouse.com\\\/es\\\/product\\\/ac01-funda-de-silicona-para-el-interruptor-de-mordida-360-interruptor-de-mordida\\\/#primaryimage\",\"url\":\"https:\\\/\\\/glassouse.com\\\/wp-content\\\/uploads\\\/2017\\\/11\\\/Bite-Switch-Silicone-Cover-img.jpg\",\"contentUrl\":\"https:\\\/\\\/glassouse.com\\\/wp-content\\\/uploads\\\/2017\\\/11\\\/Bite-Switch-Silicone-Cover-img.jpg\",\"width\":516,\"height\":516,\"caption\":\"Bite-Switch-Silicone-Cover-img\"},{\"@type\":\"BreadcrumbList\",\"@id\":\"https:\\\/\\\/glassouse.com\\\/es\\\/product\\\/ac01-funda-de-silicona-para-el-interruptor-de-mordida-360-interruptor-de-mordida\\\/#breadcrumb\",\"itemListElement\":[{\"@type\":\"ListItem\",\"position\":1,\"name\":\"Home\",\"item\":\"https:\\\/\\\/glassouse.com\\\/es\\\/inicio\\\/\"},{\"@type\":\"ListItem\",\"position\":2,\"name\":\"Tienda\",\"item\":\"https:\\\/\\\/glassouse.com\\\/es\\\/tienda\\\/\"},{\"@type\":\"ListItem\",\"position\":3,\"name\":\"AC01 Funda de silicona para el Interruptor de Mordida\\\/360 Interruptor de Mordida\"}]},{\"@type\":\"WebSite\",\"@id\":\"https:\\\/\\\/glassouse.com\\\/es\\\/#website\",\"url\":\"https:\\\/\\\/glassouse.com\\\/es\\\/\",\"name\":\"Glassouse Assistive Device\",\"description\":\"Assistive Device and Switches for Disabled\",\"publisher\":{\"@id\":\"https:\\\/\\\/glassouse.com\\\/es\\\/#organization\"},\"potentialAction\":[{\"@type\":\"SearchAction\",\"target\":{\"@type\":\"EntryPoint\",\"urlTemplate\":\"https:\\\/\\\/glassouse.com\\\/es\\\/?s={search_term_string}\"},\"query-input\":{\"@type\":\"PropertyValueSpecification\",\"valueRequired\":true,\"valueName\":\"search_term_string\"}}],\"inLanguage\":\"es\"},{\"@type\":\"Organization\",\"@id\":\"https:\\\/\\\/glassouse.com\\\/es\\\/#organization\",\"name\":\"GlassOuse Assistive Device\",\"url\":\"https:\\\/\\\/glassouse.com\\\/es\\\/\",\"logo\":{\"@type\":\"ImageObject\",\"inLanguage\":\"es\",\"@id\":\"https:\\\/\\\/glassouse.com\\\/es\\\/#\\\/schema\\\/logo\\\/image\\\/\",\"url\":\"https:\\\/\\\/glassouse.com\\\/wp-content\\\/uploads\\\/2017\\\/11\\\/logo.jpg\",\"contentUrl\":\"https:\\\/\\\/glassouse.com\\\/wp-content\\\/uploads\\\/2017\\\/11\\\/logo.jpg\",\"width\":500,\"height\":500,\"caption\":\"GlassOuse Assistive Device\"},\"image\":{\"@id\":\"https:\\\/\\\/glassouse.com\\\/es\\\/#\\\/schema\\\/logo\\\/image\\\/\"},\"sameAs\":[\"https:\\\/\\\/www.facebook.com\\\/glassouse\\\/\",\"https:\\\/\\\/x.com\\\/glassouse\",\"https:\\\/\\\/www.instagram.com\\\/glassouseassistivedevice\\\/\",\"https:\\\/\\\/www.linkedin.com\\\/company\\\/glassouse\\\/\",\"https:\\\/\\\/www.youtube.com\\\/channel\\\/UCM5pebcmVXbu00QYd91_Gyw\"]}]}<\/script>\n<!-- \/ Yoast SEO plugin. -->","yoast_head_json":{"title":"GlassOuse Funda de silicona para Bite Switch\/360 Bite Switch en venta - Dise\u00f1o para discapacitados","description":"Funda de silicona para el dispositivo de asistencia GlassOuse Bite Switch\/360 Bite Switch. Dise\u00f1ada para personas discapacitadas, fabricada con materiales duraderos y s\u00f3lidos. Env\u00edo a todo el mundo.","robots":{"index":"index","follow":"follow","max-snippet":"max-snippet:-1","max-image-preview":"max-image-preview:large","max-video-preview":"max-video-preview:-1"},"canonical":"https:\/\/glassouse.com\/es\/product\/ac01-funda-de-silicona-para-el-interruptor-de-mordida-360-interruptor-de-mordida\/","og_locale":"es_ES","og_type":"article","og_title":"GlassOuse Funda de silicona para Bite Switch\/360 Bite Switch en venta - Dise\u00f1o para discapacitados","og_description":"Funda de silicona para el dispositivo de asistencia GlassOuse Bite Switch\/360 Bite Switch. Dise\u00f1ada para personas discapacitadas, fabricada con materiales duraderos y s\u00f3lidos. Env\u00edo a todo el mundo.","og_url":"https:\/\/glassouse.com\/es\/product\/ac01-funda-de-silicona-para-el-interruptor-de-mordida-360-interruptor-de-mordida\/","og_site_name":"Glassouse Assistive Device","article_publisher":"https:\/\/www.facebook.com\/glassouse\/","og_image":[{"width":516,"height":516,"url":"https:\/\/glassouse.com\/wp-content\/uploads\/2017\/11\/Bite-Switch-Silicone-Cover-img.jpg","type":"image\/jpeg"}],"twitter_card":"summary_large_image","twitter_site":"@glassouse","schema":{"@context":"https:\/\/schema.org","@graph":[{"@type":"WebPage","@id":"https:\/\/glassouse.com\/es\/product\/ac01-funda-de-silicona-para-el-interruptor-de-mordida-360-interruptor-de-mordida\/","url":"https:\/\/glassouse.com\/es\/product\/ac01-funda-de-silicona-para-el-interruptor-de-mordida-360-interruptor-de-mordida\/","name":"GlassOuse Funda de silicona para Bite Switch\/360 Bite Switch en venta - Dise\u00f1o para discapacitados","isPartOf":{"@id":"https:\/\/glassouse.com\/es\/#website"},"primaryImageOfPage":{"@id":"https:\/\/glassouse.com\/es\/product\/ac01-funda-de-silicona-para-el-interruptor-de-mordida-360-interruptor-de-mordida\/#primaryimage"},"image":{"@id":"https:\/\/glassouse.com\/es\/product\/ac01-funda-de-silicona-para-el-interruptor-de-mordida-360-interruptor-de-mordida\/#primaryimage"},"thumbnailUrl":"https:\/\/glassouse.com\/wp-content\/uploads\/2017\/11\/Bite-Switch-Silicone-Cover-img.jpg","datePublished":"2017-11-23T09:27:47+00:00","description":"Funda de silicona para el dispositivo de asistencia GlassOuse Bite Switch\/360 Bite Switch. Dise\u00f1ada para personas discapacitadas, fabricada con materiales duraderos y s\u00f3lidos. Env\u00edo a todo el mundo.","breadcrumb":{"@id":"https:\/\/glassouse.com\/es\/product\/ac01-funda-de-silicona-para-el-interruptor-de-mordida-360-interruptor-de-mordida\/#breadcrumb"},"inLanguage":"es","potentialAction":[{"@type":"ReadAction","target":["https:\/\/glassouse.com\/es\/product\/ac01-funda-de-silicona-para-el-interruptor-de-mordida-360-interruptor-de-mordida\/"]}]},{"@type":"ImageObject","inLanguage":"es","@id":"https:\/\/glassouse.com\/es\/product\/ac01-funda-de-silicona-para-el-interruptor-de-mordida-360-interruptor-de-mordida\/#primaryimage","url":"https:\/\/glassouse.com\/wp-content\/uploads\/2017\/11\/Bite-Switch-Silicone-Cover-img.jpg","contentUrl":"https:\/\/glassouse.com\/wp-content\/uploads\/2017\/11\/Bite-Switch-Silicone-Cover-img.jpg","width":516,"height":516,"caption":"Bite-Switch-Silicone-Cover-img"},{"@type":"BreadcrumbList","@id":"https:\/\/glassouse.com\/es\/product\/ac01-funda-de-silicona-para-el-interruptor-de-mordida-360-interruptor-de-mordida\/#breadcrumb","itemListElement":[{"@type":"ListItem","position":1,"name":"Home","item":"https:\/\/glassouse.com\/es\/inicio\/"},{"@type":"ListItem","position":2,"name":"Tienda","item":"https:\/\/glassouse.com\/es\/tienda\/"},{"@type":"ListItem","position":3,"name":"AC01 Funda de silicona para el Interruptor de Mordida\/360 Interruptor de Mordida"}]},{"@type":"WebSite","@id":"https:\/\/glassouse.com\/es\/#website","url":"https:\/\/glassouse.com\/es\/","name":"Glassouse Assistive Device","description":"Assistive Device and Switches for Disabled","publisher":{"@id":"https:\/\/glassouse.com\/es\/#organization"},"potentialAction":[{"@type":"SearchAction","target":{"@type":"EntryPoint","urlTemplate":"https:\/\/glassouse.com\/es\/?s={search_term_string}"},"query-input":{"@type":"PropertyValueSpecification","valueRequired":true,"valueName":"search_term_string"}}],"inLanguage":"es"},{"@type":"Organization","@id":"https:\/\/glassouse.com\/es\/#organization","name":"GlassOuse Assistive Device","url":"https:\/\/glassouse.com\/es\/","logo":{"@type":"ImageObject","inLanguage":"es","@id":"https:\/\/glassouse.com\/es\/#\/schema\/logo\/image\/","url":"https:\/\/glassouse.com\/wp-content\/uploads\/2017\/11\/logo.jpg","contentUrl":"https:\/\/glassouse.com\/wp-content\/uploads\/2017\/11\/logo.jpg","width":500,"height":500,"caption":"GlassOuse Assistive Device"},"image":{"@id":"https:\/\/glassouse.com\/es\/#\/schema\/logo\/image\/"},"sameAs":["https:\/\/www.facebook.com\/glassouse\/","https:\/\/x.com\/glassouse","https:\/\/www.instagram.com\/glassouseassistivedevice\/","https:\/\/www.linkedin.com\/company\/glassouse\/","https:\/\/www.youtube.com\/channel\/UCM5pebcmVXbu00QYd91_Gyw"]}]}},"_links":{"self":[{"href":"https:\/\/glassouse.com\/es\/wp-json\/wp\/v2\/product\/34573","targetHints":{"allow":["GET"]}}],"collection":[{"href":"https:\/\/glassouse.com\/es\/wp-json\/wp\/v2\/product"}],"about":[{"href":"https:\/\/glassouse.com\/es\/wp-json\/wp\/v2\/types\/product"}],"wp:featuredmedia":[{"embeddable":true,"href":"https:\/\/glassouse.com\/es\/wp-json\/wp\/v2\/media\/34577"}],"wp:attachment":[{"href":"https:\/\/glassouse.com\/es\/wp-json\/wp\/v2\/media?parent=34573"}],"wp:term":[{"taxonomy":"product_brand","embeddable":true,"href":"https:\/\/glassouse.com\/es\/wp-json\/wp\/v2\/product_brand?post=34573"},{"taxonomy":"product_cat","embeddable":true,"href":"https:\/\/glassouse.com\/es\/wp-json\/wp\/v2\/product_cat?post=34573"},{"taxonomy":"product_tag","embeddable":true,"href":"https:\/\/glassouse.com\/es\/wp-json\/wp\/v2\/product_tag?post=34573"}],"curies":[{"name":"wp","href":"https:\/\/api.w.org\/{rel}","templated":true}]}}