{"id":35733,"date":"2019-04-15T14:38:35","date_gmt":"2019-04-15T06:38:35","guid":{"rendered":"https:\/\/glassouse.com\/product\/gs07-interruptor-de-almohada-glassouse\/"},"modified":"2026-04-27T17:51:17","modified_gmt":"2026-04-27T09:51:17","slug":"gs07-interruptor-de-almohada-glassouse","status":"publish","type":"product","link":"https:\/\/glassouse.com\/es\/product\/gs07-interruptor-de-almohada-glassouse\/","title":{"rendered":"GS07 Interruptor de almohada GlassOuse"},"content":{"rendered":"<div class=\"wpb-content-wrapper\"><p>[vc_row unlock_row_content=\u00bbyes\u00bb row_height_percent=\u00bb0&#8243; override_padding=\u00bbyes\u00bb h_padding=\u00bb0&#8243; top_padding=\u00bb0&#8243; bottom_padding=\u00bb0&#8243; overlay_alpha=\u00bb50&#8243; equal_height=\u00bbyes\u00bb gutter_size=\u00bb0&#8243; column_width_percent=\u00bb100&#8243; shift_y=\u00bb0&#8243; z_index=\u00bb0&#8243; el_class=\u00bbcompact_section\u00bb uncode_shortcode_id=\u00bb152351&#8243; css=\u00bb.vc_custom_1699886063694{padding-top: 15px !important;padding-right: 0px !important;padding-left: 0px !important;}\u00bb][vc_column column_width_percent=\u00bb100&#8243; position_horizontal=\u00bbleft\u00bb position_vertical=\u00bbmiddle\u00bb gutter_size=\u00bb0&#8243; override_padding=\u00bbyes\u00bb column_padding=\u00bb0&#8243; back_image=\u00bb35751&#8243; back_repeat=\u00bbno-repeat\u00bb overlay_alpha=\u00bb50&#8243; shift_x=\u00bb0&#8243; shift_y=\u00bb0&#8243; shift_y_down=\u00bb0&#8243; z_index=\u00bb0&#8243; medium_width=\u00bb0&#8243; mobile_width=\u00bb0&#8243; width=\u00bb1\/1&#8243; uncode_shortcode_id=\u00bb143141&#8243; css=\u00bb.vc_custom_1716674021252{padding-top: 160px !important;padding-right: 0px !important;padding-bottom: 160px !important;padding-left: 50px !important;}\u00bb el_class=\u00bbcontent_column bg_right_top\u00bb][vc_row_inner row_inner_height_percent=\u00bb0&#8243; force_width_grid=\u00bbyes\u00bb overlay_alpha=\u00bb50&#8243; gutter_size=\u00bb0&#8243; shift_y=\u00bb0&#8243; z_index=\u00bb0&#8243; uncode_shortcode_id=\u00bb101637&#8243; css=\u00bb.vc_custom_1699885489765{padding-right: 0px !important;padding-left: 0px !important;}\u00bb el_class=\u00bblimit-width\u00bb][vc_column_inner column_width_percent=\u00bb100&#8243; position_horizontal=\u00bbleft\u00bb position_vertical=\u00bbmiddle\u00bb gutter_size=\u00bb0&#8243; override_padding=\u00bbyes\u00bb column_padding=\u00bb0&#8243; overlay_alpha=\u00bb50&#8243; shift_x=\u00bb0&#8243; shift_y=\u00bb0&#8243; shift_y_down=\u00bb0&#8243; z_index=\u00bb0&#8243; medium_width=\u00bb0&#8243; mobile_width=\u00bb0&#8243; width=\u00bb1\/2&#8243; uncode_shortcode_id=\u00bb160996&#8243; css=\u00bb.vc_custom_1699830045690{padding-right: 2% !important;padding-left: 0px !important;}\u00bb][vc_custom_heading text_color=\u00bbcolor-jevc\u00bb text_size=\u00bbh3&#8243; text_weight=\u00bb600&#8243; uncode_shortcode_id=\u00bb152938&#8243; text_color_type=\u00bbuncode-palette\u00bb el_class=\u00bblh-1&#8243;]Almohada Interruptor<br \/>\nCon Coj\u00edn C\u00f3modo y Suave[\/vc_custom_heading][vc_separator sep_color=\u00bb\u00bb icon_position=\u00bbleft\u00bb el_height=\u00bb5px\u00bb uncode_shortcode_id=\u00bb162390&#8243; sep_color_type=\u00bbuncode-solid\u00bb el_width=\u00bb40px\u00bb sep_color_solid=\u00bb#43b8db\u00bb el_class=\u00bbc-divider\u00bb][\/vc_column_inner][vc_column_inner width=\u00bb1\/2&#8243;][\/vc_column_inner][\/vc_row_inner][\/vc_column][\/vc_row][vc_row row_height_percent=\u00bb0&#8243; overlay_alpha=\u00bb50&#8243; gutter_size=\u00bb3&#8243; column_width_percent=\u00bb100&#8243; shift_y=\u00bb0&#8243; z_index=\u00bb0&#8243; uncode_shortcode_id=\u00bb167275&#8243; css=\u00bb.vc_custom_1699887163315{padding-top: 50px !important;}\u00bb][vc_column column_width_percent=\u00bb100&#8243; align_horizontal=\u00bbalign_center\u00bb gutter_size=\u00bb3&#8243; overlay_alpha=\u00bb50&#8243; shift_x=\u00bb0&#8243; shift_y=\u00bb0&#8243; shift_y_down=\u00bb0&#8243; z_index=\u00bb0&#8243; medium_width=\u00bb0&#8243; mobile_width=\u00bb0&#8243; width=\u00bb1\/1&#8243; uncode_shortcode_id=\u00bb798976&#8243;][vc_custom_heading text_color=\u00bbcolor-jevc\u00bb text_size=\u00bbh3&#8243; text_weight=\u00bb700&#8243; text_height=\u00bblh-n\u00bb uncode_shortcode_id=\u00bb145166&#8243; text_color_type=\u00bbuncode-palette\u00bb]Interruptor de almohada\/ Mini interruptor de almohada[\/vc_custom_heading][vc_custom_heading text_color=\u00bbcolor-jevc\u00bb heading_semantic=\u00bbp\u00bb text_size=\u00bb\u00bb text_weight=\u00bb500&#8243; text_height=\u00bblh-n\u00bb uncode_shortcode_id=\u00bb246135&#8243; text_color_type=\u00bbuncode-palette\u00bb el_class=\u00bbmt-0 pt-10&#8243;]Compatible con[\/vc_custom_heading][vc_row_inner row_inner_height_percent=\u00bb0&#8243; overlay_alpha=\u00bb50&#8243; gutter_size=\u00bb3&#8243; shift_y=\u00bb0&#8243; z_index=\u00bb0&#8243; uncode_shortcode_id=\u00bb190634&#8243; el_class=\u00bbicon_boxs_wrap\u00bb css=\u00bb.vc_custom_1699887284713{margin-top: 50px !important;padding-bottom: 0px !important;}\u00bb][vc_column_inner column_width_percent=\u00bb100&#8243; align_horizontal=\u00bbalign_center\u00bb gutter_size=\u00bb2&#8243; overlay_alpha=\u00bb50&#8243; shift_x=\u00bb0&#8243; shift_y=\u00bb0&#8243; shift_y_down=\u00bb0&#8243; z_index=\u00bb0&#8243; medium_width=\u00bb0&#8243; mobile_width=\u00bb0&#8243; width=\u00bb1\/1&#8243; uncode_shortcode_id=\u00bb168717&#8243;][vc_icon display=\u00bbinline\u00bb icon_image=\u00bb21103&#8243; media_size=\u00bb300&#8243; text_size=\u00bbh4&#8243; text_weight=\u00bb500&#8243; text_height=\u00bblh-n\u00bb uncode_shortcode_id=\u00bb697144&#8243; title=\u00bbGlassOuse PRO\/Enlace\u00bb link=\u00bburl:https%3A%2F%2Fglassouse.com%2Fes%2Fproduct%2Fglassouse-pro-2%2F|title:GlassOuse%20PRO|target:_blank|\u00bb][\/vc_icon][vc_icon display=\u00bbinline\u00bb icon_image=\u00bb21111&#8243; media_size=\u00bb300&#8243; text_size=\u00bbh4&#8243; text_weight=\u00bb500&#8243; text_height=\u00bblh-n\u00bb uncode_shortcode_id=\u00bb869660&#8243; title=\u00bbGlassOuse 1.4&#8243; link=\u00bburl:https%3A%2F%2Fglassouse.com%2Fproduct%2Fglassouse-v1-4-assistive-device-buy%2F|title:GlassOuse%20V1.4|target:_blank|\u00bb][\/vc_icon][\/vc_column_inner][\/vc_row_inner][\/vc_column][\/vc_row][vc_row row_height_percent=\u00bb0&#8243; override_padding=\u00bbyes\u00bb h_padding=\u00bb0&#8243; top_padding=\u00bb0&#8243; bottom_padding=\u00bb3&#8243; overlay_alpha=\u00bb50&#8243; gutter_size=\u00bb3&#8243; column_width_percent=\u00bb100&#8243; shift_y=\u00bb0&#8243; z_index=\u00bb0&#8243; uncode_shortcode_id=\u00bb337339&#8243; css=\u00bb.vc_custom_1699889376802{padding-top: 10px !important;}\u00bb][vc_column column_width_percent=\u00bb65&#8243; gutter_size=\u00bb3&#8243; overlay_alpha=\u00bb50&#8243; shift_x=\u00bb0&#8243; shift_y=\u00bb0&#8243; shift_y_down=\u00bb0&#8243; z_index=\u00bb0&#8243; medium_width=\u00bb0&#8243; mobile_width=\u00bb0&#8243; width=\u00bb1\/1&#8243; uncode_shortcode_id=\u00bb668692&#8243;][vc_icon position=\u00bbleft\u00bb icon=\u00bbfa fa-play\u00bb icon_image=\u00bb22030&#8243; icon_color=\u00bbcolor-xsdn\u00bb uncode_shortcode_id=\u00bb105157&#8243; icon_color_type=\u00bbuncode-palette\u00bb media_lightbox=\u00bb22038&#8243; el_class=\u00bbvideo_box\u00bb][\/vc_icon][vc_column_text uncode_shortcode_id=\u00bb178353&#8243;]<strong>Una opci\u00f3n de conmutador duradero recubierto de un suave coj\u00edn para usuarios con menos control f\u00edsico<\/strong>. El Interruptor de Almohada proporciona una superficie de activaci\u00f3n de 8,63 cm, lo que hace que el art\u00edculo sea lo bastante c\u00f3modo para ambos grupos de usuarios que necesiten un \u00e1rea de destino grande o peque\u00f1a para interactuar. Accionado por una fuerza de activaci\u00f3n de 150 g, el Interruptor de Almohada tiene un clic auditivo y una respuesta t\u00e1ctil.  <\/p>\n<p><strong>El Pillow Switch viene con un cable de 185 cm de longitud y una clavija mono de 3,5 mm.<\/strong>  Se puede utilizar con las correas de sujeci\u00f3n t\u00e1ctiles y su pasador de seguridad adjunto para montarlo en superficies de tela y cojines de sillas de ruedas.[\/vc_column_text][vc_gallery el_id=\u00bbgallery-469288&#8243; isotope_mode=\u00bbfitRows\u00bb medias=\u00bb35755,35753&#8243; gutter_size=\u00bb2&#8243; screen_lg=\u00bb1000&#8243; screen_md=\u00bb600&#8243; screen_sm=\u00bb480&#8243; single_overlay_opacity=\u00bb50&#8243; single_h_align=\u00bbcenter\u00bb single_padding=\u00bb2&#8243; uncode_shortcode_id=\u00bb138162&#8243; items=\u00bbeyIxMjIwNF9pIjp7InNpbmdsZV90ZXh0Ijoib3ZlcmxheSJ9fQ==\u00bb el_class=\u00bbc_gallery two_column_gallery\u00bb][vc_gallery el_id=\u00bbgallery-469288&#8243; medias=\u00bb35757&#8243; gutter_size=\u00bb3&#8243; screen_lg=\u00bb1000&#8243; screen_md=\u00bb600&#8243; screen_sm=\u00bb480&#8243; single_width=\u00bb12&#8243; single_overlay_opacity=\u00bb50&#8243; single_padding=\u00bb2&#8243; uncode_shortcode_id=\u00bb668232&#8243; el_class=\u00bbc_gallery mt-0 pt-20&#8243;][vc_column_text uncode_shortcode_id=\u00bb152961&#8243;]Ahora, tambi\u00e9n tenemos disponible una versi\u00f3n mini.<\/p>\n<p><strong>El Mini Interruptor de Almohada tiene una superficie de activaci\u00f3n de 4 cm, para usuarios que buscan una alternativa m\u00e1s compacta<\/strong>. Accionado por una fuerza de activaci\u00f3n de 220 gramos, proporciona una respuesta t\u00e1ctil y auditiva, lo que lo hace ideal para los usuarios que necesitan una superficie de activaci\u00f3n m\u00e1s peque\u00f1a. <\/p>\n<p>El Mini Interruptor de Almohada viene con un cable de 195 cm de longitud y una clavija mono de 3,5 mm. Se puede utilizar con correas de sujeci\u00f3n t\u00e1ctiles y su pasador de seguridad adjunto para montarlo en superficies de tela y almohadillas de sillas de ruedas.[\/vc_column_text][vc_gallery el_id=\u00bbgallery-168830&#8243; medias=\u00bb35766&#8243; gutter_size=\u00bb3&#8243; screen_lg=\u00bb1000&#8243; screen_md=\u00bb600&#8243; screen_sm=\u00bb480&#8243; single_width=\u00bb12&#8243; single_overlay_opacity=\u00bb50&#8243; single_padding=\u00bb2&#8243; uncode_shortcode_id=\u00bb116167&#8243;][\/vc_column][\/vc_row]<\/p>\n<\/div>","protected":false},"excerpt":{"rendered":"<p>[vc_row unlock_row_content=\u00bbyes\u00bb row_height_percent=\u00bb0&#8243; override_padding=\u00bbyes\u00bb h_padding=\u00bb0&#8243; top_padding=\u00bb0&#8243; bottom_padding=\u00bb0&#8243; overlay_alpha=\u00bb50&#8243; equal_height=\u00bbyes\u00bb gutter_size=\u00bb0&#8243; column_width_percent=\u00bb100&#8243; shift_y=\u00bb0&#8243; z_index=\u00bb0&#8243; el_class=\u00bbcompact_section\u00bb uncode_shortcode_id=\u00bb152351&#8243; css=\u00bb.vc_custom_1699886063694{padding-top: 15px !important;padding-right: 0px !important;padding-left: [&hellip;]<\/p>\n","protected":false},"featured_media":35768,"template":"","meta":{"_acf_changed":false},"product_brand":[],"product_cat":[419],"product_tag":[],"class_list":{"0":"post-35733","1":"product","2":"type-product","3":"status-publish","4":"has-post-thumbnail","6":"product_cat-interruptores-g","8":"first","9":"instock","10":"shipping-taxable","11":"purchasable","12":"product-type-variable"},"acf":[],"yoast_head":"<!-- This site is optimized with the Yoast SEO plugin v27.4 - https:\/\/yoast.com\/product\/yoast-seo-wordpress\/ -->\n<title>Interruptor de almohada para discapacitados - Interruptor adaptado para dispositivo de ayuda<\/title>\n<meta name=\"description\" content=\"Comprar interruptor de almohada para discapacitados. Compatible con GlassOuse V1.2 y otros dispositivos y juguetes adaptados. Env\u00edo internacional.\" \/>\n<meta name=\"robots\" content=\"index, follow, max-snippet:-1, max-image-preview:large, max-video-preview:-1\" \/>\n<link rel=\"canonical\" href=\"https:\/\/glassouse.com\/es\/product\/gs07-interruptor-de-almohada-glassouse\/\" \/>\n<meta property=\"og:locale\" content=\"es_ES\" \/>\n<meta property=\"og:type\" content=\"article\" \/>\n<meta property=\"og:title\" content=\"Interruptor de almohada para discapacitados - Interruptor adaptado para dispositivo de ayuda\" \/>\n<meta property=\"og:description\" content=\"Comprar interruptor de almohada para discapacitados. Compatible con GlassOuse V1.2 y otros dispositivos y juguetes adaptados. Env\u00edo internacional.\" \/>\n<meta property=\"og:url\" content=\"https:\/\/glassouse.com\/es\/product\/gs07-interruptor-de-almohada-glassouse\/\" \/>\n<meta property=\"og:site_name\" content=\"Glassouse Assistive Device\" \/>\n<meta property=\"article:publisher\" content=\"https:\/\/www.facebook.com\/glassouse\/\" \/>\n<meta property=\"article:modified_time\" content=\"2026-04-27T09:51:17+00:00\" \/>\n<meta property=\"og:image\" content=\"https:\/\/glassouse.com\/wp-content\/uploads\/2019\/04\/3.png\" \/>\n\t<meta property=\"og:image:width\" content=\"1773\" \/>\n\t<meta property=\"og:image:height\" content=\"1773\" \/>\n\t<meta property=\"og:image:type\" content=\"image\/png\" \/>\n<meta name=\"twitter:card\" content=\"summary_large_image\" \/>\n<meta name=\"twitter:site\" content=\"@glassouse\" \/>\n<meta name=\"twitter:label1\" content=\"Tiempo de lectura\" \/>\n\t<meta name=\"twitter:data1\" content=\"5 minutos\" \/>\n<script type=\"application\/ld+json\" class=\"yoast-schema-graph\">{\"@context\":\"https:\\\/\\\/schema.org\",\"@graph\":[{\"@type\":\"WebPage\",\"@id\":\"https:\\\/\\\/glassouse.com\\\/es\\\/product\\\/gs07-interruptor-de-almohada-glassouse\\\/\",\"url\":\"https:\\\/\\\/glassouse.com\\\/es\\\/product\\\/gs07-interruptor-de-almohada-glassouse\\\/\",\"name\":\"Interruptor de almohada para discapacitados - Interruptor adaptado para dispositivo de ayuda\",\"isPartOf\":{\"@id\":\"https:\\\/\\\/glassouse.com\\\/es\\\/#website\"},\"primaryImageOfPage\":{\"@id\":\"https:\\\/\\\/glassouse.com\\\/es\\\/product\\\/gs07-interruptor-de-almohada-glassouse\\\/#primaryimage\"},\"image\":{\"@id\":\"https:\\\/\\\/glassouse.com\\\/es\\\/product\\\/gs07-interruptor-de-almohada-glassouse\\\/#primaryimage\"},\"thumbnailUrl\":\"https:\\\/\\\/glassouse.com\\\/wp-content\\\/uploads\\\/2019\\\/04\\\/3.png\",\"datePublished\":\"2019-04-15T06:38:35+00:00\",\"dateModified\":\"2026-04-27T09:51:17+00:00\",\"description\":\"Comprar interruptor de almohada para discapacitados. Compatible con GlassOuse V1.2 y otros dispositivos y juguetes adaptados. Env\u00edo internacional.\",\"breadcrumb\":{\"@id\":\"https:\\\/\\\/glassouse.com\\\/es\\\/product\\\/gs07-interruptor-de-almohada-glassouse\\\/#breadcrumb\"},\"inLanguage\":\"es\",\"potentialAction\":[{\"@type\":\"ReadAction\",\"target\":[\"https:\\\/\\\/glassouse.com\\\/es\\\/product\\\/gs07-interruptor-de-almohada-glassouse\\\/\"]}]},{\"@type\":\"ImageObject\",\"inLanguage\":\"es\",\"@id\":\"https:\\\/\\\/glassouse.com\\\/es\\\/product\\\/gs07-interruptor-de-almohada-glassouse\\\/#primaryimage\",\"url\":\"https:\\\/\\\/glassouse.com\\\/wp-content\\\/uploads\\\/2019\\\/04\\\/3.png\",\"contentUrl\":\"https:\\\/\\\/glassouse.com\\\/wp-content\\\/uploads\\\/2019\\\/04\\\/3.png\",\"width\":1773,\"height\":1773,\"caption\":\"Interruptor de almohada GlassOuse - Mini y normal\"},{\"@type\":\"BreadcrumbList\",\"@id\":\"https:\\\/\\\/glassouse.com\\\/es\\\/product\\\/gs07-interruptor-de-almohada-glassouse\\\/#breadcrumb\",\"itemListElement\":[{\"@type\":\"ListItem\",\"position\":1,\"name\":\"Home\",\"item\":\"https:\\\/\\\/glassouse.com\\\/es\\\/inicio\\\/\"},{\"@type\":\"ListItem\",\"position\":2,\"name\":\"Tienda\",\"item\":\"https:\\\/\\\/glassouse.com\\\/es\\\/tienda\\\/\"},{\"@type\":\"ListItem\",\"position\":3,\"name\":\"GS07 Interruptor de almohada GlassOuse\"}]},{\"@type\":\"WebSite\",\"@id\":\"https:\\\/\\\/glassouse.com\\\/es\\\/#website\",\"url\":\"https:\\\/\\\/glassouse.com\\\/es\\\/\",\"name\":\"Glassouse Assistive Device\",\"description\":\"Assistive Device and Switches for Disabled\",\"publisher\":{\"@id\":\"https:\\\/\\\/glassouse.com\\\/es\\\/#organization\"},\"potentialAction\":[{\"@type\":\"SearchAction\",\"target\":{\"@type\":\"EntryPoint\",\"urlTemplate\":\"https:\\\/\\\/glassouse.com\\\/es\\\/?s={search_term_string}\"},\"query-input\":{\"@type\":\"PropertyValueSpecification\",\"valueRequired\":true,\"valueName\":\"search_term_string\"}}],\"inLanguage\":\"es\"},{\"@type\":\"Organization\",\"@id\":\"https:\\\/\\\/glassouse.com\\\/es\\\/#organization\",\"name\":\"GlassOuse Assistive Device\",\"url\":\"https:\\\/\\\/glassouse.com\\\/es\\\/\",\"logo\":{\"@type\":\"ImageObject\",\"inLanguage\":\"es\",\"@id\":\"https:\\\/\\\/glassouse.com\\\/es\\\/#\\\/schema\\\/logo\\\/image\\\/\",\"url\":\"https:\\\/\\\/glassouse.com\\\/wp-content\\\/uploads\\\/2017\\\/11\\\/logo.jpg\",\"contentUrl\":\"https:\\\/\\\/glassouse.com\\\/wp-content\\\/uploads\\\/2017\\\/11\\\/logo.jpg\",\"width\":500,\"height\":500,\"caption\":\"GlassOuse Assistive Device\"},\"image\":{\"@id\":\"https:\\\/\\\/glassouse.com\\\/es\\\/#\\\/schema\\\/logo\\\/image\\\/\"},\"sameAs\":[\"https:\\\/\\\/www.facebook.com\\\/glassouse\\\/\",\"https:\\\/\\\/x.com\\\/glassouse\",\"https:\\\/\\\/www.instagram.com\\\/glassouseassistivedevice\\\/\",\"https:\\\/\\\/www.linkedin.com\\\/company\\\/glassouse\\\/\",\"https:\\\/\\\/www.youtube.com\\\/channel\\\/UCM5pebcmVXbu00QYd91_Gyw\"]}]}<\/script>\n<!-- \/ Yoast SEO plugin. -->","yoast_head_json":{"title":"Interruptor de almohada para discapacitados - Interruptor adaptado para dispositivo de ayuda","description":"Comprar interruptor de almohada para discapacitados. Compatible con GlassOuse V1.2 y otros dispositivos y juguetes adaptados. Env\u00edo internacional.","robots":{"index":"index","follow":"follow","max-snippet":"max-snippet:-1","max-image-preview":"max-image-preview:large","max-video-preview":"max-video-preview:-1"},"canonical":"https:\/\/glassouse.com\/es\/product\/gs07-interruptor-de-almohada-glassouse\/","og_locale":"es_ES","og_type":"article","og_title":"Interruptor de almohada para discapacitados - Interruptor adaptado para dispositivo de ayuda","og_description":"Comprar interruptor de almohada para discapacitados. Compatible con GlassOuse V1.2 y otros dispositivos y juguetes adaptados. Env\u00edo internacional.","og_url":"https:\/\/glassouse.com\/es\/product\/gs07-interruptor-de-almohada-glassouse\/","og_site_name":"Glassouse Assistive Device","article_publisher":"https:\/\/www.facebook.com\/glassouse\/","article_modified_time":"2026-04-27T09:51:17+00:00","og_image":[{"width":1773,"height":1773,"url":"https:\/\/glassouse.com\/wp-content\/uploads\/2019\/04\/3.png","type":"image\/png"}],"twitter_card":"summary_large_image","twitter_site":"@glassouse","twitter_misc":{"Tiempo de lectura":"5 minutos"},"schema":{"@context":"https:\/\/schema.org","@graph":[{"@type":"WebPage","@id":"https:\/\/glassouse.com\/es\/product\/gs07-interruptor-de-almohada-glassouse\/","url":"https:\/\/glassouse.com\/es\/product\/gs07-interruptor-de-almohada-glassouse\/","name":"Interruptor de almohada para discapacitados - Interruptor adaptado para dispositivo de ayuda","isPartOf":{"@id":"https:\/\/glassouse.com\/es\/#website"},"primaryImageOfPage":{"@id":"https:\/\/glassouse.com\/es\/product\/gs07-interruptor-de-almohada-glassouse\/#primaryimage"},"image":{"@id":"https:\/\/glassouse.com\/es\/product\/gs07-interruptor-de-almohada-glassouse\/#primaryimage"},"thumbnailUrl":"https:\/\/glassouse.com\/wp-content\/uploads\/2019\/04\/3.png","datePublished":"2019-04-15T06:38:35+00:00","dateModified":"2026-04-27T09:51:17+00:00","description":"Comprar interruptor de almohada para discapacitados. Compatible con GlassOuse V1.2 y otros dispositivos y juguetes adaptados. Env\u00edo internacional.","breadcrumb":{"@id":"https:\/\/glassouse.com\/es\/product\/gs07-interruptor-de-almohada-glassouse\/#breadcrumb"},"inLanguage":"es","potentialAction":[{"@type":"ReadAction","target":["https:\/\/glassouse.com\/es\/product\/gs07-interruptor-de-almohada-glassouse\/"]}]},{"@type":"ImageObject","inLanguage":"es","@id":"https:\/\/glassouse.com\/es\/product\/gs07-interruptor-de-almohada-glassouse\/#primaryimage","url":"https:\/\/glassouse.com\/wp-content\/uploads\/2019\/04\/3.png","contentUrl":"https:\/\/glassouse.com\/wp-content\/uploads\/2019\/04\/3.png","width":1773,"height":1773,"caption":"Interruptor de almohada GlassOuse - Mini y normal"},{"@type":"BreadcrumbList","@id":"https:\/\/glassouse.com\/es\/product\/gs07-interruptor-de-almohada-glassouse\/#breadcrumb","itemListElement":[{"@type":"ListItem","position":1,"name":"Home","item":"https:\/\/glassouse.com\/es\/inicio\/"},{"@type":"ListItem","position":2,"name":"Tienda","item":"https:\/\/glassouse.com\/es\/tienda\/"},{"@type":"ListItem","position":3,"name":"GS07 Interruptor de almohada GlassOuse"}]},{"@type":"WebSite","@id":"https:\/\/glassouse.com\/es\/#website","url":"https:\/\/glassouse.com\/es\/","name":"Glassouse Assistive Device","description":"Assistive Device and Switches for Disabled","publisher":{"@id":"https:\/\/glassouse.com\/es\/#organization"},"potentialAction":[{"@type":"SearchAction","target":{"@type":"EntryPoint","urlTemplate":"https:\/\/glassouse.com\/es\/?s={search_term_string}"},"query-input":{"@type":"PropertyValueSpecification","valueRequired":true,"valueName":"search_term_string"}}],"inLanguage":"es"},{"@type":"Organization","@id":"https:\/\/glassouse.com\/es\/#organization","name":"GlassOuse Assistive Device","url":"https:\/\/glassouse.com\/es\/","logo":{"@type":"ImageObject","inLanguage":"es","@id":"https:\/\/glassouse.com\/es\/#\/schema\/logo\/image\/","url":"https:\/\/glassouse.com\/wp-content\/uploads\/2017\/11\/logo.jpg","contentUrl":"https:\/\/glassouse.com\/wp-content\/uploads\/2017\/11\/logo.jpg","width":500,"height":500,"caption":"GlassOuse Assistive Device"},"image":{"@id":"https:\/\/glassouse.com\/es\/#\/schema\/logo\/image\/"},"sameAs":["https:\/\/www.facebook.com\/glassouse\/","https:\/\/x.com\/glassouse","https:\/\/www.instagram.com\/glassouseassistivedevice\/","https:\/\/www.linkedin.com\/company\/glassouse\/","https:\/\/www.youtube.com\/channel\/UCM5pebcmVXbu00QYd91_Gyw"]}]}},"_links":{"self":[{"href":"https:\/\/glassouse.com\/es\/wp-json\/wp\/v2\/product\/35733","targetHints":{"allow":["GET"]}}],"collection":[{"href":"https:\/\/glassouse.com\/es\/wp-json\/wp\/v2\/product"}],"about":[{"href":"https:\/\/glassouse.com\/es\/wp-json\/wp\/v2\/types\/product"}],"wp:featuredmedia":[{"embeddable":true,"href":"https:\/\/glassouse.com\/es\/wp-json\/wp\/v2\/media\/35768"}],"wp:attachment":[{"href":"https:\/\/glassouse.com\/es\/wp-json\/wp\/v2\/media?parent=35733"}],"wp:term":[{"taxonomy":"product_brand","embeddable":true,"href":"https:\/\/glassouse.com\/es\/wp-json\/wp\/v2\/product_brand?post=35733"},{"taxonomy":"product_cat","embeddable":true,"href":"https:\/\/glassouse.com\/es\/wp-json\/wp\/v2\/product_cat?post=35733"},{"taxonomy":"product_tag","embeddable":true,"href":"https:\/\/glassouse.com\/es\/wp-json\/wp\/v2\/product_tag?post=35733"}],"curies":[{"name":"wp","href":"https:\/\/api.w.org\/{rel}","templated":true}]}}