{"id":36531,"date":"2020-08-14T17:50:51","date_gmt":"2020-08-14T09:50:51","guid":{"rendered":"https:\/\/glassouse.com\/product\/gat03-graba-y-juega-dinosaurio\/"},"modified":"2020-08-14T17:50:51","modified_gmt":"2020-08-14T09:50:51","slug":"gat03-graba-y-juega-dinosaurio","status":"publish","type":"product","link":"https:\/\/glassouse.com\/es\/product\/gat03-graba-y-juega-dinosaurio\/","title":{"rendered":"GAT03 Graba y Juega Dinosaurio"},"content":{"rendered":"","protected":false},"excerpt":{"rendered":"<h4>GRABAR Y JUGAR DINOSAURIO- GAT03<\/h4>\n<p>1x Juguete Dinosaurio Record &amp; Play con conector Jack de 3,5 mm<br \/>\n1x Manual del usuario<\/p>\n<p><a href=\"https:\/\/glassouse.com\/es\/garantia-de-devolucion-del-dinero\/\"><img decoding=\"async\" class=\"alignnone wp-image-1817\" src=\"https:\/\/glassouse.com\/wp-content\/uploads\/2017\/11\/15_Day_Money_Back_47882ccb-f31c-4b58-ab77-9b78929009ef_grande.png\" alt=\"\" width=\"95\" height=\"95\" srcset=\"https:\/\/glassouse.com\/wp-content\/uploads\/2017\/11\/15_Day_Money_Back_47882ccb-f31c-4b58-ab77-9b78929009ef_grande.png 150w, https:\/\/glassouse.com\/wp-content\/uploads\/2017\/11\/15_Day_Money_Back_47882ccb-f31c-4b58-ab77-9b78929009ef_grande-100x100.png 100w, https:\/\/glassouse.com\/wp-content\/uploads\/2017\/11\/15_Day_Money_Back_47882ccb-f31c-4b58-ab77-9b78929009ef_grande-75x75.png 75w\" sizes=\"(max-width: 95px) 100vw, 95px\" \/><\/a>   <img decoding=\"async\" class=\"alignnone wp-image-3424\" src=\"https:\/\/glassouse.com\/wp-content\/uploads\/2020\/08\/A4.png\" alt=\"Garant\u00eda GlassOuse\" width=\"95\" height=\"95\" srcset=\"https:\/\/glassouse.com\/wp-content\/uploads\/2020\/08\/A4.png 345w, https:\/\/glassouse.com\/wp-content\/uploads\/2020\/08\/A4-300x299.png 300w, https:\/\/glassouse.com\/wp-content\/uploads\/2020\/08\/A4-100x100.png 100w, https:\/\/glassouse.com\/wp-content\/uploads\/2020\/08\/A4-150x150.png 150w\" sizes=\"(max-width: 95px) 100vw, 95px\" \/><\/p>\n<p><strong>FUNCI\u00d3N: <\/strong> Un dinosaurio grabador y reproductor que puede grabar tu voz hasta 5 minutos y reproducirla varias veces. Un juguete perfecto para los ni\u00f1os que est\u00e1n aprendiendo a hablar o simplemente quieren cantar\/hablar y escuchar. <\/p>\n<p><strong>ESPECIFICACIONES:<\/strong><br \/>\n<strong>Longitud:<\/strong> 36 cm<br \/>\n<strong>Peso:<\/strong> 0,34 kg \/ 0,75 libras<br \/>\n<strong>Material:<\/strong> Felpa supersuave<br \/>\n<strong>Relleno:<\/strong> Algod\u00f3n PP 3D respetuoso con el medio ambiente<br \/>\n<strong>Alimentaci\u00f3n:<\/strong> 3 pilas AA<\/p>\n<p><strong>INSTRUCCI\u00d3N:<\/strong><\/p>\n<ol>\n<li>Conecta los interruptores adaptadores de jack de 3,5 mm de tu elecci\u00f3n a cada una de las dos entradas de jack de 3,5 mm del juguete.<\/li>\n<li>Para <strong>grabar, <\/strong>pulsa el interruptor de la derecha, oir\u00e1s 1x pitido y ver\u00e1s una luz roja que indica que el juguete est\u00e1 grabando. Habla a la barriga del juguete. Despu\u00e9s de grabar, pulsa el interruptor de la derecha una vez m\u00e1s, oir\u00e1s 2 veces el pitido que indica que la grabaci\u00f3n se ha detenido  <\/li>\n<li>Para <strong>reproducir<\/strong> la grabaci\u00f3n, pulsa el interruptor de la izquierda. Puedes reproducir la misma grabaci\u00f3n (N) n\u00famero de veces. <\/li>\n<\/ol>\n<p><strong><em>*Los interruptores se venden por separado<\/em><\/strong><\/p>\n<p>____________________________________________________________________________________________________________<\/p>\n","protected":false},"featured_media":36568,"template":"","meta":{"_acf_changed":false},"product_brand":[],"product_cat":[328],"product_tag":[330,487,488,489],"class_list":{"0":"post-36531","1":"product","2":"type-product","3":"status-publish","4":"has-post-thumbnail","6":"product_cat-juguetes-glassouse","7":"product_tag-juguetes-adaptados-al-interruptor","8":"product_tag-juguetes-adaptables","9":"product_tag-juguetes-para-necesidades-especiales","10":"product_tag-juguetes-para-discapacitados","11":"product_shipping_class-juguete","13":"first","14":"instock","15":"shipping-taxable","16":"purchasable","17":"product-type-simple"},"acf":[],"yoast_head":"<!-- This site is optimized with the Yoast SEO plugin v27.4 - https:\/\/yoast.com\/product\/yoast-seo-wordpress\/ -->\n<title>Record &amp; Play Dinosaurio - Juguete adaptado a Switch | GlassOuse<\/title>\n<meta name=\"description\" content=\"Compra este dinosaurio que graba y juega activado por un interruptor adaptable. Conecta cualquier interruptor con clavija de 3,5 mm y juega con el juguete. Adecuado para ni\u00f1os con discapacidad.\" \/>\n<meta name=\"robots\" content=\"index, follow, max-snippet:-1, max-image-preview:large, max-video-preview:-1\" \/>\n<link rel=\"canonical\" href=\"https:\/\/glassouse.com\/es\/product\/gat03-graba-y-juega-dinosaurio\/\" \/>\n<meta property=\"og:locale\" content=\"es_ES\" \/>\n<meta property=\"og:type\" content=\"article\" \/>\n<meta property=\"og:title\" content=\"Record &amp; Play Dinosaurio - Juguete adaptado a Switch | GlassOuse\" \/>\n<meta property=\"og:description\" content=\"Compra este dinosaurio que graba y juega activado por un interruptor adaptable. Conecta cualquier interruptor con clavija de 3,5 mm y juega con el juguete. Adecuado para ni\u00f1os con discapacidad.\" \/>\n<meta property=\"og:url\" content=\"https:\/\/glassouse.com\/es\/product\/gat03-graba-y-juega-dinosaurio\/\" \/>\n<meta property=\"og:site_name\" content=\"Glassouse Assistive Device\" \/>\n<meta property=\"article:publisher\" content=\"https:\/\/www.facebook.com\/glassouse\/\" \/>\n<meta property=\"og:image\" content=\"https:\/\/glassouse.com\/wp-content\/uploads\/2020\/08\/Record-and-Play-Dinosaur-2.jpg\" \/>\n\t<meta property=\"og:image:width\" content=\"1000\" \/>\n\t<meta property=\"og:image:height\" content=\"1000\" \/>\n\t<meta property=\"og:image:type\" content=\"image\/jpeg\" \/>\n<meta name=\"twitter:card\" content=\"summary_large_image\" \/>\n<meta name=\"twitter:site\" content=\"@glassouse\" \/>\n<script type=\"application\/ld+json\" class=\"yoast-schema-graph\">{\"@context\":\"https:\\\/\\\/schema.org\",\"@graph\":[{\"@type\":\"WebPage\",\"@id\":\"https:\\\/\\\/glassouse.com\\\/es\\\/product\\\/gat03-graba-y-juega-dinosaurio\\\/\",\"url\":\"https:\\\/\\\/glassouse.com\\\/es\\\/product\\\/gat03-graba-y-juega-dinosaurio\\\/\",\"name\":\"Record & Play Dinosaurio - Juguete adaptado a Switch | GlassOuse\",\"isPartOf\":{\"@id\":\"https:\\\/\\\/glassouse.com\\\/es\\\/#website\"},\"primaryImageOfPage\":{\"@id\":\"https:\\\/\\\/glassouse.com\\\/es\\\/product\\\/gat03-graba-y-juega-dinosaurio\\\/#primaryimage\"},\"image\":{\"@id\":\"https:\\\/\\\/glassouse.com\\\/es\\\/product\\\/gat03-graba-y-juega-dinosaurio\\\/#primaryimage\"},\"thumbnailUrl\":\"https:\\\/\\\/glassouse.com\\\/wp-content\\\/uploads\\\/2020\\\/08\\\/Record-and-Play-Dinosaur-2.jpg\",\"datePublished\":\"2020-08-14T09:50:51+00:00\",\"description\":\"Compra este dinosaurio que graba y juega activado por un interruptor adaptable. Conecta cualquier interruptor con clavija de 3,5 mm y juega con el juguete. Adecuado para ni\u00f1os con discapacidad.\",\"breadcrumb\":{\"@id\":\"https:\\\/\\\/glassouse.com\\\/es\\\/product\\\/gat03-graba-y-juega-dinosaurio\\\/#breadcrumb\"},\"inLanguage\":\"es\",\"potentialAction\":[{\"@type\":\"ReadAction\",\"target\":[\"https:\\\/\\\/glassouse.com\\\/es\\\/product\\\/gat03-graba-y-juega-dinosaurio\\\/\"]}]},{\"@type\":\"ImageObject\",\"inLanguage\":\"es\",\"@id\":\"https:\\\/\\\/glassouse.com\\\/es\\\/product\\\/gat03-graba-y-juega-dinosaurio\\\/#primaryimage\",\"url\":\"https:\\\/\\\/glassouse.com\\\/wp-content\\\/uploads\\\/2020\\\/08\\\/Record-and-Play-Dinosaur-2.jpg\",\"contentUrl\":\"https:\\\/\\\/glassouse.com\\\/wp-content\\\/uploads\\\/2020\\\/08\\\/Record-and-Play-Dinosaur-2.jpg\",\"width\":1000,\"height\":1000,\"caption\":\"Graba y juega con los dinosaurios\"},{\"@type\":\"BreadcrumbList\",\"@id\":\"https:\\\/\\\/glassouse.com\\\/es\\\/product\\\/gat03-graba-y-juega-dinosaurio\\\/#breadcrumb\",\"itemListElement\":[{\"@type\":\"ListItem\",\"position\":1,\"name\":\"Home\",\"item\":\"https:\\\/\\\/glassouse.com\\\/es\\\/inicio\\\/\"},{\"@type\":\"ListItem\",\"position\":2,\"name\":\"Tienda\",\"item\":\"https:\\\/\\\/glassouse.com\\\/es\\\/tienda\\\/\"},{\"@type\":\"ListItem\",\"position\":3,\"name\":\"GAT03 Graba y Juega Dinosaurio\"}]},{\"@type\":\"WebSite\",\"@id\":\"https:\\\/\\\/glassouse.com\\\/es\\\/#website\",\"url\":\"https:\\\/\\\/glassouse.com\\\/es\\\/\",\"name\":\"Glassouse Assistive Device\",\"description\":\"Assistive Device and Switches for Disabled\",\"publisher\":{\"@id\":\"https:\\\/\\\/glassouse.com\\\/es\\\/#organization\"},\"potentialAction\":[{\"@type\":\"SearchAction\",\"target\":{\"@type\":\"EntryPoint\",\"urlTemplate\":\"https:\\\/\\\/glassouse.com\\\/es\\\/?s={search_term_string}\"},\"query-input\":{\"@type\":\"PropertyValueSpecification\",\"valueRequired\":true,\"valueName\":\"search_term_string\"}}],\"inLanguage\":\"es\"},{\"@type\":\"Organization\",\"@id\":\"https:\\\/\\\/glassouse.com\\\/es\\\/#organization\",\"name\":\"GlassOuse Assistive Device\",\"url\":\"https:\\\/\\\/glassouse.com\\\/es\\\/\",\"logo\":{\"@type\":\"ImageObject\",\"inLanguage\":\"es\",\"@id\":\"https:\\\/\\\/glassouse.com\\\/es\\\/#\\\/schema\\\/logo\\\/image\\\/\",\"url\":\"https:\\\/\\\/glassouse.com\\\/wp-content\\\/uploads\\\/2017\\\/11\\\/logo.jpg\",\"contentUrl\":\"https:\\\/\\\/glassouse.com\\\/wp-content\\\/uploads\\\/2017\\\/11\\\/logo.jpg\",\"width\":500,\"height\":500,\"caption\":\"GlassOuse Assistive Device\"},\"image\":{\"@id\":\"https:\\\/\\\/glassouse.com\\\/es\\\/#\\\/schema\\\/logo\\\/image\\\/\"},\"sameAs\":[\"https:\\\/\\\/www.facebook.com\\\/glassouse\\\/\",\"https:\\\/\\\/x.com\\\/glassouse\",\"https:\\\/\\\/www.instagram.com\\\/glassouseassistivedevice\\\/\",\"https:\\\/\\\/www.linkedin.com\\\/company\\\/glassouse\\\/\",\"https:\\\/\\\/www.youtube.com\\\/channel\\\/UCM5pebcmVXbu00QYd91_Gyw\"]}]}<\/script>\n<!-- \/ Yoast SEO plugin. -->","yoast_head_json":{"title":"Record & Play Dinosaurio - Juguete adaptado a Switch | GlassOuse","description":"Compra este dinosaurio que graba y juega activado por un interruptor adaptable. Conecta cualquier interruptor con clavija de 3,5 mm y juega con el juguete. Adecuado para ni\u00f1os con discapacidad.","robots":{"index":"index","follow":"follow","max-snippet":"max-snippet:-1","max-image-preview":"max-image-preview:large","max-video-preview":"max-video-preview:-1"},"canonical":"https:\/\/glassouse.com\/es\/product\/gat03-graba-y-juega-dinosaurio\/","og_locale":"es_ES","og_type":"article","og_title":"Record & Play Dinosaurio - Juguete adaptado a Switch | GlassOuse","og_description":"Compra este dinosaurio que graba y juega activado por un interruptor adaptable. Conecta cualquier interruptor con clavija de 3,5 mm y juega con el juguete. Adecuado para ni\u00f1os con discapacidad.","og_url":"https:\/\/glassouse.com\/es\/product\/gat03-graba-y-juega-dinosaurio\/","og_site_name":"Glassouse Assistive Device","article_publisher":"https:\/\/www.facebook.com\/glassouse\/","og_image":[{"width":1000,"height":1000,"url":"https:\/\/glassouse.com\/wp-content\/uploads\/2020\/08\/Record-and-Play-Dinosaur-2.jpg","type":"image\/jpeg"}],"twitter_card":"summary_large_image","twitter_site":"@glassouse","schema":{"@context":"https:\/\/schema.org","@graph":[{"@type":"WebPage","@id":"https:\/\/glassouse.com\/es\/product\/gat03-graba-y-juega-dinosaurio\/","url":"https:\/\/glassouse.com\/es\/product\/gat03-graba-y-juega-dinosaurio\/","name":"Record & Play Dinosaurio - Juguete adaptado a Switch | GlassOuse","isPartOf":{"@id":"https:\/\/glassouse.com\/es\/#website"},"primaryImageOfPage":{"@id":"https:\/\/glassouse.com\/es\/product\/gat03-graba-y-juega-dinosaurio\/#primaryimage"},"image":{"@id":"https:\/\/glassouse.com\/es\/product\/gat03-graba-y-juega-dinosaurio\/#primaryimage"},"thumbnailUrl":"https:\/\/glassouse.com\/wp-content\/uploads\/2020\/08\/Record-and-Play-Dinosaur-2.jpg","datePublished":"2020-08-14T09:50:51+00:00","description":"Compra este dinosaurio que graba y juega activado por un interruptor adaptable. Conecta cualquier interruptor con clavija de 3,5 mm y juega con el juguete. Adecuado para ni\u00f1os con discapacidad.","breadcrumb":{"@id":"https:\/\/glassouse.com\/es\/product\/gat03-graba-y-juega-dinosaurio\/#breadcrumb"},"inLanguage":"es","potentialAction":[{"@type":"ReadAction","target":["https:\/\/glassouse.com\/es\/product\/gat03-graba-y-juega-dinosaurio\/"]}]},{"@type":"ImageObject","inLanguage":"es","@id":"https:\/\/glassouse.com\/es\/product\/gat03-graba-y-juega-dinosaurio\/#primaryimage","url":"https:\/\/glassouse.com\/wp-content\/uploads\/2020\/08\/Record-and-Play-Dinosaur-2.jpg","contentUrl":"https:\/\/glassouse.com\/wp-content\/uploads\/2020\/08\/Record-and-Play-Dinosaur-2.jpg","width":1000,"height":1000,"caption":"Graba y juega con los dinosaurios"},{"@type":"BreadcrumbList","@id":"https:\/\/glassouse.com\/es\/product\/gat03-graba-y-juega-dinosaurio\/#breadcrumb","itemListElement":[{"@type":"ListItem","position":1,"name":"Home","item":"https:\/\/glassouse.com\/es\/inicio\/"},{"@type":"ListItem","position":2,"name":"Tienda","item":"https:\/\/glassouse.com\/es\/tienda\/"},{"@type":"ListItem","position":3,"name":"GAT03 Graba y Juega Dinosaurio"}]},{"@type":"WebSite","@id":"https:\/\/glassouse.com\/es\/#website","url":"https:\/\/glassouse.com\/es\/","name":"Glassouse Assistive Device","description":"Assistive Device and Switches for Disabled","publisher":{"@id":"https:\/\/glassouse.com\/es\/#organization"},"potentialAction":[{"@type":"SearchAction","target":{"@type":"EntryPoint","urlTemplate":"https:\/\/glassouse.com\/es\/?s={search_term_string}"},"query-input":{"@type":"PropertyValueSpecification","valueRequired":true,"valueName":"search_term_string"}}],"inLanguage":"es"},{"@type":"Organization","@id":"https:\/\/glassouse.com\/es\/#organization","name":"GlassOuse Assistive Device","url":"https:\/\/glassouse.com\/es\/","logo":{"@type":"ImageObject","inLanguage":"es","@id":"https:\/\/glassouse.com\/es\/#\/schema\/logo\/image\/","url":"https:\/\/glassouse.com\/wp-content\/uploads\/2017\/11\/logo.jpg","contentUrl":"https:\/\/glassouse.com\/wp-content\/uploads\/2017\/11\/logo.jpg","width":500,"height":500,"caption":"GlassOuse Assistive Device"},"image":{"@id":"https:\/\/glassouse.com\/es\/#\/schema\/logo\/image\/"},"sameAs":["https:\/\/www.facebook.com\/glassouse\/","https:\/\/x.com\/glassouse","https:\/\/www.instagram.com\/glassouseassistivedevice\/","https:\/\/www.linkedin.com\/company\/glassouse\/","https:\/\/www.youtube.com\/channel\/UCM5pebcmVXbu00QYd91_Gyw"]}]}},"_links":{"self":[{"href":"https:\/\/glassouse.com\/es\/wp-json\/wp\/v2\/product\/36531","targetHints":{"allow":["GET"]}}],"collection":[{"href":"https:\/\/glassouse.com\/es\/wp-json\/wp\/v2\/product"}],"about":[{"href":"https:\/\/glassouse.com\/es\/wp-json\/wp\/v2\/types\/product"}],"wp:featuredmedia":[{"embeddable":true,"href":"https:\/\/glassouse.com\/es\/wp-json\/wp\/v2\/media\/36568"}],"wp:attachment":[{"href":"https:\/\/glassouse.com\/es\/wp-json\/wp\/v2\/media?parent=36531"}],"wp:term":[{"taxonomy":"product_brand","embeddable":true,"href":"https:\/\/glassouse.com\/es\/wp-json\/wp\/v2\/product_brand?post=36531"},{"taxonomy":"product_cat","embeddable":true,"href":"https:\/\/glassouse.com\/es\/wp-json\/wp\/v2\/product_cat?post=36531"},{"taxonomy":"product_tag","embeddable":true,"href":"https:\/\/glassouse.com\/es\/wp-json\/wp\/v2\/product_tag?post=36531"}],"curies":[{"name":"wp","href":"https:\/\/api.w.org\/{rel}","templated":true}]}}