{"id":26878,"date":"2018-04-09T12:47:45","date_gmt":"2018-04-09T04:47:45","guid":{"rendered":"https:\/\/glassouse.com\/garantie-de-remboursement\/"},"modified":"2026-04-27T16:55:13","modified_gmt":"2026-04-27T08:55:13","slug":"garantie-de-remboursement","status":"publish","type":"page","link":"https:\/\/glassouse.com\/fr\/garantie-de-remboursement\/","title":{"rendered":"Garantie de remboursement"},"content":{"rendered":"<div class=\"wpb-content-wrapper\"><p>[vc_row row_height_percent=\u00a0\u00bb0&Prime; overlay_alpha=\u00a0\u00bb50&Prime; gutter_size=\u00a0\u00bb3&Prime; column_width_percent=\u00a0\u00bb100&Prime; shift_y=\u00a0\u00bb0&Prime; z_index=\u00a0\u00bb0&Prime; uncode_shortcode_id=\u00a0\u00bb144508&Prime; css=\u00a0\u00bb.vc_custom_1649004907143{padding-bottom: 0px !important;}\u00a0\u00bb][vc_column column_width_percent=\u00a0\u00bb100&Prime; gutter_size=\u00a0\u00bb3&Prime; override_padding=\u00a0\u00bbyes\u00a0\u00bb column_padding=\u00a0\u00bb1&Prime; overlay_alpha=\u00a0\u00bb50&Prime; shift_x=\u00a0\u00bb0&Prime; shift_y=\u00a0\u00bb0&Prime; shift_y_down=\u00a0\u00bb0&Prime; z_index=\u00a0\u00bb0&Prime; medium_width=\u00a0\u00bb0&Prime; mobile_width=\u00a0\u00bb0&Prime; width=\u00a0\u00bb1\/1&Prime; uncode_shortcode_id=\u00a0\u00bb167546&Prime; css=\u00a0\u00bb.vc_custom_1649004867867{padding-bottom: 0px !important;}\u00a0\u00bb][vc_single_image media=\u00a0\u00bb26880&Prime; media_width_percent=\u00a0\u00bb100&Prime; alignment=\u00a0\u00bbcenter\u00a0\u00bb uncode_shortcode_id=\u00a0\u00bb168334&Prime;][vc_column_text uncode_shortcode_id=\u00a0\u00bb998297&Prime;]<\/p>\n<p><img decoding=\"async\" class=\"alignnone size-full wp-image-214 aligncenter\" src=\"https:\/\/glassouse.com\/wp-content\/uploads\/2017\/11\/black.png\" alt=\"\" width=\"100\" height=\"4\" srcset=\"https:\/\/glassouse.com\/wp-content\/uploads\/2017\/11\/black.png 100w, https:\/\/glassouse.com\/wp-content\/uploads\/2017\/11\/black-75x4.png 75w\" sizes=\"(max-width: 100px) 100vw, 100px\" \/>[\/vc_column_text][vc_column_text uncode_shortcode_id=\u00a0\u00bb579978&Prime;]<\/p>\n<h4 style=\"text-align: center;\">Tous les produits GlassOuse sont livr\u00e9s avec une p\u00e9riode d&rsquo;essai de 15 jours.<\/h4>\n<p style=\"text-align: center;\">Apr\u00e8s avoir effectu\u00e9 un achat sur le site web, si vous changez d&rsquo;avis et d\u00e9cidez de renvoyer le produit dans les 15 jours (\u00e0 compter de la date de r\u00e9ception du produit), vous pouvez demander un retour et un remboursement.<\/p>\n<p>[\/vc_column_text][vc_column_text uncode_shortcode_id=\u00a0\u00bb195375&Prime; css=\u00a0\u00bb.vc_custom_1650349700527{padding-bottom: 0px !important;}\u00a0\u00bb]<\/p>\n<h4><strong>Comment retourner et obtenir un remboursement<\/strong><\/h4>\n<ol>\n<li>Contactez notre \u00e9quipe d&rsquo;assistance par le biais du site web ou par courriel &#8211; <a href=\"mailto:support@glassouse.com\">support@glassouse.com.<\/a> Veuillez indiquer votre num\u00e9ro de commande et la raison du retour. <\/li>\n<li>Notre \u00e9quipe vous renverra les instructions de retour. Suivez ces instructions et renvoyez le produit dans son emballage d&rsquo;origine. Les frais de retour sont \u00e0 votre charge.<br \/>\n<strong>Note :<\/strong> Veuillez vous assurer que le produit n&rsquo;est pas endommag\u00e9 car aucun remboursement ne sera effectu\u00e9 pour des produits endommag\u00e9s.<\/li>\n<li>Une fois les marchandises renvoy\u00e9es \u00e0 notre si\u00e8ge, nous proc\u00e9derons au retour dans un d\u00e9lai de 7 jours.<\/li>\n<\/ol>\n<p>[\/vc_column_text][\/vc_column][\/vc_row][vc_row row_height_percent=\u00a0\u00bb0&Prime; overlay_alpha=\u00a0\u00bb50&Prime; gutter_size=\u00a0\u00bb3&Prime; column_width_percent=\u00a0\u00bb100&Prime; shift_y=\u00a0\u00bb0&Prime; z_index=\u00a0\u00bb0&Prime; uncode_shortcode_id=\u00a0\u00bb420806&Prime; css=\u00a0\u00bb.vc_custom_1649004922471{padding-top: 10px !important;}\u00a0\u00bb][vc_column width=\u00a0\u00bb1\/1&Prime;][vc_accordion active_tab=\u00a0\u00bb0&Prime;][vc_accordion_tab title=\u00a0\u00bbEst-ce que GlassOuse a une politique de retour ?\u00a0\u00bb tab_id=\u00a0\u00bb083c16d9-ea7a-6&Prime;][vc_column_text]Tous les produits GlassOuse offrent une p\u00e9riode d&rsquo;essai de 15 jours apr\u00e8s la date de livraison. Vous pouvez demander \u00e0 retourner un article dans l&rsquo;\u00e9tat o\u00f9 vous l&rsquo;avez re\u00e7u si vous changez d&rsquo;avis.[\/vc_column_text][\/vc_accordion_tab][vc_accordion_tab title=\u00a0\u00bbPuis-je retourner un article si je l&apos;ai utilis\u00e9 ?\u00a0\u00bb tab_id=\u00a0\u00bbded89cbf-a994-7&Prime;][vc_column_text]Absolument. Mais tous les appareils retourn\u00e9s doivent \u00eatre exempts de dysfonctionnements et de d\u00e9fauts pour obtenir un remboursement complet.[\/vc_column_text][\/vc_accordion_tab][vc_accordion_tab title=\u00a0\u00bbQui prend en charge les frais de retour ?\u00a0\u00bb tab_id=\u00a0\u00bb0928a723-1730-7&Prime;][vc_column_text]M\u00eame si GlassOuse offre un remboursement complet des articles, les frais de retour sont \u00e0 la charge de l&rsquo;acheteur.[\/vc_column_text][\/vc_accordion_tab][vc_accordion_tab title=\u00a0\u00bbQuand recevrai-je mon remboursement ?\u00a0\u00bb tab_id=\u00a0\u00bbdb439506-05f3-2&Prime;][vc_column_text]Le remboursement est effectu\u00e9 dans les 7 (sept) jours ouvrables suivant la livraison de l&rsquo;appareil dans l&rsquo;\u00e9tat dans lequel il a \u00e9t\u00e9 re\u00e7u &#8211; sans dysfonctionnement ni d\u00e9faut. Remarque &#8211; Le montant du remboursement ne comprend que le co\u00fbt de l&rsquo;appareil et non les frais d&rsquo;exp\u00e9dition.[\/vc_column_text][\/vc_accordion_tab][vc_accordion_tab gutter_size=\u00a0\u00bb2&Prime; column_padding=\u00a0\u00bb2&Prime; title=\u00a0\u00bbY a-t-il des frais de remboursement ?\u00a0\u00bb tab_id=\u00a0\u00bb1650406264098-5-3&Prime;][vc_column_text uncode_shortcode_id=\u00a0\u00bb142636&Prime;]Nous proc\u00e9derons au remboursement de la totalit\u00e9 de la somme que vous avez vers\u00e9e. Cependant, environ 3,6 \u00e0 4 % du montant total du paiement sont d\u00e9duits par les syst\u00e8mes de paiement \u00e0 titre de frais. Par exemple, si vous avez pay\u00e9 100 $ lors de l&rsquo;achat, vous recevrez environ 96 $.[\/vc_column_text][\/vc_accordion_tab][\/vc_accordion][\/vc_column][\/vc_row]<\/p>\n<\/div>","protected":false},"excerpt":{"rendered":"<p>[vc_row row_height_percent=\u00a0\u00bb0&Prime; overlay_alpha=\u00a0\u00bb50&Prime; gutter_size=\u00a0\u00bb3&Prime; column_width_percent=\u00a0\u00bb100&Prime; shift_y=\u00a0\u00bb0&Prime; z_index=\u00a0\u00bb0&Prime; uncode_shortcode_id=\u00a0\u00bb144508&Prime; css=\u00a0\u00bb.vc_custom_1649004907143{padding-bottom: 0px !important;}\u00a0\u00bb][vc_column column_width_percent=\u00a0\u00bb100&Prime; gutter_size=\u00a0\u00bb3&Prime; override_padding=\u00a0\u00bbyes\u00a0\u00bb column_padding=\u00a0\u00bb1&Prime; overlay_alpha=\u00a0\u00bb50&Prime; shift_x=\u00a0\u00bb0&Prime; shift_y=\u00a0\u00bb0&Prime; shift_y_down=\u00a0\u00bb0&Prime; z_index=\u00a0\u00bb0&Prime; [&hellip;]<\/p>\n","protected":false},"author":1,"featured_media":0,"parent":0,"menu_order":24,"comment_status":"closed","ping_status":"closed","template":"","meta":{"_acf_changed":false,"footnotes":""},"class_list":["post-26878","page","type-page","status-publish","hentry"],"acf":[],"yoast_head":"<!-- This site is optimized with the Yoast SEO plugin v27.5 - https:\/\/yoast.com\/product\/yoast-seo-wordpress\/ -->\n<title>Garantie de remboursement - Glassouse Assistive Device<\/title>\n<meta name=\"description\" content=\"Essayez GlassOuse et la s\u00e9rie G-Switch pendant 15 jours avec le programme de garantie de remboursement. Commandez votre appareil d&#039;assistance de d\u00e9monstration en quelques minutes.\" \/>\n<meta name=\"robots\" content=\"index, follow, max-snippet:-1, max-image-preview:large, max-video-preview:-1\" \/>\n<link rel=\"canonical\" href=\"https:\/\/glassouse.com\/fr\/garantie-de-remboursement\/\" \/>\n<meta property=\"og:locale\" content=\"fr_FR\" \/>\n<meta property=\"og:type\" content=\"article\" \/>\n<meta property=\"og:title\" content=\"Garantie de remboursement - Glassouse Assistive Device\" \/>\n<meta property=\"og:description\" content=\"Essayez GlassOuse et la s\u00e9rie G-Switch pendant 15 jours avec le programme de garantie de remboursement. Commandez votre appareil d&#039;assistance de d\u00e9monstration en quelques minutes.\" \/>\n<meta property=\"og:url\" content=\"https:\/\/glassouse.com\/fr\/garantie-de-remboursement\/\" \/>\n<meta property=\"og:site_name\" content=\"Glassouse Assistive Device\" \/>\n<meta property=\"article:publisher\" content=\"https:\/\/www.facebook.com\/glassouse\/\" \/>\n<meta property=\"article:modified_time\" content=\"2026-04-27T08:55:13+00:00\" \/>\n<meta property=\"og:image\" content=\"https:\/\/glassouse.com\/wp-content\/uploads\/2017\/11\/black.png\" \/>\n\t<meta property=\"og:image:width\" content=\"100\" \/>\n\t<meta property=\"og:image:height\" content=\"4\" \/>\n\t<meta property=\"og:image:type\" content=\"image\/png\" \/>\n<meta name=\"twitter:card\" content=\"summary_large_image\" \/>\n<meta name=\"twitter:site\" content=\"@glassouse\" \/>\n<meta name=\"twitter:label1\" content=\"Dur\u00e9e de lecture estim\u00e9e\" \/>\n\t<meta name=\"twitter:data1\" content=\"3 minutes\" \/>\n<script type=\"application\/ld+json\" class=\"yoast-schema-graph\">{\"@context\":\"https:\\\/\\\/schema.org\",\"@graph\":[{\"@type\":\"WebPage\",\"@id\":\"https:\\\/\\\/glassouse.com\\\/fr\\\/garantie-de-remboursement\\\/\",\"url\":\"https:\\\/\\\/glassouse.com\\\/fr\\\/garantie-de-remboursement\\\/\",\"name\":\"Garantie de remboursement - Glassouse Assistive Device\",\"isPartOf\":{\"@id\":\"https:\\\/\\\/glassouse.com\\\/fr\\\/#website\"},\"primaryImageOfPage\":{\"@id\":\"https:\\\/\\\/glassouse.com\\\/fr\\\/garantie-de-remboursement\\\/#primaryimage\"},\"image\":{\"@id\":\"https:\\\/\\\/glassouse.com\\\/fr\\\/garantie-de-remboursement\\\/#primaryimage\"},\"thumbnailUrl\":\"https:\\\/\\\/glassouse.com\\\/wp-content\\\/uploads\\\/2017\\\/11\\\/black.png\",\"datePublished\":\"2018-04-09T04:47:45+00:00\",\"dateModified\":\"2026-04-27T08:55:13+00:00\",\"description\":\"Essayez GlassOuse et la s\u00e9rie G-Switch pendant 15 jours avec le programme de garantie de remboursement. Commandez votre appareil d'assistance de d\u00e9monstration en quelques minutes.\",\"breadcrumb\":{\"@id\":\"https:\\\/\\\/glassouse.com\\\/fr\\\/garantie-de-remboursement\\\/#breadcrumb\"},\"inLanguage\":\"fr-FR\",\"potentialAction\":[{\"@type\":\"ReadAction\",\"target\":[\"https:\\\/\\\/glassouse.com\\\/fr\\\/garantie-de-remboursement\\\/\"]}]},{\"@type\":\"ImageObject\",\"inLanguage\":\"fr-FR\",\"@id\":\"https:\\\/\\\/glassouse.com\\\/fr\\\/garantie-de-remboursement\\\/#primaryimage\",\"url\":\"https:\\\/\\\/glassouse.com\\\/wp-content\\\/uploads\\\/2017\\\/11\\\/black.png\",\"contentUrl\":\"https:\\\/\\\/glassouse.com\\\/wp-content\\\/uploads\\\/2017\\\/11\\\/black.png\"},{\"@type\":\"BreadcrumbList\",\"@id\":\"https:\\\/\\\/glassouse.com\\\/fr\\\/garantie-de-remboursement\\\/#breadcrumb\",\"itemListElement\":[{\"@type\":\"ListItem\",\"position\":1,\"name\":\"Home\",\"item\":\"https:\\\/\\\/glassouse.com\\\/fr\\\/\"},{\"@type\":\"ListItem\",\"position\":2,\"name\":\"Garantie de remboursement\"}]},{\"@type\":\"WebSite\",\"@id\":\"https:\\\/\\\/glassouse.com\\\/fr\\\/#website\",\"url\":\"https:\\\/\\\/glassouse.com\\\/fr\\\/\",\"name\":\"Glassouse Assistive Device\",\"description\":\"Assistive Device and Switches for Disabled\",\"publisher\":{\"@id\":\"https:\\\/\\\/glassouse.com\\\/fr\\\/#organization\"},\"potentialAction\":[{\"@type\":\"SearchAction\",\"target\":{\"@type\":\"EntryPoint\",\"urlTemplate\":\"https:\\\/\\\/glassouse.com\\\/fr\\\/?s={search_term_string}\"},\"query-input\":{\"@type\":\"PropertyValueSpecification\",\"valueRequired\":true,\"valueName\":\"search_term_string\"}}],\"inLanguage\":\"fr-FR\"},{\"@type\":\"Organization\",\"@id\":\"https:\\\/\\\/glassouse.com\\\/fr\\\/#organization\",\"name\":\"GlassOuse Assistive Device\",\"url\":\"https:\\\/\\\/glassouse.com\\\/fr\\\/\",\"logo\":{\"@type\":\"ImageObject\",\"inLanguage\":\"fr-FR\",\"@id\":\"https:\\\/\\\/glassouse.com\\\/fr\\\/#\\\/schema\\\/logo\\\/image\\\/\",\"url\":\"https:\\\/\\\/glassouse.com\\\/wp-content\\\/uploads\\\/2017\\\/11\\\/logo.jpg\",\"contentUrl\":\"https:\\\/\\\/glassouse.com\\\/wp-content\\\/uploads\\\/2017\\\/11\\\/logo.jpg\",\"width\":500,\"height\":500,\"caption\":\"GlassOuse Assistive Device\"},\"image\":{\"@id\":\"https:\\\/\\\/glassouse.com\\\/fr\\\/#\\\/schema\\\/logo\\\/image\\\/\"},\"sameAs\":[\"https:\\\/\\\/www.facebook.com\\\/glassouse\\\/\",\"https:\\\/\\\/x.com\\\/glassouse\",\"https:\\\/\\\/www.instagram.com\\\/glassouseassistivedevice\\\/\",\"https:\\\/\\\/www.linkedin.com\\\/company\\\/glassouse\\\/\",\"https:\\\/\\\/www.youtube.com\\\/channel\\\/UCM5pebcmVXbu00QYd91_Gyw\"]}]}<\/script>\n<!-- \/ Yoast SEO plugin. -->","yoast_head_json":{"title":"Garantie de remboursement - Glassouse Assistive Device","description":"Essayez GlassOuse et la s\u00e9rie G-Switch pendant 15 jours avec le programme de garantie de remboursement. Commandez votre appareil d'assistance de d\u00e9monstration en quelques minutes.","robots":{"index":"index","follow":"follow","max-snippet":"max-snippet:-1","max-image-preview":"max-image-preview:large","max-video-preview":"max-video-preview:-1"},"canonical":"https:\/\/glassouse.com\/fr\/garantie-de-remboursement\/","og_locale":"fr_FR","og_type":"article","og_title":"Garantie de remboursement - Glassouse Assistive Device","og_description":"Essayez GlassOuse et la s\u00e9rie G-Switch pendant 15 jours avec le programme de garantie de remboursement. Commandez votre appareil d'assistance de d\u00e9monstration en quelques minutes.","og_url":"https:\/\/glassouse.com\/fr\/garantie-de-remboursement\/","og_site_name":"Glassouse Assistive Device","article_publisher":"https:\/\/www.facebook.com\/glassouse\/","article_modified_time":"2026-04-27T08:55:13+00:00","og_image":[{"width":100,"height":4,"url":"https:\/\/glassouse.com\/wp-content\/uploads\/2017\/11\/black.png","type":"image\/png"}],"twitter_card":"summary_large_image","twitter_site":"@glassouse","twitter_misc":{"Dur\u00e9e de lecture estim\u00e9e":"3 minutes"},"schema":{"@context":"https:\/\/schema.org","@graph":[{"@type":"WebPage","@id":"https:\/\/glassouse.com\/fr\/garantie-de-remboursement\/","url":"https:\/\/glassouse.com\/fr\/garantie-de-remboursement\/","name":"Garantie de remboursement - Glassouse Assistive Device","isPartOf":{"@id":"https:\/\/glassouse.com\/fr\/#website"},"primaryImageOfPage":{"@id":"https:\/\/glassouse.com\/fr\/garantie-de-remboursement\/#primaryimage"},"image":{"@id":"https:\/\/glassouse.com\/fr\/garantie-de-remboursement\/#primaryimage"},"thumbnailUrl":"https:\/\/glassouse.com\/wp-content\/uploads\/2017\/11\/black.png","datePublished":"2018-04-09T04:47:45+00:00","dateModified":"2026-04-27T08:55:13+00:00","description":"Essayez GlassOuse et la s\u00e9rie G-Switch pendant 15 jours avec le programme de garantie de remboursement. Commandez votre appareil d'assistance de d\u00e9monstration en quelques minutes.","breadcrumb":{"@id":"https:\/\/glassouse.com\/fr\/garantie-de-remboursement\/#breadcrumb"},"inLanguage":"fr-FR","potentialAction":[{"@type":"ReadAction","target":["https:\/\/glassouse.com\/fr\/garantie-de-remboursement\/"]}]},{"@type":"ImageObject","inLanguage":"fr-FR","@id":"https:\/\/glassouse.com\/fr\/garantie-de-remboursement\/#primaryimage","url":"https:\/\/glassouse.com\/wp-content\/uploads\/2017\/11\/black.png","contentUrl":"https:\/\/glassouse.com\/wp-content\/uploads\/2017\/11\/black.png"},{"@type":"BreadcrumbList","@id":"https:\/\/glassouse.com\/fr\/garantie-de-remboursement\/#breadcrumb","itemListElement":[{"@type":"ListItem","position":1,"name":"Home","item":"https:\/\/glassouse.com\/fr\/"},{"@type":"ListItem","position":2,"name":"Garantie de remboursement"}]},{"@type":"WebSite","@id":"https:\/\/glassouse.com\/fr\/#website","url":"https:\/\/glassouse.com\/fr\/","name":"Glassouse Assistive Device","description":"Assistive Device and Switches for Disabled","publisher":{"@id":"https:\/\/glassouse.com\/fr\/#organization"},"potentialAction":[{"@type":"SearchAction","target":{"@type":"EntryPoint","urlTemplate":"https:\/\/glassouse.com\/fr\/?s={search_term_string}"},"query-input":{"@type":"PropertyValueSpecification","valueRequired":true,"valueName":"search_term_string"}}],"inLanguage":"fr-FR"},{"@type":"Organization","@id":"https:\/\/glassouse.com\/fr\/#organization","name":"GlassOuse Assistive Device","url":"https:\/\/glassouse.com\/fr\/","logo":{"@type":"ImageObject","inLanguage":"fr-FR","@id":"https:\/\/glassouse.com\/fr\/#\/schema\/logo\/image\/","url":"https:\/\/glassouse.com\/wp-content\/uploads\/2017\/11\/logo.jpg","contentUrl":"https:\/\/glassouse.com\/wp-content\/uploads\/2017\/11\/logo.jpg","width":500,"height":500,"caption":"GlassOuse Assistive Device"},"image":{"@id":"https:\/\/glassouse.com\/fr\/#\/schema\/logo\/image\/"},"sameAs":["https:\/\/www.facebook.com\/glassouse\/","https:\/\/x.com\/glassouse","https:\/\/www.instagram.com\/glassouseassistivedevice\/","https:\/\/www.linkedin.com\/company\/glassouse\/","https:\/\/www.youtube.com\/channel\/UCM5pebcmVXbu00QYd91_Gyw"]}]}},"_links":{"self":[{"href":"https:\/\/glassouse.com\/fr\/wp-json\/wp\/v2\/pages\/26878","targetHints":{"allow":["GET"]}}],"collection":[{"href":"https:\/\/glassouse.com\/fr\/wp-json\/wp\/v2\/pages"}],"about":[{"href":"https:\/\/glassouse.com\/fr\/wp-json\/wp\/v2\/types\/page"}],"author":[{"embeddable":true,"href":"https:\/\/glassouse.com\/fr\/wp-json\/wp\/v2\/users\/1"}],"replies":[{"embeddable":true,"href":"https:\/\/glassouse.com\/fr\/wp-json\/wp\/v2\/comments?post=26878"}],"version-history":[{"count":7,"href":"https:\/\/glassouse.com\/fr\/wp-json\/wp\/v2\/pages\/26878\/revisions"}],"predecessor-version":[{"id":26940,"href":"https:\/\/glassouse.com\/fr\/wp-json\/wp\/v2\/pages\/26878\/revisions\/26940"}],"wp:attachment":[{"href":"https:\/\/glassouse.com\/fr\/wp-json\/wp\/v2\/media?parent=26878"}],"curies":[{"name":"wp","href":"https:\/\/api.w.org\/{rel}","templated":true}]}}