{"id":2758,"date":"2026-04-30T01:46:53","date_gmt":"2026-04-29T17:46:53","guid":{"rendered":"https:\/\/glassouse.com\/?page_id=2758"},"modified":"2026-04-30T01:46:53","modified_gmt":"2026-04-29T17:46:53","slug":"games-for-disabled-broken-sword-directors-cut","status":"publish","type":"page","link":"https:\/\/glassouse.com\/fr\/games-for-disabled-broken-sword-directors-cut\/","title":{"rendered":"Broken Sword: Director&#8217;s Cut"},"content":{"rendered":"<div class=\"wpb-content-wrapper\"><div data-parent=\"true\" class=\"vc_row row-container\" id=\"row-unique-0\"><div class=\"row limit-width row-parent\"><div class=\"wpb_row row-inner\"><div class=\"wpb_column pos-top pos-center align_left column_parent col-lg-12 single-internal-gutter\"><div class=\"uncol style-light\"  ><div class=\"uncoltable\"><div class=\"uncell no-block-padding\" ><div class=\"uncont\" ><div class=\"uncode_text_column\" ><\/p>\n<h1 style=\"text-align: center;\"><span class=\"faq-title ng-binding font-161124\">BROKEN SWORD: DIRECTOR&#8217;S CUT<\/span><\/h1>\n<p><img decoding=\"async\" class=\"alignnone size-full wp-image-214 aligncenter\" src=\"https:\/\/glassouse.com\/wp-content\/uploads\/2017\/11\/black.png\" alt=\"\" width=\"100\" height=\"4\" srcset=\"https:\/\/glassouse.com\/wp-content\/uploads\/2017\/11\/black.png 100w, https:\/\/glassouse.com\/wp-content\/uploads\/2017\/11\/black-75x4.png 75w\" sizes=\"(max-width: 100px) 100vw, 100px\" \/><\/p>\n<\/div><div class=\"uncode_text_column\" ><p><img decoding=\"async\" class=\"wp-image-2759 size-full aligncenter\" title=\"game review for disabled players\" src=\"https:\/\/glassouse.com\/wp-content\/uploads\/2019\/03\/GLASSOUSE-REVIEWS_BROKEN-SWORD.png\" alt=\"game review for disabled players\" width=\"600\" height=\"200\" srcset=\"https:\/\/glassouse.com\/wp-content\/uploads\/2019\/03\/GLASSOUSE-REVIEWS_BROKEN-SWORD.png 600w, https:\/\/glassouse.com\/wp-content\/uploads\/2019\/03\/GLASSOUSE-REVIEWS_BROKEN-SWORD-300x100.png 300w\" sizes=\"(max-width: 600px) 100vw, 600px\" \/><\/p>\n<p style=\"text-align: center;\">We are proud to introduce this all-time classic adventure full of mystery to you on GlassOuse Games section.<\/p>\n<p style=\"text-align: center;\">Broken Sword is the very first episode of the award winner\u00a0saga inviting you to a mysterious journey of intrigue and jeopardy.<\/p>\n<p style=\"text-align: center;\"><img decoding=\"async\" class=\"alignnone wp-image-2760 size-full\" title=\"broken sword: director's cut image\" src=\"https:\/\/glassouse.com\/wp-content\/uploads\/2019\/03\/broken-sword-game-2.jpg\" alt=\"broken sword: director's cut image\" width=\"449\" height=\"338\" srcset=\"https:\/\/glassouse.com\/wp-content\/uploads\/2019\/03\/broken-sword-game-2.jpg 449w, https:\/\/glassouse.com\/wp-content\/uploads\/2019\/03\/broken-sword-game-2-300x226.jpg 300w\" sizes=\"(max-width: 449px) 100vw, 449px\" \/><\/p>\n<p style=\"text-align: center;\">Paris in the Fall&#8230; a brutal murder at the Palais Royale. When Nico Collard is invited to interview statesman Pierre Carchon, she finds herself inextricably drawn into a terrifying conspiracy.<\/p>\n<p style=\"text-align: center;\"><img decoding=\"async\" class=\"alignnone wp-image-2761 size-full\" title=\"broken sword: director's cut image\" src=\"https:\/\/glassouse.com\/wp-content\/uploads\/2019\/03\/broken-sword-game-3.jpg\" alt=\"broken sword: director's cut image\" width=\"451\" height=\"338\" srcset=\"https:\/\/glassouse.com\/wp-content\/uploads\/2019\/03\/broken-sword-game-3.jpg 451w, https:\/\/glassouse.com\/wp-content\/uploads\/2019\/03\/broken-sword-game-3-300x225.jpg 300w\" sizes=\"(max-width: 451px) 100vw, 451px\" \/><\/p>\n<p style=\"text-align: center;\">You play the part of George Stobbart, an American who is on vacation in Paris. The game begins with you enjoying yourself at an outdoor caf\u00e9 when a suspicious looking person dressed in a clown suit enters the caf\u00e9 and quickly leaves. Moments later, boom! The caf\u00e9 is blown to pieces, leaving a man inside dead.<\/p>\n<p style=\"text-align: center;\">The French police arrive on the scene and after George assesses the ineptitude of their investigation, you decide to take things into your own hands and attempt to discover the party responsible for the bombing and the cause behind the victim&#8217;s death.<\/p>\n<p style=\"text-align: center;\"><img decoding=\"async\" class=\"alignnone wp-image-2762 size-full\" title=\"broken sword: director's cut image\" src=\"https:\/\/glassouse.com\/wp-content\/uploads\/2019\/03\/broken-sword-game-1.jpg\" alt=\"broken sword: director's cut image\" width=\"450\" height=\"338\" srcset=\"https:\/\/glassouse.com\/wp-content\/uploads\/2019\/03\/broken-sword-game-1.jpg 450w, https:\/\/glassouse.com\/wp-content\/uploads\/2019\/03\/broken-sword-game-1-300x225.jpg 300w\" sizes=\"(max-width: 450px) 100vw, 450px\" \/><\/p>\n<p style=\"text-align: center;\">The game plays in the standard &#8220;find the hotspot&#8221;, &#8220;retrieve and find a use for the inventory item&#8221;, and &#8220;engage in a dialog with other characters&#8221; manner.<br \/>\nYou can pick up and combine objects easily. Subjects that can be brought up for discussion with the game characters are promptly displayed as icons for use at the bottom of the screen.<\/p>\n<p style=\"text-align: center;\">The cursor signals the player objects or places of importance by changing to a magnifying glass (examine), a grasping hand (pick up), or a set of gears (operate). The player can also asks other characters about an inventory item by holding the object in question and clicking it onto them.<\/p>\n<p style=\"text-align: center;\"><strong>SYSTEM REQUIREMENTS<\/strong><\/p>\n<p style=\"text-align: center;\"><strong>OS:<\/strong>\u00a0Windows 10 \/ 8 \/ 7 \/ Vista<br \/>\n<strong>Processor:<\/strong>\u00a0Pentium<br \/>\n<strong>Memory:<\/strong>\u00a064 Mb<br \/>\n<strong>Hard Disk Space:<\/strong>\u00a01.5 GB<br \/>\n<strong>Video Card:<\/strong>\u00a0Any video card with 64 Mb video RAM<br \/>\n<strong>Sound:<\/strong>\u00a0Any sound card<\/p>\n<p style=\"text-align: center;\"><strong>USED GEAR<\/strong><\/p>\n<p style=\"text-align: center;\">GLASSOUSE V1.2 + BITE SWITCH<br \/>\nGLASSOUSE V1.2 + PUFF SWITCH<br \/>\nGLASSOUSE + FINGER SWITCH<br \/>\nGLASSOUSE + FOOT SWITCH<\/p>\n<p style=\"text-align: center;\"><iframe src=\"https:\/\/store.steampowered.com\/widget\/57640\/6058\/\" width=\"646\" height=\"190\" frameborder=\"0\"><\/iframe><\/p>\n<p style=\"text-align: center;\"><em>Do you play games with GlassOuse and G-Switch Series? Send us your experiences at pr@glassouse.com address so we can publish them!<\/em><\/p>\n<p>\n<\/div><\/div><\/div><\/div><\/div><\/div><script id=\"script-row-unique-0\" data-row=\"script-row-unique-0\" type=\"text\/javascript\" class=\"vc_controls\">UNCODE.initRow(document.getElementById(\"row-unique-0\"));<\/script><\/div><\/div><\/div>\n<\/div>","protected":false},"excerpt":{"rendered":"BROKEN SWORD: DIRECTOR&#8217;S CUT We are proud to introduce this all-time classic adventure full of mystery to you on GlassOuse [...]","protected":false},"author":1,"featured_media":0,"parent":0,"menu_order":16,"comment_status":"closed","ping_status":"closed","template":"","meta":{"_acf_changed":false,"footnotes":""},"class_list":["post-2758","page","type-page","status-publish","hentry"],"acf":[],"yoast_head":"<!-- This site is optimized with the Yoast SEO plugin v27.5 - https:\/\/yoast.com\/product\/yoast-seo-wordpress\/ -->\n<title>Broken Sword: Director&#039;s Cut Game Review for the Disabled Players<\/title>\n<meta name=\"description\" content=\"Broken Sword: Director&#039;s Cut game review for the disabled users to play with GlassOuse Assistive Device &amp; G-Switch Series disability switches.\" \/>\n<meta name=\"robots\" content=\"index, follow, max-snippet:-1, max-image-preview:large, max-video-preview:-1\" \/>\n<link rel=\"canonical\" href=\"https:\/\/glassouse.com\/fr\/games-for-disabled-broken-sword-directors-cut\/\" \/>\n<meta property=\"og:locale\" content=\"fr_FR\" \/>\n<meta property=\"og:type\" content=\"article\" \/>\n<meta property=\"og:title\" content=\"Broken Sword: Director&#039;s Cut Game Review for the Disabled Players\" \/>\n<meta property=\"og:description\" content=\"Broken Sword: Director&#039;s Cut game review for the disabled users to play with GlassOuse Assistive Device &amp; G-Switch Series disability switches.\" \/>\n<meta property=\"og:url\" content=\"https:\/\/glassouse.com\/fr\/games-for-disabled-broken-sword-directors-cut\/\" \/>\n<meta property=\"og:site_name\" content=\"Glassouse Assistive Device\" \/>\n<meta property=\"article:publisher\" content=\"https:\/\/www.facebook.com\/glassouse\/\" \/>\n<meta property=\"og:image\" content=\"https:\/\/glassouse.com\/wp-content\/uploads\/2017\/11\/black.png\" \/>\n\t<meta property=\"og:image:width\" content=\"100\" \/>\n\t<meta property=\"og:image:height\" content=\"4\" \/>\n\t<meta property=\"og:image:type\" content=\"image\/png\" \/>\n<meta name=\"twitter:card\" content=\"summary_large_image\" \/>\n<meta name=\"twitter:site\" content=\"@glassouse\" \/>\n<meta name=\"twitter:label1\" content=\"Dur\u00e9e de lecture estim\u00e9e\" \/>\n\t<meta name=\"twitter:data1\" content=\"2 minutes\" \/>\n<script type=\"application\/ld+json\" class=\"yoast-schema-graph\">{\"@context\":\"https:\\\/\\\/schema.org\",\"@graph\":[{\"@type\":\"WebPage\",\"@id\":\"https:\\\/\\\/glassouse.com\\\/games-for-disabled-broken-sword-directors-cut\\\/\",\"url\":\"https:\\\/\\\/glassouse.com\\\/games-for-disabled-broken-sword-directors-cut\\\/\",\"name\":\"Broken Sword: Director's Cut Game Review for the Disabled Players\",\"isPartOf\":{\"@id\":\"https:\\\/\\\/glassouse.com\\\/#website\"},\"primaryImageOfPage\":{\"@id\":\"https:\\\/\\\/glassouse.com\\\/games-for-disabled-broken-sword-directors-cut\\\/#primaryimage\"},\"image\":{\"@id\":\"https:\\\/\\\/glassouse.com\\\/games-for-disabled-broken-sword-directors-cut\\\/#primaryimage\"},\"thumbnailUrl\":\"https:\\\/\\\/glassouse.com\\\/wp-content\\\/uploads\\\/2017\\\/11\\\/black.png\",\"datePublished\":\"2026-04-29T17:46:53+00:00\",\"description\":\"Broken Sword: Director's Cut game review for the disabled users to play with GlassOuse Assistive Device & G-Switch Series disability switches.\",\"breadcrumb\":{\"@id\":\"https:\\\/\\\/glassouse.com\\\/games-for-disabled-broken-sword-directors-cut\\\/#breadcrumb\"},\"inLanguage\":\"fr-FR\",\"potentialAction\":[{\"@type\":\"ReadAction\",\"target\":[\"https:\\\/\\\/glassouse.com\\\/games-for-disabled-broken-sword-directors-cut\\\/\"]}]},{\"@type\":\"ImageObject\",\"inLanguage\":\"fr-FR\",\"@id\":\"https:\\\/\\\/glassouse.com\\\/games-for-disabled-broken-sword-directors-cut\\\/#primaryimage\",\"url\":\"https:\\\/\\\/glassouse.com\\\/wp-content\\\/uploads\\\/2017\\\/11\\\/black.png\",\"contentUrl\":\"https:\\\/\\\/glassouse.com\\\/wp-content\\\/uploads\\\/2017\\\/11\\\/black.png\"},{\"@type\":\"BreadcrumbList\",\"@id\":\"https:\\\/\\\/glassouse.com\\\/games-for-disabled-broken-sword-directors-cut\\\/#breadcrumb\",\"itemListElement\":[{\"@type\":\"ListItem\",\"position\":1,\"name\":\"Home\",\"item\":\"https:\\\/\\\/glassouse.com\\\/\"},{\"@type\":\"ListItem\",\"position\":2,\"name\":\"Broken Sword: Director&#8217;s Cut\"}]},{\"@type\":\"WebSite\",\"@id\":\"https:\\\/\\\/glassouse.com\\\/#website\",\"url\":\"https:\\\/\\\/glassouse.com\\\/\",\"name\":\"Glassouse Assistive Device\",\"description\":\"Assistive Device and Switches for Disabled\",\"publisher\":{\"@id\":\"https:\\\/\\\/glassouse.com\\\/#organization\"},\"potentialAction\":[{\"@type\":\"SearchAction\",\"target\":{\"@type\":\"EntryPoint\",\"urlTemplate\":\"https:\\\/\\\/glassouse.com\\\/?s={search_term_string}\"},\"query-input\":{\"@type\":\"PropertyValueSpecification\",\"valueRequired\":true,\"valueName\":\"search_term_string\"}}],\"inLanguage\":\"fr-FR\"},{\"@type\":\"Organization\",\"@id\":\"https:\\\/\\\/glassouse.com\\\/#organization\",\"name\":\"GlassOuse Assistive Device\",\"url\":\"https:\\\/\\\/glassouse.com\\\/\",\"logo\":{\"@type\":\"ImageObject\",\"inLanguage\":\"fr-FR\",\"@id\":\"https:\\\/\\\/glassouse.com\\\/#\\\/schema\\\/logo\\\/image\\\/\",\"url\":\"https:\\\/\\\/glassouse.com\\\/wp-content\\\/uploads\\\/2017\\\/11\\\/logo.jpg\",\"contentUrl\":\"https:\\\/\\\/glassouse.com\\\/wp-content\\\/uploads\\\/2017\\\/11\\\/logo.jpg\",\"width\":500,\"height\":500,\"caption\":\"GlassOuse Assistive Device\"},\"image\":{\"@id\":\"https:\\\/\\\/glassouse.com\\\/#\\\/schema\\\/logo\\\/image\\\/\"},\"sameAs\":[\"https:\\\/\\\/www.facebook.com\\\/glassouse\\\/\",\"https:\\\/\\\/x.com\\\/glassouse\",\"https:\\\/\\\/www.instagram.com\\\/glassouseassistivedevice\\\/\",\"https:\\\/\\\/www.linkedin.com\\\/company\\\/glassouse\\\/\",\"https:\\\/\\\/www.youtube.com\\\/channel\\\/UCM5pebcmVXbu00QYd91_Gyw\"]}]}<\/script>\n<!-- \/ Yoast SEO plugin. -->","yoast_head_json":{"title":"Broken Sword: Director's Cut Game Review for the Disabled Players","description":"Broken Sword: Director's Cut game review for the disabled users to play with GlassOuse Assistive Device & G-Switch Series disability switches.","robots":{"index":"index","follow":"follow","max-snippet":"max-snippet:-1","max-image-preview":"max-image-preview:large","max-video-preview":"max-video-preview:-1"},"canonical":"https:\/\/glassouse.com\/fr\/games-for-disabled-broken-sword-directors-cut\/","og_locale":"fr_FR","og_type":"article","og_title":"Broken Sword: Director's Cut Game Review for the Disabled Players","og_description":"Broken Sword: Director's Cut game review for the disabled users to play with GlassOuse Assistive Device & G-Switch Series disability switches.","og_url":"https:\/\/glassouse.com\/fr\/games-for-disabled-broken-sword-directors-cut\/","og_site_name":"Glassouse Assistive Device","article_publisher":"https:\/\/www.facebook.com\/glassouse\/","og_image":[{"width":100,"height":4,"url":"https:\/\/glassouse.com\/wp-content\/uploads\/2017\/11\/black.png","type":"image\/png"}],"twitter_card":"summary_large_image","twitter_site":"@glassouse","twitter_misc":{"Dur\u00e9e de lecture estim\u00e9e":"2 minutes"},"schema":{"@context":"https:\/\/schema.org","@graph":[{"@type":"WebPage","@id":"https:\/\/glassouse.com\/games-for-disabled-broken-sword-directors-cut\/","url":"https:\/\/glassouse.com\/games-for-disabled-broken-sword-directors-cut\/","name":"Broken Sword: Director's Cut Game Review for the Disabled Players","isPartOf":{"@id":"https:\/\/glassouse.com\/#website"},"primaryImageOfPage":{"@id":"https:\/\/glassouse.com\/games-for-disabled-broken-sword-directors-cut\/#primaryimage"},"image":{"@id":"https:\/\/glassouse.com\/games-for-disabled-broken-sword-directors-cut\/#primaryimage"},"thumbnailUrl":"https:\/\/glassouse.com\/wp-content\/uploads\/2017\/11\/black.png","datePublished":"2026-04-29T17:46:53+00:00","description":"Broken Sword: Director's Cut game review for the disabled users to play with GlassOuse Assistive Device & G-Switch Series disability switches.","breadcrumb":{"@id":"https:\/\/glassouse.com\/games-for-disabled-broken-sword-directors-cut\/#breadcrumb"},"inLanguage":"fr-FR","potentialAction":[{"@type":"ReadAction","target":["https:\/\/glassouse.com\/games-for-disabled-broken-sword-directors-cut\/"]}]},{"@type":"ImageObject","inLanguage":"fr-FR","@id":"https:\/\/glassouse.com\/games-for-disabled-broken-sword-directors-cut\/#primaryimage","url":"https:\/\/glassouse.com\/wp-content\/uploads\/2017\/11\/black.png","contentUrl":"https:\/\/glassouse.com\/wp-content\/uploads\/2017\/11\/black.png"},{"@type":"BreadcrumbList","@id":"https:\/\/glassouse.com\/games-for-disabled-broken-sword-directors-cut\/#breadcrumb","itemListElement":[{"@type":"ListItem","position":1,"name":"Home","item":"https:\/\/glassouse.com\/"},{"@type":"ListItem","position":2,"name":"Broken Sword: Director&#8217;s Cut"}]},{"@type":"WebSite","@id":"https:\/\/glassouse.com\/#website","url":"https:\/\/glassouse.com\/","name":"Glassouse Appareil Fonctionnel","description":"Assistive Device and Switches for Disabled","publisher":{"@id":"https:\/\/glassouse.com\/#organization"},"potentialAction":[{"@type":"SearchAction","target":{"@type":"EntryPoint","urlTemplate":"https:\/\/glassouse.com\/?s={search_term_string}"},"query-input":{"@type":"PropertyValueSpecification","valueRequired":true,"valueName":"search_term_string"}}],"inLanguage":"fr-FR"},{"@type":"Organization","@id":"https:\/\/glassouse.com\/#organization","name":"GlassOuse Appareil d'assistance","url":"https:\/\/glassouse.com\/","logo":{"@type":"ImageObject","inLanguage":"fr-FR","@id":"https:\/\/glassouse.com\/#\/schema\/logo\/image\/","url":"https:\/\/glassouse.com\/wp-content\/uploads\/2017\/11\/logo.jpg","contentUrl":"https:\/\/glassouse.com\/wp-content\/uploads\/2017\/11\/logo.jpg","width":500,"height":500,"caption":"GlassOuse Assistive Device"},"image":{"@id":"https:\/\/glassouse.com\/#\/schema\/logo\/image\/"},"sameAs":["https:\/\/www.facebook.com\/glassouse\/","https:\/\/x.com\/glassouse","https:\/\/www.instagram.com\/glassouseassistivedevice\/","https:\/\/www.linkedin.com\/company\/glassouse\/","https:\/\/www.youtube.com\/channel\/UCM5pebcmVXbu00QYd91_Gyw"]}]}},"_links":{"self":[{"href":"https:\/\/glassouse.com\/fr\/wp-json\/wp\/v2\/pages\/2758","targetHints":{"allow":["GET"]}}],"collection":[{"href":"https:\/\/glassouse.com\/fr\/wp-json\/wp\/v2\/pages"}],"about":[{"href":"https:\/\/glassouse.com\/fr\/wp-json\/wp\/v2\/types\/page"}],"author":[{"embeddable":true,"href":"https:\/\/glassouse.com\/fr\/wp-json\/wp\/v2\/users\/1"}],"replies":[{"embeddable":true,"href":"https:\/\/glassouse.com\/fr\/wp-json\/wp\/v2\/comments?post=2758"}],"version-history":[{"count":1,"href":"https:\/\/glassouse.com\/fr\/wp-json\/wp\/v2\/pages\/2758\/revisions"}],"predecessor-version":[{"id":43015,"href":"https:\/\/glassouse.com\/fr\/wp-json\/wp\/v2\/pages\/2758\/revisions\/43015"}],"wp:attachment":[{"href":"https:\/\/glassouse.com\/fr\/wp-json\/wp\/v2\/media?parent=2758"}],"curies":[{"name":"wp","href":"https:\/\/api.w.org\/{rel}","templated":true}]}}