{"id":29372,"date":"2022-06-07T11:14:18","date_gmt":"2022-06-07T03:14:18","guid":{"rendered":"https:\/\/glassouse.com\/a-propos-de-nous\/"},"modified":"2026-04-27T16:56:18","modified_gmt":"2026-04-27T08:56:18","slug":"a-propos-de-nous","status":"publish","type":"page","link":"https:\/\/glassouse.com\/fr\/a-propos-de-nous\/","title":{"rendered":"A propos de nous"},"content":{"rendered":"<div class=\"wpb-content-wrapper\"><p>[vc_row unlock_row_content=\u00a0\u00bbyes\u00a0\u00bb row_height_percent=\u00a0\u00bb0&Prime; override_padding=\u00a0\u00bbyes\u00a0\u00bb h_padding=\u00a0\u00bb0&Prime; top_padding=\u00a0\u00bb0&Prime; bottom_padding=\u00a0\u00bb0&Prime; overlay_alpha=\u00a0\u00bb50&Prime; gutter_size=\u00a0\u00bb0&Prime; column_width_percent=\u00a0\u00bb100&Prime; shift_y=\u00a0\u00bb0&Prime; z_index=\u00a0\u00bb0&Prime; uncode_shortcode_id=\u00a0\u00bb113570&Prime; row_height_pixel=\u00a0\u00bb500&Prime; css=\u00a0\u00bb.vc_custom_1657234076761{padding-right: 0px !important;padding-left: 0px !important;}\u00a0\u00bb][vc_column column_width_percent=\u00a0\u00bb100&Prime; position_vertical=\u00a0\u00bbmiddle\u00a0\u00bb align_horizontal=\u00a0\u00bbalign_center\u00a0\u00bb gutter_size=\u00a0\u00bb3&Prime; overlay_alpha=\u00a0\u00bb50&Prime; shift_x=\u00a0\u00bb0&Prime; shift_y=\u00a0\u00bb0&Prime; shift_y_down=\u00a0\u00bb0&Prime; z_index=\u00a0\u00bb0&Prime; medium_width=\u00a0\u00bb0&Prime; mobile_width=\u00a0\u00bb0&Prime; width=\u00a0\u00bb1\/1&Prime; uncode_shortcode_id=\u00a0\u00bb109151&Prime;][vc_single_image media=\u00a0\u00bb29375&Prime; media_width_use_pixel=\u00a0\u00bbyes\u00a0\u00bb alignment=\u00a0\u00bbcenter\u00a0\u00bb uncode_shortcode_id=\u00a0\u00bb736981&Prime; el_class=\u00a0\u00bbw-auto about_us_banenr\u00a0\u00bb][\/vc_column][\/vc_row][vc_row row_height_percent=\u00a0\u00bb0&Prime; override_padding=\u00a0\u00bbyes\u00a0\u00bb h_padding=\u00a0\u00bb0&Prime; top_padding=\u00a0\u00bb3&Prime; bottom_padding=\u00a0\u00bb3&Prime; overlay_alpha=\u00a0\u00bb50&Prime; gutter_size=\u00a0\u00bb3&Prime; column_width_percent=\u00a0\u00bb100&Prime; shift_y=\u00a0\u00bb0&Prime; z_index=\u00a0\u00bb0&Prime; uncode_shortcode_id=\u00a0\u00bb183118&Prime;][vc_column][vc_custom_heading heading_semantic=\u00a0\u00bbh1&Prime; text_weight=\u00a0\u00bb700&Prime; uncode_shortcode_id=\u00a0\u00bb122096&Prime;]<span style=\"color: #43b8db;\">\u00c0 propos de l&rsquo;<\/span>appareil d&rsquo;assistance GlassOuse[\/vc_custom_heading][vc_separator sep_color=\u00a0\u00bbcolor-vyce\u00a0\u00bb icon_position=\u00a0\u00bbleft\u00a0\u00bb el_height=\u00a0\u00bb5px\u00a0\u00bb uncode_shortcode_id=\u00a0\u00bb727187&Prime; sep_color_type=\u00a0\u00bbuncode-palette\u00a0\u00bb el_width=\u00a0\u00bb50px\u00a0\u00bb el_class=\u00a0\u00bbc-divider\u00a0\u00bb][vc_column_text text_lead=\u00a0\u00bbyes\u00a0\u00bb uncode_shortcode_id=\u00a0\u00bb157375&Prime;]Fond\u00e9e en 2016, GlassOuse Assistive Device con\u00e7oit et d\u00e9veloppe des technologies pour aider les personnes ayant un handicap physique et une mobilit\u00e9 limit\u00e9e \u00e0 acc\u00e9der aux technologies de base comme tout le monde.<\/p>\n<p>\u00ab\u00a0Comment une personne handicap\u00e9e, sans membres ni probl\u00e8mes de mobilit\u00e9, peut-elle utiliser ses smartphones, tablettes et ordinateurs ?\u00a0\u00bb &#8211; telle est la question \u00e0 laquelle notre fondateur et PDG &#8211; Mehmet Turker &#8211; a \u00e9t\u00e9 confront\u00e9 au d\u00e9but de l&rsquo;ann\u00e9e 2016 lorsqu&rsquo;il a d\u00fb faire face \u00e0 ce dilemme. L&rsquo;ami proche de Nemo, Caner Cem Marti, un aventurier de 20 ans, a subi une grave blessure lors d&rsquo;une plong\u00e9e sous-marine qui a entra\u00een\u00e9 une paralysie compl\u00e8te du corps sous la t\u00eate. Cet accident a chang\u00e9 la vie de Carner pour toujours. Nemo a donc voulu cr\u00e9er un appareil pour son ami afin de lui permettre d&rsquo;utiliser son t\u00e9l\u00e9phone et son ordinateur, comme tout le monde.   <\/p>\n<p>Il a ensuite con\u00e7u GlassOuse V1.1 &#8211; une souris de t\u00eate sans fil qui permet \u00e0 M. Caner d&rsquo;utiliser des t\u00e9l\u00e9phones portables et des ordinateurs simplement en bougeant la t\u00eate et en cliquant. Ce dispositif a ensuite \u00e9t\u00e9 lanc\u00e9 sur Indiegogo, o\u00f9 il a \u00e9t\u00e9 salu\u00e9 et appr\u00e9ci\u00e9 dans le monde entier. <\/p>\n<p>Depuis lors, notre \u00e9quipe d&rsquo;experts, avec les commentaires utiles de notre communaut\u00e9 mondiale d&rsquo;utilisateurs, a d\u00e9velopp\u00e9 divers dispositifs d&rsquo;assistance tels que <strong>GlassOuse V1.4, GlassOuse PRO, G-Switches, Adaptive Toys<\/strong> et bien d&rsquo;autres encore pour permettre \u00e0 chacun d&rsquo;acc\u00e9der \u00e0 la technologie de mani\u00e8re plus ind\u00e9pendante.<\/p>\n<p><strong style=\"color: #43b8db;\">#inclusion<\/strong> <strong style=\"color: #43b8db;\">#technology4all<\/strong><\/p>\n<p>L&rsquo;appareil d&rsquo;assistance GlassOuse (marque) est enti\u00e8rement d\u00e9tenu et exploit\u00e9 par<strong> Ennopro Group Limited<\/strong> (organisation m\u00e8re).[\/vc_column_text][\/vc_column][\/vc_row]<\/p>\n<\/div>","protected":false},"excerpt":{"rendered":"<p>[vc_row unlock_row_content=\u00a0\u00bbyes\u00a0\u00bb row_height_percent=\u00a0\u00bb0&Prime; override_padding=\u00a0\u00bbyes\u00a0\u00bb h_padding=\u00a0\u00bb0&Prime; top_padding=\u00a0\u00bb0&Prime; bottom_padding=\u00a0\u00bb0&Prime; overlay_alpha=\u00a0\u00bb50&Prime; gutter_size=\u00a0\u00bb0&Prime; column_width_percent=\u00a0\u00bb100&Prime; shift_y=\u00a0\u00bb0&Prime; z_index=\u00a0\u00bb0&Prime; uncode_shortcode_id=\u00a0\u00bb113570&Prime; row_height_pixel=\u00a0\u00bb500&Prime; css=\u00a0\u00bb.vc_custom_1657234076761{padding-right: 0px !important;padding-left: 0px !important;}\u00a0\u00bb][vc_column column_width_percent=\u00a0\u00bb100&Prime; [&hellip;]<\/p>\n","protected":false},"author":1,"featured_media":0,"parent":0,"menu_order":6,"comment_status":"closed","ping_status":"closed","template":"","meta":{"_acf_changed":false,"footnotes":""},"class_list":["post-29372","page","type-page","status-publish","hentry"],"acf":[],"yoast_head":"<!-- This site is optimized with the Yoast SEO plugin v27.4 - https:\/\/yoast.com\/product\/yoast-seo-wordpress\/ -->\n<title>\u00c0 propos de nous - GlassOuse Assistive Device<\/title>\n<meta name=\"description\" content=\"Fond\u00e9e en 2016, GlassOuse Assistive Device con\u00e7oit et d\u00e9veloppe des technologies pour aider les personnes ayant un handicap physique et une mobilit\u00e9 limit\u00e9e \u00e0 acc\u00e9der aux technologies de base comme tout le monde.\" \/>\n<meta name=\"robots\" content=\"index, follow, max-snippet:-1, max-image-preview:large, max-video-preview:-1\" \/>\n<link rel=\"canonical\" href=\"https:\/\/glassouse.com\/fr\/a-propos-de-nous\/\" \/>\n<meta property=\"og:locale\" content=\"fr_FR\" \/>\n<meta property=\"og:type\" content=\"article\" \/>\n<meta property=\"og:title\" content=\"\u00c0 propos de nous - GlassOuse Assistive Device\" \/>\n<meta property=\"og:description\" content=\"Fond\u00e9e en 2016, GlassOuse Assistive Device con\u00e7oit et d\u00e9veloppe des technologies pour aider les personnes ayant un handicap physique et une mobilit\u00e9 limit\u00e9e \u00e0 acc\u00e9der aux technologies de base comme tout le monde.\" \/>\n<meta property=\"og:url\" content=\"https:\/\/glassouse.com\/fr\/a-propos-de-nous\/\" \/>\n<meta property=\"og:site_name\" content=\"Glassouse Assistive Device\" \/>\n<meta property=\"article:publisher\" content=\"https:\/\/www.facebook.com\/glassouse\/\" \/>\n<meta property=\"article:modified_time\" content=\"2026-04-27T08:56:18+00:00\" \/>\n<meta name=\"twitter:card\" content=\"summary_large_image\" \/>\n<meta name=\"twitter:site\" content=\"@glassouse\" \/>\n<meta name=\"twitter:label1\" content=\"Dur\u00e9e de lecture estim\u00e9e\" \/>\n\t<meta name=\"twitter:data1\" content=\"2 minutes\" \/>\n<script type=\"application\/ld+json\" class=\"yoast-schema-graph\">{\"@context\":\"https:\\\/\\\/schema.org\",\"@graph\":[{\"@type\":\"WebPage\",\"@id\":\"https:\\\/\\\/glassouse.com\\\/fr\\\/a-propos-de-nous\\\/\",\"url\":\"https:\\\/\\\/glassouse.com\\\/fr\\\/a-propos-de-nous\\\/\",\"name\":\"\u00c0 propos de nous - GlassOuse Assistive Device\",\"isPartOf\":{\"@id\":\"https:\\\/\\\/glassouse.com\\\/fr\\\/#website\"},\"datePublished\":\"2022-06-07T03:14:18+00:00\",\"dateModified\":\"2026-04-27T08:56:18+00:00\",\"description\":\"Fond\u00e9e en 2016, GlassOuse Assistive Device con\u00e7oit et d\u00e9veloppe des technologies pour aider les personnes ayant un handicap physique et une mobilit\u00e9 limit\u00e9e \u00e0 acc\u00e9der aux technologies de base comme tout le monde.\",\"breadcrumb\":{\"@id\":\"https:\\\/\\\/glassouse.com\\\/fr\\\/a-propos-de-nous\\\/#breadcrumb\"},\"inLanguage\":\"fr-FR\",\"potentialAction\":[{\"@type\":\"ReadAction\",\"target\":[\"https:\\\/\\\/glassouse.com\\\/fr\\\/a-propos-de-nous\\\/\"]}]},{\"@type\":\"BreadcrumbList\",\"@id\":\"https:\\\/\\\/glassouse.com\\\/fr\\\/a-propos-de-nous\\\/#breadcrumb\",\"itemListElement\":[{\"@type\":\"ListItem\",\"position\":1,\"name\":\"Home\",\"item\":\"https:\\\/\\\/glassouse.com\\\/fr\\\/accueil\\\/\"},{\"@type\":\"ListItem\",\"position\":2,\"name\":\"A propos de nous\"}]},{\"@type\":\"WebSite\",\"@id\":\"https:\\\/\\\/glassouse.com\\\/fr\\\/#website\",\"url\":\"https:\\\/\\\/glassouse.com\\\/fr\\\/\",\"name\":\"Glassouse Assistive Device\",\"description\":\"Assistive Device and Switches for Disabled\",\"publisher\":{\"@id\":\"https:\\\/\\\/glassouse.com\\\/fr\\\/#organization\"},\"potentialAction\":[{\"@type\":\"SearchAction\",\"target\":{\"@type\":\"EntryPoint\",\"urlTemplate\":\"https:\\\/\\\/glassouse.com\\\/fr\\\/?s={search_term_string}\"},\"query-input\":{\"@type\":\"PropertyValueSpecification\",\"valueRequired\":true,\"valueName\":\"search_term_string\"}}],\"inLanguage\":\"fr-FR\"},{\"@type\":\"Organization\",\"@id\":\"https:\\\/\\\/glassouse.com\\\/fr\\\/#organization\",\"name\":\"GlassOuse Assistive Device\",\"url\":\"https:\\\/\\\/glassouse.com\\\/fr\\\/\",\"logo\":{\"@type\":\"ImageObject\",\"inLanguage\":\"fr-FR\",\"@id\":\"https:\\\/\\\/glassouse.com\\\/fr\\\/#\\\/schema\\\/logo\\\/image\\\/\",\"url\":\"https:\\\/\\\/glassouse.com\\\/wp-content\\\/uploads\\\/2017\\\/11\\\/logo.jpg\",\"contentUrl\":\"https:\\\/\\\/glassouse.com\\\/wp-content\\\/uploads\\\/2017\\\/11\\\/logo.jpg\",\"width\":500,\"height\":500,\"caption\":\"GlassOuse Assistive Device\"},\"image\":{\"@id\":\"https:\\\/\\\/glassouse.com\\\/fr\\\/#\\\/schema\\\/logo\\\/image\\\/\"},\"sameAs\":[\"https:\\\/\\\/www.facebook.com\\\/glassouse\\\/\",\"https:\\\/\\\/x.com\\\/glassouse\",\"https:\\\/\\\/www.instagram.com\\\/glassouseassistivedevice\\\/\",\"https:\\\/\\\/www.linkedin.com\\\/company\\\/glassouse\\\/\",\"https:\\\/\\\/www.youtube.com\\\/channel\\\/UCM5pebcmVXbu00QYd91_Gyw\"]}]}<\/script>\n<!-- \/ Yoast SEO plugin. -->","yoast_head_json":{"title":"\u00c0 propos de nous - GlassOuse Assistive Device","description":"Fond\u00e9e en 2016, GlassOuse Assistive Device con\u00e7oit et d\u00e9veloppe des technologies pour aider les personnes ayant un handicap physique et une mobilit\u00e9 limit\u00e9e \u00e0 acc\u00e9der aux technologies de base comme tout le monde.","robots":{"index":"index","follow":"follow","max-snippet":"max-snippet:-1","max-image-preview":"max-image-preview:large","max-video-preview":"max-video-preview:-1"},"canonical":"https:\/\/glassouse.com\/fr\/a-propos-de-nous\/","og_locale":"fr_FR","og_type":"article","og_title":"\u00c0 propos de nous - GlassOuse Assistive Device","og_description":"Fond\u00e9e en 2016, GlassOuse Assistive Device con\u00e7oit et d\u00e9veloppe des technologies pour aider les personnes ayant un handicap physique et une mobilit\u00e9 limit\u00e9e \u00e0 acc\u00e9der aux technologies de base comme tout le monde.","og_url":"https:\/\/glassouse.com\/fr\/a-propos-de-nous\/","og_site_name":"Glassouse Assistive Device","article_publisher":"https:\/\/www.facebook.com\/glassouse\/","article_modified_time":"2026-04-27T08:56:18+00:00","twitter_card":"summary_large_image","twitter_site":"@glassouse","twitter_misc":{"Dur\u00e9e de lecture estim\u00e9e":"2 minutes"},"schema":{"@context":"https:\/\/schema.org","@graph":[{"@type":"WebPage","@id":"https:\/\/glassouse.com\/fr\/a-propos-de-nous\/","url":"https:\/\/glassouse.com\/fr\/a-propos-de-nous\/","name":"\u00c0 propos de nous - GlassOuse Assistive Device","isPartOf":{"@id":"https:\/\/glassouse.com\/fr\/#website"},"datePublished":"2022-06-07T03:14:18+00:00","dateModified":"2026-04-27T08:56:18+00:00","description":"Fond\u00e9e en 2016, GlassOuse Assistive Device con\u00e7oit et d\u00e9veloppe des technologies pour aider les personnes ayant un handicap physique et une mobilit\u00e9 limit\u00e9e \u00e0 acc\u00e9der aux technologies de base comme tout le monde.","breadcrumb":{"@id":"https:\/\/glassouse.com\/fr\/a-propos-de-nous\/#breadcrumb"},"inLanguage":"fr-FR","potentialAction":[{"@type":"ReadAction","target":["https:\/\/glassouse.com\/fr\/a-propos-de-nous\/"]}]},{"@type":"BreadcrumbList","@id":"https:\/\/glassouse.com\/fr\/a-propos-de-nous\/#breadcrumb","itemListElement":[{"@type":"ListItem","position":1,"name":"Home","item":"https:\/\/glassouse.com\/fr\/accueil\/"},{"@type":"ListItem","position":2,"name":"A propos de nous"}]},{"@type":"WebSite","@id":"https:\/\/glassouse.com\/fr\/#website","url":"https:\/\/glassouse.com\/fr\/","name":"Glassouse Assistive Device","description":"Assistive Device and Switches for Disabled","publisher":{"@id":"https:\/\/glassouse.com\/fr\/#organization"},"potentialAction":[{"@type":"SearchAction","target":{"@type":"EntryPoint","urlTemplate":"https:\/\/glassouse.com\/fr\/?s={search_term_string}"},"query-input":{"@type":"PropertyValueSpecification","valueRequired":true,"valueName":"search_term_string"}}],"inLanguage":"fr-FR"},{"@type":"Organization","@id":"https:\/\/glassouse.com\/fr\/#organization","name":"GlassOuse Assistive Device","url":"https:\/\/glassouse.com\/fr\/","logo":{"@type":"ImageObject","inLanguage":"fr-FR","@id":"https:\/\/glassouse.com\/fr\/#\/schema\/logo\/image\/","url":"https:\/\/glassouse.com\/wp-content\/uploads\/2017\/11\/logo.jpg","contentUrl":"https:\/\/glassouse.com\/wp-content\/uploads\/2017\/11\/logo.jpg","width":500,"height":500,"caption":"GlassOuse Assistive Device"},"image":{"@id":"https:\/\/glassouse.com\/fr\/#\/schema\/logo\/image\/"},"sameAs":["https:\/\/www.facebook.com\/glassouse\/","https:\/\/x.com\/glassouse","https:\/\/www.instagram.com\/glassouseassistivedevice\/","https:\/\/www.linkedin.com\/company\/glassouse\/","https:\/\/www.youtube.com\/channel\/UCM5pebcmVXbu00QYd91_Gyw"]}]}},"_links":{"self":[{"href":"https:\/\/glassouse.com\/fr\/wp-json\/wp\/v2\/pages\/29372","targetHints":{"allow":["GET"]}}],"collection":[{"href":"https:\/\/glassouse.com\/fr\/wp-json\/wp\/v2\/pages"}],"about":[{"href":"https:\/\/glassouse.com\/fr\/wp-json\/wp\/v2\/types\/page"}],"author":[{"embeddable":true,"href":"https:\/\/glassouse.com\/fr\/wp-json\/wp\/v2\/users\/1"}],"replies":[{"embeddable":true,"href":"https:\/\/glassouse.com\/fr\/wp-json\/wp\/v2\/comments?post=29372"}],"version-history":[{"count":7,"href":"https:\/\/glassouse.com\/fr\/wp-json\/wp\/v2\/pages\/29372\/revisions"}],"predecessor-version":[{"id":29445,"href":"https:\/\/glassouse.com\/fr\/wp-json\/wp\/v2\/pages\/29372\/revisions\/29445"}],"wp:attachment":[{"href":"https:\/\/glassouse.com\/fr\/wp-json\/wp\/v2\/media?parent=29372"}],"curies":[{"name":"wp","href":"https:\/\/api.w.org\/{rel}","templated":true}]}}