{"id":38283,"date":"2017-11-23T06:56:29","date_gmt":"2017-11-22T22:56:29","guid":{"rendered":"https:\/\/glassouse.com\/galerie\/"},"modified":"2026-04-27T18:12:29","modified_gmt":"2026-04-27T10:12:29","slug":"galerie","status":"publish","type":"page","link":"https:\/\/glassouse.com\/fr\/galerie\/","title":{"rendered":"Galerie"},"content":{"rendered":"<div class=\"wpb-content-wrapper\"><p>[vc_row][vc_column column_width_percent=\u00a0\u00bb100&Prime; align_horizontal=\u00a0\u00bbalign_center\u00a0\u00bb gutter_size=\u00a0\u00bb3&Prime; overlay_alpha=\u00a0\u00bb50&Prime; shift_x=\u00a0\u00bb0&Prime; shift_y=\u00a0\u00bb0&Prime; shift_y_down=\u00a0\u00bb0&Prime; z_index=\u00a0\u00bb0&Prime; medium_width=\u00a0\u00bb0&Prime; mobile_width=\u00a0\u00bb0&Prime; width=\u00a0\u00bb1\/1&Prime; uncode_shortcode_id=\u00a0\u00bb134983&Prime;][vc_custom_heading heading_semantic=\u00a0\u00bbh1&Prime; text_weight=\u00a0\u00bb700&Prime; uncode_shortcode_id=\u00a0\u00bb146871&Prime;]Galerie[\/vc_custom_heading][\/vc_column][\/vc_row][vc_row][vc_column width=\u00a0\u00bb1\/1&Prime;][vc_gallery el_id=\u00a0\u00bbgallery-399314&Prime; medias=\u00a0\u00bb38289,38290,38291,38292,38293,38294,38295,38297,38287,38299,38300,38301,38285,38298,38286,38288&Prime; gutter_size=\u00a0\u00bb3&Prime; screen_lg=\u00a0\u00bb1000&Prime; screen_md=\u00a0\u00bb600&Prime; screen_sm=\u00a0\u00bb480&Prime; single_overlay_opacity=\u00a0\u00bb50&Prime; single_padding=\u00a0\u00bb2&Prime; uncode_shortcode_id=\u00a0\u00bb814957&Prime;][\/vc_column][\/vc_row]<\/p>\n<\/div>","protected":false},"excerpt":{"rendered":"<p>[vc_row][vc_column column_width_percent=\u00a0\u00bb100&Prime; align_horizontal=\u00a0\u00bbalign_center\u00a0\u00bb gutter_size=\u00a0\u00bb3&Prime; overlay_alpha=\u00a0\u00bb50&Prime; shift_x=\u00a0\u00bb0&Prime; shift_y=\u00a0\u00bb0&Prime; shift_y_down=\u00a0\u00bb0&Prime; z_index=\u00a0\u00bb0&Prime; medium_width=\u00a0\u00bb0&Prime; mobile_width=\u00a0\u00bb0&Prime; width=\u00a0\u00bb1\/1&Prime; uncode_shortcode_id=\u00a0\u00bb134983&Prime;][vc_custom_heading heading_semantic=\u00a0\u00bbh1&Prime; text_weight=\u00a0\u00bb700&Prime; uncode_shortcode_id=\u00a0\u00bb146871&Prime;]Galerie[\/vc_custom_heading][\/vc_column][\/vc_row][vc_row][vc_column width=\u00a0\u00bb1\/1&Prime;][vc_gallery el_id=\u00a0\u00bbgallery-399314&Prime; medias=\u00a0\u00bb38289,38290,38291,38292,38293,38294,38295,38297,38287,38299,38300,38301,38285,38298,38286,38288&Prime; gutter_size=\u00a0\u00bb3&Prime; [&hellip;]<\/p>\n","protected":false},"author":1,"featured_media":0,"parent":0,"menu_order":36,"comment_status":"closed","ping_status":"closed","template":"","meta":{"_acf_changed":false,"footnotes":""},"class_list":["post-38283","page","type-page","status-publish","hentry"],"acf":[],"yoast_head":"<!-- This site is optimized with the Yoast SEO plugin v27.4 - https:\/\/yoast.com\/product\/yoast-seo-wordpress\/ -->\n<title>Images de la s\u00e9rie GlassOuse Assistive Device &amp; G-Switch<\/title>\n<meta name=\"description\" content=\"Voir toutes les images de la s\u00e9rie GlassOuse Assistive Device &amp; G-Switch maintenant. GlassOuse V1.2 | Interrupteur \u00e0 mordre | Interrupteur \u00e0 souffler | Interrupteur \u00e0 doigt | Interrupteur \u00e0 pied pour handicap\u00e9s\" \/>\n<meta name=\"robots\" content=\"index, follow, max-snippet:-1, max-image-preview:large, max-video-preview:-1\" \/>\n<link rel=\"canonical\" href=\"https:\/\/glassouse.com\/fr\/galerie\/\" \/>\n<meta property=\"og:locale\" content=\"fr_FR\" \/>\n<meta property=\"og:type\" content=\"article\" \/>\n<meta property=\"og:title\" content=\"Images de la s\u00e9rie GlassOuse Assistive Device &amp; G-Switch\" \/>\n<meta property=\"og:description\" content=\"Voir toutes les images de la s\u00e9rie GlassOuse Assistive Device &amp; G-Switch maintenant. GlassOuse V1.2 | Interrupteur \u00e0 mordre | Interrupteur \u00e0 souffler | Interrupteur \u00e0 doigt | Interrupteur \u00e0 pied pour handicap\u00e9s\" \/>\n<meta property=\"og:url\" content=\"https:\/\/glassouse.com\/fr\/galerie\/\" \/>\n<meta property=\"og:site_name\" content=\"Glassouse Assistive Device\" \/>\n<meta property=\"article:publisher\" content=\"https:\/\/www.facebook.com\/glassouse\/\" \/>\n<meta property=\"article:modified_time\" content=\"2026-04-27T10:12:29+00:00\" \/>\n<meta name=\"twitter:card\" content=\"summary_large_image\" \/>\n<meta name=\"twitter:site\" content=\"@glassouse\" \/>\n<script type=\"application\/ld+json\" class=\"yoast-schema-graph\">{\"@context\":\"https:\\\/\\\/schema.org\",\"@graph\":[{\"@type\":\"WebPage\",\"@id\":\"https:\\\/\\\/glassouse.com\\\/fr\\\/galerie\\\/\",\"url\":\"https:\\\/\\\/glassouse.com\\\/fr\\\/galerie\\\/\",\"name\":\"Images de la s\u00e9rie GlassOuse Assistive Device & G-Switch\",\"isPartOf\":{\"@id\":\"https:\\\/\\\/glassouse.com\\\/fr\\\/#website\"},\"datePublished\":\"2017-11-22T22:56:29+00:00\",\"dateModified\":\"2026-04-27T10:12:29+00:00\",\"description\":\"Voir toutes les images de la s\u00e9rie GlassOuse Assistive Device & G-Switch maintenant. GlassOuse V1.2 | Interrupteur \u00e0 mordre | Interrupteur \u00e0 souffler | Interrupteur \u00e0 doigt | Interrupteur \u00e0 pied pour handicap\u00e9s\",\"breadcrumb\":{\"@id\":\"https:\\\/\\\/glassouse.com\\\/fr\\\/galerie\\\/#breadcrumb\"},\"inLanguage\":\"fr-FR\",\"potentialAction\":[{\"@type\":\"ReadAction\",\"target\":[\"https:\\\/\\\/glassouse.com\\\/fr\\\/galerie\\\/\"]}]},{\"@type\":\"BreadcrumbList\",\"@id\":\"https:\\\/\\\/glassouse.com\\\/fr\\\/galerie\\\/#breadcrumb\",\"itemListElement\":[{\"@type\":\"ListItem\",\"position\":1,\"name\":\"Home\",\"item\":\"https:\\\/\\\/glassouse.com\\\/fr\\\/accueil\\\/\"},{\"@type\":\"ListItem\",\"position\":2,\"name\":\"Galerie\"}]},{\"@type\":\"WebSite\",\"@id\":\"https:\\\/\\\/glassouse.com\\\/fr\\\/#website\",\"url\":\"https:\\\/\\\/glassouse.com\\\/fr\\\/\",\"name\":\"Glassouse Assistive Device\",\"description\":\"Assistive Device and Switches for Disabled\",\"publisher\":{\"@id\":\"https:\\\/\\\/glassouse.com\\\/fr\\\/#organization\"},\"potentialAction\":[{\"@type\":\"SearchAction\",\"target\":{\"@type\":\"EntryPoint\",\"urlTemplate\":\"https:\\\/\\\/glassouse.com\\\/fr\\\/?s={search_term_string}\"},\"query-input\":{\"@type\":\"PropertyValueSpecification\",\"valueRequired\":true,\"valueName\":\"search_term_string\"}}],\"inLanguage\":\"fr-FR\"},{\"@type\":\"Organization\",\"@id\":\"https:\\\/\\\/glassouse.com\\\/fr\\\/#organization\",\"name\":\"GlassOuse Assistive Device\",\"url\":\"https:\\\/\\\/glassouse.com\\\/fr\\\/\",\"logo\":{\"@type\":\"ImageObject\",\"inLanguage\":\"fr-FR\",\"@id\":\"https:\\\/\\\/glassouse.com\\\/fr\\\/#\\\/schema\\\/logo\\\/image\\\/\",\"url\":\"https:\\\/\\\/glassouse.com\\\/wp-content\\\/uploads\\\/2017\\\/11\\\/logo.jpg\",\"contentUrl\":\"https:\\\/\\\/glassouse.com\\\/wp-content\\\/uploads\\\/2017\\\/11\\\/logo.jpg\",\"width\":500,\"height\":500,\"caption\":\"GlassOuse Assistive Device\"},\"image\":{\"@id\":\"https:\\\/\\\/glassouse.com\\\/fr\\\/#\\\/schema\\\/logo\\\/image\\\/\"},\"sameAs\":[\"https:\\\/\\\/www.facebook.com\\\/glassouse\\\/\",\"https:\\\/\\\/x.com\\\/glassouse\",\"https:\\\/\\\/www.instagram.com\\\/glassouseassistivedevice\\\/\",\"https:\\\/\\\/www.linkedin.com\\\/company\\\/glassouse\\\/\",\"https:\\\/\\\/www.youtube.com\\\/channel\\\/UCM5pebcmVXbu00QYd91_Gyw\"]}]}<\/script>\n<!-- \/ Yoast SEO plugin. -->","yoast_head_json":{"title":"Images de la s\u00e9rie GlassOuse Assistive Device & G-Switch","description":"Voir toutes les images de la s\u00e9rie GlassOuse Assistive Device & G-Switch maintenant. GlassOuse V1.2 | Interrupteur \u00e0 mordre | Interrupteur \u00e0 souffler | Interrupteur \u00e0 doigt | Interrupteur \u00e0 pied pour handicap\u00e9s","robots":{"index":"index","follow":"follow","max-snippet":"max-snippet:-1","max-image-preview":"max-image-preview:large","max-video-preview":"max-video-preview:-1"},"canonical":"https:\/\/glassouse.com\/fr\/galerie\/","og_locale":"fr_FR","og_type":"article","og_title":"Images de la s\u00e9rie GlassOuse Assistive Device & G-Switch","og_description":"Voir toutes les images de la s\u00e9rie GlassOuse Assistive Device & G-Switch maintenant. GlassOuse V1.2 | Interrupteur \u00e0 mordre | Interrupteur \u00e0 souffler | Interrupteur \u00e0 doigt | Interrupteur \u00e0 pied pour handicap\u00e9s","og_url":"https:\/\/glassouse.com\/fr\/galerie\/","og_site_name":"Glassouse Assistive Device","article_publisher":"https:\/\/www.facebook.com\/glassouse\/","article_modified_time":"2026-04-27T10:12:29+00:00","twitter_card":"summary_large_image","twitter_site":"@glassouse","schema":{"@context":"https:\/\/schema.org","@graph":[{"@type":"WebPage","@id":"https:\/\/glassouse.com\/fr\/galerie\/","url":"https:\/\/glassouse.com\/fr\/galerie\/","name":"Images de la s\u00e9rie GlassOuse Assistive Device & G-Switch","isPartOf":{"@id":"https:\/\/glassouse.com\/fr\/#website"},"datePublished":"2017-11-22T22:56:29+00:00","dateModified":"2026-04-27T10:12:29+00:00","description":"Voir toutes les images de la s\u00e9rie GlassOuse Assistive Device & G-Switch maintenant. GlassOuse V1.2 | Interrupteur \u00e0 mordre | Interrupteur \u00e0 souffler | Interrupteur \u00e0 doigt | Interrupteur \u00e0 pied pour handicap\u00e9s","breadcrumb":{"@id":"https:\/\/glassouse.com\/fr\/galerie\/#breadcrumb"},"inLanguage":"fr-FR","potentialAction":[{"@type":"ReadAction","target":["https:\/\/glassouse.com\/fr\/galerie\/"]}]},{"@type":"BreadcrumbList","@id":"https:\/\/glassouse.com\/fr\/galerie\/#breadcrumb","itemListElement":[{"@type":"ListItem","position":1,"name":"Home","item":"https:\/\/glassouse.com\/fr\/accueil\/"},{"@type":"ListItem","position":2,"name":"Galerie"}]},{"@type":"WebSite","@id":"https:\/\/glassouse.com\/fr\/#website","url":"https:\/\/glassouse.com\/fr\/","name":"Glassouse Assistive Device","description":"Assistive Device and Switches for Disabled","publisher":{"@id":"https:\/\/glassouse.com\/fr\/#organization"},"potentialAction":[{"@type":"SearchAction","target":{"@type":"EntryPoint","urlTemplate":"https:\/\/glassouse.com\/fr\/?s={search_term_string}"},"query-input":{"@type":"PropertyValueSpecification","valueRequired":true,"valueName":"search_term_string"}}],"inLanguage":"fr-FR"},{"@type":"Organization","@id":"https:\/\/glassouse.com\/fr\/#organization","name":"GlassOuse Assistive Device","url":"https:\/\/glassouse.com\/fr\/","logo":{"@type":"ImageObject","inLanguage":"fr-FR","@id":"https:\/\/glassouse.com\/fr\/#\/schema\/logo\/image\/","url":"https:\/\/glassouse.com\/wp-content\/uploads\/2017\/11\/logo.jpg","contentUrl":"https:\/\/glassouse.com\/wp-content\/uploads\/2017\/11\/logo.jpg","width":500,"height":500,"caption":"GlassOuse Assistive Device"},"image":{"@id":"https:\/\/glassouse.com\/fr\/#\/schema\/logo\/image\/"},"sameAs":["https:\/\/www.facebook.com\/glassouse\/","https:\/\/x.com\/glassouse","https:\/\/www.instagram.com\/glassouseassistivedevice\/","https:\/\/www.linkedin.com\/company\/glassouse\/","https:\/\/www.youtube.com\/channel\/UCM5pebcmVXbu00QYd91_Gyw"]}]}},"_links":{"self":[{"href":"https:\/\/glassouse.com\/fr\/wp-json\/wp\/v2\/pages\/38283","targetHints":{"allow":["GET"]}}],"collection":[{"href":"https:\/\/glassouse.com\/fr\/wp-json\/wp\/v2\/pages"}],"about":[{"href":"https:\/\/glassouse.com\/fr\/wp-json\/wp\/v2\/types\/page"}],"author":[{"embeddable":true,"href":"https:\/\/glassouse.com\/fr\/wp-json\/wp\/v2\/users\/1"}],"replies":[{"embeddable":true,"href":"https:\/\/glassouse.com\/fr\/wp-json\/wp\/v2\/comments?post=38283"}],"version-history":[{"count":5,"href":"https:\/\/glassouse.com\/fr\/wp-json\/wp\/v2\/pages\/38283\/revisions"}],"predecessor-version":[{"id":38351,"href":"https:\/\/glassouse.com\/fr\/wp-json\/wp\/v2\/pages\/38283\/revisions\/38351"}],"wp:attachment":[{"href":"https:\/\/glassouse.com\/fr\/wp-json\/wp\/v2\/media?parent=38283"}],"curies":[{"name":"wp","href":"https:\/\/api.w.org\/{rel}","templated":true}]}}