{"id":25799,"date":"2024-12-20T15:37:53","date_gmt":"2024-12-20T07:37:53","guid":{"rendered":"https:\/\/glassouse.com\/product\/gw07-g-eyeglass-silicone-cover\/"},"modified":"2024-12-20T15:37:53","modified_gmt":"2024-12-20T07:37:53","slug":"gw07-g-eyeglass-silicone-cover","status":"publish","type":"product","link":"https:\/\/glassouse.com\/fr\/product\/gw07-g-eyeglass-silicone-cover\/","title":{"rendered":"GW07 G-Eyeglass Silicone Cover"},"content":{"rendered":"<h3><strong>Aper\u00e7u du produit<\/strong><\/h3>\n<p>La housse en silicone G-Eyeglass est le compl\u00e9ment id\u00e9al pour les utilisateurs de GlassOuse portant des lunettes, permettant une utilisation fluide de GlassOuse PRO et Link. Con\u00e7u pour s&rsquo;adapter \u00e0 la plupart des branches de lunettes standard &#8211; qu&rsquo;elles soient rondes ou carr\u00e9es &#8211; ce cache am\u00e9liore la polyvalence et la facilit\u00e9 d&rsquo;utilisation. <\/p>\n<h3><strong>Comment l&rsquo;utiliser<\/strong><\/h3>\n<ol>\n<li>Ins\u00e9rez la branche de la lunette dans les fentes allong\u00e9es situ\u00e9es \u00e0 l&rsquo;arri\u00e8re de la housse en silicone. Pour une stabilit\u00e9 et une flexibilit\u00e9 optimales, nous vous recommandons de l&rsquo;enfiler dans les huit fentes dans l&rsquo;ordre, en veillant \u00e0 ce que la 1357e bande d\u00e9passe vers l&rsquo;ext\u00e9rieur. <\/li>\n<li>Placez la GlassOuse PRO\/Link dans le couvercle en silicone, en veillant \u00e0 ce que les trois bandes de silicone ne bloquent pas les ports W, X, Y ou Z pour permettre une connexion transparente avec les G-Switches.<\/li>\n<li>Connectez les G-Switches (jusqu&rsquo;\u00e0 huit \u00e0 l&rsquo;aide d&rsquo;un connecteur Y-Splitter) \u00e0 la GlassOuse PRO\/Link, et portez les lunettes comme d&rsquo;habitude.<\/li>\n<li>Pour retirer le couvercle en silicone, faites glisser avec pr\u00e9caution la branche de la lunette hors des fentes.<\/li>\n<\/ol>\n<p><strong>Remarque : <\/strong>La housse en silicone G-Eyeglass s&rsquo;adapte \u00e0 la plupart des formes et tailles de branches de lunettes standard disponibles sur le march\u00e9. Cependant, il peut ne pas convenir \u00e0 certains mod\u00e8les de branches non conventionnels. <\/p>\n","protected":false},"excerpt":{"rendered":"<p>Aper\u00e7u du produit La housse en silicone G-Eyeglass est le compl\u00e9ment id\u00e9al pour les utilisateurs de GlassOuse portant des lunettes, [&hellip;]<\/p>\n","protected":false},"featured_media":25803,"template":"","meta":{"_acf_changed":false},"product_brand":[],"product_cat":[245],"product_tag":[],"class_list":{"0":"post-25799","1":"product","2":"type-product","3":"status-publish","4":"has-post-thumbnail","6":"product_cat-glassouse-g-wear","8":"first","9":"instock","10":"shipping-taxable","11":"purchasable","12":"product-type-simple"},"acf":[],"yoast_head":"<!-- This site is optimized with the Yoast SEO plugin v27.4 - https:\/\/yoast.com\/product\/yoast-seo-wordpress\/ -->\n<title>Pour l&#039;appareil d&#039;assistance GlassOuse : G-Eyeglass Silicone Cover<\/title>\n<meta name=\"description\" content=\"Un accessoire id\u00e9al pour l&#039;appareil d&#039;assistance GlassOuse. Compl\u00e9ment id\u00e9al pour GlassOuse PRO et Link. Compatibilit\u00e9 parfaite avec la plupart des montures de lunettes standard.\" \/>\n<meta name=\"robots\" content=\"index, follow, max-snippet:-1, max-image-preview:large, max-video-preview:-1\" \/>\n<link rel=\"canonical\" href=\"https:\/\/glassouse.com\/fr\/product\/gw07-g-eyeglass-silicone-cover\/\" \/>\n<meta property=\"og:locale\" content=\"fr_FR\" \/>\n<meta property=\"og:type\" content=\"article\" \/>\n<meta property=\"og:title\" content=\"Pour l&#039;appareil d&#039;assistance GlassOuse : G-Eyeglass Silicone Cover\" \/>\n<meta property=\"og:description\" content=\"Un accessoire id\u00e9al pour l&#039;appareil d&#039;assistance GlassOuse. Compl\u00e9ment id\u00e9al pour GlassOuse PRO et Link. Compatibilit\u00e9 parfaite avec la plupart des montures de lunettes standard.\" \/>\n<meta property=\"og:url\" content=\"https:\/\/glassouse.com\/fr\/product\/gw07-g-eyeglass-silicone-cover\/\" \/>\n<meta property=\"og:site_name\" content=\"Glassouse Assistive Device\" \/>\n<meta property=\"article:publisher\" content=\"https:\/\/www.facebook.com\/glassouse\/\" \/>\n<meta property=\"og:image\" content=\"https:\/\/glassouse.com\/wp-content\/uploads\/2024\/12\/GlassOuse-G-Eyeglass-Silicone-Cover.jpg\" \/>\n\t<meta property=\"og:image:width\" content=\"2000\" \/>\n\t<meta property=\"og:image:height\" content=\"2000\" \/>\n\t<meta property=\"og:image:type\" content=\"image\/jpeg\" \/>\n<meta name=\"twitter:card\" content=\"summary_large_image\" \/>\n<meta name=\"twitter:site\" content=\"@glassouse\" \/>\n<meta name=\"twitter:label1\" content=\"Dur\u00e9e de lecture estim\u00e9e\" \/>\n\t<meta name=\"twitter:data1\" content=\"1 minute\" \/>\n<script type=\"application\/ld+json\" class=\"yoast-schema-graph\">{\"@context\":\"https:\\\/\\\/schema.org\",\"@graph\":[{\"@type\":\"WebPage\",\"@id\":\"https:\\\/\\\/glassouse.com\\\/fr\\\/product\\\/gw07-g-eyeglass-silicone-cover\\\/\",\"url\":\"https:\\\/\\\/glassouse.com\\\/fr\\\/product\\\/gw07-g-eyeglass-silicone-cover\\\/\",\"name\":\"Pour l'appareil d'assistance GlassOuse : G-Eyeglass Silicone Cover\",\"isPartOf\":{\"@id\":\"https:\\\/\\\/glassouse.com\\\/fr\\\/#website\"},\"primaryImageOfPage\":{\"@id\":\"https:\\\/\\\/glassouse.com\\\/fr\\\/product\\\/gw07-g-eyeglass-silicone-cover\\\/#primaryimage\"},\"image\":{\"@id\":\"https:\\\/\\\/glassouse.com\\\/fr\\\/product\\\/gw07-g-eyeglass-silicone-cover\\\/#primaryimage\"},\"thumbnailUrl\":\"https:\\\/\\\/glassouse.com\\\/wp-content\\\/uploads\\\/2024\\\/12\\\/GlassOuse-G-Eyeglass-Silicone-Cover.jpg\",\"datePublished\":\"2024-12-20T07:37:53+00:00\",\"description\":\"Un accessoire id\u00e9al pour l'appareil d'assistance GlassOuse. Compl\u00e9ment id\u00e9al pour GlassOuse PRO et Link. Compatibilit\u00e9 parfaite avec la plupart des montures de lunettes standard.\",\"breadcrumb\":{\"@id\":\"https:\\\/\\\/glassouse.com\\\/fr\\\/product\\\/gw07-g-eyeglass-silicone-cover\\\/#breadcrumb\"},\"inLanguage\":\"fr-FR\",\"potentialAction\":[{\"@type\":\"ReadAction\",\"target\":[\"https:\\\/\\\/glassouse.com\\\/fr\\\/product\\\/gw07-g-eyeglass-silicone-cover\\\/\"]}]},{\"@type\":\"ImageObject\",\"inLanguage\":\"fr-FR\",\"@id\":\"https:\\\/\\\/glassouse.com\\\/fr\\\/product\\\/gw07-g-eyeglass-silicone-cover\\\/#primaryimage\",\"url\":\"https:\\\/\\\/glassouse.com\\\/wp-content\\\/uploads\\\/2024\\\/12\\\/GlassOuse-G-Eyeglass-Silicone-Cover.jpg\",\"contentUrl\":\"https:\\\/\\\/glassouse.com\\\/wp-content\\\/uploads\\\/2024\\\/12\\\/GlassOuse-G-Eyeglass-Silicone-Cover.jpg\",\"width\":2000,\"height\":2000,\"caption\":\"Accessoire GlassOuse G-Wear\"},{\"@type\":\"BreadcrumbList\",\"@id\":\"https:\\\/\\\/glassouse.com\\\/fr\\\/product\\\/gw07-g-eyeglass-silicone-cover\\\/#breadcrumb\",\"itemListElement\":[{\"@type\":\"ListItem\",\"position\":1,\"name\":\"Home\",\"item\":\"https:\\\/\\\/glassouse.com\\\/fr\\\/accueil\\\/\"},{\"@type\":\"ListItem\",\"position\":2,\"name\":\"Boutique\",\"item\":\"https:\\\/\\\/glassouse.com\\\/fr\\\/boutique\\\/\"},{\"@type\":\"ListItem\",\"position\":3,\"name\":\"GW07 G-Eyeglass Silicone Cover\"}]},{\"@type\":\"WebSite\",\"@id\":\"https:\\\/\\\/glassouse.com\\\/fr\\\/#website\",\"url\":\"https:\\\/\\\/glassouse.com\\\/fr\\\/\",\"name\":\"Glassouse Assistive Device\",\"description\":\"Assistive Device and Switches for Disabled\",\"publisher\":{\"@id\":\"https:\\\/\\\/glassouse.com\\\/fr\\\/#organization\"},\"potentialAction\":[{\"@type\":\"SearchAction\",\"target\":{\"@type\":\"EntryPoint\",\"urlTemplate\":\"https:\\\/\\\/glassouse.com\\\/fr\\\/?s={search_term_string}\"},\"query-input\":{\"@type\":\"PropertyValueSpecification\",\"valueRequired\":true,\"valueName\":\"search_term_string\"}}],\"inLanguage\":\"fr-FR\"},{\"@type\":\"Organization\",\"@id\":\"https:\\\/\\\/glassouse.com\\\/fr\\\/#organization\",\"name\":\"GlassOuse Assistive Device\",\"url\":\"https:\\\/\\\/glassouse.com\\\/fr\\\/\",\"logo\":{\"@type\":\"ImageObject\",\"inLanguage\":\"fr-FR\",\"@id\":\"https:\\\/\\\/glassouse.com\\\/fr\\\/#\\\/schema\\\/logo\\\/image\\\/\",\"url\":\"https:\\\/\\\/glassouse.com\\\/wp-content\\\/uploads\\\/2017\\\/11\\\/logo.jpg\",\"contentUrl\":\"https:\\\/\\\/glassouse.com\\\/wp-content\\\/uploads\\\/2017\\\/11\\\/logo.jpg\",\"width\":500,\"height\":500,\"caption\":\"GlassOuse Assistive Device\"},\"image\":{\"@id\":\"https:\\\/\\\/glassouse.com\\\/fr\\\/#\\\/schema\\\/logo\\\/image\\\/\"},\"sameAs\":[\"https:\\\/\\\/www.facebook.com\\\/glassouse\\\/\",\"https:\\\/\\\/x.com\\\/glassouse\",\"https:\\\/\\\/www.instagram.com\\\/glassouseassistivedevice\\\/\",\"https:\\\/\\\/www.linkedin.com\\\/company\\\/glassouse\\\/\",\"https:\\\/\\\/www.youtube.com\\\/channel\\\/UCM5pebcmVXbu00QYd91_Gyw\"]}]}<\/script>\n<!-- \/ Yoast SEO plugin. -->","yoast_head_json":{"title":"Pour l'appareil d'assistance GlassOuse : G-Eyeglass Silicone Cover","description":"Un accessoire id\u00e9al pour l'appareil d'assistance GlassOuse. Compl\u00e9ment id\u00e9al pour GlassOuse PRO et Link. Compatibilit\u00e9 parfaite avec la plupart des montures de lunettes standard.","robots":{"index":"index","follow":"follow","max-snippet":"max-snippet:-1","max-image-preview":"max-image-preview:large","max-video-preview":"max-video-preview:-1"},"canonical":"https:\/\/glassouse.com\/fr\/product\/gw07-g-eyeglass-silicone-cover\/","og_locale":"fr_FR","og_type":"article","og_title":"Pour l'appareil d'assistance GlassOuse : G-Eyeglass Silicone Cover","og_description":"Un accessoire id\u00e9al pour l'appareil d'assistance GlassOuse. Compl\u00e9ment id\u00e9al pour GlassOuse PRO et Link. Compatibilit\u00e9 parfaite avec la plupart des montures de lunettes standard.","og_url":"https:\/\/glassouse.com\/fr\/product\/gw07-g-eyeglass-silicone-cover\/","og_site_name":"Glassouse Assistive Device","article_publisher":"https:\/\/www.facebook.com\/glassouse\/","og_image":[{"width":2000,"height":2000,"url":"https:\/\/glassouse.com\/wp-content\/uploads\/2024\/12\/GlassOuse-G-Eyeglass-Silicone-Cover.jpg","type":"image\/jpeg"}],"twitter_card":"summary_large_image","twitter_site":"@glassouse","twitter_misc":{"Dur\u00e9e de lecture estim\u00e9e":"1 minute"},"schema":{"@context":"https:\/\/schema.org","@graph":[{"@type":"WebPage","@id":"https:\/\/glassouse.com\/fr\/product\/gw07-g-eyeglass-silicone-cover\/","url":"https:\/\/glassouse.com\/fr\/product\/gw07-g-eyeglass-silicone-cover\/","name":"Pour l'appareil d'assistance GlassOuse : G-Eyeglass Silicone Cover","isPartOf":{"@id":"https:\/\/glassouse.com\/fr\/#website"},"primaryImageOfPage":{"@id":"https:\/\/glassouse.com\/fr\/product\/gw07-g-eyeglass-silicone-cover\/#primaryimage"},"image":{"@id":"https:\/\/glassouse.com\/fr\/product\/gw07-g-eyeglass-silicone-cover\/#primaryimage"},"thumbnailUrl":"https:\/\/glassouse.com\/wp-content\/uploads\/2024\/12\/GlassOuse-G-Eyeglass-Silicone-Cover.jpg","datePublished":"2024-12-20T07:37:53+00:00","description":"Un accessoire id\u00e9al pour l'appareil d'assistance GlassOuse. Compl\u00e9ment id\u00e9al pour GlassOuse PRO et Link. Compatibilit\u00e9 parfaite avec la plupart des montures de lunettes standard.","breadcrumb":{"@id":"https:\/\/glassouse.com\/fr\/product\/gw07-g-eyeglass-silicone-cover\/#breadcrumb"},"inLanguage":"fr-FR","potentialAction":[{"@type":"ReadAction","target":["https:\/\/glassouse.com\/fr\/product\/gw07-g-eyeglass-silicone-cover\/"]}]},{"@type":"ImageObject","inLanguage":"fr-FR","@id":"https:\/\/glassouse.com\/fr\/product\/gw07-g-eyeglass-silicone-cover\/#primaryimage","url":"https:\/\/glassouse.com\/wp-content\/uploads\/2024\/12\/GlassOuse-G-Eyeglass-Silicone-Cover.jpg","contentUrl":"https:\/\/glassouse.com\/wp-content\/uploads\/2024\/12\/GlassOuse-G-Eyeglass-Silicone-Cover.jpg","width":2000,"height":2000,"caption":"Accessoire GlassOuse G-Wear"},{"@type":"BreadcrumbList","@id":"https:\/\/glassouse.com\/fr\/product\/gw07-g-eyeglass-silicone-cover\/#breadcrumb","itemListElement":[{"@type":"ListItem","position":1,"name":"Home","item":"https:\/\/glassouse.com\/fr\/accueil\/"},{"@type":"ListItem","position":2,"name":"Boutique","item":"https:\/\/glassouse.com\/fr\/boutique\/"},{"@type":"ListItem","position":3,"name":"GW07 G-Eyeglass Silicone Cover"}]},{"@type":"WebSite","@id":"https:\/\/glassouse.com\/fr\/#website","url":"https:\/\/glassouse.com\/fr\/","name":"Glassouse Assistive Device","description":"Assistive Device and Switches for Disabled","publisher":{"@id":"https:\/\/glassouse.com\/fr\/#organization"},"potentialAction":[{"@type":"SearchAction","target":{"@type":"EntryPoint","urlTemplate":"https:\/\/glassouse.com\/fr\/?s={search_term_string}"},"query-input":{"@type":"PropertyValueSpecification","valueRequired":true,"valueName":"search_term_string"}}],"inLanguage":"fr-FR"},{"@type":"Organization","@id":"https:\/\/glassouse.com\/fr\/#organization","name":"GlassOuse Assistive Device","url":"https:\/\/glassouse.com\/fr\/","logo":{"@type":"ImageObject","inLanguage":"fr-FR","@id":"https:\/\/glassouse.com\/fr\/#\/schema\/logo\/image\/","url":"https:\/\/glassouse.com\/wp-content\/uploads\/2017\/11\/logo.jpg","contentUrl":"https:\/\/glassouse.com\/wp-content\/uploads\/2017\/11\/logo.jpg","width":500,"height":500,"caption":"GlassOuse Assistive Device"},"image":{"@id":"https:\/\/glassouse.com\/fr\/#\/schema\/logo\/image\/"},"sameAs":["https:\/\/www.facebook.com\/glassouse\/","https:\/\/x.com\/glassouse","https:\/\/www.instagram.com\/glassouseassistivedevice\/","https:\/\/www.linkedin.com\/company\/glassouse\/","https:\/\/www.youtube.com\/channel\/UCM5pebcmVXbu00QYd91_Gyw"]}]}},"_links":{"self":[{"href":"https:\/\/glassouse.com\/fr\/wp-json\/wp\/v2\/product\/25799","targetHints":{"allow":["GET"]}}],"collection":[{"href":"https:\/\/glassouse.com\/fr\/wp-json\/wp\/v2\/product"}],"about":[{"href":"https:\/\/glassouse.com\/fr\/wp-json\/wp\/v2\/types\/product"}],"wp:featuredmedia":[{"embeddable":true,"href":"https:\/\/glassouse.com\/fr\/wp-json\/wp\/v2\/media\/25803"}],"wp:attachment":[{"href":"https:\/\/glassouse.com\/fr\/wp-json\/wp\/v2\/media?parent=25799"}],"wp:term":[{"taxonomy":"product_brand","embeddable":true,"href":"https:\/\/glassouse.com\/fr\/wp-json\/wp\/v2\/product_brand?post=25799"},{"taxonomy":"product_cat","embeddable":true,"href":"https:\/\/glassouse.com\/fr\/wp-json\/wp\/v2\/product_cat?post=25799"},{"taxonomy":"product_tag","embeddable":true,"href":"https:\/\/glassouse.com\/fr\/wp-json\/wp\/v2\/product_tag?post=25799"}],"curies":[{"name":"wp","href":"https:\/\/api.w.org\/{rel}","templated":true}]}}