{"id":30663,"date":"2020-09-30T15:34:41","date_gmt":"2020-09-30T07:34:41","guid":{"rendered":"https:\/\/glassouse.com\/product\/glassouse-v1-3\/"},"modified":"2020-09-30T15:34:41","modified_gmt":"2020-09-30T07:34:41","slug":"glassouse-v1-3","status":"publish","type":"product","link":"https:\/\/glassouse.com\/fr\/product\/glassouse-v1-3\/","title":{"rendered":"GlassOuse V1.3"},"content":{"rendered":"<p>GlassOuse V1.3 peut se connecter aux ordinateurs, t\u00e9l\u00e9phones portables, tablettes et t\u00e9l\u00e9viseurs intelligents via Bluetooth 4.0 et moins sans probl\u00e8me. C&rsquo;est un dispositif d&rsquo;assistance compatible avec Windows, iOS14, iPadOS13, macOS, Linux, Android et Chrome OS. GlassOuse V1.3 est dot\u00e9 d&rsquo;une batterie haute densit\u00e9 de petite taille qui permet \u00e0 l&rsquo;utilisateur d&rsquo;utiliser GlassOuse V1.3 pendant plus de 150 heures actives en une seule charge. <\/p>\n<p>Vous pouvez porter GlassOuse v1.3 avec vos propres lunettes et les plier comme des lunettes normales. Gr\u00e2ce \u00e0 son gyroscope \u00e0 9 axes, GlassOuse d\u00e9tecte les moindres mouvements de la t\u00eate pour d\u00e9placer le curseur sur votre \u00e9cran. Il vous suffit de connecter votre GlassOuse \u00e0 votre appareil, d&rsquo;effectuer le court processus de calibrage pour une pr\u00e9cision \u00e0 100 %, et de commencer \u00e0 utiliser vos gadgets en gardant les mains libres.  <\/p>\n<p>GlassOuse peut se connecter \u00e0 n&rsquo;importe lequel des neuf commutateurs diff\u00e9rents de la s\u00e9rie G-Switch et \u00e0 n&rsquo;importe quel autre commutateur adaptatif compatible avec le jack 3,5 mm pour cliquer.<\/p>\n","protected":false},"excerpt":{"rendered":"<hr>\n<p><strong>Le nouveau GlassOuse V1.3 est une version am\u00e9lior\u00e9e de son pr\u00e9d\u00e9cesseur V1.2 et est maintenant meilleur que jamais !<\/strong><\/p>\n<p><strong><span style=\"text-decoration: underline;\">Nouveaut\u00e9s<\/span>:<\/strong><\/p>\n<ul>\n<li><strong>Prise en charge de Bluetooth 4.0<\/strong> &#8211;<em> Connectivit\u00e9 plus rapide et meilleure avec une faible latence<\/em>.<\/li>\n<li><strong>Am\u00e9lioration de l&rsquo;autonomie de la batterie<\/strong> &#8211; <em>10 fois plus d&rsquo;autonomie que la version pr\u00e9c\u00e9dente<\/em><\/li>\n<li><strong>R\u00e9glage am\u00e9lior\u00e9 de la sensibilit\u00e9<\/strong> &#8211;<em> R\u00e9glez la sensibilit\u00e9 de votre appareil avec plus de pr\u00e9cision<\/em>.<\/li>\n<li><strong>Mat\u00e9riaux plus r\u00e9sistants<\/strong> &#8211; <em>Pour une plus longue dur\u00e9e de vie du produit<\/em><\/li>\n<\/ul>\n<p><a href=\"https:\/\/glassouse.com\/wp-content\/uploads\/2020\/11\/GLASSOUSE-V1.3_USER-MANUAL.pdf\"><img decoding=\"async\" class=\"alignnone wp-image-2116\" src=\"https:\/\/glassouse.com\/wp-content\/uploads\/2018\/03\/download_user_manual.png\" alt=\"\" width=\"96\" height=\"96\" srcset=\"https:\/\/glassouse.com\/wp-content\/uploads\/2018\/03\/download_user_manual.png 149w, https:\/\/glassouse.com\/wp-content\/uploads\/2018\/03\/download_user_manual-100x100.png 100w, https:\/\/glassouse.com\/wp-content\/uploads\/2018\/03\/download_user_manual-75x75.png 75w\" sizes=\"(max-width: 96px) 100vw, 96px\" \/><\/a>  <a href=\"https:\/\/glassouse.com\/fr\/garantie-de-remboursement\/\"><img decoding=\"async\" class=\"alignnone wp-image-1817\" src=\"https:\/\/glassouse.com\/wp-content\/uploads\/2017\/11\/15_Day_Money_Back_47882ccb-f31c-4b58-ab77-9b78929009ef_grande.png\" alt=\"\" width=\"95\" height=\"95\" srcset=\"https:\/\/glassouse.com\/wp-content\/uploads\/2017\/11\/15_Day_Money_Back_47882ccb-f31c-4b58-ab77-9b78929009ef_grande.png 150w, https:\/\/glassouse.com\/wp-content\/uploads\/2017\/11\/15_Day_Money_Back_47882ccb-f31c-4b58-ab77-9b78929009ef_grande-100x100.png 100w, https:\/\/glassouse.com\/wp-content\/uploads\/2017\/11\/15_Day_Money_Back_47882ccb-f31c-4b58-ab77-9b78929009ef_grande-75x75.png 75w\" sizes=\"(max-width: 95px) 100vw, 95px\" \/><\/a>  <img decoding=\"async\" class=\"alignnone wp-image-3424\" src=\"https:\/\/glassouse.com\/wp-content\/uploads\/2020\/08\/A4.png\" alt=\"Garantie GlassOuse\" width=\"95\" height=\"95\" srcset=\"https:\/\/glassouse.com\/wp-content\/uploads\/2020\/08\/A4.png 345w, https:\/\/glassouse.com\/wp-content\/uploads\/2020\/08\/A4-300x299.png 300w, https:\/\/glassouse.com\/wp-content\/uploads\/2020\/08\/A4-100x100.png 100w, https:\/\/glassouse.com\/wp-content\/uploads\/2020\/08\/A4-150x150.png 150w\" sizes=\"(max-width: 95px) 100vw, 95px\" \/><\/p>\n<p>GlassOuse V1.3 est con\u00e7u pour \u00eatre plus flexible et fonctionnel afin de r\u00e9pondre aux besoins des personnes ayant des capacit\u00e9s de mouvement limit\u00e9es tout en connectant la technologie. GlassOuse V1.3 peut se connecter \u00e0 des ordinateurs, des t\u00e9l\u00e9phones portables, des tablettes et des t\u00e9l\u00e9viseurs intelligents via Bluetooth 4.0 et moins sans probl\u00e8me et c&rsquo;est un dispositif d&rsquo;assistance compatible avec Windows, iOS14, iPadOS13, macOS, Linux, Android et Chrome OS. GlassOuse peut \u00eatre associ\u00e9 aux nouvelles options de la s\u00e9rie G-Switch en fonction des besoins, ou directement au logiciel Dwell.  <\/p>\n<p>GlassOuse V1.3 est dot\u00e9 d&rsquo;une batterie haute densit\u00e9 de petite taille qui permet \u00e0 l&rsquo;utilisateur d&rsquo;utiliser GlassOuse V1.3 pendant plus de 150 heures actives en une seule charge.<\/p>\n<p>Vous pouvez porter GlassOuse v1.3 avec vos propres lunettes, et les plier comme des lunettes normales. Gr\u00e2ce \u00e0 son gyroscope \u00e0 9 axes, GlassOuse d\u00e9tecte les moindres mouvements de la t\u00eate pour d\u00e9placer le curseur sur votre \u00e9cran. Il vous suffit de connecter votre GlassOuse \u00e0 votre appareil, d&rsquo;effectuer le court processus de calibrage pour une pr\u00e9cision de 100 %, et de commencer \u00e0 utiliser vos gadgets en gardant les mains libres.  <\/p>\n<p><strong>Contenu de la bo\u00eete<\/strong>:<br \/>\n1x GlassOuse V1.3 ;<br \/>\n1x c\u00e2ble de chargement ;<br \/>\n2x support d&rsquo;oreille<br \/>\n1x manuel d&rsquo;utilisation<\/p>\n","protected":false},"featured_media":30677,"template":"","meta":{"_acf_changed":false},"product_brand":[],"product_cat":[290],"product_tag":[],"class_list":{"0":"post-30663","1":"product","2":"type-product","3":"status-publish","4":"has-post-thumbnail","6":"product_cat-offre-groupee-glassouse","8":"first","9":"outofstock","10":"downloadable","11":"shipping-taxable","12":"purchasable","13":"product-type-simple"},"acf":[],"yoast_head":"<!-- This site is optimized with the Yoast SEO plugin v27.4 - https:\/\/yoast.com\/product\/yoast-seo-wordpress\/ -->\n<title>GlassOuse V1.3 - Dispositif d&#039;assistance pour les personnes handicap\u00e9es. Dispositif de contr\u00f4le mains libres<\/title>\n<meta name=\"description\" content=\"Dispositif d&#039;assistance GlassOuse prim\u00e9 - Une souris de t\u00eate sans fil pour les personnes handicap\u00e9es afin de contr\u00f4ler la technologie en gardant les mains libres. Exp\u00e9dition internationale.\" \/>\n<meta name=\"robots\" content=\"index, follow, max-snippet:-1, max-image-preview:large, max-video-preview:-1\" \/>\n<link rel=\"canonical\" href=\"https:\/\/glassouse.com\/fr\/product\/glassouse-v1-3\/\" \/>\n<meta property=\"og:locale\" content=\"fr_FR\" \/>\n<meta property=\"og:type\" content=\"article\" \/>\n<meta property=\"og:title\" content=\"GlassOuse V1.3 - Dispositif d&#039;assistance pour les personnes handicap\u00e9es. Dispositif de contr\u00f4le mains libres\" \/>\n<meta property=\"og:description\" content=\"Dispositif d&#039;assistance GlassOuse prim\u00e9 - Une souris de t\u00eate sans fil pour les personnes handicap\u00e9es afin de contr\u00f4ler la technologie en gardant les mains libres. Exp\u00e9dition internationale.\" \/>\n<meta property=\"og:url\" content=\"https:\/\/glassouse.com\/fr\/product\/glassouse-v1-3\/\" \/>\n<meta property=\"og:site_name\" content=\"Glassouse Assistive Device\" \/>\n<meta property=\"article:publisher\" content=\"https:\/\/www.facebook.com\/glassouse\/\" \/>\n<meta property=\"og:image\" content=\"https:\/\/glassouse.com\/wp-content\/uploads\/2020\/09\/002.jpg\" \/>\n\t<meta property=\"og:image:width\" content=\"1000\" \/>\n\t<meta property=\"og:image:height\" content=\"1000\" \/>\n\t<meta property=\"og:image:type\" content=\"image\/jpeg\" \/>\n<meta name=\"twitter:card\" content=\"summary_large_image\" \/>\n<meta name=\"twitter:site\" content=\"@glassouse\" \/>\n<meta name=\"twitter:label1\" content=\"Dur\u00e9e de lecture estim\u00e9e\" \/>\n\t<meta name=\"twitter:data1\" content=\"1 minute\" \/>\n<script type=\"application\/ld+json\" class=\"yoast-schema-graph\">{\"@context\":\"https:\\\/\\\/schema.org\",\"@graph\":[{\"@type\":\"WebPage\",\"@id\":\"https:\\\/\\\/glassouse.com\\\/fr\\\/product\\\/glassouse-v1-3\\\/\",\"url\":\"https:\\\/\\\/glassouse.com\\\/fr\\\/product\\\/glassouse-v1-3\\\/\",\"name\":\"GlassOuse V1.3 - Dispositif d'assistance pour les personnes handicap\u00e9es. Dispositif de contr\u00f4le mains libres\",\"isPartOf\":{\"@id\":\"https:\\\/\\\/glassouse.com\\\/fr\\\/#website\"},\"primaryImageOfPage\":{\"@id\":\"https:\\\/\\\/glassouse.com\\\/fr\\\/product\\\/glassouse-v1-3\\\/#primaryimage\"},\"image\":{\"@id\":\"https:\\\/\\\/glassouse.com\\\/fr\\\/product\\\/glassouse-v1-3\\\/#primaryimage\"},\"thumbnailUrl\":\"https:\\\/\\\/glassouse.com\\\/wp-content\\\/uploads\\\/2020\\\/09\\\/002.jpg\",\"datePublished\":\"2020-09-30T07:34:41+00:00\",\"description\":\"Dispositif d'assistance GlassOuse prim\u00e9 - Une souris de t\u00eate sans fil pour les personnes handicap\u00e9es afin de contr\u00f4ler la technologie en gardant les mains libres. Exp\u00e9dition internationale.\",\"breadcrumb\":{\"@id\":\"https:\\\/\\\/glassouse.com\\\/fr\\\/product\\\/glassouse-v1-3\\\/#breadcrumb\"},\"inLanguage\":\"fr-FR\",\"potentialAction\":[{\"@type\":\"ReadAction\",\"target\":[\"https:\\\/\\\/glassouse.com\\\/fr\\\/product\\\/glassouse-v1-3\\\/\"]}]},{\"@type\":\"ImageObject\",\"inLanguage\":\"fr-FR\",\"@id\":\"https:\\\/\\\/glassouse.com\\\/fr\\\/product\\\/glassouse-v1-3\\\/#primaryimage\",\"url\":\"https:\\\/\\\/glassouse.com\\\/wp-content\\\/uploads\\\/2020\\\/09\\\/002.jpg\",\"contentUrl\":\"https:\\\/\\\/glassouse.com\\\/wp-content\\\/uploads\\\/2020\\\/09\\\/002.jpg\",\"width\":1000,\"height\":1000,\"caption\":\"Dispositif d'assistance GlassOuse pour les personnes handicap\u00e9es\"},{\"@type\":\"BreadcrumbList\",\"@id\":\"https:\\\/\\\/glassouse.com\\\/fr\\\/product\\\/glassouse-v1-3\\\/#breadcrumb\",\"itemListElement\":[{\"@type\":\"ListItem\",\"position\":1,\"name\":\"Home\",\"item\":\"https:\\\/\\\/glassouse.com\\\/fr\\\/accueil\\\/\"},{\"@type\":\"ListItem\",\"position\":2,\"name\":\"Boutique\",\"item\":\"https:\\\/\\\/glassouse.com\\\/fr\\\/boutique\\\/\"},{\"@type\":\"ListItem\",\"position\":3,\"name\":\"Private: GlassOuse V1.3\"}]},{\"@type\":\"WebSite\",\"@id\":\"https:\\\/\\\/glassouse.com\\\/fr\\\/#website\",\"url\":\"https:\\\/\\\/glassouse.com\\\/fr\\\/\",\"name\":\"Glassouse Assistive Device\",\"description\":\"Assistive Device and Switches for Disabled\",\"publisher\":{\"@id\":\"https:\\\/\\\/glassouse.com\\\/fr\\\/#organization\"},\"potentialAction\":[{\"@type\":\"SearchAction\",\"target\":{\"@type\":\"EntryPoint\",\"urlTemplate\":\"https:\\\/\\\/glassouse.com\\\/fr\\\/?s={search_term_string}\"},\"query-input\":{\"@type\":\"PropertyValueSpecification\",\"valueRequired\":true,\"valueName\":\"search_term_string\"}}],\"inLanguage\":\"fr-FR\"},{\"@type\":\"Organization\",\"@id\":\"https:\\\/\\\/glassouse.com\\\/fr\\\/#organization\",\"name\":\"GlassOuse Assistive Device\",\"url\":\"https:\\\/\\\/glassouse.com\\\/fr\\\/\",\"logo\":{\"@type\":\"ImageObject\",\"inLanguage\":\"fr-FR\",\"@id\":\"https:\\\/\\\/glassouse.com\\\/fr\\\/#\\\/schema\\\/logo\\\/image\\\/\",\"url\":\"https:\\\/\\\/glassouse.com\\\/wp-content\\\/uploads\\\/2017\\\/11\\\/logo.jpg\",\"contentUrl\":\"https:\\\/\\\/glassouse.com\\\/wp-content\\\/uploads\\\/2017\\\/11\\\/logo.jpg\",\"width\":500,\"height\":500,\"caption\":\"GlassOuse Assistive Device\"},\"image\":{\"@id\":\"https:\\\/\\\/glassouse.com\\\/fr\\\/#\\\/schema\\\/logo\\\/image\\\/\"},\"sameAs\":[\"https:\\\/\\\/www.facebook.com\\\/glassouse\\\/\",\"https:\\\/\\\/x.com\\\/glassouse\",\"https:\\\/\\\/www.instagram.com\\\/glassouseassistivedevice\\\/\",\"https:\\\/\\\/www.linkedin.com\\\/company\\\/glassouse\\\/\",\"https:\\\/\\\/www.youtube.com\\\/channel\\\/UCM5pebcmVXbu00QYd91_Gyw\"]}]}<\/script>\n<!-- \/ Yoast SEO plugin. -->","yoast_head_json":{"title":"GlassOuse V1.3 - Dispositif d'assistance pour les personnes handicap\u00e9es. Dispositif de contr\u00f4le mains libres","description":"Dispositif d'assistance GlassOuse prim\u00e9 - Une souris de t\u00eate sans fil pour les personnes handicap\u00e9es afin de contr\u00f4ler la technologie en gardant les mains libres. Exp\u00e9dition internationale.","robots":{"index":"index","follow":"follow","max-snippet":"max-snippet:-1","max-image-preview":"max-image-preview:large","max-video-preview":"max-video-preview:-1"},"canonical":"https:\/\/glassouse.com\/fr\/product\/glassouse-v1-3\/","og_locale":"fr_FR","og_type":"article","og_title":"GlassOuse V1.3 - Dispositif d'assistance pour les personnes handicap\u00e9es. Dispositif de contr\u00f4le mains libres","og_description":"Dispositif d'assistance GlassOuse prim\u00e9 - Une souris de t\u00eate sans fil pour les personnes handicap\u00e9es afin de contr\u00f4ler la technologie en gardant les mains libres. Exp\u00e9dition internationale.","og_url":"https:\/\/glassouse.com\/fr\/product\/glassouse-v1-3\/","og_site_name":"Glassouse Assistive Device","article_publisher":"https:\/\/www.facebook.com\/glassouse\/","og_image":[{"width":1000,"height":1000,"url":"https:\/\/glassouse.com\/wp-content\/uploads\/2020\/09\/002.jpg","type":"image\/jpeg"}],"twitter_card":"summary_large_image","twitter_site":"@glassouse","twitter_misc":{"Dur\u00e9e de lecture estim\u00e9e":"1 minute"},"schema":{"@context":"https:\/\/schema.org","@graph":[{"@type":"WebPage","@id":"https:\/\/glassouse.com\/fr\/product\/glassouse-v1-3\/","url":"https:\/\/glassouse.com\/fr\/product\/glassouse-v1-3\/","name":"GlassOuse V1.3 - Dispositif d'assistance pour les personnes handicap\u00e9es. Dispositif de contr\u00f4le mains libres","isPartOf":{"@id":"https:\/\/glassouse.com\/fr\/#website"},"primaryImageOfPage":{"@id":"https:\/\/glassouse.com\/fr\/product\/glassouse-v1-3\/#primaryimage"},"image":{"@id":"https:\/\/glassouse.com\/fr\/product\/glassouse-v1-3\/#primaryimage"},"thumbnailUrl":"https:\/\/glassouse.com\/wp-content\/uploads\/2020\/09\/002.jpg","datePublished":"2020-09-30T07:34:41+00:00","description":"Dispositif d'assistance GlassOuse prim\u00e9 - Une souris de t\u00eate sans fil pour les personnes handicap\u00e9es afin de contr\u00f4ler la technologie en gardant les mains libres. Exp\u00e9dition internationale.","breadcrumb":{"@id":"https:\/\/glassouse.com\/fr\/product\/glassouse-v1-3\/#breadcrumb"},"inLanguage":"fr-FR","potentialAction":[{"@type":"ReadAction","target":["https:\/\/glassouse.com\/fr\/product\/glassouse-v1-3\/"]}]},{"@type":"ImageObject","inLanguage":"fr-FR","@id":"https:\/\/glassouse.com\/fr\/product\/glassouse-v1-3\/#primaryimage","url":"https:\/\/glassouse.com\/wp-content\/uploads\/2020\/09\/002.jpg","contentUrl":"https:\/\/glassouse.com\/wp-content\/uploads\/2020\/09\/002.jpg","width":1000,"height":1000,"caption":"Dispositif d'assistance GlassOuse pour les personnes handicap\u00e9es"},{"@type":"BreadcrumbList","@id":"https:\/\/glassouse.com\/fr\/product\/glassouse-v1-3\/#breadcrumb","itemListElement":[{"@type":"ListItem","position":1,"name":"Home","item":"https:\/\/glassouse.com\/fr\/accueil\/"},{"@type":"ListItem","position":2,"name":"Boutique","item":"https:\/\/glassouse.com\/fr\/boutique\/"},{"@type":"ListItem","position":3,"name":"Private: GlassOuse V1.3"}]},{"@type":"WebSite","@id":"https:\/\/glassouse.com\/fr\/#website","url":"https:\/\/glassouse.com\/fr\/","name":"Glassouse Assistive Device","description":"Assistive Device and Switches for Disabled","publisher":{"@id":"https:\/\/glassouse.com\/fr\/#organization"},"potentialAction":[{"@type":"SearchAction","target":{"@type":"EntryPoint","urlTemplate":"https:\/\/glassouse.com\/fr\/?s={search_term_string}"},"query-input":{"@type":"PropertyValueSpecification","valueRequired":true,"valueName":"search_term_string"}}],"inLanguage":"fr-FR"},{"@type":"Organization","@id":"https:\/\/glassouse.com\/fr\/#organization","name":"GlassOuse Assistive Device","url":"https:\/\/glassouse.com\/fr\/","logo":{"@type":"ImageObject","inLanguage":"fr-FR","@id":"https:\/\/glassouse.com\/fr\/#\/schema\/logo\/image\/","url":"https:\/\/glassouse.com\/wp-content\/uploads\/2017\/11\/logo.jpg","contentUrl":"https:\/\/glassouse.com\/wp-content\/uploads\/2017\/11\/logo.jpg","width":500,"height":500,"caption":"GlassOuse Assistive Device"},"image":{"@id":"https:\/\/glassouse.com\/fr\/#\/schema\/logo\/image\/"},"sameAs":["https:\/\/www.facebook.com\/glassouse\/","https:\/\/x.com\/glassouse","https:\/\/www.instagram.com\/glassouseassistivedevice\/","https:\/\/www.linkedin.com\/company\/glassouse\/","https:\/\/www.youtube.com\/channel\/UCM5pebcmVXbu00QYd91_Gyw"]}]}},"_links":{"self":[{"href":"https:\/\/glassouse.com\/fr\/wp-json\/wp\/v2\/product\/30663","targetHints":{"allow":["GET"]}}],"collection":[{"href":"https:\/\/glassouse.com\/fr\/wp-json\/wp\/v2\/product"}],"about":[{"href":"https:\/\/glassouse.com\/fr\/wp-json\/wp\/v2\/types\/product"}],"wp:featuredmedia":[{"embeddable":true,"href":"https:\/\/glassouse.com\/fr\/wp-json\/wp\/v2\/media\/30677"}],"wp:attachment":[{"href":"https:\/\/glassouse.com\/fr\/wp-json\/wp\/v2\/media?parent=30663"}],"wp:term":[{"taxonomy":"product_brand","embeddable":true,"href":"https:\/\/glassouse.com\/fr\/wp-json\/wp\/v2\/product_brand?post=30663"},{"taxonomy":"product_cat","embeddable":true,"href":"https:\/\/glassouse.com\/fr\/wp-json\/wp\/v2\/product_cat?post=30663"},{"taxonomy":"product_tag","embeddable":true,"href":"https:\/\/glassouse.com\/fr\/wp-json\/wp\/v2\/product_tag?post=30663"}],"curies":[{"name":"wp","href":"https:\/\/api.w.org\/{rel}","templated":true}]}}