{"id":31075,"date":"2021-12-17T16:54:44","date_gmt":"2021-12-17T08:54:44","guid":{"rendered":"https:\/\/glassouse.com\/product\/gat07-wormie-the-jazzy-dancer-le-danseur-jazzy\/"},"modified":"2021-12-17T16:54:44","modified_gmt":"2021-12-17T08:54:44","slug":"gat07-wormie-the-jazzy-dancer-le-danseur-jazzy","status":"publish","type":"product","link":"https:\/\/glassouse.com\/fr\/product\/gat07-wormie-the-jazzy-dancer-le-danseur-jazzy\/","title":{"rendered":"GAT07 Wormie- The Jazzy Dancer (Le danseur jazzy)"},"content":{"rendered":"","protected":false},"excerpt":{"rendered":"<h4>Wormie- The Jazzy Dancer &#8211; GAT07<\/h4>\n<p>1x Jouet Jazzy Dancer avec connecteur jack 3,5 mm<br \/>\n1x Manuel de l&rsquo;utilisateur<\/p>\n<p><a href=\"https:\/\/glassouse.com\/fr\/garantie-de-remboursement\/\"><img decoding=\"async\" class=\"alignnone wp-image-1817\" src=\"https:\/\/glassouse.com\/wp-content\/uploads\/2017\/11\/15_Day_Money_Back_47882ccb-f31c-4b58-ab77-9b78929009ef_grande.png\" alt=\"\" width=\"95\" height=\"95\" srcset=\"https:\/\/glassouse.com\/wp-content\/uploads\/2017\/11\/15_Day_Money_Back_47882ccb-f31c-4b58-ab77-9b78929009ef_grande.png 150w, https:\/\/glassouse.com\/wp-content\/uploads\/2017\/11\/15_Day_Money_Back_47882ccb-f31c-4b58-ab77-9b78929009ef_grande-100x100.png 100w, https:\/\/glassouse.com\/wp-content\/uploads\/2017\/11\/15_Day_Money_Back_47882ccb-f31c-4b58-ab77-9b78929009ef_grande-75x75.png 75w\" sizes=\"(max-width: 95px) 100vw, 95px\" \/><\/a>   <img decoding=\"async\" class=\"alignnone wp-image-3424\" src=\"https:\/\/glassouse.com\/wp-content\/uploads\/2020\/08\/A4.png\" alt=\"Garantie GlassOuse\" width=\"95\" height=\"95\" srcset=\"https:\/\/glassouse.com\/wp-content\/uploads\/2020\/08\/A4.png 345w, https:\/\/glassouse.com\/wp-content\/uploads\/2020\/08\/A4-300x299.png 300w, https:\/\/glassouse.com\/wp-content\/uploads\/2020\/08\/A4-100x100.png 100w, https:\/\/glassouse.com\/wp-content\/uploads\/2020\/08\/A4-150x150.png 150w\" sizes=\"(max-width: 95px) 100vw, 95px\" \/><\/p>\n<p><strong>FONCTION : <\/strong>Il jouera et dansera sur 3 musiques diff\u00e9rentes qui peuvent \u00eatre contr\u00f4l\u00e9es par l&rsquo;interrupteur de droite, le volume peut \u00eatre modifi\u00e9 par l&rsquo;interrupteur de gauche.<\/p>\n<p><strong>SPECIFICATION :<\/strong><br \/>\n<strong>Longueur :<\/strong> 30 cm<br \/>\n<strong>Mati\u00e8re :<\/strong> Peluche super douce<br \/>\n<strong>Rembourrage :<\/strong> Coton 3D PP respectueux de l&rsquo;environnement<br \/>\n<strong>Alimentation :<\/strong> 3x AA Battery<\/p>\n<p><strong>INSTRUCTION :<\/strong><\/p>\n<ol>\n<li>Connectez le jack 3,5 mm de l&rsquo;interrupteur adaptable de votre choix au jouet.<\/li>\n<li>Pour JOUER, appuyez sur l&rsquo;interrupteur et le jouet commencera \u00e0 danser et \u00e0 chanter.<\/li>\n<li>Pour changer de musique, activez \u00e0 nouveau l&rsquo;interrupteur.<\/li>\n<li>Pour arr\u00eater, appuyez \u00e0 nouveau sur l&rsquo;interrupteur.<\/li>\n<li>Pour augmenter\/diminuer le volume, appuyez sur le commutateur de gauche.<\/li>\n<\/ol>\n<p><strong><em>*Interrupteurs vendus s\u00e9par\u00e9ment<\/em><\/strong><\/p>\n<p>_________________________________________________________________________________________________________<\/p>\n","protected":false},"featured_media":31096,"template":"","meta":{"_acf_changed":false},"product_brand":[],"product_cat":[340],"product_tag":[342,343,344,345],"class_list":{"0":"post-31075","1":"product","2":"type-product","3":"status-publish","4":"has-post-thumbnail","6":"product_cat-jouets-glassouse","7":"product_tag-jouets-adaptes-a-linterrupteur","8":"product_tag-jouets-adaptes","9":"product_tag-jouets-pour-personnes-a-besoins-specifiques","10":"product_tag-jouets-pour-enfants-handicapes","11":"product_shipping_class-jouet","13":"first","14":"instock","15":"shipping-taxable","16":"purchasable","17":"product-type-simple"},"acf":[],"yoast_head":"<!-- This site is optimized with the Yoast SEO plugin v27.4 - https:\/\/yoast.com\/product\/yoast-seo-wordpress\/ -->\n<title>GAT07 Wormie- The Jazzy Dancer (Le danseur jazzy) - Glassouse Assistive Device<\/title>\n<meta name=\"description\" content=\"Jouet \u00e0 interrupteur GlassOuse adapt\u00e9 aux enfants handicap\u00e9s ou aux enfants ayant des besoins particuliers. Connectez le jouet \u00e0 l&#039;interrupteur et commencez \u00e0 vous amuser avec nos jouets.\" \/>\n<meta name=\"robots\" content=\"index, follow, max-snippet:-1, max-image-preview:large, max-video-preview:-1\" \/>\n<link rel=\"canonical\" href=\"https:\/\/glassouse.com\/fr\/product\/gat07-wormie-the-jazzy-dancer-le-danseur-jazzy\/\" \/>\n<meta property=\"og:locale\" content=\"fr_FR\" \/>\n<meta property=\"og:type\" content=\"article\" \/>\n<meta property=\"og:title\" content=\"GAT07 Wormie- The Jazzy Dancer (Le danseur jazzy) - Glassouse Assistive Device\" \/>\n<meta property=\"og:description\" content=\"Jouet \u00e0 interrupteur GlassOuse adapt\u00e9 aux enfants handicap\u00e9s ou aux enfants ayant des besoins particuliers. Connectez le jouet \u00e0 l&#039;interrupteur et commencez \u00e0 vous amuser avec nos jouets.\" \/>\n<meta property=\"og:url\" content=\"https:\/\/glassouse.com\/fr\/product\/gat07-wormie-the-jazzy-dancer-le-danseur-jazzy\/\" \/>\n<meta property=\"og:site_name\" content=\"Glassouse Assistive Device\" \/>\n<meta property=\"article:publisher\" content=\"https:\/\/www.facebook.com\/glassouse\/\" \/>\n<meta property=\"og:image\" content=\"https:\/\/glassouse.com\/wp-content\/uploads\/2021\/12\/jazzy-dancer-img.png\" \/>\n\t<meta property=\"og:image:width\" content=\"2000\" \/>\n\t<meta property=\"og:image:height\" content=\"2000\" \/>\n\t<meta property=\"og:image:type\" content=\"image\/png\" \/>\n<meta name=\"twitter:card\" content=\"summary_large_image\" \/>\n<meta name=\"twitter:site\" content=\"@glassouse\" \/>\n<script type=\"application\/ld+json\" class=\"yoast-schema-graph\">{\"@context\":\"https:\\\/\\\/schema.org\",\"@graph\":[{\"@type\":\"WebPage\",\"@id\":\"https:\\\/\\\/glassouse.com\\\/fr\\\/product\\\/gat07-wormie-the-jazzy-dancer-le-danseur-jazzy\\\/\",\"url\":\"https:\\\/\\\/glassouse.com\\\/fr\\\/product\\\/gat07-wormie-the-jazzy-dancer-le-danseur-jazzy\\\/\",\"name\":\"GAT07 Wormie- The Jazzy Dancer (Le danseur jazzy) - Glassouse Assistive Device\",\"isPartOf\":{\"@id\":\"https:\\\/\\\/glassouse.com\\\/fr\\\/#website\"},\"primaryImageOfPage\":{\"@id\":\"https:\\\/\\\/glassouse.com\\\/fr\\\/product\\\/gat07-wormie-the-jazzy-dancer-le-danseur-jazzy\\\/#primaryimage\"},\"image\":{\"@id\":\"https:\\\/\\\/glassouse.com\\\/fr\\\/product\\\/gat07-wormie-the-jazzy-dancer-le-danseur-jazzy\\\/#primaryimage\"},\"thumbnailUrl\":\"https:\\\/\\\/glassouse.com\\\/wp-content\\\/uploads\\\/2021\\\/12\\\/jazzy-dancer-img.png\",\"datePublished\":\"2021-12-17T08:54:44+00:00\",\"description\":\"Jouet \u00e0 interrupteur GlassOuse adapt\u00e9 aux enfants handicap\u00e9s ou aux enfants ayant des besoins particuliers. Connectez le jouet \u00e0 l'interrupteur et commencez \u00e0 vous amuser avec nos jouets.\",\"breadcrumb\":{\"@id\":\"https:\\\/\\\/glassouse.com\\\/fr\\\/product\\\/gat07-wormie-the-jazzy-dancer-le-danseur-jazzy\\\/#breadcrumb\"},\"inLanguage\":\"fr-FR\",\"potentialAction\":[{\"@type\":\"ReadAction\",\"target\":[\"https:\\\/\\\/glassouse.com\\\/fr\\\/product\\\/gat07-wormie-the-jazzy-dancer-le-danseur-jazzy\\\/\"]}]},{\"@type\":\"ImageObject\",\"inLanguage\":\"fr-FR\",\"@id\":\"https:\\\/\\\/glassouse.com\\\/fr\\\/product\\\/gat07-wormie-the-jazzy-dancer-le-danseur-jazzy\\\/#primaryimage\",\"url\":\"https:\\\/\\\/glassouse.com\\\/wp-content\\\/uploads\\\/2021\\\/12\\\/jazzy-dancer-img.png\",\"contentUrl\":\"https:\\\/\\\/glassouse.com\\\/wp-content\\\/uploads\\\/2021\\\/12\\\/jazzy-dancer-img.png\",\"width\":2000,\"height\":2000,\"caption\":\"jazzy-dancer-img\"},{\"@type\":\"BreadcrumbList\",\"@id\":\"https:\\\/\\\/glassouse.com\\\/fr\\\/product\\\/gat07-wormie-the-jazzy-dancer-le-danseur-jazzy\\\/#breadcrumb\",\"itemListElement\":[{\"@type\":\"ListItem\",\"position\":1,\"name\":\"Home\",\"item\":\"https:\\\/\\\/glassouse.com\\\/fr\\\/accueil\\\/\"},{\"@type\":\"ListItem\",\"position\":2,\"name\":\"Boutique\",\"item\":\"https:\\\/\\\/glassouse.com\\\/fr\\\/boutique\\\/\"},{\"@type\":\"ListItem\",\"position\":3,\"name\":\"GAT07 Wormie- The Jazzy Dancer (Le danseur jazzy)\"}]},{\"@type\":\"WebSite\",\"@id\":\"https:\\\/\\\/glassouse.com\\\/fr\\\/#website\",\"url\":\"https:\\\/\\\/glassouse.com\\\/fr\\\/\",\"name\":\"Glassouse Assistive Device\",\"description\":\"Assistive Device and Switches for Disabled\",\"publisher\":{\"@id\":\"https:\\\/\\\/glassouse.com\\\/fr\\\/#organization\"},\"potentialAction\":[{\"@type\":\"SearchAction\",\"target\":{\"@type\":\"EntryPoint\",\"urlTemplate\":\"https:\\\/\\\/glassouse.com\\\/fr\\\/?s={search_term_string}\"},\"query-input\":{\"@type\":\"PropertyValueSpecification\",\"valueRequired\":true,\"valueName\":\"search_term_string\"}}],\"inLanguage\":\"fr-FR\"},{\"@type\":\"Organization\",\"@id\":\"https:\\\/\\\/glassouse.com\\\/fr\\\/#organization\",\"name\":\"GlassOuse Assistive Device\",\"url\":\"https:\\\/\\\/glassouse.com\\\/fr\\\/\",\"logo\":{\"@type\":\"ImageObject\",\"inLanguage\":\"fr-FR\",\"@id\":\"https:\\\/\\\/glassouse.com\\\/fr\\\/#\\\/schema\\\/logo\\\/image\\\/\",\"url\":\"https:\\\/\\\/glassouse.com\\\/wp-content\\\/uploads\\\/2017\\\/11\\\/logo.jpg\",\"contentUrl\":\"https:\\\/\\\/glassouse.com\\\/wp-content\\\/uploads\\\/2017\\\/11\\\/logo.jpg\",\"width\":500,\"height\":500,\"caption\":\"GlassOuse Assistive Device\"},\"image\":{\"@id\":\"https:\\\/\\\/glassouse.com\\\/fr\\\/#\\\/schema\\\/logo\\\/image\\\/\"},\"sameAs\":[\"https:\\\/\\\/www.facebook.com\\\/glassouse\\\/\",\"https:\\\/\\\/x.com\\\/glassouse\",\"https:\\\/\\\/www.instagram.com\\\/glassouseassistivedevice\\\/\",\"https:\\\/\\\/www.linkedin.com\\\/company\\\/glassouse\\\/\",\"https:\\\/\\\/www.youtube.com\\\/channel\\\/UCM5pebcmVXbu00QYd91_Gyw\"]}]}<\/script>\n<!-- \/ Yoast SEO plugin. -->","yoast_head_json":{"title":"GAT07 Wormie- The Jazzy Dancer (Le danseur jazzy) - Glassouse Assistive Device","description":"Jouet \u00e0 interrupteur GlassOuse adapt\u00e9 aux enfants handicap\u00e9s ou aux enfants ayant des besoins particuliers. Connectez le jouet \u00e0 l'interrupteur et commencez \u00e0 vous amuser avec nos jouets.","robots":{"index":"index","follow":"follow","max-snippet":"max-snippet:-1","max-image-preview":"max-image-preview:large","max-video-preview":"max-video-preview:-1"},"canonical":"https:\/\/glassouse.com\/fr\/product\/gat07-wormie-the-jazzy-dancer-le-danseur-jazzy\/","og_locale":"fr_FR","og_type":"article","og_title":"GAT07 Wormie- The Jazzy Dancer (Le danseur jazzy) - Glassouse Assistive Device","og_description":"Jouet \u00e0 interrupteur GlassOuse adapt\u00e9 aux enfants handicap\u00e9s ou aux enfants ayant des besoins particuliers. Connectez le jouet \u00e0 l'interrupteur et commencez \u00e0 vous amuser avec nos jouets.","og_url":"https:\/\/glassouse.com\/fr\/product\/gat07-wormie-the-jazzy-dancer-le-danseur-jazzy\/","og_site_name":"Glassouse Assistive Device","article_publisher":"https:\/\/www.facebook.com\/glassouse\/","og_image":[{"width":2000,"height":2000,"url":"https:\/\/glassouse.com\/wp-content\/uploads\/2021\/12\/jazzy-dancer-img.png","type":"image\/png"}],"twitter_card":"summary_large_image","twitter_site":"@glassouse","schema":{"@context":"https:\/\/schema.org","@graph":[{"@type":"WebPage","@id":"https:\/\/glassouse.com\/fr\/product\/gat07-wormie-the-jazzy-dancer-le-danseur-jazzy\/","url":"https:\/\/glassouse.com\/fr\/product\/gat07-wormie-the-jazzy-dancer-le-danseur-jazzy\/","name":"GAT07 Wormie- The Jazzy Dancer (Le danseur jazzy) - Glassouse Assistive Device","isPartOf":{"@id":"https:\/\/glassouse.com\/fr\/#website"},"primaryImageOfPage":{"@id":"https:\/\/glassouse.com\/fr\/product\/gat07-wormie-the-jazzy-dancer-le-danseur-jazzy\/#primaryimage"},"image":{"@id":"https:\/\/glassouse.com\/fr\/product\/gat07-wormie-the-jazzy-dancer-le-danseur-jazzy\/#primaryimage"},"thumbnailUrl":"https:\/\/glassouse.com\/wp-content\/uploads\/2021\/12\/jazzy-dancer-img.png","datePublished":"2021-12-17T08:54:44+00:00","description":"Jouet \u00e0 interrupteur GlassOuse adapt\u00e9 aux enfants handicap\u00e9s ou aux enfants ayant des besoins particuliers. Connectez le jouet \u00e0 l'interrupteur et commencez \u00e0 vous amuser avec nos jouets.","breadcrumb":{"@id":"https:\/\/glassouse.com\/fr\/product\/gat07-wormie-the-jazzy-dancer-le-danseur-jazzy\/#breadcrumb"},"inLanguage":"fr-FR","potentialAction":[{"@type":"ReadAction","target":["https:\/\/glassouse.com\/fr\/product\/gat07-wormie-the-jazzy-dancer-le-danseur-jazzy\/"]}]},{"@type":"ImageObject","inLanguage":"fr-FR","@id":"https:\/\/glassouse.com\/fr\/product\/gat07-wormie-the-jazzy-dancer-le-danseur-jazzy\/#primaryimage","url":"https:\/\/glassouse.com\/wp-content\/uploads\/2021\/12\/jazzy-dancer-img.png","contentUrl":"https:\/\/glassouse.com\/wp-content\/uploads\/2021\/12\/jazzy-dancer-img.png","width":2000,"height":2000,"caption":"jazzy-dancer-img"},{"@type":"BreadcrumbList","@id":"https:\/\/glassouse.com\/fr\/product\/gat07-wormie-the-jazzy-dancer-le-danseur-jazzy\/#breadcrumb","itemListElement":[{"@type":"ListItem","position":1,"name":"Home","item":"https:\/\/glassouse.com\/fr\/accueil\/"},{"@type":"ListItem","position":2,"name":"Boutique","item":"https:\/\/glassouse.com\/fr\/boutique\/"},{"@type":"ListItem","position":3,"name":"GAT07 Wormie- The Jazzy Dancer (Le danseur jazzy)"}]},{"@type":"WebSite","@id":"https:\/\/glassouse.com\/fr\/#website","url":"https:\/\/glassouse.com\/fr\/","name":"Glassouse Assistive Device","description":"Assistive Device and Switches for Disabled","publisher":{"@id":"https:\/\/glassouse.com\/fr\/#organization"},"potentialAction":[{"@type":"SearchAction","target":{"@type":"EntryPoint","urlTemplate":"https:\/\/glassouse.com\/fr\/?s={search_term_string}"},"query-input":{"@type":"PropertyValueSpecification","valueRequired":true,"valueName":"search_term_string"}}],"inLanguage":"fr-FR"},{"@type":"Organization","@id":"https:\/\/glassouse.com\/fr\/#organization","name":"GlassOuse Assistive Device","url":"https:\/\/glassouse.com\/fr\/","logo":{"@type":"ImageObject","inLanguage":"fr-FR","@id":"https:\/\/glassouse.com\/fr\/#\/schema\/logo\/image\/","url":"https:\/\/glassouse.com\/wp-content\/uploads\/2017\/11\/logo.jpg","contentUrl":"https:\/\/glassouse.com\/wp-content\/uploads\/2017\/11\/logo.jpg","width":500,"height":500,"caption":"GlassOuse Assistive Device"},"image":{"@id":"https:\/\/glassouse.com\/fr\/#\/schema\/logo\/image\/"},"sameAs":["https:\/\/www.facebook.com\/glassouse\/","https:\/\/x.com\/glassouse","https:\/\/www.instagram.com\/glassouseassistivedevice\/","https:\/\/www.linkedin.com\/company\/glassouse\/","https:\/\/www.youtube.com\/channel\/UCM5pebcmVXbu00QYd91_Gyw"]}]}},"_links":{"self":[{"href":"https:\/\/glassouse.com\/fr\/wp-json\/wp\/v2\/product\/31075","targetHints":{"allow":["GET"]}}],"collection":[{"href":"https:\/\/glassouse.com\/fr\/wp-json\/wp\/v2\/product"}],"about":[{"href":"https:\/\/glassouse.com\/fr\/wp-json\/wp\/v2\/types\/product"}],"wp:featuredmedia":[{"embeddable":true,"href":"https:\/\/glassouse.com\/fr\/wp-json\/wp\/v2\/media\/31096"}],"wp:attachment":[{"href":"https:\/\/glassouse.com\/fr\/wp-json\/wp\/v2\/media?parent=31075"}],"wp:term":[{"taxonomy":"product_brand","embeddable":true,"href":"https:\/\/glassouse.com\/fr\/wp-json\/wp\/v2\/product_brand?post=31075"},{"taxonomy":"product_cat","embeddable":true,"href":"https:\/\/glassouse.com\/fr\/wp-json\/wp\/v2\/product_cat?post=31075"},{"taxonomy":"product_tag","embeddable":true,"href":"https:\/\/glassouse.com\/fr\/wp-json\/wp\/v2\/product_tag?post=31075"}],"curies":[{"name":"wp","href":"https:\/\/api.w.org\/{rel}","templated":true}]}}