{"id":31185,"date":"2021-12-21T18:39:20","date_gmt":"2021-12-21T10:39:20","guid":{"rendered":"https:\/\/glassouse.com\/product\/gat06-disco-bob-le-chat-dansant\/"},"modified":"2021-12-21T18:39:20","modified_gmt":"2021-12-21T10:39:20","slug":"gat06-disco-bob-le-chat-dansant","status":"publish","type":"product","link":"https:\/\/glassouse.com\/fr\/product\/gat06-disco-bob-le-chat-dansant\/","title":{"rendered":"GAT06 Disco Bob &#8211; Le chat dansant"},"content":{"rendered":"","protected":false},"excerpt":{"rendered":"<h4>Disco Bob &#8211; Le chat dansant &#8211; GAT06<\/h4>\n<p>1x Jouet Jazzy Dancer avec connecteur jack 3,5 mm<br \/>\n1x Manuel de l&rsquo;utilisateur<\/p>\n<p><a href=\"https:\/\/glassouse.com\/fr\/garantie-de-remboursement\/\"><img decoding=\"async\" class=\"alignnone wp-image-1817\" src=\"https:\/\/glassouse.com\/wp-content\/uploads\/2017\/11\/15_Day_Money_Back_47882ccb-f31c-4b58-ab77-9b78929009ef_grande.png\" alt=\"\" width=\"95\" height=\"95\" srcset=\"https:\/\/glassouse.com\/wp-content\/uploads\/2017\/11\/15_Day_Money_Back_47882ccb-f31c-4b58-ab77-9b78929009ef_grande.png 150w, https:\/\/glassouse.com\/wp-content\/uploads\/2017\/11\/15_Day_Money_Back_47882ccb-f31c-4b58-ab77-9b78929009ef_grande-100x100.png 100w, https:\/\/glassouse.com\/wp-content\/uploads\/2017\/11\/15_Day_Money_Back_47882ccb-f31c-4b58-ab77-9b78929009ef_grande-75x75.png 75w\" sizes=\"(max-width: 95px) 100vw, 95px\" \/><\/a>   <img decoding=\"async\" class=\"alignnone wp-image-3424\" src=\"https:\/\/glassouse.com\/wp-content\/uploads\/2020\/08\/A4.png\" alt=\"Garantie GlassOuse\" width=\"95\" height=\"95\" srcset=\"https:\/\/glassouse.com\/wp-content\/uploads\/2020\/08\/A4.png 345w, https:\/\/glassouse.com\/wp-content\/uploads\/2020\/08\/A4-300x299.png 300w, https:\/\/glassouse.com\/wp-content\/uploads\/2020\/08\/A4-100x100.png 100w, https:\/\/glassouse.com\/wp-content\/uploads\/2020\/08\/A4-150x150.png 150w\" sizes=\"(max-width: 95px) 100vw, 95px\" \/><\/p>\n<p><strong>FONCTION : <\/strong>Il joue et danse sur 18 musiques diff\u00e9rentes, toutes contr\u00f4l\u00e9es par un interrupteur connect\u00e9. Il peut imiter la parole humaine lorsque vous appuyez sur le bouton situ\u00e9 sur son pied droit. <\/p>\n<p><strong>SPECIFICATION :<\/strong><br \/>\n<strong>Longueur :<\/strong> 33 cm<br \/>\n<strong>Mati\u00e8re :<\/strong> Peluche super douce<br \/>\n<strong>Rembourrage :<\/strong> Coton 3D PP respectueux de l&rsquo;environnement<br \/>\n<strong>Alimentation :<\/strong> 3x AA Battery<\/p>\n<p><strong>INSTRUCTION :<\/strong><\/p>\n<ol>\n<li>Branchez un interrupteur adaptable de votre choix sur le jouet, \u00e0 l&rsquo;aide d&rsquo;un jack 3,5 mm.<\/li>\n<li>Pour JOUER, appuyez bri\u00e8vement sur l&rsquo;interrupteur et le jouet commencera \u00e0 jouer de la musique et \u00e0 danser.<\/li>\n<li>Pour changer de musique, appuyez \u00e0 nouveau sur l&rsquo;interrupteur.<\/li>\n<li>Pour arr\u00eater, appuyez \u00e0 nouveau sur l&rsquo;interrupteur.<\/li>\n<li>Pour activer le mode mimique, appuyez sur le bouton situ\u00e9 sur le pied droit du jouet et maintenez-le enfonc\u00e9. Rel\u00e2chez le bouton lorsque vous entendez un signal sonore ; le jouet passe en mode mimique. <\/li>\n<li>  Pour arr\u00eater la mimique et revenir au mode musique et danse, appuyez \u00e0 nouveau sur le bouton.<\/li>\n<\/ol>\n<p><strong><em>*Interrupteurs vendus s\u00e9par\u00e9ment<\/em><\/strong><\/p>\n<p>_________________________________________________________________________________________________________<\/p>\n","protected":false},"featured_media":31188,"template":"","meta":{"_acf_changed":false},"product_brand":[],"product_cat":[340],"product_tag":[342,343,344,345],"class_list":{"0":"post-31185","1":"product","2":"type-product","3":"status-publish","4":"has-post-thumbnail","6":"product_cat-jouets-glassouse","7":"product_tag-jouets-adaptes-a-linterrupteur","8":"product_tag-jouets-adaptes","9":"product_tag-jouets-pour-personnes-a-besoins-specifiques","10":"product_tag-jouets-pour-enfants-handicapes","11":"product_shipping_class-jouet","13":"first","14":"instock","15":"shipping-taxable","16":"purchasable","17":"product-type-simple"},"acf":[],"yoast_head":"<!-- This site is optimized with the Yoast SEO plugin v27.4 - https:\/\/yoast.com\/product\/yoast-seo-wordpress\/ -->\n<title>Jouet adapt\u00e9 Switch | GlassOuse Assistive Device<\/title>\n<meta name=\"description\" content=\"Jouet \u00e0 interrupteur adapt\u00e9 pour les enfants handicap\u00e9s ou ayant des besoins particuliers. Connectez un interrupteur adapt\u00e9 et commencez \u00e0 vous amuser avec nos jouets.\" \/>\n<meta name=\"robots\" content=\"index, follow, max-snippet:-1, max-image-preview:large, max-video-preview:-1\" \/>\n<link rel=\"canonical\" href=\"https:\/\/glassouse.com\/fr\/product\/gat06-disco-bob-le-chat-dansant\/\" \/>\n<meta property=\"og:locale\" content=\"fr_FR\" \/>\n<meta property=\"og:type\" content=\"article\" \/>\n<meta property=\"og:title\" content=\"Jouet adapt\u00e9 Switch | GlassOuse Assistive Device\" \/>\n<meta property=\"og:description\" content=\"Jouet \u00e0 interrupteur adapt\u00e9 pour les enfants handicap\u00e9s ou ayant des besoins particuliers. Connectez un interrupteur adapt\u00e9 et commencez \u00e0 vous amuser avec nos jouets.\" \/>\n<meta property=\"og:url\" content=\"https:\/\/glassouse.com\/fr\/product\/gat06-disco-bob-le-chat-dansant\/\" \/>\n<meta property=\"og:site_name\" content=\"Glassouse Assistive Device\" \/>\n<meta property=\"article:publisher\" content=\"https:\/\/www.facebook.com\/glassouse\/\" \/>\n<meta property=\"og:image\" content=\"https:\/\/glassouse.com\/wp-content\/uploads\/2021\/12\/GAT06-Disco-Bob-\u2013-The-Dancing-Cat-3.jpg\" \/>\n\t<meta property=\"og:image:width\" content=\"1000\" \/>\n\t<meta property=\"og:image:height\" content=\"1000\" \/>\n\t<meta property=\"og:image:type\" content=\"image\/jpeg\" \/>\n<meta name=\"twitter:card\" content=\"summary_large_image\" \/>\n<meta name=\"twitter:site\" content=\"@glassouse\" \/>\n<script type=\"application\/ld+json\" class=\"yoast-schema-graph\">{\"@context\":\"https:\\\/\\\/schema.org\",\"@graph\":[{\"@type\":\"WebPage\",\"@id\":\"https:\\\/\\\/glassouse.com\\\/fr\\\/product\\\/gat06-disco-bob-le-chat-dansant\\\/\",\"url\":\"https:\\\/\\\/glassouse.com\\\/fr\\\/product\\\/gat06-disco-bob-le-chat-dansant\\\/\",\"name\":\"Jouet adapt\u00e9 Switch | GlassOuse Assistive Device\",\"isPartOf\":{\"@id\":\"https:\\\/\\\/glassouse.com\\\/fr\\\/#website\"},\"primaryImageOfPage\":{\"@id\":\"https:\\\/\\\/glassouse.com\\\/fr\\\/product\\\/gat06-disco-bob-le-chat-dansant\\\/#primaryimage\"},\"image\":{\"@id\":\"https:\\\/\\\/glassouse.com\\\/fr\\\/product\\\/gat06-disco-bob-le-chat-dansant\\\/#primaryimage\"},\"thumbnailUrl\":\"https:\\\/\\\/glassouse.com\\\/wp-content\\\/uploads\\\/2021\\\/12\\\/GAT06-Disco-Bob-\u2013-The-Dancing-Cat-3.jpg\",\"datePublished\":\"2021-12-21T10:39:20+00:00\",\"description\":\"Jouet \u00e0 interrupteur adapt\u00e9 pour les enfants handicap\u00e9s ou ayant des besoins particuliers. Connectez un interrupteur adapt\u00e9 et commencez \u00e0 vous amuser avec nos jouets.\",\"breadcrumb\":{\"@id\":\"https:\\\/\\\/glassouse.com\\\/fr\\\/product\\\/gat06-disco-bob-le-chat-dansant\\\/#breadcrumb\"},\"inLanguage\":\"fr-FR\",\"potentialAction\":[{\"@type\":\"ReadAction\",\"target\":[\"https:\\\/\\\/glassouse.com\\\/fr\\\/product\\\/gat06-disco-bob-le-chat-dansant\\\/\"]}]},{\"@type\":\"ImageObject\",\"inLanguage\":\"fr-FR\",\"@id\":\"https:\\\/\\\/glassouse.com\\\/fr\\\/product\\\/gat06-disco-bob-le-chat-dansant\\\/#primaryimage\",\"url\":\"https:\\\/\\\/glassouse.com\\\/wp-content\\\/uploads\\\/2021\\\/12\\\/GAT06-Disco-Bob-\u2013-The-Dancing-Cat-3.jpg\",\"contentUrl\":\"https:\\\/\\\/glassouse.com\\\/wp-content\\\/uploads\\\/2021\\\/12\\\/GAT06-Disco-Bob-\u2013-The-Dancing-Cat-3.jpg\",\"width\":1000,\"height\":1000,\"caption\":\"GAT06 Disco Bob - The Dancing Cat, GlassOuse jouets adapt\u00e9s \u00e0 l'interrupteur pour enfant \u00e0 besoins sp\u00e9cifiques\"},{\"@type\":\"BreadcrumbList\",\"@id\":\"https:\\\/\\\/glassouse.com\\\/fr\\\/product\\\/gat06-disco-bob-le-chat-dansant\\\/#breadcrumb\",\"itemListElement\":[{\"@type\":\"ListItem\",\"position\":1,\"name\":\"Home\",\"item\":\"https:\\\/\\\/glassouse.com\\\/fr\\\/accueil\\\/\"},{\"@type\":\"ListItem\",\"position\":2,\"name\":\"Boutique\",\"item\":\"https:\\\/\\\/glassouse.com\\\/fr\\\/boutique\\\/\"},{\"@type\":\"ListItem\",\"position\":3,\"name\":\"GAT06 Disco Bob &#8211; Le chat dansant\"}]},{\"@type\":\"WebSite\",\"@id\":\"https:\\\/\\\/glassouse.com\\\/fr\\\/#website\",\"url\":\"https:\\\/\\\/glassouse.com\\\/fr\\\/\",\"name\":\"Glassouse Assistive Device\",\"description\":\"Assistive Device and Switches for Disabled\",\"publisher\":{\"@id\":\"https:\\\/\\\/glassouse.com\\\/fr\\\/#organization\"},\"potentialAction\":[{\"@type\":\"SearchAction\",\"target\":{\"@type\":\"EntryPoint\",\"urlTemplate\":\"https:\\\/\\\/glassouse.com\\\/fr\\\/?s={search_term_string}\"},\"query-input\":{\"@type\":\"PropertyValueSpecification\",\"valueRequired\":true,\"valueName\":\"search_term_string\"}}],\"inLanguage\":\"fr-FR\"},{\"@type\":\"Organization\",\"@id\":\"https:\\\/\\\/glassouse.com\\\/fr\\\/#organization\",\"name\":\"GlassOuse Assistive Device\",\"url\":\"https:\\\/\\\/glassouse.com\\\/fr\\\/\",\"logo\":{\"@type\":\"ImageObject\",\"inLanguage\":\"fr-FR\",\"@id\":\"https:\\\/\\\/glassouse.com\\\/fr\\\/#\\\/schema\\\/logo\\\/image\\\/\",\"url\":\"https:\\\/\\\/glassouse.com\\\/wp-content\\\/uploads\\\/2017\\\/11\\\/logo.jpg\",\"contentUrl\":\"https:\\\/\\\/glassouse.com\\\/wp-content\\\/uploads\\\/2017\\\/11\\\/logo.jpg\",\"width\":500,\"height\":500,\"caption\":\"GlassOuse Assistive Device\"},\"image\":{\"@id\":\"https:\\\/\\\/glassouse.com\\\/fr\\\/#\\\/schema\\\/logo\\\/image\\\/\"},\"sameAs\":[\"https:\\\/\\\/www.facebook.com\\\/glassouse\\\/\",\"https:\\\/\\\/x.com\\\/glassouse\",\"https:\\\/\\\/www.instagram.com\\\/glassouseassistivedevice\\\/\",\"https:\\\/\\\/www.linkedin.com\\\/company\\\/glassouse\\\/\",\"https:\\\/\\\/www.youtube.com\\\/channel\\\/UCM5pebcmVXbu00QYd91_Gyw\"]}]}<\/script>\n<!-- \/ Yoast SEO plugin. -->","yoast_head_json":{"title":"Jouet adapt\u00e9 Switch | GlassOuse Assistive Device","description":"Jouet \u00e0 interrupteur adapt\u00e9 pour les enfants handicap\u00e9s ou ayant des besoins particuliers. Connectez un interrupteur adapt\u00e9 et commencez \u00e0 vous amuser avec nos jouets.","robots":{"index":"index","follow":"follow","max-snippet":"max-snippet:-1","max-image-preview":"max-image-preview:large","max-video-preview":"max-video-preview:-1"},"canonical":"https:\/\/glassouse.com\/fr\/product\/gat06-disco-bob-le-chat-dansant\/","og_locale":"fr_FR","og_type":"article","og_title":"Jouet adapt\u00e9 Switch | GlassOuse Assistive Device","og_description":"Jouet \u00e0 interrupteur adapt\u00e9 pour les enfants handicap\u00e9s ou ayant des besoins particuliers. Connectez un interrupteur adapt\u00e9 et commencez \u00e0 vous amuser avec nos jouets.","og_url":"https:\/\/glassouse.com\/fr\/product\/gat06-disco-bob-le-chat-dansant\/","og_site_name":"Glassouse Assistive Device","article_publisher":"https:\/\/www.facebook.com\/glassouse\/","og_image":[{"width":1000,"height":1000,"url":"https:\/\/glassouse.com\/wp-content\/uploads\/2021\/12\/GAT06-Disco-Bob-\u2013-The-Dancing-Cat-3.jpg","type":"image\/jpeg"}],"twitter_card":"summary_large_image","twitter_site":"@glassouse","schema":{"@context":"https:\/\/schema.org","@graph":[{"@type":"WebPage","@id":"https:\/\/glassouse.com\/fr\/product\/gat06-disco-bob-le-chat-dansant\/","url":"https:\/\/glassouse.com\/fr\/product\/gat06-disco-bob-le-chat-dansant\/","name":"Jouet adapt\u00e9 Switch | GlassOuse Assistive Device","isPartOf":{"@id":"https:\/\/glassouse.com\/fr\/#website"},"primaryImageOfPage":{"@id":"https:\/\/glassouse.com\/fr\/product\/gat06-disco-bob-le-chat-dansant\/#primaryimage"},"image":{"@id":"https:\/\/glassouse.com\/fr\/product\/gat06-disco-bob-le-chat-dansant\/#primaryimage"},"thumbnailUrl":"https:\/\/glassouse.com\/wp-content\/uploads\/2021\/12\/GAT06-Disco-Bob-\u2013-The-Dancing-Cat-3.jpg","datePublished":"2021-12-21T10:39:20+00:00","description":"Jouet \u00e0 interrupteur adapt\u00e9 pour les enfants handicap\u00e9s ou ayant des besoins particuliers. Connectez un interrupteur adapt\u00e9 et commencez \u00e0 vous amuser avec nos jouets.","breadcrumb":{"@id":"https:\/\/glassouse.com\/fr\/product\/gat06-disco-bob-le-chat-dansant\/#breadcrumb"},"inLanguage":"fr-FR","potentialAction":[{"@type":"ReadAction","target":["https:\/\/glassouse.com\/fr\/product\/gat06-disco-bob-le-chat-dansant\/"]}]},{"@type":"ImageObject","inLanguage":"fr-FR","@id":"https:\/\/glassouse.com\/fr\/product\/gat06-disco-bob-le-chat-dansant\/#primaryimage","url":"https:\/\/glassouse.com\/wp-content\/uploads\/2021\/12\/GAT06-Disco-Bob-\u2013-The-Dancing-Cat-3.jpg","contentUrl":"https:\/\/glassouse.com\/wp-content\/uploads\/2021\/12\/GAT06-Disco-Bob-\u2013-The-Dancing-Cat-3.jpg","width":1000,"height":1000,"caption":"GAT06 Disco Bob - The Dancing Cat, GlassOuse jouets adapt\u00e9s \u00e0 l'interrupteur pour enfant \u00e0 besoins sp\u00e9cifiques"},{"@type":"BreadcrumbList","@id":"https:\/\/glassouse.com\/fr\/product\/gat06-disco-bob-le-chat-dansant\/#breadcrumb","itemListElement":[{"@type":"ListItem","position":1,"name":"Home","item":"https:\/\/glassouse.com\/fr\/accueil\/"},{"@type":"ListItem","position":2,"name":"Boutique","item":"https:\/\/glassouse.com\/fr\/boutique\/"},{"@type":"ListItem","position":3,"name":"GAT06 Disco Bob &#8211; Le chat dansant"}]},{"@type":"WebSite","@id":"https:\/\/glassouse.com\/fr\/#website","url":"https:\/\/glassouse.com\/fr\/","name":"Glassouse Assistive Device","description":"Assistive Device and Switches for Disabled","publisher":{"@id":"https:\/\/glassouse.com\/fr\/#organization"},"potentialAction":[{"@type":"SearchAction","target":{"@type":"EntryPoint","urlTemplate":"https:\/\/glassouse.com\/fr\/?s={search_term_string}"},"query-input":{"@type":"PropertyValueSpecification","valueRequired":true,"valueName":"search_term_string"}}],"inLanguage":"fr-FR"},{"@type":"Organization","@id":"https:\/\/glassouse.com\/fr\/#organization","name":"GlassOuse Assistive Device","url":"https:\/\/glassouse.com\/fr\/","logo":{"@type":"ImageObject","inLanguage":"fr-FR","@id":"https:\/\/glassouse.com\/fr\/#\/schema\/logo\/image\/","url":"https:\/\/glassouse.com\/wp-content\/uploads\/2017\/11\/logo.jpg","contentUrl":"https:\/\/glassouse.com\/wp-content\/uploads\/2017\/11\/logo.jpg","width":500,"height":500,"caption":"GlassOuse Assistive Device"},"image":{"@id":"https:\/\/glassouse.com\/fr\/#\/schema\/logo\/image\/"},"sameAs":["https:\/\/www.facebook.com\/glassouse\/","https:\/\/x.com\/glassouse","https:\/\/www.instagram.com\/glassouseassistivedevice\/","https:\/\/www.linkedin.com\/company\/glassouse\/","https:\/\/www.youtube.com\/channel\/UCM5pebcmVXbu00QYd91_Gyw"]}]}},"_links":{"self":[{"href":"https:\/\/glassouse.com\/fr\/wp-json\/wp\/v2\/product\/31185","targetHints":{"allow":["GET"]}}],"collection":[{"href":"https:\/\/glassouse.com\/fr\/wp-json\/wp\/v2\/product"}],"about":[{"href":"https:\/\/glassouse.com\/fr\/wp-json\/wp\/v2\/types\/product"}],"wp:featuredmedia":[{"embeddable":true,"href":"https:\/\/glassouse.com\/fr\/wp-json\/wp\/v2\/media\/31188"}],"wp:attachment":[{"href":"https:\/\/glassouse.com\/fr\/wp-json\/wp\/v2\/media?parent=31185"}],"wp:term":[{"taxonomy":"product_brand","embeddable":true,"href":"https:\/\/glassouse.com\/fr\/wp-json\/wp\/v2\/product_brand?post=31185"},{"taxonomy":"product_cat","embeddable":true,"href":"https:\/\/glassouse.com\/fr\/wp-json\/wp\/v2\/product_cat?post=31185"},{"taxonomy":"product_tag","embeddable":true,"href":"https:\/\/glassouse.com\/fr\/wp-json\/wp\/v2\/product_tag?post=31185"}],"curies":[{"name":"wp","href":"https:\/\/api.w.org\/{rel}","templated":true}]}}