{"id":32067,"date":"2022-06-29T21:01:09","date_gmt":"2022-06-29T13:01:09","guid":{"rendered":"https:\/\/glassouse.com\/product\/gw05-g-strap-small\/"},"modified":"2022-06-29T21:01:09","modified_gmt":"2022-06-29T13:01:09","slug":"gw05-g-strap-small","status":"publish","type":"product","link":"https:\/\/glassouse.com\/fr\/product\/gw05-g-strap-small\/","title":{"rendered":"GW05 G-Strap Small"},"content":{"rendered":"<h3><strong>Aper\u00e7u du produit<\/strong><\/h3>\n<p>Une bande \u00e9paisse et extensible faite d&rsquo;un \u00e9lastique doux et agr\u00e9able au toucher. Accrochez GlassOuse \u00e0 son fermoir, et c&rsquo;est parti. C&rsquo;est une bonne solution si vous souhaitez utiliser GlassOuse attach\u00e9 \u00e0 vos bras, vos mains ou m\u00eame vos jambes.  <\/p>\n<p>Si vous choisissez d&rsquo;utiliser GlassOuse depuis votre lit, cela vous aidera \u00e0 la maintenir solide et attach\u00e9e \u00e0 votre corps. Sa longueur est r\u00e9glable. <\/p>\n<h3><strong>Comment l&rsquo;utiliser<\/strong><\/h3>\n<ol>\n<li>Montez la GlassOuse sur le G-Strap en la faisant glisser dans le fermoir jusqu&rsquo;\u00e0 ce qu&rsquo;elle soit ferme et stable.<\/li>\n<li>Portez le G-Strap sur votre t\u00eate, votre bras, votre jambe ou toute autre partie de votre corps \u00e0 partir de laquelle vous souhaitez contr\u00f4ler GlassOuse. Vous pouvez augmenter sa longueur ou la r\u00e9duire en cons\u00e9quence. <\/li>\n<li>Pour retirer GlassOuse, poussez le loquet de retrait sur le fermoir et tirez GlassOuse.<\/li>\n<\/ol>\n","protected":false},"excerpt":{"rendered":"<p>Aper\u00e7u du produit Une bande \u00e9paisse et extensible faite d&rsquo;un \u00e9lastique doux et agr\u00e9able au toucher. Accrochez GlassOuse \u00e0 son [&hellip;]<\/p>\n","protected":false},"featured_media":32029,"template":"","meta":{"_acf_changed":false},"product_brand":[],"product_cat":[245],"product_tag":[],"class_list":{"0":"post-32067","1":"product","2":"type-product","3":"status-publish","4":"has-post-thumbnail","6":"product_cat-glassouse-g-wear","8":"first","9":"instock","10":"shipping-taxable","11":"purchasable","12":"product-type-simple"},"acf":[],"yoast_head":"<!-- This site is optimized with the Yoast SEO plugin v27.4 - https:\/\/yoast.com\/product\/yoast-seo-wordpress\/ -->\n<title>GW05 G-Strap Small - Glassouse Assistive Device<\/title>\n<meta name=\"robots\" content=\"index, follow, max-snippet:-1, max-image-preview:large, max-video-preview:-1\" \/>\n<link rel=\"canonical\" href=\"https:\/\/glassouse.com\/fr\/product\/gw05-g-strap-small\/\" \/>\n<meta property=\"og:locale\" content=\"fr_FR\" \/>\n<meta property=\"og:type\" content=\"article\" \/>\n<meta property=\"og:title\" content=\"GW05 G-Strap Small - Glassouse Assistive Device\" \/>\n<meta property=\"og:description\" content=\"Aper\u00e7u du produit Une bande \u00e9paisse et extensible faite d&rsquo;un \u00e9lastique doux et agr\u00e9able au toucher. Accrochez GlassOuse \u00e0 son [&hellip;]\" \/>\n<meta property=\"og:url\" content=\"https:\/\/glassouse.com\/fr\/product\/gw05-g-strap-small\/\" \/>\n<meta property=\"og:site_name\" content=\"Glassouse Assistive Device\" \/>\n<meta property=\"article:publisher\" content=\"https:\/\/www.facebook.com\/glassouse\/\" \/>\n<meta property=\"og:image\" content=\"https:\/\/glassouse.com\/wp-content\/uploads\/2022\/06\/GW06-G-Strap-Small-2.jpg\" \/>\n\t<meta property=\"og:image:width\" content=\"1000\" \/>\n\t<meta property=\"og:image:height\" content=\"1000\" \/>\n\t<meta property=\"og:image:type\" content=\"image\/jpeg\" \/>\n<meta name=\"twitter:card\" content=\"summary_large_image\" \/>\n<meta name=\"twitter:site\" content=\"@glassouse\" \/>\n<meta name=\"twitter:label1\" content=\"Dur\u00e9e de lecture estim\u00e9e\" \/>\n\t<meta name=\"twitter:data1\" content=\"1 minute\" \/>\n<script type=\"application\/ld+json\" class=\"yoast-schema-graph\">{\"@context\":\"https:\\\/\\\/schema.org\",\"@graph\":[{\"@type\":\"WebPage\",\"@id\":\"https:\\\/\\\/glassouse.com\\\/fr\\\/product\\\/gw05-g-strap-small\\\/\",\"url\":\"https:\\\/\\\/glassouse.com\\\/fr\\\/product\\\/gw05-g-strap-small\\\/\",\"name\":\"GW05 G-Strap Small - Glassouse Assistive Device\",\"isPartOf\":{\"@id\":\"https:\\\/\\\/glassouse.com\\\/fr\\\/#website\"},\"primaryImageOfPage\":{\"@id\":\"https:\\\/\\\/glassouse.com\\\/fr\\\/product\\\/gw05-g-strap-small\\\/#primaryimage\"},\"image\":{\"@id\":\"https:\\\/\\\/glassouse.com\\\/fr\\\/product\\\/gw05-g-strap-small\\\/#primaryimage\"},\"thumbnailUrl\":\"https:\\\/\\\/glassouse.com\\\/wp-content\\\/uploads\\\/2022\\\/06\\\/GW06-G-Strap-Small-2.jpg\",\"datePublished\":\"2022-06-29T13:01:09+00:00\",\"breadcrumb\":{\"@id\":\"https:\\\/\\\/glassouse.com\\\/fr\\\/product\\\/gw05-g-strap-small\\\/#breadcrumb\"},\"inLanguage\":\"fr-FR\",\"potentialAction\":[{\"@type\":\"ReadAction\",\"target\":[\"https:\\\/\\\/glassouse.com\\\/fr\\\/product\\\/gw05-g-strap-small\\\/\"]}]},{\"@type\":\"ImageObject\",\"inLanguage\":\"fr-FR\",\"@id\":\"https:\\\/\\\/glassouse.com\\\/fr\\\/product\\\/gw05-g-strap-small\\\/#primaryimage\",\"url\":\"https:\\\/\\\/glassouse.com\\\/wp-content\\\/uploads\\\/2022\\\/06\\\/GW06-G-Strap-Small-2.jpg\",\"contentUrl\":\"https:\\\/\\\/glassouse.com\\\/wp-content\\\/uploads\\\/2022\\\/06\\\/GW06-G-Strap-Small-2.jpg\",\"width\":1000,\"height\":1000,\"caption\":\"G-Strap-Small\"},{\"@type\":\"BreadcrumbList\",\"@id\":\"https:\\\/\\\/glassouse.com\\\/fr\\\/product\\\/gw05-g-strap-small\\\/#breadcrumb\",\"itemListElement\":[{\"@type\":\"ListItem\",\"position\":1,\"name\":\"Home\",\"item\":\"https:\\\/\\\/glassouse.com\\\/fr\\\/accueil\\\/\"},{\"@type\":\"ListItem\",\"position\":2,\"name\":\"Boutique\",\"item\":\"https:\\\/\\\/glassouse.com\\\/fr\\\/boutique\\\/\"},{\"@type\":\"ListItem\",\"position\":3,\"name\":\"GW05 G-Strap Small\"}]},{\"@type\":\"WebSite\",\"@id\":\"https:\\\/\\\/glassouse.com\\\/fr\\\/#website\",\"url\":\"https:\\\/\\\/glassouse.com\\\/fr\\\/\",\"name\":\"Glassouse Assistive Device\",\"description\":\"Assistive Device and Switches for Disabled\",\"publisher\":{\"@id\":\"https:\\\/\\\/glassouse.com\\\/fr\\\/#organization\"},\"potentialAction\":[{\"@type\":\"SearchAction\",\"target\":{\"@type\":\"EntryPoint\",\"urlTemplate\":\"https:\\\/\\\/glassouse.com\\\/fr\\\/?s={search_term_string}\"},\"query-input\":{\"@type\":\"PropertyValueSpecification\",\"valueRequired\":true,\"valueName\":\"search_term_string\"}}],\"inLanguage\":\"fr-FR\"},{\"@type\":\"Organization\",\"@id\":\"https:\\\/\\\/glassouse.com\\\/fr\\\/#organization\",\"name\":\"GlassOuse Assistive Device\",\"url\":\"https:\\\/\\\/glassouse.com\\\/fr\\\/\",\"logo\":{\"@type\":\"ImageObject\",\"inLanguage\":\"fr-FR\",\"@id\":\"https:\\\/\\\/glassouse.com\\\/fr\\\/#\\\/schema\\\/logo\\\/image\\\/\",\"url\":\"https:\\\/\\\/glassouse.com\\\/wp-content\\\/uploads\\\/2017\\\/11\\\/logo.jpg\",\"contentUrl\":\"https:\\\/\\\/glassouse.com\\\/wp-content\\\/uploads\\\/2017\\\/11\\\/logo.jpg\",\"width\":500,\"height\":500,\"caption\":\"GlassOuse Assistive Device\"},\"image\":{\"@id\":\"https:\\\/\\\/glassouse.com\\\/fr\\\/#\\\/schema\\\/logo\\\/image\\\/\"},\"sameAs\":[\"https:\\\/\\\/www.facebook.com\\\/glassouse\\\/\",\"https:\\\/\\\/x.com\\\/glassouse\",\"https:\\\/\\\/www.instagram.com\\\/glassouseassistivedevice\\\/\",\"https:\\\/\\\/www.linkedin.com\\\/company\\\/glassouse\\\/\",\"https:\\\/\\\/www.youtube.com\\\/channel\\\/UCM5pebcmVXbu00QYd91_Gyw\"]}]}<\/script>\n<!-- \/ Yoast SEO plugin. -->","yoast_head_json":{"title":"GW05 G-Strap Small - Glassouse Assistive Device","robots":{"index":"index","follow":"follow","max-snippet":"max-snippet:-1","max-image-preview":"max-image-preview:large","max-video-preview":"max-video-preview:-1"},"canonical":"https:\/\/glassouse.com\/fr\/product\/gw05-g-strap-small\/","og_locale":"fr_FR","og_type":"article","og_title":"GW05 G-Strap Small - Glassouse Assistive Device","og_description":"Aper\u00e7u du produit Une bande \u00e9paisse et extensible faite d&rsquo;un \u00e9lastique doux et agr\u00e9able au toucher. Accrochez GlassOuse \u00e0 son [&hellip;]","og_url":"https:\/\/glassouse.com\/fr\/product\/gw05-g-strap-small\/","og_site_name":"Glassouse Assistive Device","article_publisher":"https:\/\/www.facebook.com\/glassouse\/","og_image":[{"width":1000,"height":1000,"url":"https:\/\/glassouse.com\/wp-content\/uploads\/2022\/06\/GW06-G-Strap-Small-2.jpg","type":"image\/jpeg"}],"twitter_card":"summary_large_image","twitter_site":"@glassouse","twitter_misc":{"Dur\u00e9e de lecture estim\u00e9e":"1 minute"},"schema":{"@context":"https:\/\/schema.org","@graph":[{"@type":"WebPage","@id":"https:\/\/glassouse.com\/fr\/product\/gw05-g-strap-small\/","url":"https:\/\/glassouse.com\/fr\/product\/gw05-g-strap-small\/","name":"GW05 G-Strap Small - Glassouse Assistive Device","isPartOf":{"@id":"https:\/\/glassouse.com\/fr\/#website"},"primaryImageOfPage":{"@id":"https:\/\/glassouse.com\/fr\/product\/gw05-g-strap-small\/#primaryimage"},"image":{"@id":"https:\/\/glassouse.com\/fr\/product\/gw05-g-strap-small\/#primaryimage"},"thumbnailUrl":"https:\/\/glassouse.com\/wp-content\/uploads\/2022\/06\/GW06-G-Strap-Small-2.jpg","datePublished":"2022-06-29T13:01:09+00:00","breadcrumb":{"@id":"https:\/\/glassouse.com\/fr\/product\/gw05-g-strap-small\/#breadcrumb"},"inLanguage":"fr-FR","potentialAction":[{"@type":"ReadAction","target":["https:\/\/glassouse.com\/fr\/product\/gw05-g-strap-small\/"]}]},{"@type":"ImageObject","inLanguage":"fr-FR","@id":"https:\/\/glassouse.com\/fr\/product\/gw05-g-strap-small\/#primaryimage","url":"https:\/\/glassouse.com\/wp-content\/uploads\/2022\/06\/GW06-G-Strap-Small-2.jpg","contentUrl":"https:\/\/glassouse.com\/wp-content\/uploads\/2022\/06\/GW06-G-Strap-Small-2.jpg","width":1000,"height":1000,"caption":"G-Strap-Small"},{"@type":"BreadcrumbList","@id":"https:\/\/glassouse.com\/fr\/product\/gw05-g-strap-small\/#breadcrumb","itemListElement":[{"@type":"ListItem","position":1,"name":"Home","item":"https:\/\/glassouse.com\/fr\/accueil\/"},{"@type":"ListItem","position":2,"name":"Boutique","item":"https:\/\/glassouse.com\/fr\/boutique\/"},{"@type":"ListItem","position":3,"name":"GW05 G-Strap Small"}]},{"@type":"WebSite","@id":"https:\/\/glassouse.com\/fr\/#website","url":"https:\/\/glassouse.com\/fr\/","name":"Glassouse Assistive Device","description":"Assistive Device and Switches for Disabled","publisher":{"@id":"https:\/\/glassouse.com\/fr\/#organization"},"potentialAction":[{"@type":"SearchAction","target":{"@type":"EntryPoint","urlTemplate":"https:\/\/glassouse.com\/fr\/?s={search_term_string}"},"query-input":{"@type":"PropertyValueSpecification","valueRequired":true,"valueName":"search_term_string"}}],"inLanguage":"fr-FR"},{"@type":"Organization","@id":"https:\/\/glassouse.com\/fr\/#organization","name":"GlassOuse Assistive Device","url":"https:\/\/glassouse.com\/fr\/","logo":{"@type":"ImageObject","inLanguage":"fr-FR","@id":"https:\/\/glassouse.com\/fr\/#\/schema\/logo\/image\/","url":"https:\/\/glassouse.com\/wp-content\/uploads\/2017\/11\/logo.jpg","contentUrl":"https:\/\/glassouse.com\/wp-content\/uploads\/2017\/11\/logo.jpg","width":500,"height":500,"caption":"GlassOuse Assistive Device"},"image":{"@id":"https:\/\/glassouse.com\/fr\/#\/schema\/logo\/image\/"},"sameAs":["https:\/\/www.facebook.com\/glassouse\/","https:\/\/x.com\/glassouse","https:\/\/www.instagram.com\/glassouseassistivedevice\/","https:\/\/www.linkedin.com\/company\/glassouse\/","https:\/\/www.youtube.com\/channel\/UCM5pebcmVXbu00QYd91_Gyw"]}]}},"_links":{"self":[{"href":"https:\/\/glassouse.com\/fr\/wp-json\/wp\/v2\/product\/32067","targetHints":{"allow":["GET"]}}],"collection":[{"href":"https:\/\/glassouse.com\/fr\/wp-json\/wp\/v2\/product"}],"about":[{"href":"https:\/\/glassouse.com\/fr\/wp-json\/wp\/v2\/types\/product"}],"wp:featuredmedia":[{"embeddable":true,"href":"https:\/\/glassouse.com\/fr\/wp-json\/wp\/v2\/media\/32029"}],"wp:attachment":[{"href":"https:\/\/glassouse.com\/fr\/wp-json\/wp\/v2\/media?parent=32067"}],"wp:term":[{"taxonomy":"product_brand","embeddable":true,"href":"https:\/\/glassouse.com\/fr\/wp-json\/wp\/v2\/product_brand?post=32067"},{"taxonomy":"product_cat","embeddable":true,"href":"https:\/\/glassouse.com\/fr\/wp-json\/wp\/v2\/product_cat?post=32067"},{"taxonomy":"product_tag","embeddable":true,"href":"https:\/\/glassouse.com\/fr\/wp-json\/wp\/v2\/product_tag?post=32067"}],"curies":[{"name":"wp","href":"https:\/\/api.w.org\/{rel}","templated":true}]}}