{"id":32494,"date":"2022-08-25T06:35:36","date_gmt":"2022-08-24T22:35:36","guid":{"rendered":"https:\/\/glassouse.com\/product\/glassouse-pro-link-bundle\/"},"modified":"2022-08-25T06:35:36","modified_gmt":"2022-08-24T22:35:36","slug":"glassouse-pro-link-bundle","status":"publish","type":"product","link":"https:\/\/glassouse.com\/fr\/product\/glassouse-pro-link-bundle\/","title":{"rendered":"GlassOuse PRO + Link Bundle"},"content":{"rendered":"","protected":false},"excerpt":{"rendered":"<p><strong>1x<\/strong> GlassOuse PRO<br \/>\n<strong>1x<\/strong> GlassOuse Link<\/p>\n<p><strong>1x <\/strong>G-Speech<\/p>\n<p><strong>17x<\/strong> G-Switches : GS01 Interrupteur de morsure, GS02 Interrupteur de souffle, GS03 Interrupteur de doigt, GS04 Interrupteur de pied, GS05 Interrupteur de pression 100gr (+MINI), GS06 Interrupteur de pression 150gr (+MINI), GS07 Interrupteur d&rsquo;oreiller (+MINI), GS08 Interrupteur tactile (+MINI), GS09 Interrupteur de proximit\u00e9 (+MINI), GS11 Interrupteur de joue, GS12 Interrupteur de clignement des yeux, GS13 Interrupteur de muscle.<\/p>\n<p><strong>7x<\/strong> G-Wear : GW01 G-Framewear, GW02 G-Headband, GW03 G-Cap, GW04 G-Beanie Hat, GW05 G-Strap (S), GW06 G-Strap(B). GW07 Couvre-lunettes en silicone <\/p>\n<p><strong>4x<\/strong> Accessoires : AC01 Couvercle de commutateur en silicone, AC02 C\u00e2ble d&rsquo;extension de 3,5 mm, AC04 Couvercle de commutateur en oreiller, AC06 R\u00e9partiteur en Y pour jack de 3,5 mm.<\/p>\n<p><strong>1x<\/strong> GM01 G-Mount pour t\u00e9l\u00e9phones et tablettes<\/p>\n<p>*Tous les accessoires sont inclus<\/p>\n<p><a href=\"https:\/\/glassouse.com\/fr\/garantie-de-remboursement\/\"><img decoding=\"async\" class=\"alignnone wp-image-1817\" src=\"https:\/\/glassouse.com\/wp-content\/uploads\/2017\/11\/15_Day_Money_Back_47882ccb-f31c-4b58-ab77-9b78929009ef_grande.png\" alt=\"\" width=\"120\" height=\"120\" srcset=\"https:\/\/glassouse.com\/wp-content\/uploads\/2017\/11\/15_Day_Money_Back_47882ccb-f31c-4b58-ab77-9b78929009ef_grande.png 150w, https:\/\/glassouse.com\/wp-content\/uploads\/2017\/11\/15_Day_Money_Back_47882ccb-f31c-4b58-ab77-9b78929009ef_grande-100x100.png 100w, https:\/\/glassouse.com\/wp-content\/uploads\/2017\/11\/15_Day_Money_Back_47882ccb-f31c-4b58-ab77-9b78929009ef_grande-75x75.png 75w\" sizes=\"(max-width: 120px) 100vw, 120px\" \/><\/a> <img decoding=\"async\" class=\"alignnone wp-image-3424\" src=\"https:\/\/glassouse.com\/wp-content\/uploads\/2020\/08\/A4.png\" alt=\"Garantie GlassOuse\" width=\"120\" height=\"120\" srcset=\"https:\/\/glassouse.com\/wp-content\/uploads\/2020\/08\/A4.png 345w, https:\/\/glassouse.com\/wp-content\/uploads\/2020\/08\/A4-300x299.png 300w, https:\/\/glassouse.com\/wp-content\/uploads\/2020\/08\/A4-100x100.png 100w, https:\/\/glassouse.com\/wp-content\/uploads\/2020\/08\/A4-150x150.png 150w\" sizes=\"(max-width: 120px) 100vw, 120px\" \/><\/p>\n<p><strong>Commandez tout, \u00e9conomisez !<\/strong>  Ensemble complet de GlassOuse PRO + Link, G-Switch Series, G-Speech, G-Wear et G-Mount avec tous les accessoires. Il est id\u00e9al pour les \u00e9coles, les centres de r\u00e9\u00e9ducation et les h\u00f4pitaux pour ajouter tous les \u00e9l\u00e9ments de la biblioth\u00e8que. Chaque article est livr\u00e9 avec sa bo\u00eete, ses accessoires et ses manuels d&rsquo;utilisation.  <\/p>\n","protected":false},"featured_media":32502,"template":"","meta":{"_acf_changed":false},"product_brand":[],"product_cat":[290],"product_tag":[409,410,411],"class_list":{"0":"post-32494","1":"product","2":"type-product","3":"status-publish","4":"has-post-thumbnail","6":"product_cat-offre-groupee-glassouse","7":"product_tag-pro","8":"product_tag-lien","9":"product_tag-loffre-groupee","10":"product_shipping_class-maison-de-verre","12":"first","13":"instock","14":"sale","15":"shipping-taxable","16":"purchasable","17":"product-type-simple"},"acf":[],"yoast_head":"<!-- This site is optimized with the Yoast SEO plugin v27.4 - https:\/\/yoast.com\/product\/yoast-seo-wordpress\/ -->\n<title>GlassOuse PRO + Link Bundle avec tous les interrupteurs et accessoires<\/title>\n<meta name=\"description\" content=\"Acheter GlassOuse PRO + Link Assistive Bundle - Une solution d&#039;assistance parfaite. Pour les \u00e9coles, les h\u00f4pitaux, les centres de r\u00e9\u00e9ducation et les organisations.\" \/>\n<meta name=\"robots\" content=\"index, follow, max-snippet:-1, max-image-preview:large, max-video-preview:-1\" \/>\n<link rel=\"canonical\" href=\"https:\/\/glassouse.com\/fr\/product\/glassouse-pro-link-bundle\/\" \/>\n<meta property=\"og:locale\" content=\"fr_FR\" \/>\n<meta property=\"og:type\" content=\"article\" \/>\n<meta property=\"og:title\" content=\"GlassOuse PRO + Link Bundle avec tous les interrupteurs et accessoires\" \/>\n<meta property=\"og:description\" content=\"Acheter GlassOuse PRO + Link Assistive Bundle - Une solution d&#039;assistance parfaite. Pour les \u00e9coles, les h\u00f4pitaux, les centres de r\u00e9\u00e9ducation et les organisations.\" \/>\n<meta property=\"og:url\" content=\"https:\/\/glassouse.com\/fr\/product\/glassouse-pro-link-bundle\/\" \/>\n<meta property=\"og:site_name\" content=\"Glassouse Assistive Device\" \/>\n<meta property=\"article:publisher\" content=\"https:\/\/www.facebook.com\/glassouse\/\" \/>\n<meta property=\"og:image\" content=\"https:\/\/glassouse.com\/wp-content\/uploads\/2022\/08\/GlassOuse_PROLink_Bundle.jpg\" \/>\n\t<meta property=\"og:image:width\" content=\"2560\" \/>\n\t<meta property=\"og:image:height\" content=\"2560\" \/>\n\t<meta property=\"og:image:type\" content=\"image\/jpeg\" \/>\n<meta name=\"twitter:card\" content=\"summary_large_image\" \/>\n<meta name=\"twitter:site\" content=\"@glassouse\" \/>\n<script type=\"application\/ld+json\" class=\"yoast-schema-graph\">{\"@context\":\"https:\\\/\\\/schema.org\",\"@graph\":[{\"@type\":\"WebPage\",\"@id\":\"https:\\\/\\\/glassouse.com\\\/fr\\\/product\\\/glassouse-pro-link-bundle\\\/\",\"url\":\"https:\\\/\\\/glassouse.com\\\/fr\\\/product\\\/glassouse-pro-link-bundle\\\/\",\"name\":\"GlassOuse PRO + Link Bundle avec tous les interrupteurs et accessoires\",\"isPartOf\":{\"@id\":\"https:\\\/\\\/glassouse.com\\\/fr\\\/#website\"},\"primaryImageOfPage\":{\"@id\":\"https:\\\/\\\/glassouse.com\\\/fr\\\/product\\\/glassouse-pro-link-bundle\\\/#primaryimage\"},\"image\":{\"@id\":\"https:\\\/\\\/glassouse.com\\\/fr\\\/product\\\/glassouse-pro-link-bundle\\\/#primaryimage\"},\"thumbnailUrl\":\"https:\\\/\\\/glassouse.com\\\/wp-content\\\/uploads\\\/2022\\\/08\\\/GlassOuse_PROLink_Bundle.jpg\",\"datePublished\":\"2022-08-24T22:35:36+00:00\",\"description\":\"Acheter GlassOuse PRO + Link Assistive Bundle - Une solution d'assistance parfaite. Pour les \u00e9coles, les h\u00f4pitaux, les centres de r\u00e9\u00e9ducation et les organisations.\",\"breadcrumb\":{\"@id\":\"https:\\\/\\\/glassouse.com\\\/fr\\\/product\\\/glassouse-pro-link-bundle\\\/#breadcrumb\"},\"inLanguage\":\"fr-FR\",\"potentialAction\":[{\"@type\":\"ReadAction\",\"target\":[\"https:\\\/\\\/glassouse.com\\\/fr\\\/product\\\/glassouse-pro-link-bundle\\\/\"]}]},{\"@type\":\"ImageObject\",\"inLanguage\":\"fr-FR\",\"@id\":\"https:\\\/\\\/glassouse.com\\\/fr\\\/product\\\/glassouse-pro-link-bundle\\\/#primaryimage\",\"url\":\"https:\\\/\\\/glassouse.com\\\/wp-content\\\/uploads\\\/2022\\\/08\\\/GlassOuse_PROLink_Bundle.jpg\",\"contentUrl\":\"https:\\\/\\\/glassouse.com\\\/wp-content\\\/uploads\\\/2022\\\/08\\\/GlassOuse_PROLink_Bundle.jpg\",\"width\":2560,\"height\":2560,\"caption\":\"GlassOuse Assistive Device PRO + Link Bundle\"},{\"@type\":\"BreadcrumbList\",\"@id\":\"https:\\\/\\\/glassouse.com\\\/fr\\\/product\\\/glassouse-pro-link-bundle\\\/#breadcrumb\",\"itemListElement\":[{\"@type\":\"ListItem\",\"position\":1,\"name\":\"Home\",\"item\":\"https:\\\/\\\/glassouse.com\\\/fr\\\/accueil\\\/\"},{\"@type\":\"ListItem\",\"position\":2,\"name\":\"Boutique\",\"item\":\"https:\\\/\\\/glassouse.com\\\/fr\\\/boutique\\\/\"},{\"@type\":\"ListItem\",\"position\":3,\"name\":\"GlassOuse PRO + Link Bundle\"}]},{\"@type\":\"WebSite\",\"@id\":\"https:\\\/\\\/glassouse.com\\\/fr\\\/#website\",\"url\":\"https:\\\/\\\/glassouse.com\\\/fr\\\/\",\"name\":\"Glassouse Assistive Device\",\"description\":\"Assistive Device and Switches for Disabled\",\"publisher\":{\"@id\":\"https:\\\/\\\/glassouse.com\\\/fr\\\/#organization\"},\"potentialAction\":[{\"@type\":\"SearchAction\",\"target\":{\"@type\":\"EntryPoint\",\"urlTemplate\":\"https:\\\/\\\/glassouse.com\\\/fr\\\/?s={search_term_string}\"},\"query-input\":{\"@type\":\"PropertyValueSpecification\",\"valueRequired\":true,\"valueName\":\"search_term_string\"}}],\"inLanguage\":\"fr-FR\"},{\"@type\":\"Organization\",\"@id\":\"https:\\\/\\\/glassouse.com\\\/fr\\\/#organization\",\"name\":\"GlassOuse Assistive Device\",\"url\":\"https:\\\/\\\/glassouse.com\\\/fr\\\/\",\"logo\":{\"@type\":\"ImageObject\",\"inLanguage\":\"fr-FR\",\"@id\":\"https:\\\/\\\/glassouse.com\\\/fr\\\/#\\\/schema\\\/logo\\\/image\\\/\",\"url\":\"https:\\\/\\\/glassouse.com\\\/wp-content\\\/uploads\\\/2017\\\/11\\\/logo.jpg\",\"contentUrl\":\"https:\\\/\\\/glassouse.com\\\/wp-content\\\/uploads\\\/2017\\\/11\\\/logo.jpg\",\"width\":500,\"height\":500,\"caption\":\"GlassOuse Assistive Device\"},\"image\":{\"@id\":\"https:\\\/\\\/glassouse.com\\\/fr\\\/#\\\/schema\\\/logo\\\/image\\\/\"},\"sameAs\":[\"https:\\\/\\\/www.facebook.com\\\/glassouse\\\/\",\"https:\\\/\\\/x.com\\\/glassouse\",\"https:\\\/\\\/www.instagram.com\\\/glassouseassistivedevice\\\/\",\"https:\\\/\\\/www.linkedin.com\\\/company\\\/glassouse\\\/\",\"https:\\\/\\\/www.youtube.com\\\/channel\\\/UCM5pebcmVXbu00QYd91_Gyw\"]}]}<\/script>\n<!-- \/ Yoast SEO plugin. -->","yoast_head_json":{"title":"GlassOuse PRO + Link Bundle avec tous les interrupteurs et accessoires","description":"Acheter GlassOuse PRO + Link Assistive Bundle - Une solution d'assistance parfaite. Pour les \u00e9coles, les h\u00f4pitaux, les centres de r\u00e9\u00e9ducation et les organisations.","robots":{"index":"index","follow":"follow","max-snippet":"max-snippet:-1","max-image-preview":"max-image-preview:large","max-video-preview":"max-video-preview:-1"},"canonical":"https:\/\/glassouse.com\/fr\/product\/glassouse-pro-link-bundle\/","og_locale":"fr_FR","og_type":"article","og_title":"GlassOuse PRO + Link Bundle avec tous les interrupteurs et accessoires","og_description":"Acheter GlassOuse PRO + Link Assistive Bundle - Une solution d'assistance parfaite. Pour les \u00e9coles, les h\u00f4pitaux, les centres de r\u00e9\u00e9ducation et les organisations.","og_url":"https:\/\/glassouse.com\/fr\/product\/glassouse-pro-link-bundle\/","og_site_name":"Glassouse Assistive Device","article_publisher":"https:\/\/www.facebook.com\/glassouse\/","og_image":[{"width":2560,"height":2560,"url":"https:\/\/glassouse.com\/wp-content\/uploads\/2022\/08\/GlassOuse_PROLink_Bundle.jpg","type":"image\/jpeg"}],"twitter_card":"summary_large_image","twitter_site":"@glassouse","schema":{"@context":"https:\/\/schema.org","@graph":[{"@type":"WebPage","@id":"https:\/\/glassouse.com\/fr\/product\/glassouse-pro-link-bundle\/","url":"https:\/\/glassouse.com\/fr\/product\/glassouse-pro-link-bundle\/","name":"GlassOuse PRO + Link Bundle avec tous les interrupteurs et accessoires","isPartOf":{"@id":"https:\/\/glassouse.com\/fr\/#website"},"primaryImageOfPage":{"@id":"https:\/\/glassouse.com\/fr\/product\/glassouse-pro-link-bundle\/#primaryimage"},"image":{"@id":"https:\/\/glassouse.com\/fr\/product\/glassouse-pro-link-bundle\/#primaryimage"},"thumbnailUrl":"https:\/\/glassouse.com\/wp-content\/uploads\/2022\/08\/GlassOuse_PROLink_Bundle.jpg","datePublished":"2022-08-24T22:35:36+00:00","description":"Acheter GlassOuse PRO + Link Assistive Bundle - Une solution d'assistance parfaite. Pour les \u00e9coles, les h\u00f4pitaux, les centres de r\u00e9\u00e9ducation et les organisations.","breadcrumb":{"@id":"https:\/\/glassouse.com\/fr\/product\/glassouse-pro-link-bundle\/#breadcrumb"},"inLanguage":"fr-FR","potentialAction":[{"@type":"ReadAction","target":["https:\/\/glassouse.com\/fr\/product\/glassouse-pro-link-bundle\/"]}]},{"@type":"ImageObject","inLanguage":"fr-FR","@id":"https:\/\/glassouse.com\/fr\/product\/glassouse-pro-link-bundle\/#primaryimage","url":"https:\/\/glassouse.com\/wp-content\/uploads\/2022\/08\/GlassOuse_PROLink_Bundle.jpg","contentUrl":"https:\/\/glassouse.com\/wp-content\/uploads\/2022\/08\/GlassOuse_PROLink_Bundle.jpg","width":2560,"height":2560,"caption":"GlassOuse Assistive Device PRO + Link Bundle"},{"@type":"BreadcrumbList","@id":"https:\/\/glassouse.com\/fr\/product\/glassouse-pro-link-bundle\/#breadcrumb","itemListElement":[{"@type":"ListItem","position":1,"name":"Home","item":"https:\/\/glassouse.com\/fr\/accueil\/"},{"@type":"ListItem","position":2,"name":"Boutique","item":"https:\/\/glassouse.com\/fr\/boutique\/"},{"@type":"ListItem","position":3,"name":"GlassOuse PRO + Link Bundle"}]},{"@type":"WebSite","@id":"https:\/\/glassouse.com\/fr\/#website","url":"https:\/\/glassouse.com\/fr\/","name":"Glassouse Assistive Device","description":"Assistive Device and Switches for Disabled","publisher":{"@id":"https:\/\/glassouse.com\/fr\/#organization"},"potentialAction":[{"@type":"SearchAction","target":{"@type":"EntryPoint","urlTemplate":"https:\/\/glassouse.com\/fr\/?s={search_term_string}"},"query-input":{"@type":"PropertyValueSpecification","valueRequired":true,"valueName":"search_term_string"}}],"inLanguage":"fr-FR"},{"@type":"Organization","@id":"https:\/\/glassouse.com\/fr\/#organization","name":"GlassOuse Assistive Device","url":"https:\/\/glassouse.com\/fr\/","logo":{"@type":"ImageObject","inLanguage":"fr-FR","@id":"https:\/\/glassouse.com\/fr\/#\/schema\/logo\/image\/","url":"https:\/\/glassouse.com\/wp-content\/uploads\/2017\/11\/logo.jpg","contentUrl":"https:\/\/glassouse.com\/wp-content\/uploads\/2017\/11\/logo.jpg","width":500,"height":500,"caption":"GlassOuse Assistive Device"},"image":{"@id":"https:\/\/glassouse.com\/fr\/#\/schema\/logo\/image\/"},"sameAs":["https:\/\/www.facebook.com\/glassouse\/","https:\/\/x.com\/glassouse","https:\/\/www.instagram.com\/glassouseassistivedevice\/","https:\/\/www.linkedin.com\/company\/glassouse\/","https:\/\/www.youtube.com\/channel\/UCM5pebcmVXbu00QYd91_Gyw"]}]}},"_links":{"self":[{"href":"https:\/\/glassouse.com\/fr\/wp-json\/wp\/v2\/product\/32494","targetHints":{"allow":["GET"]}}],"collection":[{"href":"https:\/\/glassouse.com\/fr\/wp-json\/wp\/v2\/product"}],"about":[{"href":"https:\/\/glassouse.com\/fr\/wp-json\/wp\/v2\/types\/product"}],"wp:featuredmedia":[{"embeddable":true,"href":"https:\/\/glassouse.com\/fr\/wp-json\/wp\/v2\/media\/32502"}],"wp:attachment":[{"href":"https:\/\/glassouse.com\/fr\/wp-json\/wp\/v2\/media?parent=32494"}],"wp:term":[{"taxonomy":"product_brand","embeddable":true,"href":"https:\/\/glassouse.com\/fr\/wp-json\/wp\/v2\/product_brand?post=32494"},{"taxonomy":"product_cat","embeddable":true,"href":"https:\/\/glassouse.com\/fr\/wp-json\/wp\/v2\/product_cat?post=32494"},{"taxonomy":"product_tag","embeddable":true,"href":"https:\/\/glassouse.com\/fr\/wp-json\/wp\/v2\/product_tag?post=32494"}],"curies":[{"name":"wp","href":"https:\/\/api.w.org\/{rel}","templated":true}]}}