{"id":32605,"date":"2023-11-13T06:33:26","date_gmt":"2023-11-12T22:33:26","guid":{"rendered":"https:\/\/glassouse.com\/product\/gs12-glassouse-interrupteur-clignotant\/"},"modified":"2026-04-27T17:13:25","modified_gmt":"2026-04-27T09:13:25","slug":"gs12-glassouse-interrupteur-clignotant","status":"publish","type":"product","link":"https:\/\/glassouse.com\/fr\/product\/gs12-glassouse-interrupteur-clignotant\/","title":{"rendered":"GS12 GlassOuse Interrupteur clignotant"},"content":{"rendered":"<div class=\"wpb-content-wrapper\"><p>[vc_row unlock_row_content=\u00a0\u00bbyes\u00a0\u00bb row_height_percent=\u00a0\u00bb0&Prime; override_padding=\u00a0\u00bbyes\u00a0\u00bb h_padding=\u00a0\u00bb0&Prime; top_padding=\u00a0\u00bb0&Prime; bottom_padding=\u00a0\u00bb0&Prime; overlay_alpha=\u00a0\u00bb50&Prime; equal_height=\u00a0\u00bbyes\u00a0\u00bb gutter_size=\u00a0\u00bb0&Prime; column_width_percent=\u00a0\u00bb100&Prime; shift_y=\u00a0\u00bb0&Prime; z_index=\u00a0\u00bb0&Prime; el_class=\u00a0\u00bbcompact_section\u00a0\u00bb uncode_shortcode_id=\u00a0\u00bb854311&Prime; css=\u00a0\u00bb.vc_custom_1699893539827{padding-top: 15px !important;padding-right: 0px !important;padding-left: 0px !important;}\u00a0\u00bb][vc_column column_width_percent=\u00a0\u00bb100&Prime; position_horizontal=\u00a0\u00bbleft\u00a0\u00bb position_vertical=\u00a0\u00bbmiddle\u00a0\u00bb gutter_size=\u00a0\u00bb0&Prime; override_padding=\u00a0\u00bbyes\u00a0\u00bb column_padding=\u00a0\u00bb0&Prime; back_image=\u00a0\u00bb32626&Prime; back_repeat=\u00a0\u00bbno-repeat\u00a0\u00bb back_position=\u00a0\u00bbright top\u00a0\u00bb overlay_alpha=\u00a0\u00bb50&Prime; shift_x=\u00a0\u00bb0&Prime; shift_y=\u00a0\u00bb0&Prime; shift_y_down=\u00a0\u00bb0&Prime; z_index=\u00a0\u00bb0&Prime; medium_width=\u00a0\u00bb0&Prime; mobile_width=\u00a0\u00bb0&Prime; width=\u00a0\u00bb1\/1&Prime; uncode_shortcode_id=\u00a0\u00bb591427&Prime; css=\u00a0\u00bb.vc_custom_1699909269674{padding-top: 160px !important;padding-right: 0px !important;padding-bottom: 160px !important;padding-left: 50px !important;}\u00a0\u00bb el_class=\u00a0\u00bbcontent_column bg_right_top\u00a0\u00bb][vc_row_inner row_inner_height_percent=\u00a0\u00bb0&Prime; force_width_grid=\u00a0\u00bbyes\u00a0\u00bb overlay_alpha=\u00a0\u00bb50&Prime; gutter_size=\u00a0\u00bb0&Prime; shift_y=\u00a0\u00bb0&Prime; z_index=\u00a0\u00bb0&Prime; uncode_shortcode_id=\u00a0\u00bb192230&Prime; css=\u00a0\u00bb.vc_custom_1699893524371{padding-right: 0px !important;padding-left: 0px !important;}\u00a0\u00bb el_class=\u00a0\u00bblimit-width\u00a0\u00bb][vc_column_inner column_width_percent=\u00a0\u00bb70&Prime; position_horizontal=\u00a0\u00bbleft\u00a0\u00bb position_vertical=\u00a0\u00bbmiddle\u00a0\u00bb gutter_size=\u00a0\u00bb0&Prime; override_padding=\u00a0\u00bbyes\u00a0\u00bb column_padding=\u00a0\u00bb0&Prime; overlay_alpha=\u00a0\u00bb50&Prime; shift_x=\u00a0\u00bb0&Prime; shift_y=\u00a0\u00bb0&Prime; shift_y_down=\u00a0\u00bb0&Prime; z_index=\u00a0\u00bb0&Prime; medium_width=\u00a0\u00bb0&Prime; mobile_width=\u00a0\u00bb0&Prime; width=\u00a0\u00bb1\/2&Prime; uncode_shortcode_id=\u00a0\u00bb579793&Prime; css=\u00a0\u00bb.vc_custom_1699893618145{padding-right: 2% !important;padding-left: 0px !important;}\u00a0\u00bb][vc_custom_heading text_color=\u00a0\u00bbcolor-jevc\u00a0\u00bb text_size=\u00a0\u00bbh3&Prime; text_weight=\u00a0\u00bb600&Prime; uncode_shortcode_id=\u00a0\u00bb545502&Prime; text_color_type=\u00a0\u00bbuncode-palette\u00a0\u00bb el_class=\u00a0\u00bblh-1&Prime;]Clignez des yeux et cliquez : L&rsquo;interaction sans effort en un clin d&rsquo;\u0153il[\/vc_custom_heading][vc_separator sep_color=\u00a0\u00bb\u00a0\u00bb icon_position=\u00a0\u00bbleft\u00a0\u00bb el_height=\u00a0\u00bb5px\u00a0\u00bb uncode_shortcode_id=\u00a0\u00bb255087&Prime; sep_color_type=\u00a0\u00bbuncode-solid\u00a0\u00bb el_width=\u00a0\u00bb82px\u00a0\u00bb sep_color_solid=\u00a0\u00bb#43b8db\u00a0\u00bb el_class=\u00a0\u00bbc-divider\u00a0\u00bb][\/vc_column_inner][vc_column_inner width=\u00a0\u00bb1\/2&Prime;][\/vc_column_inner][\/vc_row_inner][\/vc_column][\/vc_row][vc_row row_height_percent=\u00a0\u00bb0&Prime; override_padding=\u00a0\u00bbyes\u00a0\u00bb h_padding=\u00a0\u00bb0&Prime; top_padding=\u00a0\u00bb0&Prime; bottom_padding=\u00a0\u00bb0&Prime; overlay_alpha=\u00a0\u00bb50&Prime; gutter_size=\u00a0\u00bb3&Prime; column_width_percent=\u00a0\u00bb100&Prime; shift_y=\u00a0\u00bb0&Prime; z_index=\u00a0\u00bb0&Prime; uncode_shortcode_id=\u00a0\u00bb151199&Prime; css=\u00a0\u00bb.vc_custom_1699894033019{padding-top: 50px !important;}\u00a0\u00bb][vc_column column_width_percent=\u00a0\u00bb100&Prime; align_horizontal=\u00a0\u00bbalign_center\u00a0\u00bb gutter_size=\u00a0\u00bb3&Prime; overlay_alpha=\u00a0\u00bb50&Prime; shift_x=\u00a0\u00bb0&Prime; shift_y=\u00a0\u00bb0&Prime; shift_y_down=\u00a0\u00bb0&Prime; z_index=\u00a0\u00bb0&Prime; medium_width=\u00a0\u00bb0&Prime; mobile_width=\u00a0\u00bb0&Prime; width=\u00a0\u00bb1\/1&Prime; uncode_shortcode_id=\u00a0\u00bb798976&Prime;][vc_custom_heading text_color=\u00a0\u00bbcolor-jevc\u00a0\u00bb text_size=\u00a0\u00bbh3&Prime; text_weight=\u00a0\u00bb700&Prime; text_height=\u00a0\u00bblh-n\u00a0\u00bb uncode_shortcode_id=\u00a0\u00bb750658&Prime; text_color_type=\u00a0\u00bbuncode-palette\u00a0\u00bb]Interrupteur clignotant[\/vc_custom_heading][vc_row_inner row_inner_height_percent=\u00a0\u00bb0&Prime; overlay_alpha=\u00a0\u00bb50&Prime; gutter_size=\u00a0\u00bb3&Prime; shift_y=\u00a0\u00bb0&Prime; z_index=\u00a0\u00bb0&Prime; uncode_shortcode_id=\u00a0\u00bb146835&Prime; el_class=\u00a0\u00bbicon_boxs_wrap\u00a0\u00bb][vc_column_inner column_width_percent=\u00a0\u00bb100&Prime; align_horizontal=\u00a0\u00bbalign_center\u00a0\u00bb gutter_size=\u00a0\u00bb2&Prime; overlay_alpha=\u00a0\u00bb50&Prime; shift_x=\u00a0\u00bb0&Prime; shift_y=\u00a0\u00bb0&Prime; shift_y_down=\u00a0\u00bb0&Prime; z_index=\u00a0\u00bb0&Prime; medium_width=\u00a0\u00bb0&Prime; mobile_width=\u00a0\u00bb0&Prime; width=\u00a0\u00bb1\/1&Prime; uncode_shortcode_id=\u00a0\u00bb168717&Prime;][vc_icon display=\u00a0\u00bbinline\u00a0\u00bb icon_image=\u00a0\u00bb19737&Prime; media_size=\u00a0\u00bb300&Prime; text_size=\u00a0\u00bbh4&Prime; text_weight=\u00a0\u00bb500&Prime; text_height=\u00a0\u00bblh-n\u00a0\u00bb uncode_shortcode_id=\u00a0\u00bb827076&Prime; title=\u00a0\u00bbGlassOuse PRO\/Link\u00a0\u00bb][\/vc_icon][vc_icon display=\u00a0\u00bbinline\u00a0\u00bb icon_image=\u00a0\u00bb19745&Prime; media_size=\u00a0\u00bb300&Prime; text_size=\u00a0\u00bbh4&Prime; text_weight=\u00a0\u00bb500&Prime; text_height=\u00a0\u00bblh-n\u00a0\u00bb uncode_shortcode_id=\u00a0\u00bb866711&Prime; title=\u00a0\u00bbGlassOuse 1.4 (et moins)\u00a0\u00bb][\/vc_icon][\/vc_column_inner][\/vc_row_inner][\/vc_column][\/vc_row][vc_row row_height_percent=\u00a0\u00bb0&Prime; override_padding=\u00a0\u00bbyes\u00a0\u00bb h_padding=\u00a0\u00bb2&Prime; top_padding=\u00a0\u00bb2&Prime; bottom_padding=\u00a0\u00bb3&Prime; overlay_alpha=\u00a0\u00bb50&Prime; gutter_size=\u00a0\u00bb3&Prime; column_width_percent=\u00a0\u00bb100&Prime; shift_y=\u00a0\u00bb0&Prime; z_index=\u00a0\u00bb0&Prime; uncode_shortcode_id=\u00a0\u00bb210438&Prime;][vc_column column_width_percent=\u00a0\u00bb65&Prime; gutter_size=\u00a0\u00bb3&Prime; overlay_alpha=\u00a0\u00bb50&Prime; shift_x=\u00a0\u00bb0&Prime; shift_y=\u00a0\u00bb0&Prime; shift_y_down=\u00a0\u00bb0&Prime; z_index=\u00a0\u00bb0&Prime; medium_width=\u00a0\u00bb0&Prime; mobile_width=\u00a0\u00bb0&Prime; width=\u00a0\u00bb1\/1&Prime; uncode_shortcode_id=\u00a0\u00bb213419&Prime;][vc_row_inner row_inner_height_percent=\u00a0\u00bb0&Prime; overlay_alpha=\u00a0\u00bb50&Prime; gutter_size=\u00a0\u00bb3&Prime; shift_y=\u00a0\u00bb0&Prime; z_index=\u00a0\u00bb0&Prime; uncode_shortcode_id=\u00a0\u00bb137139&Prime; el_class=\u00a0\u00bbinline_small_icon_wrap\u00a0\u00bb back_color_type=\u00a0\u00bbuncode-solid\u00a0\u00bb back_color_solid=\u00a0\u00bb#f3f3f3&Prime; css=\u00a0\u00bb.vc_custom_1699999910392{padding-top: 30px !important;padding-right: 33px !important;padding-bottom: 30px !important;padding-left: 3px !important;}\u00a0\u00bb][vc_column_inner column_width_percent=\u00a0\u00bb100&Prime; position_vertical=\u00a0\u00bbmiddle\u00a0\u00bb align_horizontal=\u00a0\u00bbalign_center\u00a0\u00bb gutter_size=\u00a0\u00bb2&Prime; override_padding=\u00a0\u00bbyes\u00a0\u00bb column_padding=\u00a0\u00bb0&Prime; overlay_alpha=\u00a0\u00bb50&Prime; shift_x=\u00a0\u00bb0&Prime; shift_y=\u00a0\u00bb0&Prime; shift_y_down=\u00a0\u00bb0&Prime; z_index=\u00a0\u00bb0&Prime; medium_width=\u00a0\u00bb0&Prime; mobile_width=\u00a0\u00bb0&Prime; width=\u00a0\u00bb1\/1&Prime; uncode_shortcode_id=\u00a0\u00bb970061&Prime; css=\u00a0\u00bb.vc_custom_1699999777376{padding-right: 0px !important;padding-left: 0px !important;}\u00a0\u00bb][vc_icon position=\u00a0\u00bbright\u00a0\u00bb space_reduced=\u00a0\u00bbyes\u00a0\u00bb display=\u00a0\u00bbinline\u00a0\u00bb icon_image=\u00a0\u00bb19900&Prime; media_size=\u00a0\u00bb50&Prime; text_size=\u00a0\u00bbh4&Prime; text_weight=\u00a0\u00bb500&Prime; text_height=\u00a0\u00bblh-n\u00a0\u00bb text_lead=\u00a0\u00bbsmall\u00a0\u00bb uncode_shortcode_id=\u00a0\u00bb602312&Prime;]*<span style=\"color: #ff0000;\">Lorsqu&rsquo;il<\/span>est utilis\u00e9 avec GlassOuse PRO\/Link, le commutateur Blink ne peut \u00eatre fix\u00e9 qu&rsquo;aux <span style=\"color: #000000;\">lunettes GW01<\/span>.[\/vc_icon][vc_icon position=\u00a0\u00bbleft\u00a0\u00bb space_reduced=\u00a0\u00bbyes\u00a0\u00bb display=\u00a0\u00bbinline\u00a0\u00bb icon_image=\u00a0\u00bb19908&Prime; media_size=\u00a0\u00bb50&Prime; text_size=\u00a0\u00bbh4&Prime; text_weight=\u00a0\u00bb500&Prime; text_height=\u00a0\u00bblh-n\u00a0\u00bb text_lead=\u00a0\u00bbsmall\u00a0\u00bb uncode_shortcode_id=\u00a0\u00bb817823&Prime;]Remarque : il est conseill\u00e9 de <span style=\"color: #000000;\">ne pas<\/span> utiliser Blink Switch lorsque vous portez <span style=\"color: #000000;\">vos lunettes habituelles <\/span>.[\/vc_icon][\/vc_column_inner][\/vc_row_inner][vc_icon position=\u00a0\u00bbleft\u00a0\u00bb icon=\u00a0\u00bbfa fa-play\u00a0\u00bb icon_image=\u00a0\u00bb20250&Prime; icon_color=\u00a0\u00bbcolor-xsdn\u00a0\u00bb uncode_shortcode_id=\u00a0\u00bb727097&Prime; icon_color_type=\u00a0\u00bbuncode-palette\u00a0\u00bb media_lightbox=\u00a0\u00bb20267&Prime; el_class=\u00a0\u00bbvideo_box\u00a0\u00bb][\/vc_icon][vc_column_text uncode_shortcode_id=\u00a0\u00bb167172&Prime;]<\/p>\n<p style=\"text-align: justify;\"><strong>Voici le GlassOuse Blink Switch,<\/strong> un commutateur d&rsquo;assistance pratique qui permet aux personnes \u00e0 mobilit\u00e9 r\u00e9duite de contr\u00f4ler des appareils num\u00e9riques par de simples clignements d&rsquo;yeux. Le commutateur Blink est dot\u00e9 d&rsquo;un capteur oculaire qui d\u00e9tecte avec pr\u00e9cision les clignements d&rsquo;yeux intentionnels*, ce qui permet de cliquer avec pr\u00e9cision sur votre ordinateur, votre t\u00e9l\u00e9phone portable ou votre tablette. <\/p>\n<p>Le commutateur Blink est dot\u00e9 d&rsquo;un port jack de 3,5 mm et s&rsquo;associe parfaitement avec GlassOuse PRO\/Link* ou GlassOuse V1.4 (ou version inf\u00e9rieure).<\/p>\n<p><strong>La personnalisation est importante, et l&rsquo;interrupteur clignotant est dot\u00e9 d&rsquo;un r\u00e9glage de la sensibilit\u00e9 du clignotement.<\/strong>  Cela le rend pratique pour un grand nombre de personnes, car les utilisateurs peuvent adapter le commutateur au niveau de confort dont ils ont besoin.<\/p>\n<p><strong>L&rsquo;interrupteur GlassOuse Blink offre de nombreux avantages.<\/strong>  Gr\u00e2ce \u00e0 ce commutateur d&rsquo;assistance innovant, les utilisateurs peuvent naviguer sans effort dans les applications, sur Internet et dans les logiciels, tout cela par de simples clignements d&rsquo;yeux. Il permet aux personnes \u00e0 mobilit\u00e9 r\u00e9duite de gagner en ind\u00e9pendance et en confort dans leur vie quotidienne. <\/p>\n<p><strong>Notre site web fournit des informations compl\u00e8tes et une assistance pour l&rsquo;interrupteur GlassOuse Blink.<\/strong>  D\u00e9couvrez comment ce commutateur d&rsquo;assistance r\u00e9volutionnaire peut am\u00e9liorer l&rsquo;accessibilit\u00e9 pour vous ou vos proches.[\/vc_column_text][vc_gallery el_id=\u00a0\u00bbgallery-146860&Prime; medias=\u00a0\u00bb32632&Prime; gutter_size=\u00a0\u00bb3&Prime; screen_lg=\u00a0\u00bb1000&Prime; screen_md=\u00a0\u00bb600&Prime; screen_sm=\u00a0\u00bb480&Prime; single_width=\u00a0\u00bb12&Prime; single_overlay_opacity=\u00a0\u00bb50&Prime; single_padding=\u00a0\u00bb2&Prime; uncode_shortcode_id=\u00a0\u00bb709740&Prime; el_class=\u00a0\u00bbc_gallery\u00a0\u00bb][vc_gallery el_id=\u00a0\u00bbgallery-146860&Prime; isotope_mode=\u00a0\u00bbfitRows\u00a0\u00bb medias=\u00a0\u00bb32624,32622&Prime; gutter_size=\u00a0\u00bb2&Prime; screen_lg=\u00a0\u00bb1000&Prime; screen_md=\u00a0\u00bb600&Prime; screen_sm=\u00a0\u00bb480&Prime; single_overlay_opacity=\u00a0\u00bb50&Prime; single_h_align=\u00a0\u00bbcenter\u00a0\u00bb single_padding=\u00a0\u00bb2&Prime; uncode_shortcode_id=\u00a0\u00bb200321&Prime; items=\u00a0\u00bbeyIxMjIwNF9pIjp7InNpbmdsZV90ZXh0Ijoib3ZlcmxheSJ9fQ==\u00a0\u00bb el_class=\u00a0\u00bbc_gallery two_column_gallery mt-0 pt-20&Prime;][\/vc_column][\/vc_row]<\/p>\n<\/div>","protected":false},"excerpt":{"rendered":"<p>[vc_row unlock_row_content=\u00a0\u00bbyes\u00a0\u00bb row_height_percent=\u00a0\u00bb0&Prime; override_padding=\u00a0\u00bbyes\u00a0\u00bb h_padding=\u00a0\u00bb0&Prime; top_padding=\u00a0\u00bb0&Prime; bottom_padding=\u00a0\u00bb0&Prime; overlay_alpha=\u00a0\u00bb50&Prime; equal_height=\u00a0\u00bbyes\u00a0\u00bb gutter_size=\u00a0\u00bb0&Prime; column_width_percent=\u00a0\u00bb100&Prime; shift_y=\u00a0\u00bb0&Prime; z_index=\u00a0\u00bb0&Prime; el_class=\u00a0\u00bbcompact_section\u00a0\u00bb uncode_shortcode_id=\u00a0\u00bb854311&Prime; css=\u00a0\u00bb.vc_custom_1699893539827{padding-top: 15px !important;padding-right: 0px !important;padding-left: [&hellip;]<\/p>\n","protected":false},"featured_media":32393,"template":"","meta":{"_acf_changed":false},"product_brand":[],"product_cat":[422],"product_tag":[],"class_list":{"0":"post-32605","1":"product","2":"type-product","3":"status-publish","4":"has-post-thumbnail","6":"product_cat-commutateurs-g","8":"first","9":"instock","10":"shipping-taxable","11":"purchasable","12":"product-type-simple"},"acf":[],"yoast_head":"<!-- This site is optimized with the Yoast SEO plugin v27.4 - https:\/\/yoast.com\/product\/yoast-seo-wordpress\/ -->\n<title>Interrupteur Blink : Interrupteur d&#039;assistance GlassOuse<\/title>\n<meta name=\"description\" content=\"GlassOuse Blink Switch - Un dispositif d&#039;assistance activ\u00e9 par un simple clignement de l&#039;\u0153il. \u00c9quip\u00e9 d&#039;un connecteur jack de 3,5 mm. Fonctionne avec GlassOuse PRO, Link, V1.4 et d&#039;autres appareils.\" \/>\n<meta name=\"robots\" content=\"index, follow, max-snippet:-1, max-image-preview:large, max-video-preview:-1\" \/>\n<link rel=\"canonical\" href=\"https:\/\/glassouse.com\/fr\/product\/gs12-glassouse-interrupteur-clignotant\/\" \/>\n<meta property=\"og:locale\" content=\"fr_FR\" \/>\n<meta property=\"og:type\" content=\"article\" \/>\n<meta property=\"og:title\" content=\"Interrupteur Blink : Interrupteur d&#039;assistance GlassOuse\" \/>\n<meta property=\"og:description\" content=\"GlassOuse Blink Switch - Un dispositif d&#039;assistance activ\u00e9 par un simple clignement de l&#039;\u0153il. \u00c9quip\u00e9 d&#039;un connecteur jack de 3,5 mm. Fonctionne avec GlassOuse PRO, Link, V1.4 et d&#039;autres appareils.\" \/>\n<meta property=\"og:url\" content=\"https:\/\/glassouse.com\/fr\/product\/gs12-glassouse-interrupteur-clignotant\/\" \/>\n<meta property=\"og:site_name\" content=\"Glassouse Assistive Device\" \/>\n<meta property=\"article:publisher\" content=\"https:\/\/www.facebook.com\/glassouse\/\" \/>\n<meta property=\"article:modified_time\" content=\"2026-04-27T09:13:25+00:00\" \/>\n<meta property=\"og:image\" content=\"https:\/\/glassouse.com\/wp-content\/uploads\/2023\/11\/blink-switch-featured-img.jpg\" \/>\n\t<meta property=\"og:image:width\" content=\"1000\" \/>\n\t<meta property=\"og:image:height\" content=\"1000\" \/>\n\t<meta property=\"og:image:type\" content=\"image\/jpeg\" \/>\n<meta name=\"twitter:card\" content=\"summary_large_image\" \/>\n<meta name=\"twitter:site\" content=\"@glassouse\" \/>\n<meta name=\"twitter:label1\" content=\"Dur\u00e9e de lecture estim\u00e9e\" \/>\n\t<meta name=\"twitter:data1\" content=\"5 minutes\" \/>\n<script type=\"application\/ld+json\" class=\"yoast-schema-graph\">{\"@context\":\"https:\\\/\\\/schema.org\",\"@graph\":[{\"@type\":\"WebPage\",\"@id\":\"https:\\\/\\\/glassouse.com\\\/fr\\\/product\\\/gs12-glassouse-interrupteur-clignotant\\\/\",\"url\":\"https:\\\/\\\/glassouse.com\\\/fr\\\/product\\\/gs12-glassouse-interrupteur-clignotant\\\/\",\"name\":\"Interrupteur Blink : Interrupteur d'assistance GlassOuse\",\"isPartOf\":{\"@id\":\"https:\\\/\\\/glassouse.com\\\/fr\\\/#website\"},\"primaryImageOfPage\":{\"@id\":\"https:\\\/\\\/glassouse.com\\\/fr\\\/product\\\/gs12-glassouse-interrupteur-clignotant\\\/#primaryimage\"},\"image\":{\"@id\":\"https:\\\/\\\/glassouse.com\\\/fr\\\/product\\\/gs12-glassouse-interrupteur-clignotant\\\/#primaryimage\"},\"thumbnailUrl\":\"https:\\\/\\\/glassouse.com\\\/wp-content\\\/uploads\\\/2023\\\/11\\\/blink-switch-featured-img.jpg\",\"datePublished\":\"2023-11-12T22:33:26+00:00\",\"dateModified\":\"2026-04-27T09:13:25+00:00\",\"description\":\"GlassOuse Blink Switch - Un dispositif d'assistance activ\u00e9 par un simple clignement de l'\u0153il. \u00c9quip\u00e9 d'un connecteur jack de 3,5 mm. Fonctionne avec GlassOuse PRO, Link, V1.4 et d'autres appareils.\",\"breadcrumb\":{\"@id\":\"https:\\\/\\\/glassouse.com\\\/fr\\\/product\\\/gs12-glassouse-interrupteur-clignotant\\\/#breadcrumb\"},\"inLanguage\":\"fr-FR\",\"potentialAction\":[{\"@type\":\"ReadAction\",\"target\":[\"https:\\\/\\\/glassouse.com\\\/fr\\\/product\\\/gs12-glassouse-interrupteur-clignotant\\\/\"]}]},{\"@type\":\"ImageObject\",\"inLanguage\":\"fr-FR\",\"@id\":\"https:\\\/\\\/glassouse.com\\\/fr\\\/product\\\/gs12-glassouse-interrupteur-clignotant\\\/#primaryimage\",\"url\":\"https:\\\/\\\/glassouse.com\\\/wp-content\\\/uploads\\\/2023\\\/11\\\/blink-switch-featured-img.jpg\",\"contentUrl\":\"https:\\\/\\\/glassouse.com\\\/wp-content\\\/uploads\\\/2023\\\/11\\\/blink-switch-featured-img.jpg\",\"width\":1000,\"height\":1000,\"caption\":\"Glassouse Blink Switch\"},{\"@type\":\"BreadcrumbList\",\"@id\":\"https:\\\/\\\/glassouse.com\\\/fr\\\/product\\\/gs12-glassouse-interrupteur-clignotant\\\/#breadcrumb\",\"itemListElement\":[{\"@type\":\"ListItem\",\"position\":1,\"name\":\"Home\",\"item\":\"https:\\\/\\\/glassouse.com\\\/fr\\\/accueil\\\/\"},{\"@type\":\"ListItem\",\"position\":2,\"name\":\"Boutique\",\"item\":\"https:\\\/\\\/glassouse.com\\\/fr\\\/boutique\\\/\"},{\"@type\":\"ListItem\",\"position\":3,\"name\":\"GS12 GlassOuse Interrupteur clignotant\"}]},{\"@type\":\"WebSite\",\"@id\":\"https:\\\/\\\/glassouse.com\\\/fr\\\/#website\",\"url\":\"https:\\\/\\\/glassouse.com\\\/fr\\\/\",\"name\":\"Glassouse Assistive Device\",\"description\":\"Assistive Device and Switches for Disabled\",\"publisher\":{\"@id\":\"https:\\\/\\\/glassouse.com\\\/fr\\\/#organization\"},\"potentialAction\":[{\"@type\":\"SearchAction\",\"target\":{\"@type\":\"EntryPoint\",\"urlTemplate\":\"https:\\\/\\\/glassouse.com\\\/fr\\\/?s={search_term_string}\"},\"query-input\":{\"@type\":\"PropertyValueSpecification\",\"valueRequired\":true,\"valueName\":\"search_term_string\"}}],\"inLanguage\":\"fr-FR\"},{\"@type\":\"Organization\",\"@id\":\"https:\\\/\\\/glassouse.com\\\/fr\\\/#organization\",\"name\":\"GlassOuse Assistive Device\",\"url\":\"https:\\\/\\\/glassouse.com\\\/fr\\\/\",\"logo\":{\"@type\":\"ImageObject\",\"inLanguage\":\"fr-FR\",\"@id\":\"https:\\\/\\\/glassouse.com\\\/fr\\\/#\\\/schema\\\/logo\\\/image\\\/\",\"url\":\"https:\\\/\\\/glassouse.com\\\/wp-content\\\/uploads\\\/2017\\\/11\\\/logo.jpg\",\"contentUrl\":\"https:\\\/\\\/glassouse.com\\\/wp-content\\\/uploads\\\/2017\\\/11\\\/logo.jpg\",\"width\":500,\"height\":500,\"caption\":\"GlassOuse Assistive Device\"},\"image\":{\"@id\":\"https:\\\/\\\/glassouse.com\\\/fr\\\/#\\\/schema\\\/logo\\\/image\\\/\"},\"sameAs\":[\"https:\\\/\\\/www.facebook.com\\\/glassouse\\\/\",\"https:\\\/\\\/x.com\\\/glassouse\",\"https:\\\/\\\/www.instagram.com\\\/glassouseassistivedevice\\\/\",\"https:\\\/\\\/www.linkedin.com\\\/company\\\/glassouse\\\/\",\"https:\\\/\\\/www.youtube.com\\\/channel\\\/UCM5pebcmVXbu00QYd91_Gyw\"]}]}<\/script>\n<!-- \/ Yoast SEO plugin. -->","yoast_head_json":{"title":"Interrupteur Blink : Interrupteur d'assistance GlassOuse","description":"GlassOuse Blink Switch - Un dispositif d'assistance activ\u00e9 par un simple clignement de l'\u0153il. \u00c9quip\u00e9 d'un connecteur jack de 3,5 mm. Fonctionne avec GlassOuse PRO, Link, V1.4 et d'autres appareils.","robots":{"index":"index","follow":"follow","max-snippet":"max-snippet:-1","max-image-preview":"max-image-preview:large","max-video-preview":"max-video-preview:-1"},"canonical":"https:\/\/glassouse.com\/fr\/product\/gs12-glassouse-interrupteur-clignotant\/","og_locale":"fr_FR","og_type":"article","og_title":"Interrupteur Blink : Interrupteur d'assistance GlassOuse","og_description":"GlassOuse Blink Switch - Un dispositif d'assistance activ\u00e9 par un simple clignement de l'\u0153il. \u00c9quip\u00e9 d'un connecteur jack de 3,5 mm. Fonctionne avec GlassOuse PRO, Link, V1.4 et d'autres appareils.","og_url":"https:\/\/glassouse.com\/fr\/product\/gs12-glassouse-interrupteur-clignotant\/","og_site_name":"Glassouse Assistive Device","article_publisher":"https:\/\/www.facebook.com\/glassouse\/","article_modified_time":"2026-04-27T09:13:25+00:00","og_image":[{"width":1000,"height":1000,"url":"https:\/\/glassouse.com\/wp-content\/uploads\/2023\/11\/blink-switch-featured-img.jpg","type":"image\/jpeg"}],"twitter_card":"summary_large_image","twitter_site":"@glassouse","twitter_misc":{"Dur\u00e9e de lecture estim\u00e9e":"5 minutes"},"schema":{"@context":"https:\/\/schema.org","@graph":[{"@type":"WebPage","@id":"https:\/\/glassouse.com\/fr\/product\/gs12-glassouse-interrupteur-clignotant\/","url":"https:\/\/glassouse.com\/fr\/product\/gs12-glassouse-interrupteur-clignotant\/","name":"Interrupteur Blink : Interrupteur d'assistance GlassOuse","isPartOf":{"@id":"https:\/\/glassouse.com\/fr\/#website"},"primaryImageOfPage":{"@id":"https:\/\/glassouse.com\/fr\/product\/gs12-glassouse-interrupteur-clignotant\/#primaryimage"},"image":{"@id":"https:\/\/glassouse.com\/fr\/product\/gs12-glassouse-interrupteur-clignotant\/#primaryimage"},"thumbnailUrl":"https:\/\/glassouse.com\/wp-content\/uploads\/2023\/11\/blink-switch-featured-img.jpg","datePublished":"2023-11-12T22:33:26+00:00","dateModified":"2026-04-27T09:13:25+00:00","description":"GlassOuse Blink Switch - Un dispositif d'assistance activ\u00e9 par un simple clignement de l'\u0153il. \u00c9quip\u00e9 d'un connecteur jack de 3,5 mm. Fonctionne avec GlassOuse PRO, Link, V1.4 et d'autres appareils.","breadcrumb":{"@id":"https:\/\/glassouse.com\/fr\/product\/gs12-glassouse-interrupteur-clignotant\/#breadcrumb"},"inLanguage":"fr-FR","potentialAction":[{"@type":"ReadAction","target":["https:\/\/glassouse.com\/fr\/product\/gs12-glassouse-interrupteur-clignotant\/"]}]},{"@type":"ImageObject","inLanguage":"fr-FR","@id":"https:\/\/glassouse.com\/fr\/product\/gs12-glassouse-interrupteur-clignotant\/#primaryimage","url":"https:\/\/glassouse.com\/wp-content\/uploads\/2023\/11\/blink-switch-featured-img.jpg","contentUrl":"https:\/\/glassouse.com\/wp-content\/uploads\/2023\/11\/blink-switch-featured-img.jpg","width":1000,"height":1000,"caption":"Glassouse Blink Switch"},{"@type":"BreadcrumbList","@id":"https:\/\/glassouse.com\/fr\/product\/gs12-glassouse-interrupteur-clignotant\/#breadcrumb","itemListElement":[{"@type":"ListItem","position":1,"name":"Home","item":"https:\/\/glassouse.com\/fr\/accueil\/"},{"@type":"ListItem","position":2,"name":"Boutique","item":"https:\/\/glassouse.com\/fr\/boutique\/"},{"@type":"ListItem","position":3,"name":"GS12 GlassOuse Interrupteur clignotant"}]},{"@type":"WebSite","@id":"https:\/\/glassouse.com\/fr\/#website","url":"https:\/\/glassouse.com\/fr\/","name":"Glassouse Assistive Device","description":"Assistive Device and Switches for Disabled","publisher":{"@id":"https:\/\/glassouse.com\/fr\/#organization"},"potentialAction":[{"@type":"SearchAction","target":{"@type":"EntryPoint","urlTemplate":"https:\/\/glassouse.com\/fr\/?s={search_term_string}"},"query-input":{"@type":"PropertyValueSpecification","valueRequired":true,"valueName":"search_term_string"}}],"inLanguage":"fr-FR"},{"@type":"Organization","@id":"https:\/\/glassouse.com\/fr\/#organization","name":"GlassOuse Assistive Device","url":"https:\/\/glassouse.com\/fr\/","logo":{"@type":"ImageObject","inLanguage":"fr-FR","@id":"https:\/\/glassouse.com\/fr\/#\/schema\/logo\/image\/","url":"https:\/\/glassouse.com\/wp-content\/uploads\/2017\/11\/logo.jpg","contentUrl":"https:\/\/glassouse.com\/wp-content\/uploads\/2017\/11\/logo.jpg","width":500,"height":500,"caption":"GlassOuse Assistive Device"},"image":{"@id":"https:\/\/glassouse.com\/fr\/#\/schema\/logo\/image\/"},"sameAs":["https:\/\/www.facebook.com\/glassouse\/","https:\/\/x.com\/glassouse","https:\/\/www.instagram.com\/glassouseassistivedevice\/","https:\/\/www.linkedin.com\/company\/glassouse\/","https:\/\/www.youtube.com\/channel\/UCM5pebcmVXbu00QYd91_Gyw"]}]}},"_links":{"self":[{"href":"https:\/\/glassouse.com\/fr\/wp-json\/wp\/v2\/product\/32605","targetHints":{"allow":["GET"]}}],"collection":[{"href":"https:\/\/glassouse.com\/fr\/wp-json\/wp\/v2\/product"}],"about":[{"href":"https:\/\/glassouse.com\/fr\/wp-json\/wp\/v2\/types\/product"}],"wp:featuredmedia":[{"embeddable":true,"href":"https:\/\/glassouse.com\/fr\/wp-json\/wp\/v2\/media\/32393"}],"wp:attachment":[{"href":"https:\/\/glassouse.com\/fr\/wp-json\/wp\/v2\/media?parent=32605"}],"wp:term":[{"taxonomy":"product_brand","embeddable":true,"href":"https:\/\/glassouse.com\/fr\/wp-json\/wp\/v2\/product_brand?post=32605"},{"taxonomy":"product_cat","embeddable":true,"href":"https:\/\/glassouse.com\/fr\/wp-json\/wp\/v2\/product_cat?post=32605"},{"taxonomy":"product_tag","embeddable":true,"href":"https:\/\/glassouse.com\/fr\/wp-json\/wp\/v2\/product_tag?post=32605"}],"curies":[{"name":"wp","href":"https:\/\/api.w.org\/{rel}","templated":true}]}}