{"id":32824,"date":"2023-11-13T07:39:31","date_gmt":"2023-11-12T23:39:31","guid":{"rendered":"https:\/\/glassouse.com\/product\/gs11-glassouse-cheek-switch\/"},"modified":"2026-04-27T17:13:34","modified_gmt":"2026-04-27T09:13:34","slug":"gs11-glassouse-cheek-switch","status":"publish","type":"product","link":"https:\/\/glassouse.com\/fr\/product\/gs11-glassouse-cheek-switch\/","title":{"rendered":"GS11 GlassOuse Cheek Switch"},"content":{"rendered":"<div class=\"wpb-content-wrapper\"><p>[vc_row unlock_row_content=\u00a0\u00bbyes\u00a0\u00bb row_height_percent=\u00a0\u00bb0&Prime; override_padding=\u00a0\u00bbyes\u00a0\u00bb h_padding=\u00a0\u00bb0&Prime; top_padding=\u00a0\u00bb0&Prime; bottom_padding=\u00a0\u00bb0&Prime; overlay_alpha=\u00a0\u00bb50&Prime; equal_height=\u00a0\u00bbyes\u00a0\u00bb gutter_size=\u00a0\u00bb0&Prime; column_width_percent=\u00a0\u00bb100&Prime; shift_y=\u00a0\u00bb0&Prime; z_index=\u00a0\u00bb0&Prime; el_class=\u00a0\u00bbcompact_section\u00a0\u00bb uncode_shortcode_id=\u00a0\u00bb152351&Prime; css=\u00a0\u00bb.vc_custom_1699886063694{padding-top: 15px !important;padding-right: 0px !important;padding-left: 0px !important;}\u00a0\u00bb][vc_column column_width_percent=\u00a0\u00bb100&Prime; position_horizontal=\u00a0\u00bbleft\u00a0\u00bb position_vertical=\u00a0\u00bbmiddle\u00a0\u00bb gutter_size=\u00a0\u00bb0&Prime; override_padding=\u00a0\u00bbyes\u00a0\u00bb column_padding=\u00a0\u00bb0&Prime; back_image=\u00a0\u00bb32851&Prime; back_repeat=\u00a0\u00bbno-repeat\u00a0\u00bb overlay_alpha=\u00a0\u00bb50&Prime; shift_x=\u00a0\u00bb0&Prime; shift_y=\u00a0\u00bb0&Prime; shift_y_down=\u00a0\u00bb0&Prime; z_index=\u00a0\u00bb0&Prime; medium_width=\u00a0\u00bb0&Prime; mobile_width=\u00a0\u00bb0&Prime; width=\u00a0\u00bb1\/1&Prime; uncode_shortcode_id=\u00a0\u00bb108338&Prime; css=\u00a0\u00bb.vc_custom_1699912411394{padding-top: 160px !important;padding-right: 0px !important;padding-bottom: 160px !important;padding-left: 50px !important;}\u00a0\u00bb el_class=\u00a0\u00bbcontent_column bg_right_top\u00a0\u00bb][vc_row_inner row_inner_height_percent=\u00a0\u00bb0&Prime; force_width_grid=\u00a0\u00bbyes\u00a0\u00bb overlay_alpha=\u00a0\u00bb50&Prime; gutter_size=\u00a0\u00bb0&Prime; shift_y=\u00a0\u00bb0&Prime; z_index=\u00a0\u00bb0&Prime; uncode_shortcode_id=\u00a0\u00bb101637&Prime; css=\u00a0\u00bb.vc_custom_1699885489765{padding-right: 0px !important;padding-left: 0px !important;}\u00a0\u00bb el_class=\u00a0\u00bblimit-width\u00a0\u00bb][vc_column_inner column_width_percent=\u00a0\u00bb100&Prime; position_horizontal=\u00a0\u00bbleft\u00a0\u00bb position_vertical=\u00a0\u00bbmiddle\u00a0\u00bb gutter_size=\u00a0\u00bb0&Prime; override_padding=\u00a0\u00bbyes\u00a0\u00bb column_padding=\u00a0\u00bb0&Prime; overlay_alpha=\u00a0\u00bb50&Prime; shift_x=\u00a0\u00bb0&Prime; shift_y=\u00a0\u00bb0&Prime; shift_y_down=\u00a0\u00bb0&Prime; z_index=\u00a0\u00bb0&Prime; medium_width=\u00a0\u00bb0&Prime; mobile_width=\u00a0\u00bb0&Prime; width=\u00a0\u00bb1\/2&Prime; uncode_shortcode_id=\u00a0\u00bb160996&Prime; css=\u00a0\u00bb.vc_custom_1699830045690{padding-right: 2% !important;padding-left: 0px !important;}\u00a0\u00bb][vc_custom_heading text_color=\u00a0\u00bbcolor-jevc\u00a0\u00bb text_size=\u00a0\u00bbh3&Prime; text_weight=\u00a0\u00bb600&Prime; uncode_shortcode_id=\u00a0\u00bb149931&Prime; text_color_type=\u00a0\u00bbuncode-palette\u00a0\u00bb el_class=\u00a0\u00bblh-1&Prime;]Cheeky Click<br \/>\nVotre clic n&rsquo;est qu&rsquo;\u00e0 une bouff\u00e9e d&rsquo;air.[\/vc_custom_heading][vc_separator sep_color=\u00a0\u00bb\u00a0\u00bb icon_position=\u00a0\u00bbleft\u00a0\u00bb el_height=\u00a0\u00bb5px\u00a0\u00bb uncode_shortcode_id=\u00a0\u00bb910599&Prime; sep_color_type=\u00a0\u00bbuncode-solid\u00a0\u00bb el_width=\u00a0\u00bb40px\u00a0\u00bb sep_color_solid=\u00a0\u00bb#cfeafa\u00a0\u00bb el_class=\u00a0\u00bbc-divider\u00a0\u00bb][\/vc_column_inner][vc_column_inner width=\u00a0\u00bb1\/2&Prime;][\/vc_column_inner][\/vc_row_inner][\/vc_column][\/vc_row][vc_row row_height_percent=\u00a0\u00bb0&Prime; overlay_alpha=\u00a0\u00bb50&Prime; gutter_size=\u00a0\u00bb3&Prime; column_width_percent=\u00a0\u00bb100&Prime; shift_y=\u00a0\u00bb0&Prime; z_index=\u00a0\u00bb0&Prime; uncode_shortcode_id=\u00a0\u00bb167275&Prime; css=\u00a0\u00bb.vc_custom_1699887163315{padding-top: 50px !important;}\u00a0\u00bb][vc_column column_width_percent=\u00a0\u00bb100&Prime; align_horizontal=\u00a0\u00bbalign_center\u00a0\u00bb gutter_size=\u00a0\u00bb3&Prime; overlay_alpha=\u00a0\u00bb50&Prime; shift_x=\u00a0\u00bb0&Prime; shift_y=\u00a0\u00bb0&Prime; shift_y_down=\u00a0\u00bb0&Prime; z_index=\u00a0\u00bb0&Prime; medium_width=\u00a0\u00bb0&Prime; mobile_width=\u00a0\u00bb0&Prime; width=\u00a0\u00bb1\/1&Prime; uncode_shortcode_id=\u00a0\u00bb798976&Prime;][vc_custom_heading text_color=\u00a0\u00bbcolor-jevc\u00a0\u00bb text_size=\u00a0\u00bbh3&Prime; text_weight=\u00a0\u00bb700&Prime; text_height=\u00a0\u00bblh-n\u00a0\u00bb uncode_shortcode_id=\u00a0\u00bb131943&Prime; text_color_type=\u00a0\u00bbuncode-palette\u00a0\u00bb]Interrupteur de joue[\/vc_custom_heading][vc_row_inner row_inner_height_percent=\u00a0\u00bb0&Prime; overlay_alpha=\u00a0\u00bb50&Prime; gutter_size=\u00a0\u00bb3&Prime; shift_y=\u00a0\u00bb0&Prime; z_index=\u00a0\u00bb0&Prime; uncode_shortcode_id=\u00a0\u00bb190634&Prime; el_class=\u00a0\u00bbicon_boxs_wrap\u00a0\u00bb css=\u00a0\u00bb.vc_custom_1699887284713{margin-top: 50px !important;padding-bottom: 0px !important;}\u00a0\u00bb][vc_column_inner column_width_percent=\u00a0\u00bb100&Prime; align_horizontal=\u00a0\u00bbalign_center\u00a0\u00bb gutter_size=\u00a0\u00bb2&Prime; overlay_alpha=\u00a0\u00bb50&Prime; shift_x=\u00a0\u00bb0&Prime; shift_y=\u00a0\u00bb0&Prime; shift_y_down=\u00a0\u00bb0&Prime; z_index=\u00a0\u00bb0&Prime; medium_width=\u00a0\u00bb0&Prime; mobile_width=\u00a0\u00bb0&Prime; width=\u00a0\u00bb1\/1&Prime; uncode_shortcode_id=\u00a0\u00bb168717&Prime;][vc_icon display=\u00a0\u00bbinline\u00a0\u00bb icon_image=\u00a0\u00bb19843&Prime; media_size=\u00a0\u00bb300&Prime; text_size=\u00a0\u00bbh4&Prime; text_weight=\u00a0\u00bb500&Prime; text_height=\u00a0\u00bblh-n\u00a0\u00bb uncode_shortcode_id=\u00a0\u00bb135918&Prime; title=\u00a0\u00bbGlassOuse PRO\/Link\u00a0\u00bb][\/vc_icon][vc_icon display=\u00a0\u00bbinline\u00a0\u00bb icon_image=\u00a0\u00bb19851&Prime; media_size=\u00a0\u00bb300&Prime; text_size=\u00a0\u00bbh4&Prime; text_weight=\u00a0\u00bb500&Prime; text_height=\u00a0\u00bblh-n\u00a0\u00bb uncode_shortcode_id=\u00a0\u00bb142226&Prime; title=\u00a0\u00bbGlassOuse 1.4 (et moins)\u00a0\u00bb][\/vc_icon][\/vc_column_inner][\/vc_row_inner][\/vc_column][\/vc_row][vc_row row_height_percent=\u00a0\u00bb0&Prime; override_padding=\u00a0\u00bbyes\u00a0\u00bb h_padding=\u00a0\u00bb0&Prime; top_padding=\u00a0\u00bb0&Prime; bottom_padding=\u00a0\u00bb3&Prime; overlay_alpha=\u00a0\u00bb50&Prime; gutter_size=\u00a0\u00bb3&Prime; column_width_percent=\u00a0\u00bb100&Prime; shift_y=\u00a0\u00bb0&Prime; z_index=\u00a0\u00bb0&Prime; uncode_shortcode_id=\u00a0\u00bb337339&Prime; css=\u00a0\u00bb.vc_custom_1699889376802{padding-top: 10px !important;}\u00a0\u00bb][vc_column column_width_percent=\u00a0\u00bb65&Prime; gutter_size=\u00a0\u00bb3&Prime; overlay_alpha=\u00a0\u00bb50&Prime; shift_x=\u00a0\u00bb0&Prime; shift_y=\u00a0\u00bb0&Prime; shift_y_down=\u00a0\u00bb0&Prime; z_index=\u00a0\u00bb0&Prime; medium_width=\u00a0\u00bb0&Prime; mobile_width=\u00a0\u00bb0&Prime; width=\u00a0\u00bb1\/1&Prime; uncode_shortcode_id=\u00a0\u00bb668692&Prime;][vc_row_inner row_inner_height_percent=\u00a0\u00bb0&Prime; overlay_alpha=\u00a0\u00bb50&Prime; gutter_size=\u00a0\u00bb3&Prime; shift_y=\u00a0\u00bb0&Prime; z_index=\u00a0\u00bb0&Prime; uncode_shortcode_id=\u00a0\u00bb840754&Prime; back_color_type=\u00a0\u00bbuncode-solid\u00a0\u00bb back_color_solid=\u00a0\u00bb#f3f3f3&Prime; css=\u00a0\u00bb.vc_custom_1700739037851{padding-top: 10px !important;padding-right: 15px !important;padding-bottom: 10px !important;padding-left: 15px !important;}\u00a0\u00bb el_class=\u00a0\u00bbbr-4 single_icon_box\u00a0\u00bb][vc_column_inner column_width_percent=\u00a0\u00bb100&Prime; align_horizontal=\u00a0\u00bbalign_center\u00a0\u00bb gutter_size=\u00a0\u00bb1&Prime; overlay_alpha=\u00a0\u00bb50&Prime; shift_x=\u00a0\u00bb0&Prime; shift_y=\u00a0\u00bb0&Prime; shift_y_down=\u00a0\u00bb0&Prime; z_index=\u00a0\u00bb0&Prime; medium_width=\u00a0\u00bb0&Prime; mobile_width=\u00a0\u00bb0&Prime; width=\u00a0\u00bb1\/1&Prime; uncode_shortcode_id=\u00a0\u00bb202295&Prime;][vc_icon position=\u00a0\u00bbright\u00a0\u00bb display=\u00a0\u00bbinline\u00a0\u00bb icon_image=\u00a0\u00bb19900&Prime; media_size=\u00a0\u00bb50&Prime; text_size=\u00a0\u00bbh4&Prime; text_weight=\u00a0\u00bb500&Prime; text_height=\u00a0\u00bblh-n\u00a0\u00bb text_lead=\u00a0\u00bbsmall\u00a0\u00bb uncode_shortcode_id=\u00a0\u00bb941139&Prime;]*<span style=\"color: #ff0000;\">Lorsqu&rsquo;il<\/span>est utilis\u00e9 avec GlassOuse PRO\/Link, le commutateur de joue ne peut s&rsquo;attacher qu&rsquo;\u00e0 la <span style=\"color: #000000;\">monture GW01<\/span>.[\/vc_icon][\/vc_column_inner][\/vc_row_inner][vc_icon position=\u00a0\u00bbleft\u00a0\u00bb icon=\u00a0\u00bbfa fa-play\u00a0\u00bb icon_image=\u00a0\u00bb20242&Prime; icon_color=\u00a0\u00bbcolor-xsdn\u00a0\u00bb uncode_shortcode_id=\u00a0\u00bb705044&Prime; icon_color_type=\u00a0\u00bbuncode-palette\u00a0\u00bb media_lightbox=\u00a0\u00bb20275&Prime; el_class=\u00a0\u00bbvideo_box\u00a0\u00bb][\/vc_icon][vc_column_text uncode_shortcode_id=\u00a0\u00bb579927&Prime;]<\/p>\n<p style=\"text-align: justify;\"><strong>Voici le \u00ab\u00a0Cheek Switch\u00a0\u00bb,<\/strong> un interrupteur d&rsquo;assistance de proximit\u00e9 qui permet aux personnes \u00e0 mobilit\u00e9 r\u00e9duite de contr\u00f4ler des appareils num\u00e9riques sans effort, par le simple mouvement des muscles de leur joue.<\/p>\n<p style=\"text-align: justify;\"><strong>Le Cheek Switch a \u00e9t\u00e9 con\u00e7u dans un souci de commodit\u00e9 et de polyvalence<\/strong>. Au bout du fil, vous trouverez un capteur de proximit\u00e9 de la taille d&rsquo;une pi\u00e8ce de monnaie qui d\u00e9tecte le mouvement des muscles de vos joues lorsque vous les gonflez, et le transforme en un simple clic. <\/p>\n<p>[\/vc_column_text][vc_gallery el_id=\u00a0\u00bbgallery-469288&Prime; isotope_mode=\u00a0\u00bbfitRows\u00a0\u00bb medias=\u00a0\u00bb32853,32843&Prime; gutter_size=\u00a0\u00bb2&Prime; screen_lg=\u00a0\u00bb1000&Prime; screen_md=\u00a0\u00bb600&Prime; screen_sm=\u00a0\u00bb480&Prime; single_overlay_opacity=\u00a0\u00bb50&Prime; single_h_align=\u00a0\u00bbcenter\u00a0\u00bb single_padding=\u00a0\u00bb2&Prime; uncode_shortcode_id=\u00a0\u00bb825742&Prime; items=\u00a0\u00bbeyIxMjIwNF9pIjp7InNpbmdsZV90ZXh0Ijoib3ZlcmxheSJ9fQ==\u00a0\u00bb el_class=\u00a0\u00bbc_gallery two_column_gallery\u00a0\u00bb][vc_gallery el_id=\u00a0\u00bbgallery-469288&Prime; medias=\u00a0\u00bb32845&Prime; gutter_size=\u00a0\u00bb3&Prime; screen_lg=\u00a0\u00bb1000&Prime; screen_md=\u00a0\u00bb600&Prime; screen_sm=\u00a0\u00bb480&Prime; single_width=\u00a0\u00bb12&Prime; single_overlay_opacity=\u00a0\u00bb50&Prime; single_padding=\u00a0\u00bb2&Prime; uncode_shortcode_id=\u00a0\u00bb135512&Prime; el_class=\u00a0\u00bbc_gallery mt-0 pt-20&Prime;][vc_column_text uncode_shortcode_id=\u00a0\u00bb181232&Prime;]<\/p>\n<p style=\"text-align: justify;\"><strong>Dot\u00e9 d&rsquo;un port mono 3,5 mm et d&rsquo;un fil r\u00e9glable,<\/strong> il offre flexibilit\u00e9 et facilit\u00e9 d&rsquo;utilisation. Il fonctionne parfaitement avec GlassOuse PRO\/Link* et GlassOuse V1.4. Deux c\u00e2bles de connexion de 3,5 mm de diff\u00e9rentes longueurs sont inclus dans la bo\u00eete, ce qui vous permet de l&rsquo;installer sur le c\u00f4t\u00e9 gauche ou droit de votre visage.  <\/p>\n<p style=\"text-align: justify;\"><strong>Le commutateur de joue ouvre un monde de possibilit\u00e9s,<\/strong> permettant aux personnes \u00e0 mobilit\u00e9 r\u00e9duite de naviguer dans les applications, de naviguer sur Internet et d&rsquo;utiliser des logiciels sans effort. Gr\u00e2ce \u00e0 sa conception intuitive et \u00e0 ses performances fiables, il offre un moyen transparent et accessible d&rsquo;interagir avec les appareils num\u00e9riques. <\/p>\n<p>[\/vc_column_text][vc_custom_heading text_color=\u00a0\u00bbcolor-jevc\u00a0\u00bb heading_semantic=\u00a0\u00bbdiv\u00a0\u00bb text_size=\u00a0\u00bbh3&Prime; text_weight=\u00a0\u00bb500&Prime; uncode_shortcode_id=\u00a0\u00bb150872&Prime; el_class=\u00a0\u00bbtext-center lh-1 custom_glass_heading\u00a0\u00bb text_color_type=\u00a0\u00bbuncode-palette\u00a0\u00bb]D\u00e9couvrez la commodit\u00e9 et la libert\u00e9 de l&rsquo;interrupteur de joue d\u00e8s aujourd&rsquo;hui[\/vc_custom_heading][\/vc_column][\/vc_row]<\/p>\n<\/div>","protected":false},"excerpt":{"rendered":"<p>[vc_row unlock_row_content=\u00a0\u00bbyes\u00a0\u00bb row_height_percent=\u00a0\u00bb0&Prime; override_padding=\u00a0\u00bbyes\u00a0\u00bb h_padding=\u00a0\u00bb0&Prime; top_padding=\u00a0\u00bb0&Prime; bottom_padding=\u00a0\u00bb0&Prime; overlay_alpha=\u00a0\u00bb50&Prime; equal_height=\u00a0\u00bbyes\u00a0\u00bb gutter_size=\u00a0\u00bb0&Prime; column_width_percent=\u00a0\u00bb100&Prime; shift_y=\u00a0\u00bb0&Prime; z_index=\u00a0\u00bb0&Prime; el_class=\u00a0\u00bbcompact_section\u00a0\u00bb uncode_shortcode_id=\u00a0\u00bb152351&Prime; css=\u00a0\u00bb.vc_custom_1699886063694{padding-top: 15px !important;padding-right: 0px !important;padding-left: [&hellip;]<\/p>\n","protected":false},"featured_media":32840,"template":"","meta":{"_acf_changed":false},"product_brand":[],"product_cat":[422],"product_tag":[],"class_list":{"0":"post-32824","1":"product","2":"type-product","3":"status-publish","4":"has-post-thumbnail","6":"product_cat-commutateurs-g","8":"first","9":"instock","10":"shipping-taxable","11":"purchasable","12":"product-type-simple"},"acf":[],"yoast_head":"<!-- This site is optimized with the Yoast SEO plugin v27.4 - https:\/\/yoast.com\/product\/yoast-seo-wordpress\/ -->\n<title>Interrupteur de joue - Dispositif d&#039;assistance pour les personnes handicap\u00e9es<\/title>\n<meta name=\"description\" content=\"Un dispositif d&#039;assistance pour contr\u00f4ler les appareils num\u00e9riques en bougeant les muscles de la joue. Compatible avec GlassOuse Pro et tout autre dispositif d&#039;assistance.\" \/>\n<meta name=\"robots\" content=\"index, follow, max-snippet:-1, max-image-preview:large, max-video-preview:-1\" \/>\n<link rel=\"canonical\" href=\"https:\/\/glassouse.com\/fr\/product\/gs11-glassouse-cheek-switch\/\" \/>\n<meta property=\"og:locale\" content=\"fr_FR\" \/>\n<meta property=\"og:type\" content=\"article\" \/>\n<meta property=\"og:title\" content=\"Interrupteur de joue - Dispositif d&#039;assistance pour les personnes handicap\u00e9es\" \/>\n<meta property=\"og:description\" content=\"Un dispositif d&#039;assistance pour contr\u00f4ler les appareils num\u00e9riques en bougeant les muscles de la joue. Compatible avec GlassOuse Pro et tout autre dispositif d&#039;assistance.\" \/>\n<meta property=\"og:url\" content=\"https:\/\/glassouse.com\/fr\/product\/gs11-glassouse-cheek-switch\/\" \/>\n<meta property=\"og:site_name\" content=\"Glassouse Assistive Device\" \/>\n<meta property=\"article:publisher\" content=\"https:\/\/www.facebook.com\/glassouse\/\" \/>\n<meta property=\"article:modified_time\" content=\"2026-04-27T09:13:34+00:00\" \/>\n<meta property=\"og:image\" content=\"https:\/\/glassouse.com\/wp-content\/uploads\/2023\/11\/check-switch-img1.jpg\" \/>\n\t<meta property=\"og:image:width\" content=\"1000\" \/>\n\t<meta property=\"og:image:height\" content=\"1000\" \/>\n\t<meta property=\"og:image:type\" content=\"image\/jpeg\" \/>\n<meta name=\"twitter:card\" content=\"summary_large_image\" \/>\n<meta name=\"twitter:site\" content=\"@glassouse\" \/>\n<meta name=\"twitter:label1\" content=\"Dur\u00e9e de lecture estim\u00e9e\" \/>\n\t<meta name=\"twitter:data1\" content=\"5 minutes\" \/>\n<script type=\"application\/ld+json\" class=\"yoast-schema-graph\">{\"@context\":\"https:\\\/\\\/schema.org\",\"@graph\":[{\"@type\":\"WebPage\",\"@id\":\"https:\\\/\\\/glassouse.com\\\/fr\\\/product\\\/gs11-glassouse-cheek-switch\\\/\",\"url\":\"https:\\\/\\\/glassouse.com\\\/fr\\\/product\\\/gs11-glassouse-cheek-switch\\\/\",\"name\":\"Interrupteur de joue - Dispositif d'assistance pour les personnes handicap\u00e9es\",\"isPartOf\":{\"@id\":\"https:\\\/\\\/glassouse.com\\\/fr\\\/#website\"},\"primaryImageOfPage\":{\"@id\":\"https:\\\/\\\/glassouse.com\\\/fr\\\/product\\\/gs11-glassouse-cheek-switch\\\/#primaryimage\"},\"image\":{\"@id\":\"https:\\\/\\\/glassouse.com\\\/fr\\\/product\\\/gs11-glassouse-cheek-switch\\\/#primaryimage\"},\"thumbnailUrl\":\"https:\\\/\\\/glassouse.com\\\/wp-content\\\/uploads\\\/2023\\\/11\\\/check-switch-img1.jpg\",\"datePublished\":\"2023-11-12T23:39:31+00:00\",\"dateModified\":\"2026-04-27T09:13:34+00:00\",\"description\":\"Un dispositif d'assistance pour contr\u00f4ler les appareils num\u00e9riques en bougeant les muscles de la joue. Compatible avec GlassOuse Pro et tout autre dispositif d'assistance.\",\"breadcrumb\":{\"@id\":\"https:\\\/\\\/glassouse.com\\\/fr\\\/product\\\/gs11-glassouse-cheek-switch\\\/#breadcrumb\"},\"inLanguage\":\"fr-FR\",\"potentialAction\":[{\"@type\":\"ReadAction\",\"target\":[\"https:\\\/\\\/glassouse.com\\\/fr\\\/product\\\/gs11-glassouse-cheek-switch\\\/\"]}]},{\"@type\":\"ImageObject\",\"inLanguage\":\"fr-FR\",\"@id\":\"https:\\\/\\\/glassouse.com\\\/fr\\\/product\\\/gs11-glassouse-cheek-switch\\\/#primaryimage\",\"url\":\"https:\\\/\\\/glassouse.com\\\/wp-content\\\/uploads\\\/2023\\\/11\\\/check-switch-img1.jpg\",\"contentUrl\":\"https:\\\/\\\/glassouse.com\\\/wp-content\\\/uploads\\\/2023\\\/11\\\/check-switch-img1.jpg\",\"width\":1000,\"height\":1000,\"caption\":\"check-switch\"},{\"@type\":\"BreadcrumbList\",\"@id\":\"https:\\\/\\\/glassouse.com\\\/fr\\\/product\\\/gs11-glassouse-cheek-switch\\\/#breadcrumb\",\"itemListElement\":[{\"@type\":\"ListItem\",\"position\":1,\"name\":\"Home\",\"item\":\"https:\\\/\\\/glassouse.com\\\/fr\\\/accueil\\\/\"},{\"@type\":\"ListItem\",\"position\":2,\"name\":\"Boutique\",\"item\":\"https:\\\/\\\/glassouse.com\\\/fr\\\/boutique\\\/\"},{\"@type\":\"ListItem\",\"position\":3,\"name\":\"GS11 GlassOuse Cheek Switch\"}]},{\"@type\":\"WebSite\",\"@id\":\"https:\\\/\\\/glassouse.com\\\/fr\\\/#website\",\"url\":\"https:\\\/\\\/glassouse.com\\\/fr\\\/\",\"name\":\"Glassouse Assistive Device\",\"description\":\"Assistive Device and Switches for Disabled\",\"publisher\":{\"@id\":\"https:\\\/\\\/glassouse.com\\\/fr\\\/#organization\"},\"potentialAction\":[{\"@type\":\"SearchAction\",\"target\":{\"@type\":\"EntryPoint\",\"urlTemplate\":\"https:\\\/\\\/glassouse.com\\\/fr\\\/?s={search_term_string}\"},\"query-input\":{\"@type\":\"PropertyValueSpecification\",\"valueRequired\":true,\"valueName\":\"search_term_string\"}}],\"inLanguage\":\"fr-FR\"},{\"@type\":\"Organization\",\"@id\":\"https:\\\/\\\/glassouse.com\\\/fr\\\/#organization\",\"name\":\"GlassOuse Assistive Device\",\"url\":\"https:\\\/\\\/glassouse.com\\\/fr\\\/\",\"logo\":{\"@type\":\"ImageObject\",\"inLanguage\":\"fr-FR\",\"@id\":\"https:\\\/\\\/glassouse.com\\\/fr\\\/#\\\/schema\\\/logo\\\/image\\\/\",\"url\":\"https:\\\/\\\/glassouse.com\\\/wp-content\\\/uploads\\\/2017\\\/11\\\/logo.jpg\",\"contentUrl\":\"https:\\\/\\\/glassouse.com\\\/wp-content\\\/uploads\\\/2017\\\/11\\\/logo.jpg\",\"width\":500,\"height\":500,\"caption\":\"GlassOuse Assistive Device\"},\"image\":{\"@id\":\"https:\\\/\\\/glassouse.com\\\/fr\\\/#\\\/schema\\\/logo\\\/image\\\/\"},\"sameAs\":[\"https:\\\/\\\/www.facebook.com\\\/glassouse\\\/\",\"https:\\\/\\\/x.com\\\/glassouse\",\"https:\\\/\\\/www.instagram.com\\\/glassouseassistivedevice\\\/\",\"https:\\\/\\\/www.linkedin.com\\\/company\\\/glassouse\\\/\",\"https:\\\/\\\/www.youtube.com\\\/channel\\\/UCM5pebcmVXbu00QYd91_Gyw\"]}]}<\/script>\n<!-- \/ Yoast SEO plugin. -->","yoast_head_json":{"title":"Interrupteur de joue - Dispositif d'assistance pour les personnes handicap\u00e9es","description":"Un dispositif d'assistance pour contr\u00f4ler les appareils num\u00e9riques en bougeant les muscles de la joue. Compatible avec GlassOuse Pro et tout autre dispositif d'assistance.","robots":{"index":"index","follow":"follow","max-snippet":"max-snippet:-1","max-image-preview":"max-image-preview:large","max-video-preview":"max-video-preview:-1"},"canonical":"https:\/\/glassouse.com\/fr\/product\/gs11-glassouse-cheek-switch\/","og_locale":"fr_FR","og_type":"article","og_title":"Interrupteur de joue - Dispositif d'assistance pour les personnes handicap\u00e9es","og_description":"Un dispositif d'assistance pour contr\u00f4ler les appareils num\u00e9riques en bougeant les muscles de la joue. Compatible avec GlassOuse Pro et tout autre dispositif d'assistance.","og_url":"https:\/\/glassouse.com\/fr\/product\/gs11-glassouse-cheek-switch\/","og_site_name":"Glassouse Assistive Device","article_publisher":"https:\/\/www.facebook.com\/glassouse\/","article_modified_time":"2026-04-27T09:13:34+00:00","og_image":[{"width":1000,"height":1000,"url":"https:\/\/glassouse.com\/wp-content\/uploads\/2023\/11\/check-switch-img1.jpg","type":"image\/jpeg"}],"twitter_card":"summary_large_image","twitter_site":"@glassouse","twitter_misc":{"Dur\u00e9e de lecture estim\u00e9e":"5 minutes"},"schema":{"@context":"https:\/\/schema.org","@graph":[{"@type":"WebPage","@id":"https:\/\/glassouse.com\/fr\/product\/gs11-glassouse-cheek-switch\/","url":"https:\/\/glassouse.com\/fr\/product\/gs11-glassouse-cheek-switch\/","name":"Interrupteur de joue - Dispositif d'assistance pour les personnes handicap\u00e9es","isPartOf":{"@id":"https:\/\/glassouse.com\/fr\/#website"},"primaryImageOfPage":{"@id":"https:\/\/glassouse.com\/fr\/product\/gs11-glassouse-cheek-switch\/#primaryimage"},"image":{"@id":"https:\/\/glassouse.com\/fr\/product\/gs11-glassouse-cheek-switch\/#primaryimage"},"thumbnailUrl":"https:\/\/glassouse.com\/wp-content\/uploads\/2023\/11\/check-switch-img1.jpg","datePublished":"2023-11-12T23:39:31+00:00","dateModified":"2026-04-27T09:13:34+00:00","description":"Un dispositif d'assistance pour contr\u00f4ler les appareils num\u00e9riques en bougeant les muscles de la joue. Compatible avec GlassOuse Pro et tout autre dispositif d'assistance.","breadcrumb":{"@id":"https:\/\/glassouse.com\/fr\/product\/gs11-glassouse-cheek-switch\/#breadcrumb"},"inLanguage":"fr-FR","potentialAction":[{"@type":"ReadAction","target":["https:\/\/glassouse.com\/fr\/product\/gs11-glassouse-cheek-switch\/"]}]},{"@type":"ImageObject","inLanguage":"fr-FR","@id":"https:\/\/glassouse.com\/fr\/product\/gs11-glassouse-cheek-switch\/#primaryimage","url":"https:\/\/glassouse.com\/wp-content\/uploads\/2023\/11\/check-switch-img1.jpg","contentUrl":"https:\/\/glassouse.com\/wp-content\/uploads\/2023\/11\/check-switch-img1.jpg","width":1000,"height":1000,"caption":"check-switch"},{"@type":"BreadcrumbList","@id":"https:\/\/glassouse.com\/fr\/product\/gs11-glassouse-cheek-switch\/#breadcrumb","itemListElement":[{"@type":"ListItem","position":1,"name":"Home","item":"https:\/\/glassouse.com\/fr\/accueil\/"},{"@type":"ListItem","position":2,"name":"Boutique","item":"https:\/\/glassouse.com\/fr\/boutique\/"},{"@type":"ListItem","position":3,"name":"GS11 GlassOuse Cheek Switch"}]},{"@type":"WebSite","@id":"https:\/\/glassouse.com\/fr\/#website","url":"https:\/\/glassouse.com\/fr\/","name":"Glassouse Assistive Device","description":"Assistive Device and Switches for Disabled","publisher":{"@id":"https:\/\/glassouse.com\/fr\/#organization"},"potentialAction":[{"@type":"SearchAction","target":{"@type":"EntryPoint","urlTemplate":"https:\/\/glassouse.com\/fr\/?s={search_term_string}"},"query-input":{"@type":"PropertyValueSpecification","valueRequired":true,"valueName":"search_term_string"}}],"inLanguage":"fr-FR"},{"@type":"Organization","@id":"https:\/\/glassouse.com\/fr\/#organization","name":"GlassOuse Assistive Device","url":"https:\/\/glassouse.com\/fr\/","logo":{"@type":"ImageObject","inLanguage":"fr-FR","@id":"https:\/\/glassouse.com\/fr\/#\/schema\/logo\/image\/","url":"https:\/\/glassouse.com\/wp-content\/uploads\/2017\/11\/logo.jpg","contentUrl":"https:\/\/glassouse.com\/wp-content\/uploads\/2017\/11\/logo.jpg","width":500,"height":500,"caption":"GlassOuse Assistive Device"},"image":{"@id":"https:\/\/glassouse.com\/fr\/#\/schema\/logo\/image\/"},"sameAs":["https:\/\/www.facebook.com\/glassouse\/","https:\/\/x.com\/glassouse","https:\/\/www.instagram.com\/glassouseassistivedevice\/","https:\/\/www.linkedin.com\/company\/glassouse\/","https:\/\/www.youtube.com\/channel\/UCM5pebcmVXbu00QYd91_Gyw"]}]}},"_links":{"self":[{"href":"https:\/\/glassouse.com\/fr\/wp-json\/wp\/v2\/product\/32824","targetHints":{"allow":["GET"]}}],"collection":[{"href":"https:\/\/glassouse.com\/fr\/wp-json\/wp\/v2\/product"}],"about":[{"href":"https:\/\/glassouse.com\/fr\/wp-json\/wp\/v2\/types\/product"}],"wp:featuredmedia":[{"embeddable":true,"href":"https:\/\/glassouse.com\/fr\/wp-json\/wp\/v2\/media\/32840"}],"wp:attachment":[{"href":"https:\/\/glassouse.com\/fr\/wp-json\/wp\/v2\/media?parent=32824"}],"wp:term":[{"taxonomy":"product_brand","embeddable":true,"href":"https:\/\/glassouse.com\/fr\/wp-json\/wp\/v2\/product_brand?post=32824"},{"taxonomy":"product_cat","embeddable":true,"href":"https:\/\/glassouse.com\/fr\/wp-json\/wp\/v2\/product_cat?post=32824"},{"taxonomy":"product_tag","embeddable":true,"href":"https:\/\/glassouse.com\/fr\/wp-json\/wp\/v2\/product_tag?post=32824"}],"curies":[{"name":"wp","href":"https:\/\/api.w.org\/{rel}","templated":true}]}}