{"id":34595,"date":"2017-11-23T09:27:47","date_gmt":"2017-11-23T09:27:47","guid":{"rendered":"https:\/\/glassouse.com\/product\/ac01-couvercle-en-silicone-pour-bite-switch-360-bite-switch\/"},"modified":"2017-11-23T09:27:47","modified_gmt":"2017-11-23T01:27:47","slug":"ac01-couvercle-en-silicone-pour-bite-switch-360-bite-switch","status":"publish","type":"product","link":"https:\/\/glassouse.com\/fr\/product\/ac01-couvercle-en-silicone-pour-bite-switch-360-bite-switch\/","title":{"rendered":"AC01 Couvercle en silicone pour Bite Switch\/360 Bite Switch"},"content":{"rendered":"","protected":false},"excerpt":{"rendered":"<p><strong>1x pcs Silicone Cover for Bite Switch\/360 Bite Switch<\/strong><\/p>\n<p>Couvercle suppl\u00e9mentaire en silicone pour les produits GlassOuse V1.4 &amp; Link &amp; Pro&rsquo;s Bite Switch et 360 Bite Switch. Le couvercle est fabriqu\u00e9 dans un mat\u00e9riau non canc\u00e9rig\u00e8ne et est facile \u00e0 changer et \u00e0 nettoyer. Il suffit de le retirer du module d&rsquo;interrupteur, de le laver ou de le nettoyer avec un chiffon humide.  <\/p>\n","protected":false},"featured_media":34599,"template":"","meta":{"_acf_changed":false},"product_brand":[],"product_cat":[373],"product_tag":[],"class_list":{"0":"post-34595","1":"product","2":"type-product","3":"status-publish","4":"has-post-thumbnail","6":"product_cat-accessoires-glassouse","7":"product_shipping_class-accessoires","9":"first","10":"instock","11":"shipping-taxable","12":"purchasable","13":"product-type-variable","14":"has-default-attributes"},"acf":[],"yoast_head":"<!-- This site is optimized with the Yoast SEO plugin v27.4 - https:\/\/yoast.com\/product\/yoast-seo-wordpress\/ -->\n<title>GlassOuse Silicone Cover for Bite Switch\/360 Bite Switch for Sale - Design for Disabilities<\/title>\n<meta name=\"description\" content=\"Housse en silicone pour l&#039;appareil d&#039;assistance GlassOuse Bite Switch\/360 Bite Switch. Con\u00e7u pour les personnes handicap\u00e9es, en mat\u00e9riaux durables et solides. Exp\u00e9dition dans le monde entier.\" \/>\n<meta name=\"robots\" content=\"index, follow, max-snippet:-1, max-image-preview:large, max-video-preview:-1\" \/>\n<link rel=\"canonical\" href=\"https:\/\/glassouse.com\/fr\/product\/ac01-couvercle-en-silicone-pour-bite-switch-360-bite-switch\/\" \/>\n<meta property=\"og:locale\" content=\"fr_FR\" \/>\n<meta property=\"og:type\" content=\"article\" \/>\n<meta property=\"og:title\" content=\"GlassOuse Silicone Cover for Bite Switch\/360 Bite Switch for Sale - Design for Disabilities\" \/>\n<meta property=\"og:description\" content=\"Housse en silicone pour l&#039;appareil d&#039;assistance GlassOuse Bite Switch\/360 Bite Switch. Con\u00e7u pour les personnes handicap\u00e9es, en mat\u00e9riaux durables et solides. Exp\u00e9dition dans le monde entier.\" \/>\n<meta property=\"og:url\" content=\"https:\/\/glassouse.com\/fr\/product\/ac01-couvercle-en-silicone-pour-bite-switch-360-bite-switch\/\" \/>\n<meta property=\"og:site_name\" content=\"Glassouse Assistive Device\" \/>\n<meta property=\"article:publisher\" content=\"https:\/\/www.facebook.com\/glassouse\/\" \/>\n<meta property=\"og:image\" content=\"https:\/\/glassouse.com\/wp-content\/uploads\/2017\/11\/Bite-Switch-Silicone-Cover-img.jpg\" \/>\n\t<meta property=\"og:image:width\" content=\"516\" \/>\n\t<meta property=\"og:image:height\" content=\"516\" \/>\n\t<meta property=\"og:image:type\" content=\"image\/jpeg\" \/>\n<meta name=\"twitter:card\" content=\"summary_large_image\" \/>\n<meta name=\"twitter:site\" content=\"@glassouse\" \/>\n<script type=\"application\/ld+json\" class=\"yoast-schema-graph\">{\"@context\":\"https:\\\/\\\/schema.org\",\"@graph\":[{\"@type\":\"WebPage\",\"@id\":\"https:\\\/\\\/glassouse.com\\\/fr\\\/product\\\/ac01-couvercle-en-silicone-pour-bite-switch-360-bite-switch\\\/\",\"url\":\"https:\\\/\\\/glassouse.com\\\/fr\\\/product\\\/ac01-couvercle-en-silicone-pour-bite-switch-360-bite-switch\\\/\",\"name\":\"GlassOuse Silicone Cover for Bite Switch\\\/360 Bite Switch for Sale - Design for Disabilities\",\"isPartOf\":{\"@id\":\"https:\\\/\\\/glassouse.com\\\/fr\\\/#website\"},\"primaryImageOfPage\":{\"@id\":\"https:\\\/\\\/glassouse.com\\\/fr\\\/product\\\/ac01-couvercle-en-silicone-pour-bite-switch-360-bite-switch\\\/#primaryimage\"},\"image\":{\"@id\":\"https:\\\/\\\/glassouse.com\\\/fr\\\/product\\\/ac01-couvercle-en-silicone-pour-bite-switch-360-bite-switch\\\/#primaryimage\"},\"thumbnailUrl\":\"https:\\\/\\\/glassouse.com\\\/wp-content\\\/uploads\\\/2017\\\/11\\\/Bite-Switch-Silicone-Cover-img.jpg\",\"datePublished\":\"2017-11-23T09:27:47+00:00\",\"description\":\"Housse en silicone pour l'appareil d'assistance GlassOuse Bite Switch\\\/360 Bite Switch. Con\u00e7u pour les personnes handicap\u00e9es, en mat\u00e9riaux durables et solides. Exp\u00e9dition dans le monde entier.\",\"breadcrumb\":{\"@id\":\"https:\\\/\\\/glassouse.com\\\/fr\\\/product\\\/ac01-couvercle-en-silicone-pour-bite-switch-360-bite-switch\\\/#breadcrumb\"},\"inLanguage\":\"fr-FR\",\"potentialAction\":[{\"@type\":\"ReadAction\",\"target\":[\"https:\\\/\\\/glassouse.com\\\/fr\\\/product\\\/ac01-couvercle-en-silicone-pour-bite-switch-360-bite-switch\\\/\"]}]},{\"@type\":\"ImageObject\",\"inLanguage\":\"fr-FR\",\"@id\":\"https:\\\/\\\/glassouse.com\\\/fr\\\/product\\\/ac01-couvercle-en-silicone-pour-bite-switch-360-bite-switch\\\/#primaryimage\",\"url\":\"https:\\\/\\\/glassouse.com\\\/wp-content\\\/uploads\\\/2017\\\/11\\\/Bite-Switch-Silicone-Cover-img.jpg\",\"contentUrl\":\"https:\\\/\\\/glassouse.com\\\/wp-content\\\/uploads\\\/2017\\\/11\\\/Bite-Switch-Silicone-Cover-img.jpg\",\"width\":516,\"height\":516,\"caption\":\"Bite-Switch-Silicone-Cover-img\"},{\"@type\":\"BreadcrumbList\",\"@id\":\"https:\\\/\\\/glassouse.com\\\/fr\\\/product\\\/ac01-couvercle-en-silicone-pour-bite-switch-360-bite-switch\\\/#breadcrumb\",\"itemListElement\":[{\"@type\":\"ListItem\",\"position\":1,\"name\":\"Home\",\"item\":\"https:\\\/\\\/glassouse.com\\\/fr\\\/accueil\\\/\"},{\"@type\":\"ListItem\",\"position\":2,\"name\":\"Boutique\",\"item\":\"https:\\\/\\\/glassouse.com\\\/fr\\\/boutique\\\/\"},{\"@type\":\"ListItem\",\"position\":3,\"name\":\"AC01 Couvercle en silicone pour Bite Switch\\\/360 Bite Switch\"}]},{\"@type\":\"WebSite\",\"@id\":\"https:\\\/\\\/glassouse.com\\\/fr\\\/#website\",\"url\":\"https:\\\/\\\/glassouse.com\\\/fr\\\/\",\"name\":\"Glassouse Assistive Device\",\"description\":\"Assistive Device and Switches for Disabled\",\"publisher\":{\"@id\":\"https:\\\/\\\/glassouse.com\\\/fr\\\/#organization\"},\"potentialAction\":[{\"@type\":\"SearchAction\",\"target\":{\"@type\":\"EntryPoint\",\"urlTemplate\":\"https:\\\/\\\/glassouse.com\\\/fr\\\/?s={search_term_string}\"},\"query-input\":{\"@type\":\"PropertyValueSpecification\",\"valueRequired\":true,\"valueName\":\"search_term_string\"}}],\"inLanguage\":\"fr-FR\"},{\"@type\":\"Organization\",\"@id\":\"https:\\\/\\\/glassouse.com\\\/fr\\\/#organization\",\"name\":\"GlassOuse Assistive Device\",\"url\":\"https:\\\/\\\/glassouse.com\\\/fr\\\/\",\"logo\":{\"@type\":\"ImageObject\",\"inLanguage\":\"fr-FR\",\"@id\":\"https:\\\/\\\/glassouse.com\\\/fr\\\/#\\\/schema\\\/logo\\\/image\\\/\",\"url\":\"https:\\\/\\\/glassouse.com\\\/wp-content\\\/uploads\\\/2017\\\/11\\\/logo.jpg\",\"contentUrl\":\"https:\\\/\\\/glassouse.com\\\/wp-content\\\/uploads\\\/2017\\\/11\\\/logo.jpg\",\"width\":500,\"height\":500,\"caption\":\"GlassOuse Assistive Device\"},\"image\":{\"@id\":\"https:\\\/\\\/glassouse.com\\\/fr\\\/#\\\/schema\\\/logo\\\/image\\\/\"},\"sameAs\":[\"https:\\\/\\\/www.facebook.com\\\/glassouse\\\/\",\"https:\\\/\\\/x.com\\\/glassouse\",\"https:\\\/\\\/www.instagram.com\\\/glassouseassistivedevice\\\/\",\"https:\\\/\\\/www.linkedin.com\\\/company\\\/glassouse\\\/\",\"https:\\\/\\\/www.youtube.com\\\/channel\\\/UCM5pebcmVXbu00QYd91_Gyw\"]}]}<\/script>\n<!-- \/ Yoast SEO plugin. -->","yoast_head_json":{"title":"GlassOuse Silicone Cover for Bite Switch\/360 Bite Switch for Sale - Design for Disabilities","description":"Housse en silicone pour l'appareil d'assistance GlassOuse Bite Switch\/360 Bite Switch. Con\u00e7u pour les personnes handicap\u00e9es, en mat\u00e9riaux durables et solides. Exp\u00e9dition dans le monde entier.","robots":{"index":"index","follow":"follow","max-snippet":"max-snippet:-1","max-image-preview":"max-image-preview:large","max-video-preview":"max-video-preview:-1"},"canonical":"https:\/\/glassouse.com\/fr\/product\/ac01-couvercle-en-silicone-pour-bite-switch-360-bite-switch\/","og_locale":"fr_FR","og_type":"article","og_title":"GlassOuse Silicone Cover for Bite Switch\/360 Bite Switch for Sale - Design for Disabilities","og_description":"Housse en silicone pour l'appareil d'assistance GlassOuse Bite Switch\/360 Bite Switch. Con\u00e7u pour les personnes handicap\u00e9es, en mat\u00e9riaux durables et solides. Exp\u00e9dition dans le monde entier.","og_url":"https:\/\/glassouse.com\/fr\/product\/ac01-couvercle-en-silicone-pour-bite-switch-360-bite-switch\/","og_site_name":"Glassouse Assistive Device","article_publisher":"https:\/\/www.facebook.com\/glassouse\/","og_image":[{"width":516,"height":516,"url":"https:\/\/glassouse.com\/wp-content\/uploads\/2017\/11\/Bite-Switch-Silicone-Cover-img.jpg","type":"image\/jpeg"}],"twitter_card":"summary_large_image","twitter_site":"@glassouse","schema":{"@context":"https:\/\/schema.org","@graph":[{"@type":"WebPage","@id":"https:\/\/glassouse.com\/fr\/product\/ac01-couvercle-en-silicone-pour-bite-switch-360-bite-switch\/","url":"https:\/\/glassouse.com\/fr\/product\/ac01-couvercle-en-silicone-pour-bite-switch-360-bite-switch\/","name":"GlassOuse Silicone Cover for Bite Switch\/360 Bite Switch for Sale - Design for Disabilities","isPartOf":{"@id":"https:\/\/glassouse.com\/fr\/#website"},"primaryImageOfPage":{"@id":"https:\/\/glassouse.com\/fr\/product\/ac01-couvercle-en-silicone-pour-bite-switch-360-bite-switch\/#primaryimage"},"image":{"@id":"https:\/\/glassouse.com\/fr\/product\/ac01-couvercle-en-silicone-pour-bite-switch-360-bite-switch\/#primaryimage"},"thumbnailUrl":"https:\/\/glassouse.com\/wp-content\/uploads\/2017\/11\/Bite-Switch-Silicone-Cover-img.jpg","datePublished":"2017-11-23T09:27:47+00:00","description":"Housse en silicone pour l'appareil d'assistance GlassOuse Bite Switch\/360 Bite Switch. Con\u00e7u pour les personnes handicap\u00e9es, en mat\u00e9riaux durables et solides. Exp\u00e9dition dans le monde entier.","breadcrumb":{"@id":"https:\/\/glassouse.com\/fr\/product\/ac01-couvercle-en-silicone-pour-bite-switch-360-bite-switch\/#breadcrumb"},"inLanguage":"fr-FR","potentialAction":[{"@type":"ReadAction","target":["https:\/\/glassouse.com\/fr\/product\/ac01-couvercle-en-silicone-pour-bite-switch-360-bite-switch\/"]}]},{"@type":"ImageObject","inLanguage":"fr-FR","@id":"https:\/\/glassouse.com\/fr\/product\/ac01-couvercle-en-silicone-pour-bite-switch-360-bite-switch\/#primaryimage","url":"https:\/\/glassouse.com\/wp-content\/uploads\/2017\/11\/Bite-Switch-Silicone-Cover-img.jpg","contentUrl":"https:\/\/glassouse.com\/wp-content\/uploads\/2017\/11\/Bite-Switch-Silicone-Cover-img.jpg","width":516,"height":516,"caption":"Bite-Switch-Silicone-Cover-img"},{"@type":"BreadcrumbList","@id":"https:\/\/glassouse.com\/fr\/product\/ac01-couvercle-en-silicone-pour-bite-switch-360-bite-switch\/#breadcrumb","itemListElement":[{"@type":"ListItem","position":1,"name":"Home","item":"https:\/\/glassouse.com\/fr\/accueil\/"},{"@type":"ListItem","position":2,"name":"Boutique","item":"https:\/\/glassouse.com\/fr\/boutique\/"},{"@type":"ListItem","position":3,"name":"AC01 Couvercle en silicone pour Bite Switch\/360 Bite Switch"}]},{"@type":"WebSite","@id":"https:\/\/glassouse.com\/fr\/#website","url":"https:\/\/glassouse.com\/fr\/","name":"Glassouse Assistive Device","description":"Assistive Device and Switches for Disabled","publisher":{"@id":"https:\/\/glassouse.com\/fr\/#organization"},"potentialAction":[{"@type":"SearchAction","target":{"@type":"EntryPoint","urlTemplate":"https:\/\/glassouse.com\/fr\/?s={search_term_string}"},"query-input":{"@type":"PropertyValueSpecification","valueRequired":true,"valueName":"search_term_string"}}],"inLanguage":"fr-FR"},{"@type":"Organization","@id":"https:\/\/glassouse.com\/fr\/#organization","name":"GlassOuse Assistive Device","url":"https:\/\/glassouse.com\/fr\/","logo":{"@type":"ImageObject","inLanguage":"fr-FR","@id":"https:\/\/glassouse.com\/fr\/#\/schema\/logo\/image\/","url":"https:\/\/glassouse.com\/wp-content\/uploads\/2017\/11\/logo.jpg","contentUrl":"https:\/\/glassouse.com\/wp-content\/uploads\/2017\/11\/logo.jpg","width":500,"height":500,"caption":"GlassOuse Assistive Device"},"image":{"@id":"https:\/\/glassouse.com\/fr\/#\/schema\/logo\/image\/"},"sameAs":["https:\/\/www.facebook.com\/glassouse\/","https:\/\/x.com\/glassouse","https:\/\/www.instagram.com\/glassouseassistivedevice\/","https:\/\/www.linkedin.com\/company\/glassouse\/","https:\/\/www.youtube.com\/channel\/UCM5pebcmVXbu00QYd91_Gyw"]}]}},"_links":{"self":[{"href":"https:\/\/glassouse.com\/fr\/wp-json\/wp\/v2\/product\/34595","targetHints":{"allow":["GET"]}}],"collection":[{"href":"https:\/\/glassouse.com\/fr\/wp-json\/wp\/v2\/product"}],"about":[{"href":"https:\/\/glassouse.com\/fr\/wp-json\/wp\/v2\/types\/product"}],"wp:featuredmedia":[{"embeddable":true,"href":"https:\/\/glassouse.com\/fr\/wp-json\/wp\/v2\/media\/34599"}],"wp:attachment":[{"href":"https:\/\/glassouse.com\/fr\/wp-json\/wp\/v2\/media?parent=34595"}],"wp:term":[{"taxonomy":"product_brand","embeddable":true,"href":"https:\/\/glassouse.com\/fr\/wp-json\/wp\/v2\/product_brand?post=34595"},{"taxonomy":"product_cat","embeddable":true,"href":"https:\/\/glassouse.com\/fr\/wp-json\/wp\/v2\/product_cat?post=34595"},{"taxonomy":"product_tag","embeddable":true,"href":"https:\/\/glassouse.com\/fr\/wp-json\/wp\/v2\/product_tag?post=34595"}],"curies":[{"name":"wp","href":"https:\/\/api.w.org\/{rel}","templated":true}]}}