{"id":36483,"date":"2019-06-28T16:20:06","date_gmt":"2019-06-28T08:20:06","guid":{"rendered":"https:\/\/glassouse.com\/product\/offre-groupee-glassouse-v1-4\/"},"modified":"2019-06-28T16:20:06","modified_gmt":"2019-06-28T08:20:06","slug":"offre-groupee-glassouse-v1-4","status":"publish","type":"product","link":"https:\/\/glassouse.com\/fr\/product\/offre-groupee-glassouse-v1-4\/","title":{"rendered":"Offre group\u00e9e GlassOuse V1.4"},"content":{"rendered":"","protected":false},"excerpt":{"rendered":"<h4>GLASSOUSE V1.4 &amp; S\u00c9RIE G-SWITCH<\/h4>\n<p><strong>1x<\/strong> GlassOuse V1.4<\/p>\n<p><strong>1x <\/strong>G-Speech<\/p>\n<p><strong>17x <\/strong>G-Switches : GS01 Interrupteur de morsure, GS02 Interrupteur de souffle, GS03 Interrupteur de doigt, GS04 Interrupteur de pied, GS05 Interrupteur de pression 100gr(+MINI), GS06 Interrupteur de pression 150gr(+MINI), GS07 Interrupteur d&rsquo;oreiller(+MINI), GS08 Interrupteur tactile(+MINI), GS09 Interrupteur de proximit\u00e9(+MINI), GS11 Interrupteur de joue, GS12 Interrupteur de clignement des yeux, GS13 Interrupteur de muscle.<\/p>\n<p><b>4x<\/b> AC01 Silicone Switch Cover ; AC02 3.5mm Extension Cable ; AC03 Travel Case for GlassOuse V1.4 ; AC04 Pillow Switch Cover<\/p>\n<p><strong>1x <\/strong>GM01 G-Mount pour t\u00e9l\u00e9phones et tablettes<\/p>\n<p>*Tous les accessoires sont inclus<\/p>\n<p><a href=\"https:\/\/glassouse.com\/fr\/garantie-de-remboursement\/\"><img decoding=\"async\" class=\"alignnone wp-image-1817\" src=\"https:\/\/glassouse.com\/wp-content\/uploads\/2017\/11\/15_Day_Money_Back_47882ccb-f31c-4b58-ab77-9b78929009ef_grande.png\" alt=\"\" width=\"120\" height=\"120\" srcset=\"https:\/\/glassouse.com\/wp-content\/uploads\/2017\/11\/15_Day_Money_Back_47882ccb-f31c-4b58-ab77-9b78929009ef_grande.png 150w, https:\/\/glassouse.com\/wp-content\/uploads\/2017\/11\/15_Day_Money_Back_47882ccb-f31c-4b58-ab77-9b78929009ef_grande-100x100.png 100w, https:\/\/glassouse.com\/wp-content\/uploads\/2017\/11\/15_Day_Money_Back_47882ccb-f31c-4b58-ab77-9b78929009ef_grande-75x75.png 75w\" sizes=\"(max-width: 120px) 100vw, 120px\" \/><\/a> <img decoding=\"async\" class=\"alignnone wp-image-3424\" src=\"https:\/\/glassouse.com\/wp-content\/uploads\/2020\/08\/A4.png\" alt=\"Garantie GlassOuse\" width=\"120\" height=\"120\" srcset=\"https:\/\/glassouse.com\/wp-content\/uploads\/2020\/08\/A4.png 345w, https:\/\/glassouse.com\/wp-content\/uploads\/2020\/08\/A4-300x299.png 300w, https:\/\/glassouse.com\/wp-content\/uploads\/2020\/08\/A4-100x100.png 100w, https:\/\/glassouse.com\/wp-content\/uploads\/2020\/08\/A4-150x150.png 150w\" sizes=\"(max-width: 120px) 100vw, 120px\" \/><\/p>\n<p>Commandez tout, \u00e9conomisez ! Jeu complet de GlassOuse V1.4, G-Switch Series avec tous les accessoires. Il est id\u00e9al pour les \u00e9coles, les centres de r\u00e9\u00e9ducation et les h\u00f4pitaux pour ajouter tous les \u00e9l\u00e9ments de la biblioth\u00e8que. Chaque article est livr\u00e9 avec sa bo\u00eete, ses accessoires et ses manuels d&rsquo;utilisation.  <\/p>\n","protected":false},"featured_media":36486,"template":"","meta":{"_acf_changed":false},"product_brand":[],"product_cat":[290],"product_tag":[],"class_list":{"0":"post-36483","1":"product","2":"type-product","3":"status-publish","4":"has-post-thumbnail","6":"product_cat-offre-groupee-glassouse","7":"product_shipping_class-maison-de-verre","9":"first","10":"instock","11":"sale","12":"shipping-taxable","13":"purchasable","14":"product-type-simple"},"acf":[],"yoast_head":"<!-- This site is optimized with the Yoast SEO plugin v27.4 - https:\/\/yoast.com\/product\/yoast-seo-wordpress\/ -->\n<title>GlassOuse V1.4 Assistive Bundle with Adaptive Switches (Offre group\u00e9e de services d&#039;assistance GlassOuse V1.4 avec commutateurs adaptatifs)<\/title>\n<meta name=\"description\" content=\"Achetez GlassOuse V1.4 Bundle set, incluant tous les G-switchs avec la souris frontale, compatible avec d&#039;autres appareils ou jouets avec Jack 3.5mm. Exp\u00e9dition dans le monde entier.\" \/>\n<meta name=\"robots\" content=\"index, follow, max-snippet:-1, max-image-preview:large, max-video-preview:-1\" \/>\n<link rel=\"canonical\" href=\"https:\/\/glassouse.com\/fr\/product\/offre-groupee-glassouse-v1-4\/\" \/>\n<meta property=\"og:locale\" content=\"fr_FR\" \/>\n<meta property=\"og:type\" content=\"article\" \/>\n<meta property=\"og:title\" content=\"GlassOuse V1.4 Assistive Bundle with Adaptive Switches (Offre group\u00e9e de services d&#039;assistance GlassOuse V1.4 avec commutateurs adaptatifs)\" \/>\n<meta property=\"og:description\" content=\"Achetez GlassOuse V1.4 Bundle set, incluant tous les G-switchs avec la souris frontale, compatible avec d&#039;autres appareils ou jouets avec Jack 3.5mm. Exp\u00e9dition dans le monde entier.\" \/>\n<meta property=\"og:url\" content=\"https:\/\/glassouse.com\/fr\/product\/offre-groupee-glassouse-v1-4\/\" \/>\n<meta property=\"og:site_name\" content=\"Glassouse Assistive Device\" \/>\n<meta property=\"article:publisher\" content=\"https:\/\/www.facebook.com\/glassouse\/\" \/>\n<meta property=\"og:image\" content=\"https:\/\/glassouse.com\/wp-content\/uploads\/2019\/06\/GlassOuse-V1.4-bundle.jpg\" \/>\n\t<meta property=\"og:image:width\" content=\"1000\" \/>\n\t<meta property=\"og:image:height\" content=\"1000\" \/>\n\t<meta property=\"og:image:type\" content=\"image\/jpeg\" \/>\n<meta name=\"twitter:card\" content=\"summary_large_image\" \/>\n<meta name=\"twitter:site\" content=\"@glassouse\" \/>\n<script type=\"application\/ld+json\" class=\"yoast-schema-graph\">{\"@context\":\"https:\\\/\\\/schema.org\",\"@graph\":[{\"@type\":\"WebPage\",\"@id\":\"https:\\\/\\\/glassouse.com\\\/fr\\\/product\\\/offre-groupee-glassouse-v1-4\\\/\",\"url\":\"https:\\\/\\\/glassouse.com\\\/fr\\\/product\\\/offre-groupee-glassouse-v1-4\\\/\",\"name\":\"GlassOuse V1.4 Assistive Bundle with Adaptive Switches (Offre group\u00e9e de services d'assistance GlassOuse V1.4 avec commutateurs adaptatifs)\",\"isPartOf\":{\"@id\":\"https:\\\/\\\/glassouse.com\\\/fr\\\/#website\"},\"primaryImageOfPage\":{\"@id\":\"https:\\\/\\\/glassouse.com\\\/fr\\\/product\\\/offre-groupee-glassouse-v1-4\\\/#primaryimage\"},\"image\":{\"@id\":\"https:\\\/\\\/glassouse.com\\\/fr\\\/product\\\/offre-groupee-glassouse-v1-4\\\/#primaryimage\"},\"thumbnailUrl\":\"https:\\\/\\\/glassouse.com\\\/wp-content\\\/uploads\\\/2019\\\/06\\\/GlassOuse-V1.4-bundle.jpg\",\"datePublished\":\"2019-06-28T08:20:06+00:00\",\"description\":\"Achetez GlassOuse V1.4 Bundle set, incluant tous les G-switchs avec la souris frontale, compatible avec d'autres appareils ou jouets avec Jack 3.5mm. Exp\u00e9dition dans le monde entier.\",\"breadcrumb\":{\"@id\":\"https:\\\/\\\/glassouse.com\\\/fr\\\/product\\\/offre-groupee-glassouse-v1-4\\\/#breadcrumb\"},\"inLanguage\":\"fr-FR\",\"potentialAction\":[{\"@type\":\"ReadAction\",\"target\":[\"https:\\\/\\\/glassouse.com\\\/fr\\\/product\\\/offre-groupee-glassouse-v1-4\\\/\"]}]},{\"@type\":\"ImageObject\",\"inLanguage\":\"fr-FR\",\"@id\":\"https:\\\/\\\/glassouse.com\\\/fr\\\/product\\\/offre-groupee-glassouse-v1-4\\\/#primaryimage\",\"url\":\"https:\\\/\\\/glassouse.com\\\/wp-content\\\/uploads\\\/2019\\\/06\\\/GlassOuse-V1.4-bundle.jpg\",\"contentUrl\":\"https:\\\/\\\/glassouse.com\\\/wp-content\\\/uploads\\\/2019\\\/06\\\/GlassOuse-V1.4-bundle.jpg\",\"width\":1000,\"height\":1000,\"caption\":\"GlassOuse-V1.4-bundle\"},{\"@type\":\"BreadcrumbList\",\"@id\":\"https:\\\/\\\/glassouse.com\\\/fr\\\/product\\\/offre-groupee-glassouse-v1-4\\\/#breadcrumb\",\"itemListElement\":[{\"@type\":\"ListItem\",\"position\":1,\"name\":\"Home\",\"item\":\"https:\\\/\\\/glassouse.com\\\/fr\\\/accueil\\\/\"},{\"@type\":\"ListItem\",\"position\":2,\"name\":\"Boutique\",\"item\":\"https:\\\/\\\/glassouse.com\\\/fr\\\/boutique\\\/\"},{\"@type\":\"ListItem\",\"position\":3,\"name\":\"Offre group\u00e9e GlassOuse V1.4\"}]},{\"@type\":\"WebSite\",\"@id\":\"https:\\\/\\\/glassouse.com\\\/fr\\\/#website\",\"url\":\"https:\\\/\\\/glassouse.com\\\/fr\\\/\",\"name\":\"Glassouse Assistive Device\",\"description\":\"Assistive Device and Switches for Disabled\",\"publisher\":{\"@id\":\"https:\\\/\\\/glassouse.com\\\/fr\\\/#organization\"},\"potentialAction\":[{\"@type\":\"SearchAction\",\"target\":{\"@type\":\"EntryPoint\",\"urlTemplate\":\"https:\\\/\\\/glassouse.com\\\/fr\\\/?s={search_term_string}\"},\"query-input\":{\"@type\":\"PropertyValueSpecification\",\"valueRequired\":true,\"valueName\":\"search_term_string\"}}],\"inLanguage\":\"fr-FR\"},{\"@type\":\"Organization\",\"@id\":\"https:\\\/\\\/glassouse.com\\\/fr\\\/#organization\",\"name\":\"GlassOuse Assistive Device\",\"url\":\"https:\\\/\\\/glassouse.com\\\/fr\\\/\",\"logo\":{\"@type\":\"ImageObject\",\"inLanguage\":\"fr-FR\",\"@id\":\"https:\\\/\\\/glassouse.com\\\/fr\\\/#\\\/schema\\\/logo\\\/image\\\/\",\"url\":\"https:\\\/\\\/glassouse.com\\\/wp-content\\\/uploads\\\/2017\\\/11\\\/logo.jpg\",\"contentUrl\":\"https:\\\/\\\/glassouse.com\\\/wp-content\\\/uploads\\\/2017\\\/11\\\/logo.jpg\",\"width\":500,\"height\":500,\"caption\":\"GlassOuse Assistive Device\"},\"image\":{\"@id\":\"https:\\\/\\\/glassouse.com\\\/fr\\\/#\\\/schema\\\/logo\\\/image\\\/\"},\"sameAs\":[\"https:\\\/\\\/www.facebook.com\\\/glassouse\\\/\",\"https:\\\/\\\/x.com\\\/glassouse\",\"https:\\\/\\\/www.instagram.com\\\/glassouseassistivedevice\\\/\",\"https:\\\/\\\/www.linkedin.com\\\/company\\\/glassouse\\\/\",\"https:\\\/\\\/www.youtube.com\\\/channel\\\/UCM5pebcmVXbu00QYd91_Gyw\"]}]}<\/script>\n<!-- \/ Yoast SEO plugin. -->","yoast_head_json":{"title":"GlassOuse V1.4 Assistive Bundle with Adaptive Switches (Offre group\u00e9e de services d'assistance GlassOuse V1.4 avec commutateurs adaptatifs)","description":"Achetez GlassOuse V1.4 Bundle set, incluant tous les G-switchs avec la souris frontale, compatible avec d'autres appareils ou jouets avec Jack 3.5mm. Exp\u00e9dition dans le monde entier.","robots":{"index":"index","follow":"follow","max-snippet":"max-snippet:-1","max-image-preview":"max-image-preview:large","max-video-preview":"max-video-preview:-1"},"canonical":"https:\/\/glassouse.com\/fr\/product\/offre-groupee-glassouse-v1-4\/","og_locale":"fr_FR","og_type":"article","og_title":"GlassOuse V1.4 Assistive Bundle with Adaptive Switches (Offre group\u00e9e de services d'assistance GlassOuse V1.4 avec commutateurs adaptatifs)","og_description":"Achetez GlassOuse V1.4 Bundle set, incluant tous les G-switchs avec la souris frontale, compatible avec d'autres appareils ou jouets avec Jack 3.5mm. Exp\u00e9dition dans le monde entier.","og_url":"https:\/\/glassouse.com\/fr\/product\/offre-groupee-glassouse-v1-4\/","og_site_name":"Glassouse Assistive Device","article_publisher":"https:\/\/www.facebook.com\/glassouse\/","og_image":[{"width":1000,"height":1000,"url":"https:\/\/glassouse.com\/wp-content\/uploads\/2019\/06\/GlassOuse-V1.4-bundle.jpg","type":"image\/jpeg"}],"twitter_card":"summary_large_image","twitter_site":"@glassouse","schema":{"@context":"https:\/\/schema.org","@graph":[{"@type":"WebPage","@id":"https:\/\/glassouse.com\/fr\/product\/offre-groupee-glassouse-v1-4\/","url":"https:\/\/glassouse.com\/fr\/product\/offre-groupee-glassouse-v1-4\/","name":"GlassOuse V1.4 Assistive Bundle with Adaptive Switches (Offre group\u00e9e de services d'assistance GlassOuse V1.4 avec commutateurs adaptatifs)","isPartOf":{"@id":"https:\/\/glassouse.com\/fr\/#website"},"primaryImageOfPage":{"@id":"https:\/\/glassouse.com\/fr\/product\/offre-groupee-glassouse-v1-4\/#primaryimage"},"image":{"@id":"https:\/\/glassouse.com\/fr\/product\/offre-groupee-glassouse-v1-4\/#primaryimage"},"thumbnailUrl":"https:\/\/glassouse.com\/wp-content\/uploads\/2019\/06\/GlassOuse-V1.4-bundle.jpg","datePublished":"2019-06-28T08:20:06+00:00","description":"Achetez GlassOuse V1.4 Bundle set, incluant tous les G-switchs avec la souris frontale, compatible avec d'autres appareils ou jouets avec Jack 3.5mm. Exp\u00e9dition dans le monde entier.","breadcrumb":{"@id":"https:\/\/glassouse.com\/fr\/product\/offre-groupee-glassouse-v1-4\/#breadcrumb"},"inLanguage":"fr-FR","potentialAction":[{"@type":"ReadAction","target":["https:\/\/glassouse.com\/fr\/product\/offre-groupee-glassouse-v1-4\/"]}]},{"@type":"ImageObject","inLanguage":"fr-FR","@id":"https:\/\/glassouse.com\/fr\/product\/offre-groupee-glassouse-v1-4\/#primaryimage","url":"https:\/\/glassouse.com\/wp-content\/uploads\/2019\/06\/GlassOuse-V1.4-bundle.jpg","contentUrl":"https:\/\/glassouse.com\/wp-content\/uploads\/2019\/06\/GlassOuse-V1.4-bundle.jpg","width":1000,"height":1000,"caption":"GlassOuse-V1.4-bundle"},{"@type":"BreadcrumbList","@id":"https:\/\/glassouse.com\/fr\/product\/offre-groupee-glassouse-v1-4\/#breadcrumb","itemListElement":[{"@type":"ListItem","position":1,"name":"Home","item":"https:\/\/glassouse.com\/fr\/accueil\/"},{"@type":"ListItem","position":2,"name":"Boutique","item":"https:\/\/glassouse.com\/fr\/boutique\/"},{"@type":"ListItem","position":3,"name":"Offre group\u00e9e GlassOuse V1.4"}]},{"@type":"WebSite","@id":"https:\/\/glassouse.com\/fr\/#website","url":"https:\/\/glassouse.com\/fr\/","name":"Glassouse Assistive Device","description":"Assistive Device and Switches for Disabled","publisher":{"@id":"https:\/\/glassouse.com\/fr\/#organization"},"potentialAction":[{"@type":"SearchAction","target":{"@type":"EntryPoint","urlTemplate":"https:\/\/glassouse.com\/fr\/?s={search_term_string}"},"query-input":{"@type":"PropertyValueSpecification","valueRequired":true,"valueName":"search_term_string"}}],"inLanguage":"fr-FR"},{"@type":"Organization","@id":"https:\/\/glassouse.com\/fr\/#organization","name":"GlassOuse Assistive Device","url":"https:\/\/glassouse.com\/fr\/","logo":{"@type":"ImageObject","inLanguage":"fr-FR","@id":"https:\/\/glassouse.com\/fr\/#\/schema\/logo\/image\/","url":"https:\/\/glassouse.com\/wp-content\/uploads\/2017\/11\/logo.jpg","contentUrl":"https:\/\/glassouse.com\/wp-content\/uploads\/2017\/11\/logo.jpg","width":500,"height":500,"caption":"GlassOuse Assistive Device"},"image":{"@id":"https:\/\/glassouse.com\/fr\/#\/schema\/logo\/image\/"},"sameAs":["https:\/\/www.facebook.com\/glassouse\/","https:\/\/x.com\/glassouse","https:\/\/www.instagram.com\/glassouseassistivedevice\/","https:\/\/www.linkedin.com\/company\/glassouse\/","https:\/\/www.youtube.com\/channel\/UCM5pebcmVXbu00QYd91_Gyw"]}]}},"_links":{"self":[{"href":"https:\/\/glassouse.com\/fr\/wp-json\/wp\/v2\/product\/36483","targetHints":{"allow":["GET"]}}],"collection":[{"href":"https:\/\/glassouse.com\/fr\/wp-json\/wp\/v2\/product"}],"about":[{"href":"https:\/\/glassouse.com\/fr\/wp-json\/wp\/v2\/types\/product"}],"wp:featuredmedia":[{"embeddable":true,"href":"https:\/\/glassouse.com\/fr\/wp-json\/wp\/v2\/media\/36486"}],"wp:attachment":[{"href":"https:\/\/glassouse.com\/fr\/wp-json\/wp\/v2\/media?parent=36483"}],"wp:term":[{"taxonomy":"product_brand","embeddable":true,"href":"https:\/\/glassouse.com\/fr\/wp-json\/wp\/v2\/product_brand?post=36483"},{"taxonomy":"product_cat","embeddable":true,"href":"https:\/\/glassouse.com\/fr\/wp-json\/wp\/v2\/product_cat?post=36483"},{"taxonomy":"product_tag","embeddable":true,"href":"https:\/\/glassouse.com\/fr\/wp-json\/wp\/v2\/product_tag?post=36483"}],"curies":[{"name":"wp","href":"https:\/\/api.w.org\/{rel}","templated":true}]}}