{"id":36629,"date":"2020-08-14T17:50:51","date_gmt":"2020-08-14T09:50:51","guid":{"rendered":"https:\/\/glassouse.com\/product\/gat03-record-play-dinosaur\/"},"modified":"2020-08-14T17:50:51","modified_gmt":"2020-08-14T09:50:51","slug":"gat03-record-play-dinosaur","status":"publish","type":"product","link":"https:\/\/glassouse.com\/fr\/product\/gat03-record-play-dinosaur\/","title":{"rendered":"GAT03 Record &amp; Play Dinosaur"},"content":{"rendered":"","protected":false},"excerpt":{"rendered":"<h4>RECORD &amp; PLAY DINOSAUR- GAT03<\/h4>\n<p>1x Jouet dinosaure Record &amp; Play avec connecteur jack 3,5 mm<br \/>\n1x Manuel de l&rsquo;utilisateur<\/p>\n<p><a href=\"https:\/\/glassouse.com\/fr\/garantie-de-remboursement\/\"><img decoding=\"async\" class=\"alignnone wp-image-1817\" src=\"https:\/\/glassouse.com\/wp-content\/uploads\/2017\/11\/15_Day_Money_Back_47882ccb-f31c-4b58-ab77-9b78929009ef_grande.png\" alt=\"\" width=\"95\" height=\"95\" srcset=\"https:\/\/glassouse.com\/wp-content\/uploads\/2017\/11\/15_Day_Money_Back_47882ccb-f31c-4b58-ab77-9b78929009ef_grande.png 150w, https:\/\/glassouse.com\/wp-content\/uploads\/2017\/11\/15_Day_Money_Back_47882ccb-f31c-4b58-ab77-9b78929009ef_grande-100x100.png 100w, https:\/\/glassouse.com\/wp-content\/uploads\/2017\/11\/15_Day_Money_Back_47882ccb-f31c-4b58-ab77-9b78929009ef_grande-75x75.png 75w\" sizes=\"(max-width: 95px) 100vw, 95px\" \/><\/a>   <img decoding=\"async\" class=\"alignnone wp-image-3424\" src=\"https:\/\/glassouse.com\/wp-content\/uploads\/2020\/08\/A4.png\" alt=\"Garantie GlassOuse\" width=\"95\" height=\"95\" srcset=\"https:\/\/glassouse.com\/wp-content\/uploads\/2020\/08\/A4.png 345w, https:\/\/glassouse.com\/wp-content\/uploads\/2020\/08\/A4-300x299.png 300w, https:\/\/glassouse.com\/wp-content\/uploads\/2020\/08\/A4-100x100.png 100w, https:\/\/glassouse.com\/wp-content\/uploads\/2020\/08\/A4-150x150.png 150w\" sizes=\"(max-width: 95px) 100vw, 95px\" \/><\/p>\n<p><strong>FONCTION : <\/strong> Un dinosaure qui peut enregistrer votre voix jusqu&rsquo;\u00e0 5 minutes et la r\u00e9\u00e9couter plusieurs fois. Un jouet parfait pour les enfants qui apprennent \u00e0 parler ou qui veulent simplement chanter\/parler et \u00e9couter. <\/p>\n<p><strong>SPECIFICATION :<\/strong><br \/>\n<strong>Longueur :<\/strong> 36 cm<br \/>\n<strong>Poids :<\/strong> 0.34kg \/ 0.75 Pound<br \/>\n<strong>Mati\u00e8re :<\/strong> Peluche super douce<br \/>\n<strong>Rembourrage :<\/strong> Coton PP 3D respectueux de l&rsquo;environnement<br \/>\n<strong>Alimentation :<\/strong> 3x AA Battery<\/p>\n<p><strong>INSTRUCTION :<\/strong><\/p>\n<ol>\n<li>Connectez les commutateurs adaptatifs jack 3,5 mm de votre choix \u00e0 chacune des deux entr\u00e9es jack 3,5 mm du jouet.<\/li>\n<li>Pour <strong>enregistrer, <\/strong>appuyez sur l&rsquo;interrupteur \u00e0 droite, vous entendrez 1x bip et verrez une lumi\u00e8re rouge indiquant que le jouet est en train d&rsquo;enregistrer. Parlez au ventre du jouet. Apr\u00e8s l&rsquo;enregistrement, appuyez \u00e0 nouveau sur l&rsquo;interrupteur de droite, vous entendrez 2 bips indiquant que l&rsquo;enregistrement s&rsquo;est arr\u00eat\u00e9.  <\/li>\n<li>Pour <strong>lire l&rsquo;<\/strong> enregistrement, appuyez sur le bouton de gauche. Vous pouvez lire le m\u00eame enregistrement (N) un certain nombre de fois. <\/li>\n<\/ol>\n<p><strong><em>*Interrupteurs vendus s\u00e9par\u00e9ment<\/em><\/strong><\/p>\n<p>____________________________________________________________________________________________________________<\/p>\n","protected":false},"featured_media":36668,"template":"","meta":{"_acf_changed":false},"product_brand":[],"product_cat":[340],"product_tag":[342,496,497,498],"class_list":{"0":"post-36629","1":"product","2":"type-product","3":"status-publish","4":"has-post-thumbnail","6":"product_cat-jouets-glassouse","7":"product_tag-jouets-adaptes-a-linterrupteur","8":"product_tag-jouets-adaptes-2","9":"product_tag-jouets-pour-personnes-a-besoins-specifiques-2","10":"product_tag-jouets-pour-handicapes","11":"product_shipping_class-jouet","13":"first","14":"instock","15":"shipping-taxable","16":"purchasable","17":"product-type-simple"},"acf":[],"yoast_head":"<!-- This site is optimized with the Yoast SEO plugin v27.4 - https:\/\/yoast.com\/product\/yoast-seo-wordpress\/ -->\n<title>Record &amp; Play Dinosaur - Jouet adapt\u00e9 \u00e0 l&#039;interrupteur | GlassOuse<\/title>\n<meta name=\"description\" content=\"Achetez ce dinosaure adaptable, activ\u00e9 par un interrupteur, qui enregistre et joue. Connectez n&#039;importe quel interrupteur jack 3,5 mm et jouez avec le jouet. Convient aux enfants handicap\u00e9s.\" \/>\n<meta name=\"robots\" content=\"index, follow, max-snippet:-1, max-image-preview:large, max-video-preview:-1\" \/>\n<link rel=\"canonical\" href=\"https:\/\/glassouse.com\/fr\/product\/gat03-record-play-dinosaur\/\" \/>\n<meta property=\"og:locale\" content=\"fr_FR\" \/>\n<meta property=\"og:type\" content=\"article\" \/>\n<meta property=\"og:title\" content=\"Record &amp; Play Dinosaur - Jouet adapt\u00e9 \u00e0 l&#039;interrupteur | GlassOuse\" \/>\n<meta property=\"og:description\" content=\"Achetez ce dinosaure adaptable, activ\u00e9 par un interrupteur, qui enregistre et joue. Connectez n&#039;importe quel interrupteur jack 3,5 mm et jouez avec le jouet. Convient aux enfants handicap\u00e9s.\" \/>\n<meta property=\"og:url\" content=\"https:\/\/glassouse.com\/fr\/product\/gat03-record-play-dinosaur\/\" \/>\n<meta property=\"og:site_name\" content=\"Glassouse Assistive Device\" \/>\n<meta property=\"article:publisher\" content=\"https:\/\/www.facebook.com\/glassouse\/\" \/>\n<meta property=\"og:image\" content=\"https:\/\/glassouse.com\/wp-content\/uploads\/2020\/08\/Record-and-Play-Dinosaur-2.jpg\" \/>\n\t<meta property=\"og:image:width\" content=\"1000\" \/>\n\t<meta property=\"og:image:height\" content=\"1000\" \/>\n\t<meta property=\"og:image:type\" content=\"image\/jpeg\" \/>\n<meta name=\"twitter:card\" content=\"summary_large_image\" \/>\n<meta name=\"twitter:site\" content=\"@glassouse\" \/>\n<script type=\"application\/ld+json\" class=\"yoast-schema-graph\">{\"@context\":\"https:\\\/\\\/schema.org\",\"@graph\":[{\"@type\":\"WebPage\",\"@id\":\"https:\\\/\\\/glassouse.com\\\/fr\\\/product\\\/gat03-record-play-dinosaur\\\/\",\"url\":\"https:\\\/\\\/glassouse.com\\\/fr\\\/product\\\/gat03-record-play-dinosaur\\\/\",\"name\":\"Record & Play Dinosaur - Jouet adapt\u00e9 \u00e0 l'interrupteur | GlassOuse\",\"isPartOf\":{\"@id\":\"https:\\\/\\\/glassouse.com\\\/fr\\\/#website\"},\"primaryImageOfPage\":{\"@id\":\"https:\\\/\\\/glassouse.com\\\/fr\\\/product\\\/gat03-record-play-dinosaur\\\/#primaryimage\"},\"image\":{\"@id\":\"https:\\\/\\\/glassouse.com\\\/fr\\\/product\\\/gat03-record-play-dinosaur\\\/#primaryimage\"},\"thumbnailUrl\":\"https:\\\/\\\/glassouse.com\\\/wp-content\\\/uploads\\\/2020\\\/08\\\/Record-and-Play-Dinosaur-2.jpg\",\"datePublished\":\"2020-08-14T09:50:51+00:00\",\"description\":\"Achetez ce dinosaure adaptable, activ\u00e9 par un interrupteur, qui enregistre et joue. Connectez n'importe quel interrupteur jack 3,5 mm et jouez avec le jouet. Convient aux enfants handicap\u00e9s.\",\"breadcrumb\":{\"@id\":\"https:\\\/\\\/glassouse.com\\\/fr\\\/product\\\/gat03-record-play-dinosaur\\\/#breadcrumb\"},\"inLanguage\":\"fr-FR\",\"potentialAction\":[{\"@type\":\"ReadAction\",\"target\":[\"https:\\\/\\\/glassouse.com\\\/fr\\\/product\\\/gat03-record-play-dinosaur\\\/\"]}]},{\"@type\":\"ImageObject\",\"inLanguage\":\"fr-FR\",\"@id\":\"https:\\\/\\\/glassouse.com\\\/fr\\\/product\\\/gat03-record-play-dinosaur\\\/#primaryimage\",\"url\":\"https:\\\/\\\/glassouse.com\\\/wp-content\\\/uploads\\\/2020\\\/08\\\/Record-and-Play-Dinosaur-2.jpg\",\"contentUrl\":\"https:\\\/\\\/glassouse.com\\\/wp-content\\\/uploads\\\/2020\\\/08\\\/Record-and-Play-Dinosaur-2.jpg\",\"width\":1000,\"height\":1000,\"caption\":\"Dinosaure \u00e0 enregistrer et \u00e0 jouer\"},{\"@type\":\"BreadcrumbList\",\"@id\":\"https:\\\/\\\/glassouse.com\\\/fr\\\/product\\\/gat03-record-play-dinosaur\\\/#breadcrumb\",\"itemListElement\":[{\"@type\":\"ListItem\",\"position\":1,\"name\":\"Home\",\"item\":\"https:\\\/\\\/glassouse.com\\\/fr\\\/accueil\\\/\"},{\"@type\":\"ListItem\",\"position\":2,\"name\":\"Boutique\",\"item\":\"https:\\\/\\\/glassouse.com\\\/fr\\\/boutique\\\/\"},{\"@type\":\"ListItem\",\"position\":3,\"name\":\"GAT03 Record &amp; Play Dinosaur\"}]},{\"@type\":\"WebSite\",\"@id\":\"https:\\\/\\\/glassouse.com\\\/fr\\\/#website\",\"url\":\"https:\\\/\\\/glassouse.com\\\/fr\\\/\",\"name\":\"Glassouse Assistive Device\",\"description\":\"Assistive Device and Switches for Disabled\",\"publisher\":{\"@id\":\"https:\\\/\\\/glassouse.com\\\/fr\\\/#organization\"},\"potentialAction\":[{\"@type\":\"SearchAction\",\"target\":{\"@type\":\"EntryPoint\",\"urlTemplate\":\"https:\\\/\\\/glassouse.com\\\/fr\\\/?s={search_term_string}\"},\"query-input\":{\"@type\":\"PropertyValueSpecification\",\"valueRequired\":true,\"valueName\":\"search_term_string\"}}],\"inLanguage\":\"fr-FR\"},{\"@type\":\"Organization\",\"@id\":\"https:\\\/\\\/glassouse.com\\\/fr\\\/#organization\",\"name\":\"GlassOuse Assistive Device\",\"url\":\"https:\\\/\\\/glassouse.com\\\/fr\\\/\",\"logo\":{\"@type\":\"ImageObject\",\"inLanguage\":\"fr-FR\",\"@id\":\"https:\\\/\\\/glassouse.com\\\/fr\\\/#\\\/schema\\\/logo\\\/image\\\/\",\"url\":\"https:\\\/\\\/glassouse.com\\\/wp-content\\\/uploads\\\/2017\\\/11\\\/logo.jpg\",\"contentUrl\":\"https:\\\/\\\/glassouse.com\\\/wp-content\\\/uploads\\\/2017\\\/11\\\/logo.jpg\",\"width\":500,\"height\":500,\"caption\":\"GlassOuse Assistive Device\"},\"image\":{\"@id\":\"https:\\\/\\\/glassouse.com\\\/fr\\\/#\\\/schema\\\/logo\\\/image\\\/\"},\"sameAs\":[\"https:\\\/\\\/www.facebook.com\\\/glassouse\\\/\",\"https:\\\/\\\/x.com\\\/glassouse\",\"https:\\\/\\\/www.instagram.com\\\/glassouseassistivedevice\\\/\",\"https:\\\/\\\/www.linkedin.com\\\/company\\\/glassouse\\\/\",\"https:\\\/\\\/www.youtube.com\\\/channel\\\/UCM5pebcmVXbu00QYd91_Gyw\"]}]}<\/script>\n<!-- \/ Yoast SEO plugin. -->","yoast_head_json":{"title":"Record & Play Dinosaur - Jouet adapt\u00e9 \u00e0 l'interrupteur | GlassOuse","description":"Achetez ce dinosaure adaptable, activ\u00e9 par un interrupteur, qui enregistre et joue. Connectez n'importe quel interrupteur jack 3,5 mm et jouez avec le jouet. Convient aux enfants handicap\u00e9s.","robots":{"index":"index","follow":"follow","max-snippet":"max-snippet:-1","max-image-preview":"max-image-preview:large","max-video-preview":"max-video-preview:-1"},"canonical":"https:\/\/glassouse.com\/fr\/product\/gat03-record-play-dinosaur\/","og_locale":"fr_FR","og_type":"article","og_title":"Record & Play Dinosaur - Jouet adapt\u00e9 \u00e0 l'interrupteur | GlassOuse","og_description":"Achetez ce dinosaure adaptable, activ\u00e9 par un interrupteur, qui enregistre et joue. Connectez n'importe quel interrupteur jack 3,5 mm et jouez avec le jouet. Convient aux enfants handicap\u00e9s.","og_url":"https:\/\/glassouse.com\/fr\/product\/gat03-record-play-dinosaur\/","og_site_name":"Glassouse Assistive Device","article_publisher":"https:\/\/www.facebook.com\/glassouse\/","og_image":[{"width":1000,"height":1000,"url":"https:\/\/glassouse.com\/wp-content\/uploads\/2020\/08\/Record-and-Play-Dinosaur-2.jpg","type":"image\/jpeg"}],"twitter_card":"summary_large_image","twitter_site":"@glassouse","schema":{"@context":"https:\/\/schema.org","@graph":[{"@type":"WebPage","@id":"https:\/\/glassouse.com\/fr\/product\/gat03-record-play-dinosaur\/","url":"https:\/\/glassouse.com\/fr\/product\/gat03-record-play-dinosaur\/","name":"Record & Play Dinosaur - Jouet adapt\u00e9 \u00e0 l'interrupteur | GlassOuse","isPartOf":{"@id":"https:\/\/glassouse.com\/fr\/#website"},"primaryImageOfPage":{"@id":"https:\/\/glassouse.com\/fr\/product\/gat03-record-play-dinosaur\/#primaryimage"},"image":{"@id":"https:\/\/glassouse.com\/fr\/product\/gat03-record-play-dinosaur\/#primaryimage"},"thumbnailUrl":"https:\/\/glassouse.com\/wp-content\/uploads\/2020\/08\/Record-and-Play-Dinosaur-2.jpg","datePublished":"2020-08-14T09:50:51+00:00","description":"Achetez ce dinosaure adaptable, activ\u00e9 par un interrupteur, qui enregistre et joue. Connectez n'importe quel interrupteur jack 3,5 mm et jouez avec le jouet. Convient aux enfants handicap\u00e9s.","breadcrumb":{"@id":"https:\/\/glassouse.com\/fr\/product\/gat03-record-play-dinosaur\/#breadcrumb"},"inLanguage":"fr-FR","potentialAction":[{"@type":"ReadAction","target":["https:\/\/glassouse.com\/fr\/product\/gat03-record-play-dinosaur\/"]}]},{"@type":"ImageObject","inLanguage":"fr-FR","@id":"https:\/\/glassouse.com\/fr\/product\/gat03-record-play-dinosaur\/#primaryimage","url":"https:\/\/glassouse.com\/wp-content\/uploads\/2020\/08\/Record-and-Play-Dinosaur-2.jpg","contentUrl":"https:\/\/glassouse.com\/wp-content\/uploads\/2020\/08\/Record-and-Play-Dinosaur-2.jpg","width":1000,"height":1000,"caption":"Dinosaure \u00e0 enregistrer et \u00e0 jouer"},{"@type":"BreadcrumbList","@id":"https:\/\/glassouse.com\/fr\/product\/gat03-record-play-dinosaur\/#breadcrumb","itemListElement":[{"@type":"ListItem","position":1,"name":"Home","item":"https:\/\/glassouse.com\/fr\/accueil\/"},{"@type":"ListItem","position":2,"name":"Boutique","item":"https:\/\/glassouse.com\/fr\/boutique\/"},{"@type":"ListItem","position":3,"name":"GAT03 Record &amp; Play Dinosaur"}]},{"@type":"WebSite","@id":"https:\/\/glassouse.com\/fr\/#website","url":"https:\/\/glassouse.com\/fr\/","name":"Glassouse Assistive Device","description":"Assistive Device and Switches for Disabled","publisher":{"@id":"https:\/\/glassouse.com\/fr\/#organization"},"potentialAction":[{"@type":"SearchAction","target":{"@type":"EntryPoint","urlTemplate":"https:\/\/glassouse.com\/fr\/?s={search_term_string}"},"query-input":{"@type":"PropertyValueSpecification","valueRequired":true,"valueName":"search_term_string"}}],"inLanguage":"fr-FR"},{"@type":"Organization","@id":"https:\/\/glassouse.com\/fr\/#organization","name":"GlassOuse Assistive Device","url":"https:\/\/glassouse.com\/fr\/","logo":{"@type":"ImageObject","inLanguage":"fr-FR","@id":"https:\/\/glassouse.com\/fr\/#\/schema\/logo\/image\/","url":"https:\/\/glassouse.com\/wp-content\/uploads\/2017\/11\/logo.jpg","contentUrl":"https:\/\/glassouse.com\/wp-content\/uploads\/2017\/11\/logo.jpg","width":500,"height":500,"caption":"GlassOuse Assistive Device"},"image":{"@id":"https:\/\/glassouse.com\/fr\/#\/schema\/logo\/image\/"},"sameAs":["https:\/\/www.facebook.com\/glassouse\/","https:\/\/x.com\/glassouse","https:\/\/www.instagram.com\/glassouseassistivedevice\/","https:\/\/www.linkedin.com\/company\/glassouse\/","https:\/\/www.youtube.com\/channel\/UCM5pebcmVXbu00QYd91_Gyw"]}]}},"_links":{"self":[{"href":"https:\/\/glassouse.com\/fr\/wp-json\/wp\/v2\/product\/36629","targetHints":{"allow":["GET"]}}],"collection":[{"href":"https:\/\/glassouse.com\/fr\/wp-json\/wp\/v2\/product"}],"about":[{"href":"https:\/\/glassouse.com\/fr\/wp-json\/wp\/v2\/types\/product"}],"wp:featuredmedia":[{"embeddable":true,"href":"https:\/\/glassouse.com\/fr\/wp-json\/wp\/v2\/media\/36668"}],"wp:attachment":[{"href":"https:\/\/glassouse.com\/fr\/wp-json\/wp\/v2\/media?parent=36629"}],"wp:term":[{"taxonomy":"product_brand","embeddable":true,"href":"https:\/\/glassouse.com\/fr\/wp-json\/wp\/v2\/product_brand?post=36629"},{"taxonomy":"product_cat","embeddable":true,"href":"https:\/\/glassouse.com\/fr\/wp-json\/wp\/v2\/product_cat?post=36629"},{"taxonomy":"product_tag","embeddable":true,"href":"https:\/\/glassouse.com\/fr\/wp-json\/wp\/v2\/product_tag?post=36629"}],"curies":[{"name":"wp","href":"https:\/\/api.w.org\/{rel}","templated":true}]}}