{"id":36817,"date":"2020-08-14T17:57:59","date_gmt":"2020-08-14T09:57:59","guid":{"rendered":"https:\/\/glassouse.com\/product\/gat01-chanter-et-danser-tournesol\/"},"modified":"2020-08-14T17:57:59","modified_gmt":"2020-08-14T09:57:59","slug":"gat01-chanter-et-danser-tournesol","status":"publish","type":"product","link":"https:\/\/glassouse.com\/fr\/product\/gat01-chanter-et-danser-tournesol\/","title":{"rendered":"GAT01 Chanter et danser Tournesol"},"content":{"rendered":"","protected":false},"excerpt":{"rendered":"<h4>TOURNESOL CHANTANT &#8211; GAT01<\/h4>\n<p>1x Dance &amp; Sing Sunflower Toy avec connecteur jack 3,5 mm<br \/>\n1x Manuel de l&rsquo;utilisateur<\/p>\n<p><a href=\"https:\/\/glassouse.com\/fr\/garantie-de-remboursement\/\"><img decoding=\"async\" class=\"alignnone wp-image-1817\" src=\"https:\/\/glassouse.com\/wp-content\/uploads\/2017\/11\/15_Day_Money_Back_47882ccb-f31c-4b58-ab77-9b78929009ef_grande.png\" alt=\"\" width=\"95\" height=\"95\" srcset=\"https:\/\/glassouse.com\/wp-content\/uploads\/2017\/11\/15_Day_Money_Back_47882ccb-f31c-4b58-ab77-9b78929009ef_grande.png 150w, https:\/\/glassouse.com\/wp-content\/uploads\/2017\/11\/15_Day_Money_Back_47882ccb-f31c-4b58-ab77-9b78929009ef_grande-100x100.png 100w, https:\/\/glassouse.com\/wp-content\/uploads\/2017\/11\/15_Day_Money_Back_47882ccb-f31c-4b58-ab77-9b78929009ef_grande-75x75.png 75w\" sizes=\"(max-width: 95px) 100vw, 95px\" \/><\/a>   <img decoding=\"async\" class=\"alignnone wp-image-3424\" src=\"https:\/\/glassouse.com\/wp-content\/uploads\/2020\/08\/A4.png\" alt=\"Garantie GlassOuse\" width=\"95\" height=\"95\" srcset=\"https:\/\/glassouse.com\/wp-content\/uploads\/2020\/08\/A4.png 345w, https:\/\/glassouse.com\/wp-content\/uploads\/2020\/08\/A4-300x299.png 300w, https:\/\/glassouse.com\/wp-content\/uploads\/2020\/08\/A4-100x100.png 100w, https:\/\/glassouse.com\/wp-content\/uploads\/2020\/08\/A4-150x150.png 150w\" sizes=\"(max-width: 95px) 100vw, 95px\" \/><\/p>\n<p><strong>FONCTION : <\/strong>Il jouera et dansera sur 24 musiques diff\u00e9rentes qui peuvent \u00eatre contr\u00f4l\u00e9es par un interrupteur connect\u00e9.<\/p>\n<p><strong>SPECIFICATION :<\/strong><br \/>\n<strong>Longueur :<\/strong> 30 cm<br \/>\n<strong>Mati\u00e8re :<\/strong> Peluche super douce<br \/>\n<strong>Rembourrage :<\/strong> Coton PP 3D respectueux de l&rsquo;environnement<br \/>\n<strong>Alimentation :<\/strong> 3x AA Battery<\/p>\n<p><strong>INSTRUCTION :<\/strong><\/p>\n<ol>\n<li>Connectez le jack 3,5 mm de l&rsquo;interrupteur adaptable de votre choix au jouet.<\/li>\n<li>Pour JOUER, appuyez sur l&rsquo;interrupteur et le jouet commencera \u00e0 danser et \u00e0 chanter.<\/li>\n<li>Pour changer de musique, activez \u00e0 nouveau l&rsquo;interrupteur.<\/li>\n<li>Pour arr\u00eater, appuyez \u00e0 nouveau sur l&rsquo;interrupteur.<\/li>\n<\/ol>\n<p><strong><em>*Interrupteurs vendus s\u00e9par\u00e9ment<\/em><\/strong><\/p>\n<p>_________________________________________________________________________________________________________<\/p>\n","protected":false},"featured_media":36837,"template":"","meta":{"_acf_changed":false},"product_brand":[],"product_cat":[340],"product_tag":[342,343,344,345],"class_list":{"0":"post-36817","1":"product","2":"type-product","3":"status-publish","4":"has-post-thumbnail","6":"product_cat-jouets-glassouse","7":"product_tag-jouets-adaptes-a-linterrupteur","8":"product_tag-jouets-adaptes","9":"product_tag-jouets-pour-personnes-a-besoins-specifiques","10":"product_tag-jouets-pour-enfants-handicapes","11":"product_shipping_class-jouet","13":"first","14":"instock","15":"shipping-taxable","16":"purchasable","17":"product-type-simple"},"acf":[],"yoast_head":"<!-- This site is optimized with the Yoast SEO plugin v27.4 - https:\/\/yoast.com\/product\/yoast-seo-wordpress\/ -->\n<title>GAT01 Chanter et danser Tournesol - Glassouse Assistive Device<\/title>\n<meta name=\"robots\" content=\"index, follow, max-snippet:-1, max-image-preview:large, max-video-preview:-1\" \/>\n<link rel=\"canonical\" href=\"https:\/\/glassouse.com\/fr\/product\/gat01-chanter-et-danser-tournesol\/\" \/>\n<meta property=\"og:locale\" content=\"fr_FR\" \/>\n<meta property=\"og:type\" content=\"article\" \/>\n<meta property=\"og:title\" content=\"GAT01 Chanter et danser Tournesol - Glassouse Assistive Device\" \/>\n<meta property=\"og:description\" content=\"TOURNESOL CHANTANT - GAT01 1x Dance &amp; Sing Sunflower Toy avec connecteur jack 3,5 mm 1x Manuel de l&#039;utilisateur    FONCTION : Il jouera et dansera sur 24 musiques diff\u00e9rentes qui peuvent \u00eatre contr\u00f4l\u00e9es par un interrupteur connect\u00e9. SPECIFICATION : Longueur : 30 cm Mati\u00e8re : Peluche super douce Rembourrage : Coton PP 3D respectueux de l&#039;environnement Alimentation : 3x AA Battery INSTRUCTION :  Connectez le jack 3,5 mm de l&#039;interrupteur adaptable de votre choix au jouet.  Pour JOUER, appuyez sur l&#039;interrupteur et le jouet commencera \u00e0 danser et \u00e0 chanter.  Pour changer de musique, activez \u00e0 nouveau l&#039;interrupteur.  Pour arr\u00eater, appuyez \u00e0 nouveau sur l&#039;interrupteur. *Interrupteurs vendus s\u00e9par\u00e9ment _________________________________________________________________________________________________________\" \/>\n<meta property=\"og:url\" content=\"https:\/\/glassouse.com\/fr\/product\/gat01-chanter-et-danser-tournesol\/\" \/>\n<meta property=\"og:site_name\" content=\"Glassouse Assistive Device\" \/>\n<meta property=\"article:publisher\" content=\"https:\/\/www.facebook.com\/glassouse\/\" \/>\n<meta property=\"og:image\" content=\"https:\/\/glassouse.com\/wp-content\/uploads\/2020\/08\/GlassOuse-Toy-Sing-Dance-Sunflower-.jpg\" \/>\n\t<meta property=\"og:image:width\" content=\"2000\" \/>\n\t<meta property=\"og:image:height\" content=\"2000\" \/>\n\t<meta property=\"og:image:type\" content=\"image\/jpeg\" \/>\n<meta name=\"twitter:card\" content=\"summary_large_image\" \/>\n<meta name=\"twitter:site\" content=\"@glassouse\" \/>\n<script type=\"application\/ld+json\" class=\"yoast-schema-graph\">{\"@context\":\"https:\\\/\\\/schema.org\",\"@graph\":[{\"@type\":\"WebPage\",\"@id\":\"https:\\\/\\\/glassouse.com\\\/fr\\\/product\\\/gat01-chanter-et-danser-tournesol\\\/\",\"url\":\"https:\\\/\\\/glassouse.com\\\/fr\\\/product\\\/gat01-chanter-et-danser-tournesol\\\/\",\"name\":\"GAT01 Chanter et danser Tournesol - Glassouse Assistive Device\",\"isPartOf\":{\"@id\":\"https:\\\/\\\/glassouse.com\\\/fr\\\/#website\"},\"primaryImageOfPage\":{\"@id\":\"https:\\\/\\\/glassouse.com\\\/fr\\\/product\\\/gat01-chanter-et-danser-tournesol\\\/#primaryimage\"},\"image\":{\"@id\":\"https:\\\/\\\/glassouse.com\\\/fr\\\/product\\\/gat01-chanter-et-danser-tournesol\\\/#primaryimage\"},\"thumbnailUrl\":\"https:\\\/\\\/glassouse.com\\\/wp-content\\\/uploads\\\/2020\\\/08\\\/GlassOuse-Toy-Sing-Dance-Sunflower-.jpg\",\"datePublished\":\"2020-08-14T09:57:59+00:00\",\"breadcrumb\":{\"@id\":\"https:\\\/\\\/glassouse.com\\\/fr\\\/product\\\/gat01-chanter-et-danser-tournesol\\\/#breadcrumb\"},\"inLanguage\":\"fr-FR\",\"potentialAction\":[{\"@type\":\"ReadAction\",\"target\":[\"https:\\\/\\\/glassouse.com\\\/fr\\\/product\\\/gat01-chanter-et-danser-tournesol\\\/\"]}]},{\"@type\":\"ImageObject\",\"inLanguage\":\"fr-FR\",\"@id\":\"https:\\\/\\\/glassouse.com\\\/fr\\\/product\\\/gat01-chanter-et-danser-tournesol\\\/#primaryimage\",\"url\":\"https:\\\/\\\/glassouse.com\\\/wp-content\\\/uploads\\\/2020\\\/08\\\/GlassOuse-Toy-Sing-Dance-Sunflower-.jpg\",\"contentUrl\":\"https:\\\/\\\/glassouse.com\\\/wp-content\\\/uploads\\\/2020\\\/08\\\/GlassOuse-Toy-Sing-Dance-Sunflower-.jpg\",\"width\":2000,\"height\":2000,\"caption\":\"GlassOuse Toy - Sing &amp; Dance Sunflower (Tournesol)\"},{\"@type\":\"BreadcrumbList\",\"@id\":\"https:\\\/\\\/glassouse.com\\\/fr\\\/product\\\/gat01-chanter-et-danser-tournesol\\\/#breadcrumb\",\"itemListElement\":[{\"@type\":\"ListItem\",\"position\":1,\"name\":\"Home\",\"item\":\"https:\\\/\\\/glassouse.com\\\/fr\\\/accueil\\\/\"},{\"@type\":\"ListItem\",\"position\":2,\"name\":\"Boutique\",\"item\":\"https:\\\/\\\/glassouse.com\\\/fr\\\/boutique\\\/\"},{\"@type\":\"ListItem\",\"position\":3,\"name\":\"GAT01 Chanter et danser Tournesol\"}]},{\"@type\":\"WebSite\",\"@id\":\"https:\\\/\\\/glassouse.com\\\/fr\\\/#website\",\"url\":\"https:\\\/\\\/glassouse.com\\\/fr\\\/\",\"name\":\"Glassouse Assistive Device\",\"description\":\"Assistive Device and Switches for Disabled\",\"publisher\":{\"@id\":\"https:\\\/\\\/glassouse.com\\\/fr\\\/#organization\"},\"potentialAction\":[{\"@type\":\"SearchAction\",\"target\":{\"@type\":\"EntryPoint\",\"urlTemplate\":\"https:\\\/\\\/glassouse.com\\\/fr\\\/?s={search_term_string}\"},\"query-input\":{\"@type\":\"PropertyValueSpecification\",\"valueRequired\":true,\"valueName\":\"search_term_string\"}}],\"inLanguage\":\"fr-FR\"},{\"@type\":\"Organization\",\"@id\":\"https:\\\/\\\/glassouse.com\\\/fr\\\/#organization\",\"name\":\"GlassOuse Assistive Device\",\"url\":\"https:\\\/\\\/glassouse.com\\\/fr\\\/\",\"logo\":{\"@type\":\"ImageObject\",\"inLanguage\":\"fr-FR\",\"@id\":\"https:\\\/\\\/glassouse.com\\\/fr\\\/#\\\/schema\\\/logo\\\/image\\\/\",\"url\":\"https:\\\/\\\/glassouse.com\\\/wp-content\\\/uploads\\\/2017\\\/11\\\/logo.jpg\",\"contentUrl\":\"https:\\\/\\\/glassouse.com\\\/wp-content\\\/uploads\\\/2017\\\/11\\\/logo.jpg\",\"width\":500,\"height\":500,\"caption\":\"GlassOuse Assistive Device\"},\"image\":{\"@id\":\"https:\\\/\\\/glassouse.com\\\/fr\\\/#\\\/schema\\\/logo\\\/image\\\/\"},\"sameAs\":[\"https:\\\/\\\/www.facebook.com\\\/glassouse\\\/\",\"https:\\\/\\\/x.com\\\/glassouse\",\"https:\\\/\\\/www.instagram.com\\\/glassouseassistivedevice\\\/\",\"https:\\\/\\\/www.linkedin.com\\\/company\\\/glassouse\\\/\",\"https:\\\/\\\/www.youtube.com\\\/channel\\\/UCM5pebcmVXbu00QYd91_Gyw\"]}]}<\/script>\n<!-- \/ Yoast SEO plugin. -->","yoast_head_json":{"title":"GAT01 Chanter et danser Tournesol - Glassouse Assistive Device","robots":{"index":"index","follow":"follow","max-snippet":"max-snippet:-1","max-image-preview":"max-image-preview:large","max-video-preview":"max-video-preview:-1"},"canonical":"https:\/\/glassouse.com\/fr\/product\/gat01-chanter-et-danser-tournesol\/","og_locale":"fr_FR","og_type":"article","og_title":"GAT01 Chanter et danser Tournesol - Glassouse Assistive Device","og_description":"TOURNESOL CHANTANT - GAT01 1x Dance &amp; Sing Sunflower Toy avec connecteur jack 3,5 mm 1x Manuel de l'utilisateur    FONCTION : Il jouera et dansera sur 24 musiques diff\u00e9rentes qui peuvent \u00eatre contr\u00f4l\u00e9es par un interrupteur connect\u00e9. SPECIFICATION : Longueur : 30 cm Mati\u00e8re : Peluche super douce Rembourrage : Coton PP 3D respectueux de l'environnement Alimentation : 3x AA Battery INSTRUCTION :  Connectez le jack 3,5 mm de l'interrupteur adaptable de votre choix au jouet.  Pour JOUER, appuyez sur l'interrupteur et le jouet commencera \u00e0 danser et \u00e0 chanter.  Pour changer de musique, activez \u00e0 nouveau l'interrupteur.  Pour arr\u00eater, appuyez \u00e0 nouveau sur l'interrupteur. *Interrupteurs vendus s\u00e9par\u00e9ment _________________________________________________________________________________________________________","og_url":"https:\/\/glassouse.com\/fr\/product\/gat01-chanter-et-danser-tournesol\/","og_site_name":"Glassouse Assistive Device","article_publisher":"https:\/\/www.facebook.com\/glassouse\/","og_image":[{"width":2000,"height":2000,"url":"https:\/\/glassouse.com\/wp-content\/uploads\/2020\/08\/GlassOuse-Toy-Sing-Dance-Sunflower-.jpg","type":"image\/jpeg"}],"twitter_card":"summary_large_image","twitter_site":"@glassouse","schema":{"@context":"https:\/\/schema.org","@graph":[{"@type":"WebPage","@id":"https:\/\/glassouse.com\/fr\/product\/gat01-chanter-et-danser-tournesol\/","url":"https:\/\/glassouse.com\/fr\/product\/gat01-chanter-et-danser-tournesol\/","name":"GAT01 Chanter et danser Tournesol - Glassouse Assistive Device","isPartOf":{"@id":"https:\/\/glassouse.com\/fr\/#website"},"primaryImageOfPage":{"@id":"https:\/\/glassouse.com\/fr\/product\/gat01-chanter-et-danser-tournesol\/#primaryimage"},"image":{"@id":"https:\/\/glassouse.com\/fr\/product\/gat01-chanter-et-danser-tournesol\/#primaryimage"},"thumbnailUrl":"https:\/\/glassouse.com\/wp-content\/uploads\/2020\/08\/GlassOuse-Toy-Sing-Dance-Sunflower-.jpg","datePublished":"2020-08-14T09:57:59+00:00","breadcrumb":{"@id":"https:\/\/glassouse.com\/fr\/product\/gat01-chanter-et-danser-tournesol\/#breadcrumb"},"inLanguage":"fr-FR","potentialAction":[{"@type":"ReadAction","target":["https:\/\/glassouse.com\/fr\/product\/gat01-chanter-et-danser-tournesol\/"]}]},{"@type":"ImageObject","inLanguage":"fr-FR","@id":"https:\/\/glassouse.com\/fr\/product\/gat01-chanter-et-danser-tournesol\/#primaryimage","url":"https:\/\/glassouse.com\/wp-content\/uploads\/2020\/08\/GlassOuse-Toy-Sing-Dance-Sunflower-.jpg","contentUrl":"https:\/\/glassouse.com\/wp-content\/uploads\/2020\/08\/GlassOuse-Toy-Sing-Dance-Sunflower-.jpg","width":2000,"height":2000,"caption":"GlassOuse Toy - Sing &amp; Dance Sunflower (Tournesol)"},{"@type":"BreadcrumbList","@id":"https:\/\/glassouse.com\/fr\/product\/gat01-chanter-et-danser-tournesol\/#breadcrumb","itemListElement":[{"@type":"ListItem","position":1,"name":"Home","item":"https:\/\/glassouse.com\/fr\/accueil\/"},{"@type":"ListItem","position":2,"name":"Boutique","item":"https:\/\/glassouse.com\/fr\/boutique\/"},{"@type":"ListItem","position":3,"name":"GAT01 Chanter et danser Tournesol"}]},{"@type":"WebSite","@id":"https:\/\/glassouse.com\/fr\/#website","url":"https:\/\/glassouse.com\/fr\/","name":"Glassouse Assistive Device","description":"Assistive Device and Switches for Disabled","publisher":{"@id":"https:\/\/glassouse.com\/fr\/#organization"},"potentialAction":[{"@type":"SearchAction","target":{"@type":"EntryPoint","urlTemplate":"https:\/\/glassouse.com\/fr\/?s={search_term_string}"},"query-input":{"@type":"PropertyValueSpecification","valueRequired":true,"valueName":"search_term_string"}}],"inLanguage":"fr-FR"},{"@type":"Organization","@id":"https:\/\/glassouse.com\/fr\/#organization","name":"GlassOuse Assistive Device","url":"https:\/\/glassouse.com\/fr\/","logo":{"@type":"ImageObject","inLanguage":"fr-FR","@id":"https:\/\/glassouse.com\/fr\/#\/schema\/logo\/image\/","url":"https:\/\/glassouse.com\/wp-content\/uploads\/2017\/11\/logo.jpg","contentUrl":"https:\/\/glassouse.com\/wp-content\/uploads\/2017\/11\/logo.jpg","width":500,"height":500,"caption":"GlassOuse Assistive Device"},"image":{"@id":"https:\/\/glassouse.com\/fr\/#\/schema\/logo\/image\/"},"sameAs":["https:\/\/www.facebook.com\/glassouse\/","https:\/\/x.com\/glassouse","https:\/\/www.instagram.com\/glassouseassistivedevice\/","https:\/\/www.linkedin.com\/company\/glassouse\/","https:\/\/www.youtube.com\/channel\/UCM5pebcmVXbu00QYd91_Gyw"]}]}},"_links":{"self":[{"href":"https:\/\/glassouse.com\/fr\/wp-json\/wp\/v2\/product\/36817","targetHints":{"allow":["GET"]}}],"collection":[{"href":"https:\/\/glassouse.com\/fr\/wp-json\/wp\/v2\/product"}],"about":[{"href":"https:\/\/glassouse.com\/fr\/wp-json\/wp\/v2\/types\/product"}],"wp:featuredmedia":[{"embeddable":true,"href":"https:\/\/glassouse.com\/fr\/wp-json\/wp\/v2\/media\/36837"}],"wp:attachment":[{"href":"https:\/\/glassouse.com\/fr\/wp-json\/wp\/v2\/media?parent=36817"}],"wp:term":[{"taxonomy":"product_brand","embeddable":true,"href":"https:\/\/glassouse.com\/fr\/wp-json\/wp\/v2\/product_brand?post=36817"},{"taxonomy":"product_cat","embeddable":true,"href":"https:\/\/glassouse.com\/fr\/wp-json\/wp\/v2\/product_cat?post=36817"},{"taxonomy":"product_tag","embeddable":true,"href":"https:\/\/glassouse.com\/fr\/wp-json\/wp\/v2\/product_tag?post=36817"}],"curies":[{"name":"wp","href":"https:\/\/api.w.org\/{rel}","templated":true}]}}