{"id":37843,"date":"2019-06-20T15:03:39","date_gmt":"2019-06-20T07:03:39","guid":{"rendered":"https:\/\/glassouse.com\/product\/gs08-interrupteur-tactile-glassouse\/"},"modified":"2026-04-27T18:12:14","modified_gmt":"2026-04-27T10:12:14","slug":"gs08-interrupteur-tactile-glassouse","status":"publish","type":"product","link":"https:\/\/glassouse.com\/fr\/product\/gs08-interrupteur-tactile-glassouse\/","title":{"rendered":"GS08 Interrupteur tactile GlassOuse"},"content":{"rendered":"<div class=\"wpb-content-wrapper\"><p>[vc_row unlock_row_content=\u00a0\u00bbyes\u00a0\u00bb row_height_percent=\u00a0\u00bb0&Prime; override_padding=\u00a0\u00bbyes\u00a0\u00bb h_padding=\u00a0\u00bb0&Prime; top_padding=\u00a0\u00bb0&Prime; bottom_padding=\u00a0\u00bb0&Prime; overlay_alpha=\u00a0\u00bb50&Prime; equal_height=\u00a0\u00bbyes\u00a0\u00bb gutter_size=\u00a0\u00bb0&Prime; column_width_percent=\u00a0\u00bb100&Prime; shift_y=\u00a0\u00bb0&Prime; z_index=\u00a0\u00bb0&Prime; el_class=\u00a0\u00bbcompact_section\u00a0\u00bb uncode_shortcode_id=\u00a0\u00bb152351&Prime; css=\u00a0\u00bb.vc_custom_1699886063694{padding-top: 15px !important;padding-right: 0px !important;padding-left: 0px !important;}\u00a0\u00bb][vc_column column_width_percent=\u00a0\u00bb100&Prime; position_horizontal=\u00a0\u00bbright\u00a0\u00bb position_vertical=\u00a0\u00bbmiddle\u00a0\u00bb gutter_size=\u00a0\u00bb0&Prime; override_padding=\u00a0\u00bbyes\u00a0\u00bb column_padding=\u00a0\u00bb0&Prime; back_image=\u00a0\u00bb37856&Prime; back_repeat=\u00a0\u00bbno-repeat\u00a0\u00bb overlay_alpha=\u00a0\u00bb50&Prime; shift_x=\u00a0\u00bb0&Prime; shift_y=\u00a0\u00bb0&Prime; shift_y_down=\u00a0\u00bb0&Prime; z_index=\u00a0\u00bb0&Prime; medium_width=\u00a0\u00bb0&Prime; mobile_width=\u00a0\u00bb0&Prime; width=\u00a0\u00bb1\/1&Prime; uncode_shortcode_id=\u00a0\u00bb631391&Prime; css=\u00a0\u00bb.vc_custom_1717461448840{padding-top: 160px !important;padding-right: 50px !important;padding-bottom: 160px !important;padding-left: 0px !important;}\u00a0\u00bb el_class=\u00a0\u00bbcontent_column bg_left_top right_content_column\u00a0\u00bb][vc_row_inner row_inner_height_percent=\u00a0\u00bb0&Prime; force_width_grid=\u00a0\u00bbyes\u00a0\u00bb overlay_alpha=\u00a0\u00bb50&Prime; gutter_size=\u00a0\u00bb0&Prime; shift_y=\u00a0\u00bb0&Prime; z_index=\u00a0\u00bb0&Prime; uncode_shortcode_id=\u00a0\u00bb101637&Prime; css=\u00a0\u00bb.vc_custom_1699885489765{padding-right: 0px !important;padding-left: 0px !important;}\u00a0\u00bb el_class=\u00a0\u00bblimit-width\u00a0\u00bb][vc_column_inner width=\u00a0\u00bb1\/2&Prime;][\/vc_column_inner][vc_column_inner column_width_use_pixel=\u00a0\u00bbyes\u00a0\u00bb position_horizontal=\u00a0\u00bbright\u00a0\u00bb position_vertical=\u00a0\u00bbmiddle\u00a0\u00bb gutter_size=\u00a0\u00bb0&Prime; override_padding=\u00a0\u00bbyes\u00a0\u00bb column_padding=\u00a0\u00bb0&Prime; overlay_alpha=\u00a0\u00bb50&Prime; shift_x=\u00a0\u00bb0&Prime; shift_y=\u00a0\u00bb0&Prime; shift_y_down=\u00a0\u00bb0&Prime; z_index=\u00a0\u00bb0&Prime; medium_width=\u00a0\u00bb0&Prime; mobile_width=\u00a0\u00bb0&Prime; width=\u00a0\u00bb1\/2&Prime; uncode_shortcode_id=\u00a0\u00bb457584&Prime; css=\u00a0\u00bb.vc_custom_1717457153605{padding-right: 2% !important;padding-left: 0px !important;}\u00a0\u00bb column_width_pixel=\u00a0\u00bb290&Prime;][vc_custom_heading text_color=\u00a0\u00bbcolor-jevc\u00a0\u00bb text_size=\u00a0\u00bbh3&Prime; text_weight=\u00a0\u00bb600&Prime; uncode_shortcode_id=\u00a0\u00bb634392&Prime; text_color_type=\u00a0\u00bbuncode-palette\u00a0\u00bb el_class=\u00a0\u00bblh-1&Prime;]Activation facile,<br \/>\nMouvement fluide[\/vc_custom_heading][vc_separator sep_color=\u00a0\u00bb\u00a0\u00bb icon_position=\u00a0\u00bbleft\u00a0\u00bb el_height=\u00a0\u00bb5px\u00a0\u00bb uncode_shortcode_id=\u00a0\u00bb162390&Prime; sep_color_type=\u00a0\u00bbuncode-solid\u00a0\u00bb el_width=\u00a0\u00bb40px\u00a0\u00bb sep_color_solid=\u00a0\u00bb#43b8db\u00a0\u00bb el_class=\u00a0\u00bbc-divider\u00a0\u00bb][\/vc_column_inner][\/vc_row_inner][\/vc_column][\/vc_row][vc_row row_height_percent=\u00a0\u00bb0&Prime; overlay_alpha=\u00a0\u00bb50&Prime; gutter_size=\u00a0\u00bb3&Prime; column_width_percent=\u00a0\u00bb100&Prime; shift_y=\u00a0\u00bb0&Prime; z_index=\u00a0\u00bb0&Prime; uncode_shortcode_id=\u00a0\u00bb167275&Prime; css=\u00a0\u00bb.vc_custom_1699887163315{padding-top: 50px !important;}\u00a0\u00bb][vc_column column_width_percent=\u00a0\u00bb100&Prime; align_horizontal=\u00a0\u00bbalign_center\u00a0\u00bb gutter_size=\u00a0\u00bb3&Prime; overlay_alpha=\u00a0\u00bb50&Prime; shift_x=\u00a0\u00bb0&Prime; shift_y=\u00a0\u00bb0&Prime; shift_y_down=\u00a0\u00bb0&Prime; z_index=\u00a0\u00bb0&Prime; medium_width=\u00a0\u00bb0&Prime; mobile_width=\u00a0\u00bb0&Prime; width=\u00a0\u00bb1\/1&Prime; uncode_shortcode_id=\u00a0\u00bb798976&Prime;][vc_custom_heading text_color=\u00a0\u00bbcolor-jevc\u00a0\u00bb text_size=\u00a0\u00bbh3&Prime; text_weight=\u00a0\u00bb700&Prime; text_height=\u00a0\u00bblh-n\u00a0\u00bb uncode_shortcode_id=\u00a0\u00bb972962&Prime; text_color_type=\u00a0\u00bbuncode-palette\u00a0\u00bb]Interrupteur \u00e0 effleurement\/Interrupteur \u00e0 effleurement miniature[\/vc_custom_heading][vc_custom_heading text_color=\u00a0\u00bbcolor-jevc\u00a0\u00bb heading_semantic=\u00a0\u00bbp\u00a0\u00bb text_size=\u00a0\u00bb\u00a0\u00bb text_weight=\u00a0\u00bb500&Prime; text_height=\u00a0\u00bblh-n\u00a0\u00bb uncode_shortcode_id=\u00a0\u00bb246135&Prime; text_color_type=\u00a0\u00bbuncode-palette\u00a0\u00bb el_class=\u00a0\u00bbmt-0 pt-10&Prime;]Compatible avec[\/vc_custom_heading][vc_row_inner row_inner_height_percent=\u00a0\u00bb0&Prime; overlay_alpha=\u00a0\u00bb50&Prime; gutter_size=\u00a0\u00bb3&Prime; shift_y=\u00a0\u00bb0&Prime; z_index=\u00a0\u00bb0&Prime; uncode_shortcode_id=\u00a0\u00bb190634&Prime; el_class=\u00a0\u00bbicon_boxs_wrap\u00a0\u00bb css=\u00a0\u00bb.vc_custom_1699887284713{margin-top: 50px !important;padding-bottom: 0px !important;}\u00a0\u00bb][vc_column_inner column_width_percent=\u00a0\u00bb100&Prime; align_horizontal=\u00a0\u00bbalign_center\u00a0\u00bb gutter_size=\u00a0\u00bb2&Prime; overlay_alpha=\u00a0\u00bb50&Prime; shift_x=\u00a0\u00bb0&Prime; shift_y=\u00a0\u00bb0&Prime; shift_y_down=\u00a0\u00bb0&Prime; z_index=\u00a0\u00bb0&Prime; medium_width=\u00a0\u00bb0&Prime; mobile_width=\u00a0\u00bb0&Prime; width=\u00a0\u00bb1\/1&Prime; uncode_shortcode_id=\u00a0\u00bb168717&Prime;][vc_icon display=\u00a0\u00bbinline\u00a0\u00bb icon_image=\u00a0\u00bb21103&Prime; media_size=\u00a0\u00bb300&Prime; text_size=\u00a0\u00bbh4&Prime; text_weight=\u00a0\u00bb500&Prime; text_height=\u00a0\u00bblh-n\u00a0\u00bb uncode_shortcode_id=\u00a0\u00bb697144&Prime; title=\u00a0\u00bbGlassOuse PRO\/Link\u00a0\u00bb link=\u00a0\u00bburl:https%3A%2F%2Fglassouse.com%2Ffr%2Fproduct%2Fglassouse-pro-2%2F|title:GlassOuse%20PRO|target:_blank|\u00a0\u00bb][\/vc_icon][vc_icon display=\u00a0\u00bbinline\u00a0\u00bb icon_image=\u00a0\u00bb21111&Prime; media_size=\u00a0\u00bb300&Prime; text_size=\u00a0\u00bbh4&Prime; text_weight=\u00a0\u00bb500&Prime; text_height=\u00a0\u00bblh-n\u00a0\u00bb uncode_shortcode_id=\u00a0\u00bb869660&Prime; title=\u00a0\u00bbGlassOuse 1.4&Prime; link=\u00a0\u00bburl:https%3A%2F%2Fglassouse.com%2Fproduct%2Fglassouse-v1-4-assistive-device-buy%2F|title:GlassOuse%20V1.4|target:_blank|\u00a0\u00bb][\/vc_icon][\/vc_column_inner][\/vc_row_inner][\/vc_column][\/vc_row][vc_row row_height_percent=\u00a0\u00bb0&Prime; override_padding=\u00a0\u00bbyes\u00a0\u00bb h_padding=\u00a0\u00bb0&Prime; top_padding=\u00a0\u00bb0&Prime; bottom_padding=\u00a0\u00bb3&Prime; overlay_alpha=\u00a0\u00bb50&Prime; gutter_size=\u00a0\u00bb3&Prime; column_width_percent=\u00a0\u00bb100&Prime; shift_y=\u00a0\u00bb0&Prime; z_index=\u00a0\u00bb0&Prime; uncode_shortcode_id=\u00a0\u00bb337339&Prime; css=\u00a0\u00bb.vc_custom_1699889376802{padding-top: 10px !important;}\u00a0\u00bb][vc_column column_width_percent=\u00a0\u00bb65&Prime; gutter_size=\u00a0\u00bb3&Prime; overlay_alpha=\u00a0\u00bb50&Prime; shift_x=\u00a0\u00bb0&Prime; shift_y=\u00a0\u00bb0&Prime; shift_y_down=\u00a0\u00bb0&Prime; z_index=\u00a0\u00bb0&Prime; medium_width=\u00a0\u00bb0&Prime; mobile_width=\u00a0\u00bb0&Prime; width=\u00a0\u00bb1\/1&Prime; uncode_shortcode_id=\u00a0\u00bb668692&Prime;][vc_icon position=\u00a0\u00bbleft\u00a0\u00bb icon=\u00a0\u00bbfa fa-play\u00a0\u00bb icon_image=\u00a0\u00bb22046&Prime; icon_color=\u00a0\u00bbcolor-xsdn\u00a0\u00bb uncode_shortcode_id=\u00a0\u00bb194650&Prime; icon_color_type=\u00a0\u00bbuncode-palette\u00a0\u00bb media_lightbox=\u00a0\u00bb22054&Prime; el_class=\u00a0\u00bbvideo_box\u00a0\u00bb][\/vc_icon][vc_column_text uncode_shortcode_id=\u00a0\u00bb384191&Prime;]<strong>Avec une surface d&rsquo;activation de 8,63 cm, l&rsquo;interrupteur tactile est tr\u00e8s sensible et d\u00e9tecte sans d\u00e9lai les moindres contacts avec la zone d&rsquo;activation.<\/strong>  Il suffit de toucher n&rsquo;importe quelle zone du module de commutation pour effectuer vos clics, y compris les bords de l&rsquo;appareil. Le Touch Switch est \u00e9quip\u00e9 d&rsquo;un connecteur jack mono 3,5 mm et est compatible avec tous les types d&rsquo;appareils adapt\u00e9s. <\/p>\n<p>Le Touch Switch fonctionne avec 3 piles s\u00e8ches AAA ou Ni-MH et son syst\u00e8me de batterie intelligente \u00e9teint l&rsquo;appareil au bout d&rsquo;une heure s&rsquo;il n&rsquo;est pas utilis\u00e9. Le retour d&rsquo;information auditif et visuel peut \u00eatre facilement s\u00e9lectionn\u00e9 en fonction des besoins de l&rsquo;utilisateur ou peut \u00eatre d\u00e9sactiv\u00e9 si vous le souhaitez. <strong>Gr\u00e2ce \u00e0 l&rsquo;interrupteur secondaire externe, vous pouvez \u00e9tendre la plage d&rsquo;utilisation de l&rsquo;interrupteur tactile avec un module d&rsquo;activation plus petit<\/strong>.[\/vc_column_text][vc_single_image media=\u00a0\u00bb37855&Prime; media_lightbox=\u00a0\u00bbyes\u00a0\u00bb media_width_percent=\u00a0\u00bb100&Prime; alignment=\u00a0\u00bbcenter\u00a0\u00bb uncode_shortcode_id=\u00a0\u00bb745137&Prime; el_class=\u00a0\u00bbc_gallery\u00a0\u00bb][vc_column_text uncode_shortcode_id=\u00a0\u00bb156209&Prime;]Nous proposons d\u00e9sormais une version compacte de notre interrupteur tactile &#8211; le Mini Touch Switch.<\/p>\n<p><strong>Dot\u00e9 d&rsquo;une surface d&rsquo;activation de 4 cm, le mini-interrupteur tactile est extr\u00eamement sensible et r\u00e9agit instantan\u00e9ment au moindre contact.<\/strong>  Vous pouvez activer l&rsquo;interrupteur en touchant simplement n&rsquo;importe quelle partie de la surface, y compris les bords de l&rsquo;appareil. Il est \u00e9quip\u00e9 d&rsquo;un connecteur jack mono 3,5 mm, ce qui le rend compatible avec GlassOuse et une vari\u00e9t\u00e9 d&rsquo;autres dispositifs d&rsquo;assistance. <\/p>\n<p>Le Mini Touch Switch fonctionne avec 3 piles s\u00e8ches AAA ou Ni-MH, et son syst\u00e8me de batterie intelligente \u00e9teint automatiquement l&rsquo;appareil apr\u00e8s une heure d&rsquo;inactivit\u00e9. Les utilisateurs peuvent facilement alterner le feedback auditif et visuel en fonction de leurs pr\u00e9f\u00e9rences personnelles, ou les d\u00e9sactiver lorsqu&rsquo;ils n&rsquo;en ont pas besoin.[\/vc_column_text][vc_gallery el_id=\u00a0\u00bbgallery-837620&Prime; medias=\u00a0\u00bb37867,37868&Prime; gutter_size=\u00a0\u00bb3&Prime; screen_lg=\u00a0\u00bb1000&Prime; screen_md=\u00a0\u00bb600&Prime; screen_sm=\u00a0\u00bb480&Prime; single_overlay_opacity=\u00a0\u00bb50&Prime; single_padding=\u00a0\u00bb2&Prime; uncode_shortcode_id=\u00a0\u00bb205386&Prime;][\/vc_column][\/vc_row]<\/p>\n<\/div>","protected":false},"excerpt":{"rendered":"<p>[vc_row unlock_row_content=\u00a0\u00bbyes\u00a0\u00bb row_height_percent=\u00a0\u00bb0&Prime; override_padding=\u00a0\u00bbyes\u00a0\u00bb h_padding=\u00a0\u00bb0&Prime; top_padding=\u00a0\u00bb0&Prime; bottom_padding=\u00a0\u00bb0&Prime; overlay_alpha=\u00a0\u00bb50&Prime; equal_height=\u00a0\u00bbyes\u00a0\u00bb gutter_size=\u00a0\u00bb0&Prime; column_width_percent=\u00a0\u00bb100&Prime; shift_y=\u00a0\u00bb0&Prime; z_index=\u00a0\u00bb0&Prime; el_class=\u00a0\u00bbcompact_section\u00a0\u00bb uncode_shortcode_id=\u00a0\u00bb152351&Prime; css=\u00a0\u00bb.vc_custom_1699886063694{padding-top: 15px !important;padding-right: 0px !important;padding-left: [&hellip;]<\/p>\n","protected":false},"featured_media":37631,"template":"","meta":{"_acf_changed":false},"product_brand":[],"product_cat":[422],"product_tag":[],"class_list":{"0":"post-37843","1":"product","2":"type-product","3":"status-publish","4":"has-post-thumbnail","6":"product_cat-commutateurs-g","8":"first","9":"instock","10":"shipping-taxable","11":"purchasable","12":"product-type-variable"},"acf":[],"yoast_head":"<!-- This site is optimized with the Yoast SEO plugin v27.5 - https:\/\/yoast.com\/product\/yoast-seo-wordpress\/ -->\n<title>Interrupteur tactile pour handicap\u00e9s - Interrupteur adapt\u00e9 pour dispositif d&#039;assistance<\/title>\n<meta name=\"description\" content=\"Achetez 100gr Press Switch pour les personnes handicap\u00e9es. Compatible avec GlassOuse V1.2 et tous les autres appareils et jouets adapt\u00e9s. Exp\u00e9dition internationale.\" \/>\n<meta name=\"robots\" content=\"index, follow, max-snippet:-1, max-image-preview:large, max-video-preview:-1\" \/>\n<link rel=\"canonical\" href=\"https:\/\/glassouse.com\/fr\/product\/gs08-interrupteur-tactile-glassouse\/\" \/>\n<meta property=\"og:locale\" content=\"fr_FR\" \/>\n<meta property=\"og:type\" content=\"article\" \/>\n<meta property=\"og:title\" content=\"Interrupteur tactile pour handicap\u00e9s - Interrupteur adapt\u00e9 pour dispositif d&#039;assistance\" \/>\n<meta property=\"og:description\" content=\"Achetez 100gr Press Switch pour les personnes handicap\u00e9es. Compatible avec GlassOuse V1.2 et tous les autres appareils et jouets adapt\u00e9s. Exp\u00e9dition internationale.\" \/>\n<meta property=\"og:url\" content=\"https:\/\/glassouse.com\/fr\/product\/gs08-interrupteur-tactile-glassouse\/\" \/>\n<meta property=\"og:site_name\" content=\"Glassouse Assistive Device\" \/>\n<meta property=\"article:publisher\" content=\"https:\/\/www.facebook.com\/glassouse\/\" \/>\n<meta property=\"article:modified_time\" content=\"2026-04-27T10:12:14+00:00\" \/>\n<meta property=\"og:image\" content=\"https:\/\/glassouse.com\/wp-content\/uploads\/2019\/04\/4.png\" \/>\n\t<meta property=\"og:image:width\" content=\"1773\" \/>\n\t<meta property=\"og:image:height\" content=\"1773\" \/>\n\t<meta property=\"og:image:type\" content=\"image\/png\" \/>\n<meta name=\"twitter:card\" content=\"summary_large_image\" \/>\n<meta name=\"twitter:site\" content=\"@glassouse\" \/>\n<meta name=\"twitter:label1\" content=\"Dur\u00e9e de lecture estim\u00e9e\" \/>\n\t<meta name=\"twitter:data1\" content=\"5 minutes\" \/>\n<script type=\"application\/ld+json\" class=\"yoast-schema-graph\">{\"@context\":\"https:\\\/\\\/schema.org\",\"@graph\":[{\"@type\":\"WebPage\",\"@id\":\"https:\\\/\\\/glassouse.com\\\/fr\\\/product\\\/gs08-interrupteur-tactile-glassouse\\\/\",\"url\":\"https:\\\/\\\/glassouse.com\\\/fr\\\/product\\\/gs08-interrupteur-tactile-glassouse\\\/\",\"name\":\"Interrupteur tactile pour handicap\u00e9s - Interrupteur adapt\u00e9 pour dispositif d'assistance\",\"isPartOf\":{\"@id\":\"https:\\\/\\\/glassouse.com\\\/fr\\\/#website\"},\"primaryImageOfPage\":{\"@id\":\"https:\\\/\\\/glassouse.com\\\/fr\\\/product\\\/gs08-interrupteur-tactile-glassouse\\\/#primaryimage\"},\"image\":{\"@id\":\"https:\\\/\\\/glassouse.com\\\/fr\\\/product\\\/gs08-interrupteur-tactile-glassouse\\\/#primaryimage\"},\"thumbnailUrl\":\"https:\\\/\\\/glassouse.com\\\/wp-content\\\/uploads\\\/2019\\\/04\\\/4.png\",\"datePublished\":\"2019-06-20T07:03:39+00:00\",\"dateModified\":\"2026-04-27T10:12:14+00:00\",\"description\":\"Achetez 100gr Press Switch pour les personnes handicap\u00e9es. Compatible avec GlassOuse V1.2 et tous les autres appareils et jouets adapt\u00e9s. Exp\u00e9dition internationale.\",\"breadcrumb\":{\"@id\":\"https:\\\/\\\/glassouse.com\\\/fr\\\/product\\\/gs08-interrupteur-tactile-glassouse\\\/#breadcrumb\"},\"inLanguage\":\"fr-FR\",\"potentialAction\":[{\"@type\":\"ReadAction\",\"target\":[\"https:\\\/\\\/glassouse.com\\\/fr\\\/product\\\/gs08-interrupteur-tactile-glassouse\\\/\"]}]},{\"@type\":\"ImageObject\",\"inLanguage\":\"fr-FR\",\"@id\":\"https:\\\/\\\/glassouse.com\\\/fr\\\/product\\\/gs08-interrupteur-tactile-glassouse\\\/#primaryimage\",\"url\":\"https:\\\/\\\/glassouse.com\\\/wp-content\\\/uploads\\\/2019\\\/04\\\/4.png\",\"contentUrl\":\"https:\\\/\\\/glassouse.com\\\/wp-content\\\/uploads\\\/2019\\\/04\\\/4.png\",\"width\":1773,\"height\":1773,\"caption\":\"Interrupteur tactile GlassOuse - Mini et r\u00e9gulier\"},{\"@type\":\"BreadcrumbList\",\"@id\":\"https:\\\/\\\/glassouse.com\\\/fr\\\/product\\\/gs08-interrupteur-tactile-glassouse\\\/#breadcrumb\",\"itemListElement\":[{\"@type\":\"ListItem\",\"position\":1,\"name\":\"Home\",\"item\":\"https:\\\/\\\/glassouse.com\\\/fr\\\/\"},{\"@type\":\"ListItem\",\"position\":2,\"name\":\"Boutique\",\"item\":\"https:\\\/\\\/glassouse.com\\\/fr\\\/boutique\\\/\"},{\"@type\":\"ListItem\",\"position\":3,\"name\":\"GS08 Interrupteur tactile GlassOuse\"}]},{\"@type\":\"WebSite\",\"@id\":\"https:\\\/\\\/glassouse.com\\\/fr\\\/#website\",\"url\":\"https:\\\/\\\/glassouse.com\\\/fr\\\/\",\"name\":\"Glassouse Assistive Device\",\"description\":\"Assistive Device and Switches for Disabled\",\"publisher\":{\"@id\":\"https:\\\/\\\/glassouse.com\\\/fr\\\/#organization\"},\"potentialAction\":[{\"@type\":\"SearchAction\",\"target\":{\"@type\":\"EntryPoint\",\"urlTemplate\":\"https:\\\/\\\/glassouse.com\\\/fr\\\/?s={search_term_string}\"},\"query-input\":{\"@type\":\"PropertyValueSpecification\",\"valueRequired\":true,\"valueName\":\"search_term_string\"}}],\"inLanguage\":\"fr-FR\"},{\"@type\":\"Organization\",\"@id\":\"https:\\\/\\\/glassouse.com\\\/fr\\\/#organization\",\"name\":\"GlassOuse Assistive Device\",\"url\":\"https:\\\/\\\/glassouse.com\\\/fr\\\/\",\"logo\":{\"@type\":\"ImageObject\",\"inLanguage\":\"fr-FR\",\"@id\":\"https:\\\/\\\/glassouse.com\\\/fr\\\/#\\\/schema\\\/logo\\\/image\\\/\",\"url\":\"https:\\\/\\\/glassouse.com\\\/wp-content\\\/uploads\\\/2017\\\/11\\\/logo.jpg\",\"contentUrl\":\"https:\\\/\\\/glassouse.com\\\/wp-content\\\/uploads\\\/2017\\\/11\\\/logo.jpg\",\"width\":500,\"height\":500,\"caption\":\"GlassOuse Assistive Device\"},\"image\":{\"@id\":\"https:\\\/\\\/glassouse.com\\\/fr\\\/#\\\/schema\\\/logo\\\/image\\\/\"},\"sameAs\":[\"https:\\\/\\\/www.facebook.com\\\/glassouse\\\/\",\"https:\\\/\\\/x.com\\\/glassouse\",\"https:\\\/\\\/www.instagram.com\\\/glassouseassistivedevice\\\/\",\"https:\\\/\\\/www.linkedin.com\\\/company\\\/glassouse\\\/\",\"https:\\\/\\\/www.youtube.com\\\/channel\\\/UCM5pebcmVXbu00QYd91_Gyw\"]}]}<\/script>\n<!-- \/ Yoast SEO plugin. -->","yoast_head_json":{"title":"Interrupteur tactile pour handicap\u00e9s - Interrupteur adapt\u00e9 pour dispositif d'assistance","description":"Achetez 100gr Press Switch pour les personnes handicap\u00e9es. Compatible avec GlassOuse V1.2 et tous les autres appareils et jouets adapt\u00e9s. Exp\u00e9dition internationale.","robots":{"index":"index","follow":"follow","max-snippet":"max-snippet:-1","max-image-preview":"max-image-preview:large","max-video-preview":"max-video-preview:-1"},"canonical":"https:\/\/glassouse.com\/fr\/product\/gs08-interrupteur-tactile-glassouse\/","og_locale":"fr_FR","og_type":"article","og_title":"Interrupteur tactile pour handicap\u00e9s - Interrupteur adapt\u00e9 pour dispositif d'assistance","og_description":"Achetez 100gr Press Switch pour les personnes handicap\u00e9es. Compatible avec GlassOuse V1.2 et tous les autres appareils et jouets adapt\u00e9s. Exp\u00e9dition internationale.","og_url":"https:\/\/glassouse.com\/fr\/product\/gs08-interrupteur-tactile-glassouse\/","og_site_name":"Glassouse Assistive Device","article_publisher":"https:\/\/www.facebook.com\/glassouse\/","article_modified_time":"2026-04-27T10:12:14+00:00","og_image":[{"width":1773,"height":1773,"url":"https:\/\/glassouse.com\/wp-content\/uploads\/2019\/04\/4.png","type":"image\/png"}],"twitter_card":"summary_large_image","twitter_site":"@glassouse","twitter_misc":{"Dur\u00e9e de lecture estim\u00e9e":"5 minutes"},"schema":{"@context":"https:\/\/schema.org","@graph":[{"@type":"WebPage","@id":"https:\/\/glassouse.com\/fr\/product\/gs08-interrupteur-tactile-glassouse\/","url":"https:\/\/glassouse.com\/fr\/product\/gs08-interrupteur-tactile-glassouse\/","name":"Interrupteur tactile pour handicap\u00e9s - Interrupteur adapt\u00e9 pour dispositif d'assistance","isPartOf":{"@id":"https:\/\/glassouse.com\/fr\/#website"},"primaryImageOfPage":{"@id":"https:\/\/glassouse.com\/fr\/product\/gs08-interrupteur-tactile-glassouse\/#primaryimage"},"image":{"@id":"https:\/\/glassouse.com\/fr\/product\/gs08-interrupteur-tactile-glassouse\/#primaryimage"},"thumbnailUrl":"https:\/\/glassouse.com\/wp-content\/uploads\/2019\/04\/4.png","datePublished":"2019-06-20T07:03:39+00:00","dateModified":"2026-04-27T10:12:14+00:00","description":"Achetez 100gr Press Switch pour les personnes handicap\u00e9es. Compatible avec GlassOuse V1.2 et tous les autres appareils et jouets adapt\u00e9s. Exp\u00e9dition internationale.","breadcrumb":{"@id":"https:\/\/glassouse.com\/fr\/product\/gs08-interrupteur-tactile-glassouse\/#breadcrumb"},"inLanguage":"fr-FR","potentialAction":[{"@type":"ReadAction","target":["https:\/\/glassouse.com\/fr\/product\/gs08-interrupteur-tactile-glassouse\/"]}]},{"@type":"ImageObject","inLanguage":"fr-FR","@id":"https:\/\/glassouse.com\/fr\/product\/gs08-interrupteur-tactile-glassouse\/#primaryimage","url":"https:\/\/glassouse.com\/wp-content\/uploads\/2019\/04\/4.png","contentUrl":"https:\/\/glassouse.com\/wp-content\/uploads\/2019\/04\/4.png","width":1773,"height":1773,"caption":"Interrupteur tactile GlassOuse - Mini et r\u00e9gulier"},{"@type":"BreadcrumbList","@id":"https:\/\/glassouse.com\/fr\/product\/gs08-interrupteur-tactile-glassouse\/#breadcrumb","itemListElement":[{"@type":"ListItem","position":1,"name":"Home","item":"https:\/\/glassouse.com\/fr\/"},{"@type":"ListItem","position":2,"name":"Boutique","item":"https:\/\/glassouse.com\/fr\/boutique\/"},{"@type":"ListItem","position":3,"name":"GS08 Interrupteur tactile GlassOuse"}]},{"@type":"WebSite","@id":"https:\/\/glassouse.com\/fr\/#website","url":"https:\/\/glassouse.com\/fr\/","name":"Glassouse Assistive Device","description":"Assistive Device and Switches for Disabled","publisher":{"@id":"https:\/\/glassouse.com\/fr\/#organization"},"potentialAction":[{"@type":"SearchAction","target":{"@type":"EntryPoint","urlTemplate":"https:\/\/glassouse.com\/fr\/?s={search_term_string}"},"query-input":{"@type":"PropertyValueSpecification","valueRequired":true,"valueName":"search_term_string"}}],"inLanguage":"fr-FR"},{"@type":"Organization","@id":"https:\/\/glassouse.com\/fr\/#organization","name":"GlassOuse Assistive Device","url":"https:\/\/glassouse.com\/fr\/","logo":{"@type":"ImageObject","inLanguage":"fr-FR","@id":"https:\/\/glassouse.com\/fr\/#\/schema\/logo\/image\/","url":"https:\/\/glassouse.com\/wp-content\/uploads\/2017\/11\/logo.jpg","contentUrl":"https:\/\/glassouse.com\/wp-content\/uploads\/2017\/11\/logo.jpg","width":500,"height":500,"caption":"GlassOuse Assistive Device"},"image":{"@id":"https:\/\/glassouse.com\/fr\/#\/schema\/logo\/image\/"},"sameAs":["https:\/\/www.facebook.com\/glassouse\/","https:\/\/x.com\/glassouse","https:\/\/www.instagram.com\/glassouseassistivedevice\/","https:\/\/www.linkedin.com\/company\/glassouse\/","https:\/\/www.youtube.com\/channel\/UCM5pebcmVXbu00QYd91_Gyw"]}]}},"_links":{"self":[{"href":"https:\/\/glassouse.com\/fr\/wp-json\/wp\/v2\/product\/37843","targetHints":{"allow":["GET"]}}],"collection":[{"href":"https:\/\/glassouse.com\/fr\/wp-json\/wp\/v2\/product"}],"about":[{"href":"https:\/\/glassouse.com\/fr\/wp-json\/wp\/v2\/types\/product"}],"wp:featuredmedia":[{"embeddable":true,"href":"https:\/\/glassouse.com\/fr\/wp-json\/wp\/v2\/media\/37631"}],"wp:attachment":[{"href":"https:\/\/glassouse.com\/fr\/wp-json\/wp\/v2\/media?parent=37843"}],"wp:term":[{"taxonomy":"product_brand","embeddable":true,"href":"https:\/\/glassouse.com\/fr\/wp-json\/wp\/v2\/product_brand?post=37843"},{"taxonomy":"product_cat","embeddable":true,"href":"https:\/\/glassouse.com\/fr\/wp-json\/wp\/v2\/product_cat?post=37843"},{"taxonomy":"product_tag","embeddable":true,"href":"https:\/\/glassouse.com\/fr\/wp-json\/wp\/v2\/product_tag?post=37843"}],"curies":[{"name":"wp","href":"https:\/\/api.w.org\/{rel}","templated":true}]}}