{"id":38115,"date":"2020-08-14T17:47:14","date_gmt":"2020-08-14T09:47:14","guid":{"rendered":"https:\/\/glassouse.com\/product\/gat02-lapin-chantant\/"},"modified":"2020-08-14T17:47:14","modified_gmt":"2020-08-14T09:47:14","slug":"gat02-lapin-chantant","status":"publish","type":"product","link":"https:\/\/glassouse.com\/fr\/product\/gat02-lapin-chantant\/","title":{"rendered":"GAT02 Lapin chantant"},"content":{"rendered":"","protected":false},"excerpt":{"rendered":"<h4>LAPIN CHANTANT &#8211; GAT02<\/h4>\n<p>1x jouet lapin chantant avec connecteur jack 3,5 mm<br \/>\n1x Manuel de l&rsquo;utilisateur<\/p>\n<p><a href=\"https:\/\/glassouse.com\/fr\/garantie-de-remboursement\/\"><img decoding=\"async\" class=\"alignnone wp-image-1817\" src=\"https:\/\/glassouse.com\/wp-content\/uploads\/2017\/11\/15_Day_Money_Back_47882ccb-f31c-4b58-ab77-9b78929009ef_grande.png\" alt=\"\" width=\"95\" height=\"95\" srcset=\"https:\/\/glassouse.com\/wp-content\/uploads\/2017\/11\/15_Day_Money_Back_47882ccb-f31c-4b58-ab77-9b78929009ef_grande.png 150w, https:\/\/glassouse.com\/wp-content\/uploads\/2017\/11\/15_Day_Money_Back_47882ccb-f31c-4b58-ab77-9b78929009ef_grande-100x100.png 100w, https:\/\/glassouse.com\/wp-content\/uploads\/2017\/11\/15_Day_Money_Back_47882ccb-f31c-4b58-ab77-9b78929009ef_grande-75x75.png 75w\" sizes=\"(max-width: 95px) 100vw, 95px\" \/><\/a>   <img decoding=\"async\" class=\"alignnone wp-image-3424\" src=\"https:\/\/glassouse.com\/wp-content\/uploads\/2020\/08\/A4.png\" alt=\"Garantie GlassOuse\" width=\"95\" height=\"95\" srcset=\"https:\/\/glassouse.com\/wp-content\/uploads\/2020\/08\/A4.png 345w, https:\/\/glassouse.com\/wp-content\/uploads\/2020\/08\/A4-300x299.png 300w, https:\/\/glassouse.com\/wp-content\/uploads\/2020\/08\/A4-100x100.png 100w, https:\/\/glassouse.com\/wp-content\/uploads\/2020\/08\/A4-150x150.png 150w\" sizes=\"(max-width: 95px) 100vw, 95px\" \/><\/p>\n<p><strong>FONCTION : <\/strong>Mignon lapin blanc avec oreilles mobiles et chantantes.<\/p>\n<p><strong>SPECIFICATION :<\/strong><br \/>\n<strong>Longueur :<\/strong> 32 cm<br \/>\n<strong>Poids :<\/strong> 0.3kg \/ 0.66 Pound<br \/>\n<strong>Mati\u00e8re :<\/strong> Peluche super douce<br \/>\n<strong>Rembourrage :<\/strong> Coton PP 3D respectueux de l&rsquo;environnement<br \/>\n<strong>Alimentation :<\/strong> 3x AA Battery<\/p>\n<p><strong>INSTRUCTION :<\/strong><\/p>\n<ol>\n<li>Connectez la prise jack 3,5 mm du commutateur adaptatif aux deux ports du commutateur dans le jouet.<\/li>\n<li>Activez l&rsquo;interrupteur de gauche pour que le lapin batte des oreilles en faisant le bruit d&rsquo;un peekabo. Appuyez \u00e0 nouveau pour arr\u00eater. <\/li>\n<li>Activez l&rsquo;interrupteur de droite pour faire chanter le lapin, appuyez \u00e0 nouveau pour arr\u00eater.<\/li>\n<\/ol>\n<p><strong><em>*Interrupteurs vendus s\u00e9par\u00e9ment<\/em><\/strong><\/p>\n<p>____________________________________________________________________________________________________________<\/p>\n","protected":false},"featured_media":38134,"template":"","meta":{"_acf_changed":false},"product_brand":[],"product_cat":[340],"product_tag":[343,529,530,531],"class_list":{"0":"post-38115","1":"product","2":"type-product","3":"status-publish","4":"has-post-thumbnail","6":"product_cat-jouets-glassouse","7":"product_tag-jouets-adaptes","8":"product_tag-jouet-lapin-adapte-a-linterrupteur","9":"product_tag-jouets-pour-les-personnes-ayant-des-besoins-particuliers","10":"product_tag-jouets-pour-enfants-handicapes-2","11":"product_shipping_class-jouet","13":"first","14":"instock","15":"shipping-taxable","16":"purchasable","17":"product-type-simple"},"acf":[],"yoast_head":"<!-- This site is optimized with the Yoast SEO plugin v27.4 - https:\/\/yoast.com\/product\/yoast-seo-wordpress\/ -->\n<title>GAT02 Lapin chantant - Glassouse Assistive Device<\/title>\n<meta name=\"robots\" content=\"index, follow, max-snippet:-1, max-image-preview:large, max-video-preview:-1\" \/>\n<link rel=\"canonical\" href=\"https:\/\/glassouse.com\/fr\/product\/gat02-lapin-chantant\/\" \/>\n<meta property=\"og:locale\" content=\"fr_FR\" \/>\n<meta property=\"og:type\" content=\"article\" \/>\n<meta property=\"og:title\" content=\"GAT02 Lapin chantant - Glassouse Assistive Device\" \/>\n<meta property=\"og:description\" content=\"LAPIN CHANTANT - GAT02 1x jouet lapin chantant avec connecteur jack 3,5 mm 1x Manuel de l&#039;utilisateur    FONCTION : Mignon lapin blanc avec oreilles mobiles et chantantes. SPECIFICATION : Longueur : 32 cm Poids : 0.3kg \/ 0.66 Pound Mati\u00e8re : Peluche super douce Rembourrage : Coton PP 3D respectueux de l&#039;environnement Alimentation : 3x AA Battery INSTRUCTION :  Connectez la prise jack 3,5 mm du commutateur adaptatif aux deux ports du commutateur dans le jouet.  Activez l&#039;interrupteur de gauche pour que le lapin batte des oreilles en faisant le bruit d&#039;un peekabo. Appuyez \u00e0 nouveau pour arr\u00eater.  Activez l&#039;interrupteur de droite pour faire chanter le lapin, appuyez \u00e0 nouveau pour arr\u00eater. *Interrupteurs vendus s\u00e9par\u00e9ment ____________________________________________________________________________________________________________\" \/>\n<meta property=\"og:url\" content=\"https:\/\/glassouse.com\/fr\/product\/gat02-lapin-chantant\/\" \/>\n<meta property=\"og:site_name\" content=\"Glassouse Assistive Device\" \/>\n<meta property=\"article:publisher\" content=\"https:\/\/www.facebook.com\/glassouse\/\" \/>\n<meta property=\"og:image\" content=\"https:\/\/glassouse.com\/wp-content\/uploads\/2020\/08\/Singing-Bunny-4.jpg\" \/>\n\t<meta property=\"og:image:width\" content=\"1000\" \/>\n\t<meta property=\"og:image:height\" content=\"1000\" \/>\n\t<meta property=\"og:image:type\" content=\"image\/jpeg\" \/>\n<meta name=\"twitter:card\" content=\"summary_large_image\" \/>\n<meta name=\"twitter:site\" content=\"@glassouse\" \/>\n<script type=\"application\/ld+json\" class=\"yoast-schema-graph\">{\"@context\":\"https:\\\/\\\/schema.org\",\"@graph\":[{\"@type\":\"WebPage\",\"@id\":\"https:\\\/\\\/glassouse.com\\\/fr\\\/product\\\/gat02-lapin-chantant\\\/\",\"url\":\"https:\\\/\\\/glassouse.com\\\/fr\\\/product\\\/gat02-lapin-chantant\\\/\",\"name\":\"GAT02 Lapin chantant - Glassouse Assistive Device\",\"isPartOf\":{\"@id\":\"https:\\\/\\\/glassouse.com\\\/fr\\\/#website\"},\"primaryImageOfPage\":{\"@id\":\"https:\\\/\\\/glassouse.com\\\/fr\\\/product\\\/gat02-lapin-chantant\\\/#primaryimage\"},\"image\":{\"@id\":\"https:\\\/\\\/glassouse.com\\\/fr\\\/product\\\/gat02-lapin-chantant\\\/#primaryimage\"},\"thumbnailUrl\":\"https:\\\/\\\/glassouse.com\\\/wp-content\\\/uploads\\\/2020\\\/08\\\/Singing-Bunny-4.jpg\",\"datePublished\":\"2020-08-14T09:47:14+00:00\",\"breadcrumb\":{\"@id\":\"https:\\\/\\\/glassouse.com\\\/fr\\\/product\\\/gat02-lapin-chantant\\\/#breadcrumb\"},\"inLanguage\":\"fr-FR\",\"potentialAction\":[{\"@type\":\"ReadAction\",\"target\":[\"https:\\\/\\\/glassouse.com\\\/fr\\\/product\\\/gat02-lapin-chantant\\\/\"]}]},{\"@type\":\"ImageObject\",\"inLanguage\":\"fr-FR\",\"@id\":\"https:\\\/\\\/glassouse.com\\\/fr\\\/product\\\/gat02-lapin-chantant\\\/#primaryimage\",\"url\":\"https:\\\/\\\/glassouse.com\\\/wp-content\\\/uploads\\\/2020\\\/08\\\/Singing-Bunny-4.jpg\",\"contentUrl\":\"https:\\\/\\\/glassouse.com\\\/wp-content\\\/uploads\\\/2020\\\/08\\\/Singing-Bunny-4.jpg\",\"width\":1000,\"height\":1000,\"caption\":\"Singing-Bunny (lapin chantant)\"},{\"@type\":\"BreadcrumbList\",\"@id\":\"https:\\\/\\\/glassouse.com\\\/fr\\\/product\\\/gat02-lapin-chantant\\\/#breadcrumb\",\"itemListElement\":[{\"@type\":\"ListItem\",\"position\":1,\"name\":\"Home\",\"item\":\"https:\\\/\\\/glassouse.com\\\/fr\\\/accueil\\\/\"},{\"@type\":\"ListItem\",\"position\":2,\"name\":\"Boutique\",\"item\":\"https:\\\/\\\/glassouse.com\\\/fr\\\/boutique\\\/\"},{\"@type\":\"ListItem\",\"position\":3,\"name\":\"GAT02 Lapin chantant\"}]},{\"@type\":\"WebSite\",\"@id\":\"https:\\\/\\\/glassouse.com\\\/fr\\\/#website\",\"url\":\"https:\\\/\\\/glassouse.com\\\/fr\\\/\",\"name\":\"Glassouse Assistive Device\",\"description\":\"Assistive Device and Switches for Disabled\",\"publisher\":{\"@id\":\"https:\\\/\\\/glassouse.com\\\/fr\\\/#organization\"},\"potentialAction\":[{\"@type\":\"SearchAction\",\"target\":{\"@type\":\"EntryPoint\",\"urlTemplate\":\"https:\\\/\\\/glassouse.com\\\/fr\\\/?s={search_term_string}\"},\"query-input\":{\"@type\":\"PropertyValueSpecification\",\"valueRequired\":true,\"valueName\":\"search_term_string\"}}],\"inLanguage\":\"fr-FR\"},{\"@type\":\"Organization\",\"@id\":\"https:\\\/\\\/glassouse.com\\\/fr\\\/#organization\",\"name\":\"GlassOuse Assistive Device\",\"url\":\"https:\\\/\\\/glassouse.com\\\/fr\\\/\",\"logo\":{\"@type\":\"ImageObject\",\"inLanguage\":\"fr-FR\",\"@id\":\"https:\\\/\\\/glassouse.com\\\/fr\\\/#\\\/schema\\\/logo\\\/image\\\/\",\"url\":\"https:\\\/\\\/glassouse.com\\\/wp-content\\\/uploads\\\/2017\\\/11\\\/logo.jpg\",\"contentUrl\":\"https:\\\/\\\/glassouse.com\\\/wp-content\\\/uploads\\\/2017\\\/11\\\/logo.jpg\",\"width\":500,\"height\":500,\"caption\":\"GlassOuse Assistive Device\"},\"image\":{\"@id\":\"https:\\\/\\\/glassouse.com\\\/fr\\\/#\\\/schema\\\/logo\\\/image\\\/\"},\"sameAs\":[\"https:\\\/\\\/www.facebook.com\\\/glassouse\\\/\",\"https:\\\/\\\/x.com\\\/glassouse\",\"https:\\\/\\\/www.instagram.com\\\/glassouseassistivedevice\\\/\",\"https:\\\/\\\/www.linkedin.com\\\/company\\\/glassouse\\\/\",\"https:\\\/\\\/www.youtube.com\\\/channel\\\/UCM5pebcmVXbu00QYd91_Gyw\"]}]}<\/script>\n<!-- \/ Yoast SEO plugin. -->","yoast_head_json":{"title":"GAT02 Lapin chantant - Glassouse Assistive Device","robots":{"index":"index","follow":"follow","max-snippet":"max-snippet:-1","max-image-preview":"max-image-preview:large","max-video-preview":"max-video-preview:-1"},"canonical":"https:\/\/glassouse.com\/fr\/product\/gat02-lapin-chantant\/","og_locale":"fr_FR","og_type":"article","og_title":"GAT02 Lapin chantant - Glassouse Assistive Device","og_description":"LAPIN CHANTANT - GAT02 1x jouet lapin chantant avec connecteur jack 3,5 mm 1x Manuel de l'utilisateur    FONCTION : Mignon lapin blanc avec oreilles mobiles et chantantes. SPECIFICATION : Longueur : 32 cm Poids : 0.3kg \/ 0.66 Pound Mati\u00e8re : Peluche super douce Rembourrage : Coton PP 3D respectueux de l'environnement Alimentation : 3x AA Battery INSTRUCTION :  Connectez la prise jack 3,5 mm du commutateur adaptatif aux deux ports du commutateur dans le jouet.  Activez l'interrupteur de gauche pour que le lapin batte des oreilles en faisant le bruit d'un peekabo. Appuyez \u00e0 nouveau pour arr\u00eater.  Activez l'interrupteur de droite pour faire chanter le lapin, appuyez \u00e0 nouveau pour arr\u00eater. *Interrupteurs vendus s\u00e9par\u00e9ment ____________________________________________________________________________________________________________","og_url":"https:\/\/glassouse.com\/fr\/product\/gat02-lapin-chantant\/","og_site_name":"Glassouse Assistive Device","article_publisher":"https:\/\/www.facebook.com\/glassouse\/","og_image":[{"width":1000,"height":1000,"url":"https:\/\/glassouse.com\/wp-content\/uploads\/2020\/08\/Singing-Bunny-4.jpg","type":"image\/jpeg"}],"twitter_card":"summary_large_image","twitter_site":"@glassouse","schema":{"@context":"https:\/\/schema.org","@graph":[{"@type":"WebPage","@id":"https:\/\/glassouse.com\/fr\/product\/gat02-lapin-chantant\/","url":"https:\/\/glassouse.com\/fr\/product\/gat02-lapin-chantant\/","name":"GAT02 Lapin chantant - Glassouse Assistive Device","isPartOf":{"@id":"https:\/\/glassouse.com\/fr\/#website"},"primaryImageOfPage":{"@id":"https:\/\/glassouse.com\/fr\/product\/gat02-lapin-chantant\/#primaryimage"},"image":{"@id":"https:\/\/glassouse.com\/fr\/product\/gat02-lapin-chantant\/#primaryimage"},"thumbnailUrl":"https:\/\/glassouse.com\/wp-content\/uploads\/2020\/08\/Singing-Bunny-4.jpg","datePublished":"2020-08-14T09:47:14+00:00","breadcrumb":{"@id":"https:\/\/glassouse.com\/fr\/product\/gat02-lapin-chantant\/#breadcrumb"},"inLanguage":"fr-FR","potentialAction":[{"@type":"ReadAction","target":["https:\/\/glassouse.com\/fr\/product\/gat02-lapin-chantant\/"]}]},{"@type":"ImageObject","inLanguage":"fr-FR","@id":"https:\/\/glassouse.com\/fr\/product\/gat02-lapin-chantant\/#primaryimage","url":"https:\/\/glassouse.com\/wp-content\/uploads\/2020\/08\/Singing-Bunny-4.jpg","contentUrl":"https:\/\/glassouse.com\/wp-content\/uploads\/2020\/08\/Singing-Bunny-4.jpg","width":1000,"height":1000,"caption":"Singing-Bunny (lapin chantant)"},{"@type":"BreadcrumbList","@id":"https:\/\/glassouse.com\/fr\/product\/gat02-lapin-chantant\/#breadcrumb","itemListElement":[{"@type":"ListItem","position":1,"name":"Home","item":"https:\/\/glassouse.com\/fr\/accueil\/"},{"@type":"ListItem","position":2,"name":"Boutique","item":"https:\/\/glassouse.com\/fr\/boutique\/"},{"@type":"ListItem","position":3,"name":"GAT02 Lapin chantant"}]},{"@type":"WebSite","@id":"https:\/\/glassouse.com\/fr\/#website","url":"https:\/\/glassouse.com\/fr\/","name":"Glassouse Assistive Device","description":"Assistive Device and Switches for Disabled","publisher":{"@id":"https:\/\/glassouse.com\/fr\/#organization"},"potentialAction":[{"@type":"SearchAction","target":{"@type":"EntryPoint","urlTemplate":"https:\/\/glassouse.com\/fr\/?s={search_term_string}"},"query-input":{"@type":"PropertyValueSpecification","valueRequired":true,"valueName":"search_term_string"}}],"inLanguage":"fr-FR"},{"@type":"Organization","@id":"https:\/\/glassouse.com\/fr\/#organization","name":"GlassOuse Assistive Device","url":"https:\/\/glassouse.com\/fr\/","logo":{"@type":"ImageObject","inLanguage":"fr-FR","@id":"https:\/\/glassouse.com\/fr\/#\/schema\/logo\/image\/","url":"https:\/\/glassouse.com\/wp-content\/uploads\/2017\/11\/logo.jpg","contentUrl":"https:\/\/glassouse.com\/wp-content\/uploads\/2017\/11\/logo.jpg","width":500,"height":500,"caption":"GlassOuse Assistive Device"},"image":{"@id":"https:\/\/glassouse.com\/fr\/#\/schema\/logo\/image\/"},"sameAs":["https:\/\/www.facebook.com\/glassouse\/","https:\/\/x.com\/glassouse","https:\/\/www.instagram.com\/glassouseassistivedevice\/","https:\/\/www.linkedin.com\/company\/glassouse\/","https:\/\/www.youtube.com\/channel\/UCM5pebcmVXbu00QYd91_Gyw"]}]}},"_links":{"self":[{"href":"https:\/\/glassouse.com\/fr\/wp-json\/wp\/v2\/product\/38115","targetHints":{"allow":["GET"]}}],"collection":[{"href":"https:\/\/glassouse.com\/fr\/wp-json\/wp\/v2\/product"}],"about":[{"href":"https:\/\/glassouse.com\/fr\/wp-json\/wp\/v2\/types\/product"}],"wp:featuredmedia":[{"embeddable":true,"href":"https:\/\/glassouse.com\/fr\/wp-json\/wp\/v2\/media\/38134"}],"wp:attachment":[{"href":"https:\/\/glassouse.com\/fr\/wp-json\/wp\/v2\/media?parent=38115"}],"wp:term":[{"taxonomy":"product_brand","embeddable":true,"href":"https:\/\/glassouse.com\/fr\/wp-json\/wp\/v2\/product_brand?post=38115"},{"taxonomy":"product_cat","embeddable":true,"href":"https:\/\/glassouse.com\/fr\/wp-json\/wp\/v2\/product_cat?post=38115"},{"taxonomy":"product_tag","embeddable":true,"href":"https:\/\/glassouse.com\/fr\/wp-json\/wp\/v2\/product_tag?post=38115"}],"curies":[{"name":"wp","href":"https:\/\/api.w.org\/{rel}","templated":true}]}}