{"id":28059,"date":"2022-04-30T06:22:32","date_gmt":"2022-04-29T22:22:32","guid":{"rendered":"https:\/\/glassouse.com\/termini-e-condizioni\/"},"modified":"2026-04-27T16:55:57","modified_gmt":"2026-04-27T08:55:57","slug":"termini-e-condizioni","status":"publish","type":"page","link":"https:\/\/glassouse.com\/it\/termini-e-condizioni\/","title":{"rendered":"Termini e condizioni"},"content":{"rendered":"<div class=\"wpb-content-wrapper\"><p>[vc_row][vc_column width=&#8221;1\/1&#8243;][vc_column_text uncode_shortcode_id=&#8221;202773&#8243;]<\/p>\n<h1>Termini e condizioni<\/h1>\n<p>Benvenuto su Glassouse Assistive Device!<\/p>\n<p>Questi termini e condizioni delineano le regole e le norme per l&#8217;utilizzo del sito web di Ennopro Group Limited, situato all&#8217;indirizzo https:\/\/glassouse.com\/.<\/p>\n<p>Accedendo a questo sito web si presume che tu accetti questi termini e condizioni. Non continuare a utilizzare Glassouse Assistive Device se non accetti tutti i termini e le condizioni riportati in questa pagina. <\/p>\n<p>La seguente terminologia si applica ai presenti Termini e condizioni, alla Dichiarazione sulla privacy e all&#8217;Avviso di esclusione di responsabilit\u00e0 e a tutti i contratti: &#8220;Cliente&#8221;, &#8220;Tu&#8221; e &#8220;Tuo&#8221; si riferiscono a te, persona che accede a questo sito web e che accetta i termini e le condizioni della Societ\u00e0. &#8220;La Societ\u00e0&#8221;, &#8220;Noi&#8221;, &#8220;Noi&#8221;, &#8220;Nostro&#8221; e &#8220;Noi&#8221; si riferiscono alla nostra Societ\u00e0. &#8220;Parte&#8221;, &#8220;Parti&#8221; o &#8220;Noi&#8221; si riferisce sia al Cliente che a noi. Tutti i termini si riferiscono all&#8217;offerta, all&#8217;accettazione e al corrispettivo del pagamento necessario per intraprendere il processo di assistenza al Cliente nel modo pi\u00f9 appropriato per soddisfare le esigenze del Cliente in relazione alla fornitura dei servizi dichiarati dall&#8217;Azienda, in conformit\u00e0 e nel rispetto della legge vigente nei Paesi Bassi. Qualsiasi uso della terminologia di cui sopra o di altre parole al singolare, al plurale, con la maiuscola e\/o lui\/lei o loro, sono considerati intercambiabili e quindi riferiti allo stesso.    <\/p>\n<h3><strong>Biscotti<\/strong><\/h3>\n<p>Utilizziamo i cookie. Accedendo a Glassouse Assistive Device, accetti di utilizzare i cookie in accordo con la Privacy Policy di Ennopro Group Limited. <\/p>\n<p>La maggior parte dei siti web interattivi utilizza i cookie per recuperare i dati dell&#8217;utente ad ogni visita. I cookie sono utilizzati dal nostro sito web per consentire la funzionalit\u00e0 di alcune aree e facilitare le persone che visitano il nostro sito. Anche alcuni dei nostri partner affiliati\/pubblicitari possono utilizzare i cookie.  <\/p>\n<h3><strong>Licenza<\/strong><\/h3>\n<p>Se non diversamente specificato, Ennopro Group Limited e\/o i suoi licenziatari detengono i diritti di propriet\u00e0 intellettuale di tutto il materiale presente su Glassouse Assistive Device. Tutti i diritti di propriet\u00e0 intellettuale sono riservati. Puoi accedere a questo materiale da Glassouse Assistive Device per il tuo uso personale, nel rispetto delle restrizioni stabilite in questi termini e condizioni.  <\/p>\n<p>Non devi:<\/p>\n<ul>\n<li>Ripubblicare materiale da Glassouse Assistive Device<\/li>\n<li>Vendere, affittare o concedere in sublicenza il materiale di Glassouse Assistive Device<\/li>\n<li>Riprodurre, duplicare o copiare materiale dal Dispositivo Assistivo Glassouse<\/li>\n<li>Ridistribuisci i contenuti del dispositivo assistivo Glassouse<\/li>\n<\/ul>\n<p>Il presente Accordo decorre dalla data del presente documento. I nostri Termini e Condizioni sono stati creati con l&#8217;aiuto del <a href=\"https:\/\/www.privacypolicies.com\/blog\/sample-terms-conditions-template\/\">Modello di Termini e Condizioni<\/a>. <\/p>\n<p>Alcune parti di questo sito web offrono agli utenti la possibilit\u00e0 di pubblicare e scambiare opinioni e informazioni in determinate aree del sito. Ennopro Group Limited non filtra, modifica, pubblica o rivede i Commenti prima della loro presenza sul sito web. I commenti non riflettono i punti di vista e le opinioni di Ennopro Group Limited, dei suoi agenti e\/o affiliati. I Commenti riflettono i punti di vista e le opinioni della persona che li ha pubblicati. Nella misura consentita dalle leggi applicabili, Ennopro Group Limited non sar\u00e0 responsabile per i Commenti o per qualsiasi responsabilit\u00e0, danno o spesa causati e\/o subiti in seguito all&#8217;uso e\/o alla pubblicazione e\/o all&#8217;apparizione dei Commenti su questo sito web.    <\/p>\n<p>Ennopro Group Limited si riserva il diritto di monitorare tutti i Commenti e di rimuovere qualsiasi Commento che possa essere considerato inappropriato, offensivo o che causi una violazione dei presenti Termini e Condizioni.<\/p>\n<p>L&#8217;utente garantisce e dichiara che:<\/p>\n<ul>\n<li>L&#8217;utente \u00e8 autorizzato a pubblicare i Commenti sul nostro sito web e dispone di tutte le licenze e i consensi necessari per farlo;<\/li>\n<li>I Commenti non violano alcun diritto di propriet\u00e0 intellettuale, inclusi, a titolo esemplificativo, copyright, brevetti o marchi di terzi;<\/li>\n<li>I Commenti non contengono materiale diffamatorio, calunnioso, offensivo, indecente o comunque illegale che costituisca una violazione della privacy.<\/li>\n<li>I Commenti non saranno utilizzati per sollecitare o promuovere attivit\u00e0 commerciali o consuetudini o presentare attivit\u00e0 commerciali o illecite.<\/li>\n<\/ul>\n<p>Con la presente concedi a Ennopro Group Limited una licenza non esclusiva per utilizzare, riprodurre, modificare e autorizzare altri a utilizzare, riprodurre e modificare i tuoi Commenti in qualsiasi forma, formato o media.<\/p>\n<h3><strong>Collegamento ipertestuale ai nostri contenuti<\/strong><\/h3>\n<p>Le seguenti organizzazioni possono collegarsi al nostro sito web senza previa autorizzazione scritta:<\/p>\n<ul>\n<li>Agenzie governative;<\/li>\n<li>Motori di ricerca;<\/li>\n<li>Organizzazioni giornalistiche;<\/li>\n<li>I distributori di elenchi online possono collegarsi al nostro sito web nello stesso modo in cui si collegano ai siti web di altre aziende elencate; e<\/li>\n<li>Le aziende accreditate a livello di sistema, ad eccezione delle organizzazioni no-profit, dei centri commerciali di beneficenza e dei gruppi di raccolta fondi di beneficenza che non possono collegarsi al nostro sito web.<\/li>\n<\/ul>\n<p>Queste organizzazioni possono inserire un link alla nostra home page, alle pubblicazioni o ad altre informazioni del sito web a condizione che il link: (a) non sia in alcun modo ingannevole; (b) non implichi falsamente la sponsorizzazione, l&#8217;avallo o l&#8217;approvazione del linkante e dei suoi prodotti e\/o servizi; e (c) si inserisca nel contesto del sito del linkante.   <\/p>\n<p>Possiamo prendere in considerazione e approvare altre richieste di link da parte dei seguenti tipi di organizzazioni:<\/p>\n<ul>\n<li>fonti di informazione comunemente conosciute dai consumatori e\/o dalle aziende;<\/li>\n<li>Siti di comunit\u00e0 dot.com;<\/li>\n<li>associazioni o altri gruppi che rappresentano enti di beneficenza;<\/li>\n<li>distributori di elenchi online;<\/li>\n<li>portali internet;<\/li>\n<li>societ\u00e0 di consulenza legale e contabile; e<\/li>\n<li>istituzioni educative e associazioni di categoria.<\/li>\n<\/ul>\n<p>Approveremo le richieste di link da parte di queste organizzazioni se decideremo che: (a) il link non ci far\u00e0 apparire sfavorevoli a noi stessi o alle nostre attivit\u00e0 accreditate; (b) l&#8217;organizzazione non ha precedenti negativi con noi; (c) il beneficio per noi derivante dalla visibilit\u00e0 del collegamento ipertestuale compensa l&#8217;assenza di Ennopro Group Limited; e (d) il link \u00e8 nel contesto di informazioni generali sulle risorse.    <\/p>\n<p>Queste organizzazioni possono collegarsi alla nostra home page a condizione che il link: (a) non sia in alcun modo ingannevole; (b) non implichi falsamente la sponsorizzazione, l&#8217;avallo o l&#8217;approvazione della parte linkante e dei suoi prodotti o servizi; e (c) si inserisca nel contesto del sito della parte linkante.   <\/p>\n<p>Se sei una delle organizzazioni elencate nel precedente paragrafo 2 e sei interessato a collegarti al nostro sito web, devi informarci inviando un&#8217;e-mail a Ennopro Group Limited. Ti preghiamo di includere il tuo nome, il nome della tua organizzazione, le informazioni di contatto e l&#8217;URL del tuo sito, un elenco di tutti gli URL da cui intendi collegarti al nostro sito web e un elenco degli URL del nostro sito a cui vorresti collegarti. Attendi 2-3 settimane per ricevere una risposta.  <\/p>\n<p>Le organizzazioni autorizzate possono collegarsi al nostro sito web come segue:<\/p>\n<ul>\n<li>Utilizzando la nostra ragione sociale; oppure<\/li>\n<li>Tramite l&#8217;uso del localizzatore uniforme di risorse a cui si \u00e8 collegati; oppure<\/li>\n<li>Utilizzando qualsiasi altra descrizione del nostro sito web a cui si fa riferimento che abbia senso nel contesto e nel formato del contenuto del sito della parte che effettua il collegamento.<\/li>\n<\/ul>\n<p>Non sar\u00e0 consentito l&#8217;uso del logo o di altre immagini di Ennopro Group Limited per il collegamento senza un accordo di licenza del marchio.<\/p>\n<h3><strong>iFrames<\/strong><\/h3>\n<p>Senza previa approvazione e autorizzazione scritta, non puoi creare cornici intorno alle nostre pagine web che alterino in qualsiasi modo la presentazione visiva o l&#8217;aspetto del nostro sito web.<\/p>\n<h3><strong>Responsabilit\u00e0 dei contenuti<\/strong><\/h3>\n<p>Non saremo responsabili di alcun contenuto che appaia sul tuo sito web. L&#8217;utente si impegna a proteggerci e a difenderci da qualsiasi reclamo che venga sollevato sul suo sito web. Nessun link deve comparire su alcun sito web che possa essere interpretato come diffamatorio, osceno o criminale, o che infranga o violi in altro modo, o che sostenga l&#8217;infrazione o altra violazione di diritti di terzi.  <\/p>\n<h3><strong>La tua privacy<\/strong><\/h3>\n<p>Leggi l&#8217;informativa sulla privacy<\/p>\n<h3><strong>Riserva di diritti<\/strong><\/h3>\n<p>Ci riserviamo il diritto di chiedere all&#8217;utente di rimuovere tutti i link o un particolare link al nostro Sito web. L&#8217;utente si impegna a rimuovere immediatamente tutti i link al nostro Sito web su richiesta. Ci riserviamo inoltre il diritto di modificare i presenti termini e condizioni e la relativa politica di collegamento in qualsiasi momento. Collegandoti continuamente al nostro Sito web, accetti di essere vincolato e di seguire questi termini e condizioni di collegamento.   <\/p>\n<h3><strong>Rimozione di link dal nostro sito web<\/strong><\/h3>\n<p>Se sul nostro Sito web trovi un link offensivo per qualsiasi motivo, sei libero di contattarci e informarci in qualsiasi momento. Prenderemo in considerazione le richieste di rimozione dei link, ma non siamo obbligati a farlo o a rispondere direttamente all&#8217;utente. <\/p>\n<p>Non assicuriamo che le informazioni contenute nel sito siano corrette, non ne garantiamo la completezza o l&#8217;accuratezza, n\u00e9 promettiamo di garantire che il sito rimanga disponibile o che il materiale contenuto nel sito sia aggiornato.<\/p>\n<h3><strong>Esclusione di responsabilit\u00e0<\/strong><\/h3>\n<p>Nella misura massima consentita dalla legge applicabile, escludiamo tutte le dichiarazioni, garanzie e condizioni relative al nostro sito web e all&#8217;uso di questo sito web. Nulla di quanto contenuto nella presente clausola di esclusione della responsabilit\u00e0: <\/p>\n<ul>\n<li>limitare o escludere la nostra o la tua responsabilit\u00e0 per morte o lesioni personali;<\/li>\n<li>limitare o escludere la nostra o la tua responsabilit\u00e0 per frode o falsa dichiarazione fraudolenta;<\/li>\n<li>limitare le nostre o le tue responsabilit\u00e0 in qualsiasi modo che non sia consentito dalla legge applicabile; oppure<\/li>\n<li>escludere qualsiasi nostra o tua responsabilit\u00e0 che non possa essere esclusa ai sensi della legge applicabile.<\/li>\n<\/ul>\n<p>Le limitazioni e i divieti di responsabilit\u00e0 indicati in questa sezione e in altri punti della presente clausola di esclusione della responsabilit\u00e0: (a) sono soggetti al paragrafo precedente; e (b) disciplinano tutte le responsabilit\u00e0 derivanti dalla clausola di esclusione della responsabilit\u00e0, comprese le responsabilit\u00e0 derivanti da contratto, da illecito civile e da violazione di obblighi di legge.  <\/p>\n<p>Finch\u00e9 il sito web e le informazioni e i servizi presenti sul sito web sono forniti gratuitamente, non saremo responsabili per eventuali perdite o danni di qualsiasi natura.[\/vc_column_text][\/vc_column][\/vc_row]<\/p>\n<\/div>","protected":false},"excerpt":{"rendered":"<p>[vc_row][vc_column width=&#8221;1\/1&#8243;][vc_column_text uncode_shortcode_id=&#8221;202773&#8243;] Termini e condizioni Benvenuto su Glassouse Assistive Device! Questi termini e condizioni delineano le regole e le [&hellip;]<\/p>\n","protected":false},"author":1,"featured_media":0,"parent":0,"menu_order":10,"comment_status":"closed","ping_status":"closed","template":"","meta":{"_acf_changed":false,"footnotes":""},"class_list":["post-28059","page","type-page","status-publish","hentry"],"acf":[],"yoast_head":"<!-- This site is optimized with the Yoast SEO plugin v27.4 - https:\/\/yoast.com\/product\/yoast-seo-wordpress\/ -->\n<title>Termini e condizioni - Glassouse Assistive Device<\/title>\n<meta name=\"robots\" content=\"index, follow, max-snippet:-1, max-image-preview:large, max-video-preview:-1\" \/>\n<link rel=\"canonical\" href=\"https:\/\/glassouse.com\/it\/termini-e-condizioni\/\" \/>\n<meta property=\"og:locale\" content=\"it_IT\" \/>\n<meta property=\"og:type\" content=\"article\" \/>\n<meta property=\"og:title\" content=\"Termini e condizioni - Glassouse Assistive Device\" \/>\n<meta property=\"og:description\" content=\"[vc_row][vc_column width=&#8221;1\/1&#8243;][vc_column_text uncode_shortcode_id=&#8221;202773&#8243;] Termini e condizioni Benvenuto su Glassouse Assistive Device! Questi termini e condizioni delineano le regole e le [&hellip;]\" \/>\n<meta property=\"og:url\" content=\"https:\/\/glassouse.com\/it\/termini-e-condizioni\/\" \/>\n<meta property=\"og:site_name\" content=\"Glassouse Assistive Device\" \/>\n<meta property=\"article:publisher\" content=\"https:\/\/www.facebook.com\/glassouse\/\" \/>\n<meta property=\"article:modified_time\" content=\"2026-04-27T08:55:57+00:00\" \/>\n<meta name=\"twitter:card\" content=\"summary_large_image\" \/>\n<meta name=\"twitter:site\" content=\"@glassouse\" \/>\n<meta name=\"twitter:label1\" content=\"Tempo di lettura stimato\" \/>\n\t<meta name=\"twitter:data1\" content=\"8 minuti\" \/>\n<script type=\"application\/ld+json\" class=\"yoast-schema-graph\">{\"@context\":\"https:\\\/\\\/schema.org\",\"@graph\":[{\"@type\":\"WebPage\",\"@id\":\"https:\\\/\\\/glassouse.com\\\/it\\\/termini-e-condizioni\\\/\",\"url\":\"https:\\\/\\\/glassouse.com\\\/it\\\/termini-e-condizioni\\\/\",\"name\":\"Termini e condizioni - Glassouse Assistive Device\",\"isPartOf\":{\"@id\":\"https:\\\/\\\/glassouse.com\\\/it\\\/#website\"},\"datePublished\":\"2022-04-29T22:22:32+00:00\",\"dateModified\":\"2026-04-27T08:55:57+00:00\",\"breadcrumb\":{\"@id\":\"https:\\\/\\\/glassouse.com\\\/it\\\/termini-e-condizioni\\\/#breadcrumb\"},\"inLanguage\":\"it-IT\",\"potentialAction\":[{\"@type\":\"ReadAction\",\"target\":[\"https:\\\/\\\/glassouse.com\\\/it\\\/termini-e-condizioni\\\/\"]}]},{\"@type\":\"BreadcrumbList\",\"@id\":\"https:\\\/\\\/glassouse.com\\\/it\\\/termini-e-condizioni\\\/#breadcrumb\",\"itemListElement\":[{\"@type\":\"ListItem\",\"position\":1,\"name\":\"Home\",\"item\":\"https:\\\/\\\/glassouse.com\\\/it\\\/casa\\\/\"},{\"@type\":\"ListItem\",\"position\":2,\"name\":\"Termini e condizioni\"}]},{\"@type\":\"WebSite\",\"@id\":\"https:\\\/\\\/glassouse.com\\\/it\\\/#website\",\"url\":\"https:\\\/\\\/glassouse.com\\\/it\\\/\",\"name\":\"Glassouse Assistive Device\",\"description\":\"Assistive Device and Switches for Disabled\",\"publisher\":{\"@id\":\"https:\\\/\\\/glassouse.com\\\/it\\\/#organization\"},\"potentialAction\":[{\"@type\":\"SearchAction\",\"target\":{\"@type\":\"EntryPoint\",\"urlTemplate\":\"https:\\\/\\\/glassouse.com\\\/it\\\/?s={search_term_string}\"},\"query-input\":{\"@type\":\"PropertyValueSpecification\",\"valueRequired\":true,\"valueName\":\"search_term_string\"}}],\"inLanguage\":\"it-IT\"},{\"@type\":\"Organization\",\"@id\":\"https:\\\/\\\/glassouse.com\\\/it\\\/#organization\",\"name\":\"GlassOuse Assistive Device\",\"url\":\"https:\\\/\\\/glassouse.com\\\/it\\\/\",\"logo\":{\"@type\":\"ImageObject\",\"inLanguage\":\"it-IT\",\"@id\":\"https:\\\/\\\/glassouse.com\\\/it\\\/#\\\/schema\\\/logo\\\/image\\\/\",\"url\":\"https:\\\/\\\/glassouse.com\\\/wp-content\\\/uploads\\\/2017\\\/11\\\/logo.jpg\",\"contentUrl\":\"https:\\\/\\\/glassouse.com\\\/wp-content\\\/uploads\\\/2017\\\/11\\\/logo.jpg\",\"width\":500,\"height\":500,\"caption\":\"GlassOuse Assistive Device\"},\"image\":{\"@id\":\"https:\\\/\\\/glassouse.com\\\/it\\\/#\\\/schema\\\/logo\\\/image\\\/\"},\"sameAs\":[\"https:\\\/\\\/www.facebook.com\\\/glassouse\\\/\",\"https:\\\/\\\/x.com\\\/glassouse\",\"https:\\\/\\\/www.instagram.com\\\/glassouseassistivedevice\\\/\",\"https:\\\/\\\/www.linkedin.com\\\/company\\\/glassouse\\\/\",\"https:\\\/\\\/www.youtube.com\\\/channel\\\/UCM5pebcmVXbu00QYd91_Gyw\"]}]}<\/script>\n<!-- \/ Yoast SEO plugin. -->","yoast_head_json":{"title":"Termini e condizioni - Glassouse Assistive Device","robots":{"index":"index","follow":"follow","max-snippet":"max-snippet:-1","max-image-preview":"max-image-preview:large","max-video-preview":"max-video-preview:-1"},"canonical":"https:\/\/glassouse.com\/it\/termini-e-condizioni\/","og_locale":"it_IT","og_type":"article","og_title":"Termini e condizioni - Glassouse Assistive Device","og_description":"[vc_row][vc_column width=&#8221;1\/1&#8243;][vc_column_text uncode_shortcode_id=&#8221;202773&#8243;] Termini e condizioni Benvenuto su Glassouse Assistive Device! Questi termini e condizioni delineano le regole e le [&hellip;]","og_url":"https:\/\/glassouse.com\/it\/termini-e-condizioni\/","og_site_name":"Glassouse Assistive Device","article_publisher":"https:\/\/www.facebook.com\/glassouse\/","article_modified_time":"2026-04-27T08:55:57+00:00","twitter_card":"summary_large_image","twitter_site":"@glassouse","twitter_misc":{"Tempo di lettura stimato":"8 minuti"},"schema":{"@context":"https:\/\/schema.org","@graph":[{"@type":"WebPage","@id":"https:\/\/glassouse.com\/it\/termini-e-condizioni\/","url":"https:\/\/glassouse.com\/it\/termini-e-condizioni\/","name":"Termini e condizioni - Glassouse Assistive Device","isPartOf":{"@id":"https:\/\/glassouse.com\/it\/#website"},"datePublished":"2022-04-29T22:22:32+00:00","dateModified":"2026-04-27T08:55:57+00:00","breadcrumb":{"@id":"https:\/\/glassouse.com\/it\/termini-e-condizioni\/#breadcrumb"},"inLanguage":"it-IT","potentialAction":[{"@type":"ReadAction","target":["https:\/\/glassouse.com\/it\/termini-e-condizioni\/"]}]},{"@type":"BreadcrumbList","@id":"https:\/\/glassouse.com\/it\/termini-e-condizioni\/#breadcrumb","itemListElement":[{"@type":"ListItem","position":1,"name":"Home","item":"https:\/\/glassouse.com\/it\/casa\/"},{"@type":"ListItem","position":2,"name":"Termini e condizioni"}]},{"@type":"WebSite","@id":"https:\/\/glassouse.com\/it\/#website","url":"https:\/\/glassouse.com\/it\/","name":"Glassouse Assistive Device","description":"Assistive Device and Switches for Disabled","publisher":{"@id":"https:\/\/glassouse.com\/it\/#organization"},"potentialAction":[{"@type":"SearchAction","target":{"@type":"EntryPoint","urlTemplate":"https:\/\/glassouse.com\/it\/?s={search_term_string}"},"query-input":{"@type":"PropertyValueSpecification","valueRequired":true,"valueName":"search_term_string"}}],"inLanguage":"it-IT"},{"@type":"Organization","@id":"https:\/\/glassouse.com\/it\/#organization","name":"GlassOuse Assistive Device","url":"https:\/\/glassouse.com\/it\/","logo":{"@type":"ImageObject","inLanguage":"it-IT","@id":"https:\/\/glassouse.com\/it\/#\/schema\/logo\/image\/","url":"https:\/\/glassouse.com\/wp-content\/uploads\/2017\/11\/logo.jpg","contentUrl":"https:\/\/glassouse.com\/wp-content\/uploads\/2017\/11\/logo.jpg","width":500,"height":500,"caption":"GlassOuse Assistive Device"},"image":{"@id":"https:\/\/glassouse.com\/it\/#\/schema\/logo\/image\/"},"sameAs":["https:\/\/www.facebook.com\/glassouse\/","https:\/\/x.com\/glassouse","https:\/\/www.instagram.com\/glassouseassistivedevice\/","https:\/\/www.linkedin.com\/company\/glassouse\/","https:\/\/www.youtube.com\/channel\/UCM5pebcmVXbu00QYd91_Gyw"]}]}},"_links":{"self":[{"href":"https:\/\/glassouse.com\/it\/wp-json\/wp\/v2\/pages\/28059","targetHints":{"allow":["GET"]}}],"collection":[{"href":"https:\/\/glassouse.com\/it\/wp-json\/wp\/v2\/pages"}],"about":[{"href":"https:\/\/glassouse.com\/it\/wp-json\/wp\/v2\/types\/page"}],"author":[{"embeddable":true,"href":"https:\/\/glassouse.com\/it\/wp-json\/wp\/v2\/users\/1"}],"replies":[{"embeddable":true,"href":"https:\/\/glassouse.com\/it\/wp-json\/wp\/v2\/comments?post=28059"}],"version-history":[{"count":10,"href":"https:\/\/glassouse.com\/it\/wp-json\/wp\/v2\/pages\/28059\/revisions"}],"predecessor-version":[{"id":28121,"href":"https:\/\/glassouse.com\/it\/wp-json\/wp\/v2\/pages\/28059\/revisions\/28121"}],"wp:attachment":[{"href":"https:\/\/glassouse.com\/it\/wp-json\/wp\/v2\/media?parent=28059"}],"curies":[{"name":"wp","href":"https:\/\/api.w.org\/{rel}","templated":true}]}}