{"id":29349,"date":"2022-06-07T11:14:18","date_gmt":"2022-06-07T03:14:18","guid":{"rendered":"https:\/\/glassouse.com\/chi-siamo\/"},"modified":"2026-04-27T16:56:18","modified_gmt":"2026-04-27T08:56:18","slug":"chi-siamo","status":"publish","type":"page","link":"https:\/\/glassouse.com\/it\/chi-siamo\/","title":{"rendered":"Chi siamo"},"content":{"rendered":"<div class=\"wpb-content-wrapper\"><p>[vc_row unlock_row_content=&#8221;yes&#8221; row_height_percent=&#8221;0&#8243; override_padding=&#8221;yes&#8221; h_padding=&#8221;0&#8243; top_padding=&#8221;0&#8243; bottom_padding=&#8221;0&#8243; overlay_alpha=&#8221;50&#8243; gutter_size=&#8221;0&#8243; column_width_percent=&#8221;100&#8243; shift_y=&#8221;0&#8243; z_index=&#8221;0&#8243; uncode_shortcode_id=&#8221;113570&#8243; row_height_pixel=&#8221;500&#8243; css=&#8221;.vc_custom_1657234076761{padding-right: 0px !important;padding-left: 0px !important;}&#8221;][vc_column column_width_percent=&#8221;100&#8243; position_vertical=&#8221;middle&#8221; align_horizontal=&#8221;align_center&#8221; gutter_size=&#8221;3&#8243; overlay_alpha=&#8221;50&#8243; shift_x=&#8221;0&#8243; shift_y=&#8221;0&#8243; shift_y_down=&#8221;0&#8243; z_index=&#8221;0&#8243; medium_width=&#8221;0&#8243; mobile_width=&#8221;0&#8243; width=&#8221;1\/1&#8243; uncode_shortcode_id=&#8221;109151&#8243;][vc_single_image media=&#8221;29353&#8243; media_width_use_pixel=&#8221;yes&#8221; alignment=&#8221;center&#8221; uncode_shortcode_id=&#8221;736981&#8243; el_class=&#8221;w-auto about_us_banenr&#8221;][\/vc_column][\/vc_row][vc_row row_height_percent=&#8221;0&#8243; override_padding=&#8221;yes&#8221; h_padding=&#8221;0&#8243; top_padding=&#8221;3&#8243; bottom_padding=&#8221;3&#8243; overlay_alpha=&#8221;50&#8243; gutter_size=&#8221;3&#8243; column_width_percent=&#8221;100&#8243; shift_y=&#8221;0&#8243; z_index=&#8221;0&#8243; uncode_shortcode_id=&#8221;183118&#8243;][vc_column][vc_custom_heading heading_semantic=&#8221;h1&#8243; text_weight=&#8221;700&#8243; uncode_shortcode_id=&#8221;122096&#8243;]<span style=\"color: #43b8db;\">Informazioni sul <\/span>dispositivo assistivo GlassOuse[\/vc_custom_heading][vc_separator sep_color=&#8221;color-vyce&#8221; icon_position=&#8221;left&#8221; el_height=&#8221;5px&#8221; uncode_shortcode_id=&#8221;727187&#8243; sep_color_type=&#8221;uncode-palette&#8221; el_width=&#8221;50px&#8221; el_class=&#8221;c-divider&#8221;][vc_column_text text_lead=&#8221;yes&#8221; uncode_shortcode_id=&#8221;157375&#8243;]Fondata nel 2016, GlassOuse Assistive Device progetta e sviluppa tecnologie per aiutare le persone con disabilit\u00e0 fisiche e mobilit\u00e0 limitata ad accedere alla tecnologia di base come tutti gli altri.<\/p>\n<p>&#8220;Come fa una persona disabile senza arti o problemi di mobilit\u00e0 a utilizzare smartphone, tablet e computer?&#8221;. &#8211; questa \u00e8 stata la domanda che il nostro Fondatore e CEO Mehmet Turker si \u00e8 posto all&#8217;inizio del 2016 quando si \u00e8 trovato di fronte a questo dilemma. Il caro amico di Nemo, Caner Cem Marti, un avventuriero di 20 anni, ha subito un grave infortunio durante un&#8217;immersione in acque profonde che gli ha provocato una paralisi completa del corpo sotto la testa. Questo incidente avrebbe cambiato la vita di Carner per sempre. Nemo voleva quindi creare un dispositivo per il suo amico che gli permettesse di usare il telefono e il computer come tutti gli altri.   <\/p>\n<p>Ha poi progettato GlassOuse V1.1 &#8211; un mouse wireless per la testa che permette a Caner di utilizzare telefoni cellulari e computer semplicemente attraverso i movimenti della testa e il clic del morso. Questo dispositivo \u00e8 stato poi lanciato su Indiegogo, dove \u00e8 stato lodato e apprezzato in tutto il mondo. <\/p>\n<p>Da allora, il nostro team di esperti, grazie al feedback della nostra comunit\u00e0 globale di utenti, ha sviluppato diversi dispositivi di assistenza come <strong>GlassOuse V1.4, GlassOuse PRO, G-Switch, Adaptive Toys<\/strong> e altri ancora per consentire a tutti di accedere alla tecnologia in modo pi\u00f9 indipendente.<\/p>\n<p><strong style=\"color: #43b8db;\">#inclusione<\/strong> <strong style=\"color: #43b8db;\">#technology4all<\/strong><\/p>\n<p>GlassOuse Assistive Device (marchio) \u00e8 interamente di propriet\u00e0 e gestito da<strong> Ennopro Group Limited<\/strong> (organizzazione madre).[\/vc_column_text][\/vc_column][\/vc_row]<\/p>\n<\/div>","protected":false},"excerpt":{"rendered":"<p>[vc_row unlock_row_content=&#8221;yes&#8221; row_height_percent=&#8221;0&#8243; override_padding=&#8221;yes&#8221; h_padding=&#8221;0&#8243; top_padding=&#8221;0&#8243; bottom_padding=&#8221;0&#8243; overlay_alpha=&#8221;50&#8243; gutter_size=&#8221;0&#8243; column_width_percent=&#8221;100&#8243; shift_y=&#8221;0&#8243; z_index=&#8221;0&#8243; uncode_shortcode_id=&#8221;113570&#8243; row_height_pixel=&#8221;500&#8243; css=&#8221;.vc_custom_1657234076761{padding-right: 0px !important;padding-left: 0px !important;}&#8221;][vc_column column_width_percent=&#8221;100&#8243; [&hellip;]<\/p>\n","protected":false},"author":1,"featured_media":0,"parent":0,"menu_order":6,"comment_status":"closed","ping_status":"closed","template":"","meta":{"_acf_changed":false,"footnotes":""},"class_list":["post-29349","page","type-page","status-publish","hentry"],"acf":[],"yoast_head":"<!-- This site is optimized with the Yoast SEO plugin v27.4 - https:\/\/yoast.com\/product\/yoast-seo-wordpress\/ -->\n<title>Chi siamo - Dispositivo Assistivo GlassOuse<\/title>\n<meta name=\"description\" content=\"Fondata nel 2016, GlassOuse Assistive Device progetta e sviluppa tecnologie per aiutare le persone con disabilit\u00e0 fisiche e mobilit\u00e0 limitata ad accedere alla tecnologia di base come chiunque altro.\" \/>\n<meta name=\"robots\" content=\"index, follow, max-snippet:-1, max-image-preview:large, max-video-preview:-1\" \/>\n<link rel=\"canonical\" href=\"https:\/\/glassouse.com\/it\/chi-siamo\/\" \/>\n<meta property=\"og:locale\" content=\"it_IT\" \/>\n<meta property=\"og:type\" content=\"article\" \/>\n<meta property=\"og:title\" content=\"Chi siamo - Dispositivo Assistivo GlassOuse\" \/>\n<meta property=\"og:description\" content=\"Fondata nel 2016, GlassOuse Assistive Device progetta e sviluppa tecnologie per aiutare le persone con disabilit\u00e0 fisiche e mobilit\u00e0 limitata ad accedere alla tecnologia di base come chiunque altro.\" \/>\n<meta property=\"og:url\" content=\"https:\/\/glassouse.com\/it\/chi-siamo\/\" \/>\n<meta property=\"og:site_name\" content=\"Glassouse Assistive Device\" \/>\n<meta property=\"article:publisher\" content=\"https:\/\/www.facebook.com\/glassouse\/\" \/>\n<meta property=\"article:modified_time\" content=\"2026-04-27T08:56:18+00:00\" \/>\n<meta name=\"twitter:card\" content=\"summary_large_image\" \/>\n<meta name=\"twitter:site\" content=\"@glassouse\" \/>\n<meta name=\"twitter:label1\" content=\"Tempo di lettura stimato\" \/>\n\t<meta name=\"twitter:data1\" content=\"2 minuti\" \/>\n<script type=\"application\/ld+json\" class=\"yoast-schema-graph\">{\"@context\":\"https:\\\/\\\/schema.org\",\"@graph\":[{\"@type\":\"WebPage\",\"@id\":\"https:\\\/\\\/glassouse.com\\\/it\\\/chi-siamo\\\/\",\"url\":\"https:\\\/\\\/glassouse.com\\\/it\\\/chi-siamo\\\/\",\"name\":\"Chi siamo - Dispositivo Assistivo GlassOuse\",\"isPartOf\":{\"@id\":\"https:\\\/\\\/glassouse.com\\\/it\\\/#website\"},\"datePublished\":\"2022-06-07T03:14:18+00:00\",\"dateModified\":\"2026-04-27T08:56:18+00:00\",\"description\":\"Fondata nel 2016, GlassOuse Assistive Device progetta e sviluppa tecnologie per aiutare le persone con disabilit\u00e0 fisiche e mobilit\u00e0 limitata ad accedere alla tecnologia di base come chiunque altro.\",\"breadcrumb\":{\"@id\":\"https:\\\/\\\/glassouse.com\\\/it\\\/chi-siamo\\\/#breadcrumb\"},\"inLanguage\":\"it-IT\",\"potentialAction\":[{\"@type\":\"ReadAction\",\"target\":[\"https:\\\/\\\/glassouse.com\\\/it\\\/chi-siamo\\\/\"]}]},{\"@type\":\"BreadcrumbList\",\"@id\":\"https:\\\/\\\/glassouse.com\\\/it\\\/chi-siamo\\\/#breadcrumb\",\"itemListElement\":[{\"@type\":\"ListItem\",\"position\":1,\"name\":\"Home\",\"item\":\"https:\\\/\\\/glassouse.com\\\/it\\\/casa\\\/\"},{\"@type\":\"ListItem\",\"position\":2,\"name\":\"Chi siamo\"}]},{\"@type\":\"WebSite\",\"@id\":\"https:\\\/\\\/glassouse.com\\\/it\\\/#website\",\"url\":\"https:\\\/\\\/glassouse.com\\\/it\\\/\",\"name\":\"Glassouse Assistive Device\",\"description\":\"Assistive Device and Switches for Disabled\",\"publisher\":{\"@id\":\"https:\\\/\\\/glassouse.com\\\/it\\\/#organization\"},\"potentialAction\":[{\"@type\":\"SearchAction\",\"target\":{\"@type\":\"EntryPoint\",\"urlTemplate\":\"https:\\\/\\\/glassouse.com\\\/it\\\/?s={search_term_string}\"},\"query-input\":{\"@type\":\"PropertyValueSpecification\",\"valueRequired\":true,\"valueName\":\"search_term_string\"}}],\"inLanguage\":\"it-IT\"},{\"@type\":\"Organization\",\"@id\":\"https:\\\/\\\/glassouse.com\\\/it\\\/#organization\",\"name\":\"GlassOuse Assistive Device\",\"url\":\"https:\\\/\\\/glassouse.com\\\/it\\\/\",\"logo\":{\"@type\":\"ImageObject\",\"inLanguage\":\"it-IT\",\"@id\":\"https:\\\/\\\/glassouse.com\\\/it\\\/#\\\/schema\\\/logo\\\/image\\\/\",\"url\":\"https:\\\/\\\/glassouse.com\\\/wp-content\\\/uploads\\\/2017\\\/11\\\/logo.jpg\",\"contentUrl\":\"https:\\\/\\\/glassouse.com\\\/wp-content\\\/uploads\\\/2017\\\/11\\\/logo.jpg\",\"width\":500,\"height\":500,\"caption\":\"GlassOuse Assistive Device\"},\"image\":{\"@id\":\"https:\\\/\\\/glassouse.com\\\/it\\\/#\\\/schema\\\/logo\\\/image\\\/\"},\"sameAs\":[\"https:\\\/\\\/www.facebook.com\\\/glassouse\\\/\",\"https:\\\/\\\/x.com\\\/glassouse\",\"https:\\\/\\\/www.instagram.com\\\/glassouseassistivedevice\\\/\",\"https:\\\/\\\/www.linkedin.com\\\/company\\\/glassouse\\\/\",\"https:\\\/\\\/www.youtube.com\\\/channel\\\/UCM5pebcmVXbu00QYd91_Gyw\"]}]}<\/script>\n<!-- \/ Yoast SEO plugin. -->","yoast_head_json":{"title":"Chi siamo - Dispositivo Assistivo GlassOuse","description":"Fondata nel 2016, GlassOuse Assistive Device progetta e sviluppa tecnologie per aiutare le persone con disabilit\u00e0 fisiche e mobilit\u00e0 limitata ad accedere alla tecnologia di base come chiunque altro.","robots":{"index":"index","follow":"follow","max-snippet":"max-snippet:-1","max-image-preview":"max-image-preview:large","max-video-preview":"max-video-preview:-1"},"canonical":"https:\/\/glassouse.com\/it\/chi-siamo\/","og_locale":"it_IT","og_type":"article","og_title":"Chi siamo - Dispositivo Assistivo GlassOuse","og_description":"Fondata nel 2016, GlassOuse Assistive Device progetta e sviluppa tecnologie per aiutare le persone con disabilit\u00e0 fisiche e mobilit\u00e0 limitata ad accedere alla tecnologia di base come chiunque altro.","og_url":"https:\/\/glassouse.com\/it\/chi-siamo\/","og_site_name":"Glassouse Assistive Device","article_publisher":"https:\/\/www.facebook.com\/glassouse\/","article_modified_time":"2026-04-27T08:56:18+00:00","twitter_card":"summary_large_image","twitter_site":"@glassouse","twitter_misc":{"Tempo di lettura stimato":"2 minuti"},"schema":{"@context":"https:\/\/schema.org","@graph":[{"@type":"WebPage","@id":"https:\/\/glassouse.com\/it\/chi-siamo\/","url":"https:\/\/glassouse.com\/it\/chi-siamo\/","name":"Chi siamo - Dispositivo Assistivo GlassOuse","isPartOf":{"@id":"https:\/\/glassouse.com\/it\/#website"},"datePublished":"2022-06-07T03:14:18+00:00","dateModified":"2026-04-27T08:56:18+00:00","description":"Fondata nel 2016, GlassOuse Assistive Device progetta e sviluppa tecnologie per aiutare le persone con disabilit\u00e0 fisiche e mobilit\u00e0 limitata ad accedere alla tecnologia di base come chiunque altro.","breadcrumb":{"@id":"https:\/\/glassouse.com\/it\/chi-siamo\/#breadcrumb"},"inLanguage":"it-IT","potentialAction":[{"@type":"ReadAction","target":["https:\/\/glassouse.com\/it\/chi-siamo\/"]}]},{"@type":"BreadcrumbList","@id":"https:\/\/glassouse.com\/it\/chi-siamo\/#breadcrumb","itemListElement":[{"@type":"ListItem","position":1,"name":"Home","item":"https:\/\/glassouse.com\/it\/casa\/"},{"@type":"ListItem","position":2,"name":"Chi siamo"}]},{"@type":"WebSite","@id":"https:\/\/glassouse.com\/it\/#website","url":"https:\/\/glassouse.com\/it\/","name":"Glassouse Assistive Device","description":"Assistive Device and Switches for Disabled","publisher":{"@id":"https:\/\/glassouse.com\/it\/#organization"},"potentialAction":[{"@type":"SearchAction","target":{"@type":"EntryPoint","urlTemplate":"https:\/\/glassouse.com\/it\/?s={search_term_string}"},"query-input":{"@type":"PropertyValueSpecification","valueRequired":true,"valueName":"search_term_string"}}],"inLanguage":"it-IT"},{"@type":"Organization","@id":"https:\/\/glassouse.com\/it\/#organization","name":"GlassOuse Assistive Device","url":"https:\/\/glassouse.com\/it\/","logo":{"@type":"ImageObject","inLanguage":"it-IT","@id":"https:\/\/glassouse.com\/it\/#\/schema\/logo\/image\/","url":"https:\/\/glassouse.com\/wp-content\/uploads\/2017\/11\/logo.jpg","contentUrl":"https:\/\/glassouse.com\/wp-content\/uploads\/2017\/11\/logo.jpg","width":500,"height":500,"caption":"GlassOuse Assistive Device"},"image":{"@id":"https:\/\/glassouse.com\/it\/#\/schema\/logo\/image\/"},"sameAs":["https:\/\/www.facebook.com\/glassouse\/","https:\/\/x.com\/glassouse","https:\/\/www.instagram.com\/glassouseassistivedevice\/","https:\/\/www.linkedin.com\/company\/glassouse\/","https:\/\/www.youtube.com\/channel\/UCM5pebcmVXbu00QYd91_Gyw"]}]}},"_links":{"self":[{"href":"https:\/\/glassouse.com\/it\/wp-json\/wp\/v2\/pages\/29349","targetHints":{"allow":["GET"]}}],"collection":[{"href":"https:\/\/glassouse.com\/it\/wp-json\/wp\/v2\/pages"}],"about":[{"href":"https:\/\/glassouse.com\/it\/wp-json\/wp\/v2\/types\/page"}],"author":[{"embeddable":true,"href":"https:\/\/glassouse.com\/it\/wp-json\/wp\/v2\/users\/1"}],"replies":[{"embeddable":true,"href":"https:\/\/glassouse.com\/it\/wp-json\/wp\/v2\/comments?post=29349"}],"version-history":[{"count":11,"href":"https:\/\/glassouse.com\/it\/wp-json\/wp\/v2\/pages\/29349\/revisions"}],"predecessor-version":[{"id":29443,"href":"https:\/\/glassouse.com\/it\/wp-json\/wp\/v2\/pages\/29349\/revisions\/29443"}],"wp:attachment":[{"href":"https:\/\/glassouse.com\/it\/wp-json\/wp\/v2\/media?parent=29349"}],"curies":[{"name":"wp","href":"https:\/\/api.w.org\/{rel}","templated":true}]}}