{"id":5385,"date":"2026-04-30T01:46:52","date_gmt":"2026-04-29T17:46:52","guid":{"rendered":"https:\/\/glassouse.com\/?page_id=5385"},"modified":"2026-04-30T01:46:52","modified_gmt":"2026-04-29T17:46:52","slug":"about-us","status":"publish","type":"page","link":"https:\/\/glassouse.com\/it\/about-us\/","title":{"rendered":"Su Di Noi"},"content":{"rendered":"<div class=\"wpb-content-wrapper\"><div data-parent=\"true\" class=\"vc_row vc_custom_1657234076761 row-container\" style=\"padding-right: 0px ;padding-left: 0px ;\" id=\"row-unique-0\"><div class=\"row col-no-gutter no-top-padding no-bottom-padding no-h-padding full-width row-parent\" data-minheight=\"500\"><div class=\"wpb_row row-inner\"><div class=\"wpb_column pos-middle pos-center align_center column_parent col-lg-12 single-internal-gutter\"><div class=\"uncol style-light\"  ><div class=\"uncoltable\"><div class=\"uncell no-block-padding\" ><div class=\"uncont\" ><div class=\"uncode-single-media w-auto about_us_banenr text-center\"><div class=\"single-wrapper\" style=\"max-width: 100%;\"><div class=\"tmb tmb-light  tmb-media-first tmb-media-last tmb-content-overlay tmb-no-bg\"><div class=\"t-inside\"><div class=\"t-entry-visual\"><div class=\"t-entry-visual-tc\"><div class=\"uncode-single-media-wrapper\"><img decoding=\"async\" class=\"wp-image-5561\" src=\"https:\/\/glassouse.com\/wp-content\/uploads\/2022\/07\/about-us-page-banner-1.png\" width=\"1316\" height=\"599\" alt=\"about-us-page-banne\" srcset=\"https:\/\/glassouse.com\/wp-content\/uploads\/2022\/07\/about-us-page-banner-1.png 1316w, https:\/\/glassouse.com\/wp-content\/uploads\/2022\/07\/about-us-page-banner-1-300x137.png 300w, https:\/\/glassouse.com\/wp-content\/uploads\/2022\/07\/about-us-page-banner-1-1024x466.png 1024w, https:\/\/glassouse.com\/wp-content\/uploads\/2022\/07\/about-us-page-banner-1-768x350.png 768w\" sizes=\"(max-width: 1316px) 100vw, 1316px\" \/><\/div>\n\t\t\t\t\t<\/div>\n\t\t\t\t<\/div><\/div><\/div><\/div><\/div><\/div><\/div><\/div><\/div><\/div><script id=\"script-row-unique-0\" data-row=\"script-row-unique-0\" type=\"text\/javascript\" class=\"vc_controls\">UNCODE.initRow(document.getElementById(\"row-unique-0\"));<\/script><\/div><\/div><\/div><div data-parent=\"true\" class=\"vc_row row-container\" id=\"row-unique-1\"><div class=\"row double-top-padding double-bottom-padding no-h-padding limit-width row-parent\"><div class=\"wpb_row row-inner\"><div class=\"wpb_column pos-top pos-center align_left column_parent col-lg-12 single-internal-gutter\"><div class=\"uncol style-light\"  ><div class=\"uncoltable\"><div class=\"uncell no-block-padding\" ><div class=\"uncont\" ><div class=\"vc_custom_heading_wrap\"><div class=\"heading-text el-text\" ><h1 class=\"h2 font-weight-700\" ><span><span style=\"color: #43b8db;\">Di <\/span>GlassOuse Dispositivo Assistivo<\/span><\/h1><\/div><div class=\"clear\"><\/div><\/div><div class=\"divider-wrapper c-divider\"  >\n    <hr class=\"unseparator border-color-vyce-color separator-no-padding\"  style=\"width: 50px;border-top-width: 5px;\" \/>\n<\/div>\n<div class=\"uncode_text_column text-lead\" ><p>Fondata nel 2016, GlassOuse Assistive Device progetta e sviluppa tecnologie per aiutare le persone con disabilit\u00e0 fisiche e mobilit\u00e0 limitata ad accedere alle tecnologie di base come tutti gli altri.<\/p>\n<p>\u201cCome fa una persona disabile, senza arti o problemi di mobilit\u00e0, a utilizzare i propri smartphone, tablet e computer?\u201d \u2013 questa \u00e8 stata una delle domande che il nostro Fondatore e CEO, Mehmet Turker, si \u00e8 posto all'inizio del 2016, quando si \u00e8 trovato di fronte a questo dilemma. Il caro amico di Nemo, Caner Cem Marti, un avventuriero di 20 anni, ha subito una grave lesione durante un'immersione subacquea che ha causato la paralisi totale del corpo al di sotto della testa. Questo incidente avrebbe cambiato la vita di Caner per sempre. Cos\u00ec, Nemo ha voluto creare un dispositivo per il suo amico che gli permettesse di usare il telefono e il computer, proprio come tutti gli altri.<\/p>\n<p>\u00c8 passato al design GlassOuse V1.1 \u2013 Un mouse per la testa wireless che avrebbe permesso a Caner di utilizzare telefoni cellulari e computer semplicemente tramite movimenti della testa e clic con il morso. Questo dispositivo \u00e8 stato successivamente lanciato su Indiegogo, dove \u00e8 stato elogiato e apprezzato a livello globale.<\/p>\n<p>Da allora, il nostro team di esperti, con il prezioso feedback della nostra comunit\u00e0 globale di utenti, ha sviluppato vari dispositivi di assistenza come <strong>GlassOuse V1.4, GlassOuse PRO, G-Switches, Giocattoli Adattivi<\/strong> e per permettere a tutti di accedere alla tecnologia in modo pi\u00f9 indipendente.<\/p>\n<p><strong style=\"color: #43b8db;\">#inclusione<\/strong> <strong style=\"color: #43b8db;\">#tecnologia per tutti<\/strong><\/p>\n<p>GlassOuse Assistive Device (Marca) \u00e8 interamente posseduta e gestita da<strong> Ennopro Group Limited<\/strong> (Organizzazione Genitrice)<\/p>\n<\/div><\/div><\/div><\/div><\/div><\/div><script id=\"script-row-unique-1\" data-row=\"script-row-unique-1\" type=\"text\/javascript\" class=\"vc_controls\">UNCODE.initRow(document.getElementById(\"row-unique-1\"));<\/script><\/div><\/div><\/div>\n<\/div>","protected":false},"excerpt":{"rendered":"About GlassOuse Assistive Device Founded in 2016, GlassOuse Assistive Device has been designing and developing technologies to assist people with [...]","protected":false},"author":1,"featured_media":0,"parent":0,"menu_order":6,"comment_status":"closed","ping_status":"closed","template":"","meta":{"_acf_changed":false,"footnotes":""},"class_list":["post-5385","page","type-page","status-publish","hentry"],"acf":[],"yoast_head":"<!-- This site is optimized with the Yoast SEO plugin v27.5 - https:\/\/yoast.com\/product\/yoast-seo-wordpress\/ -->\n<title>About Us - GlassOuse Assistive Device<\/title>\n<meta name=\"description\" content=\"Founded in 2016, GlassOuse Assistive Device has been designing and developing technologies to assist people with physical disabilities and limited mobility to access basic technology like every else.\" \/>\n<meta name=\"robots\" content=\"index, follow, max-snippet:-1, max-image-preview:large, max-video-preview:-1\" \/>\n<link rel=\"canonical\" href=\"https:\/\/glassouse.com\/it\/about-us\/\" \/>\n<meta property=\"og:locale\" content=\"it_IT\" \/>\n<meta property=\"og:type\" content=\"article\" \/>\n<meta property=\"og:title\" content=\"About Us - GlassOuse Assistive Device\" \/>\n<meta property=\"og:description\" content=\"Founded in 2016, GlassOuse Assistive Device has been designing and developing technologies to assist people with physical disabilities and limited mobility to access basic technology like every else.\" \/>\n<meta property=\"og:url\" content=\"https:\/\/glassouse.com\/it\/about-us\/\" \/>\n<meta property=\"og:site_name\" content=\"Glassouse Assistive Device\" \/>\n<meta property=\"article:publisher\" content=\"https:\/\/www.facebook.com\/glassouse\/\" \/>\n<meta name=\"twitter:card\" content=\"summary_large_image\" \/>\n<meta name=\"twitter:site\" content=\"@glassouse\" \/>\n<meta name=\"twitter:label1\" content=\"Tempo di lettura stimato\" \/>\n\t<meta name=\"twitter:data1\" content=\"2 minuti\" \/>\n<script type=\"application\/ld+json\" class=\"yoast-schema-graph\">{\"@context\":\"https:\\\/\\\/schema.org\",\"@graph\":[{\"@type\":\"WebPage\",\"@id\":\"https:\\\/\\\/glassouse.com\\\/about-us\\\/\",\"url\":\"https:\\\/\\\/glassouse.com\\\/about-us\\\/\",\"name\":\"About Us - GlassOuse Assistive Device\",\"isPartOf\":{\"@id\":\"https:\\\/\\\/glassouse.com\\\/#website\"},\"datePublished\":\"2026-04-29T17:46:52+00:00\",\"description\":\"Founded in 2016, GlassOuse Assistive Device has been designing and developing technologies to assist people with physical disabilities and limited mobility to access basic technology like every else.\",\"breadcrumb\":{\"@id\":\"https:\\\/\\\/glassouse.com\\\/about-us\\\/#breadcrumb\"},\"inLanguage\":\"it-IT\",\"potentialAction\":[{\"@type\":\"ReadAction\",\"target\":[\"https:\\\/\\\/glassouse.com\\\/about-us\\\/\"]}]},{\"@type\":\"BreadcrumbList\",\"@id\":\"https:\\\/\\\/glassouse.com\\\/about-us\\\/#breadcrumb\",\"itemListElement\":[{\"@type\":\"ListItem\",\"position\":1,\"name\":\"Home\",\"item\":\"https:\\\/\\\/glassouse.com\\\/\"},{\"@type\":\"ListItem\",\"position\":2,\"name\":\"About Us\"}]},{\"@type\":\"WebSite\",\"@id\":\"https:\\\/\\\/glassouse.com\\\/#website\",\"url\":\"https:\\\/\\\/glassouse.com\\\/\",\"name\":\"Glassouse Assistive Device\",\"description\":\"Assistive Device and Switches for Disabled\",\"publisher\":{\"@id\":\"https:\\\/\\\/glassouse.com\\\/#organization\"},\"potentialAction\":[{\"@type\":\"SearchAction\",\"target\":{\"@type\":\"EntryPoint\",\"urlTemplate\":\"https:\\\/\\\/glassouse.com\\\/?s={search_term_string}\"},\"query-input\":{\"@type\":\"PropertyValueSpecification\",\"valueRequired\":true,\"valueName\":\"search_term_string\"}}],\"inLanguage\":\"it-IT\"},{\"@type\":\"Organization\",\"@id\":\"https:\\\/\\\/glassouse.com\\\/#organization\",\"name\":\"GlassOuse Assistive Device\",\"url\":\"https:\\\/\\\/glassouse.com\\\/\",\"logo\":{\"@type\":\"ImageObject\",\"inLanguage\":\"it-IT\",\"@id\":\"https:\\\/\\\/glassouse.com\\\/#\\\/schema\\\/logo\\\/image\\\/\",\"url\":\"https:\\\/\\\/glassouse.com\\\/wp-content\\\/uploads\\\/2017\\\/11\\\/logo.jpg\",\"contentUrl\":\"https:\\\/\\\/glassouse.com\\\/wp-content\\\/uploads\\\/2017\\\/11\\\/logo.jpg\",\"width\":500,\"height\":500,\"caption\":\"GlassOuse Assistive Device\"},\"image\":{\"@id\":\"https:\\\/\\\/glassouse.com\\\/#\\\/schema\\\/logo\\\/image\\\/\"},\"sameAs\":[\"https:\\\/\\\/www.facebook.com\\\/glassouse\\\/\",\"https:\\\/\\\/x.com\\\/glassouse\",\"https:\\\/\\\/www.instagram.com\\\/glassouseassistivedevice\\\/\",\"https:\\\/\\\/www.linkedin.com\\\/company\\\/glassouse\\\/\",\"https:\\\/\\\/www.youtube.com\\\/channel\\\/UCM5pebcmVXbu00QYd91_Gyw\"]}]}<\/script>\n<!-- \/ Yoast SEO plugin. -->","yoast_head_json":{"title":"About Us - GlassOuse Assistive Device","description":"Founded in 2016, GlassOuse Assistive Device has been designing and developing technologies to assist people with physical disabilities and limited mobility to access basic technology like every else.","robots":{"index":"index","follow":"follow","max-snippet":"max-snippet:-1","max-image-preview":"max-image-preview:large","max-video-preview":"max-video-preview:-1"},"canonical":"https:\/\/glassouse.com\/it\/about-us\/","og_locale":"it_IT","og_type":"article","og_title":"About Us - GlassOuse Assistive Device","og_description":"Founded in 2016, GlassOuse Assistive Device has been designing and developing technologies to assist people with physical disabilities and limited mobility to access basic technology like every else.","og_url":"https:\/\/glassouse.com\/it\/about-us\/","og_site_name":"Glassouse Assistive Device","article_publisher":"https:\/\/www.facebook.com\/glassouse\/","twitter_card":"summary_large_image","twitter_site":"@glassouse","twitter_misc":{"Tempo di lettura stimato":"2 minuti"},"schema":{"@context":"https:\/\/schema.org","@graph":[{"@type":"WebPage","@id":"https:\/\/glassouse.com\/about-us\/","url":"https:\/\/glassouse.com\/about-us\/","name":"About Us - GlassOuse Assistive Device","isPartOf":{"@id":"https:\/\/glassouse.com\/#website"},"datePublished":"2026-04-29T17:46:52+00:00","description":"Founded in 2016, GlassOuse Assistive Device has been designing and developing technologies to assist people with physical disabilities and limited mobility to access basic technology like every else.","breadcrumb":{"@id":"https:\/\/glassouse.com\/about-us\/#breadcrumb"},"inLanguage":"it-IT","potentialAction":[{"@type":"ReadAction","target":["https:\/\/glassouse.com\/about-us\/"]}]},{"@type":"BreadcrumbList","@id":"https:\/\/glassouse.com\/about-us\/#breadcrumb","itemListElement":[{"@type":"ListItem","position":1,"name":"Home","item":"https:\/\/glassouse.com\/"},{"@type":"ListItem","position":2,"name":"About Us"}]},{"@type":"WebSite","@id":"https:\/\/glassouse.com\/#website","url":"https:\/\/glassouse.com\/","name":"Glassouse Ausilio","description":"Assistive Device and Switches for Disabled","publisher":{"@id":"https:\/\/glassouse.com\/#organization"},"potentialAction":[{"@type":"SearchAction","target":{"@type":"EntryPoint","urlTemplate":"https:\/\/glassouse.com\/?s={search_term_string}"},"query-input":{"@type":"PropertyValueSpecification","valueRequired":true,"valueName":"search_term_string"}}],"inLanguage":"it-IT"},{"@type":"Organization","@id":"https:\/\/glassouse.com\/#organization","name":"GlassOuse Dispositivo Assistivo","url":"https:\/\/glassouse.com\/","logo":{"@type":"ImageObject","inLanguage":"it-IT","@id":"https:\/\/glassouse.com\/#\/schema\/logo\/image\/","url":"https:\/\/glassouse.com\/wp-content\/uploads\/2017\/11\/logo.jpg","contentUrl":"https:\/\/glassouse.com\/wp-content\/uploads\/2017\/11\/logo.jpg","width":500,"height":500,"caption":"GlassOuse Assistive Device"},"image":{"@id":"https:\/\/glassouse.com\/#\/schema\/logo\/image\/"},"sameAs":["https:\/\/www.facebook.com\/glassouse\/","https:\/\/x.com\/glassouse","https:\/\/www.instagram.com\/glassouseassistivedevice\/","https:\/\/www.linkedin.com\/company\/glassouse\/","https:\/\/www.youtube.com\/channel\/UCM5pebcmVXbu00QYd91_Gyw"]}]}},"_links":{"self":[{"href":"https:\/\/glassouse.com\/it\/wp-json\/wp\/v2\/pages\/5385","targetHints":{"allow":["GET"]}}],"collection":[{"href":"https:\/\/glassouse.com\/it\/wp-json\/wp\/v2\/pages"}],"about":[{"href":"https:\/\/glassouse.com\/it\/wp-json\/wp\/v2\/types\/page"}],"author":[{"embeddable":true,"href":"https:\/\/glassouse.com\/it\/wp-json\/wp\/v2\/users\/1"}],"replies":[{"embeddable":true,"href":"https:\/\/glassouse.com\/it\/wp-json\/wp\/v2\/comments?post=5385"}],"version-history":[{"count":1,"href":"https:\/\/glassouse.com\/it\/wp-json\/wp\/v2\/pages\/5385\/revisions"}],"predecessor-version":[{"id":43006,"href":"https:\/\/glassouse.com\/it\/wp-json\/wp\/v2\/pages\/5385\/revisions\/43006"}],"wp:attachment":[{"href":"https:\/\/glassouse.com\/it\/wp-json\/wp\/v2\/media?parent=5385"}],"curies":[{"name":"wp","href":"https:\/\/api.w.org\/{rel}","templated":true}]}}