{"id":30617,"date":"2020-09-30T15:34:41","date_gmt":"2020-09-30T07:34:41","guid":{"rendered":"https:\/\/glassouse.com\/product\/glassouse-v1-3\/"},"modified":"2020-09-30T15:34:41","modified_gmt":"2020-09-30T07:34:41","slug":"glassouse-v1-3","status":"publish","type":"product","link":"https:\/\/glassouse.com\/it\/product\/glassouse-v1-3\/","title":{"rendered":"GlassOuse V1.3"},"content":{"rendered":"<p>Premiato dispositivo di assistenza per disabili &#8211; GlassOuse V1.3 pu\u00f2 connettersi senza problemi a computer, telefoni cellulari, tablet e smart TV tramite Bluetooth 4.0 e inferiori ed \u00e8 un dispositivo di assistenza compatibile con Windows, iOS14, iPadOS13, macOS, Linux, Android e Chrome OS. GlassOuse V1.3 \u00e8 dotato di una batteria ad alta densit\u00e0 di piccole dimensioni che consente all&#8217;utente di utilizzare GlassOuse V1.3 per oltre 150 ore di attivit\u00e0 con una sola carica. <\/p>\n<p>Puoi indossare GlassOuse v1.3 con i tuoi occhiali e piegarlo come quelli normali. Grazie alla sua funzione aggiornata di giroscopio a 9 assi, GlassOuse rileva i minimi movimenti della testa per spostare il cursore sullo schermo. Basta collegare GlassOuse al tuo dispositivo, completare il breve processo di calibrazione per ottenere una precisione del 100% e iniziare a utilizzare i tuoi gadget a mani libere.  <\/p>\n<p>GlassOuse pu\u00f2 collegarsi a uno qualsiasi dei nove diversi interruttori della serie G-Switch e a qualsiasi altro interruttore adattivo con jack da 3,5 mm supportato per fare clic.<\/p>\n","protected":false},"excerpt":{"rendered":"<hr>\n<p><strong>La nuova GlassOuse V1.3 \u00e8 una versione aggiornata del suo predecessore V1.2 e ora \u00e8 migliore che mai!<\/strong><\/p>\n<p><strong><span style=\"text-decoration: underline;\">Novit\u00e0<\/span>:<\/strong><\/p>\n<ul>\n<li><strong>Supporto Bluetooth 4.0<\/strong> &#8211;<em> Connettivit\u00e0 pi\u00f9 veloce e migliore con bassa latenza<\/em>.<\/li>\n<li><strong>Durata della batteria migliorata<\/strong> &#8211; <em>durata della batteria 10 volte superiore rispetto alla versione precedente<\/em><\/li>\n<li><strong>Impostazione migliorata della sensibilit\u00e0<\/strong> &#8211;<em> Regola la sensibilit\u00e0 del tuo dispositivo con maggiore precisione<\/em><\/li>\n<li><strong>Materiale pi\u00f9 resistente<\/strong> &#8211; <em>Per una maggiore durata del prodotto<\/em><\/li>\n<\/ul>\n<p><a href=\"https:\/\/glassouse.com\/wp-content\/uploads\/2020\/11\/GLASSOUSE-V1.3_USER-MANUAL.pdf\"><img decoding=\"async\" class=\"alignnone wp-image-2116\" src=\"https:\/\/glassouse.com\/wp-content\/uploads\/2018\/03\/download_user_manual.png\" alt=\"\" width=\"96\" height=\"96\" srcset=\"https:\/\/glassouse.com\/wp-content\/uploads\/2018\/03\/download_user_manual.png 149w, https:\/\/glassouse.com\/wp-content\/uploads\/2018\/03\/download_user_manual-100x100.png 100w, https:\/\/glassouse.com\/wp-content\/uploads\/2018\/03\/download_user_manual-75x75.png 75w\" sizes=\"(max-width: 96px) 100vw, 96px\" \/><\/a>  <a href=\"https:\/\/glassouse.com\/it\/garanzia-di-rimborso\/\"><img decoding=\"async\" class=\"alignnone wp-image-1817\" src=\"https:\/\/glassouse.com\/wp-content\/uploads\/2017\/11\/15_Day_Money_Back_47882ccb-f31c-4b58-ab77-9b78929009ef_grande.png\" alt=\"\" width=\"95\" height=\"95\" srcset=\"https:\/\/glassouse.com\/wp-content\/uploads\/2017\/11\/15_Day_Money_Back_47882ccb-f31c-4b58-ab77-9b78929009ef_grande.png 150w, https:\/\/glassouse.com\/wp-content\/uploads\/2017\/11\/15_Day_Money_Back_47882ccb-f31c-4b58-ab77-9b78929009ef_grande-100x100.png 100w, https:\/\/glassouse.com\/wp-content\/uploads\/2017\/11\/15_Day_Money_Back_47882ccb-f31c-4b58-ab77-9b78929009ef_grande-75x75.png 75w\" sizes=\"(max-width: 95px) 100vw, 95px\" \/><\/a>  <img decoding=\"async\" class=\"alignnone wp-image-3424\" src=\"https:\/\/glassouse.com\/wp-content\/uploads\/2020\/08\/A4.png\" alt=\"Garanzia GlassOuse\" width=\"95\" height=\"95\" srcset=\"https:\/\/glassouse.com\/wp-content\/uploads\/2020\/08\/A4.png 345w, https:\/\/glassouse.com\/wp-content\/uploads\/2020\/08\/A4-300x299.png 300w, https:\/\/glassouse.com\/wp-content\/uploads\/2020\/08\/A4-100x100.png 100w, https:\/\/glassouse.com\/wp-content\/uploads\/2020\/08\/A4-150x150.png 150w\" sizes=\"(max-width: 95px) 100vw, 95px\" \/><\/p>\n<p>GlassOuse V1.3 \u00e8 stato progettato per essere pi\u00f9 flessibile e funzionale e per soddisfare le esigenze di coloro che hanno limitate capacit\u00e0 di movimento durante la connessione alla tecnologia. GlassOuse V1.3 pu\u00f2 collegarsi senza problemi a computer, telefoni cellulari, tablet e smart TV tramite Bluetooth 4.0 e versioni successive ed \u00e8 un dispositivo di assistenza compatibile con Windows, iOS14, iPadOS13, macOS, Linux, Android e Chrome OS. GlassOuse pu\u00f2 essere abbinato alle nuove opzioni della serie G-Switch a seconda delle esigenze, oppure direttamente al software Dwell.  <\/p>\n<p>GlassOuse V1.3 \u00e8 dotato di una batteria ad alta densit\u00e0 di dimensioni ridotte che consente all&#8217;utente di utilizzare GlassOuse V1.3 per oltre 150 ore di attivit\u00e0 con una sola carica.<\/p>\n<p>Puoi indossare GlassOuse v1.3 con i tuoi occhiali e piegarlo come quelli normali. Grazie alla sua funzione aggiornata di giroscopio a 9 assi, GlassOuse rileva i minimi movimenti della testa per spostare il cursore sullo schermo. Basta collegare GlassOuse al tuo dispositivo, completare il breve processo di calibrazione per ottenere una precisione del 100% e iniziare a utilizzare i tuoi gadget a mani libere.  <\/p>\n<p><strong>All&#8217;interno della confezione<\/strong>:<br \/>\n1x GlassOuse V1.3;<br \/>\n1x Cavo di ricarica;<br \/>\n2x Supporto per orecchio<br \/>\n1x Manuale d&#8217;uso<\/p>\n","protected":false},"featured_media":30620,"template":"","meta":{"_acf_changed":false},"product_brand":[],"product_cat":[287],"product_tag":[],"class_list":{"0":"post-30617","1":"product","2":"type-product","3":"status-publish","4":"has-post-thumbnail","6":"product_cat-pacchetto-glassouse","8":"first","9":"outofstock","10":"downloadable","11":"shipping-taxable","12":"purchasable","13":"product-type-simple"},"acf":[],"yoast_head":"<!-- This site is optimized with the Yoast SEO plugin v27.4 - https:\/\/yoast.com\/product\/yoast-seo-wordpress\/ -->\n<title>GlassOuse V1.3 - Dispositivo di assistenza per disabili. Dispositivo di controllo a mani libere<\/title>\n<meta name=\"description\" content=\"Il pluripremiato dispositivo di assistenza GlassOuse: un headmouse wireless per disabili che consente di controllare la tecnologia a mani libere. Spedizione internazionale.\" \/>\n<meta name=\"robots\" content=\"index, follow, max-snippet:-1, max-image-preview:large, max-video-preview:-1\" \/>\n<link rel=\"canonical\" href=\"https:\/\/glassouse.com\/it\/product\/glassouse-v1-3\/\" \/>\n<meta property=\"og:locale\" content=\"it_IT\" \/>\n<meta property=\"og:type\" content=\"article\" \/>\n<meta property=\"og:title\" content=\"GlassOuse V1.3 - Dispositivo di assistenza per disabili. Dispositivo di controllo a mani libere\" \/>\n<meta property=\"og:description\" content=\"Il pluripremiato dispositivo di assistenza GlassOuse: un headmouse wireless per disabili che consente di controllare la tecnologia a mani libere. Spedizione internazionale.\" \/>\n<meta property=\"og:url\" content=\"https:\/\/glassouse.com\/it\/product\/glassouse-v1-3\/\" \/>\n<meta property=\"og:site_name\" content=\"Glassouse Assistive Device\" \/>\n<meta property=\"article:publisher\" content=\"https:\/\/www.facebook.com\/glassouse\/\" \/>\n<meta property=\"og:image\" content=\"https:\/\/glassouse.com\/wp-content\/uploads\/2020\/09\/002.jpg\" \/>\n\t<meta property=\"og:image:width\" content=\"1000\" \/>\n\t<meta property=\"og:image:height\" content=\"1000\" \/>\n\t<meta property=\"og:image:type\" content=\"image\/jpeg\" \/>\n<meta name=\"twitter:card\" content=\"summary_large_image\" \/>\n<meta name=\"twitter:site\" content=\"@glassouse\" \/>\n<meta name=\"twitter:label1\" content=\"Tempo di lettura stimato\" \/>\n\t<meta name=\"twitter:data1\" content=\"1 minuto\" \/>\n<script type=\"application\/ld+json\" class=\"yoast-schema-graph\">{\"@context\":\"https:\\\/\\\/schema.org\",\"@graph\":[{\"@type\":\"WebPage\",\"@id\":\"https:\\\/\\\/glassouse.com\\\/it\\\/product\\\/glassouse-v1-3\\\/\",\"url\":\"https:\\\/\\\/glassouse.com\\\/it\\\/product\\\/glassouse-v1-3\\\/\",\"name\":\"GlassOuse V1.3 - Dispositivo di assistenza per disabili. Dispositivo di controllo a mani libere\",\"isPartOf\":{\"@id\":\"https:\\\/\\\/glassouse.com\\\/it\\\/#website\"},\"primaryImageOfPage\":{\"@id\":\"https:\\\/\\\/glassouse.com\\\/it\\\/product\\\/glassouse-v1-3\\\/#primaryimage\"},\"image\":{\"@id\":\"https:\\\/\\\/glassouse.com\\\/it\\\/product\\\/glassouse-v1-3\\\/#primaryimage\"},\"thumbnailUrl\":\"https:\\\/\\\/glassouse.com\\\/wp-content\\\/uploads\\\/2020\\\/09\\\/002.jpg\",\"datePublished\":\"2020-09-30T07:34:41+00:00\",\"description\":\"Il pluripremiato dispositivo di assistenza GlassOuse: un headmouse wireless per disabili che consente di controllare la tecnologia a mani libere. Spedizione internazionale.\",\"breadcrumb\":{\"@id\":\"https:\\\/\\\/glassouse.com\\\/it\\\/product\\\/glassouse-v1-3\\\/#breadcrumb\"},\"inLanguage\":\"it-IT\",\"potentialAction\":[{\"@type\":\"ReadAction\",\"target\":[\"https:\\\/\\\/glassouse.com\\\/it\\\/product\\\/glassouse-v1-3\\\/\"]}]},{\"@type\":\"ImageObject\",\"inLanguage\":\"it-IT\",\"@id\":\"https:\\\/\\\/glassouse.com\\\/it\\\/product\\\/glassouse-v1-3\\\/#primaryimage\",\"url\":\"https:\\\/\\\/glassouse.com\\\/wp-content\\\/uploads\\\/2020\\\/09\\\/002.jpg\",\"contentUrl\":\"https:\\\/\\\/glassouse.com\\\/wp-content\\\/uploads\\\/2020\\\/09\\\/002.jpg\",\"width\":1000,\"height\":1000,\"caption\":\"Dispositivo di assistenza per disabili GlassOuse\"},{\"@type\":\"BreadcrumbList\",\"@id\":\"https:\\\/\\\/glassouse.com\\\/it\\\/product\\\/glassouse-v1-3\\\/#breadcrumb\",\"itemListElement\":[{\"@type\":\"ListItem\",\"position\":1,\"name\":\"Home\",\"item\":\"https:\\\/\\\/glassouse.com\\\/it\\\/casa\\\/\"},{\"@type\":\"ListItem\",\"position\":2,\"name\":\"Negozio\",\"item\":\"https:\\\/\\\/glassouse.com\\\/it\\\/negozio\\\/\"},{\"@type\":\"ListItem\",\"position\":3,\"name\":\"Private: GlassOuse V1.3\"}]},{\"@type\":\"WebSite\",\"@id\":\"https:\\\/\\\/glassouse.com\\\/it\\\/#website\",\"url\":\"https:\\\/\\\/glassouse.com\\\/it\\\/\",\"name\":\"Glassouse Assistive Device\",\"description\":\"Assistive Device and Switches for Disabled\",\"publisher\":{\"@id\":\"https:\\\/\\\/glassouse.com\\\/it\\\/#organization\"},\"potentialAction\":[{\"@type\":\"SearchAction\",\"target\":{\"@type\":\"EntryPoint\",\"urlTemplate\":\"https:\\\/\\\/glassouse.com\\\/it\\\/?s={search_term_string}\"},\"query-input\":{\"@type\":\"PropertyValueSpecification\",\"valueRequired\":true,\"valueName\":\"search_term_string\"}}],\"inLanguage\":\"it-IT\"},{\"@type\":\"Organization\",\"@id\":\"https:\\\/\\\/glassouse.com\\\/it\\\/#organization\",\"name\":\"GlassOuse Assistive Device\",\"url\":\"https:\\\/\\\/glassouse.com\\\/it\\\/\",\"logo\":{\"@type\":\"ImageObject\",\"inLanguage\":\"it-IT\",\"@id\":\"https:\\\/\\\/glassouse.com\\\/it\\\/#\\\/schema\\\/logo\\\/image\\\/\",\"url\":\"https:\\\/\\\/glassouse.com\\\/wp-content\\\/uploads\\\/2017\\\/11\\\/logo.jpg\",\"contentUrl\":\"https:\\\/\\\/glassouse.com\\\/wp-content\\\/uploads\\\/2017\\\/11\\\/logo.jpg\",\"width\":500,\"height\":500,\"caption\":\"GlassOuse Assistive Device\"},\"image\":{\"@id\":\"https:\\\/\\\/glassouse.com\\\/it\\\/#\\\/schema\\\/logo\\\/image\\\/\"},\"sameAs\":[\"https:\\\/\\\/www.facebook.com\\\/glassouse\\\/\",\"https:\\\/\\\/x.com\\\/glassouse\",\"https:\\\/\\\/www.instagram.com\\\/glassouseassistivedevice\\\/\",\"https:\\\/\\\/www.linkedin.com\\\/company\\\/glassouse\\\/\",\"https:\\\/\\\/www.youtube.com\\\/channel\\\/UCM5pebcmVXbu00QYd91_Gyw\"]}]}<\/script>\n<!-- \/ Yoast SEO plugin. -->","yoast_head_json":{"title":"GlassOuse V1.3 - Dispositivo di assistenza per disabili. Dispositivo di controllo a mani libere","description":"Il pluripremiato dispositivo di assistenza GlassOuse: un headmouse wireless per disabili che consente di controllare la tecnologia a mani libere. Spedizione internazionale.","robots":{"index":"index","follow":"follow","max-snippet":"max-snippet:-1","max-image-preview":"max-image-preview:large","max-video-preview":"max-video-preview:-1"},"canonical":"https:\/\/glassouse.com\/it\/product\/glassouse-v1-3\/","og_locale":"it_IT","og_type":"article","og_title":"GlassOuse V1.3 - Dispositivo di assistenza per disabili. Dispositivo di controllo a mani libere","og_description":"Il pluripremiato dispositivo di assistenza GlassOuse: un headmouse wireless per disabili che consente di controllare la tecnologia a mani libere. Spedizione internazionale.","og_url":"https:\/\/glassouse.com\/it\/product\/glassouse-v1-3\/","og_site_name":"Glassouse Assistive Device","article_publisher":"https:\/\/www.facebook.com\/glassouse\/","og_image":[{"width":1000,"height":1000,"url":"https:\/\/glassouse.com\/wp-content\/uploads\/2020\/09\/002.jpg","type":"image\/jpeg"}],"twitter_card":"summary_large_image","twitter_site":"@glassouse","twitter_misc":{"Tempo di lettura stimato":"1 minuto"},"schema":{"@context":"https:\/\/schema.org","@graph":[{"@type":"WebPage","@id":"https:\/\/glassouse.com\/it\/product\/glassouse-v1-3\/","url":"https:\/\/glassouse.com\/it\/product\/glassouse-v1-3\/","name":"GlassOuse V1.3 - Dispositivo di assistenza per disabili. Dispositivo di controllo a mani libere","isPartOf":{"@id":"https:\/\/glassouse.com\/it\/#website"},"primaryImageOfPage":{"@id":"https:\/\/glassouse.com\/it\/product\/glassouse-v1-3\/#primaryimage"},"image":{"@id":"https:\/\/glassouse.com\/it\/product\/glassouse-v1-3\/#primaryimage"},"thumbnailUrl":"https:\/\/glassouse.com\/wp-content\/uploads\/2020\/09\/002.jpg","datePublished":"2020-09-30T07:34:41+00:00","description":"Il pluripremiato dispositivo di assistenza GlassOuse: un headmouse wireless per disabili che consente di controllare la tecnologia a mani libere. Spedizione internazionale.","breadcrumb":{"@id":"https:\/\/glassouse.com\/it\/product\/glassouse-v1-3\/#breadcrumb"},"inLanguage":"it-IT","potentialAction":[{"@type":"ReadAction","target":["https:\/\/glassouse.com\/it\/product\/glassouse-v1-3\/"]}]},{"@type":"ImageObject","inLanguage":"it-IT","@id":"https:\/\/glassouse.com\/it\/product\/glassouse-v1-3\/#primaryimage","url":"https:\/\/glassouse.com\/wp-content\/uploads\/2020\/09\/002.jpg","contentUrl":"https:\/\/glassouse.com\/wp-content\/uploads\/2020\/09\/002.jpg","width":1000,"height":1000,"caption":"Dispositivo di assistenza per disabili GlassOuse"},{"@type":"BreadcrumbList","@id":"https:\/\/glassouse.com\/it\/product\/glassouse-v1-3\/#breadcrumb","itemListElement":[{"@type":"ListItem","position":1,"name":"Home","item":"https:\/\/glassouse.com\/it\/casa\/"},{"@type":"ListItem","position":2,"name":"Negozio","item":"https:\/\/glassouse.com\/it\/negozio\/"},{"@type":"ListItem","position":3,"name":"Private: GlassOuse V1.3"}]},{"@type":"WebSite","@id":"https:\/\/glassouse.com\/it\/#website","url":"https:\/\/glassouse.com\/it\/","name":"Glassouse Assistive Device","description":"Assistive Device and Switches for Disabled","publisher":{"@id":"https:\/\/glassouse.com\/it\/#organization"},"potentialAction":[{"@type":"SearchAction","target":{"@type":"EntryPoint","urlTemplate":"https:\/\/glassouse.com\/it\/?s={search_term_string}"},"query-input":{"@type":"PropertyValueSpecification","valueRequired":true,"valueName":"search_term_string"}}],"inLanguage":"it-IT"},{"@type":"Organization","@id":"https:\/\/glassouse.com\/it\/#organization","name":"GlassOuse Assistive Device","url":"https:\/\/glassouse.com\/it\/","logo":{"@type":"ImageObject","inLanguage":"it-IT","@id":"https:\/\/glassouse.com\/it\/#\/schema\/logo\/image\/","url":"https:\/\/glassouse.com\/wp-content\/uploads\/2017\/11\/logo.jpg","contentUrl":"https:\/\/glassouse.com\/wp-content\/uploads\/2017\/11\/logo.jpg","width":500,"height":500,"caption":"GlassOuse Assistive Device"},"image":{"@id":"https:\/\/glassouse.com\/it\/#\/schema\/logo\/image\/"},"sameAs":["https:\/\/www.facebook.com\/glassouse\/","https:\/\/x.com\/glassouse","https:\/\/www.instagram.com\/glassouseassistivedevice\/","https:\/\/www.linkedin.com\/company\/glassouse\/","https:\/\/www.youtube.com\/channel\/UCM5pebcmVXbu00QYd91_Gyw"]}]}},"_links":{"self":[{"href":"https:\/\/glassouse.com\/it\/wp-json\/wp\/v2\/product\/30617","targetHints":{"allow":["GET"]}}],"collection":[{"href":"https:\/\/glassouse.com\/it\/wp-json\/wp\/v2\/product"}],"about":[{"href":"https:\/\/glassouse.com\/it\/wp-json\/wp\/v2\/types\/product"}],"wp:featuredmedia":[{"embeddable":true,"href":"https:\/\/glassouse.com\/it\/wp-json\/wp\/v2\/media\/30620"}],"wp:attachment":[{"href":"https:\/\/glassouse.com\/it\/wp-json\/wp\/v2\/media?parent=30617"}],"wp:term":[{"taxonomy":"product_brand","embeddable":true,"href":"https:\/\/glassouse.com\/it\/wp-json\/wp\/v2\/product_brand?post=30617"},{"taxonomy":"product_cat","embeddable":true,"href":"https:\/\/glassouse.com\/it\/wp-json\/wp\/v2\/product_cat?post=30617"},{"taxonomy":"product_tag","embeddable":true,"href":"https:\/\/glassouse.com\/it\/wp-json\/wp\/v2\/product_tag?post=30617"}],"curies":[{"name":"wp","href":"https:\/\/api.w.org\/{rel}","templated":true}]}}